{"id":1570,"date":"2023-10-07T02:18:33","date_gmt":"2023-10-07T02:18:33","guid":{"rendered":"https:\/\/hydraulic-cylinders.net\/?post_type=product&#038;p=1570"},"modified":"2025-03-28T06:38:01","modified_gmt":"2025-03-28T06:38:01","slug":"crane-cylinder-for-mobile-crane-outrigger-expansion","status":"publish","type":"product","link":"https:\/\/www.hydraulic-cylinders.net\/cs\/produkt\/crane-cylinder-for-mobile-crane-outrigger-expansion\/","title":{"rendered":"Je\u0159\u00e1bov\u00fd v\u00e1lec pro roz\u0161\u00ed\u0159en\u00ed v\u00fdlo\u017en\u00edku mobiln\u00edho je\u0159\u00e1bu"},"content":{"rendered":"<h1 style=\"text-align: center;\"><strong> Je\u0159\u00e1bov\u00fd v\u00e1lec pro roz\u0161\u00ed\u0159en\u00ed v\u00fdlo\u017en\u00edku mobiln\u00edho je\u0159\u00e1bu<\/strong><\/h1>\n<p><img loading=\"lazy\" decoding=\"async\" class=\"aligncenter wp-image-1571\" src=\"https:\/\/hydraulic-cylinders.net\/wp-content\/uploads\/2023\/10\/outrigger-expansion-cylinder-1-300x300.webp\" alt=\"Je\u0159\u00e1bov\u00fd v\u00e1lec pro roz\u0161\u00ed\u0159en\u00ed v\u00fdlo\u017en\u00edku mobiln\u00edho je\u0159\u00e1bu-1\" width=\"400\" height=\"400\" \/><\/p>\n<p>Ten\/Ta\/To <strong>je\u0159\u00e1bov\u00fd v\u00e1lec pro roz\u0161\u00ed\u0159en\u00ed v\u00fdlo\u017en\u00edku mobiln\u00edho je\u0159\u00e1bu<\/strong> je kl\u00ed\u010dovou sou\u010d\u00e1st\u00ed, kter\u00e1 zvy\u0161uje stabilitu a dosah mobiln\u00edch je\u0159\u00e1b\u016f b\u011bhem zdvihac\u00edch operac\u00ed. Tento hydraulick\u00fd v\u00e1lec, navr\u017een\u00fd pro vysouv\u00e1n\u00ed a zasouv\u00e1n\u00ed v\u00fdlo\u017en\u00edk\u016f, hraje z\u00e1sadn\u00ed roli p\u0159i poskytov\u00e1n\u00ed pevn\u00e9ho z\u00e1kladu a zvy\u0161ov\u00e1n\u00ed provozn\u00edch schopnost\u00ed.<\/p>\n<p>Tento nepostradateln\u00fd je\u0159\u00e1bov\u00fd v\u00e1lec v\u00fdrazn\u011b zlep\u0161uje stabilitu, nosnost a dosah mobiln\u00edch je\u0159\u00e1b\u016f b\u011bhem zdvihac\u00edch \u00fakon\u016f. Jeho robustn\u00ed konstrukce a p\u0159esn\u00e9 hydraulick\u00e9 ovl\u00e1d\u00e1n\u00ed zaji\u0161\u0165uj\u00ed bezpe\u010dn\u00e9 a efektivn\u00ed zved\u00e1n\u00ed v r\u016fzn\u00fdch stavebn\u00edch a pr\u016fmyslov\u00fdch prost\u0159ed\u00edch. Dodr\u017eov\u00e1n\u00edm spr\u00e1vn\u00fdch metod pou\u017e\u00edv\u00e1n\u00ed a doporu\u010den\u00fdch postup\u016f \u00fadr\u017eby mohou obsluha maximalizovat \u017eivotnost a spolehlivost je\u0159\u00e1bov\u00e9ho v\u00e1lce pro vysunut\u00ed v\u00fdlo\u017en\u00edk\u016f mobiln\u00edho je\u0159\u00e1bu, a t\u00edm zajistit \u00fasp\u011b\u0161n\u00e9 zdvihac\u00ed operace. Zvolte si tento nezbytn\u00fd hydraulick\u00fd komponent pro zv\u00fd\u0161en\u00ed stability, dosahu a produktivity va\u0161eho mobiln\u00edho je\u0159\u00e1bov\u00e9ho syst\u00e9mu.<\/p>\n<p><strong>Kl\u00ed\u010dov\u00e9 vlastnosti je\u0159\u00e1bov\u00e9ho v\u00e1lce pro roz\u0161\u00ed\u0159en\u00ed v\u00fdlo\u017en\u00edk\u016f mobiln\u00edho je\u0159\u00e1bu:<\/strong><\/p>\n<p><strong>Robustn\u00ed konstrukce a odolnost:<\/strong> Je\u0159\u00e1bov\u00fd v\u00e1lec pro vysunut\u00ed v\u00fdlo\u017en\u00edk\u016f mobiln\u00edho je\u0159\u00e1bu je vyroben z vysoce kvalitn\u00edch materi\u00e1l\u016f, co\u017e zaru\u010duje v\u00fdjime\u010dnou pevnost a dlouhou \u017eivotnost. Je navr\u017een tak, aby odolal vysok\u00fdm z\u00e1t\u011b\u017e\u00edm, n\u00e1raz\u016fm a n\u00e1ro\u010dn\u00fdm podm\u00ednk\u00e1m prost\u0159ed\u00ed a poskytoval spolehliv\u00fd v\u00fdkon v n\u00e1ro\u010dn\u00fdch pracovn\u00edch prost\u0159ed\u00edch.<\/p>\n<p><strong>Hydraulick\u00e9 ovl\u00e1d\u00e1n\u00ed a p\u0159esnost:<\/strong> Tento v\u00e1lec vyu\u017e\u00edv\u00e1 hydraulickou s\u00edlu k vysouv\u00e1n\u00ed a zasouv\u00e1n\u00ed v\u00fdlo\u017en\u00edk\u016f. Hydraulick\u00fd \u0159\u00eddic\u00ed syst\u00e9m umo\u017e\u0148uje p\u0159esn\u00e9 nastaven\u00ed, kter\u00e9 obsluze umo\u017e\u0148uje p\u0159esn\u011b dos\u00e1hnout po\u017eadovan\u00e9 d\u00e9lky vysunut\u00ed v\u00fdlo\u017en\u00edk\u016f.<\/p>\n<p><strong>Zv\u00fd\u0161en\u00e1 stabilita a nosnost:<\/strong> Je\u0159\u00e1bov\u00fd v\u00e1lec pro vysunut\u00ed v\u00fdlo\u017en\u00edk\u016f mobiln\u00edho je\u0159\u00e1bu v\u00fdrazn\u011b zlep\u0161uje stabilitu je\u0159\u00e1bu prodlou\u017een\u00edm nosn\u00edk\u016f v\u00fdlo\u017en\u00edk\u016f. Efektivn\u011b rozkl\u00e1d\u00e1 zat\u00ed\u017een\u00ed na \u0161ir\u0161\u00ed plochu, minimalizuje riziko p\u0159evr\u00e1cen\u00ed a zaji\u0161\u0165uje bezpe\u010dn\u00e9 zdvihac\u00ed operace i s t\u011b\u017ek\u00fdmi b\u0159emeny.<\/p>\n<p><strong>Zv\u00fd\u0161en\u00fd dosah a flexibilita:<\/strong> D\u00edky mo\u017enosti rozta\u017een\u00ed v\u00fdlo\u017en\u00edk\u016f tohoto v\u00e1lce mohou mobiln\u00ed je\u0159\u00e1by dos\u00e1hnout v\u011bt\u0161\u00edch v\u00fd\u0161ek a roz\u0161\u00ed\u0159it sv\u016fj pracovn\u00ed dosah. Tato vlastnost je obzvl\u00e1\u0161t\u011b v\u00fdhodn\u00e1 p\u0159i pr\u00e1ci v t\u011bsn\u00fdch prostorech nebo tam, kde je pot\u0159eba v\u011bt\u0161\u00ed horizont\u00e1ln\u00ed dosah.<\/p>\n<h1><strong>Je\u0159\u00e1bov\u00fd v\u00e1lec pro roz\u0161\u00ed\u0159en\u00ed v\u00fdlo\u017en\u00edku mobiln\u00edho je\u0159\u00e1bu <\/strong><strong style=\"font-size: 26px;\">Parametr:<\/strong><\/h1>\n<table border=\"1\" cellspacing=\"0\" cellpadding=\"0\">\n<tbody>\n<tr>\n<td>N\u00e1zev produktu<\/td>\n<td>Expanzn\u00ed v\u00e1lec v\u00fdlo\u017en\u00edku mobiln\u00edho je\u0159\u00e1bu<\/td>\n<\/tr>\n<tr>\n<td>Vlastnosti:<\/td>\n<td>Vysu\u0148te v\u00e1lec v\u00fdlo\u017en\u00edku vodorovn\u011b<\/td>\n<\/tr>\n<tr>\n<td>Pr\u016fm\u011br otvoru:<\/td>\n<td>50 mm\uff5e75 mm<\/td>\n<\/tr>\n<tr>\n<td>Pr\u016fm\u011br ty\u010de:<\/td>\n<td>25 mm\uff5e55 mm<br \/>\nZdvih \u2264 2500 mm<\/td>\n<\/tr>\n<tr>\n<td>Tlak:<\/td>\n<td>Maxim\u00e1ln\u011b 35 MPa<\/td>\n<\/tr>\n<tr>\n<td>Pou\u017eit\u00ed teleskopick\u00e9ho v\u00e1lce:<\/td>\n<td>Mobiln\u00ed je\u0159\u00e1b<\/td>\n<\/tr>\n<\/tbody>\n<\/table>\n<h1><strong>Je\u0159\u00e1bov\u00fd v\u00e1lec pro mobiln\u00ed je\u0159\u00e1by, roz\u0161\u00ed\u0159en\u00ed v\u00fdlo\u017en\u00edku <\/strong><strong style=\"font-size: 26px;\">Identifika\u010dn\u00ed diagram:<\/strong><\/h1>\n<p><img loading=\"lazy\" decoding=\"async\" class=\"alignnone wp-image-1551 size-full\" src=\"https:\/\/www.hydraulic-cylinders.net\/wp-content\/uploads\/2023\/09\/mobile-crane-cylinder-construction-1.webp\" alt=\"Je\u0159\u00e1bov\u00fd v\u00e1lec pro roz\u0161\u00ed\u0159en\u00ed v\u00fdlo\u017en\u00edku mobiln\u00edho je\u0159\u00e1bu-2\" width=\"1418\" height=\"946\" srcset=\"https:\/\/www.hydraulic-cylinders.net\/wp-content\/uploads\/2023\/09\/mobile-crane-cylinder-construction-1.webp 1418w, https:\/\/www.hydraulic-cylinders.net\/wp-content\/uploads\/2023\/09\/mobile-crane-cylinder-construction-1-1280x854.webp 1280w, https:\/\/www.hydraulic-cylinders.net\/wp-content\/uploads\/2023\/09\/mobile-crane-cylinder-construction-1-980x654.webp 980w, https:\/\/www.hydraulic-cylinders.net\/wp-content\/uploads\/2023\/09\/mobile-crane-cylinder-construction-1-480x320.webp 480w\" sizes=\"(min-width: 0px) and (max-width: 480px) 480px, (min-width: 481px) and (max-width: 980px) 980px, (min-width: 981px) and (max-width: 1280px) 1280px, (min-width: 1281px) 1418px, 100vw\" \/><\/p>\n<h2><strong>Zp\u016fsob pou\u017eit\u00ed <\/strong><strong>Je\u0159\u00e1bov\u00fd v\u00e1lec pro mobiln\u00ed je\u0159\u00e1by, roz\u0161\u00ed\u0159en\u00ed v\u00fdlo\u017en\u00edku<\/strong><strong>:<\/strong><\/h2>\n<ol>\n<li><strong>Seznamte se s ovl\u00e1dac\u00edmi prvky a bezpe\u010dnostn\u00edmi pokyny:<\/strong><\/li>\n<\/ol>\n<ul>\n<li>P\u0159ed obsluhou expanzn\u00edho v\u00e1lce v\u00fdlo\u017en\u00edku mobiln\u00edho je\u0159\u00e1bu se obsluha mus\u00ed sezn\u00e1mit s ovl\u00e1dac\u00edmi prvky a bezpe\u010dnostn\u00edmi pokyny specifick\u00fdmi pro dan\u00fd model je\u0159\u00e1bu.<\/li>\n<li>Zajist\u011bte dodr\u017eov\u00e1n\u00ed v\u0161ech bezpe\u010dnostn\u00edch postup\u016f, v\u010detn\u011b spr\u00e1vn\u00e9ho vysunut\u00ed a zasunut\u00ed v\u00fdsuvn\u00fdch op\u011br, aby se p\u0159ede\u0161lo nehod\u00e1m.<\/li>\n<\/ul>\n<ol start=\"2\">\n<li><strong>Vysu\u0148te v\u00fdsuvn\u00e9 op\u011bry:<\/strong><\/li>\n<\/ol>\n<ul>\n<li>Aktivujte hydraulick\u00e9 ovl\u00e1dac\u00ed prvky pro vysunut\u00ed v\u00fdlo\u017en\u00edk\u016f.<\/li>\n<li>Postupn\u011b vysouvejte v\u00fdsuvn\u00e9 podp\u011bry na po\u017eadovanou d\u00e9lku a z\u00e1rove\u0148 sledujte proces vysouv\u00e1n\u00ed.<\/li>\n<\/ul>\n<ol start=\"3\">\n<li><strong>Stabilizace je\u0159\u00e1bu:<\/strong><\/li>\n<\/ol>\n<ul>\n<li>Jakmile jsou v\u00fdsuvn\u00e9 op\u011bry zcela vysunuty, stabilizujte je\u0159\u00e1b nastaven\u00edm patek v\u00fdsuvn\u00fdch op\u011br tak, aby byl zaji\u0161t\u011bn rovn\u00fd a pevn\u00fd z\u00e1klad.<\/li>\n<li>Ujist\u011bte se, \u017ee jsou v\u00fdlo\u017en\u00edky um\u00edst\u011bny na stabiln\u00edm podkladu nebo vhodn\u00e9m podp\u011brn\u00e9m povrchu.<\/li>\n<\/ul>\n<ol start=\"4\">\n<li><strong>Zat\u00e1hn\u011bte v\u00fdsuvn\u00e9 op\u011bry:<\/strong><\/li>\n<\/ol>\n<ul>\n<li>Po dokon\u010den\u00ed zved\u00e1n\u00ed zasu\u0148te v\u00fdlo\u017en\u00edky pomoc\u00ed hydraulick\u00fdch ovl\u00e1dac\u00edch prvk\u016f.<\/li>\n<li>Postupn\u011b zasouvejte v\u00fdsuvn\u00e9 op\u011bry, abyste zajistili plynul\u00fd a kontrolovan\u00fd proces.<\/li>\n<\/ul>\n<h2><strong>Jak odstranit vzduch z hydraulick\u00e9ho syst\u00e9mu traktoru?<\/strong><\/h2>\n<p>Chcete-li odstranit vzduch z hydraulick\u00e9ho syst\u00e9mu traktoru, postupujte takto:<\/p>\n<ol>\n<li><strong>Identifikujte p\u0159\u00edznaky zasa\u017een\u00e9 vzduchem:<\/strong>\n<ul>\n<li>Pokud m\u00e1te podez\u0159en\u00ed na vzduch v hydraulick\u00e9m syst\u00e9mu, hledejte b\u011b\u017en\u00e9 p\u0159\u00edznaky, jako je nepravideln\u00fd nebo nekonzistentn\u00ed provoz hydraulick\u00fdch sou\u010d\u00e1st\u00ed, sn\u00ed\u017een\u00e1 nosnost nebo neobvykl\u00e9 zvuky.<\/li>\n<li>Potvrzen\u00ed p\u0159\u00edtomnosti vzduchu v\u00e1m pom\u016f\u017ee ur\u010dit vhodn\u00e9 kroky.<\/li>\n<\/ul>\n<\/li>\n<li><strong>Zkontrolujte hladinu kapaliny:<\/strong>\n<ul>\n<li>Ujist\u011bte se, \u017ee hladina hydraulick\u00e9 kapaliny v n\u00e1dr\u017ece je na doporu\u010den\u00e9 \u00farovni.<\/li>\n<li>Pokud je hladina n\u00edzk\u00e1, m\u016f\u017ee se do syst\u00e9mu dostat vzduch. Dopl\u0148te vhodnou hydraulickou kapalinu, abyste dos\u00e1hli doporu\u010den\u00e9 hladiny.<\/li>\n<\/ul>\n<\/li>\n<li><strong>Odvzdu\u0161n\u011bn\u00ed syst\u00e9mu:<\/strong>\n<ul>\n<li>Vyhledejte odvzdu\u0161\u0148ovac\u00ed ventily nebo z\u00e1tky v hydraulick\u00e9m syst\u00e9mu.<\/li>\n<li>Za\u010dn\u011bte s komponentou nejd\u00e1le od hydraulick\u00e9ho \u010derpadla a postupujte bl\u00ed\u017ee k n\u00ed.<\/li>\n<li>Pomalu otev\u0159ete odvzdu\u0161\u0148ovac\u00ed ventil nebo z\u00e1tku, abyste uvolnili ve\u0161ker\u00fd zachycen\u00fd vzduch.<\/li>\n<li>Nechte vzduch unikat, dokud neza\u010dne vyt\u00e9kat st\u00e1l\u00fd proud hydraulick\u00e9 kapaliny, co\u017e zna\u010d\u00ed, \u017ee byl vzduch vypu\u0161t\u011bn.<\/li>\n<li>Pevn\u011b \u200b\u200buzav\u0159ete odvzdu\u0161\u0148ovac\u00ed ventil nebo z\u00e1tku.<\/li>\n<\/ul>\n<\/li>\n<li><strong>Odvzdu\u0161n\u011bn\u00ed hydraulick\u00e9ho \u010derpadla:<\/strong>\n<ul>\n<li>Pokud m\u00e1 hydraulick\u00e9 \u010derpadlo odvzdu\u0161\u0148ovac\u00ed ventil, najd\u011bte jej a pomalu jej otev\u0159ete.<\/li>\n<li>Hydraulick\u00fd syst\u00e9m ovl\u00e1dejte aktivac\u00ed hydraulick\u00e9ho zdvihu nebo pohybem hydraulick\u00fdch ovl\u00e1dac\u00edch prvk\u016f, abyste zajistili cirkulaci kapaliny a vytla\u010dili zachycen\u00fd vzduch ven otev\u0159en\u00fdm odvzdu\u0161\u0148ovac\u00edm ventilem.<\/li>\n<li>Jakmile je hydraulick\u00fd syst\u00e9m bez vzduchu a hydraulick\u00e9 komponenty funguj\u00ed hladce, uzav\u0159ete odvzdu\u0161\u0148ovac\u00ed ventil.<\/li>\n<\/ul>\n<\/li>\n<li><strong>Opakujte postup:<\/strong>\n<ul>\n<li>Pokud st\u00e1le poci\u0165ujete p\u0159\u00edznaky souvisej\u00edc\u00ed se vzduchem v hydraulick\u00e9m syst\u00e9mu, opakujte proces odvzdu\u0161n\u011bn\u00ed u ka\u017ed\u00e9 sou\u010d\u00e1sti, za\u010dn\u011bte od nejvzd\u00e1len\u011bj\u0161\u00edho bodu sm\u011brem k hydraulick\u00e9mu \u010derpadlu.<\/li>\n<li>Zajist\u011bte, aby byl ze syst\u00e9mu odvzdu\u0161n\u011bn ve\u0161ker\u00fd vzduch, a to otev\u0159en\u00edm odvzdu\u0161\u0148ovac\u00edch ventil\u016f nebo z\u00e1tek a uvoln\u011bn\u00edm vzduchu.<\/li>\n<\/ul>\n<\/li>\n<li><strong>Kontrola net\u011bsnost\u00ed:<\/strong>\n<ul>\n<li>Zkontrolujte v\u0161echny spoje, hadice a t\u011bsn\u011bn\u00ed hydraulick\u00e9ho syst\u00e9mu, zda nevykazuj\u00ed zn\u00e1mky net\u011bsnost\u00ed.<\/li>\n<li>Ve\u0161ker\u00e9 net\u011bsnosti neprodlen\u011b odstra\u0148te uta\u017een\u00edm spoj\u016f nebo v\u00fdm\u011bnou po\u0161kozen\u00fdch sou\u010d\u00e1st\u00ed.<\/li>\n<li>Net\u011bsnosti mohou do syst\u00e9mu zav\u00e9st vzduch, proto je pro spr\u00e1vn\u00fd hydraulick\u00fd provoz nezbytn\u00fd syst\u00e9m bez \u00fanik\u016f.<\/li>\n<\/ul>\n<\/li>\n<li><strong>V\u00fdkon testovac\u00edho syst\u00e9mu:<\/strong>\n<ul>\n<li>Po odstran\u011bn\u00ed vzduchu a odstran\u011bn\u00ed net\u011bsnost\u00ed otestujte v\u00fdkon hydraulick\u00e9ho syst\u00e9mu, abyste zajistili jeho spr\u00e1vnou funkci.<\/li>\n<li>Zapn\u011bte hydraulick\u00e9 funkce, jako je zved\u00e1n\u00ed a spou\u0161t\u011bn\u00ed p\u0159\u00edslu\u0161enstv\u00ed, a sledujte jejich plynul\u00fd a konzistentn\u00ed chod.<\/li>\n<\/ul>\n<\/li>\n<\/ol>\n<h2><strong>Schopnosti a kapacita tov\u00e1rny:<\/strong><\/h2>\n<h3><strong>(1) Mont\u00e1\u017e<\/strong><\/h3>\n<p>Na\u0161e za\u0159\u00edzen\u00ed se py\u0161n\u00ed \u0161pi\u010dkovou nez\u00e1vislou v\u00fdzkumnou a v\u00fdvojovou mont\u00e1\u017en\u00ed platformou zam\u011b\u0159enou na v\u00fdrobu hydraulick\u00fdch v\u00e1lc\u016f. Provozujeme \u010dty\u0159i poloautomatick\u00e9 mont\u00e1\u017en\u00ed linky pro zdvihac\u00ed v\u00e1lce a jednu pln\u011b automatickou mont\u00e1\u017en\u00ed linku pro nakl\u00e1p\u011bc\u00ed v\u00e1lce s p\u016fsobivou ro\u010dn\u00ed v\u00fdrobn\u00ed kapacitou 1 milionu v\u00e1lc\u016f.<img loading=\"lazy\" decoding=\"async\" class=\"aligncenter wp-image-626\" src=\"https:\/\/hydraulic-cylinders.net\/wp-content\/uploads\/2023\/08\/hydraulic-cylinder-product-1-300x158.webp\" alt=\"\" width=\"500\" height=\"263\" srcset=\"https:\/\/hydraulic-cylinders.net\/wp-content\/uploads\/2023\/08\/hydraulic-cylinder-product-1-300x158.webp 500w, https:\/\/hydraulic-cylinders.net\/wp-content\/uploads\/2023\/08\/hydraulic-cylinder-product-1-480x252.webp 480w\" sizes=\"(min-width: 0px) and (max-width: 480px) 480px, (min-width: 481px) 500px, 100vw\" \/><\/p>\n<p>V na\u0161\u00ed specializovan\u00e9 d\u00edln\u011b na v\u00fdrobu lahv\u00ed vyu\u017e\u00edv\u00e1me poloautomatick\u00fd syst\u00e9m \u010di\u0161t\u011bn\u00ed a mont\u00e1\u017ee, navr\u017een\u00fd pro r\u016fzn\u00e9 specifikace, kter\u00fd je schopen vyrobit 200 000 lahv\u00ed ro\u010dn\u011b. Na\u0161e d\u00edlna je vybavena modern\u00edm CNC obr\u00e1b\u011bc\u00edm za\u0159\u00edzen\u00edm, obr\u00e1b\u011bc\u00edm centrem, vysoce p\u0159esn\u00fdmi n\u00e1stroji pro zpracov\u00e1n\u00ed lahv\u00ed, robotick\u00fdmi sva\u0159ovac\u00edmi stroji, automatick\u00fdmi \u010distic\u00edmi syst\u00e9my a automatizovanou linkou na mont\u00e1\u017e lahv\u00ed. Krom\u011b toho m\u00e1me pln\u011b automatizovanou v\u00fdrobn\u00ed linku pro lakov\u00e1n\u00ed.<\/p>\n<p>S v\u00edce ne\u017e 300 kusy kritick\u00e9ho vybaven\u00ed zaji\u0161\u0165uje na\u0161e optim\u00e1ln\u00ed alokace zdroj\u016f spln\u011bn\u00ed p\u0159\u00edsn\u00fdch standard\u016f p\u0159esnosti a kvality po\u017eadovan\u00fdch na\u0161imi klienty. Tento z\u00e1vazek k efektivit\u011b a p\u0159esnosti n\u00e1s \u0159ad\u00ed mezi l\u00eddry v odv\u011btv\u00ed hydraulick\u00fdch v\u00e1lc\u016f.<\/p>\n<p><img loading=\"lazy\" decoding=\"async\" class=\"aligncenter wp-image-627\" src=\"https:\/\/hydraulic-cylinders.net\/wp-content\/uploads\/2023\/08\/hydraulic-cylinder-product-2-300x189.webp\" alt=\"\" width=\"500\" height=\"315\" srcset=\"https:\/\/hydraulic-cylinders.net\/wp-content\/uploads\/2023\/08\/hydraulic-cylinder-product-2-300x189.webp 500w, https:\/\/hydraulic-cylinders.net\/wp-content\/uploads\/2023\/08\/hydraulic-cylinder-product-2-480x302.webp 480w\" sizes=\"(min-width: 0px) and (max-width: 480px) 480px, (min-width: 481px) 500px, 100vw\" \/><\/p>\n<h3><strong>(2) Obr\u00e1b\u011bn\u00ed<\/strong><\/h3>\n<p>Na\u0161e obr\u00e1b\u011bc\u00ed d\u00edlna je vybavena nejmodern\u011bj\u0161\u00edm vybaven\u00edm, v\u010detn\u011b zak\u00e1zkov\u00e9ho soustru\u017enick\u00e9ho centra pro \u0161ikm\u00e9 kolejnice, p\u0159esn\u00e9ho obr\u00e1b\u011bc\u00edho centra, vysokorychlostn\u00edho honovac\u00edho stroje a pokro\u010dil\u00fdch sva\u0159ovac\u00edch robot\u016f. Toto sofistikovan\u00e9 nastaven\u00ed n\u00e1m umo\u017e\u0148uje efektivn\u011b zpracov\u00e1vat v\u00e1lcov\u00e9 trubky s maxim\u00e1ln\u00edm vnit\u0159n\u00edm pr\u016fm\u011brem 400 mm a d\u00e9lkou a\u017e 6 metr\u016f.<\/p>\n<p><img loading=\"lazy\" decoding=\"async\" class=\"wp-image-628 size-large aligncenter\" src=\"https:\/\/hydraulic-cylinders.net\/wp-content\/uploads\/2023\/08\/hydraulic-cylinder-product-3-1024x391.webp\" alt=\"\" width=\"1024\" height=\"391\" srcset=\"https:\/\/hydraulic-cylinders.net\/wp-content\/uploads\/2023\/08\/hydraulic-cylinder-product-3-980x374.webp 980w, https:\/\/hydraulic-cylinders.net\/wp-content\/uploads\/2023\/08\/hydraulic-cylinder-product-3-480x183.webp 480w\" sizes=\"(min-width: 0px) and (max-width: 480px) 480px, (min-width: 481px) and (max-width: 980px) 980px, (min-width: 981px) 1024px, 100vw\" \/><\/p>\n<p>D\u00edky na\u0161\u00ed \u0161pi\u010dkov\u00e9 technologii zaji\u0161\u0165ujeme vysoce kvalitn\u00ed obr\u00e1b\u011bn\u00ed, kter\u00e9 spl\u0148uje rozmanit\u00e9 pot\u0159eby v\u00fdroby hydraulick\u00fdch v\u00e1lc\u016f.<\/p>\n<h3><strong>(3) Sva\u0159ov\u00e1n\u00ed<\/strong><\/h3>\n<p><img loading=\"lazy\" decoding=\"async\" class=\"wp-image-629 size-large aligncenter\" src=\"https:\/\/hydraulic-cylinders.net\/wp-content\/uploads\/2023\/08\/hydraulic-cylinder-product-4-1024x510.webp\" alt=\"\" width=\"1024\" height=\"510\" srcset=\"https:\/\/hydraulic-cylinders.net\/wp-content\/uploads\/2023\/08\/hydraulic-cylinder-product-4-980x488.webp 980w, https:\/\/hydraulic-cylinders.net\/wp-content\/uploads\/2023\/08\/hydraulic-cylinder-product-4-480x239.webp 480w\" sizes=\"(min-width: 0px) and (max-width: 480px) 480px, (min-width: 481px) and (max-width: 980px) 980px, (min-width: 981px) 1024px, 100vw\" \/><\/p>\n<h3><strong>(4) Lakov\u00e1n\u00ed a n\u00e1t\u011bry<\/strong><\/h3>\n<p><img loading=\"lazy\" decoding=\"async\" class=\"wp-image-630 aligncenter\" src=\"https:\/\/hydraulic-cylinders.net\/wp-content\/uploads\/2023\/08\/hydraulic-cylinder-product-5-300x213.webp\" alt=\"\" width=\"500\" height=\"355\" \/><\/p>\n<p>Na\u0161e za\u0159\u00edzen\u00ed je vybaveno pokro\u010dil\u00fdmi automatick\u00fdmi linkami na nan\u00e1\u0161en\u00ed barev na vodn\u00ed b\u00e1zi, kter\u00e9 jsou speci\u00e1ln\u011b navr\u017eeny pro mal\u00e9 a st\u0159edn\u00ed v\u00e1lce. Tyto linky vyu\u017e\u00edvaj\u00ed robotickou technologii pro efektivn\u00ed nakl\u00e1d\u00e1n\u00ed, vykl\u00e1d\u00e1n\u00ed a st\u0159\u00edk\u00e1n\u00ed, \u010d\u00edm\u017e dosahuj\u00ed pozoruhodn\u00e9 v\u00fdrobn\u00ed kapacity 4 000 kus\u016f za sm\u011bnu.<\/p>\n<p><img loading=\"lazy\" decoding=\"async\" class=\"wp-image-631 aligncenter\" src=\"https:\/\/hydraulic-cylinders.net\/wp-content\/uploads\/2023\/08\/hydraulic-cylinder-product-6-300x225.webp\" alt=\"\" width=\"500\" height=\"375\" srcset=\"https:\/\/hydraulic-cylinders.net\/wp-content\/uploads\/2023\/08\/hydraulic-cylinder-product-6-300x225.webp 500w, https:\/\/hydraulic-cylinders.net\/wp-content\/uploads\/2023\/08\/hydraulic-cylinder-product-6-480x360.webp 480w\" sizes=\"(min-width: 0px) and (max-width: 480px) 480px, (min-width: 481px) 500px, 100vw\" \/><\/p>\n<p>Krom\u011b toho provozujeme poloautomatickou linku na v\u00fdrobu lak\u016f pro velk\u00e9 v\u00e1lce, poh\u00e1n\u011bnou robustn\u00edm hnac\u00edm \u0159et\u011bzem, s projektovanou kapacitou 60 lahv\u00ed za sm\u011bnu. Tato kombinace automatizace a efektivity zaji\u0161\u0165uje vysoce kvalitn\u00ed povrchovou \u00fapravu v\u0161ech na\u0161ich hydraulick\u00fdch v\u00e1lc\u016f.<\/p>\n<h3><strong>(5) Testov\u00e1n\u00ed<\/strong><\/h3>\n<p>Disponujeme prvot\u0159\u00eddn\u00edmi inspek\u010dn\u00edmi za\u0159\u00edzen\u00edmi a zku\u0161ebn\u00edmi laborato\u0159emi, abychom zajistili, \u017ee v\u00fdkon v\u00e1lce spl\u0148uje po\u017eadavky.<\/p>\n<p><img loading=\"lazy\" decoding=\"async\" class=\"wp-image-632 aligncenter\" src=\"https:\/\/hydraulic-cylinders.net\/wp-content\/uploads\/2023\/08\/hydraulic-cylinder-product-8-300x200.webp\" alt=\"\" width=\"389\" height=\"260\" \/><\/p>\n<p>Jsme renomovan\u00fd v\u00fdrobce <a href=\"https:\/\/hzpt.com\/mobile-machinery-hydraulic-cylinder\/\" target=\"_blank\" rel=\"noopener\">hydraulick\u00e9 v\u00e1lce<\/a>, uzn\u00e1van\u00e1 jako jedna z nejlep\u0161\u00edch v oboru. Na\u0161e rozs\u00e1hl\u00e1 produktov\u00e1 \u0159ada zahrnuje \u0161irokou \u0161k\u00e1lu hydraulick\u00fdch v\u00e1lc\u016f p\u0159izp\u016fsoben\u00fdch r\u016fzn\u00fdm aplikac\u00edm. Krom\u011b hydraulick\u00fdch v\u00e1lc\u016f dod\u00e1v\u00e1me tak\u00e9 vysoce kvalitn\u00ed zem\u011bd\u011blsk\u00e9 p\u0159evodovky, co\u017e na\u0161im z\u00e1kazn\u00edk\u016fm zaji\u0161\u0165uje p\u0159\u00edstup ke komplexn\u00edm \u0159e\u0161en\u00edm pro jejich strojn\u00ed pot\u0159eby.<\/p>\n<p>D\u00edky z\u00e1vazku k dokonalosti jsme \u00fasp\u011b\u0161n\u011b exportovali na\u0161e produkty klient\u016fm po cel\u00e9m sv\u011bt\u011b a z\u00edskali si silnou pov\u011bst d\u00edky vynikaj\u00edc\u00ed kvalit\u011b produkt\u016f a v\u00fdjime\u010dn\u00e9mu poprodejn\u00edmu servisu. Na\u0161e oddanost spokojenosti z\u00e1kazn\u00edk\u016f n\u00e1s pozicionovala jako d\u016fv\u011bryhodn\u00e9ho partnera na dom\u00e1c\u00edm i mezin\u00e1rodn\u00edm trhu.<\/p>","protected":false},"excerpt":{"rendered":"<p>Crane Cylinder for Mobile Crane Outrigger Expansion The crane cylinder for mobile crane outrigger expansion is a crucial component that enhances the stability and reach of mobile cranes during lifting operations. Designed to extend and retract the outrigger beams, this hydraulic cylinder plays a vital role in providing a solid foundation and increased operational capabilities. [&hellip;]<\/p>","protected":false},"featured_media":1572,"comment_status":"open","ping_status":"closed","template":"","meta":{"_et_pb_use_builder":"","_et_pb_old_content":"","_et_gb_content_width":""},"product_brand":[],"product_cat":[1514],"product_tag":[1477,1478,1380],"class_list":{"0":"post-1570","1":"product","2":"type-product","3":"status-publish","4":"has-post-thumbnail","6":"product_cat-mobile-crane-hydraulic-cylinders","7":"product_tag-crane-cylinder","8":"product_tag-crane-hydraulic-cylinder","9":"product_tag-hydraulic-cylinder","11":"first","12":"instock","13":"shipping-taxable","14":"product-type-simple"},"amp_enabled":true,"_links":{"self":[{"href":"https:\/\/www.hydraulic-cylinders.net\/cs\/wp-json\/wp\/v2\/product\/1570","targetHints":{"allow":["GET"]}}],"collection":[{"href":"https:\/\/www.hydraulic-cylinders.net\/cs\/wp-json\/wp\/v2\/product"}],"about":[{"href":"https:\/\/www.hydraulic-cylinders.net\/cs\/wp-json\/wp\/v2\/types\/product"}],"replies":[{"embeddable":true,"href":"https:\/\/www.hydraulic-cylinders.net\/cs\/wp-json\/wp\/v2\/comments?post=1570"}],"wp:featuredmedia":[{"embeddable":true,"href":"https:\/\/www.hydraulic-cylinders.net\/cs\/wp-json\/wp\/v2\/media\/1572"}],"wp:attachment":[{"href":"https:\/\/www.hydraulic-cylinders.net\/cs\/wp-json\/wp\/v2\/media?parent=1570"}],"wp:term":[{"taxonomy":"product_brand","embeddable":true,"href":"https:\/\/www.hydraulic-cylinders.net\/cs\/wp-json\/wp\/v2\/product_brand?post=1570"},{"taxonomy":"product_cat","embeddable":true,"href":"https:\/\/www.hydraulic-cylinders.net\/cs\/wp-json\/wp\/v2\/product_cat?post=1570"},{"taxonomy":"product_tag","embeddable":true,"href":"https:\/\/www.hydraulic-cylinders.net\/cs\/wp-json\/wp\/v2\/product_tag?post=1570"}],"curies":[{"name":"wp","href":"https:\/\/api.w.org\/{rel}","templated":true}]}}