{"id":15712,"date":"2025-01-19T14:52:47","date_gmt":"2025-01-19T14:52:47","guid":{"rendered":"https:\/\/www.hydraulic-cylinders.net\/product\/bucket-cylinder-for-takeuchi-small-excavator-tb285c\/"},"modified":"2025-01-19T14:52:49","modified_gmt":"2025-01-19T14:52:49","slug":"bucket-cylinder-for-takeuchi-small-excavator-tb285c","status":"publish","type":"product","link":"https:\/\/www.hydraulic-cylinders.net\/cs\/produkt\/bucket-cylinder-for-takeuchi-small-excavator-tb285c\/","title":{"rendered":"V\u00e1lec l\u017e\u00edce pro mal\u00e9 rypadlo Takeuchi TB285C"},"content":{"rendered":"<p><!DOCTYPE html><br \/>\n<html><br \/>\n<head><br \/>\n<title>V\u00e1lec l\u017e\u00edce pro mal\u00e9 rypadlo Takeuchi TB285C<\/title><br \/>\n<\/head><br \/>\n<body><\/p>\n<h1>V\u00e1lec l\u017e\u00edce pro mal\u00e9 rypadlo Takeuchi TB285C<\/h1>\n<h2>Zaveden\u00ed<\/h2>\n<p>Hydraulick\u00fd v\u00e1lec l\u017e\u00edce pro mal\u00fd bagr Takeuchi TB285C je speci\u00e1ln\u011b navr\u017een\u00fd hydraulick\u00fd v\u00e1lec pou\u017e\u00edvan\u00fd k ovl\u00e1d\u00e1n\u00ed pohybu l\u017e\u00edce v t\u011b\u017ek\u00fdch stroj\u00edch, jako jsou rypadla, r\u00fdpadlo-naklada\u010de a \u010deln\u00ed naklada\u010de. Jeho hlavn\u00ed funkc\u00ed je umo\u017enit zved\u00e1n\u00ed, spou\u0161t\u011bn\u00ed a nakl\u00e1p\u011bn\u00ed l\u017e\u00edce, d\u00edky \u010demu\u017e je vhodn\u00fd pro r\u016fzn\u00e9 \u00fakoly manipulace s materi\u00e1lem. V hydraulick\u00e9m syst\u00e9mu dosahuje v\u00e1lec l\u017e\u00edce p\u0159esn\u00e9ho ovl\u00e1d\u00e1n\u00ed l\u017e\u00edce pomoc\u00ed zm\u011bn tlaku hydraulick\u00e9ho oleje, co\u017e umo\u017e\u0148uje obsluze efektivn\u011b manipulovat s t\u011b\u017ek\u00fdmi b\u0159emeny a p\u0159izp\u016fsobovat se slo\u017eit\u00fdm pracovn\u00edm prost\u0159ed\u00edm a rozmanit\u00fdm po\u017eadavk\u016fm na pr\u00e1ci.<\/p>\n<p><img decoding=\"async\" src=\"https:\/\/www.hydraulic-cylinders.net\/wp-content\/uploads\/2025\/01\/songte-company-2.webp\" alt=\"Obr\u00e1zek v\u00e1lce kbel\u00edku\"><\/p>\n<h2>Funkce<\/h2>\n<ul>\n<li>Vysok\u00e1 pevnost a trvanlivost: Obvykle jsou vyrobeny z vysokopevnostn\u00ed oceli nebo hlin\u00edku, schopny odolat vysok\u00e9mu tlaku a t\u011b\u017ek\u00e9mu zat\u00ed\u017een\u00ed, p\u0159izp\u016fsobit se n\u00e1ro\u010dn\u00e9mu pracovn\u00edmu prost\u0159ed\u00ed a jsou navr\u017eeny s ohledem na odolnost proti opot\u0159eben\u00ed a korozi pro prodlou\u017een\u00ed \u017eivotnosti.<\/li>\n<li>Efektivn\u00ed hydraulick\u00fd provoz: Vyu\u017e\u00edv\u00e1 tlak hydraulick\u00e9ho oleje k dosa\u017een\u00ed plynul\u00e9ho vysouv\u00e1n\u00ed a zasouv\u00e1n\u00ed, je schopen rychle reagovat na \u0159\u00eddic\u00ed povely, poskytuje siln\u00e9 tlakov\u00e9 a ta\u017en\u00e9 s\u00edly a je vhodn\u00fd pro manipulaci s t\u011b\u017ek\u00fdmi b\u0159emeny a slo\u017eit\u00fdmi pracovn\u00edmi \u00fakoly.<\/li>\n<li>R\u016fzn\u00e9 typy: Podle pot\u0159eby lze zvolit jako jedno\u010dinn\u00e9 (hydraulicky ovl\u00e1dan\u00e9 pouze v jednom sm\u011bru) nebo dvoj\u010dinn\u00e9 (hydraulicky ovl\u00e1dan\u00e9 v obou sm\u011brech) v\u00e1lce, p\u0159i\u010dem\u017e n\u011bkter\u00e9 modely jsou teleskopick\u00e9, co\u017e umo\u017e\u0148uje v\u011bt\u0161\u00ed v\u00fdsuv bez zv\u011bt\u0161en\u00ed vn\u011bj\u0161\u00edch rozm\u011br\u016f, vhodn\u00e9 pro aplikace s omezen\u00fdm prostorem.<\/li>\n<li>Dokonal\u00e1 n\u00e1hrada: Na\u0161e produkty dok\u00e1\u017e\u00ed tyto hydraulick\u00e9 v\u00e1lce dokonale nahradit.<\/li>\n<\/ul>\n<p><img decoding=\"async\" src=\"https:\/\/www.hydraulic-cylinders.net\/wp-content\/uploads\/2025\/01\/songte-cylinder-head-with-all-kinds-excavator-models.webp\" alt=\"Obr\u00e1zek produktu\"><\/p>\n<h2>Aplikace<\/h2>\n<p>V\u00e1lec kope\u010dku pro mal\u00e9 rypadlo Takeuchi TB285C nach\u00e1z\u00ed uplatn\u011bn\u00ed v r\u016fzn\u00fdch odv\u011btv\u00edch:<\/p>\n<h3>Stavebn\u00ed stroje<\/h3>\n<p>U bagr\u016f jsou kl\u00ed\u010dov\u00e9 pro kop\u00e1n\u00ed, nakl\u00e1d\u00e1n\u00ed a p\u0159emis\u0165ov\u00e1n\u00ed zeminy nebo suti. U rypadlo-naklada\u010d\u016f pom\u00e1h\u00e1 v\u00e1lec l\u017e\u00edce p\u0159i kop\u00e1n\u00ed i zved\u00e1n\u00ed.<\/p>\n<h3>Zem\u011bd\u011blsk\u00e9 stroje<\/h3>\n<p>Pou\u017e\u00edv\u00e1 se v \u010deln\u00edch naklada\u010d\u00edch pro nab\u00edr\u00e1n\u00ed, zved\u00e1n\u00ed a p\u0159epravu zeminy, sena a dal\u0161\u00edch materi\u00e1l\u016f.<\/p>\n<h3>Bagry<\/h3>\n<p>V\u00e1lec l\u017e\u00edce umo\u017e\u0148uje ryp\u00e1n\u00ed t\u00edm, \u017ee umo\u017e\u0148uje l\u017e\u00edci proniknout do p\u016fdy.<\/p>\n<h3>Naklada\u010de<\/h3>\n<p>U \u010deln\u00edch naklada\u010d\u016f pom\u00e1haj\u00ed efektivn\u011b zvedat a vykl\u00e1dat zbo\u017e\u00ed.<\/p>\n<p><img decoding=\"async\" src=\"https:\/\/www.hydraulic-cylinders.net\/wp-content\/uploads\/2025\/01\/songte-oil-pipes-and-spare-parts.webp\" alt=\"Obr\u00e1zek produktu\"><\/p>\n<h2>Konstruk\u010dn\u00ed aspekty a krit\u00e9ria v\u00fdb\u011bru<\/h2>\n<ul>\n<li>\u00danosnost: V\u00e1lec by m\u011bl b\u00fdt navr\u017een tak, aby vydr\u017eel zam\u00fd\u0161lenou nosnost.<\/li>\n<li>T\u011bsn\u011bn\u00ed: Pro zaji\u0161t\u011bn\u00ed spr\u00e1vn\u00e9ho ut\u011bsn\u011bn\u00ed a zabr\u00e1n\u011bn\u00ed \u00faniku oleje by m\u011bly b\u00fdt pou\u017eity r\u016fzn\u00e9 t\u011bsnic\u00ed prvky, jako jsou t\u011bsn\u011bn\u00ed p\u00edst\u016f a p\u00edstnic.<\/li>\n<li>Trvanlivost: V\u00e1lec by m\u011bl b\u00fdt vyroben z materi\u00e1l\u016f a povrchov\u00fdch \u00faprav, kter\u00e9 zvy\u0161uj\u00ed odolnost proti opot\u0159eben\u00ed a prodlu\u017euj\u00ed jeho \u017eivotnost.<\/li>\n<li>Bezpe\u010dnost: M\u011bly by b\u00fdt za\u010dlen\u011bny bezpe\u010dnostn\u00ed prvky, aby se zabr\u00e1nilo nehod\u00e1m b\u011bhem provozu.<\/li>\n<li>\u00dadr\u017eba: V\u00e1lec by m\u011bl b\u00fdt navr\u017een pro snadnou \u00fadr\u017ebu a opravy, co\u017e by umo\u017e\u0148ovalo rychl\u00fd a efektivn\u00ed servis.<\/li>\n<\/ul>\n<p><img decoding=\"async\" src=\"https:\/\/www.hydraulic-cylinders.net\/wp-content\/uploads\/2025\/01\/songte-bushings-with-all-kinds-of-excavator-models.webp\" alt=\"Obr\u00e1zek produktu\"><\/p>\n<h2>T\u011bsn\u011bn\u00ed a maz\u00e1n\u00ed<\/h2>\n<p>V\u00e1lec kope\u010dku pro mal\u00fd bagr Takeuchi TB285C vyu\u017e\u00edv\u00e1 r\u016fzn\u00e9 t\u011bsnic\u00ed komponenty, jako jsou t\u011bsn\u011bn\u00ed p\u00edstu a t\u011bsn\u011bn\u00ed p\u00edstnice, vyroben\u00e9 z materi\u00e1l\u016f odoln\u00fdch proti opot\u0159eben\u00ed, jako je polyuretan a nitrilov\u00e1 pry\u017e. T\u011bleso v\u00e1lce a z\u00e1vitov\u00e9 konce jsou jemn\u011b o\u0161et\u0159eny pro zlep\u0161en\u00ed odolnosti proti opot\u0159eben\u00ed. Pro zaji\u0161t\u011bn\u00ed plynul\u00e9ho provozu je nutn\u00e9 pravideln\u00e9 maz\u00e1n\u00ed vhodn\u00fdm mno\u017estv\u00edm hydraulick\u00e9ho oleje.<\/p>\n<h2>Pravideln\u00e1 kontrola a preventivn\u00ed \u00fadr\u017eba<\/h2>\n<ul>\n<li>Pravideln\u011b kontrolujte v\u00e1lec, zda nevykazuje zn\u00e1mky opot\u0159eben\u00ed, net\u011bsnosti nebo po\u0161kozen\u00ed.<\/li>\n<li>Zajist\u011bte spr\u00e1vn\u00e9 maz\u00e1n\u00ed v\u0161ech pohybliv\u00fdch \u010d\u00e1st\u00ed.<\/li>\n<li>V p\u0159\u00edpad\u011b pot\u0159eby vym\u011b\u0148te t\u011bsn\u011bn\u00ed a dal\u0161\u00ed opot\u0159ebovan\u00e9 sou\u010d\u00e1sti.<\/li>\n<li>Prov\u00e1d\u011bjte kalibra\u010dn\u00ed kontroly pro udr\u017een\u00ed optim\u00e1ln\u00edho v\u00fdkonu.<\/li>\n<\/ul>\n<p><img decoding=\"async\" src=\"https:\/\/www.hydraulic-cylinders.net\/wp-content\/uploads\/2025\/01\/songte-chushion-collar.webp\" alt=\"Obr\u00e1zek produktu\"><\/p>\n<h2>Bezpe\u010dnostn\u00ed aspekty a faktory prost\u0159ed\u00ed<\/h2>\n<p>P\u0159i pou\u017e\u00edv\u00e1n\u00ed v\u00e1lce kope\u010dku pro mal\u00fd bagr Takeuchi TB285C je d\u016fle\u017eit\u00e9 dodr\u017eovat bezpe\u010dnostn\u00ed opat\u0159en\u00ed, aby se p\u0159ede\u0161lo nehod\u00e1m a zajistila se bezpe\u010dnost obsluhy a okol\u00ed.<\/p>\n<h2>Odstra\u0148ov\u00e1n\u00ed probl\u00e9m\u016f a b\u011b\u017en\u00e9 probl\u00e9my<\/h2>\n<p>\u010cast\u00e9 probl\u00e9my a mo\u017en\u00e1 \u0159e\u0161en\u00ed:<\/p>\n<ul>\n<li>Probl\u00e9m: \u00danik oleje. \u0158e\u0161en\u00ed: Zkontrolujte a vym\u011b\u0148te po\u0161kozen\u00e1 t\u011bsn\u011bn\u00ed.<\/li>\n<li>Probl\u00e9m: Nedostate\u010dn\u00fd v\u00fdkon. \u0158e\u0161en\u00ed: Zkontrolujte hydraulick\u00fd syst\u00e9m, zda nen\u00ed ucpan\u00fd nebo zda nefunguje spr\u00e1vn\u011b.<\/li>\n<li>Probl\u00e9m: Neobvykl\u00fd hluk. \u0158e\u0161en\u00ed: Zkontrolujte, zda nejsou uvoln\u011bn\u00e9 nebo po\u0161kozen\u00e9 sou\u010d\u00e1sti, a prove\u010fte pot\u0159ebn\u00e9 opravy nebo v\u00fdm\u011bny.<\/li>\n<\/ul>\n<p><img decoding=\"async\" src=\"https:\/\/www.hydraulic-cylinders.net\/wp-content\/uploads\/2025\/01\/songte-company-1.webp\" alt=\"Obr\u00e1zek produktu\"><\/p>\n<h2>Tipy pro \u00fadr\u017ebu<\/h2>\n<p>Spr\u00e1vn\u00e1 instalace, maz\u00e1n\u00ed a se\u0159\u00edzen\u00ed jsou z\u00e1sadn\u00ed pro efektivn\u00ed a bezpe\u010dn\u00e9 pou\u017e\u00edv\u00e1n\u00ed v\u00e1lce kope\u010dku pro mal\u00fd bagr Takeuchi TB285C. B\u011bhem instalace zajist\u011bte \u0159\u00e1dn\u00e9 veden\u00ed pro vyrovn\u00e1n\u00ed v\u00e1lce. Pro zaji\u0161t\u011bn\u00ed v\u00e1lce se doporu\u010duje pou\u017e\u00edt vhodn\u00e9 mont\u00e1\u017en\u00ed konzole. Pro prodlou\u017een\u00ed \u017eivotnosti produktu jsou uvedeny doporu\u010den\u00e9 postupy kontroly, opravy a v\u00fdm\u011bny.<\/p>\n<h2>Z\u00e1v\u011br<\/h2>\n<p>Na\u0161e spole\u010dnost je p\u0159edn\u00edm v\u00fdrobcem a velkoobchodn\u00edm distributorem hydraulick\u00fdch v\u00e1lc\u016f na dom\u00e1c\u00edm i mezin\u00e1rodn\u00edm trhu. Nab\u00edz\u00edme \u0161irokou \u0161k\u00e1lu produkt\u016f a jsme hrd\u00ed na vynikaj\u00edc\u00ed kvalitu, industrializovan\u00e9 strategie \u0159\u00edzen\u00ed v\u00fdroby, technick\u00e9 dovednosti, pokro\u010dil\u00e9 v\u00fdrobn\u00ed za\u0159\u00edzen\u00ed a profesion\u00e1ln\u00ed testovac\u00ed syst\u00e9my. D\u00edky vysok\u00e9 efektivit\u011b, p\u0159esnosti a kvalit\u011b uspokojujeme rozmanit\u00e9 pot\u0159eby na\u0161ich z\u00e1kazn\u00edk\u016f.<\/p>\n<p><img decoding=\"async\" src=\"https:\/\/www.hydraulic-cylinders.net\/wp-content\/uploads\/2025\/01\/songte-company-3.webp\" alt=\"Image spole\u010dnosti\"><\/p>\n<p>Od profesionality, mezin\u00e1rodn\u00edch certifikac\u00ed, slu\u017eeb na m\u00edru, v\u00fdrobn\u00edho vybaven\u00ed a\u017e po poprodejn\u00ed slu\u017eby se na\u0161e spole\u010dnost sna\u017e\u00ed poskytovat ta nejlep\u0161\u00ed \u0159e\u0161en\u00ed.<\/p>\n<p>Autor: lyl<\/p>\n<p><\/body><br \/>\n<\/html><\/p>","protected":false},"excerpt":{"rendered":"<p>Bucket Cylinder For Takeuchi Small Excavator TB285C Bucket Cylinder For Takeuchi Small Excavator TB285C Introduction The Bucket Cylinder for Takeuchi Small Excavator TB285C is a specially designed hydraulic cylinder used to control the movement of the bucket in heavy machinery such as excavators, backhoe loaders, and front-end loaders. Its main function is to enable the [&hellip;]<\/p>","protected":false},"featured_media":14771,"comment_status":"open","ping_status":"closed","template":"","meta":{"_et_pb_use_builder":"","_et_pb_old_content":"","_et_gb_content_width":""},"product_brand":[],"product_cat":[1494],"product_tag":[1495,1496],"class_list":{"0":"post-15712","1":"product","2":"type-product","3":"status-publish","4":"has-post-thumbnail","6":"product_cat-bucket-cylinders","7":"product_tag-bucket-cylinders","8":"product_tag-hydraulic-cylinders","10":"first","11":"instock","12":"shipping-taxable","13":"product-type-simple"},"amp_enabled":true,"_links":{"self":[{"href":"https:\/\/www.hydraulic-cylinders.net\/cs\/wp-json\/wp\/v2\/product\/15712","targetHints":{"allow":["GET"]}}],"collection":[{"href":"https:\/\/www.hydraulic-cylinders.net\/cs\/wp-json\/wp\/v2\/product"}],"about":[{"href":"https:\/\/www.hydraulic-cylinders.net\/cs\/wp-json\/wp\/v2\/types\/product"}],"replies":[{"embeddable":true,"href":"https:\/\/www.hydraulic-cylinders.net\/cs\/wp-json\/wp\/v2\/comments?post=15712"}],"wp:featuredmedia":[{"embeddable":true,"href":"https:\/\/www.hydraulic-cylinders.net\/cs\/wp-json\/wp\/v2\/media\/14771"}],"wp:attachment":[{"href":"https:\/\/www.hydraulic-cylinders.net\/cs\/wp-json\/wp\/v2\/media?parent=15712"}],"wp:term":[{"taxonomy":"product_brand","embeddable":true,"href":"https:\/\/www.hydraulic-cylinders.net\/cs\/wp-json\/wp\/v2\/product_brand?post=15712"},{"taxonomy":"product_cat","embeddable":true,"href":"https:\/\/www.hydraulic-cylinders.net\/cs\/wp-json\/wp\/v2\/product_cat?post=15712"},{"taxonomy":"product_tag","embeddable":true,"href":"https:\/\/www.hydraulic-cylinders.net\/cs\/wp-json\/wp\/v2\/product_tag?post=15712"}],"curies":[{"name":"wp","href":"https:\/\/api.w.org\/{rel}","templated":true}]}}