{"id":15726,"date":"2025-01-19T14:53:54","date_gmt":"2025-01-19T14:53:54","guid":{"rendered":"https:\/\/www.hydraulic-cylinders.net\/product\/bucket-cylinder-for-case-large-excavator-cx300b\/"},"modified":"2025-01-19T14:53:56","modified_gmt":"2025-01-19T14:53:56","slug":"bucket-cylinder-for-case-large-excavator-cx300b","status":"publish","type":"product","link":"https:\/\/www.hydraulic-cylinders.net\/cs\/produkt\/bucket-cylinder-for-case-large-excavator-cx300b\/","title":{"rendered":"V\u00e1lec kope\u010dku pro Case Large Excavator CX300B"},"content":{"rendered":"<h1>V\u00e1lec kope\u010dku pro Case Large Excavator CX300B<\/h1>\n<h2>Zaveden\u00ed<\/h2>\n<p>Hydraulick\u00fd v\u00e1lec kope\u010dku je speci\u00e1ln\u011b navr\u017een\u00fd hydraulick\u00fd v\u00e1lec, kter\u00fd se prim\u00e1rn\u011b pou\u017e\u00edv\u00e1 k ovl\u00e1d\u00e1n\u00ed pohybu kope\u010dk\u016f v t\u011b\u017ek\u00fdch stroj\u00edch, jako jsou bagry, rypadla-naklada\u010de a \u010deln\u00ed naklada\u010de. Jeho hlavn\u00ed funkc\u00ed je umo\u017enit zved\u00e1n\u00ed, spou\u0161t\u011bn\u00ed a nakl\u00e1p\u011bn\u00ed kope\u010dku, co\u017e usnad\u0148uje manipulaci s r\u016fzn\u00fdmi materi\u00e1ly. V hydraulick\u00e9m syst\u00e9mu dosahuje v\u00e1lec kope\u010dku p\u0159esn\u00e9ho ovl\u00e1d\u00e1n\u00ed kope\u010dku zm\u011bnami tlaku hydraulick\u00e9ho oleje, co\u017e umo\u017e\u0148uje obsluze efektivn\u011b manipulovat s t\u011b\u017ek\u00fdmi b\u0159emeny a p\u0159izp\u016fsobovat se slo\u017eit\u00fdm pracovn\u00edm prost\u0159ed\u00edm a rozmanit\u00fdm provozn\u00edm po\u017eadavk\u016fm.<\/p>\n<p><img decoding=\"async\" src=\"https:\/\/www.hydraulic-cylinders.net\/wp-content\/uploads\/2025\/01\/songte-company-2.webp\"><\/p>\n<h2>Funkce<\/h2>\n<ul>\n<li><strong>Vysok\u00e1 pevnost a trvanlivost:<\/strong> Obvykle je vyroben z vysokopevnostn\u00ed oceli nebo hlin\u00edku, odol\u00e1 vysok\u00e9mu tlaku a t\u011b\u017ek\u00e9mu zat\u00ed\u017een\u00ed, p\u0159izp\u016fsob\u00ed se n\u00e1ro\u010dn\u00e9mu pracovn\u00edmu prost\u0159ed\u00ed a je navr\u017een s ohledem na odolnost proti opot\u0159eben\u00ed a korozi, co\u017e prodlu\u017euje jeho \u017eivotnost.<\/li>\n<li><strong>Efektivn\u00ed hydraulick\u00e9 operace:<\/strong> Vyu\u017e\u00edv\u00e1 hydraulick\u00fd tlak oleje k dosa\u017een\u00ed plynul\u00e9ho vysouv\u00e1n\u00ed a smr\u0161\u0165ov\u00e1n\u00ed, je schopen rychle reagovat na \u0159\u00eddic\u00ed povely a poskytuje siln\u00e9 tla\u010dn\u00e9 a ta\u017en\u00e9 s\u00edly, vhodn\u00e9 pro manipulaci s t\u011b\u017ek\u00fdmi b\u0159emeny a slo\u017eit\u00e9 provozn\u00ed \u00fakoly.<\/li>\n<li><strong>R\u016fzn\u00e9 typy:<\/strong> Podle po\u017eadavk\u016f lze pro spln\u011bn\u00ed r\u016fzn\u00fdch provozn\u00edch pot\u0159eb zvolit jedno\u010dinn\u00e9 (hydraulicky ovl\u00e1dan\u00e9 pouze v jednom sm\u011bru) nebo dvoj\u010dinn\u00e9 (hydraulicky ovl\u00e1dan\u00e9 v obou sm\u011brech) v\u00e1lce. N\u011bkter\u00e9 modely jsou teleskopick\u00e9, co\u017e umo\u017e\u0148uje v\u011bt\u0161\u00ed vysunut\u00ed bez zv\u011bt\u0161en\u00ed vn\u011bj\u0161\u00edch rozm\u011br\u016f, a jsou vhodn\u00e9 pro aplikace s omezen\u00fdm prostorem.<\/li>\n<li><strong>Snadn\u00e1 v\u00fdm\u011bna:<\/strong> Na\u0161e produkty lze dokonale nahradit t\u011bmito hydraulick\u00fdmi v\u00e1lci. Nab\u00edz\u00edme \u0161irokou \u0161k\u00e1lu model\u016f hlav v\u00e1lc\u016f, kter\u00e9 pasuj\u00ed do v\u0161ech model\u016f bagr\u016f.<\/li>\n<\/ul>\n<p><img decoding=\"async\" src=\"https:\/\/www.hydraulic-cylinders.net\/wp-content\/uploads\/2025\/01\/songte-cylinder-head-with-all-kinds-excavator-models.webp\"><\/p>\n<h2>Aplikace<\/h2>\n<p>Kore\u010dkov\u00fd v\u00e1lec se \u0161iroce pou\u017e\u00edv\u00e1 v r\u016fzn\u00fdch pr\u016fmyslov\u00fdch odv\u011btv\u00edch, v\u010detn\u011b:<\/p>\n<ul>\n<li><strong>Stavebn\u00ed vybaven\u00ed:<\/strong> Nach\u00e1zej\u00ed se v bagrech a jsou nezbytn\u00e9 pro kop\u00e1n\u00ed, nakl\u00e1d\u00e1n\u00ed a p\u0159emis\u0165ov\u00e1n\u00ed zeminy nebo suti. U rypadlo-naklada\u010d\u016f pom\u00e1haj\u00ed kore\u010dkov\u00e9 v\u00e1lce jak p\u0159i kop\u00e1n\u00ed, tak p\u0159i zved\u00e1n\u00ed. <\/li>\n<li><strong>Zem\u011bd\u011blsk\u00e9 stroje:<\/strong> Pou\u017e\u00edv\u00e1 se v \u010deln\u00edch naklada\u010d\u00edch pro nab\u00edr\u00e1n\u00ed, zved\u00e1n\u00ed a p\u0159epravu zeminy, sena a dal\u0161\u00edch materi\u00e1l\u016f. <\/li>\n<li><strong>Bagry:<\/strong> V\u00e1lce l\u017e\u00edce umo\u017e\u0148uj\u00ed kop\u00e1n\u00ed t\u00edm, \u017ee umo\u017e\u0148uj\u00ed l\u017e\u00edci proniknout do p\u016fdy. <\/li>\n<li><strong>Naklada\u010de:<\/strong> U \u010deln\u00edch naklada\u010d\u016f pom\u00e1haj\u00ed efektivn\u011b zvedat a vykl\u00e1dat n\u00e1klad.<\/li>\n<\/ul>\n<h2>\u00davahy o n\u00e1vrhu produktu a standardy v\u00fdb\u011bru<\/h2>\n<p>P\u0159i v\u00fdb\u011bru kore\u010dkov\u00fdch v\u00e1lc\u016f je nezbytn\u00e9 zv\u00e1\u017eit konstruk\u010dn\u00ed faktory, jako je nosnost, t\u011bsn\u011bn\u00ed, trvanlivost, bezpe\u010dnost a \u00fadr\u017eba. Mezi konstruk\u010dn\u00ed aspekty pat\u0159\u00ed:<\/p>\n<ul>\n<li><strong>Nosnost:<\/strong> V\u00e1lec kore\u010dkov\u00e9ho v\u00e1lce by m\u011bl b\u00fdt schopen zvl\u00e1dnout maxim\u00e1ln\u00ed zat\u00ed\u017een\u00ed za\u0159\u00edzen\u00ed a hmotnost zdvihan\u00e9ho materi\u00e1lu.<\/li>\n<li><strong>T\u011bsn\u011bn\u00ed:<\/strong> Pro zaji\u0161t\u011bn\u00ed t\u011bsnic\u00edho v\u00fdkonu, kter\u00fd je pro hydraulick\u00e9 syst\u00e9my nezbytn\u00fd, pou\u017e\u00edvejte r\u016fzn\u00e1 t\u011bsn\u011bn\u00ed, jako jsou p\u00edstn\u00ed t\u011bsn\u011bn\u00ed a p\u00edstn\u00ed t\u011bsn\u011bn\u00ed, vyroben\u00e1 z materi\u00e1l\u016f odoln\u00fdch proti opot\u0159eben\u00ed, jako je polyuretan a nitrilov\u00e1 pry\u017e.<\/li>\n<li><strong>Trvanlivost:<\/strong> T\u011bleso v\u00e1lce a povrch z\u00e1vitov\u00e9ho konce by m\u011bly b\u00fdt jemn\u011b opracov\u00e1ny, aby se zlep\u0161ila odolnost proti opot\u0159eben\u00ed. <\/li>\n<li><strong>Bezpe\u010dnost:<\/strong> M\u011bl by b\u00fdt sou\u010d\u00e1st\u00ed dod\u00e1vky pojistn\u00fd ventil, kter\u00fd zabr\u00e1n\u00ed n\u00e1hl\u00e9mu p\u00e1du kbel\u00edku v p\u0159\u00edpad\u011b hydraulick\u00e9 poruchy. <\/li>\n<li><strong>\u00dadr\u017eba:<\/strong> V\u00e1lec by m\u011bl b\u00fdt snadno demontovateln\u00fd a opravovateln\u00fd a n\u00e1klady na \u00fadr\u017ebu by m\u011bly b\u00fdt n\u00edzk\u00e9.<\/li>\n<\/ul>\n<p><img decoding=\"async\" src=\"https:\/\/www.hydraulic-cylinders.net\/wp-content\/uploads\/2025\/01\/songte-oil-pipes-and-spare-parts.webp\"><\/p>\n<h2>T\u011bsn\u011bn\u00ed a maz\u00e1n\u00ed<\/h2>\n<p>V\u00e1lec kore\u010dkov\u00e9ho v\u00e1lce mus\u00ed pou\u017e\u00edvat r\u016fzn\u00e1 t\u011bsn\u011bn\u00ed, jako jsou p\u00edstn\u00ed t\u011bsn\u011bn\u00ed a t\u011bsn\u011bn\u00ed p\u00edstnice, vyroben\u00e1 z materi\u00e1l\u016f odoln\u00fdch proti opot\u0159eben\u00ed, jako je polyuretan a nitrilov\u00e1 pry\u017e, aby byla zaji\u0161t\u011bna jeho t\u011bsnic\u00ed schopnost. T\u011bleso v\u00e1lce by m\u011blo b\u00fdt pe\u010dliv\u011b zpracov\u00e1no, aby se zlep\u0161ila jeho odolnost proti opot\u0159eben\u00ed. Pro udr\u017een\u00ed optim\u00e1ln\u00edho v\u00fdkonu je nutn\u00e9 pravideln\u011b dopl\u0148ovat vhodn\u00e9 mno\u017estv\u00ed hydraulick\u00e9ho oleje pro maz\u00e1n\u00ed.<\/p>\n<h2>\u00dadr\u017eba a opravy<\/h2>\n<p>Pravideln\u00e1 kontrola a preventivn\u00ed \u00fadr\u017eba jsou nezbytn\u00e9 pro prodlou\u017een\u00ed \u017eivotnosti kore\u010dkov\u00e9ho v\u00e1lce. \u00dakoly \u00fadr\u017eby zahrnuj\u00ed:<\/p>\n<ul>\n<li>Pravideln\u00e9 kontroly <\/li>\n<li>Spr\u00e1vn\u00e9 maz\u00e1n\u00ed <\/li>\n<li>V\u00fdm\u011bna t\u011bsn\u011bn\u00ed a t\u011bsnic\u00edch krou\u017ek\u016f <\/li>\n<li>Kalibra\u010dn\u00ed kontroly <\/li>\n<\/ul>\n<p>Spr\u00e1vn\u00e1 instalace, maz\u00e1n\u00ed a se\u0159\u00edzen\u00ed jsou nezbytn\u00e9. Doporu\u010duje se spr\u00e1vn\u00e9 veden\u00ed k vyrovn\u00e1n\u00ed b\u011bhem instalace a pou\u017eit\u00ed vhodn\u00fdch mont\u00e1\u017en\u00edch konzol k upevn\u011bn\u00ed v\u00e1lce. Pro prodlou\u017een\u00ed \u017eivotnosti produktu doporu\u010dujeme program kontroly, opravy a v\u00fdm\u011bny.<\/p>\n<p><img decoding=\"async\" src=\"https:\/\/www.hydraulic-cylinders.net\/wp-content\/uploads\/2025\/01\/songte-chushion-collar.webp\"><\/p>\n<h2>Bezpe\u010dnostn\u00ed aspekty a faktory prost\u0159ed\u00ed<\/h2>\n<p>P\u0159i manipulaci s jak\u00fdmkoli hydraulick\u00fdm v\u00e1lcem je nezbytn\u00e9 dodr\u017eovat bezpe\u010dnostn\u00ed opat\u0159en\u00ed, jako je no\u0161en\u00ed ochrann\u00fdch pom\u016fcek, jako jsou rukavice a br\u00fdle. Je tak\u00e9 d\u016fle\u017eit\u00e9 dodr\u017eovat environment\u00e1ln\u00ed normy pro likvidaci hydraulick\u00e9ho oleje a ve\u0161ker\u00fdch dal\u0161\u00edch odpadn\u00edch produkt\u016f vznikaj\u00edc\u00edch b\u011bhem \u00fadr\u017eby a oprav.<\/p>\n<h2>Odstra\u0148ov\u00e1n\u00ed probl\u00e9m\u016f a b\u011b\u017en\u00e9 probl\u00e9my<\/h2>\n<p>Mezi b\u011b\u017en\u00e9 probl\u00e9my s kore\u010dkov\u00fdmi v\u00e1lci pat\u0159\u00ed po\u0161kozen\u00e1 t\u011bsn\u011bn\u00ed, net\u011bsnosti a sn\u00ed\u017een\u00fd provozn\u00ed v\u00fdkon. Probl\u00e9my lze \u0159e\u0161it vizu\u00e1ln\u00edmi kontrolami a hydraulick\u00fdmi tlakov\u00fdmi zkou\u0161kami. V p\u0159\u00edpad\u011b jak\u00fdchkoli probl\u00e9m\u016f doporu\u010dujeme kontaktovat odborn\u00edka.<\/p>\n<p><img decoding=\"async\" src=\"https:\/\/www.hydraulic-cylinders.net\/wp-content\/uploads\/2025\/01\/songte-bushings-with-all-kinds-of-excavator-models.webp\"><\/p>\n<h2>O na\u0161\u00ed spole\u010dnosti<\/h2>\n<p>We are a manufacturer of replacement hydraulic cylinders, with a complete range of products, and have become one of the leading manufacturers and wholesale distributors of hydraulic cylinders in the domestic and international markets. We adhere to the principle of superior quality and rely on the industrial production management strategy of fine manufacturing workshops. We continuously improve the workshop manufacturing platform and improve product quality production routes, and have strong creativity, efficient, high-precision, and high-quality principles to meet customers&#8217; diverse needs.<\/p>\n<p>Na\u0161e spole\u010dnost disponuje t\u00fdmem technick\u00fdch talent\u016f, \u0161pi\u010dkov\u00fdm digit\u00e1ln\u00edm v\u00fdrobn\u00edm za\u0159\u00edzen\u00edm a profesion\u00e1ln\u00edmi testovac\u00edmi syst\u00e9my, kter\u00e9 n\u00e1m umo\u017e\u0148uj\u00ed neust\u00e1le zlep\u0161ovat kvalitu na\u0161ich produkt\u016f a poskytovat slu\u017eby na m\u00edru. Poskytujeme profesion\u00e1ln\u00ed poprodejn\u00ed slu\u017eby, abychom zajistili spokojenost z\u00e1kazn\u00edk\u016f a dlouhodobou spolupr\u00e1ci.<\/p>\n<p><img decoding=\"async\" src=\"https:\/\/hzpt.com\/wp-content\/uploads\/2024\/11\/songte-company-1.webp\"> <\/p>\n<p>Autor: lyl<\/p>","protected":false},"excerpt":{"rendered":"<p>Bucket Cylinder For Case Large Excavator CX300B Introduction A bucket cylinder is a specially designed hydraulic cylinder primarily used to control the movement of buckets in heavy machinery such as excavators, backhoe loaders, and front-end loaders. Its main function is to allow the bucket to lift, lower, and tilt, making it easier to handle various [&hellip;]<\/p>","protected":false},"featured_media":14773,"comment_status":"open","ping_status":"closed","template":"","meta":{"_et_pb_use_builder":"","_et_pb_old_content":"","_et_gb_content_width":""},"product_brand":[],"product_cat":[1494],"product_tag":[1495,1496],"class_list":{"0":"post-15726","1":"product","2":"type-product","3":"status-publish","4":"has-post-thumbnail","6":"product_cat-bucket-cylinders","7":"product_tag-bucket-cylinders","8":"product_tag-hydraulic-cylinders","10":"first","11":"instock","12":"shipping-taxable","13":"product-type-simple"},"amp_enabled":true,"_links":{"self":[{"href":"https:\/\/www.hydraulic-cylinders.net\/cs\/wp-json\/wp\/v2\/product\/15726","targetHints":{"allow":["GET"]}}],"collection":[{"href":"https:\/\/www.hydraulic-cylinders.net\/cs\/wp-json\/wp\/v2\/product"}],"about":[{"href":"https:\/\/www.hydraulic-cylinders.net\/cs\/wp-json\/wp\/v2\/types\/product"}],"replies":[{"embeddable":true,"href":"https:\/\/www.hydraulic-cylinders.net\/cs\/wp-json\/wp\/v2\/comments?post=15726"}],"wp:featuredmedia":[{"embeddable":true,"href":"https:\/\/www.hydraulic-cylinders.net\/cs\/wp-json\/wp\/v2\/media\/14773"}],"wp:attachment":[{"href":"https:\/\/www.hydraulic-cylinders.net\/cs\/wp-json\/wp\/v2\/media?parent=15726"}],"wp:term":[{"taxonomy":"product_brand","embeddable":true,"href":"https:\/\/www.hydraulic-cylinders.net\/cs\/wp-json\/wp\/v2\/product_brand?post=15726"},{"taxonomy":"product_cat","embeddable":true,"href":"https:\/\/www.hydraulic-cylinders.net\/cs\/wp-json\/wp\/v2\/product_cat?post=15726"},{"taxonomy":"product_tag","embeddable":true,"href":"https:\/\/www.hydraulic-cylinders.net\/cs\/wp-json\/wp\/v2\/product_tag?post=15726"}],"curies":[{"name":"wp","href":"https:\/\/api.w.org\/{rel}","templated":true}]}}