{"id":15734,"date":"2025-01-19T14:54:32","date_gmt":"2025-01-19T14:54:32","guid":{"rendered":"https:\/\/www.hydraulic-cylinders.net\/product\/bucket-cylinder-for-zhenyu-small-excavator-zy330\/"},"modified":"2025-01-19T14:54:35","modified_gmt":"2025-01-19T14:54:35","slug":"bucket-cylinder-for-zhenyu-small-excavator-zy330","status":"publish","type":"product","link":"https:\/\/www.hydraulic-cylinders.net\/cs\/produkt\/bucket-cylinder-for-zhenyu-small-excavator-zy330\/","title":{"rendered":"V\u00e1lec kope\u010dku pro mal\u00e9 rypadlo Zhenyu ZY330"},"content":{"rendered":"<h1>V\u00e1lec kope\u010dku pro mal\u00e9 rypadlo Zhenyu ZY330<\/h1>\n<h2>Zaveden\u00ed<\/h2>\n<p>Hydraulick\u00fd v\u00e1lec l\u017e\u00edce pro mal\u00e9 rypadlo Zhenyu ZY330 je speci\u00e1ln\u011b navr\u017een\u00fd hydraulick\u00fd v\u00e1lec pou\u017e\u00edvan\u00fd k ovl\u00e1d\u00e1n\u00ed pohybu l\u017e\u00edce v t\u011b\u017ek\u00fdch stroj\u00edch, jako jsou rypadla, r\u00fdpadlo-naklada\u010de a \u010deln\u00ed naklada\u010de. Jeho hlavn\u00ed funkc\u00ed je umo\u017enit zved\u00e1n\u00ed, spou\u0161t\u011bn\u00ed a nakl\u00e1p\u011bn\u00ed l\u017e\u00edce, co\u017e usnad\u0148uje prov\u00e1d\u011bn\u00ed r\u016fzn\u00fdch \u00fakol\u016f manipulace s materi\u00e1lem. V\u00e1lce l\u017e\u00edce v hydraulick\u00fdch syst\u00e9mech \u0159\u00edd\u00ed p\u0159esn\u00fd pohyb l\u017e\u00edce zm\u011bnami tlaku hydraulick\u00e9ho oleje, co\u017e umo\u017e\u0148uje obsluze efektivn\u011b manipulovat s t\u011b\u017ek\u00fdmi b\u0159emeny a p\u0159izp\u016fsobovat se slo\u017eit\u00fdm pracovn\u00edm prost\u0159ed\u00edm a rozmanit\u00fdm po\u017eadavk\u016fm na pr\u00e1ci.<\/p>\n<p><img decoding=\"async\" src=\"https:\/\/www.hydraulic-cylinders.net\/wp-content\/uploads\/2025\/01\/songte-company-2.webp\" alt=\"V\u00e1lec kope\u010dku pro mal\u00e9 rypadlo Zhenyu ZY330\"><\/p>\n<h2>Funkce<\/h2>\n<ul>\n<li>Vysok\u00e1 pevnost a odolnost: V\u00e1lec kore\u010dkov\u00e9ho typu, obvykle vyroben\u00fd z vysokopevnostn\u00ed oceli nebo hlin\u00edku, odol\u00e1 vysok\u00e9mu tlaku a velk\u00e9mu zat\u00ed\u017een\u00ed, p\u0159izp\u016fsob\u00ed se n\u00e1ro\u010dn\u00e9mu pracovn\u00edmu prost\u0159ed\u00ed a je navr\u017een pro odolnost proti opot\u0159eben\u00ed a korozi, co\u017e prodlu\u017euje jeho \u017eivotnost.<\/li>\n<li>Efektivn\u00ed hydraulick\u00fd provoz: D\u00edky vyu\u017eit\u00ed tlaku hydraulick\u00e9ho oleje k dosa\u017een\u00ed plynul\u00e9ho vysouv\u00e1n\u00ed a zasouv\u00e1n\u00ed dok\u00e1\u017ee v\u00e1lec l\u017e\u00edce rychle reagovat na \u0159\u00eddic\u00ed povely a poskytovat siln\u00e9 tla\u010dn\u00e9 a ta\u017en\u00e9 s\u00edly vhodn\u00e9 pro manipulaci s t\u011b\u017ek\u00fdmi b\u0159emeny a slo\u017eit\u00e9 pracovn\u00ed \u00fakoly.<\/li>\n<li>R\u016fzn\u00e9 typy: Podle provozn\u00edch pot\u0159eb lze zvolit jedno\u010dinn\u00e9 (hydraulika pou\u017eit\u00e1 pouze v jednom sm\u011bru) nebo dvoj\u010dinn\u00e9 (hydraulika pou\u017eit\u00e1 v obou sm\u011brech) v\u00e1lce. N\u011bkter\u00e9 modely jsou teleskopick\u00e9, co\u017e umo\u017e\u0148uje v\u011bt\u0161\u00ed vysunut\u00ed bez zv\u011bt\u0161en\u00ed vn\u011bj\u0161\u00edch rozm\u011br\u016f, vhodn\u00e9 pro aplikace v omezen\u00e9m prostoru.<\/li>\n<li>P\u0159izp\u016fsobiteln\u00e9: Tento produkt m\u016f\u017eeme vyrobit a dokonale nahrad\u00ed tyto hydraulick\u00e9 v\u00e1lce.<\/li>\n<\/ul>\n<p><img decoding=\"async\" src=\"https:\/\/www.hydraulic-cylinders.net\/wp-content\/uploads\/2025\/01\/songte-cylinder-head-with-all-kinds-excavator-models.webp\" alt=\"V\u00e1lec kope\u010dku pro mal\u00e9 rypadlo Zhenyu ZY330\"><\/p>\n<h2>Aplikace<\/h2>\n<p>Kore\u010dkov\u00fd v\u00e1lec se \u0161iroce pou\u017e\u00edv\u00e1 v r\u016fzn\u00fdch za\u0159\u00edzen\u00edch, jako nap\u0159\u00edklad:<\/p>\n<ul>\n<li>Stavebn\u00ed stroje: U bagr\u016f jsou nezbytn\u00e9 pro kop\u00e1n\u00ed, nakl\u00e1d\u00e1n\u00ed a p\u0159emis\u0165ov\u00e1n\u00ed zeminy nebo suti. U rypadlo-naklada\u010d\u016f pom\u00e1h\u00e1 v\u00e1lec kore\u010dkov\u00e9ho v\u00e1lce p\u0159i kop\u00e1n\u00ed a zved\u00e1n\u00ed. <\/li>\n<li>Zem\u011bd\u011blsk\u00e9 stroje: Pou\u017e\u00edvaj\u00ed se v \u010deln\u00edch naklada\u010d\u00edch, kter\u00e9 nab\u00edraj\u00ed, zvedaj\u00ed a p\u0159epravuj\u00ed p\u016fdu, seno a dal\u0161\u00ed materi\u00e1ly. <\/li>\n<li>Rypadla: V\u00e1lce l\u017e\u00edce umo\u017e\u0148uj\u00ed kop\u00e1n\u00ed t\u00edm, \u017ee umo\u017e\u0148uj\u00ed l\u017e\u00edci proniknout do p\u016fdy.<\/li>\n<li>\u010celn\u00ed naklada\u010de: \u010celn\u00ed naklada\u010de pom\u00e1haj\u00ed efektivn\u011b zvedat a vykl\u00e1dat zbo\u017e\u00ed.<\/li>\n<\/ul>\n<h2>Konstruk\u010dn\u00ed aspekty a krit\u00e9ria v\u00fdb\u011bru<\/h2>\n<p>Kore\u010dkov\u00e9 v\u00e1lce maj\u00ed ur\u010dit\u00e9 konstruk\u010dn\u00ed aspekty a krit\u00e9ria v\u00fdb\u011bru, jako nap\u0159\u00edklad:<\/p>\n<ul>\n<li>\u00danosnost: V\u00e1lec mus\u00ed m\u00edt pevnost, aby odolal t\u011b\u017ek\u00fdm zat\u00ed\u017een\u00edm.<\/li>\n<li>T\u011bsn\u011bn\u00ed: Vysoce kvalitn\u00ed t\u011bsn\u011bn\u00ed jsou nezbytn\u00e1 pro prevenci \u00fanik\u016f a udr\u017een\u00ed efektivn\u00edho provozu.<\/li>\n<li>Trvanlivost: M\u011bl by b\u00fdt navr\u017een tak, aby odol\u00e1val opot\u0159eben\u00ed a korozi, aby se prodlou\u017eila jeho \u017eivotnost.<\/li>\n<li>Bezpe\u010dnost: V\u00e1lce s kore\u010dkami mus\u00ed b\u00fdt navr\u017eeny tak, aby se p\u0159ede\u0161lo nehod\u00e1m, chr\u00e1nily pracovn\u00edky a zabr\u00e1nilo se po\u0161kozen\u00ed za\u0159\u00edzen\u00ed.<\/li>\n<li>\u00dadr\u017eba: V\u00e1lce kore\u010dk\u016f by m\u011bly b\u00fdt navr\u017eeny tak, aby se daly snadno opravovat a udr\u017eovat.<\/li>\n<\/ul>\n<p><img decoding=\"async\" src=\"https:\/\/www.hydraulic-cylinders.net\/wp-content\/uploads\/2025\/01\/songte-oil-pipes-and-spare-parts.webp\" alt=\"V\u00e1lec kope\u010dku pro mal\u00e9 rypadlo Zhenyu ZY330\"><\/p>\n<h2>T\u011bsn\u011bn\u00ed a maz\u00e1n\u00ed<\/h2>\n<p>V kore\u010dkov\u00fdch v\u00e1lc\u00edch se pou\u017e\u00edvaj\u00ed r\u016fzn\u00e1 t\u011bsn\u011bn\u00ed, jako jsou p\u00edstn\u00ed t\u011bsn\u011bn\u00ed a p\u00edstn\u00ed t\u011bsn\u011bn\u00ed. Obvykle se pou\u017e\u00edvaj\u00ed t\u011bsn\u011bn\u00ed vyroben\u00e1 z materi\u00e1l\u016f odoln\u00fdch proti opot\u0159eben\u00ed, jako je polyuretan a nitrilov\u00e1 pry\u017e. T\u011bleso v\u00e1lce a povrchy z\u00e1vitov\u00fdch konc\u016f jsou jemn\u011b opracov\u00e1ny pro zlep\u0161en\u00ed odolnosti proti opot\u0159eben\u00ed. Pro zaji\u0161t\u011bn\u00ed dlouh\u00e9 \u017eivotnosti je nezbytn\u00e9 pravideln\u00e9 maz\u00e1n\u00ed vhodn\u00fdm mno\u017estv\u00edm hydraulick\u00e9ho oleje.<\/p>\n<h2>\u00dadr\u017eba a opravy<\/h2>\n<p>Pravideln\u00e1 kontrola, spr\u00e1vn\u00e9 maz\u00e1n\u00ed, v\u00fdm\u011bna t\u011bsn\u011bn\u00ed a kalibra\u010dn\u00ed kontroly pat\u0159\u00ed k b\u011b\u017en\u00fdm \u00fakon\u016fm \u00fadr\u017eby. Spr\u00e1vn\u00e1 instalace, maz\u00e1n\u00ed a se\u0159\u00edzen\u00ed jsou z\u00e1sadn\u00ed a b\u011bhem instalace by m\u011blo b\u00fdt zaji\u0161t\u011bno spr\u00e1vn\u00e9 veden\u00ed pro vyrovn\u00e1n\u00ed. Pro zaji\u0161t\u011bn\u00ed v\u00e1lce doporu\u010dujeme pou\u017e\u00edt vhodn\u00e9 mont\u00e1\u017en\u00ed konzole. Nab\u00edz\u00edme doporu\u010den\u00e9 postupy kontroly, opravy a v\u00fdm\u011bny, n\u00e1hradn\u00ed d\u00edly a slu\u017eby repase, abychom prodlou\u017eili \u017eivotnost kore\u010dkov\u00e9ho v\u00e1lce.<\/p>\n<p><img decoding=\"async\" src=\"https:\/\/www.hydraulic-cylinders.net\/wp-content\/uploads\/2025\/01\/songte-chushion-collar.webp\" alt=\"V\u00e1lec kope\u010dku pro mal\u00e9 rypadlo Zhenyu ZY330\"><\/p>\n<h2>Bezpe\u010dnostn\u00ed aspekty a faktory prost\u0159ed\u00ed<\/h2>\n<p>P\u0159i pou\u017e\u00edv\u00e1n\u00ed kore\u010dkov\u00fdch v\u00e1lc\u016f jsou nezbytn\u00e1 bezpe\u010dnostn\u00ed opat\u0159en\u00ed. Aby se p\u0159ede\u0161lo potenci\u00e1ln\u00edm probl\u00e9m\u016fm, je t\u0159eba pravideln\u011b prov\u00e1d\u011bt \u0159\u00e1dnou \u00fadr\u017ebu a kontrolu za\u0159\u00edzen\u00ed. P\u0159i v\u00fdb\u011bru a pou\u017e\u00edv\u00e1n\u00ed kore\u010dkov\u00fdch v\u00e1lc\u016f je t\u0159eba zohlednit tak\u00e9 faktory prost\u0159ed\u00ed, jako je teplota, vlhkost a korozivn\u00ed prvky.<\/p>\n<h2>Odstra\u0148ov\u00e1n\u00ed probl\u00e9m\u016f a b\u011b\u017en\u00e9 probl\u00e9my<\/h2>\n<p>U kore\u010dkov\u00fdch v\u00e1lc\u016f se mohou vyskytnout probl\u00e9my, jako jsou net\u011bsnosti, n\u00edzk\u00fd tlak nebo pomal\u00fd pohyb. \u010cten\u00e1\u0159\u016fm jsou k dispozici tipy pro odstra\u0148ov\u00e1n\u00ed probl\u00e9m\u016f a jejich \u0159e\u0161en\u00ed, kter\u00e9 jim pomohou efektivn\u011b diagnostikovat a \u0159e\u0161it probl\u00e9my. Pro minimalizaci potenci\u00e1ln\u00edch probl\u00e9m\u016f se doporu\u010duj\u00ed preventivn\u00ed opat\u0159en\u00ed.<\/p>\n<p><img decoding=\"async\" src=\"https:\/\/www.hydraulic-cylinders.net\/wp-content\/uploads\/2025\/01\/songte-bushings-with-all-kinds-of-excavator-models.webp\" alt=\"V\u00e1lec kope\u010dku pro mal\u00e9 rypadlo Zhenyu ZY330\"><\/p>\n<h2>O na\u0161\u00ed spole\u010dnosti<\/h2>\n<p>Jsme v\u00fdrobce hydraulick\u00fdch v\u00e1lc\u016f, kter\u00e9 nahrazuj\u00ed hydraulick\u00e9 v\u00e1lce. Nab\u00edz\u00edme kompletn\u00ed sortiment produkt\u016f a stali jsme se jedn\u00edm z p\u0159edn\u00edch v\u00fdrobc\u016f a velkoobchodn\u00edch prodejc\u016f hydraulick\u00fdch v\u00e1lc\u016f na dom\u00e1c\u00edm i mezin\u00e1rodn\u00edm trhu. Dodr\u017eujeme politiku vynikaj\u00edc\u00ed kvality a spol\u00e9h\u00e1me se na strategie industrializace \u0159\u00edzen\u00ed v\u00fdroby v jemn\u00fdch v\u00fdrobn\u00edch d\u00edln\u00e1ch. Na\u0161e spole\u010dnost neust\u00e1le vylep\u0161uje v\u00fdrobn\u00ed platformu d\u00edlny, zdokonaluje v\u00fdrobn\u00ed linku kvality produkt\u016f a m\u00e1 siln\u00e9 tv\u016fr\u010d\u00ed schopnosti. Uspokojujeme rozmanit\u00e9 pot\u0159eby z\u00e1kazn\u00edk\u016f s principy vysok\u00e9 efektivity, vysok\u00e9 p\u0159esnosti a vysok\u00e9 kvality.<\/p>\n<p>Nab\u00edz\u00edme profesion\u00e1ln\u00ed, mezin\u00e1rodn\u011b certifikovan\u00e9, zak\u00e1zkov\u00e9 slu\u017eby, modern\u00ed v\u00fdrobn\u00ed za\u0159\u00edzen\u00ed a poprodejn\u00ed servis, abychom roz\u0161\u00ed\u0159ili p\u016fsobnost na\u0161\u00ed spole\u010dnosti.<\/p>\n<p><img decoding=\"async\" src=\"https:\/\/hzpt.com\/wp-content\/uploads\/2024\/11\/songte-company-1.webp\" alt=\"V\u00e1lec kope\u010dku pro mal\u00e9 rypadlo Zhenyu ZY330\"><\/p>\n<h3>Autor: lyl<\/h3>","protected":false},"excerpt":{"rendered":"<p>Bucket Cylinder For Zhenyu Small Excavator ZY330 Introduction The bucket cylinder for Zhenyu small excavator ZY330 is a specially-designed hydraulic cylinder used to control the movement of the bucket in heavy machinery such as excavators, backhoe loaders, and front-end loaders. Its main function is to enable the bucket to lift, lower, and tilt, making it [&hellip;]<\/p>","protected":false},"featured_media":14787,"comment_status":"open","ping_status":"closed","template":"","meta":{"_et_pb_use_builder":"","_et_pb_old_content":"","_et_gb_content_width":""},"product_brand":[],"product_cat":[1494],"product_tag":[1495,1496],"class_list":{"0":"post-15734","1":"product","2":"type-product","3":"status-publish","4":"has-post-thumbnail","6":"product_cat-bucket-cylinders","7":"product_tag-bucket-cylinders","8":"product_tag-hydraulic-cylinders","10":"first","11":"instock","12":"shipping-taxable","13":"product-type-simple"},"amp_enabled":true,"_links":{"self":[{"href":"https:\/\/www.hydraulic-cylinders.net\/cs\/wp-json\/wp\/v2\/product\/15734","targetHints":{"allow":["GET"]}}],"collection":[{"href":"https:\/\/www.hydraulic-cylinders.net\/cs\/wp-json\/wp\/v2\/product"}],"about":[{"href":"https:\/\/www.hydraulic-cylinders.net\/cs\/wp-json\/wp\/v2\/types\/product"}],"replies":[{"embeddable":true,"href":"https:\/\/www.hydraulic-cylinders.net\/cs\/wp-json\/wp\/v2\/comments?post=15734"}],"wp:featuredmedia":[{"embeddable":true,"href":"https:\/\/www.hydraulic-cylinders.net\/cs\/wp-json\/wp\/v2\/media\/14787"}],"wp:attachment":[{"href":"https:\/\/www.hydraulic-cylinders.net\/cs\/wp-json\/wp\/v2\/media?parent=15734"}],"wp:term":[{"taxonomy":"product_brand","embeddable":true,"href":"https:\/\/www.hydraulic-cylinders.net\/cs\/wp-json\/wp\/v2\/product_brand?post=15734"},{"taxonomy":"product_cat","embeddable":true,"href":"https:\/\/www.hydraulic-cylinders.net\/cs\/wp-json\/wp\/v2\/product_cat?post=15734"},{"taxonomy":"product_tag","embeddable":true,"href":"https:\/\/www.hydraulic-cylinders.net\/cs\/wp-json\/wp\/v2\/product_tag?post=15734"}],"curies":[{"name":"wp","href":"https:\/\/api.w.org\/{rel}","templated":true}]}}