{"id":15742,"date":"2025-01-19T14:55:05","date_gmt":"2025-01-19T14:55:05","guid":{"rendered":"https:\/\/www.hydraulic-cylinders.net\/product\/bucket-cylinder-for-world-middle-excavator-w2215-8\/"},"modified":"2025-01-19T14:55:07","modified_gmt":"2025-01-19T14:55:07","slug":"bucket-cylinder-for-world-middle-excavator-w2215-8","status":"publish","type":"product","link":"https:\/\/www.hydraulic-cylinders.net\/cs\/produkt\/bucket-cylinder-for-world-middle-excavator-w2215-8\/","title":{"rendered":"V\u00e1lec l\u017e\u00edce pro bagr World Middle W2215-8"},"content":{"rendered":"<h2>V\u00e1lec l\u017e\u00edce pro bagr World Middle W2215-8<\/h2>\n<p>Hydraulick\u00fd v\u00e1lec kore\u010dkov\u00e9 l\u017e\u00edce je speci\u00e1ln\u011b navr\u017een\u00fd hydraulick\u00fd v\u00e1lec, kter\u00fd se prim\u00e1rn\u011b pou\u017e\u00edv\u00e1 k ovl\u00e1d\u00e1n\u00ed pohybu kore\u010dkov\u00e9 l\u017e\u00edce v t\u011b\u017ek\u00fdch stroj\u00edch, jako jsou bagry, rypadla-naklada\u010de a \u010deln\u00ed naklada\u010de. Jeho hlavn\u00ed funkc\u00ed je umo\u017enit kore\u010dkov\u00e9 l\u017e\u00edci prov\u00e1d\u011bt zved\u00e1n\u00ed, spou\u0161t\u011bn\u00ed a nakl\u00e1p\u011bn\u00ed, co\u017e usnad\u0148uje manipulaci s r\u016fzn\u00fdmi materi\u00e1ly. V hydraulick\u00e9m syst\u00e9mu dosahuje v\u00e1lec kore\u010dkov\u00e9 l\u017e\u00edce p\u0159esn\u00e9ho ovl\u00e1d\u00e1n\u00ed kore\u010dkov\u00e9 l\u017e\u00edce pomoc\u00ed zm\u011bny tlaku hydraulick\u00e9ho oleje, co\u017e umo\u017e\u0148uje obsluze efektivn\u011b manipulovat s t\u011b\u017ek\u00fdmi b\u0159emeny a p\u0159izp\u016fsobovat se slo\u017eit\u00fdm pracovn\u00edm prost\u0159ed\u00edm a rozmanit\u00fdm provozn\u00edm po\u017eadavk\u016fm.<\/p>\n<p><img decoding=\"async\" src=\"https:\/\/www.hydraulic-cylinders.net\/wp-content\/uploads\/2025\/01\/songte-company-2.webp\" alt=\"Obr\u00e1zek v\u00e1lce kbel\u00edku\"><\/p>\n<h3>Vlastnosti v\u00e1lce kore\u010dkov\u00e9ho v\u00e1lce pro bagr World Middle W2215-8<\/h3>\n<ol>\n<li>Vysok\u00e1 pevnost a trvanlivost: Obvykle se vyr\u00e1b\u00ed z vysokopevnostn\u00ed oceli nebo hlin\u00edku, odol\u00e1v\u00e1 vysok\u00e9mu tlaku a velk\u00e9mu zat\u00ed\u017een\u00ed a p\u0159izp\u016fsobuje se n\u00e1ro\u010dn\u00fdm pracovn\u00edm prost\u0159ed\u00edm. Konstrukce zohled\u0148uje odolnost proti opot\u0159eben\u00ed a korozi, \u010d\u00edm\u017e prodlu\u017euje \u017eivotnost.<\/li>\n<li>Efektivn\u00ed hydraulick\u00fd provoz: Vyu\u017e\u00edv\u00e1 tlak hydraulick\u00e9ho oleje, umo\u017e\u0148uje plynul\u00e9 vysouv\u00e1n\u00ed a zasouv\u00e1n\u00ed, rychle reaguje na ovl\u00e1dac\u00ed povely, poskytuje siln\u00e9 tla\u010dn\u00e9 a ta\u017en\u00e9 s\u00edly a je vhodn\u00fd pro manipulaci s t\u011b\u017ek\u00fdmi b\u0159emeny a slo\u017eit\u00fdmi \u00fakoly.<\/li>\n<li>R\u016fzn\u00e9 typy: V\u00e1lec lze volit jako jedno\u010dinn\u00fd (hydraulicky ovl\u00e1dan\u00fd pouze v jednom sm\u011bru) nebo dvoj\u010dinn\u00fd (hydraulicky ovl\u00e1dan\u00fd v obou sm\u011brech) dle po\u017eadavk\u016f, kter\u00e9 spl\u0148uj\u00ed r\u016fzn\u00e9 provozn\u00ed pot\u0159eby. N\u011bkter\u00e9 modely jsou teleskopick\u00e9, co\u017e umo\u017e\u0148uje v\u011bt\u0161\u00ed v\u00fdsuv bez zv\u011bt\u0161en\u00ed vn\u011bj\u0161\u00edch rozm\u011br\u016f, a jsou vhodn\u00e9 pro aplikace s omezen\u00fdm prostorem.<\/li>\n<li>Dokonale nahrazuje origin\u00e1ln\u00ed v\u00e1lce: N\u00e1\u0161 produkt je navr\u017een tak, aby dokonale nahradil tyto hydraulick\u00e9 v\u00e1lce.<\/li>\n<\/ol>\n<p><img decoding=\"async\" src=\"https:\/\/www.hydraulic-cylinders.net\/wp-content\/uploads\/2025\/01\/songte-cylinder-head-with-all-kinds-excavator-models.webp\" alt=\"Obr\u00e1zek n\u00e1hradn\u00edho hydraulick\u00e9ho v\u00e1lce\"><\/p>\n<h3>Aplikace v\u00e1lce kore\u010dkov\u00e9ho v\u00e1lce pro World Middle Excavator W2215-8<\/h3>\n<p>Tento kore\u010dkov\u00fd v\u00e1lec se \u0161iroce pou\u017e\u00edv\u00e1 v r\u016fzn\u00fdch stavebn\u00edch a zem\u011bd\u011blsk\u00fdch stroj\u00edch:<\/p>\n<ul>\n<li>Stavebn\u00ed za\u0159\u00edzen\u00ed: Hraje kl\u00ed\u010dovou roli v bagrech pro kop\u00e1n\u00ed, nakl\u00e1d\u00e1n\u00ed a p\u0159emis\u0165ov\u00e1n\u00ed zeminy nebo suti. U rypadlo-naklada\u010d\u016f pom\u00e1h\u00e1 v\u00e1lec l\u017e\u00edce jak p\u0159i v\u00fdkopu, tak p\u0159i zved\u00e1n\u00ed.<\/li>\n<li>Zem\u011bd\u011blsk\u00e9 stroje: Pou\u017e\u00edvaj\u00ed se v \u010deln\u00edch naklada\u010d\u00edch pro nab\u00edr\u00e1n\u00ed, zved\u00e1n\u00ed a p\u0159epravu p\u016fdy, sena a dal\u0161\u00edch materi\u00e1l\u016f.<\/li>\n<li>Rypadla: V\u00e1lec l\u017e\u00edce umo\u017e\u0148uje kop\u00e1n\u00ed t\u00edm, \u017ee umo\u017e\u0148uje l\u017e\u00edci proniknout do p\u016fdy.<\/li>\n<li>\u010celn\u00ed naklada\u010de: U \u010deln\u00edch naklada\u010d\u016f pom\u00e1haj\u00ed s efektivn\u00edm zved\u00e1n\u00edm a vykl\u00e1dkov\u00e1n\u00edm zbo\u017e\u00ed.<\/li>\n<\/ul>\n<h3>Konstruk\u010dn\u00ed aspekty a krit\u00e9ria v\u00fdb\u011bru<\/h3>\n<p>P\u0159i n\u00e1vrhu v\u00e1lce kore\u010dkov\u00e9ho v\u00e1lce je t\u0159eba zohlednit n\u011bkolik d\u016fle\u017eit\u00fdch faktor\u016f:<\/p>\n<ul>\n<li>\u00danosnost<\/li>\n<li>T\u011bsnic\u00ed schopnosti<\/li>\n<li>Trvanlivost<\/li>\n<li>Bezpe\u010dnost<\/li>\n<li>Udr\u017eovatelnost<\/li>\n<\/ul>\n<p><img decoding=\"async\" src=\"https:\/\/www.hydraulic-cylinders.net\/wp-content\/uploads\/2025\/01\/songte-oil-pipes-and-spare-parts.webp\" alt=\"Konstrukce hydraulick\u00e9ho v\u00e1lce a obr\u00e1zek jeho sou\u010d\u00e1st\u00ed\"><\/p>\n<h3>T\u011bsn\u011bn\u00ed a maz\u00e1n\u00ed<\/h3>\n<p>Kore\u010dkov\u00fd v\u00e1lec vyu\u017e\u00edv\u00e1 r\u016fzn\u00e9 t\u011bsnic\u00ed komponenty, jako jsou t\u011bsn\u011bn\u00ed p\u00edst\u016f a p\u00edstnic, vyroben\u00e9 z materi\u00e1l\u016f odoln\u00fdch proti opot\u0159eben\u00ed, jako je polyuretan a nitrilov\u00e1 pry\u017e. T\u011bleso v\u00e1lce a z\u00e1vitov\u00e9 koncov\u00e9 plochy jsou jemn\u011b opracov\u00e1ny pro zlep\u0161en\u00ed odolnosti proti opot\u0159eben\u00ed. Pro zaji\u0161t\u011bn\u00ed hladk\u00e9ho provozu je nutn\u00e9 pravideln\u00e9 maz\u00e1n\u00ed vhodn\u00fdm hydraulick\u00fdm olejem.<\/p>\n<h3>Pravideln\u00e1 kontrola a preventivn\u00ed \u00fadr\u017eba<\/h3>\n<p>Pro udr\u017een\u00ed v\u00fdkonu a prodlou\u017een\u00ed \u017eivotnosti kore\u010dkov\u00e9ho v\u00e1lce jsou nezbytn\u00e9 pravideln\u00e9 kontroly a preventivn\u00ed \u00fadr\u017eb\u00e1\u0159sk\u00e9 pr\u00e1ce:<\/p>\n<ul>\n<li>Kontrola p\u0159\u00edpadn\u00fdch zn\u00e1mek opot\u0159eben\u00ed nebo po\u0161kozen\u00ed<\/li>\n<li>Spr\u00e1vn\u00e9 maz\u00e1n\u00ed<\/li>\n<li>V\u00fdm\u011bna opot\u0159ebovan\u00fdch nebo po\u0161kozen\u00fdch t\u011bsn\u011bn\u00ed<\/li>\n<li>Kalibra\u010dn\u00ed kontroly<\/li>\n<\/ul>\n<p><img decoding=\"async\" src=\"https:\/\/www.hydraulic-cylinders.net\/wp-content\/uploads\/2025\/01\/songte-chushion-collar.webp\" alt=\"Obr\u00e1zek \u00fadr\u017eby v\u00e1lce lopaty\"><\/p>\n<h3>Bezpe\u010dnostn\u00ed aspekty a faktory prost\u0159ed\u00ed<\/h3>\n<p>P\u0159i pou\u017e\u00edv\u00e1n\u00ed kore\u010dkov\u00e9ho v\u00e1lce je nanejv\u00fd\u0161 d\u016fle\u017eit\u00e9 zajistit spr\u00e1vn\u00e1 bezpe\u010dnostn\u00ed opat\u0159en\u00ed. Dostate\u010dn\u00e9 \u0161kolen\u00ed a dodr\u017eov\u00e1n\u00ed bezpe\u010dnostn\u00edch protokol\u016f jsou z\u00e1sadn\u00ed pro prevenci nehod a udr\u017een\u00ed bezpe\u010dn\u00e9ho pracovn\u00edho prost\u0159ed\u00ed. Krom\u011b toho je p\u0159i provozu a \u00fadr\u017eb\u011b v\u00e1lce nezbytn\u00e9 zohlednit faktory prost\u0159ed\u00ed, aby se minimalizoval jak\u00fdkoli negativn\u00ed dopad.<\/p>\n<h3>Odstra\u0148ov\u00e1n\u00ed probl\u00e9m\u016f a b\u011b\u017en\u00e9 probl\u00e9my<\/h3>\n<p>Zde je n\u011bkolik b\u011b\u017en\u00fdch tip\u016f a \u0159e\u0161en\u00ed pro \u0159e\u0161en\u00ed potenci\u00e1ln\u00edch probl\u00e9m\u016f:<\/p>\n<ul>\n<li>Identifikace a diagnostika z\u00e1vad<\/li>\n<li>Poskytov\u00e1n\u00ed tip\u016f a \u0159e\u0161en\u00ed probl\u00e9m\u016f<\/li>\n<li>Navrhov\u00e1n\u00ed preventivn\u00edch opat\u0159en\u00ed<\/li>\n<\/ul>\n<p><img decoding=\"async\" src=\"https:\/\/www.hydraulic-cylinders.net\/wp-content\/uploads\/2025\/01\/songte-bushings-with-all-kinds-of-excavator-models.webp\" alt=\"Obr\u00e1zek pro odstra\u0148ov\u00e1n\u00ed probl\u00e9m\u016f s hydraulick\u00fdm v\u00e1lcem\"><\/p>\n<p>Nezapome\u0148te \u010dl\u00e1nek logicky uspo\u0159\u00e1dat, pou\u017e\u00edvat podnadpisy pro snadnou navigaci, za\u010dlenit relevantn\u00ed obr\u00e1zky nebo grafy pro lep\u0161\u00ed pochopen\u00ed a zajistit, aby obsah byl jasn\u00fd, stru\u010dn\u00fd a vhodn\u00fd pro \u010dten\u00e1\u0159e s r\u016fzn\u00fdmi \u00farovn\u011bmi technick\u00fdch znalost\u00ed.<\/p>\n<h2>O na\u0161\u00ed spole\u010dnosti<\/h2>\n<p>Jsme p\u0159edn\u00edm v\u00fdrobcem a velkoobchodn\u00edm distributorem n\u00e1hradn\u00edch hydraulick\u00fdch v\u00e1lc\u016f. D\u00edky \u0161irok\u00e9 nab\u00eddce na\u0161ich produkt\u016f si vybudovali d\u016fv\u011bryhodn\u00e9 jm\u00e9no na dom\u00e1c\u00edm i mezin\u00e1rodn\u00edm trhu. Dodr\u017eujeme principy excelence v kvalit\u011b a v na\u0161ich sofistikovan\u00fdch v\u00fdrobn\u00edch d\u00edln\u00e1ch vyu\u017e\u00edv\u00e1me strategie \u0159\u00edzen\u00ed pr\u016fmyslov\u00e9 v\u00fdroby. D\u00edky na\u0161emu t\u00fdmu technick\u00fdch odborn\u00edk\u016f, nejmodern\u011bj\u0161\u00edmu v\u00fdrobn\u00edmu za\u0159\u00edzen\u00ed a profesion\u00e1ln\u00edm testovac\u00edm syst\u00e9m\u016fm neust\u00e1le vylep\u0161ujeme na\u0161i v\u00fdrobn\u00ed platformu a v\u00fdrobn\u00ed postupy zaji\u0161\u0165uj\u00edc\u00ed kvalitu produkt\u016f. M\u00e1me silnou inova\u010dn\u00ed schopnost a sna\u017e\u00edme se uspokojovat rozmanit\u00e9 pot\u0159eby z\u00e1kazn\u00edk\u016f s vysokou efektivitou, p\u0159esnost\u00ed a kvalitou.<\/p>\n<p><img decoding=\"async\" src=\"https:\/\/www.hydraulic-cylinders.net\/wp-content\/uploads\/2025\/01\/songte-company-3.webp\" alt=\"Image spole\u010dnosti\"><\/p>\n<h3>Pro\u010d si vybrat n\u00e1s?<\/h3>\n<ul>\n<li>Odbornost a profesionalita<\/li>\n<li>Mezin\u00e1rodn\u00ed certifikace<\/li>\n<li>Slu\u017eby p\u0159izp\u016fsoben\u00ed<\/li>\n<li>Pokro\u010dil\u00e9 v\u00fdrobn\u00ed za\u0159\u00edzen\u00ed<\/li>\n<li>Poprodejn\u00ed servis<\/li>\n<\/ul>\n<p>Autor: lyl<\/p>","protected":false},"excerpt":{"rendered":"<p>Bucket Cylinder For World Middle Excavator W2215-8 Bucket cylinder is a specially designed hydraulic cylinder that is primarily used to control the movement of the bucket in heavy machinery such as excavators, backhoe loaders, and front loaders. Its main function is to enable the bucket to perform lifting, lowering, and tilting actions, making it easier [&hellip;]<\/p>","protected":false},"featured_media":14771,"comment_status":"open","ping_status":"closed","template":"","meta":{"_et_pb_use_builder":"","_et_pb_old_content":"","_et_gb_content_width":""},"product_brand":[],"product_cat":[1494],"product_tag":[1495,1496],"class_list":{"0":"post-15742","1":"product","2":"type-product","3":"status-publish","4":"has-post-thumbnail","6":"product_cat-bucket-cylinders","7":"product_tag-bucket-cylinders","8":"product_tag-hydraulic-cylinders","10":"first","11":"instock","12":"shipping-taxable","13":"product-type-simple"},"amp_enabled":true,"_links":{"self":[{"href":"https:\/\/www.hydraulic-cylinders.net\/cs\/wp-json\/wp\/v2\/product\/15742","targetHints":{"allow":["GET"]}}],"collection":[{"href":"https:\/\/www.hydraulic-cylinders.net\/cs\/wp-json\/wp\/v2\/product"}],"about":[{"href":"https:\/\/www.hydraulic-cylinders.net\/cs\/wp-json\/wp\/v2\/types\/product"}],"replies":[{"embeddable":true,"href":"https:\/\/www.hydraulic-cylinders.net\/cs\/wp-json\/wp\/v2\/comments?post=15742"}],"wp:featuredmedia":[{"embeddable":true,"href":"https:\/\/www.hydraulic-cylinders.net\/cs\/wp-json\/wp\/v2\/media\/14771"}],"wp:attachment":[{"href":"https:\/\/www.hydraulic-cylinders.net\/cs\/wp-json\/wp\/v2\/media?parent=15742"}],"wp:term":[{"taxonomy":"product_brand","embeddable":true,"href":"https:\/\/www.hydraulic-cylinders.net\/cs\/wp-json\/wp\/v2\/product_brand?post=15742"},{"taxonomy":"product_cat","embeddable":true,"href":"https:\/\/www.hydraulic-cylinders.net\/cs\/wp-json\/wp\/v2\/product_cat?post=15742"},{"taxonomy":"product_tag","embeddable":true,"href":"https:\/\/www.hydraulic-cylinders.net\/cs\/wp-json\/wp\/v2\/product_tag?post=15742"}],"curies":[{"name":"wp","href":"https:\/\/api.w.org\/{rel}","templated":true}]}}