{"id":15766,"date":"2025-01-19T14:57:08","date_gmt":"2025-01-19T14:57:08","guid":{"rendered":"https:\/\/www.hydraulic-cylinders.net\/product\/bucket-cylinder-for-jchi-ns80-7\/"},"modified":"2025-01-19T14:57:10","modified_gmt":"2025-01-19T14:57:10","slug":"bucket-cylinder-for-jchi-ns80-7","status":"publish","type":"product","link":"https:\/\/www.hydraulic-cylinders.net\/cs\/produkt\/bucket-cylinder-for-jchi-ns80-7\/","title":{"rendered":"V\u00e1lec kore\u010dkov\u00e9ho v\u00e1lce pro JCHI NS80-7"},"content":{"rendered":"<h2>Zaveden\u00ed<\/h2>\n<h3>Kore\u010dkov\u00fd v\u00e1lec pro JCHI NS80-7<\/h3>\n<p>Hydraulick\u00fd v\u00e1lec l\u017e\u00edce pro JCHI NS80-7 je specializovan\u00fd hydraulick\u00fd v\u00e1lec, kter\u00fd se prim\u00e1rn\u011b pou\u017e\u00edv\u00e1 k ovl\u00e1d\u00e1n\u00ed pohybu l\u017eic v t\u011b\u017ek\u00fdch stroj\u00edch, jako jsou bagry, rypadla a \u010deln\u00ed naklada\u010de. Jeho hlavn\u00ed funkc\u00ed je umo\u017enit pohyb l\u017e\u00edce nahoru, dol\u016f a nakl\u00e1p\u011bn\u00ed, co\u017e usnad\u0148uje manipulaci s \u0161irokou \u0161k\u00e1lou materi\u00e1l\u016f. V hydraulick\u00e9m syst\u00e9mu dosahuje v\u00e1lec l\u017e\u00edce p\u0159esn\u00e9ho ovl\u00e1d\u00e1n\u00ed l\u017e\u00edce zm\u011bnami hydraulick\u00e9ho tlaku, co\u017e umo\u017e\u0148uje obsluze efektivn\u011b manipulovat s t\u011b\u017ek\u00fdmi b\u0159emeny a p\u0159izp\u016fsobovat se slo\u017eit\u00fdm pracovn\u00edm prost\u0159ed\u00edm a rozmanit\u00fdm po\u017eadavk\u016fm na pr\u00e1ci.<\/p>\n<p><img decoding=\"async\" src=\"https:\/\/www.hydraulic-cylinders.net\/wp-content\/uploads\/2025\/01\/songte-company-2.webp\"\/><\/p>\n<h2>Funkce<\/h2>\n<ul>\n<li><strong>Vysok\u00e1 pevnost a trvanlivost:<\/strong> Kore\u010dkov\u00fd v\u00e1lec, obvykle vyroben\u00fd z vysokopevnostn\u00ed oceli nebo hlin\u00edku, odol\u00e1 vysok\u00e9mu tlaku a velk\u00e9mu zat\u00ed\u017een\u00ed, p\u0159izp\u016fsob\u00ed se n\u00e1ro\u010dn\u00e9mu pracovn\u00edmu prost\u0159ed\u00ed a je navr\u017een s ohledem na odolnost proti opot\u0159eben\u00ed a korozi, aby se prodlou\u017eila jeho \u017eivotnost.<\/li>\n<li><strong>Efektivn\u00ed hydraulick\u00fd provoz:<\/strong> D\u00edky tlaku hydraulick\u00e9ho oleje k dosa\u017een\u00ed plynul\u00e9ho vysouv\u00e1n\u00ed a smr\u0161\u0165ov\u00e1n\u00ed dok\u00e1\u017ee v\u00e1lec kore\u010dkov\u00e9ho v\u00e1lce rychle reagovat na \u0159\u00eddic\u00ed povely, poskytovat silnou tla\u010dnou a ta\u017enou s\u00edlu a je vhodn\u00fd pro manipulaci s t\u011b\u017ek\u00fdmi b\u0159emeny a slo\u017eit\u00e9 pracovn\u00ed \u00fakoly.<\/li>\n<li><strong>R\u016fzn\u00e9 typy:<\/strong> V\u00e1lec kore\u010dkov\u00e9ho v\u00e1lce lze dle pot\u0159eby zvolit jako jedno\u010dinn\u00fd (vyu\u017e\u00edv\u00e1 hydraulick\u00fd tlak pouze v jednom sm\u011bru) nebo dvoj\u010dinn\u00fd (vyu\u017e\u00edv\u00e1 hydraulick\u00fd tlak ve dvou sm\u011brech), p\u0159i\u010dem\u017e n\u011bkter\u00e9 modely jsou teleskopick\u00e9, co\u017e umo\u017e\u0148uje v\u011bt\u0161\u00ed vysunut\u00ed bez zv\u011bt\u0161en\u00ed vn\u011bj\u0161\u00edch rozm\u011br\u016f, a je tak vhodn\u00fd pro aplikace s omezen\u00fdm prostorem.<\/li>\n<li><strong>K dispozici pro zak\u00e1zkovou v\u00fdrobu:<\/strong> Na\u0161e produkty dok\u00e1\u017e\u00ed tyto hydraulick\u00e9 v\u00e1lce dokonale nahradit.<\/li>\n<\/ul>\n<p><img decoding=\"async\" src=\"https:\/\/www.hydraulic-cylinders.net\/wp-content\/uploads\/2025\/01\/songte-cylinder-head-with-all-kinds-excavator-models.webp\"\/><\/p>\n<h2>Aplikace<\/h2>\n<p>Kore\u010dkov\u00fd v\u00e1lec pro JCHI NS80-7 lze \u0161iroce pou\u017e\u00edvat v r\u016fzn\u00fdch pr\u016fmyslov\u00fdch oblastech, v\u010detn\u011b:<\/p>\n<ul>\n<li><strong>Stavebn\u00ed vybaven\u00ed:<\/strong> U bagr\u016f jsou nezbytn\u00e9 pro kop\u00e1n\u00ed, nakl\u00e1d\u00e1n\u00ed a p\u0159emis\u0165ov\u00e1n\u00ed zeminy nebo suti. U rypadlo-naklada\u010d\u016f pom\u00e1h\u00e1 v\u00e1lec l\u017e\u00edce jak p\u0159i v\u00fdkopu, tak p\u0159i zved\u00e1n\u00ed. <\/li>\n<li><strong>Zem\u011bd\u011blsk\u00e9 stroje:<\/strong> Pou\u017e\u00edv\u00e1 se v \u010deln\u00edch naklada\u010d\u00edch pro nab\u00edr\u00e1n\u00ed, zved\u00e1n\u00ed a p\u0159epravu zeminy, sena a dal\u0161\u00edch materi\u00e1l\u016f. <\/li>\n<li><strong>Bagry:<\/strong> V\u00e1lec l\u017e\u00edce dosahuje ryc\u00edho \u00fa\u010dinku t\u00edm, \u017ee umo\u017e\u0148uje l\u017e\u00edci proniknout do p\u016fdy.<\/li>\n<li><strong>Naklada\u010de:<\/strong> U \u010deln\u00edch naklada\u010d\u016f pom\u00e1haj\u00ed s efektivn\u00edm zved\u00e1n\u00edm a nakl\u00e1p\u011bn\u00edm b\u0159emen.<\/li>\n<\/ul>\n<p>Ka\u017ed\u00e1 aplikace je podrobn\u011b pops\u00e1na n\u00ed\u017ee.<\/p>\n<h3>Stavebn\u00ed stroje<\/h3>\n<p>U bagr\u016f se v\u00e1lec l\u017e\u00edce pou\u017e\u00edv\u00e1 k kop\u00e1n\u00ed, nakl\u00e1d\u00e1n\u00ed a p\u0159emis\u0165ov\u00e1n\u00ed zeminy nebo suti. Krom\u011b toho m\u016f\u017ee tak\u00e9 pom\u00e1hat p\u0159i tla\u010den\u00ed a ta\u017een\u00ed. U rypadlo-naklada\u010d\u016f je v\u00e1lec l\u017e\u00edce zodpov\u011bdn\u00fd za zved\u00e1n\u00ed a nakl\u00e1p\u011bn\u00ed l\u017e\u00edce, co\u017e umo\u017e\u0148uje v\u00fdkopov\u00e9 a zdvi\u017en\u00e9 pr\u00e1ce. Jeho schopnost tla\u010dit a t\u00e1hnout t\u011b\u017ek\u00e1 b\u0159emena z n\u011bj \u010din\u00ed nepostradateln\u00fd n\u00e1stroj v t\u011bchto stroj\u00edch.<\/p>\n<h3>Zem\u011bd\u011blsk\u00e9 stroje<\/h3>\n<p>V\u00e1lec l\u017e\u00edce se \u0161iroce pou\u017e\u00edv\u00e1 u \u010deln\u00edch naklada\u010d\u016f k nab\u00edr\u00e1n\u00ed, zved\u00e1n\u00ed a p\u0159eprav\u011b zeminy, sena a dal\u0161\u00edch materi\u00e1l\u016f. V\u00e1lec l\u017e\u00edce je v zem\u011bd\u011blsk\u00fdch stroj\u00edch nezbytn\u00fd pro nakl\u00e1d\u00e1n\u00ed a vykl\u00e1d\u00e1n\u00ed materi\u00e1l\u016f z p\u0159epravn\u00edch vozidel. Jeho siln\u00e9 zvedac\u00ed a nakl\u00e1p\u011bc\u00ed schopnosti z n\u011bj \u010din\u00ed cenn\u00fd n\u00e1stroj pro tyto stroje.<\/p>\n<h3>Bagry<\/h3>\n<p>V\u00e1lec kore\u010dkov\u00e9 r\u00fdpadly se pou\u017e\u00edv\u00e1 k dosa\u017een\u00ed kop\u00e1n\u00ed t\u00edm, \u017ee umo\u017e\u0148uje kore\u010dce proniknout do p\u016fdy. Pom\u00e1h\u00e1 tak\u00e9 p\u0159i zved\u00e1n\u00ed vykopan\u00fdch materi\u00e1l\u016f a jejich p\u0159eprav\u011b na po\u017eadovan\u00e9 m\u00edsto.<\/p>\n<h3>Naklada\u010de<\/h3>\n<p>U \u010deln\u00edch naklada\u010d\u016f pom\u00e1h\u00e1 v\u00e1lec l\u017e\u00edce efektivn\u011b zvedat a nakl\u00e1n\u011bt b\u0159emena, co\u017e usnad\u0148uje nakl\u00e1d\u00e1n\u00ed a vykl\u00e1d\u00e1n\u00ed materi\u00e1l\u016f z p\u0159epravn\u00edch vozidel.<\/p>\n<p><img decoding=\"async\" src=\"https:\/\/www.hydraulic-cylinders.net\/wp-content\/uploads\/2025\/01\/songte-chushion-collar.webp\"\/><\/p>\n<h2>Konstruk\u010dn\u00ed aspekty a krit\u00e9ria v\u00fdb\u011bru<\/h2>\n<p>Konstrukce kore\u010dkov\u00e9ho v\u00e1lce zahrnuje n\u011bkolik aspekt\u016f, jako je nosnost, t\u011bsn\u011bn\u00ed, trvanlivost, bezpe\u010dnost a \u00fadr\u017eba.<\/p>\n<ul>\n<li><strong>Nosnost:<\/strong> Kore\u010dkov\u00fd v\u00e1lec mus\u00ed b\u00fdt navr\u017een tak, aby odolal vysok\u00e9mu zat\u00ed\u017een\u00ed a tlaku. Materi\u00e1l pou\u017eit\u00fd pro v\u00e1lec mus\u00ed m\u00edt vysokou pevnost a b\u00fdt dostate\u010dn\u011b odoln\u00fd, aby odolal n\u00e1ro\u010dn\u00e9mu pracovn\u00edmu prost\u0159ed\u00ed.<\/li>\n<li><strong>T\u011bsn\u011bn\u00ed:<\/strong> V\u00e1lec mus\u00ed b\u00fdt t\u011bsn\u011b ut\u011bsn\u011bn, aby se zabr\u00e1nilo \u00faniku hydraulick\u00e9 kapaliny. Pou\u017eit\u00ed vysoce kvalitn\u00edch t\u011bsnic\u00edch materi\u00e1l\u016f, jako jsou t\u011bsn\u011bn\u00ed p\u00edst\u016f a p\u00edstnic, je nezbytn\u00e9 pro zaji\u0161t\u011bn\u00ed bezprobl\u00e9mov\u00e9ho provozu.<\/li>\n<li><strong>Trvanlivost:<\/strong> V\u00e1lec kore\u010dkov\u00e9ho v\u00e1lce mus\u00ed b\u00fdt navr\u017een tak, aby odolal opot\u0159eben\u00ed a korozi. Pou\u017eit\u00ed materi\u00e1l\u016f odoln\u00fdch proti korozi a spr\u00e1vn\u00e1 povrchov\u00e1 \u00faprava prodlou\u017e\u00ed \u017eivotnost v\u00fdrobku.<\/li>\n<li><strong>Bezpe\u010dnost:<\/strong> Kbel\u00edkov\u00fd v\u00e1lec mus\u00ed spl\u0148ovat bezpe\u010dnostn\u00ed normy, aby se zabr\u00e1nilo nehod\u00e1m. Mus\u00ed b\u00fdt vybaven bezpe\u010dnostn\u00edmi prvky, jako jsou p\u0159etlakov\u00e9 ventily a ochrana proti p\u0159et\u00ed\u017een\u00ed.<\/li>\n<li><strong>\u00dadr\u017eba:<\/strong> Kore\u010dkov\u00fd v\u00e1lec mus\u00ed b\u00fdt navr\u017een pro snadnou \u00fadr\u017ebu. Pou\u017eit\u00ed standardn\u00edch komponent\u016f, snadn\u00e1 demont\u00e1\u017e a v\u00fdm\u011bna a jednoduch\u00e9 postupy opravy zkr\u00e1t\u00ed prostoje a prodlou\u017e\u00ed \u017eivotnost v\u00e1lce.<\/li>\n<\/ul>\n<p><img decoding=\"async\" src=\"https:\/\/www.hydraulic-cylinders.net\/wp-content\/uploads\/2025\/01\/songte-oil-pipes-and-spare-parts.webp\"\/><\/p>\n<h2>T\u011bsn\u011bn\u00ed a maz\u00e1n\u00ed<\/h2>\n<p>Kore\u010dkov\u00fd v\u00e1lec pou\u017e\u00edv\u00e1 r\u016fzn\u00e9 t\u011bsnic\u00ed komponenty, jako jsou t\u011bsn\u011bn\u00ed p\u00edstu a t\u011bsn\u011bn\u00ed p\u00edstnice, kter\u00e9 jsou vyrobeny z materi\u00e1l\u016f odoln\u00fdch proti opot\u0159eben\u00ed, jako je polyuretan a nitrilov\u00e1 pry\u017e. T\u011bleso v\u00e1lce a povrch \u0161roubov\u00e9ho konce proch\u00e1zej\u00ed p\u0159esn\u00fdm zpracov\u00e1n\u00edm pro zv\u00fd\u0161en\u00ed odolnosti proti opot\u0159eben\u00ed. Pro zaji\u0161t\u011bn\u00ed hladk\u00e9ho chodu v\u00e1lce je nutn\u00e9 pravideln\u00e9 maz\u00e1n\u00ed olejem.<\/p>\n<h2>\u00dadr\u017eba a opravy<\/h2>\n<p>Pravideln\u00e1 kontrola a preventivn\u00ed \u00fadr\u017eba jsou nezbytn\u00e9 pro udr\u017een\u00ed optim\u00e1ln\u00edho v\u00fdkonu kore\u010dkov\u00e9ho v\u00e1lce. \u00dakoly, jako je maz\u00e1n\u00ed, v\u00fdm\u011bna t\u011bsn\u011bn\u00ed a kalibra\u010dn\u00ed kontroly, by m\u011bly b\u00fdt prov\u00e1d\u011bny pravideln\u011b. Spr\u00e1vn\u00e1 instalace, maz\u00e1n\u00ed a se\u0159\u00edzen\u00ed jsou nezbytn\u00e9 pro prodlou\u017een\u00ed \u017eivotnosti kore\u010dkov\u00e9ho v\u00e1lce. D\u016frazn\u011b se doporu\u010duje pou\u017eit\u00ed spr\u00e1vn\u00fdch mont\u00e1\u017en\u00edch konzol k upevn\u011bn\u00ed v\u00e1lce. Doporu\u010dujeme dodr\u017eovat postupy kontroly, opravy a v\u00fdm\u011bny d\u00edl\u016f, abyste zajistili nejlep\u0161\u00ed v\u00fdkon kore\u010dkov\u00e9ho v\u00e1lce. Na\u0161e n\u00e1hradn\u00ed d\u00edly a repasn\u00ed slu\u017eby mohou pomoci prodlou\u017eit \u017eivotnost kore\u010dkov\u00e9ho v\u00e1lce.<\/p>\n<p><img decoding=\"async\" src=\"https:\/\/www.hydraulic-cylinders.net\/wp-content\/uploads\/2025\/01\/songte-bushings-with-all-kinds-of-excavator-models.webp\"\/><\/p>\n<h2>Bezpe\u010dnostn\u00ed a environment\u00e1ln\u00ed aspekty<\/h2>\n<p>P\u0159i pou\u017e\u00edv\u00e1n\u00ed kore\u010dkov\u00e9ho v\u00e1lce je nutn\u00e9 dodr\u017eovat bezpe\u010dnostn\u00ed opat\u0159en\u00ed, jako je pou\u017e\u00edv\u00e1n\u00ed ochrann\u00fdch pom\u016fcek a dodr\u017eov\u00e1n\u00ed bezpe\u010dnostn\u00edch pokyn\u016f, aby se p\u0159ede\u0161lo nehod\u00e1m. Spr\u00e1vn\u00e1 likvidace hydraulick\u00fdch kapalin a dal\u0161\u00edho nebezpe\u010dn\u00e9ho odpadu je nezbytn\u00e1 pro zaji\u0161t\u011bn\u00ed bezpe\u010dnosti \u017eivotn\u00edho prost\u0159ed\u00ed.<\/p>\n<h2>Odstra\u0148ov\u00e1n\u00ed probl\u00e9m\u016f a b\u011b\u017en\u00e9 probl\u00e9my<\/h2>\n<p>Pokud se u kore\u010dkov\u00e9ho v\u00e1lce vyskytnou probl\u00e9my, jako je net\u011bsnost, abnorm\u00e1ln\u00ed hluk nebo pomal\u00fd chod, m\u011bl by b\u00fdt v\u00e1lec okam\u017eit\u011b zkontrolov\u00e1n. M\u011bla by b\u00fdt identifikov\u00e1na p\u0159\u00ed\u010dina probl\u00e9mu a p\u0159ijata n\u00e1pravn\u00e1 opat\u0159en\u00ed. Preventivn\u00ed opat\u0159en\u00ed, jako je \u0159\u00e1dn\u00e1 \u00fadr\u017eba a kontrola, mohou pomoci zm\u00edrnit potenci\u00e1ln\u00ed probl\u00e9my.<\/p>\n<h2>O na\u0161\u00ed spole\u010dnosti<\/h2>\n<p>Jsme v\u00fdrobcem n\u00e1hradn\u00edch hydraulick\u00fdch v\u00e1lc\u016f s kompletn\u00ed \u0159adou produkt\u016f. Jsme jedn\u00edm z p\u0159edn\u00edch v\u00fdrobc\u016f a velkoobchodn\u00edch distributor\u016f hydraulick\u00fdch v\u00e1lc\u016f na dom\u00e1c\u00edm i mezin\u00e1rodn\u00edm trhu. Dodr\u017eujeme z\u00e1sady vynikaj\u00edc\u00ed kvality a spol\u00e9h\u00e1me se na strategii industrializovan\u00e9ho \u0159\u00edzen\u00ed v\u00fdroby v jemn\u00fdch v\u00fdrobn\u00edch d\u00edln\u00e1ch. Neust\u00e1le vylep\u0161ujeme v\u00fdrobn\u00ed platformu d\u00edlny, zlep\u0161ujeme kvalitu v\u00fdrobn\u00ed linky a m\u00e1me silnou inova\u010dn\u00ed schopnost. Na\u0161\u00edm c\u00edlem je uspokojovat rozmanit\u00e9 pot\u0159eby na\u0161ich z\u00e1kazn\u00edk\u016f s vysokou efektivitou, vysokou p\u0159esnost\u00ed a principy vysok\u00e9 kvality.<\/p>\n<ul>\n<li><strong>Profesionalita:<\/strong> M\u00e1me t\u00fdm vysoce kvalifikovan\u00fdch odborn\u00edk\u016f s dlouholet\u00fdmi zku\u0161enostmi v oboru.<\/li>\n<li><strong>Mezin\u00e1rodn\u00ed certifikace:<\/strong> Na\u0161e v\u00fdrobky jsou certifikov\u00e1ny podle mezin\u00e1rodn\u00edch norem, jako jsou ISO9001 a CE.<\/li>\n<li><strong>Slu\u017eby p\u0159izp\u016fsoben\u00ed:<\/strong> Nab\u00edz\u00edme slu\u017eby p\u0159izp\u016fsoben\u00ed, abychom splnili specifick\u00e9 pot\u0159eby na\u0161ich z\u00e1kazn\u00edk\u016f.<\/li>\n<li><strong>V\u00fdrobn\u00ed za\u0159\u00edzen\u00ed:<\/strong> Pou\u017e\u00edv\u00e1me modern\u00ed v\u00fdrobn\u00ed za\u0159\u00edzen\u00ed, jako jsou CNC stroje, brusky a testovac\u00ed za\u0159\u00edzen\u00ed, abychom zajistili kvalitu na\u0161ich v\u00fdrobk\u016f.<\/li>\n<li><strong>Poprodejn\u00ed servis:<\/strong> Poskytujeme komplexn\u00ed poprodejn\u00ed slu\u017eby, jako je technick\u00e1 podpora, opravy a v\u00fdm\u011bna d\u00edl\u016f.<\/li>\n<\/ul>\n<p><img decoding=\"async\" src=\"https:\/\/hzpt.com\/wp-content\/uploads\/2024\/11\/songte-company-1.webp\"\/> <\/p>\n<p>Autor: lyl<\/p>","protected":false},"excerpt":{"rendered":"<p>Introduction Bucket Cylinder for JCHI NS80-7 The bucket cylinder for JCHI NS80-7 is a specialized hydraulic cylinder primarily used to control the movement of buckets in heavy machinery such as excavators, backhoes, and front-end loaders. Its main function is to enable the bucket to move up, down, and tilt, making it easier to handle a [&hellip;]<\/p>","protected":false},"featured_media":14784,"comment_status":"open","ping_status":"closed","template":"","meta":{"_et_pb_use_builder":"","_et_pb_old_content":"","_et_gb_content_width":""},"product_brand":[],"product_cat":[1494],"product_tag":[1495,1496],"class_list":{"0":"post-15766","1":"product","2":"type-product","3":"status-publish","4":"has-post-thumbnail","6":"product_cat-bucket-cylinders","7":"product_tag-bucket-cylinders","8":"product_tag-hydraulic-cylinders","10":"first","11":"instock","12":"shipping-taxable","13":"product-type-simple"},"amp_enabled":true,"_links":{"self":[{"href":"https:\/\/www.hydraulic-cylinders.net\/cs\/wp-json\/wp\/v2\/product\/15766","targetHints":{"allow":["GET"]}}],"collection":[{"href":"https:\/\/www.hydraulic-cylinders.net\/cs\/wp-json\/wp\/v2\/product"}],"about":[{"href":"https:\/\/www.hydraulic-cylinders.net\/cs\/wp-json\/wp\/v2\/types\/product"}],"replies":[{"embeddable":true,"href":"https:\/\/www.hydraulic-cylinders.net\/cs\/wp-json\/wp\/v2\/comments?post=15766"}],"wp:featuredmedia":[{"embeddable":true,"href":"https:\/\/www.hydraulic-cylinders.net\/cs\/wp-json\/wp\/v2\/media\/14784"}],"wp:attachment":[{"href":"https:\/\/www.hydraulic-cylinders.net\/cs\/wp-json\/wp\/v2\/media?parent=15766"}],"wp:term":[{"taxonomy":"product_brand","embeddable":true,"href":"https:\/\/www.hydraulic-cylinders.net\/cs\/wp-json\/wp\/v2\/product_brand?post=15766"},{"taxonomy":"product_cat","embeddable":true,"href":"https:\/\/www.hydraulic-cylinders.net\/cs\/wp-json\/wp\/v2\/product_cat?post=15766"},{"taxonomy":"product_tag","embeddable":true,"href":"https:\/\/www.hydraulic-cylinders.net\/cs\/wp-json\/wp\/v2\/product_tag?post=15766"}],"curies":[{"name":"wp","href":"https:\/\/api.w.org\/{rel}","templated":true}]}}