{"id":15792,"date":"2025-01-19T14:59:34","date_gmt":"2025-01-19T14:59:34","guid":{"rendered":"https:\/\/www.hydraulic-cylinders.net\/product\/bucket-cylinder-for-carter-ct18-7bs\/"},"modified":"2025-01-19T14:59:36","modified_gmt":"2025-01-19T14:59:36","slug":"bucket-cylinder-for-carter-ct18-7bs","status":"publish","type":"product","link":"https:\/\/www.hydraulic-cylinders.net\/cs\/produkt\/bucket-cylinder-for-carter-ct18-7bs\/","title":{"rendered":"V\u00e1lec kope\u010dku pro Carter CT18-7BS"},"content":{"rendered":"<h1>V\u00e1lec kope\u010dku pro Carter CT18-7BS<\/h1>\n<h2>Zaveden\u00ed<\/h2>\n<p>Hydraulick\u00fd v\u00e1lec l\u017e\u00edce pro Carter CT18-7BS je speci\u00e1ln\u011b navr\u017een\u00fd hydraulick\u00fd v\u00e1lec pou\u017e\u00edvan\u00fd k ovl\u00e1d\u00e1n\u00ed pohybu l\u017eic v t\u011b\u017ek\u00fdch stroj\u00edch, jako jsou rypadla, r\u00fdpadlo-naklada\u010de a \u010deln\u00ed naklada\u010de. Jeho hlavn\u00ed funkc\u00ed je umo\u017enit zved\u00e1n\u00ed, spou\u0161t\u011bn\u00ed a nakl\u00e1p\u011bn\u00ed l\u017eic, co\u017e usnad\u0148uje r\u016fzn\u00e9 \u00fakoly manipulace s materi\u00e1lem. V hydraulick\u00e9m syst\u00e9mu dosahuje v\u00e1lec l\u017e\u00edce p\u0159esn\u00e9ho ovl\u00e1d\u00e1n\u00ed l\u017e\u00edce vyu\u017eit\u00edm zm\u011bn tlaku v hydraulick\u00e9m oleji, co\u017e umo\u017e\u0148uje obsluze efektivn\u011b manipulovat s t\u011b\u017ek\u00fdmi b\u0159emeny a p\u0159izp\u016fsobovat se slo\u017eit\u00fdm pracovn\u00edm prost\u0159ed\u00edm a rozmanit\u00fdm po\u017eadavk\u016fm na pr\u00e1ci.<\/p>\n<p><img decoding=\"async\" src=\"https:\/\/www.hydraulic-cylinders.net\/wp-content\/uploads\/2025\/01\/songte-company-2.webp\"><\/p>\n<h2>Vlastnosti produktu<\/h2>\n<ul>\n<li><strong>Vysok\u00e1 pevnost a trvanlivost:<\/strong> Kore\u010dkov\u00fd v\u00e1lec, obvykle vyroben\u00fd z vysokopevnostn\u00ed oceli nebo hlin\u00edku, je schopen odolat vysok\u00e9mu tlaku a velk\u00e9mu zat\u00ed\u017een\u00ed, a p\u0159izp\u016fsobit se tak n\u00e1ro\u010dn\u00fdm pracovn\u00edm podm\u00ednk\u00e1m. Jeho konstrukce zohled\u0148uje odolnost proti opot\u0159eben\u00ed a korozi, co\u017e prodlu\u017euje jeho \u017eivotnost.<\/li>\n<li><strong>Efektivn\u00ed hydraulick\u00fd provoz:<\/strong> D\u00edky tlaku hydraulick\u00e9ho oleje dosahuje v\u00e1lec l\u017e\u00edce plynul\u00e9ho vysouv\u00e1n\u00ed a zasouv\u00e1n\u00ed, co\u017e umo\u017e\u0148uje rychlou reakci na ovl\u00e1dac\u00ed povely a poskytuje siln\u00e9 tla\u010dn\u00e9 a ta\u017en\u00e9 s\u00edly, vhodn\u00e9 pro manipulaci s t\u011b\u017ek\u00fdmi b\u0159emeny a slo\u017eit\u00e9 pracovn\u00ed \u00fakoly.<\/li>\n<li><strong>V\u0161estrann\u00e9 typy:<\/strong> V\u00e1lec kore\u010dkov\u00e9ho v\u00e1lce lze zvolit jako jedno\u010dinn\u00fd (hydraulick\u00fd tlak p\u016fsob\u00edc\u00ed pouze v jednom sm\u011bru) nebo dvoj\u010dinn\u00fd (hydraulick\u00fd tlak p\u016fsob\u00edc\u00ed ve dvou sm\u011brech) v\u00e1lec, aby spl\u0148oval r\u016fzn\u00e9 provozn\u00ed po\u017eadavky. N\u011bkter\u00e9 modely jsou teleskopick\u00e9, co\u017e umo\u017e\u0148uje v\u011bt\u0161\u00ed vysunut\u00ed bez zv\u011bt\u0161en\u00ed vn\u011bj\u0161\u00edch rozm\u011br\u016f, co\u017e je ide\u00e1ln\u00ed pro aplikace s omezen\u00fdm prostorem.<\/li>\n<li><strong>Dokonal\u00e1 n\u00e1hrada:<\/strong> N\u00e1\u0161 produkt dok\u00e1\u017ee tyto hydraulick\u00e9 v\u00e1lce dokonale nahradit a poskytuje spolehliv\u00fd v\u00fdkon a kompatibilitu.<\/li>\n<\/ul>\n<p><img decoding=\"async\" src=\"https:\/\/www.hydraulic-cylinders.net\/wp-content\/uploads\/2025\/01\/songte-cylinder-head-with-all-kinds-excavator-models.webp\"><\/p>\n<h2>Aplikace<\/h2>\n<p>Kore\u010dkov\u00fd v\u00e1lec nach\u00e1z\u00ed uplatn\u011bn\u00ed v r\u016fzn\u00fdch za\u0159\u00edzen\u00edch:<\/p>\n<ul>\n<li>Stavebn\u00ed za\u0159\u00edzen\u00ed: Hraje z\u00e1sadn\u00ed roli v bagrech pro kop\u00e1n\u00ed, nakl\u00e1d\u00e1n\u00ed a p\u0159emis\u0165ov\u00e1n\u00ed zeminy nebo suti. U rypadlo-naklada\u010d\u016f pom\u00e1h\u00e1 v\u00e1lec kore\u010dkov\u00e9ho v\u00e1lce jak p\u0159i v\u00fdkopov\u00fdch, tak i p\u0159i zved\u00e1n\u00ed.<\/li>\n<li>Zem\u011bd\u011blsk\u00e9 stroje: Pou\u017e\u00edvaj\u00ed se v \u010deln\u00edch naklada\u010d\u00edch pro nab\u00edr\u00e1n\u00ed, zved\u00e1n\u00ed a p\u0159epravu p\u016fdy, sena a dal\u0161\u00edch materi\u00e1l\u016f.<\/li>\n<li>Rypadla: V\u00e1lec l\u017e\u00edce umo\u017e\u0148uje kop\u00e1n\u00ed t\u00edm, \u017ee umo\u017e\u0148uje l\u017e\u00edci proniknout do p\u016fdy.<\/li>\n<li>\u010celn\u00ed naklada\u010de: U \u010deln\u00edch naklada\u010d\u016f p\u0159isp\u00edv\u00e1 k efektivn\u00edmu zved\u00e1n\u00ed a vykl\u00e1dkov\u00e1n\u00ed zbo\u017e\u00ed.<\/li>\n<\/ul>\n<h2>Konstruk\u010dn\u00ed aspekty a krit\u00e9ria v\u00fdb\u011bru<\/h2>\n<ul>\n<li><strong>Nosnost:<\/strong> Kore\u010dkov\u00fd v\u00e1lec je navr\u017een tak, aby odolal o\u010dek\u00e1van\u00e9mu zat\u00ed\u017een\u00ed a poskytoval spolehliv\u00fd v\u00fdkon.<\/li>\n<li><strong>T\u011bsn\u011bn\u00ed:<\/strong> Pou\u017e\u00edvaj\u00ed se r\u016fzn\u00e9 typy t\u011bsn\u011bn\u00ed, jako jsou p\u00edstn\u00ed a p\u00edstn\u00ed t\u011bsn\u011bn\u00ed, a vol\u00ed se materi\u00e1ly jako polyuretan a nitrilov\u00e1 pry\u017e s vynikaj\u00edc\u00ed odolnost\u00ed proti opot\u0159eben\u00ed. T\u011bleso v\u00e1lce a z\u00e1vitov\u00e9 konce proch\u00e1zej\u00ed jemn\u00fdm opracov\u00e1n\u00edm pro zv\u00fd\u0161en\u00ed odolnosti proti opot\u0159eben\u00ed. Je nutn\u00e9 pravideln\u00e9 maz\u00e1n\u00ed vhodn\u00fdm hydraulick\u00fdm olejem.<\/li>\n<\/ul>\n<p><img decoding=\"async\" src=\"https:\/\/www.hydraulic-cylinders.net\/wp-content\/uploads\/2025\/01\/songte-oil-pipes-and-spare-parts.webp\"><\/p>\n<h2>\u00dadr\u017eba a maz\u00e1n\u00ed<\/h2>\n<ul>\n<li><strong>Pravideln\u00e1 kontrola:<\/strong> Pro zaji\u0161t\u011bn\u00ed spr\u00e1vn\u00e9 funkce v\u00e1lce kbel\u00edku by m\u011bly b\u00fdt prov\u00e1d\u011bny pravideln\u00e9 kontroly.<\/li>\n<li><strong>Spr\u00e1vn\u00e9 maz\u00e1n\u00ed:<\/strong> Dostate\u010dn\u00e9 maz\u00e1n\u00ed doporu\u010den\u00fdm hydraulick\u00fdm olejem je nezbytn\u00e9 pro minimalizaci opot\u0159eben\u00ed a udr\u017een\u00ed plynul\u00e9ho provozu.<\/li>\n<li><strong>V\u00fdm\u011bna t\u011bsn\u011bn\u00ed:<\/strong> Pokud n\u011bkter\u00e1 t\u011bsn\u011bn\u00ed vykazuj\u00ed zn\u00e1mky po\u0161kozen\u00ed, m\u011bla by b\u00fdt neprodlen\u011b vym\u011bn\u011bna, aby se zabr\u00e1nilo \u00faniku oleje a udr\u017eel optim\u00e1ln\u00ed v\u00fdkon.<\/li>\n<li><strong>Kontrola kalibrace:<\/strong> Pro zaji\u0161t\u011bn\u00ed p\u0159esn\u00e9ho provozu by m\u011bly b\u00fdt prov\u00e1d\u011bny pravideln\u00e9 kalibra\u010dn\u00ed kontroly.<\/li>\n<\/ul>\n<p><img decoding=\"async\" src=\"https:\/\/www.hydraulic-cylinders.net\/wp-content\/uploads\/2025\/01\/songte-chushion-collar.webp\"><\/p>\n<h2>Bezpe\u010dnostn\u00ed aspekty a faktory prost\u0159ed\u00ed<\/h2>\n<p>P\u0159i pou\u017e\u00edv\u00e1n\u00ed kore\u010dkov\u00e9ho v\u00e1lce je d\u016fle\u017eit\u00e9 dodr\u017eovat bezpe\u010dnostn\u00ed opat\u0159en\u00ed, aby byl zaji\u0161t\u011bn bez\u00farazov\u00fd provoz, a zohled\u0148ovat environment\u00e1ln\u00ed aspekty.<\/p>\n<h2>Diagnostika a odstra\u0148ov\u00e1n\u00ed z\u00e1vad<\/h2>\n<p>V p\u0159\u00edpad\u011b jak\u00fdchkoli z\u00e1vad v\u00e1m mohou pomoci n\u00e1sleduj\u00edc\u00ed tipy a \u0159e\u0161en\u00ed s diagnostikou a vy\u0159e\u0161en\u00edm probl\u00e9m\u016f:<\/p>\n<p><img decoding=\"async\" src=\"https:\/\/www.hydraulic-cylinders.net\/wp-content\/uploads\/2025\/01\/songte-bushings-with-all-kinds-of-excavator-models.webp\"><\/p>\n<h2>Z\u00e1v\u011br<\/h2>\n<p>Na\u0161e spole\u010dnost je p\u0159edn\u00edm v\u00fdrobcem a velkoobchodn\u00edm distributorem hydraulick\u00fdch v\u00e1lc\u016f na dom\u00e1c\u00edm i mezin\u00e1rodn\u00edm trhu. Nab\u00edz\u00edme \u0161irokou \u0161k\u00e1lu produkt\u016f a klademe d\u016fraz na vynikaj\u00edc\u00ed kvalitu. D\u00edky na\u0161im modern\u00edm v\u00fdrobn\u00edm za\u0159\u00edzen\u00edm, kvalifikovan\u00e9mu technick\u00e9mu person\u00e1lu a odhodl\u00e1n\u00ed k spokojenosti z\u00e1kazn\u00edk\u016f se sna\u017e\u00edme uspokojit rozmanit\u00e9 pot\u0159eby na\u0161ich klient\u016f.<\/p>\n<p><img decoding=\"async\" src=\"https:\/\/www.hydraulic-cylinders.net\/wp-content\/uploads\/2025\/01\/songte-company-3.webp\"><\/p>\n<p>Autor: lyl<\/p>","protected":false},"excerpt":{"rendered":"<p>Bucket Cylinder For Carter CT18-7BS Introduction The bucket cylinder for Carter CT18-7BS is a specially designed hydraulic cylinder used to control the movement of buckets in heavy machinery such as excavators, backhoe loaders, and front loaders. Its main function is to enable the lifting, lowering, and tilting of buckets, facilitating various material handling tasks. In [&hellip;]<\/p>","protected":false},"featured_media":14789,"comment_status":"open","ping_status":"closed","template":"","meta":{"_et_pb_use_builder":"","_et_pb_old_content":"","_et_gb_content_width":""},"product_brand":[],"product_cat":[1494],"product_tag":[1495,1496],"class_list":{"0":"post-15792","1":"product","2":"type-product","3":"status-publish","4":"has-post-thumbnail","6":"product_cat-bucket-cylinders","7":"product_tag-bucket-cylinders","8":"product_tag-hydraulic-cylinders","10":"first","11":"instock","12":"shipping-taxable","13":"product-type-simple"},"amp_enabled":true,"_links":{"self":[{"href":"https:\/\/www.hydraulic-cylinders.net\/cs\/wp-json\/wp\/v2\/product\/15792","targetHints":{"allow":["GET"]}}],"collection":[{"href":"https:\/\/www.hydraulic-cylinders.net\/cs\/wp-json\/wp\/v2\/product"}],"about":[{"href":"https:\/\/www.hydraulic-cylinders.net\/cs\/wp-json\/wp\/v2\/types\/product"}],"replies":[{"embeddable":true,"href":"https:\/\/www.hydraulic-cylinders.net\/cs\/wp-json\/wp\/v2\/comments?post=15792"}],"wp:featuredmedia":[{"embeddable":true,"href":"https:\/\/www.hydraulic-cylinders.net\/cs\/wp-json\/wp\/v2\/media\/14789"}],"wp:attachment":[{"href":"https:\/\/www.hydraulic-cylinders.net\/cs\/wp-json\/wp\/v2\/media?parent=15792"}],"wp:term":[{"taxonomy":"product_brand","embeddable":true,"href":"https:\/\/www.hydraulic-cylinders.net\/cs\/wp-json\/wp\/v2\/product_brand?post=15792"},{"taxonomy":"product_cat","embeddable":true,"href":"https:\/\/www.hydraulic-cylinders.net\/cs\/wp-json\/wp\/v2\/product_cat?post=15792"},{"taxonomy":"product_tag","embeddable":true,"href":"https:\/\/www.hydraulic-cylinders.net\/cs\/wp-json\/wp\/v2\/product_tag?post=15792"}],"curies":[{"name":"wp","href":"https:\/\/api.w.org\/{rel}","templated":true}]}}