{"id":15794,"date":"2025-01-19T14:59:43","date_gmt":"2025-01-19T14:59:43","guid":{"rendered":"https:\/\/www.hydraulic-cylinders.net\/product\/bucket-cylinder-for-carter-ct65-8b\/"},"modified":"2025-01-19T14:59:49","modified_gmt":"2025-01-19T14:59:49","slug":"bucket-cylinder-for-carter-ct65-8b","status":"publish","type":"product","link":"https:\/\/www.hydraulic-cylinders.net\/cs\/produkt\/bucket-cylinder-for-carter-ct65-8b\/","title":{"rendered":"V\u00e1lec kope\u010dku pro Carter CT65-8B"},"content":{"rendered":"<p><!DOCTYPE html><br \/>\n<html><\/p>\n<p><head><br \/>\n    <title>V\u00e1lec kope\u010dku pro Carter CT65-8B<\/title><br \/>\n<\/head><\/p>\n<p><body><\/p>\n<h1>V\u00e1lec kope\u010dku pro Carter CT65-8B<\/h1>\n<h2>Zaveden\u00ed<\/h2>\n<p>Hydraulick\u00fd v\u00e1lec l\u017e\u00edce pro Carter CT65-8B je speci\u00e1ln\u011b navr\u017een\u00fd hydraulick\u00fd v\u00e1lec pou\u017e\u00edvan\u00fd k ovl\u00e1d\u00e1n\u00ed pohybu l\u017e\u00edce v t\u011b\u017ek\u00fdch stroj\u00edch, jako jsou rypadla, r\u00fdpadlo-naklada\u010de a \u010deln\u00ed naklada\u010de. Jeho hlavn\u00ed funkc\u00ed je umo\u017enit zved\u00e1n\u00ed, spou\u0161t\u011bn\u00ed a nakl\u00e1p\u011bn\u00ed l\u017e\u00edce, co\u017e usnad\u0148uje r\u016fzn\u00e9 \u00fakoly manipulace s materi\u00e1lem. V hydraulick\u00e9m syst\u00e9mu dosahuje v\u00e1lec l\u017e\u00edce p\u0159esn\u00e9ho ovl\u00e1d\u00e1n\u00ed l\u017e\u00edce vyu\u017eit\u00edm zm\u011bn tlaku hydraulick\u00e9ho oleje, co\u017e umo\u017e\u0148uje obsluze efektivn\u011b manipulovat s t\u011b\u017ek\u00fdmi b\u0159emeny a p\u0159izp\u016fsobovat se slo\u017eit\u00fdm pracovn\u00edm prost\u0159ed\u00edm a rozmanit\u00fdm po\u017eadavk\u016fm na pr\u00e1ci.<\/p>\n<p>    <img decoding=\"async\" src=\"https:\/\/www.hydraulic-cylinders.net\/wp-content\/uploads\/2025\/01\/songte-company-2.webp\" alt=\"Obr\u00e1zek v\u00e1lce kbel\u00edku\"><\/p>\n<h2>Funkce<\/h2>\n<ul>\n<li>Vysok\u00e1 pevnost a trvanlivost: Obvykle vyrobeno z vysokopevnostn\u00ed oceli nebo hlin\u00edku, schopno odolat vysok\u00e9mu tlaku a t\u011b\u017ek\u00e9mu zat\u00ed\u017een\u00ed, a p\u0159izp\u016fsobuje se n\u00e1ro\u010dn\u00e9mu pracovn\u00edmu prost\u0159ed\u00ed. Navr\u017eeno s ohledem na odolnost proti opot\u0159eben\u00ed a korozi pro prodlou\u017een\u00ed jeho \u017eivotnosti.<\/li>\n<li>Efektivn\u00ed hydraulick\u00fd provoz: Vyu\u017e\u00edv\u00e1 tlak hydraulick\u00e9ho oleje k dosa\u017een\u00ed plynul\u00e9ho vysouv\u00e1n\u00ed a zasouv\u00e1n\u00ed, co\u017e umo\u017e\u0148uje rychlou reakci na ovl\u00e1dac\u00ed povely a poskytuje siln\u00e9 tla\u010dn\u00e9 a ta\u017en\u00e9 s\u00edly vhodn\u00e9 pro manipulaci s t\u011b\u017ek\u00fdmi b\u0159emeny a slo\u017eit\u00fdmi pracovn\u00edmi \u00fakoly.<\/li>\n<li>R\u016fzn\u00e9 typy: K dispozici s jedno\u010dinn\u00fdmi (hydraulicky ovl\u00e1dan\u00e9 pouze v jednom sm\u011bru) nebo dvoj\u010dinn\u00fdmi (hydraulicky ovl\u00e1dan\u00e9 v obou sm\u011brech) v\u00e1lci, co\u017e umo\u017e\u0148uje r\u016fzn\u00e9 provozn\u00ed po\u017eadavky. N\u011bkter\u00e9 modely jsou teleskopick\u00e9, co\u017e umo\u017e\u0148uje v\u011bt\u0161\u00ed v\u00fdsuv bez zv\u011bt\u0161en\u00ed vn\u011bj\u0161\u00edch rozm\u011br\u016f, a proto jsou vhodn\u00e9 pro aplikace s omezen\u00fdm prostorem.<\/li>\n<li>Dokonal\u00e1 n\u00e1hrada: Na\u0161e produkty dok\u00e1\u017e\u00ed dokonale nahradit st\u00e1vaj\u00edc\u00ed hydraulick\u00e9 v\u00e1lce. <\/li>\n<\/ul>\n<p>    <img decoding=\"async\" src=\"https:\/\/www.hydraulic-cylinders.net\/wp-content\/uploads\/2025\/01\/songte-cylinder-head-with-all-kinds-excavator-models.webp\" alt=\"Obr\u00e1zek n\u00e1hradn\u00edho produktu\"><\/p>\n<h2>Aplikace<\/h2>\n<ul>\n<li>Stavebn\u00ed za\u0159\u00edzen\u00ed: Nach\u00e1zej\u00ed se v bagrech a jsou nezbytn\u00e9 pro kop\u00e1n\u00ed, nakl\u00e1d\u00e1n\u00ed a p\u0159emis\u0165ov\u00e1n\u00ed zeminy nebo suti. U rypadlo-naklada\u010d\u016f pom\u00e1h\u00e1 v\u00e1lec l\u017e\u00edce jak p\u0159i v\u00fdkopu, tak p\u0159i zved\u00e1n\u00ed.<\/li>\n<li>Zem\u011bd\u011blsk\u00e9 stroje: Pou\u017e\u00edvaj\u00ed se v \u010deln\u00edch naklada\u010d\u00edch pro nab\u00edr\u00e1n\u00ed, zved\u00e1n\u00ed a p\u0159epravu p\u016fdy, sena a dal\u0161\u00edch materi\u00e1l\u016f.<\/li>\n<li>Rypadla: V\u00e1lec l\u017e\u00edce umo\u017e\u0148uje v\u00fdkopov\u00e9 pr\u00e1ce t\u00edm, \u017ee umo\u017e\u0148uje l\u017e\u00edci proniknout do p\u016fdy.<\/li>\n<li>\u010celn\u00ed naklada\u010de: \u010celn\u00ed naklada\u010de pom\u00e1haj\u00ed efektivn\u011b zvedat a nakl\u00e1n\u011bt zbo\u017e\u00ed.<\/li>\n<\/ul>\n<h2>Konstruk\u010dn\u00ed aspekty a krit\u00e9ria v\u00fdb\u011bru<\/h2>\n<ul>\n<li>Nosnost: Schopnost v\u00e1lce odolat velk\u00e9mu zat\u00ed\u017een\u00ed a tlaku.<\/li>\n<li>T\u011bsn\u011bn\u00ed: \u00da\u010dinn\u00e9 t\u011bsn\u011bn\u00ed zabra\u0148uje \u00faniku a zaji\u0161\u0165uje hladk\u00fd provoz.<\/li>\n<li>Trvanlivost: Navr\u017eeno tak, aby odol\u00e1valo opot\u0159eben\u00ed a korozi, \u010d\u00edm\u017e se prodlu\u017euje \u017eivotnost v\u00e1lce.<\/li>\n<li>Bezpe\u010dnost: Za\u010dlen\u011bn\u00ed bezpe\u010dnostn\u00edch opat\u0159en\u00ed k prevenci nehod b\u011bhem provozu.<\/li>\n<li>\u00dadr\u017eba: Snadn\u00e1 \u00fadr\u017eba a opravy pro dlouhodob\u00e9 pou\u017e\u00edv\u00e1n\u00ed.<\/li>\n<\/ul>\n<p>    <img decoding=\"async\" src=\"https:\/\/www.hydraulic-cylinders.net\/wp-content\/uploads\/2025\/01\/songte-oil-pipes-and-spare-parts.webp\" alt=\"Obr\u00e1zek designu produktu\"><\/p>\n<h2>T\u011bsn\u011bn\u00ed a maz\u00e1n\u00ed<\/h2>\n<p>Kore\u010dkov\u00fd v\u00e1lec vyu\u017e\u00edv\u00e1 r\u016fzn\u00e9 t\u011bsnic\u00ed komponenty, jako jsou t\u011bsn\u011bn\u00ed p\u00edstu a p\u00edstnice, vyroben\u00e9 z materi\u00e1l\u016f odoln\u00fdch proti opot\u0159eben\u00ed, jako je polyuretan a nitrilov\u00e1 pry\u017e. T\u011bleso v\u00e1lce a z\u00e1vitov\u00e9 koncov\u00e9 plochy jsou jemn\u011b opracov\u00e1ny pro zv\u00fd\u0161en\u00ed odolnosti proti opot\u0159eben\u00ed. Pro zaji\u0161t\u011bn\u00ed plynul\u00e9ho provozu je nutn\u00e9 pravideln\u00e9 maz\u00e1n\u00ed vhodn\u00fdm mno\u017estv\u00edm hydraulick\u00e9ho oleje.<\/p>\n<h2>Pravideln\u00e1 kontrola a preventivn\u00ed \u00fadr\u017eba<\/h2>\n<ul>\n<li>Pravideln\u00e1 kontrola stavu v\u00e1lce, v\u010detn\u011b t\u011bsn\u011bn\u00ed, spoj\u016f a celkov\u00e9ho v\u00fdkonu.<\/li>\n<li>Spr\u00e1vn\u00e9 maz\u00e1n\u00ed pro udr\u017een\u00ed optim\u00e1ln\u00edho provozu a prevenci p\u0159ed\u010dasn\u00e9ho opot\u0159eben\u00ed.<\/li>\n<li>V\u00fdm\u011bna t\u011bsn\u011bn\u00ed a kontroly kalibrace pro zaji\u0161t\u011bn\u00ed efektivn\u00edho a bezpe\u010dn\u00e9ho provozu.<\/li>\n<\/ul>\n<h2>Pokyny k instalaci produktu<\/h2>\n<p>Spr\u00e1vn\u00e1 instalace je z\u00e1sadn\u00ed pro v\u00fdkon kore\u010dkov\u00e9ho v\u00e1lce. Dodr\u017eujte tyto pokyny:<\/p>\n<ul>\n<li>B\u011bhem instalace zajist\u011bte spr\u00e1vn\u00e9 vyrovn\u00e1n\u00ed v\u00e1lce.<\/li>\n<li>K upevn\u011bn\u00ed v\u00e1lce na m\u00edst\u011b pou\u017eijte vhodn\u00e9 mont\u00e1\u017en\u00ed konzoly.<\/li>\n<li>Dodr\u017eujte doporu\u010den\u00e9 postupy kontroly, opravy a v\u00fdm\u011bny, abyste zachovali dlouhou \u017eivotnost v\u00e1lce.<\/li>\n<\/ul>\n<p>    <img decoding=\"async\" src=\"https:\/\/www.hydraulic-cylinders.net\/wp-content\/uploads\/2025\/01\/songte-chushion-collar.webp\" alt=\"Obr\u00e1zek s pokyny k instalaci\"><\/p>\n<h2>Bezpe\u010dnostn\u00ed aspekty a faktory prost\u0159ed\u00ed<\/h2>\n<p>P\u0159i pou\u017e\u00edv\u00e1n\u00ed kbel\u00edkov\u00e9ho v\u00e1lce je d\u016fle\u017eit\u00e9 dodr\u017eovat bezpe\u010dnostn\u00ed opat\u0159en\u00ed, aby se p\u0159ede\u0161lo nehod\u00e1m a zajistilo bezpe\u010dn\u00e9 pracovn\u00ed prost\u0159ed\u00ed.<\/p>\n<h2>Diagnostika z\u00e1vad a b\u011b\u017en\u00e9 probl\u00e9my<\/h2>\n<p>Zde jsou n\u011bkter\u00e9 b\u011b\u017en\u00e9 probl\u00e9my s v\u00e1lcem lopaty:<\/p>\n<ul>\n<li>Net\u011bsnost: Zkontrolujte, zda nejsou po\u0161kozen\u00e1 t\u011bsn\u011bn\u00ed nebo uvoln\u011bn\u00e1 spojen\u00ed, a podle toho je opravte.<\/li>\n<li>Pomal\u00fd provoz: Zkontrolujte hydraulick\u00fd syst\u00e9m, zda nen\u00ed ucpan\u00fd nebo zda v n\u011bm nejsou p\u0159ek\u00e1\u017eky, kter\u00e9 by mohly ovlivnit v\u00fdkon v\u00e1lce.<\/li>\n<li>Abnorm\u00e1ln\u00ed hluk: Prozkoumejte jak\u00e9koli neobvykl\u00e9 zvuky a identifikujte jejich zdroj pro spr\u00e1vn\u00e9 \u0159e\u0161en\u00ed probl\u00e9m\u016f.<\/li>\n<\/ul>\n<h2>Tipy a \u0159e\u0161en\u00ed probl\u00e9m\u016f<\/h2>\n<ul>\n<li>Poskytn\u011bte tipy a \u0159e\u0161en\u00ed, kter\u00e9 \u010dten\u00e1\u0159\u016fm pomohou efektivn\u011b diagnostikovat a \u0159e\u0161it probl\u00e9my.<\/li>\n<li>Navrhn\u011bte preventivn\u00ed opat\u0159en\u00ed k minimalizaci potenci\u00e1ln\u00edch probl\u00e9m\u016f.<\/li>\n<\/ul>\n<p>    <img decoding=\"async\" src=\"https:\/\/www.hydraulic-cylinders.net\/wp-content\/uploads\/2025\/01\/songte-bushings-with-all-kinds-of-excavator-models.webp\" alt=\"Tipy pro \u0159e\u0161en\u00ed probl\u00e9m\u016f Obr\u00e1zek\"><\/p>\n<h2>Z\u00e1v\u011br<\/h2>\n<p>Z\u00e1v\u011brem lze \u0159\u00edci, \u017ee hydraulick\u00fd v\u00e1lec pro Carter CT65-8B je nezbytnou hydraulickou sou\u010d\u00e1st\u00ed pou\u017e\u00edvanou v r\u016fzn\u00fdch aplikac\u00edch t\u011b\u017ek\u00fdch stroj\u016f. Jeho vysok\u00e1 pevnost, \u00fa\u010dinnost a v\u0161estrannost z n\u011bj \u010din\u00ed spolehlivou volbu pro manipulaci s materi\u00e1lem. Pravideln\u00e1 \u00fadr\u017eba a spr\u00e1vn\u00e1 instalace jsou kl\u00ed\u010dem k maximalizaci jeho v\u00fdkonu a \u017eivotnosti. Jako p\u0159edn\u00ed v\u00fdrobce a velkoobchodn\u00ed distributor hydraulick\u00fdch v\u00e1lc\u016f se na\u0161e spole\u010dnost v\u011bnuje poskytov\u00e1n\u00ed vynikaj\u00edc\u00edch produkt\u016f a slu\u017eeb a uspokojov\u00e1n\u00ed rozmanit\u00fdch pot\u0159eb z\u00e1kazn\u00edk\u016f d\u00edky na\u0161im odborn\u00fdm znalostem, mezin\u00e1rodn\u00edm certifikac\u00edm, mo\u017enostem \u00faprav, modern\u00edmu v\u00fdrobn\u00edmu vybaven\u00ed a komplexn\u00ed poprodejn\u00ed podpo\u0159e.<\/p>\n<p>    <img decoding=\"async\" src=\"https:\/\/www.hydraulic-cylinders.net\/wp-content\/uploads\/2025\/01\/songte-company-3.webp\" alt=\"Obr\u00e1zek s p\u0159ehledem spole\u010dnosti\"><\/p>\n<p>Autor: lyl<\/p>\n<p><\/body><\/p>\n<p><\/html><\/p>","protected":false},"excerpt":{"rendered":"<p>Bucket Cylinder For Carter CT65-8B Bucket Cylinder For Carter CT65-8B Introduction The bucket cylinder for Carter CT65-8B is a specially designed hydraulic cylinder used to control the movement of the bucket in heavy machinery such as excavators, backhoe loaders, and front loaders. Its main function is to enable the lifting, lowering, and tilting of the [&hellip;]<\/p>","protected":false},"featured_media":14787,"comment_status":"open","ping_status":"closed","template":"","meta":{"_et_pb_use_builder":"","_et_pb_old_content":"","_et_gb_content_width":""},"product_brand":[],"product_cat":[1494],"product_tag":[1495,1496],"class_list":{"0":"post-15794","1":"product","2":"type-product","3":"status-publish","4":"has-post-thumbnail","6":"product_cat-bucket-cylinders","7":"product_tag-bucket-cylinders","8":"product_tag-hydraulic-cylinders","10":"first","11":"instock","12":"shipping-taxable","13":"product-type-simple"},"amp_enabled":true,"_links":{"self":[{"href":"https:\/\/www.hydraulic-cylinders.net\/cs\/wp-json\/wp\/v2\/product\/15794","targetHints":{"allow":["GET"]}}],"collection":[{"href":"https:\/\/www.hydraulic-cylinders.net\/cs\/wp-json\/wp\/v2\/product"}],"about":[{"href":"https:\/\/www.hydraulic-cylinders.net\/cs\/wp-json\/wp\/v2\/types\/product"}],"replies":[{"embeddable":true,"href":"https:\/\/www.hydraulic-cylinders.net\/cs\/wp-json\/wp\/v2\/comments?post=15794"}],"wp:featuredmedia":[{"embeddable":true,"href":"https:\/\/www.hydraulic-cylinders.net\/cs\/wp-json\/wp\/v2\/media\/14787"}],"wp:attachment":[{"href":"https:\/\/www.hydraulic-cylinders.net\/cs\/wp-json\/wp\/v2\/media?parent=15794"}],"wp:term":[{"taxonomy":"product_brand","embeddable":true,"href":"https:\/\/www.hydraulic-cylinders.net\/cs\/wp-json\/wp\/v2\/product_brand?post=15794"},{"taxonomy":"product_cat","embeddable":true,"href":"https:\/\/www.hydraulic-cylinders.net\/cs\/wp-json\/wp\/v2\/product_cat?post=15794"},{"taxonomy":"product_tag","embeddable":true,"href":"https:\/\/www.hydraulic-cylinders.net\/cs\/wp-json\/wp\/v2\/product_tag?post=15794"}],"curies":[{"name":"wp","href":"https:\/\/api.w.org\/{rel}","templated":true}]}}