{"id":15827,"date":"2025-01-19T15:02:23","date_gmt":"2025-01-19T15:02:23","guid":{"rendered":"https:\/\/www.hydraulic-cylinders.net\/product\/bucket-cylinder-for-nante-nt25\/"},"modified":"2025-01-19T15:02:25","modified_gmt":"2025-01-19T15:02:25","slug":"bucket-cylinder-for-nante-nt25","status":"publish","type":"product","link":"https:\/\/www.hydraulic-cylinders.net\/cs\/produkt\/bucket-cylinder-for-nante-nt25\/","title":{"rendered":"V\u00e1lec kope\u010dku pro Nante NT25"},"content":{"rendered":"<p><!DOCTYPE html><br \/>\n<html><br \/>\n<head><br \/>\n<title>V\u00e1lec kope\u010dku pro Nante NT25<\/title><br \/>\n<\/head><br \/>\n<body><\/p>\n<h1>V\u00e1lec kope\u010dku pro Nante NT25<\/h1>\n<h2>Zaveden\u00ed<\/h2>\n<p>Hydraulick\u00fd v\u00e1lec l\u017e\u00edce pro Nante NT25 je speci\u00e1ln\u011b navr\u017een\u00fd hydraulick\u00fd v\u00e1lec pou\u017e\u00edvan\u00fd k ovl\u00e1d\u00e1n\u00ed pohybu l\u017e\u00edce v t\u011b\u017ek\u00fdch stroj\u00edch, jako jsou rypadla, r\u00fdpadlo-naklada\u010de a \u010deln\u00ed naklada\u010de. Jeho hlavn\u00ed funkc\u00ed je umo\u017enit zved\u00e1n\u00ed, spou\u0161t\u011bn\u00ed a nakl\u00e1p\u011bn\u00ed l\u017e\u00edce, d\u00edky \u010demu\u017e je vhodn\u00fd pro r\u016fzn\u00e9 \u00fakoly manipulace s materi\u00e1lem. V hydraulick\u00e9m syst\u00e9mu dosahuje v\u00e1lec l\u017e\u00edce p\u0159esn\u00e9ho ovl\u00e1d\u00e1n\u00ed l\u017e\u00edce vyu\u017eit\u00edm zm\u011bn tlaku hydraulick\u00e9ho oleje, co\u017e umo\u017e\u0148uje obsluze efektivn\u011b manipulovat s t\u011b\u017ek\u00fdmi b\u0159emeny a p\u0159izp\u016fsobovat se slo\u017eit\u00fdm pracovn\u00edm prost\u0159ed\u00edm a rozmanit\u00fdm po\u017eadavk\u016fm na pr\u00e1ci.<\/p>\n<p><img decoding=\"async\" src=\"https:\/\/www.hydraulic-cylinders.net\/wp-content\/uploads\/2025\/01\/songte-company-2.webp\" alt=\"Kbel\u00edkov\u00fd v\u00e1lec\" \/><\/p>\n<h2>Funkce<\/h2>\n<ul>\n<li><strong>Vysok\u00e1 pevnost a trvanlivost:<\/strong> Obvykle je vyroben z vysokopevnostn\u00ed oceli nebo hlin\u00edku, tak\u017ee odol\u00e1 vysok\u00e9mu tlaku a velk\u00e9mu zat\u00ed\u017een\u00ed, a p\u0159izp\u016fsob\u00ed se tak n\u00e1ro\u010dn\u00e9mu pracovn\u00edmu prost\u0159ed\u00ed. Konstrukce zohled\u0148uje odolnost proti opot\u0159eben\u00ed a korozi, co\u017e prodlu\u017euje jeho \u017eivotnost.<\/li>\n<li><strong>Efektivn\u00ed hydraulick\u00fd provoz:<\/strong> Vyu\u017eit\u00edm tlaku hydraulick\u00e9ho oleje dosahuje plynul\u00e9ho vysouv\u00e1n\u00ed a zasouv\u00e1n\u00ed a poskytuje siln\u00e9 tla\u010dn\u00e9 a ta\u017en\u00e9 s\u00edly, vhodn\u00e9 pro manipulaci s t\u011b\u017ek\u00fdmi b\u0159emeny a slo\u017eit\u00e9 pracovn\u00ed \u00fakoly.<\/li>\n<li><strong>R\u016fzn\u00e9 typy:<\/strong> V\u00e1lec kore\u010dkov\u00e9ho v\u00e1lce lze volit jako jedno\u010dinn\u00fd (hydraulick\u00fd pouze v jednom sm\u011bru) nebo dvoj\u010dinn\u00fd (hydraulick\u00fd v obou sm\u011brech) na z\u00e1klad\u011b specifick\u00fdch provozn\u00edch pot\u0159eb. N\u011bkter\u00e9 modely jsou teleskopick\u00e9, co\u017e umo\u017e\u0148uje v\u011bt\u0161\u00ed vysunut\u00ed bez zv\u011bt\u0161en\u00ed vn\u011bj\u0161\u00edch rozm\u011br\u016f, a proto jsou vhodn\u00e9 pro aplikace s omezen\u00fdm prostorem.<\/li>\n<li><strong>V\u00fdm\u011bna produktu:<\/strong> Na\u0161e spole\u010dnost dok\u00e1\u017ee tento produkt vyrobit a dokonale nahradit tyto hydraulick\u00e9 v\u00e1lce.<\/li>\n<\/ul>\n<p><img decoding=\"async\" src=\"https:\/\/www.hydraulic-cylinders.net\/wp-content\/uploads\/2025\/01\/songte-cylinder-head-with-all-kinds-excavator-models.webp\" alt=\"V\u00fdm\u011bna produktu\" \/><\/p>\n<h2>Aplikace<\/h2>\n<p>Kore\u010dkov\u00e9 v\u00e1lce se b\u011b\u017en\u011b pou\u017e\u00edvaj\u00ed v n\u00e1sleduj\u00edc\u00edch aplikac\u00edch:<\/p>\n<ol>\n<li>Stavebn\u00ed za\u0159\u00edzen\u00ed: Nach\u00e1zej\u00ed se v bagrech a jsou nezbytn\u00e9 pro v\u00fdkopov\u00e9 pr\u00e1ce, nakl\u00e1d\u00e1n\u00ed a p\u0159emis\u0165ov\u00e1n\u00ed zeminy nebo suti. U rypadlo-naklada\u010d\u016f pom\u00e1h\u00e1 v\u00e1lec l\u017e\u00edce p\u0159i kop\u00e1n\u00ed i zved\u00e1n\u00ed.<\/li>\n<li>Zem\u011bd\u011blsk\u00e9 stroje: Pou\u017e\u00edvaj\u00ed se v \u010deln\u00edch naklada\u010d\u00edch pro nab\u00edr\u00e1n\u00ed, zved\u00e1n\u00ed a p\u0159epravu p\u016fdy, sena a dal\u0161\u00edch materi\u00e1l\u016f.<\/li>\n<li>Rypadla: V\u00e1lec l\u017e\u00edce umo\u017e\u0148uje kop\u00e1n\u00ed t\u00edm, \u017ee umo\u017e\u0148uje l\u017e\u00edci proniknout do p\u016fdy.<\/li>\n<li>Naklada\u010de: U \u010deln\u00edch naklada\u010d\u016f pom\u00e1haj\u00ed s efektivn\u00edm zved\u00e1n\u00edm a vykl\u00e1dkov\u00e1n\u00edm zbo\u017e\u00ed.<\/li>\n<\/ol>\n<h2>Konstruk\u010dn\u00ed aspekty a krit\u00e9ria v\u00fdb\u011bru<\/h2>\n<ul>\n<li><strong>Nosnost:<\/strong> Diskutujte o schopnosti kl\u00ed\u010dov\u00e9ho slova zvl\u00e1dat vysok\u00fd tlak a t\u011b\u017ek\u00e9 zat\u00ed\u017een\u00ed.<\/li>\n<li><strong>T\u011bsn\u011bn\u00ed:<\/strong> Diskutujte o d\u016fle\u017eitosti pou\u017e\u00edv\u00e1n\u00ed r\u016fzn\u00fdch t\u011bsn\u011bn\u00ed, jako jsou p\u00edstn\u00ed a p\u00edstn\u00ed t\u011bsn\u011bn\u00ed, vyroben\u00fdch z materi\u00e1l\u016f odoln\u00fdch proti opot\u0159eben\u00ed, jako je polyuretan a nitrilov\u00e1 pry\u017e. Zmi\u0148te jemnou povrchovou \u00fapravu t\u011blesa v\u00e1lce a z\u00e1vitov\u00fdch konc\u016f pro zv\u00fd\u0161en\u00ed odolnosti proti opot\u0159eben\u00ed.<\/li>\n<li><strong>Trvanlivost:<\/strong> Popi\u0161te opat\u0159en\u00ed p\u0159ijat\u00e1 k zaji\u0161t\u011bn\u00ed dlouh\u00e9 \u017eivotnosti v\u00e1lce kore\u010dkov\u00e9ho v\u00e1lce, v\u010detn\u011b pravideln\u00e9ho maz\u00e1n\u00ed hydraulick\u00fdm olejem.<\/li>\n<li><strong>Bezpe\u010dnost:<\/strong> Zd\u016frazn\u011bte d\u016fle\u017eitost dodr\u017eov\u00e1n\u00ed bezpe\u010dnostn\u00edch opat\u0159en\u00ed p\u0159i pr\u00e1ci s kore\u010dkov\u00fdm v\u00e1lcem a zohledn\u011bn\u00ed bezpe\u010dnostn\u00edch prvk\u016f p\u0159i jeho konstrukci.<\/li>\n<li><strong>\u00dadr\u017eba:<\/strong> Zajist\u011bte pravideln\u00e9 kontroly a preventivn\u00ed \u00fadr\u017ebu, v\u010detn\u011b spr\u00e1vn\u00e9 instalace, maz\u00e1n\u00ed a v\u00fdm\u011bny t\u011bsn\u011bn\u00ed. Proberte d\u016fle\u017eitost spr\u00e1vn\u00e9ho vyrovn\u00e1n\u00ed b\u011bhem instalace a pou\u017eit\u00ed vhodn\u00fdch mont\u00e1\u017en\u00edch konzol pro zaji\u0161t\u011bn\u00ed v\u00e1lce. Doporu\u010dte postupy kontroly, opravy a v\u00fdm\u011bny, jako\u017e i v\u00fdm\u011bnu d\u00edl\u016f a slu\u017eby renovace pro prodlou\u017een\u00ed \u017eivotnosti kore\u010dkov\u00e9ho v\u00e1lce.<\/li>\n<\/ul>\n<p><img decoding=\"async\" src=\"https:\/\/www.hydraulic-cylinders.net\/wp-content\/uploads\/2025\/01\/songte-oil-pipes-and-spare-parts.webp\" alt=\"\u00dadr\u017eba\" \/><\/p>\n<h2>Bezpe\u010dnostn\u00ed aspekty a faktory prost\u0159ed\u00ed<\/h2>\n<p>P\u0159i pou\u017e\u00edv\u00e1n\u00ed kl\u00ed\u010dov\u00e9ho slova je d\u016fle\u017eit\u00e9 zv\u00e1\u017eit bezpe\u010dnostn\u00ed opat\u0159en\u00ed k prevenci nehod a ochran\u011b \u017eivotn\u00edho prost\u0159ed\u00ed.<\/p>\n<h2>Odstra\u0148ov\u00e1n\u00ed probl\u00e9m\u016f a b\u011b\u017en\u00e9 probl\u00e9my<\/h2>\n<p>Diskutujte b\u011b\u017en\u00e9 probl\u00e9my, kter\u00e9 mohou nastat s v\u00e1lcem kore\u010dkov\u00e9ho v\u00e1lce, a poskytn\u011bte tipy a \u0159e\u0161en\u00ed probl\u00e9m\u016f, kter\u00e9 \u010dten\u00e1\u0159\u016fm pomohou efektivn\u011b diagnostikovat a \u0159e\u0161it probl\u00e9my. Nab\u00eddn\u011bte preventivn\u00ed opat\u0159en\u00ed k minimalizaci potenci\u00e1ln\u00edch probl\u00e9m\u016f.<\/p>\n<p><img decoding=\"async\" src=\"https:\/\/www.hydraulic-cylinders.net\/wp-content\/uploads\/2025\/01\/songte-bushings-with-all-kinds-of-excavator-models.webp\" alt=\"Odstra\u0148ov\u00e1n\u00ed probl\u00e9m\u016f\" \/><\/p>\n<p>Nezapome\u0148te \u010dl\u00e1nek logicky uspo\u0159\u00e1dat, pou\u017e\u00edvat podnadpisy pro snadnou navigaci, za\u010dlenit relevantn\u00ed obr\u00e1zky nebo grafy pro lep\u0161\u00ed pochopen\u00ed a zajistit, aby obsah byl jasn\u00fd, stru\u010dn\u00fd a vhodn\u00fd pro \u010dten\u00e1\u0159e s r\u016fznou \u00farovn\u00ed technick\u00fdch znalost\u00ed.<\/p>\n<h2>Na\u0161e spole\u010dnost<\/h2>\n<p>Jsme v\u00fdrobcem n\u00e1hradn\u00edch hydraulick\u00fdch v\u00e1lc\u016f. D\u00edky \u0161irok\u00e9 \u0161k\u00e1le produkt\u016f jsme se stali jedn\u00edm z p\u0159edn\u00edch v\u00fdrobc\u016f a velkoobchodn\u00edch distributor\u016f hydraulick\u00fdch v\u00e1lc\u016f na dom\u00e1c\u00edm i mezin\u00e1rodn\u00edm trhu. Dodr\u017eujeme principy excelence a spol\u00e9h\u00e1me se na strategie \u0159\u00edzen\u00ed pr\u016fmyslov\u00e9 v\u00fdroby na\u0161ich sofistikovan\u00fdch v\u00fdrobn\u00edch d\u00edlen. Vyu\u017e\u00edv\u00e1n\u00edm technologick\u00fdch talent\u016f, pokro\u010dil\u00e9ho digit\u00e1ln\u00edho v\u00fdrobn\u00edho za\u0159\u00edzen\u00ed a profesion\u00e1ln\u00edch testovac\u00edch syst\u00e9m\u016f neust\u00e1le vylep\u0161ujeme na\u0161e v\u00fdrobn\u00ed platformy, zdokonalujeme v\u00fdrobn\u00ed postupy pro dosa\u017een\u00ed kvality produkt\u016f a disponujeme siln\u00fdmi inovativn\u00edmi schopnostmi. Sna\u017e\u00edme se uspokojovat rozmanit\u00e9 po\u017eadavky z\u00e1kazn\u00edk\u016f s vysokou efektivitou, p\u0159esnost\u00ed a kvalitou.<\/p>\n<p><img decoding=\"async\" src=\"https:\/\/www.hydraulic-cylinders.net\/wp-content\/uploads\/2025\/01\/songte-company-3.webp\" alt=\"Na\u0161e spole\u010dnost\" \/><\/p>\n<h3>Pro\u010d si vybrat n\u00e1s?<\/h3>\n<ul>\n<li>Profesionalita: V na\u0161ich operac\u00edch a slu\u017eb\u00e1ch klademe d\u016fraz na profesionalitu.<\/li>\n<li>Mezin\u00e1rodn\u00ed certifikace: Na\u0161e v\u00fdrobky spl\u0148uj\u00ed mezin\u00e1rodn\u00ed standardy kvality a bezpe\u010dnosti.<\/li>\n<li>Slu\u017eby p\u0159izp\u016fsoben\u00ed: Nab\u00edz\u00edme \u0159e\u0161en\u00ed na m\u00edru, kter\u00e1 spl\u0148uj\u00ed specifick\u00e9 po\u017eadavky z\u00e1kazn\u00edka.<\/li>\n<li>V\u00fdrobn\u00ed za\u0159\u00edzen\u00ed: Pou\u017e\u00edv\u00e1me modern\u00ed v\u00fdrobn\u00ed za\u0159\u00edzen\u00ed k zaji\u0161t\u011bn\u00ed kvality v\u00fdrobk\u016f.<\/li>\n<li>Poprodejn\u00ed servis: Poskytujeme spolehliv\u00e9 poprodejn\u00ed slu\u017eby na podporu na\u0161ich z\u00e1kazn\u00edk\u016f.<\/li>\n<\/ul>\n<p>Autor: lyl<\/p>\n<p><img decoding=\"async\" src=\"https:\/\/hzpt.com\/wp-content\/uploads\/2024\/11\/songte-company-1.webp\" alt=\"Na\u0161e spole\u010dnost\" \/><\/p>\n<p><\/body><br \/>\n<\/html><\/p>","protected":false},"excerpt":{"rendered":"<p>Bucket Cylinder For Nante NT25 Bucket Cylinder For Nante NT25 Introduction The bucket cylinder for Nante NT25 is a specially designed hydraulic cylinder used to control the movement of the bucket in heavy machinery such as excavators, backhoe loaders, and front-end loaders. Its main function is to enable the lifting, lowering, and tilting of the [&hellip;]<\/p>","protected":false},"featured_media":14782,"comment_status":"open","ping_status":"closed","template":"","meta":{"_et_pb_use_builder":"","_et_pb_old_content":"","_et_gb_content_width":""},"product_brand":[],"product_cat":[1494],"product_tag":[1495,1496],"class_list":{"0":"post-15827","1":"product","2":"type-product","3":"status-publish","4":"has-post-thumbnail","6":"product_cat-bucket-cylinders","7":"product_tag-bucket-cylinders","8":"product_tag-hydraulic-cylinders","10":"first","11":"instock","12":"shipping-taxable","13":"product-type-simple"},"amp_enabled":true,"_links":{"self":[{"href":"https:\/\/www.hydraulic-cylinders.net\/cs\/wp-json\/wp\/v2\/product\/15827","targetHints":{"allow":["GET"]}}],"collection":[{"href":"https:\/\/www.hydraulic-cylinders.net\/cs\/wp-json\/wp\/v2\/product"}],"about":[{"href":"https:\/\/www.hydraulic-cylinders.net\/cs\/wp-json\/wp\/v2\/types\/product"}],"replies":[{"embeddable":true,"href":"https:\/\/www.hydraulic-cylinders.net\/cs\/wp-json\/wp\/v2\/comments?post=15827"}],"wp:featuredmedia":[{"embeddable":true,"href":"https:\/\/www.hydraulic-cylinders.net\/cs\/wp-json\/wp\/v2\/media\/14782"}],"wp:attachment":[{"href":"https:\/\/www.hydraulic-cylinders.net\/cs\/wp-json\/wp\/v2\/media?parent=15827"}],"wp:term":[{"taxonomy":"product_brand","embeddable":true,"href":"https:\/\/www.hydraulic-cylinders.net\/cs\/wp-json\/wp\/v2\/product_brand?post=15827"},{"taxonomy":"product_cat","embeddable":true,"href":"https:\/\/www.hydraulic-cylinders.net\/cs\/wp-json\/wp\/v2\/product_cat?post=15827"},{"taxonomy":"product_tag","embeddable":true,"href":"https:\/\/www.hydraulic-cylinders.net\/cs\/wp-json\/wp\/v2\/product_tag?post=15827"}],"curies":[{"name":"wp","href":"https:\/\/api.w.org\/{rel}","templated":true}]}}