{"id":15832,"date":"2025-01-19T15:02:45","date_gmt":"2025-01-19T15:02:45","guid":{"rendered":"https:\/\/www.hydraulic-cylinders.net\/product\/bucket-cylinder-for-yanmar-sv08-1a\/"},"modified":"2025-01-19T15:02:47","modified_gmt":"2025-01-19T15:02:47","slug":"bucket-cylinder-for-yanmar-sv08-1a","status":"publish","type":"product","link":"https:\/\/www.hydraulic-cylinders.net\/cs\/produkt\/bucket-cylinder-for-yanmar-sv08-1a\/","title":{"rendered":"V\u00e1lec l\u017e\u00edce pro Yanmar SV08-1A"},"content":{"rendered":"<h1>V\u00e1lec l\u017e\u00edce pro Yanmar SV08-1A<\/h1>\n<h2>Zaveden\u00ed<\/h2>\n<p>Hydraulick\u00fd v\u00e1lec l\u017e\u00edce pro Yanmar SV08-1A je speci\u00e1ln\u011b navr\u017een\u00fd hydraulick\u00fd v\u00e1lec pou\u017e\u00edvan\u00fd p\u0159edev\u0161\u00edm k ovl\u00e1d\u00e1n\u00ed pohybu l\u017e\u00edce v t\u011b\u017ek\u00fdch stroj\u00edch, jako jsou rypadla, r\u00fdpadlo-naklada\u010de a \u010deln\u00ed naklada\u010de. Jeho hlavn\u00ed funkc\u00ed je umo\u017enit zved\u00e1n\u00ed, spou\u0161t\u011bn\u00ed a nakl\u00e1p\u011bn\u00ed l\u017e\u00edce, co\u017e usnad\u0148uje manipulaci s r\u016fzn\u00fdmi t\u011b\u017ek\u00fdmi materi\u00e1ly. V hydraulick\u00e9m syst\u00e9mu dosahuje v\u00e1lec l\u017e\u00edce p\u0159esn\u00e9ho ovl\u00e1d\u00e1n\u00ed l\u017e\u00edce zm\u011bnami tlaku hydraulick\u00e9ho oleje, co\u017e umo\u017e\u0148uje obsluze efektivn\u011b manipulovat s t\u011b\u017ek\u00fdmi p\u0159edm\u011bty a p\u0159izp\u016fsobovat se slo\u017eit\u00fdm pracovn\u00edm prost\u0159ed\u00edm a rozmanit\u00fdm provozn\u00edm po\u017eadavk\u016fm.<\/p>\n<p><img decoding=\"async\" src=\"https:\/\/www.hydraulic-cylinders.net\/wp-content\/uploads\/2025\/01\/songte-company-2.webp\"\/><\/p>\n<h2>Funkce<\/h2>\n<ul>\n<li>\n<h3>Vysok\u00e1 pevnost a trvanlivost<\/h3>\n<p>Kore\u010dkov\u00e9 v\u00e1lce jsou obvykle vyrobeny z vysokopevnostn\u00ed oceli nebo hlin\u00edku, kter\u00e9 odol\u00e1vaj\u00ed vysok\u00e9mu tlaku a velk\u00e9mu zat\u00ed\u017een\u00ed, a jsou navr\u017eeny s ohledem na odolnost proti opot\u0159eben\u00ed a korozi, co\u017e prodlu\u017euje jejich \u017eivotnost.<\/p>\n<\/li>\n<li>\n<h3>Efektivn\u00ed hydraulick\u00fd provoz<\/h3>\n<p>V\u00e1lce kore\u010dk\u016f vyu\u017e\u00edvaj\u00ed hydraulick\u00fd tlak oleje k dosa\u017een\u00ed plynul\u00e9ho vysouv\u00e1n\u00ed a zasouv\u00e1n\u00ed, jsou schopny rychle reagovat na \u0159\u00eddic\u00ed povely a poskytovat siln\u00e9 tla\u010dn\u00e9 a ta\u017en\u00e9 s\u00edly, vhodn\u00e9 pro manipulaci s t\u011b\u017ek\u00fdmi p\u0159edm\u011bty a slo\u017eit\u00e9 provozn\u00ed \u00fakoly.<\/p>\n<\/li>\n<li>\n<h3>R\u016fzn\u00e9 typy<\/h3>\n<p>V\u00e1lce kore\u010dk\u016f mohou b\u00fdt jedno\u010dinn\u00e9 nebo dvoj\u010dinn\u00e9 (s hydraulick\u00fdm pohonem v jednom nebo obou sm\u011brech) v z\u00e1vislosti na provozn\u00edch pot\u0159eb\u00e1ch. N\u011bkter\u00e9 modely jsou teleskopick\u00e9, co\u017e umo\u017e\u0148uje v\u011bt\u0161\u00ed vysunut\u00ed bez zv\u011bt\u0161en\u00ed vn\u011bj\u0161\u00edch rozm\u011br\u016f, a jsou vhodn\u00e9 pro aplikace s omezen\u00fdm prostorem.<\/p>\n<\/li>\n<li>\n<h3>Dokonal\u00e1 n\u00e1hrada<\/h3>\n<p>Na\u0161e produkty dok\u00e1\u017e\u00ed tyto hydraulick\u00e9 v\u00e1lce dokonale nahradit.<\/p>\n<p>      <img decoding=\"async\" src=\"https:\/\/www.hydraulic-cylinders.net\/wp-content\/uploads\/2025\/01\/songte-cylinder-head-with-all-kinds-excavator-models.webp\"\/>\n  <\/li>\n<\/ul>\n<h2>Aplikace<\/h2>\n<p>Kore\u010dkov\u00e9 v\u00e1lce se pou\u017e\u00edvaj\u00ed v r\u016fzn\u00fdch oblastech, jako nap\u0159\u00edklad:<\/p>\n<ul>\n<li>\n<h3>Stavebn\u00ed stroje<\/h3>\n<p>U bagr\u016f jsou nezbytn\u00e9 pro kop\u00e1n\u00ed, nakl\u00e1d\u00e1n\u00ed a p\u0159emis\u0165ov\u00e1n\u00ed zeminy nebo suti. U rypadlo-naklada\u010d\u016f pom\u00e1haj\u00ed kore\u010dkov\u00e9 v\u00e1lce jak p\u0159i kop\u00e1n\u00ed, tak p\u0159i zved\u00e1n\u00ed. <\/p>\n<p>U \u010deln\u00edch naklada\u010d\u016f pom\u00e1haj\u00ed efektivn\u011b zvedat a vykl\u00e1dat zbo\u017e\u00ed.<\/p>\n<\/li>\n<li>\n<h3>Zem\u011bd\u011blsk\u00e9 stroje<\/h3>\n<p>Pou\u017e\u00edv\u00e1 se v \u010deln\u00edch naklada\u010d\u00edch k nab\u00edr\u00e1n\u00ed, zved\u00e1n\u00ed a p\u0159eprav\u011b zeminy, sena a dal\u0161\u00edch materi\u00e1l\u016f. V bagrech umo\u017e\u0148uj\u00ed v\u00e1lce kore\u010dk\u016f kop\u00e1n\u00ed t\u00edm, \u017ee umo\u017e\u0148uj\u00ed kore\u010dce proniknout do p\u016fdy. <\/p>\n<\/li>\n<\/ul>\n<h2>Standardy n\u00e1vrhu a v\u00fdb\u011bru<\/h2>\n<p>Kore\u010dkov\u00e9 v\u00e1lce jsou navr\u017eeny s ohledem na nap\u0159\u00edklad:<\/p>\n<ul>\n<li>\n<h3>\u00danosnost<\/h3>\n<p>V\u00e1lec l\u017e\u00edce mus\u00ed b\u00fdt schopen un\u00e9st hmotnost b\u0159emene a hydraulick\u00fd tlak.<\/p>\n<\/li>\n<li>\n<h3>T\u011bsn\u011bn\u00ed<\/h3>\n<p>V\u00e1lec l\u017e\u00edce mus\u00ed b\u00fdt ut\u011bsn\u011bn, aby se zabr\u00e1nilo \u00faniku hydraulick\u00e9ho oleje a kontaminaci \u017eivotn\u00edho prost\u0159ed\u00ed. <\/p>\n<\/li>\n<li>\n<h3>Trvanlivost<\/h3>\n<p>Kore\u010dkov\u00fd v\u00e1lec mus\u00ed b\u00fdt dostate\u010dn\u011b odoln\u00fd, aby odolal drsn\u00e9mu prost\u0159ed\u00ed, ve kter\u00e9m pracuje, a aby odolal opot\u0159eben\u00ed v pr\u016fb\u011bhu \u010dasu.<\/p>\n<\/li>\n<li>\n<h3>Bezpe\u010dnost<\/h3>\n<p>V\u00e1lec kore\u010dkov\u00e9ho v\u00e1lce mus\u00ed b\u00fdt navr\u017een tak, aby se p\u0159ede\u0161lo nehod\u00e1m a byla zaji\u0161t\u011bna bezpe\u010dnost obsluhy b\u011bhem pou\u017e\u00edv\u00e1n\u00ed.<\/p>\n<\/li>\n<li>\n<h3>Udr\u017eovatelnost<\/h3>\n<p>V\u00e1lec kore\u010dkov\u00e9ho v\u00e1lce mus\u00ed b\u00fdt navr\u017een tak, aby se dal snadno udr\u017eovat a opravovat, s snadno dostupn\u00fdmi n\u00e1hradn\u00edmi d\u00edly a nab\u00edzen\u00fdmi slu\u017ebami repase pro prodlou\u017een\u00ed \u017eivotnosti v\u00fdrobku.<\/p>\n<p>      <img decoding=\"async\" src=\"https:\/\/www.hydraulic-cylinders.net\/wp-content\/uploads\/2025\/01\/songte-oil-pipes-and-spare-parts.webp\"\/>\n  <\/li>\n<\/ul>\n<h2>T\u011bsn\u011bn\u00ed a maz\u00e1n\u00ed<\/h2>\n<p>Kore\u010dkov\u00e9 v\u00e1lce pou\u017e\u00edvaj\u00ed r\u016fzn\u00e9 typy t\u011bsn\u011bn\u00ed, jako jsou p\u00edstn\u00ed t\u011bsn\u011bn\u00ed a p\u00edstn\u00ed t\u011bsn\u011bn\u00ed, vyroben\u00e1 z materi\u00e1l\u016f odoln\u00fdch proti opot\u0159eben\u00ed, jako je polyuretan a nitrilov\u00e1 pry\u017e. T\u011bleso v\u00e1lce a z\u00e1vitov\u00fd konec jsou jemn\u011b opracov\u00e1ny pro zlep\u0161en\u00ed odolnosti proti opot\u0159eben\u00ed. Pro spr\u00e1vn\u00fd provoz je tak\u00e9 nezbytn\u00e9 pravideln\u00e9 maz\u00e1n\u00ed vhodn\u00fdm hydraulick\u00fdm olejem.<\/p>\n<h2>\u00dadr\u017eba a opravy<\/h2>\n<p>Pravideln\u00e1 \u00fadr\u017eba kore\u010dkov\u00fdch v\u00e1lc\u016f zahrnuje kontrolu, maz\u00e1n\u00ed, v\u00fdm\u011bnu t\u011bsn\u011bn\u00ed a kalibraci. Spr\u00e1vn\u00e1 instalace, maz\u00e1n\u00ed a se\u0159\u00edzen\u00ed jsou nezbytn\u00e9 pro zaji\u0161t\u011bn\u00ed optim\u00e1ln\u00edho v\u00fdkonu. Doporu\u010duje se pou\u017e\u00edvat vhodn\u00e9 mont\u00e1\u017en\u00ed konzole k zaji\u0161t\u011bn\u00ed v\u00e1lce a dodr\u017eovat doporu\u010den\u00e9 postupy kontroly, opravy a v\u00fdm\u011bny, aby se prodlou\u017eila \u017eivotnost produktu.<\/p>\n<p><img decoding=\"async\" src=\"https:\/\/www.hydraulic-cylinders.net\/wp-content\/uploads\/2025\/01\/songte-chushion-collar.webp\"\/><\/p>\n<h2>Bezpe\u010dnostn\u00ed aspekty a faktory prost\u0159ed\u00ed<\/h2>\n<p>Kbel\u00edkov\u00e9 v\u00e1lce mus\u00ed b\u00fdt pou\u017e\u00edv\u00e1ny s dodr\u017eov\u00e1n\u00edm \u0159\u00e1dn\u00fdch bezpe\u010dnostn\u00edch opat\u0159en\u00ed, aby se p\u0159ede\u0161lo nehod\u00e1m a zran\u011bn\u00edm. V\u00fdkon a \u017eivotnost v\u00e1lce mohou ovlivnit i faktory prost\u0159ed\u00ed, jako je teplota, vlhkost a prach.<\/p>\n<p><img decoding=\"async\" src=\"https:\/\/hzpt.com\/wp-content\/uploads\/2024\/11\/songte-company-1.webp\"\/><\/p>\n<h2>P\u0159edstaven\u00ed spole\u010dnosti<\/h2>\n<p>Jsme v\u00fdrobcem hydraulick\u00fdch v\u00e1lc\u016f, kter\u00fd poskytuje kompletn\u00ed sortiment produkt\u016f a st\u00e1v\u00e1 se jedn\u00edm z p\u0159edn\u00edch v\u00fdrobc\u016f a velkoobchodn\u00edch distributor\u016f hydraulick\u00fdch v\u00e1lc\u016f na dom\u00e1c\u00edm i mezin\u00e1rodn\u00edm trhu. \u0158\u00edd\u00edme se principy vynikaj\u00edc\u00ed kvality a spol\u00e9h\u00e1me na strategii \u0159\u00edzen\u00ed pr\u016fmyslov\u00e9 v\u00fdroby v jemn\u00fdch v\u00fdrobn\u00edch d\u00edln\u00e1ch, neust\u00e1le vylep\u0161ujeme na\u0161i v\u00fdrobn\u00ed platformu, zdokonalujeme v\u00fdrobn\u00ed linky pro zaji\u0161t\u011bn\u00ed kvality produkt\u016f a m\u00e1me siln\u00e9 tv\u016fr\u010d\u00ed schopnosti. Uspokojujeme rozmanit\u00e9 pot\u0159eby z\u00e1kazn\u00edk\u016f s vysokou efektivitou, vysokou p\u0159esnost\u00ed a principy vysok\u00e9 kvality.<\/p>\n<p>Na\u0161e spole\u010dnost se zav\u00e1zala poskytovat profesion\u00e1ln\u00ed, mezin\u00e1rodn\u011b certifikovan\u00e9 a zak\u00e1zkov\u00e9 slu\u017eby a pou\u017e\u00edv\u00e1me modern\u00ed v\u00fdrobn\u00ed za\u0159\u00edzen\u00ed a profesion\u00e1ln\u00ed kontroln\u00ed syst\u00e9my ke zlep\u0161en\u00ed kvality na\u0161ich v\u00fdrobk\u016f. Nab\u00edz\u00edme tak\u00e9 poprodejn\u00ed servis, abychom zajistili spokojenost z\u00e1kazn\u00edk\u016f a prodlou\u017eili \u017eivotnost v\u00fdrobk\u016f.<\/p>\n<p><img decoding=\"async\" src=\"https:\/\/www.hydraulic-cylinders.net\/wp-content\/uploads\/2025\/01\/songte-company-3.webp\"\/><\/p>\n<p>Autor: lyl<\/p>","protected":false},"excerpt":{"rendered":"<p>Bucket Cylinder For Yanmar SV08-1A Introduction The bucket cylinder for Yanmar SV08-1A is a specially designed hydraulic cylinder used primarily to control the movement of the bucket in heavy machinery such as excavators, backhoe loaders, and front-end loaders. Its main function is to enable the bucket to lift, lower, and tilt, making it easier to [&hellip;]<\/p>","protected":false},"featured_media":14771,"comment_status":"open","ping_status":"closed","template":"","meta":{"_et_pb_use_builder":"","_et_pb_old_content":"","_et_gb_content_width":""},"product_brand":[],"product_cat":[1494],"product_tag":[1495,1496],"class_list":{"0":"post-15832","1":"product","2":"type-product","3":"status-publish","4":"has-post-thumbnail","6":"product_cat-bucket-cylinders","7":"product_tag-bucket-cylinders","8":"product_tag-hydraulic-cylinders","10":"first","11":"instock","12":"shipping-taxable","13":"product-type-simple"},"amp_enabled":true,"_links":{"self":[{"href":"https:\/\/www.hydraulic-cylinders.net\/cs\/wp-json\/wp\/v2\/product\/15832","targetHints":{"allow":["GET"]}}],"collection":[{"href":"https:\/\/www.hydraulic-cylinders.net\/cs\/wp-json\/wp\/v2\/product"}],"about":[{"href":"https:\/\/www.hydraulic-cylinders.net\/cs\/wp-json\/wp\/v2\/types\/product"}],"replies":[{"embeddable":true,"href":"https:\/\/www.hydraulic-cylinders.net\/cs\/wp-json\/wp\/v2\/comments?post=15832"}],"wp:featuredmedia":[{"embeddable":true,"href":"https:\/\/www.hydraulic-cylinders.net\/cs\/wp-json\/wp\/v2\/media\/14771"}],"wp:attachment":[{"href":"https:\/\/www.hydraulic-cylinders.net\/cs\/wp-json\/wp\/v2\/media?parent=15832"}],"wp:term":[{"taxonomy":"product_brand","embeddable":true,"href":"https:\/\/www.hydraulic-cylinders.net\/cs\/wp-json\/wp\/v2\/product_brand?post=15832"},{"taxonomy":"product_cat","embeddable":true,"href":"https:\/\/www.hydraulic-cylinders.net\/cs\/wp-json\/wp\/v2\/product_cat?post=15832"},{"taxonomy":"product_tag","embeddable":true,"href":"https:\/\/www.hydraulic-cylinders.net\/cs\/wp-json\/wp\/v2\/product_tag?post=15832"}],"curies":[{"name":"wp","href":"https:\/\/api.w.org\/{rel}","templated":true}]}}