{"id":15834,"date":"2025-01-19T15:02:59","date_gmt":"2025-01-19T15:02:59","guid":{"rendered":"https:\/\/www.hydraulic-cylinders.net\/product\/bucket-cylinder-for-yanmar-vi35-6b\/"},"modified":"2025-01-19T15:03:01","modified_gmt":"2025-01-19T15:03:01","slug":"bucket-cylinder-for-yanmar-vi35-6b","status":"publish","type":"product","link":"https:\/\/www.hydraulic-cylinders.net\/cs\/produkt\/bucket-cylinder-for-yanmar-vi35-6b\/","title":{"rendered":"V\u00e1lec l\u017e\u00edce pro Yanmar VI35-6B"},"content":{"rendered":"<h1>V\u00e1lec l\u017e\u00edce pro Yanmar VI35-6B<\/h1>\n<h2>Zaveden\u00ed<\/h2>\n<p>Hydraulick\u00fd v\u00e1lec l\u017e\u00edce pro Yanmar VI35-6B je specializovan\u00fd hydraulick\u00fd v\u00e1lec, kter\u00fd se prim\u00e1rn\u011b pou\u017e\u00edv\u00e1 k ovl\u00e1d\u00e1n\u00ed pohybu l\u017e\u00edce v t\u011b\u017ek\u00fdch stroj\u00edch, jako jsou rypadla, bagry a \u010deln\u00ed naklada\u010de. Jeho hlavn\u00ed funkc\u00ed je umo\u017enit zved\u00e1n\u00ed, spou\u0161t\u011bn\u00ed a nakl\u00e1p\u011bn\u00ed l\u017e\u00edce, co\u017e usnad\u0148uje manipulaci s r\u016fzn\u00fdmi materi\u00e1ly. V hydraulick\u00e9m syst\u00e9mu dosahuje v\u00e1lec l\u017e\u00edce p\u0159esn\u00e9ho ovl\u00e1d\u00e1n\u00ed pohybu l\u017e\u00edce zm\u011bnami tlaku hydraulick\u00e9ho oleje, co\u017e umo\u017e\u0148uje obsluze efektivn\u011b manipulovat s t\u011b\u017ek\u00fdmi p\u0159edm\u011bty a p\u0159izp\u016fsobovat se slo\u017eit\u00e9mu pracovn\u00edmu prost\u0159ed\u00ed a rozmanit\u00fdm provozn\u00edm pot\u0159eb\u00e1m.<\/p>\n<p><img decoding=\"async\" src=\"https:\/\/www.hydraulic-cylinders.net\/wp-content\/uploads\/2025\/01\/songte-company-2.webp\" alt=\"Kbel\u00edkov\u00fd v\u00e1lec\"><\/p>\n<h2>Funkce<\/h2>\n<ul>\n<li>\n<h3>Vysok\u00e1 pevnost a trvanlivost<\/h3>\n<p>Obvykle je vyroben z vysokopevnostn\u00ed oceli nebo hlin\u00edku, odol\u00e1 vysok\u00e9mu tlaku a t\u011b\u017ek\u00e9mu zat\u00ed\u017een\u00ed, p\u0159izp\u016fsob\u00ed se n\u00e1ro\u010dn\u00e9mu pracovn\u00edmu prost\u0159ed\u00ed a je navr\u017een s ohledem na odolnost proti opot\u0159eben\u00ed a korozi, \u010d\u00edm\u017e se prodlu\u017euje jeho \u017eivotnost.<\/p>\n<\/li>\n<li>\n<h3>Efektivn\u00ed hydraulick\u00fd provoz<\/h3>\n<p>D\u00edky hydraulick\u00e9mu tlaku oleje k dosa\u017een\u00ed plynul\u00e9ho vysouv\u00e1n\u00ed a smr\u0161\u0165ov\u00e1n\u00ed dok\u00e1\u017ee rychle reagovat na provozn\u00ed povely a poskytovat siln\u00e9 tlakov\u00e9 a ta\u017en\u00e9 s\u00edly, vhodn\u00e9 pro manipulaci s t\u011b\u017ek\u00fdmi p\u0159edm\u011bty a slo\u017eit\u00e9 provozn\u00ed \u00fakoly.<\/p>\n<\/li>\n<li>\n<h3>R\u016fzn\u00e9 typy<\/h3>\n<p>Podle provozn\u00edch pot\u0159eb lze zvolit jedno\u010dinn\u00e9 (hydraulicky ovl\u00e1dan\u00e9 pouze v jednom sm\u011bru) nebo dvoj\u010dinn\u00e9 (hydraulicky ovl\u00e1dan\u00e9 ve dvou sm\u011brech) v\u00e1lce. N\u011bkter\u00e9 modely jsou teleskopick\u00e9, co\u017e umo\u017e\u0148uje v\u011bt\u0161\u00ed vysunut\u00ed bez zv\u011bt\u0161en\u00ed vn\u011bj\u0161\u00edch rozm\u011br\u016f, a jsou vhodn\u00e9 pro aplikace s omezen\u00fdm prostorem.<\/p>\n<\/li>\n<li>\n<h3>Dokonal\u00e1 n\u00e1hrada<\/h3>\n<p>N\u00e1\u0161 produkt je perfektn\u00ed n\u00e1hradou za tyto hydraulick\u00e9 v\u00e1lce a dok\u00e1\u017eeme je efektivn\u011b vyrobit.<\/p>\n<\/li>\n<li>\n<h3>Aplikace<\/h3>\n<p>Kore\u010dkov\u00fd v\u00e1lec se \u0161iroce pou\u017e\u00edv\u00e1 v r\u016fzn\u00fdch stroj\u00edch, jako jsou stavebn\u00ed stroje, zem\u011bd\u011blsk\u00e9 stroje, bagry a naklada\u010de. <\/p>\n<\/li>\n<\/ul>\n<h2>Aplikace<\/h2>\n<h3>Stavebn\u00ed stroje<\/h3>\n<p>U bagr\u016f je v\u00e1lec kore\u010dky nezbytn\u00fd pro kop\u00e1n\u00ed, nakl\u00e1d\u00e1n\u00ed a p\u0159emis\u0165ov\u00e1n\u00ed zeminy nebo suti. U r\u00fdpadel s r\u00fdpadly pom\u00e1h\u00e1 v\u00e1lec kore\u010dky p\u0159i v\u00fdkopov\u00fdch prac\u00edch a zved\u00e1n\u00ed. U \u010deln\u00edch naklada\u010d\u016f pom\u00e1h\u00e1 s efektivn\u00edm zved\u00e1n\u00edm a nakl\u00e1p\u011bn\u00edm zbo\u017e\u00ed.<\/p>\n<h3>Zem\u011bd\u011blsk\u00e9 stroje<\/h3>\n<p>V\u00e1lec l\u017e\u00edce se pou\u017e\u00edv\u00e1 u \u010deln\u00edch naklada\u010d\u016f, v\u00e1lec l\u017e\u00edce se pou\u017e\u00edv\u00e1 k nab\u00edr\u00e1n\u00ed, zved\u00e1n\u00ed a p\u0159eprav\u011b zeminy, sena a dal\u0161\u00edch materi\u00e1l\u016f.<\/p>\n<h3>Bagry<\/h3>\n<p>V\u00e1lec l\u017e\u00edce umo\u017e\u0148uje l\u017e\u00edci proniknout do p\u016fdy a prov\u00e1d\u011bt v\u00fdkopov\u00e9 pr\u00e1ce.<\/p>\n<h3>Naklada\u010de<\/h3>\n<p>U \u010deln\u00edch naklada\u010d\u016f pom\u00e1h\u00e1 v\u00e1lec l\u017e\u00edce efektivn\u011b zvedat a nakl\u00e1n\u011bt zbo\u017e\u00ed.<\/p>\n<h2>Konstruk\u010dn\u00ed aspekty a krit\u00e9ria v\u00fdb\u011bru<\/h2>\n<ul>\n<li>\n<h3>\u00danosnost<\/h3>\n<p>Kore\u010dkov\u00fd v\u00e1lec by m\u011bl b\u00fdt schopen odolat vysok\u00e9mu tlaku a velk\u00e9mu zat\u00ed\u017een\u00ed, co\u017e by zajistilo jeho plynul\u00fd a bezpe\u010dn\u00fd provoz.<\/p>\n<\/li>\n<li>\n<h3>T\u011bsnic\u00ed vlastnosti<\/h3>\n<p>V\u00e1lec kore\u010dkov\u00e9ho v\u00e1lce mus\u00ed m\u00edt vynikaj\u00edc\u00ed t\u011bsnic\u00ed vlastnosti, aby se zabr\u00e1nilo \u00faniku oleje a zajistila se jeho spr\u00e1vn\u00e1 funkce.<\/p>\n<\/li>\n<li>\n<h3>Trvanlivost<\/h3>\n<p>V\u00e1lec kore\u010dkov\u00e9ho v\u00e1lce by m\u011bl b\u00fdt odoln\u00fd a odoln\u00fd v\u016f\u010di opot\u0159eben\u00ed a korozi, co\u017e by zajistilo jeho dlouhou \u017eivotnost.<\/p>\n<\/li>\n<li>\n<h3>Bezpe\u010dnostn\u00ed prvky<\/h3>\n<p>V\u00e1lec kore\u010dkov\u00e9ho v\u00e1lce by m\u011bl b\u00fdt vybaven bezpe\u010dnostn\u00edmi prvky, kter\u00e9 zajist\u00ed bezpe\u010dnost obsluhy a za\u0159\u00edzen\u00ed.<\/p>\n<\/li>\n<li>\n<h3>\u00dadr\u017eba<\/h3>\n<p>\u00dadr\u017eba v\u00e1lec kore\u010dkov\u00e9ho v\u00e1lce by m\u011bla b\u00fdt snadn\u00e1, s jednoduch\u00fdmi postupy demont\u00e1\u017ee a mont\u00e1\u017ee a snadn\u00fdm p\u0159\u00edstupem k opravn\u00fdm d\u00edl\u016fm.<\/p>\n<\/li>\n<\/ul>\n<p><img decoding=\"async\" src=\"https:\/\/www.hydraulic-cylinders.net\/wp-content\/uploads\/2025\/01\/songte-oil-pipes-and-spare-parts.webp\" alt=\"N\u00e1hradn\u00ed d\u00edly pro v\u00e1lec lopaty\"><\/p>\n<h2>T\u011bsn\u011bn\u00ed a maz\u00e1n\u00ed<\/h2>\n<p>Kore\u010dkov\u00fd v\u00e1lec pou\u017e\u00edv\u00e1 r\u016fzn\u00e9 t\u011bsnic\u00ed komponenty, jako jsou t\u011bsn\u011bn\u00ed p\u00edstu a p\u00edstnice, vyroben\u00e9 z materi\u00e1l\u016f odoln\u00fdch proti opot\u0159eben\u00ed, jako je polyuretan a nitrilov\u00e1 pry\u017e. T\u011bleso v\u00e1lce a z\u00e1vitov\u00e9 koncov\u00e9 plochy jsou jemn\u011b opracov\u00e1ny pro zlep\u0161en\u00ed odolnosti proti opot\u0159eben\u00ed. Pro zaji\u0161t\u011bn\u00ed spr\u00e1vn\u00e9ho provozu v\u00e1lce je tak\u00e9 nutn\u00e9 pravideln\u00e9 maz\u00e1n\u00ed.<\/p>\n<h2>\u00dadr\u017eba a opravy<\/h2>\n<p>V\u00e1lec kore\u010dkov\u00e9ho v\u00e1lce vy\u017eaduje pravidelnou kontrolu a preventivn\u00ed \u00fadr\u017ebu, kter\u00e1 zahrnuje:<\/p>\n<ul>\n<li>Pravideln\u00e9 kontroly t\u011bsnosti nebo po\u0161kozen\u00ed t\u011blesa v\u00e1lce nebo p\u00edstn\u00ed ty\u010de<\/li>\n<li>Spr\u00e1vn\u00e9 maz\u00e1n\u00ed v\u0161ech pohybliv\u00fdch \u010d\u00e1st\u00ed<\/li>\n<li>V\u00fdm\u011bna opot\u0159ebovan\u00fdch nebo po\u0161kozen\u00fdch t\u011bsn\u011bn\u00ed<\/li>\n<li>Kalibra\u010dn\u00ed kontroly pro zaji\u0161t\u011bn\u00ed spr\u00e1vn\u00e9ho provozu<\/li>\n<\/ul>\n<p><img decoding=\"async\" src=\"https:\/\/www.hydraulic-cylinders.net\/wp-content\/uploads\/2025\/01\/songte-chushion-collar.webp\" alt=\"D\u00edly v\u00e1lce lopaty\"><\/p>\n<h2>Bezpe\u010dnostn\u00ed aspekty a faktory prost\u0159ed\u00ed<\/h2>\n<p>P\u0159i pou\u017e\u00edv\u00e1n\u00ed kore\u010dkov\u00e9ho v\u00e1lce je nezbytn\u00e9 dodr\u017eovat ve\u0161ker\u00e1 bezpe\u010dnostn\u00ed opat\u0159en\u00ed k zaji\u0161t\u011bn\u00ed bezpe\u010dnosti obsluhy a za\u0159\u00edzen\u00ed. Spr\u00e1vn\u00e1 likvidace hydraulick\u00e9ho oleje je tak\u00e9 nezbytn\u00e1 k prevenci zne\u010di\u0161t\u011bn\u00ed \u017eivotn\u00edho prost\u0159ed\u00ed.<\/p>\n<h2>B\u011b\u017en\u00e9 probl\u00e9my a jejich \u0159e\u0161en\u00ed<\/h2>\n<p>Mezi b\u011b\u017en\u00e9 probl\u00e9my s v\u00e1lcem kore\u010dkov\u00e9ho v\u00e1lce pat\u0159\u00ed \u00fanik oleje, nedostate\u010dn\u00e1 s\u00edla a abnorm\u00e1ln\u00ed zvuky. \u0158e\u0161en\u00ed probl\u00e9m\u016f zahrnuje identifikaci zdroje probl\u00e9mu a stanoven\u00ed vhodn\u00fdch postup\u016f opravy nebo v\u00fdm\u011bny.<\/p>\n<h2>O na\u0161\u00ed spole\u010dnosti<\/h2>\n<p>Jsme v\u00fdrobcem n\u00e1hradn\u00edch hydraulick\u00fdch v\u00e1lc\u016f s kompletn\u00ed \u0159adou produkt\u016f a stali jsme se jedn\u00edm z p\u0159edn\u00edch v\u00fdrobc\u016f a velkoobchodn\u00edk\u016f s hydraulick\u00fdmi v\u00e1lci na dom\u00e1c\u00edm i mezin\u00e1rodn\u00edm trhu. \u0158\u00edd\u00edme se principem vynikaj\u00edc\u00ed kvality a spol\u00e9h\u00e1me na strategii industrializovan\u00e9ho \u0159\u00edzen\u00ed v\u00fdroby v jemn\u00fdch v\u00fdrobn\u00edch d\u00edln\u00e1ch. Neust\u00e1le vylep\u0161ujeme v\u00fdrobn\u00ed platformu d\u00edlny, zdokonalujeme v\u00fdrobn\u00ed postupy pro zaji\u0161t\u011bn\u00ed kvality produkt\u016f a m\u00e1me siln\u00e9 tv\u016fr\u010d\u00ed schopnosti uspokojovat rozmanit\u00e9 pot\u0159eby z\u00e1kazn\u00edk\u016f s vysokou efektivitou, vysokou p\u0159esnost\u00ed a principy vysok\u00e9 kvality.<\/p>\n<h3>Na\u0161e siln\u00e9 str\u00e1nky<\/h3>\n<ul>\n<li>\n<h4>Profesionalita<\/h4>\n<p>M\u00e1me t\u00fdm profesion\u00e1l\u016f, kte\u0159\u00ed maj\u00ed zku\u0161enosti s v\u00fdrobou a prodejem hydraulick\u00fdch v\u00e1lc\u016f.<\/p>\n<\/li>\n<li>\n<h4>Mezin\u00e1rodn\u00ed certifikace<\/h4>\n<p>Na\u0161e v\u00fdrobky pro\u0161ly mezin\u00e1rodn\u00edmi certifikacemi, jako jsou ISO9001, CE a ROHS.<\/p>\n<\/li>\n<li>\n<h4>Slu\u017eby p\u0159izp\u016fsoben\u00ed<\/h4>\n<p>Poskytujeme slu\u017eby na m\u00edru, abychom splnili specifick\u00e9 pot\u0159eby na\u0161ich z\u00e1kazn\u00edk\u016f.<\/p>\n<\/li>\n<li>\n<h4>V\u00fdrobn\u00ed za\u0159\u00edzen\u00ed<\/h4>\n<p>Pou\u017e\u00edv\u00e1me modern\u00ed v\u00fdrobn\u00ed za\u0159\u00edzen\u00ed, abychom zajistili vysokou kvalitu na\u0161ich produkt\u016f.<\/p>\n<\/li>\n<li>\n<h4>Poprodejn\u00ed slu\u017eby<\/h4>\n<p>Poskytujeme komplexn\u00ed poprodejn\u00ed slu\u017eby, v\u010detn\u011b \u00fadr\u017eby, oprav a v\u00fdm\u011bny produkt\u016f.<\/p>\n<\/li>\n<\/ul>\n<p><img decoding=\"async\" src=\"https:\/\/hzpt.com\/wp-content\/uploads\/2024\/11\/songte-company-1.webp\" alt=\"Spole\u010dnost\"><\/p>\n<p>Autor: lyl<\/p>","protected":false},"excerpt":{"rendered":"<p>Bucket Cylinder For Yanmar VI35-6B Introduction The bucket cylinder for Yanmar VI35-6B is a specialized hydraulic cylinder primarily used to control the movement of the bucket in heavy machinery such as excavators, backhoe excavators, and front-end loaders. Its main function is to enable the bucket to lift, lower, and tilt, making it easier to handle [&hellip;]<\/p>","protected":false},"featured_media":14765,"comment_status":"open","ping_status":"closed","template":"","meta":{"_et_pb_use_builder":"","_et_pb_old_content":"","_et_gb_content_width":""},"product_brand":[],"product_cat":[1494],"product_tag":[1495,1496],"class_list":{"0":"post-15834","1":"product","2":"type-product","3":"status-publish","4":"has-post-thumbnail","6":"product_cat-bucket-cylinders","7":"product_tag-bucket-cylinders","8":"product_tag-hydraulic-cylinders","10":"first","11":"instock","12":"shipping-taxable","13":"product-type-simple"},"amp_enabled":true,"_links":{"self":[{"href":"https:\/\/www.hydraulic-cylinders.net\/cs\/wp-json\/wp\/v2\/product\/15834","targetHints":{"allow":["GET"]}}],"collection":[{"href":"https:\/\/www.hydraulic-cylinders.net\/cs\/wp-json\/wp\/v2\/product"}],"about":[{"href":"https:\/\/www.hydraulic-cylinders.net\/cs\/wp-json\/wp\/v2\/types\/product"}],"replies":[{"embeddable":true,"href":"https:\/\/www.hydraulic-cylinders.net\/cs\/wp-json\/wp\/v2\/comments?post=15834"}],"wp:featuredmedia":[{"embeddable":true,"href":"https:\/\/www.hydraulic-cylinders.net\/cs\/wp-json\/wp\/v2\/media\/14765"}],"wp:attachment":[{"href":"https:\/\/www.hydraulic-cylinders.net\/cs\/wp-json\/wp\/v2\/media?parent=15834"}],"wp:term":[{"taxonomy":"product_brand","embeddable":true,"href":"https:\/\/www.hydraulic-cylinders.net\/cs\/wp-json\/wp\/v2\/product_brand?post=15834"},{"taxonomy":"product_cat","embeddable":true,"href":"https:\/\/www.hydraulic-cylinders.net\/cs\/wp-json\/wp\/v2\/product_cat?post=15834"},{"taxonomy":"product_tag","embeddable":true,"href":"https:\/\/www.hydraulic-cylinders.net\/cs\/wp-json\/wp\/v2\/product_tag?post=15834"}],"curies":[{"name":"wp","href":"https:\/\/api.w.org\/{rel}","templated":true}]}}