{"id":15841,"date":"2025-01-19T15:03:44","date_gmt":"2025-01-19T15:03:44","guid":{"rendered":"https:\/\/www.hydraulic-cylinders.net\/product\/bucket-cylinder-for-yanmar-vib65\/"},"modified":"2025-01-19T15:03:46","modified_gmt":"2025-01-19T15:03:46","slug":"bucket-cylinder-for-yanmar-vib65","status":"publish","type":"product","link":"https:\/\/www.hydraulic-cylinders.net\/cs\/produkt\/bucket-cylinder-for-yanmar-vib65\/","title":{"rendered":"V\u00e1lec l\u017e\u00edce pro Yanmar VIB65"},"content":{"rendered":"<p><!DOCTYPE html><br \/>\n<html><br \/>\n<head><br \/>\n<title>V\u00e1lec l\u017e\u00edce pro Yanmar VIB65<\/title><br \/>\n<\/head><br \/>\n<body><\/p>\n<h1>V\u00e1lec l\u017e\u00edce pro Yanmar VIB65<\/h1>\n<h2>Zaveden\u00ed<\/h2>\n<p>Hydraulick\u00fd v\u00e1lec l\u017e\u00edce pro Yanmar VIB65 je speci\u00e1ln\u011b navr\u017een\u00fd hydraulick\u00fd v\u00e1lec pou\u017e\u00edvan\u00fd k ovl\u00e1d\u00e1n\u00ed pohybu l\u017e\u00edce v t\u011b\u017ek\u00fdch stroj\u00edch, jako jsou rypadla, r\u00fdpadlo-naklada\u010de a \u010deln\u00ed naklada\u010de. Jeho hlavn\u00ed funkc\u00ed je umo\u017enit zved\u00e1n\u00ed, spou\u0161t\u011bn\u00ed a nakl\u00e1p\u011bn\u00ed l\u017e\u00edce, co\u017e usnad\u0148uje manipulaci s r\u016fzn\u00fdmi materi\u00e1ly. V hydraulick\u00e9m syst\u00e9mu dosahuje v\u00e1lec l\u017e\u00edce p\u0159esn\u00e9ho ovl\u00e1d\u00e1n\u00ed l\u017e\u00edce pomoc\u00ed zm\u011bn tlaku hydraulick\u00e9ho oleje, co\u017e umo\u017e\u0148uje obsluze efektivn\u011b manipulovat s t\u011b\u017ek\u00fdmi b\u0159emeny a p\u0159izp\u016fsobovat se slo\u017eit\u00fdm pracovn\u00edm prost\u0159ed\u00edm a rozmanit\u00fdm provozn\u00edm pot\u0159eb\u00e1m.<\/p>\n<p><img decoding=\"async\" src=\"https:\/\/www.hydraulic-cylinders.net\/wp-content\/uploads\/2025\/01\/songte-company-2.webp\" alt=\"Obr\u00e1zek v\u00e1lce kbel\u00edku\"><\/p>\n<h2>Funkce<\/h2>\n<ul>\n<li>Vysok\u00e1 pevnost a odolnost: V\u00e1lec kore\u010dkov\u00e9ho typu, obvykle vyroben\u00fd z vysokopevnostn\u00ed oceli nebo hlin\u00edku, odol\u00e1 vysok\u00e9mu tlaku a velk\u00e9mu zat\u00ed\u017een\u00ed a p\u0159izp\u016fsob\u00ed se n\u00e1ro\u010dn\u00fdm pracovn\u00edm podm\u00ednk\u00e1m. Jeho konstrukce zohled\u0148uje odolnost proti opot\u0159eben\u00ed a korozi, aby se prodlou\u017eila jeho \u017eivotnost.<\/li>\n<li>Efektivn\u00ed hydraulick\u00fd provoz: D\u00edky tlaku hydraulick\u00e9ho oleje dosahuje v\u00e1lec kore\u010dkov\u00e9ho v\u00e1lce plynul\u00e9ho vysouv\u00e1n\u00ed a zasouv\u00e1n\u00ed, co\u017e umo\u017e\u0148uje rychlou reakci na ovl\u00e1dac\u00ed povely a poskytuje siln\u00e9 tla\u010dn\u00e9 a ta\u017en\u00e9 s\u00edly, d\u00edky \u010demu\u017e je vhodn\u00fd pro manipulaci s t\u011b\u017ek\u00fdmi b\u0159emeny a slo\u017eit\u00fdmi \u00fakoly.<\/li>\n<li>V\u0161estrann\u00e9 typy: V\u00e1lec kore\u010dkov\u00e9ho v\u00e1lce lze volit jako jedno\u010dinn\u00fd (hydraulicky ovl\u00e1dan\u00fd pouze v jednom sm\u011bru) nebo dvoj\u010dinn\u00fd (hydraulicky ovl\u00e1dan\u00fd v obou sm\u011brech) dle specifick\u00fdch provozn\u00edch pot\u0159eb. N\u011bkter\u00e9 modely jsou teleskopick\u00e9, co\u017e umo\u017e\u0148uje v\u011bt\u0161\u00ed v\u00fdsuv bez zv\u011bt\u0161en\u00ed vn\u011bj\u0161\u00edch rozm\u011br\u016f, a proto jsou ide\u00e1ln\u00ed pro aplikace s omezen\u00fdm prostorem.<\/li>\n<li>N\u00e1hrada za r\u016fzn\u00e9 hydraulick\u00e9 v\u00e1lce: N\u00e1\u0161 produkt dok\u00e1\u017ee tyto hydraulick\u00e9 v\u00e1lce dokonale nahradit.<\/li>\n<\/ul>\n<p><img decoding=\"async\" src=\"https:\/\/www.hydraulic-cylinders.net\/wp-content\/uploads\/2025\/01\/songte-cylinder-head-with-all-kinds-excavator-models.webp\" alt=\"Obr\u00e1zek hydraulick\u00e9ho v\u00e1lce\"><\/p>\n<h2>Aplikace<\/h2>\n<ul>\n<li>Stavebn\u00ed za\u0159\u00edzen\u00ed: Nach\u00e1zej\u00ed se v bagrech a jsou kl\u00ed\u010dov\u00e9 pro v\u00fdkopov\u00e9 pr\u00e1ce, nakl\u00e1d\u00e1n\u00ed a p\u0159emis\u0165ov\u00e1n\u00ed zeminy nebo suti. U rypadlo-naklada\u010d\u016f v\u00e1lec l\u017e\u00edce pom\u00e1h\u00e1 jak p\u0159i v\u00fdkopov\u00fdch prac\u00edch, tak p\u0159i zved\u00e1n\u00ed.<\/li>\n<li>Zem\u011bd\u011blsk\u00e9 stroje: Pou\u017e\u00edvaj\u00ed se v \u010deln\u00edch naklada\u010d\u00edch pro nab\u00edr\u00e1n\u00ed, zved\u00e1n\u00ed a p\u0159epravu p\u016fdy, sena a dal\u0161\u00edch materi\u00e1l\u016f.<\/li>\n<li>Rypadla: V\u00e1lec l\u017e\u00edce umo\u017e\u0148uje v\u00fdkop t\u00edm, \u017ee umo\u017e\u0148uje l\u017e\u00edci proniknout do p\u016fdy.<\/li>\n<li>\u010celn\u00ed naklada\u010de: \u010celn\u00ed naklada\u010de efektivn\u011b pom\u00e1haj\u00ed p\u0159i zved\u00e1n\u00ed a nakl\u00e1p\u011bn\u00ed zbo\u017e\u00ed.<\/li>\n<\/ul>\n<h2>Konstruk\u010dn\u00ed aspekty a krit\u00e9ria v\u00fdb\u011bru<\/h2>\n<ul>\n<li>\u00danosnost: V\u00e1lec kore\u010dkov\u00e9ho v\u00e1lce je navr\u017een tak, aby odolal vysok\u00e9mu zat\u00ed\u017een\u00ed a tlaku, a zajistil tak spolehliv\u00fd v\u00fdkon.<\/li>\n<li>T\u011bsn\u011bn\u00ed: K zabr\u00e1n\u011bn\u00ed \u00faniku a zaji\u0161t\u011bn\u00ed efektivn\u00edho provozu se pou\u017e\u00edvaj\u00ed r\u016fzn\u00e9 t\u011bsnic\u00ed prvky, jako jsou t\u011bsn\u011bn\u00ed p\u00edst\u016f a p\u00edstnic.<\/li>\n<li>Trvanlivost: T\u011bleso v\u00e1lce a z\u00e1vitov\u00e9 konce jsou jemn\u011b opracov\u00e1ny pro zv\u00fd\u0161en\u00ed odolnosti proti opot\u0159eben\u00ed a prodlou\u017een\u00ed \u017eivotnosti.<\/li>\n<li>Bezpe\u010dnost: Sou\u010d\u00e1st\u00ed konstrukce jsou bezpe\u010dnostn\u00ed prvky, kter\u00e9 zabra\u0148uj\u00ed nehod\u00e1m a chr\u00e1n\u00ed obsluhu.<\/li>\n<li>\u00dadr\u017eba: V\u00e1lec je navr\u017een pro snadnou \u00fadr\u017ebu, s p\u0159\u00edstupn\u00fdmi sou\u010d\u00e1stmi a jasn\u00fdmi pokyny.<\/li>\n<\/ul>\n<p><img decoding=\"async\" src=\"https:\/\/www.hydraulic-cylinders.net\/wp-content\/uploads\/2025\/01\/songte-oil-pipes-and-spare-parts.webp\" alt=\"Obr\u00e1zek d\u00edl\u016f hydraulick\u00e9ho v\u00e1lce\"><\/p>\n<h2>T\u011bsn\u011bn\u00ed a maz\u00e1n\u00ed<\/h2>\n<p>Kore\u010dkov\u00fd v\u00e1lec vyu\u017e\u00edv\u00e1 r\u016fzn\u00e9 t\u011bsnic\u00ed komponenty, jako jsou t\u011bsn\u011bn\u00ed p\u00edstu a p\u00edstnice, vyroben\u00e9 z materi\u00e1l\u016f odoln\u00fdch proti opot\u0159eben\u00ed, jako je polyuretan a nitrilov\u00e1 pry\u017e. T\u011bleso v\u00e1lce a z\u00e1vitov\u00e9 konce proch\u00e1zej\u00ed jemn\u00fdm o\u0161et\u0159en\u00edm pro zlep\u0161en\u00ed odolnosti proti opot\u0159eben\u00ed. Pro zaji\u0161t\u011bn\u00ed hladk\u00e9ho provozu je nezbytn\u00e9 pravideln\u00e9 maz\u00e1n\u00ed vhodn\u00fdm hydraulick\u00fdm olejem.<\/p>\n<h2>Inspekce a preventivn\u00ed \u00fadr\u017eba<\/h2>\n<ul>\n<li>Pravideln\u011b kontrolujte v\u00e1lec, zda nevykazuje zn\u00e1mky po\u0161kozen\u00ed nebo opot\u0159eben\u00ed.<\/li>\n<li>Spr\u00e1vn\u00e9 maz\u00e1n\u00ed je nezbytn\u00e9 pro udr\u017een\u00ed optim\u00e1ln\u00edho v\u00fdkonu.<\/li>\n<li>T\u011bsn\u011bn\u00ed by m\u011bla b\u00fdt vym\u011bn\u011bna, pokud se zjist\u00ed jak\u00fdkoli \u00fanik.<\/li>\n<li>Kalibra\u010dn\u00ed kontroly by m\u011bly b\u00fdt prov\u00e1d\u011bny dle doporu\u010den\u00ed.<\/li>\n<\/ul>\n<h2>Pr\u016fvodce instalac\u00ed produktu<\/h2>\n<p>Pro spr\u00e1vnou instalaci postupujte podle t\u011bchto krok\u016f:<\/p>\n<ol>\n<li>B\u011bhem instalace spr\u00e1vn\u011b vyrovnejte v\u00e1lec.<\/li>\n<li>K upevn\u011bn\u00ed v\u00e1lce pou\u017eijte vhodn\u00e9 mont\u00e1\u017en\u00ed konzoly.<\/li>\n<li>Dodr\u017eujte doporu\u010den\u00e9 postupy pro kontrolu, opravu a v\u00fdm\u011bnu.<\/li>\n<li>Nab\u00edz\u00edme n\u00e1hradn\u00ed d\u00edly a repasovan\u00e9 slu\u017eby pro prodlou\u017een\u00ed \u017eivotnosti v\u00e1lc\u016f kore\u010dk\u016f.<\/li>\n<\/ol>\n<p><img decoding=\"async\" src=\"https:\/\/www.hydraulic-cylinders.net\/wp-content\/uploads\/2025\/01\/songte-chushion-collar.webp\" alt=\"Obr\u00e1zek instalace hydraulick\u00e9ho v\u00e1lce\"><\/p>\n<h2>Bezpe\u010dnostn\u00ed aspekty a faktory prost\u0159ed\u00ed<\/h2>\n<p>P\u0159i pou\u017e\u00edv\u00e1n\u00ed kbel\u00edku s v\u00e1lcem dbejte na d\u016fle\u017eitost bezpe\u010dnostn\u00edch opat\u0159en\u00ed. Zva\u017ete faktory prost\u0159ed\u00ed, abyste minimalizovali jak\u00fdkoli negativn\u00ed dopad na okol\u00ed.<\/p>\n<h2>Odstra\u0148ov\u00e1n\u00ed probl\u00e9m\u016f a b\u011b\u017en\u00e9 probl\u00e9my<\/h2>\n<ul>\n<li>Probl\u00e9m 1: \u00danik z v\u00e1lce<\/li>\n<li>Probl\u00e9m 2: Nekonzistentn\u00ed vysouv\u00e1n\u00ed a zasouv\u00e1n\u00ed<\/li>\n<li>Probl\u00e9m 3: Abnorm\u00e1ln\u00ed zvuky b\u011bhem provozu<\/li>\n<\/ul>\n<p>P\u0159i \u0159e\u0161en\u00ed probl\u00e9m\u016f zva\u017ete n\u00e1sleduj\u00edc\u00ed:<\/p>\n<ul>\n<li>Zkontrolujte, zda nejsou po\u0161kozen\u00e1 nebo opot\u0159ebovan\u00e1 t\u011bsn\u011bn\u00ed, a podle pot\u0159eby je vym\u011b\u0148te.<\/li>\n<li>Zkontrolujte hydraulick\u00fd syst\u00e9m, zda nedoch\u00e1z\u00ed k ucp\u00e1n\u00ed nebo poruch\u00e1m.<\/li>\n<li>Konkr\u00e9tn\u00ed \u0159e\u0161en\u00ed b\u011b\u017en\u00fdch probl\u00e9m\u016f naleznete v p\u0159\u00edru\u010dce pro \u00fadr\u017ebu.<\/li>\n<\/ul>\n<p><img decoding=\"async\" src=\"https:\/\/www.hydraulic-cylinders.net\/wp-content\/uploads\/2025\/01\/songte-bushings-with-all-kinds-of-excavator-models.webp\" alt=\"Obr\u00e1zek pouzder hydraulick\u00fdch v\u00e1lc\u016f\"><\/p>\n<p>Nezapome\u0148te \u010dl\u00e1nek logicky uspo\u0159\u00e1dat, pou\u017e\u00edvat podnadpisy pro snadnou navigaci, za\u010dlenit relevantn\u00ed obr\u00e1zky nebo grafy pro lep\u0161\u00ed pochopen\u00ed a zajistit, aby obsah byl jasn\u00fd, stru\u010dn\u00fd a vhodn\u00fd pro \u010dten\u00e1\u0159e s r\u016fznou \u00farovn\u00ed technick\u00fdch znalost\u00ed.<\/p>\n<h2>O na\u0161\u00ed spole\u010dnosti<\/h2>\n<p>Jsme v\u00fdrobcem n\u00e1hradn\u00edch hydraulick\u00fdch v\u00e1lc\u016f a nab\u00edz\u00edme \u0161irokou \u0161k\u00e1lu produkt\u016f. Stali jsme se jedn\u00edm z p\u0159edn\u00edch v\u00fdrobc\u016f a velkoobchodn\u00edch distributor\u016f hydraulick\u00fdch v\u00e1lc\u016f na dom\u00e1c\u00edm i mezin\u00e1rodn\u00edm trhu. Dodr\u017eujeme z\u00e1sady vynikaj\u00edc\u00ed kvality a spol\u00e9h\u00e1me se na industrializovan\u00e9 strategie \u0159\u00edzen\u00ed v\u00fdroby v na\u0161ich kvalitn\u00edch v\u00fdrobn\u00edch d\u00edln\u00e1ch. D\u00edky na\u0161im technologick\u00fdm talent\u016fm, pokro\u010dil\u00e9mu digit\u00e1ln\u00edmu v\u00fdrobn\u00edmu za\u0159\u00edzen\u00ed a profesion\u00e1ln\u00edm testovac\u00edm syst\u00e9m\u016fm neust\u00e1le vylep\u0161ujeme na\u0161i v\u00fdrobn\u00ed platformu, zdokonalujeme na\u0161i v\u00fdrobn\u00ed postupy pro dosa\u017een\u00ed kvality produkt\u016f a m\u00e1me siln\u00e9 tv\u016fr\u010d\u00ed schopnosti. Na\u0161\u00edm c\u00edlem je uspokojovat rozmanit\u00e9 pot\u0159eby z\u00e1kazn\u00edk\u016f s vysokou efektivitou, p\u0159esnost\u00ed a kvalitou.<\/p>\n<p><img decoding=\"async\" src=\"https:\/\/www.hydraulic-cylinders.net\/wp-content\/uploads\/2025\/01\/songte-company-3.webp\" alt=\"Image spole\u010dnosti\"><\/p>\n<h3>Kl\u00ed\u010dov\u00e9 body o na\u0161\u00ed spole\u010dnosti:<\/h3>\n<ul>\n<li>Profesionalita<\/li>\n<li>Mezin\u00e1rodn\u00ed certifikace<\/li>\n<li>Slu\u017eby p\u0159izp\u016fsoben\u00ed<\/li>\n<li>Pokro\u010dil\u00e9 v\u00fdrobn\u00ed za\u0159\u00edzen\u00ed<\/li>\n<li>Poprodejn\u00ed servis<\/li>\n<\/ul>\n<p>Autor: lyl<\/p>\n<p><\/body><br \/>\n<\/html><\/p>","protected":false},"excerpt":{"rendered":"<p>Bucket Cylinder For Yanmar VIB65 Bucket Cylinder For Yanmar VIB65 Introduction The bucket cylinder for Yanmar VIB65 is a specially designed hydraulic cylinder used to control the movement of the bucket in heavy machinery such as excavators, backhoe loaders, and front loaders. Its main function is to enable the lifting, lowering, and tilting of the [&hellip;]<\/p>","protected":false},"featured_media":14784,"comment_status":"open","ping_status":"closed","template":"","meta":{"_et_pb_use_builder":"","_et_pb_old_content":"","_et_gb_content_width":""},"product_brand":[],"product_cat":[1494],"product_tag":[1495,1496],"class_list":{"0":"post-15841","1":"product","2":"type-product","3":"status-publish","4":"has-post-thumbnail","6":"product_cat-bucket-cylinders","7":"product_tag-bucket-cylinders","8":"product_tag-hydraulic-cylinders","10":"first","11":"instock","12":"shipping-taxable","13":"product-type-simple"},"amp_enabled":true,"_links":{"self":[{"href":"https:\/\/www.hydraulic-cylinders.net\/cs\/wp-json\/wp\/v2\/product\/15841","targetHints":{"allow":["GET"]}}],"collection":[{"href":"https:\/\/www.hydraulic-cylinders.net\/cs\/wp-json\/wp\/v2\/product"}],"about":[{"href":"https:\/\/www.hydraulic-cylinders.net\/cs\/wp-json\/wp\/v2\/types\/product"}],"replies":[{"embeddable":true,"href":"https:\/\/www.hydraulic-cylinders.net\/cs\/wp-json\/wp\/v2\/comments?post=15841"}],"wp:featuredmedia":[{"embeddable":true,"href":"https:\/\/www.hydraulic-cylinders.net\/cs\/wp-json\/wp\/v2\/media\/14784"}],"wp:attachment":[{"href":"https:\/\/www.hydraulic-cylinders.net\/cs\/wp-json\/wp\/v2\/media?parent=15841"}],"wp:term":[{"taxonomy":"product_brand","embeddable":true,"href":"https:\/\/www.hydraulic-cylinders.net\/cs\/wp-json\/wp\/v2\/product_brand?post=15841"},{"taxonomy":"product_cat","embeddable":true,"href":"https:\/\/www.hydraulic-cylinders.net\/cs\/wp-json\/wp\/v2\/product_cat?post=15841"},{"taxonomy":"product_tag","embeddable":true,"href":"https:\/\/www.hydraulic-cylinders.net\/cs\/wp-json\/wp\/v2\/product_tag?post=15841"}],"curies":[{"name":"wp","href":"https:\/\/api.w.org\/{rel}","templated":true}]}}