{"id":15845,"date":"2025-01-19T15:04:06","date_gmt":"2025-01-19T15:04:06","guid":{"rendered":"https:\/\/www.hydraulic-cylinders.net\/product\/bucket-cylinder-for-john-deere-e240lc\/"},"modified":"2025-01-19T15:04:08","modified_gmt":"2025-01-19T15:04:08","slug":"bucket-cylinder-for-john-deere-e240lc","status":"publish","type":"product","link":"https:\/\/www.hydraulic-cylinders.net\/cs\/produkt\/bucket-cylinder-for-john-deere-e240lc\/","title":{"rendered":"V\u00e1lec l\u017e\u00edce pro John Deere E240LC"},"content":{"rendered":"<h1>V\u00e1lec l\u017e\u00edce pro John Deere E240LC<\/h1>\n<h2>Zaveden\u00ed<\/h2>\n<p>Hydraulick\u00fd v\u00e1lec l\u017e\u00edce pro John Deere E240LC je specializovan\u00fd hydraulick\u00fd v\u00e1lec, kter\u00fd se prim\u00e1rn\u011b pou\u017e\u00edv\u00e1 k ovl\u00e1d\u00e1n\u00ed pohybu l\u017e\u00edce v t\u011b\u017ek\u00fdch stroj\u00edch, jako jsou rypadla, bagry a \u010deln\u00ed naklada\u010de. Jeho hlavn\u00ed funkc\u00ed je umo\u017enit zved\u00e1n\u00ed, spou\u0161t\u011bn\u00ed a nakl\u00e1p\u011bn\u00ed l\u017e\u00edce, co\u017e usnad\u0148uje r\u016fzn\u00e9 \u00fakoly manipulace s materi\u00e1lem. V hydraulick\u00e9m syst\u00e9mu dosahuje v\u00e1lec l\u017e\u00edce p\u0159esn\u00e9ho ovl\u00e1d\u00e1n\u00ed pohybu l\u017e\u00edce zm\u011bnou tlaku hydraulick\u00e9ho oleje, co\u017e umo\u017e\u0148uje obsluze efektivn\u011b manipulovat s t\u011b\u017ek\u00fdmi b\u0159emeny a p\u0159izp\u016fsobovat se slo\u017eit\u00fdm pracovn\u00edm prost\u0159ed\u00edm a rozmanit\u00fdm provozn\u00edm po\u017eadavk\u016fm.<\/p>\n<p><img decoding=\"async\" src=\"https:\/\/www.hydraulic-cylinders.net\/wp-content\/uploads\/2025\/01\/songte-company-2.webp\" alt=\"Obr\u00e1zek v\u00e1lce kbel\u00edku\"><\/p>\n<h2>Funkce<\/h2>\n<ul>\n<li>Vysok\u00e1 pevnost a trvanlivost: Obvykle je vyroben z vysokopevnostn\u00ed oceli nebo hlin\u00edku, odol\u00e1 vysok\u00e9mu tlaku a t\u011b\u017ek\u00e9mu zat\u00ed\u017een\u00ed, p\u0159izp\u016fsob\u00ed se n\u00e1ro\u010dn\u00e9mu pracovn\u00edmu prost\u0159ed\u00ed a je navr\u017een s odolnost\u00ed proti opot\u0159eben\u00ed a korozi, aby se prodlou\u017eila jeho \u017eivotnost.<\/li>\n<li>Efektivn\u00ed hydraulick\u00fd provoz: Plynul\u00e9 pohyby vysouv\u00e1n\u00ed a smr\u0161\u0165ov\u00e1n\u00ed jsou dosa\u017eeny vyu\u017eit\u00edm tlaku hydraulick\u00e9ho oleje. Dok\u00e1\u017ee rychle reagovat na \u0159\u00eddic\u00ed povely, poskytuje siln\u00e9 tla\u010dn\u00e9 a ta\u017en\u00e9 s\u00edly a je vhodn\u00fd pro manipulaci s t\u011b\u017ek\u00fdmi b\u0159emeny a slo\u017eit\u00e9 provozn\u00ed \u00fakoly.<\/li>\n<li>R\u016fzn\u00e9 typy: Jedno\u010dinn\u00e9 (hydraulicky ovl\u00e1dan\u00e9 pouze v jednom sm\u011bru) nebo dvoj\u010dinn\u00e9 (hydraulicky ovl\u00e1dan\u00e9 v obou sm\u011brech) v\u00e1lce lze volit podle po\u017eadavk\u016f a spl\u0148ovat r\u016fzn\u00e9 provozn\u00ed pot\u0159eby. N\u011bkter\u00e9 modely jsou teleskopick\u00e9, co\u017e umo\u017e\u0148uje v\u011bt\u0161\u00ed vysunut\u00ed bez zv\u011bt\u0161en\u00ed vn\u011bj\u0161\u00edch rozm\u011br\u016f, a proto jsou vhodn\u00e9 pro aplikace s omezen\u00fdm prostorem.<\/li>\n<li>N\u00e1hrada za jin\u00e9 hydraulick\u00e9 v\u00e1lce: N\u00e1\u0161 produkt dok\u00e1\u017ee dokonale nahradit jin\u00e9 hydraulick\u00e9 v\u00e1lce.<\/li>\n<li>\u0160irok\u00fd rozsah pou\u017eit\u00ed: Pou\u017e\u00edv\u00e1 se v r\u016fzn\u00fdch oblastech, v\u010detn\u011b stavebn\u00edch stroj\u016f, zem\u011bd\u011blsk\u00fdch stroj\u016f, bagr\u016f a naklada\u010d\u016f.<\/li>\n<\/ul>\n<p><img decoding=\"async\" src=\"https:\/\/www.hydraulic-cylinders.net\/wp-content\/uploads\/2025\/01\/songte-cylinder-head-with-all-kinds-excavator-models.webp\" alt=\"Obr\u00e1zek produktu\"><\/p>\n<h2>Aplikace<\/h2>\n<h3>Stavebn\u00ed stroje<\/h3>\n<p>U bagr\u016f jsou nezbytn\u00e9 pro kop\u00e1n\u00ed, nakl\u00e1d\u00e1n\u00ed a p\u0159emis\u0165ov\u00e1n\u00ed zeminy nebo suti. U rypadel s r\u00fdpadly pom\u00e1h\u00e1 v\u00e1lec kore\u010dkov\u00e9ho v\u00e1lce jak p\u0159i kop\u00e1n\u00ed, tak p\u0159i zved\u00e1n\u00ed. U \u010deln\u00edch naklada\u010d\u016f pom\u00e1haj\u00ed efektivn\u011b zvedat a nakl\u00e1n\u011bt zbo\u017e\u00ed.<\/p>\n<h3>Zem\u011bd\u011blsk\u00e9 stroje<\/h3>\n<p>Pou\u017e\u00edv\u00e1 se v \u010deln\u00edch naklada\u010d\u00edch pro nab\u00edr\u00e1n\u00ed, zved\u00e1n\u00ed a p\u0159epravu zeminy, sena a dal\u0161\u00edch materi\u00e1l\u016f.<\/p>\n<h3>Bagry<\/h3>\n<p>V\u00e1lec l\u017e\u00edce umo\u017e\u0148uje rypadlu proniknout do p\u016fdy t\u00edm, \u017ee umo\u017e\u0148uje l\u017e\u00edci proniknout do p\u016fdy.<\/p>\n<h2>Konstruk\u010dn\u00ed aspekty a krit\u00e9ria v\u00fdb\u011bru<\/h2>\n<ul>\n<li>\u00danosnost: M\u011blo by b\u00fdt schopno odolat po\u017eadovan\u00e9mu zat\u00ed\u017een\u00ed.<\/li>\n<li>T\u011bsn\u011bn\u00ed: R\u016fzn\u00e9 t\u011bsnic\u00ed komponenty, jako jsou t\u011bsnic\u00ed krou\u017eky p\u00edst\u016f a p\u00edstnic, by m\u011bly b\u00fdt vyrobeny z materi\u00e1l\u016f odoln\u00fdch proti opot\u0159eben\u00ed, jako je polyuretan a nitrilov\u00e1 pry\u017e, aby byla zaji\u0161t\u011bna dlouh\u00e1 \u017eivotnost. Povrch t\u011blesa v\u00e1lce a z\u00e1vitov\u00e9ho konce by m\u011bl b\u00fdt d\u00e1le jemn\u011b o\u0161et\u0159en pro zlep\u0161en\u00ed odolnosti proti opot\u0159eben\u00ed.<\/li>\n<li>Trvanlivost: Hydraulick\u00fd v\u00e1lec by m\u011bl b\u00fdt schopen udr\u017eet si sv\u016fj v\u00fdkon a vydr\u017eet dlouhou dobu za r\u016fzn\u00fdch provozn\u00edch podm\u00ednek.<\/li>\n<li>Bezpe\u010dnost: Hydraulick\u00fd v\u00e1lec by m\u011bl b\u00fdt navr\u017een tak, aby byla zaji\u0161t\u011bna bezpe\u010dnost obsluhy a ostatn\u00edch pracovn\u00edk\u016f v pracovn\u00edm prost\u0159ed\u00ed.<\/li>\n<li>\u00dadr\u017eba: Hydraulick\u00fd v\u00e1lec by m\u011bl b\u00fdt navr\u017een tak, aby usnad\u0148oval \u00fadr\u017ebu a opravy.<\/li>\n<\/ul>\n<p><img decoding=\"async\" src=\"https:\/\/www.hydraulic-cylinders.net\/wp-content\/uploads\/2025\/01\/songte-oil-pipes-and-spare-parts.webp\" alt=\"Obr\u00e1zek d\u00edl\u016f hydraulick\u00e9ho v\u00e1lce\"><\/p>\n<h2>T\u011bsn\u011bn\u00ed a maz\u00e1n\u00ed<\/h2>\n<p>K zaji\u0161t\u011bn\u00ed t\u011bsnic\u00edho v\u00fdkonu hydraulick\u00e9ho v\u00e1lce se pou\u017e\u00edvaj\u00ed r\u016fzn\u00e1 t\u011bsn\u011bn\u00ed, jako nap\u0159\u00edklad p\u00edstn\u00ed t\u011bsn\u011bn\u00ed a t\u011bsn\u011bn\u00ed p\u00edstnice. Tato t\u011bsn\u011bn\u00ed jsou vyrobena z materi\u00e1l\u016f odoln\u00fdch proti opot\u0159eben\u00ed, jako je polyuretan a nitrilov\u00e1 pry\u017e. T\u011bleso v\u00e1lce a povrch z\u00e1vitu jsou jemn\u011b o\u0161et\u0159eny pro zlep\u0161en\u00ed jejich odolnosti proti opot\u0159eben\u00ed. Hydraulick\u00fd v\u00e1lec by m\u011bl b\u00fdt pravideln\u011b maz\u00e1n vhodn\u00fdm mno\u017estv\u00edm hydraulick\u00e9ho oleje, aby byl zaji\u0161t\u011bn hladk\u00fd chod.<\/p>\n<h2>Inspek\u010dn\u00ed a preventivn\u00ed \u00fadr\u017ebov\u00e1 opat\u0159en\u00ed<\/h2>\n<ul>\n<li>Pravideln\u00e1 kontrola hydraulick\u00e9ho v\u00e1lce je nezbytn\u00e1 pro zaji\u0161t\u011bn\u00ed jeho dobr\u00e9ho stavu. V\u00e1lec by m\u011bl b\u00fdt kontrolov\u00e1n na opot\u0159eben\u00ed, po\u0161kozen\u00ed a net\u011bsnosti. Pokud se zjist\u00ed jak\u00e9koli probl\u00e9my, je t\u0159eba je okam\u017eit\u011b \u0159e\u0161it.<\/li>\n<li>Spr\u00e1vn\u00e9 maz\u00e1n\u00ed je nezbytn\u00e9 pro optim\u00e1ln\u00ed v\u00fdkon a dlouhou \u017eivotnost hydraulick\u00e9ho v\u00e1lce. Zajist\u011bte, aby byl v\u00e1lec dostate\u010dn\u011b maz\u00e1n.<\/li>\n<li>T\u011bsnic\u00ed komponenty by m\u011bly b\u00fdt pravideln\u011b kontrolov\u00e1ny a v p\u0159\u00edpad\u011b opot\u0159eben\u00ed nebo po\u0161kozen\u00ed vym\u011bn\u011bny.<\/li>\n<\/ul>\n<h2>Pr\u016fvodce instalac\u00ed produktu<\/h2>\n<p>B\u011bhem instalace je nezbytn\u00e9 spr\u00e1vn\u011b vyrovnat v\u00e1lec. K upevn\u011bn\u00ed v\u00e1lce doporu\u010dujeme pou\u017e\u00edt vhodn\u00e9 mont\u00e1\u017en\u00ed konzoly. Proces instalace by m\u011bl dodr\u017eovat doporu\u010den\u00e9 postupy pro kontrolu, opravu a v\u00fdm\u011bnu d\u00edl\u016f a repasi v\u00e1lce, aby se prodlou\u017eila jeho \u017eivotnost.<\/p>\n<p><img decoding=\"async\" src=\"https:\/\/www.hydraulic-cylinders.net\/wp-content\/uploads\/2025\/01\/songte-chushion-collar.webp\" alt=\"Obr\u00e1zek pol\u0161t\u00e1\u0159ov\u00e9ho l\u00edmce\"><\/p>\n<h2>Bezpe\u010dnostn\u00ed aspekty a faktory prost\u0159ed\u00ed<\/h2>\n<p>P\u0159i pou\u017e\u00edv\u00e1n\u00ed hydraulick\u00fdch v\u00e1lc\u016f je nezbytn\u00e9 dodr\u017eovat bezpe\u010dnostn\u00ed opat\u0159en\u00ed, aby se p\u0159ede\u0161lo nehod\u00e1m. Faktory prost\u0159ed\u00ed, jako jsou pracovn\u00ed podm\u00ednky a teplota, mohou ovlivnit v\u00fdkon hydraulick\u00e9ho v\u00e1lce a je t\u0159eba p\u0159ijmout odpov\u00eddaj\u00edc\u00ed opat\u0159en\u00ed k zaji\u0161t\u011bn\u00ed optim\u00e1ln\u00edho v\u00fdkonu.<\/p>\n<h2>Odstra\u0148ov\u00e1n\u00ed probl\u00e9m\u016f a b\u011b\u017en\u00e9 probl\u00e9my<\/h2>\n<ul>\n<li>\u00danik hydraulick\u00e9ho oleje<\/li>\n<li>Sn\u00ed\u017een\u00e1 \u00fa\u010dinnost<\/li>\n<li>Nekonzistentn\u00ed pohyby<\/li>\n<\/ul>\n<p>Aby se tyto probl\u00e9my vy\u0159e\u0161ily, m\u011bla by se \u00fadr\u017eba a opravy prov\u00e1d\u011bt podle doporu\u010den\u00fdch postup\u016f. Pravideln\u00e1 kontrola a \u0159\u00e1dn\u00e1 \u00fadr\u017eba mohou pomoci t\u011bmto probl\u00e9m\u016fm p\u0159edej\u00edt.<\/p>\n<p><img decoding=\"async\" src=\"https:\/\/www.hydraulic-cylinders.net\/wp-content\/uploads\/2025\/01\/songte-bushings-with-all-kinds-of-excavator-models.webp\" alt=\"Obr\u00e1zek pouzder\"><\/p>\n<h2>O na\u0161\u00ed spole\u010dnosti<\/h2>\n<p>Jsme p\u0159edn\u00edm v\u00fdrobcem a velkoobchodn\u00edm prodejcem hydraulick\u00fdch v\u00e1lc\u016f a nab\u00edz\u00edme kompletn\u00ed sortiment produkt\u016f pro dom\u00e1c\u00ed i mezin\u00e1rodn\u00ed trhy. \u0158\u00edd\u00edme se z\u00e1sadou vynikaj\u00edc\u00ed kvality a spol\u00e9h\u00e1me se na strategii industrializovan\u00e9ho \u0159\u00edzen\u00ed v\u00fdroby v jemn\u00fdch v\u00fdrobn\u00edch d\u00edln\u00e1ch. Neust\u00e1le vylep\u0161ujeme na\u0161i v\u00fdrobn\u00ed platformu v d\u00edln\u00e1ch, zdokonalujeme na\u0161i v\u00fdrobn\u00ed postupy pro dosa\u017een\u00ed kvality produkt\u016f a m\u00e1me siln\u00e9 tv\u016fr\u010d\u00ed schopnosti. Sna\u017e\u00edme se uspokojovat rozmanit\u00e9 pot\u0159eby na\u0161ich z\u00e1kazn\u00edk\u016f s vysokou efektivitou, vysokou p\u0159esnost\u00ed a vysokou kvalitou.<\/p>\n<ul>\n<li>Profesionalita<\/li>\n<li>Mezin\u00e1rodn\u00ed certifikace<\/li>\n<li>Slu\u017eby p\u0159izp\u016fsoben\u00ed<\/li>\n<li>V\u00fdrobn\u00ed za\u0159\u00edzen\u00ed<\/li>\n<li>Poprodejn\u00ed servis<\/li>\n<\/ul>\n<p><img decoding=\"async\" src=\"https:\/\/www.hydraulic-cylinders.net\/wp-content\/uploads\/2025\/01\/songte-company-3.webp\" alt=\"Image spole\u010dnosti\"><\/p>\n<p>Autor: lyl<\/p>","protected":false},"excerpt":{"rendered":"<p>Bucket Cylinder For John Deere E240LC Introduction The bucket cylinder for John Deere E240LC is a specialized hydraulic cylinder primarily used to control the movement of the bucket in heavy machinery such as excavators, backhoe excavators, and front loaders. Its main function is to enable the bucket to lift, lower, and tilt, making it easier [&hellip;]<\/p>","protected":false},"featured_media":14776,"comment_status":"open","ping_status":"closed","template":"","meta":{"_et_pb_use_builder":"","_et_pb_old_content":"","_et_gb_content_width":""},"product_brand":[],"product_cat":[1494],"product_tag":[1495,1496],"class_list":{"0":"post-15845","1":"product","2":"type-product","3":"status-publish","4":"has-post-thumbnail","6":"product_cat-bucket-cylinders","7":"product_tag-bucket-cylinders","8":"product_tag-hydraulic-cylinders","10":"first","11":"instock","12":"shipping-taxable","13":"product-type-simple"},"amp_enabled":true,"_links":{"self":[{"href":"https:\/\/www.hydraulic-cylinders.net\/cs\/wp-json\/wp\/v2\/product\/15845","targetHints":{"allow":["GET"]}}],"collection":[{"href":"https:\/\/www.hydraulic-cylinders.net\/cs\/wp-json\/wp\/v2\/product"}],"about":[{"href":"https:\/\/www.hydraulic-cylinders.net\/cs\/wp-json\/wp\/v2\/types\/product"}],"replies":[{"embeddable":true,"href":"https:\/\/www.hydraulic-cylinders.net\/cs\/wp-json\/wp\/v2\/comments?post=15845"}],"wp:featuredmedia":[{"embeddable":true,"href":"https:\/\/www.hydraulic-cylinders.net\/cs\/wp-json\/wp\/v2\/media\/14776"}],"wp:attachment":[{"href":"https:\/\/www.hydraulic-cylinders.net\/cs\/wp-json\/wp\/v2\/media?parent=15845"}],"wp:term":[{"taxonomy":"product_brand","embeddable":true,"href":"https:\/\/www.hydraulic-cylinders.net\/cs\/wp-json\/wp\/v2\/product_brand?post=15845"},{"taxonomy":"product_cat","embeddable":true,"href":"https:\/\/www.hydraulic-cylinders.net\/cs\/wp-json\/wp\/v2\/product_cat?post=15845"},{"taxonomy":"product_tag","embeddable":true,"href":"https:\/\/www.hydraulic-cylinders.net\/cs\/wp-json\/wp\/v2\/product_tag?post=15845"}],"curies":[{"name":"wp","href":"https:\/\/api.w.org\/{rel}","templated":true}]}}