{"id":15851,"date":"2025-01-19T15:04:30","date_gmt":"2025-01-19T15:04:30","guid":{"rendered":"https:\/\/www.hydraulic-cylinders.net\/product\/bucket-cylinder-for-john-deere-e360lc\/"},"modified":"2025-01-19T15:04:32","modified_gmt":"2025-01-19T15:04:32","slug":"bucket-cylinder-for-john-deere-e360lc","status":"publish","type":"product","link":"https:\/\/www.hydraulic-cylinders.net\/cs\/produkt\/bucket-cylinder-for-john-deere-e360lc\/","title":{"rendered":"V\u00e1lec l\u017e\u00edce pro John Deere E360LC"},"content":{"rendered":"<h1>V\u00e1lec l\u017e\u00edce pro John Deere E360LC<\/h1>\n<h2>Zaveden\u00ed<\/h2>\n<p>Hydraulick\u00fd v\u00e1lec l\u017e\u00edce pro John Deere E360LC je specializovan\u00fd hydraulick\u00fd v\u00e1lec ur\u010den\u00fd k ovl\u00e1d\u00e1n\u00ed pohybu l\u017e\u00edce v t\u011b\u017ek\u00fdch stroj\u00edch, jako jsou rypadla, r\u00fdpadlo-naklada\u010de a \u010deln\u00ed naklada\u010de. Jeho hlavn\u00ed funkc\u00ed je umo\u017enit zved\u00e1n\u00ed, spou\u0161t\u011bn\u00ed a nakl\u00e1p\u011bn\u00ed l\u017e\u00edce pro usnadn\u011bn\u00ed r\u016fzn\u00fdch \u00fakol\u016f manipulace s materi\u00e1lem. V hydraulick\u00fdch syst\u00e9mech dosahuje v\u00e1lec l\u017e\u00edce p\u0159esn\u00e9ho ovl\u00e1d\u00e1n\u00ed l\u017e\u00edce zm\u011bnami tlaku hydraulick\u00e9ho oleje, co\u017e umo\u017e\u0148uje obsluze efektivn\u011b manipulovat s t\u011b\u017ek\u00fdmi b\u0159emeny a p\u0159izp\u016fsobovat se slo\u017eit\u00fdm pracovn\u00edm prost\u0159ed\u00edm a rozmanit\u00fdm po\u017eadavk\u016fm na pr\u00e1ci.<\/p>\n<p><img decoding=\"async\" src=\"https:\/\/www.hydraulic-cylinders.net\/wp-content\/uploads\/2025\/01\/songte-company-2.webp\" alt=\"Obr\u00e1zek v\u00e1lce kbel\u00edku\"><\/p>\n<h2>Funkce<\/h2>\n<ul>\n<li>\n<h3>Vysok\u00e1 pevnost a odolnost<\/h3>\n<p>Kore\u010dkov\u00fd v\u00e1lec, obvykle vyroben\u00fd z vysokopevnostn\u00ed oceli nebo hlin\u00edku, odol\u00e1 vysok\u00e9mu tlaku a velk\u00e9mu zat\u00ed\u017een\u00ed, a p\u0159izp\u016fsob\u00ed se tak n\u00e1ro\u010dn\u00e9mu pracovn\u00edmu prost\u0159ed\u00ed. Konstrukce zohled\u0148uje odolnost proti opot\u0159eben\u00ed a korozi, aby se prodlou\u017eila jeho \u017eivotnost.<\/p>\n<\/li>\n<li>\n<h3>Efektivn\u00ed hydraulick\u00fd provoz<\/h3>\n<p>Vyu\u017eit\u00edm hydraulick\u00e9ho tlaku oleje dosahuje v\u00e1lec kore\u010dkov\u00e9ho v\u00e1lce plynul\u00e9ho vysouv\u00e1n\u00ed a smr\u0161\u0165ov\u00e1n\u00ed, co\u017e umo\u017e\u0148uje rychlou reakci na \u0159\u00eddic\u00ed povely a poskytuje siln\u00e9 tla\u010dn\u00e9 a ta\u017en\u00e9 s\u00edly vhodn\u00e9 pro manipulaci s t\u011b\u017ek\u00fdmi b\u0159emeny a slo\u017eit\u00e9 operace.<\/p>\n<\/li>\n<li>\n<h3>R\u016fzn\u00e9 typy<\/h3>\n<p>V\u00e1lec kore\u010dkov\u00e9ho v\u00e1lce m\u016f\u017ee b\u00fdt jedno\u010dinn\u00fd (hydraulika se pou\u017e\u00edv\u00e1 pouze v jednom sm\u011bru) nebo dvoj\u010dinn\u00fd (hydraulika se pou\u017e\u00edv\u00e1 v obou sm\u011brech) v z\u00e1vislosti na po\u017eadavc\u00edch a n\u011bkter\u00e9 modely jsou teleskopick\u00e9, co\u017e umo\u017e\u0148uje v\u011bt\u0161\u00ed vysunut\u00ed bez zv\u011bt\u0161en\u00ed vn\u011bj\u0161\u00edch rozm\u011br\u016f, co\u017e je vhodn\u00e9 pro aplikace s omezen\u00fdm prostorem.<\/p>\n<\/li>\n<li>\n<h3>Dokonal\u00e1 n\u00e1hrada<\/h3>\n<p>N\u00e1\u0161 produkt je perfektn\u00ed n\u00e1hradou za tyto hydraulick\u00e9 v\u00e1lce. <\/p>\n<\/li>\n<\/ul>\n<p><img decoding=\"async\" src=\"https:\/\/www.hydraulic-cylinders.net\/wp-content\/uploads\/2025\/01\/songte-cylinder-head-with-all-kinds-excavator-models.webp\" alt=\"Obr\u00e1zek v\u00fdm\u011bny v\u00e1lce lopaty\"><\/p>\n<h2>Aplikace<\/h2>\n<p>Kore\u010dkov\u00fd v\u00e1lec nach\u00e1z\u00ed uplatn\u011bn\u00ed v r\u016fzn\u00fdch t\u011b\u017ek\u00fdch stroj\u00edch, jako nap\u0159\u00edklad:<\/p>\n<ul>\n<li>\n<h3>Stavebn\u00ed stroje<\/h3>\n<p>Stavebn\u00ed stroje se p\u0159i kop\u00e1n\u00ed, nakl\u00e1d\u00e1n\u00ed a p\u0159emis\u0165ov\u00e1n\u00ed zeminy nebo suti pou\u017e\u00edvaj\u00ed k rypadlov\u00fdm naklada\u010d\u016fm v\u00e1lec kore\u010dk\u016f. U rypadlo-naklada\u010d\u016f pom\u00e1h\u00e1 v\u00e1lec kore\u010dk\u016f jak p\u0159i kop\u00e1n\u00ed, tak p\u0159i zved\u00e1n\u00ed. <\/p>\n<\/li>\n<li>\n<h3>Zem\u011bd\u011blsk\u00e9 stroje<\/h3>\n<p>V\u00e1lec l\u017e\u00edce se pou\u017e\u00edv\u00e1 u \u010deln\u00edch naklada\u010d\u016f k nab\u00edr\u00e1n\u00ed, zved\u00e1n\u00ed a p\u0159eprav\u011b zeminy, sena a dal\u0161\u00edch materi\u00e1l\u016f. U bagr\u016f dosahuje v\u00e1lec l\u017e\u00edce ryc\u00edho \u00fa\u010dinku t\u00edm, \u017ee umo\u017e\u0148uje l\u017e\u00edci proniknout do p\u016fdy. U \u010deln\u00edch naklada\u010d\u016f pom\u00e1h\u00e1 efektivn\u011b zvedat a nakl\u00e1n\u011bt zbo\u017e\u00ed.<\/p>\n<\/li>\n<\/ul>\n<h2>\u00davahy o n\u00e1vrhu a standardy v\u00fdb\u011bru<\/h2>\n<p>Kore\u010dkov\u00fd v\u00e1lec m\u00e1 n\u011bkolik konstruk\u010dn\u00edch aspekt\u016f, v\u010detn\u011b nosnosti, t\u011bsn\u011bn\u00ed, trvanlivosti, bezpe\u010dnosti a \u00fadr\u017eby.<\/p>\n<ul>\n<li>\n<h3>Nosnost<\/h3>\n<p>Kore\u010dkov\u00fd v\u00e1lec mus\u00ed b\u00fdt schopen odolat zat\u00ed\u017een\u00ed, kter\u00e9 m\u00e1 n\u00e9st. Materi\u00e1l pou\u017eit\u00fd na v\u00fdrobu v\u00e1lce mus\u00ed b\u00fdt zvolen odpov\u00eddaj\u00edc\u00edm zp\u016fsobem. <\/p>\n<\/li>\n<li>\n<h3>T\u011bsn\u011bn\u00ed<\/h3>\n<p>T\u011bsnic\u00ed syst\u00e9m kore\u010dkov\u00e9ho v\u00e1lce, v\u010detn\u011b t\u011bsn\u011bn\u00ed p\u00edst\u016f, t\u011bsn\u011bn\u00ed p\u00edstnic atd., by m\u011bl b\u00fdt vyroben z materi\u00e1l\u016f odoln\u00fdch proti opot\u0159eben\u00ed, jako je polyuretan, nitrilov\u00e1 pry\u017e atd., aby se dos\u00e1hlo dlouh\u00e9 \u017eivotnosti.<\/p>\n<\/li>\n<li>\n<h3>Trvanlivost<\/h3>\n<p>V\u00e1lcov\u00e9 a z\u00e1vitov\u00e9 konce kore\u010dkov\u00e9ho v\u00e1lce by m\u011bly b\u00fdt jemn\u011b o\u0161et\u0159eny, aby se zlep\u0161ila odolnost proti opot\u0159eben\u00ed. <\/p>\n<\/li>\n<li>\n<h3>Bezpe\u010dnost<\/h3>\n<p>V\u00e1lec kore\u010dkov\u00e9ho v\u00e1lce mus\u00ed b\u00fdt navr\u017een s ohledem na bezpe\u010dnost, aby se p\u0159ede\u0161lo nehod\u00e1m. <\/p>\n<\/li>\n<li>\n<h3>Udr\u017eovatelnost<\/h3>\n<p>\u00dadr\u017eba v\u00e1lce kore\u010dkov\u00e9ho v\u00e1lce mus\u00ed b\u00fdt snadn\u00e1, aby se zkr\u00e1tily prostoje. <\/p>\n<\/li>\n<\/ul>\n<p><img decoding=\"async\" src=\"https:\/\/www.hydraulic-cylinders.net\/wp-content\/uploads\/2025\/01\/songte-oil-pipes-and-spare-parts.webp\" alt=\"Obr\u00e1zek n\u00e1hradn\u00edch d\u00edl\u016f pro v\u00e1lec lopaty\"><\/p>\n<h2>T\u011bsn\u011bn\u00ed a maz\u00e1n\u00ed<\/h2>\n<p>Kore\u010dkov\u00fd v\u00e1lec pou\u017e\u00edv\u00e1 r\u016fzn\u00e9 t\u011bsnic\u00ed komponenty, jako jsou t\u011bsn\u011bn\u00ed p\u00edstu, t\u011bsn\u011bn\u00ed p\u00edstnice atd. T\u011bsnic\u00ed komponenty jsou vyrobeny z materi\u00e1l\u016f odoln\u00fdch proti opot\u0159eben\u00ed, jako je polyuretan, nitrilov\u00e1 pry\u017e atd., aby byla zaji\u0161t\u011bna dlouh\u00e1 \u017eivotnost. V\u00e1lec a z\u00e1vitov\u00e9 konce kore\u010dkov\u00e9ho v\u00e1lce jsou tak\u00e9 jemn\u011b o\u0161et\u0159eny pro zlep\u0161en\u00ed odolnosti proti opot\u0159eben\u00ed. Kore\u010dkov\u00fd v\u00e1lec vy\u017eaduje pravideln\u00e9 maz\u00e1n\u00ed hydraulick\u00fdm olejem pro dosa\u017een\u00ed plynul\u00e9ho provozu.<\/p>\n<h2>Inspek\u010dn\u00ed a preventivn\u00ed \u00fadr\u017ebov\u00e1 opat\u0159en\u00ed<\/h2>\n<p>V\u00e1lec kore\u010dkov\u00e9ho v\u00e1lce vy\u017eaduje pravidelnou kontrolu a preventivn\u00ed \u00fadr\u017ebu, aby byla zaji\u0161t\u011bna jeho dlouh\u00e1 \u017eivotnost. Mezi t\u0159i b\u011b\u017en\u00e9 \u00fakoly \u00fadr\u017eby pat\u0159\u00ed:<\/p>\n<ul>\n<li>\n<h3>Pravideln\u00e1 kontrola<\/h3>\n<p>Pravideln\u00e9 kontroly pom\u00e1haj\u00ed odhalit potenci\u00e1ln\u00ed probl\u00e9my d\u0159\u00edve, ne\u017e se stanou z\u00e1va\u017en\u011bj\u0161\u00edmi. <\/p>\n<\/li>\n<li>\n<h3>Maz\u00e1n\u00ed<\/h3>\n<p>Spr\u00e1vn\u00e9 maz\u00e1n\u00ed pom\u00e1h\u00e1 udr\u017eovat hladk\u00fd chod v\u00e1lce lopaty.<\/p>\n<\/li>\n<li>\n<h3>V\u00fdm\u011bna t\u011bsn\u011bn\u00ed a kontroly kalibrace<\/h3>\n<p>V\u00fdm\u011bna t\u011bsn\u011bn\u00ed a proveden\u00ed kalibra\u010dn\u00edch kontrol zaji\u0161\u0165uje spr\u00e1vnou funkci v\u00e1lce kore\u010dkov\u00e9ho v\u00e1lce. <\/p>\n<\/li>\n<\/ul>\n<p>Spr\u00e1vn\u00e1 instalace, maz\u00e1n\u00ed a se\u0159\u00edzen\u00ed jsou z\u00e1sadn\u00ed pro v\u00fdkon kore\u010dkov\u00e9ho v\u00e1lce. Spr\u00e1vn\u00e9 veden\u00ed v\u00e1lce k jeho zarovn\u00e1n\u00ed je nezbytn\u00e9 b\u011bhem instalace. Doporu\u010dujeme k zaji\u0161t\u011bn\u00ed v\u00e1lce pou\u017e\u00edt vhodn\u00e9 mont\u00e1\u017en\u00ed konzole. Pro prodlou\u017een\u00ed \u017eivotnosti kore\u010dkov\u00e9ho v\u00e1lce doporu\u010dujeme dodr\u017eovat doporu\u010den\u00e9 postupy kontroly, opravy a v\u00fdm\u011bny.<\/p>\n<p><img decoding=\"async\" src=\"https:\/\/www.hydraulic-cylinders.net\/wp-content\/uploads\/2025\/01\/songte-chushion-collar.webp\" alt=\"Obr\u00e1zek \u00fadr\u017eby v\u00e1lce lopaty\"><\/p>\n<h2>Bezpe\u010dnostn\u00ed a environment\u00e1ln\u00ed aspekty<\/h2>\n<p>Hydraulick\u00fd v\u00e1lec kore\u010dkov\u00e9ho v\u00e1lce mus\u00ed b\u00fdt pou\u017e\u00edv\u00e1n s dodr\u017eov\u00e1n\u00edm \u0159\u00e1dn\u00fdch bezpe\u010dnostn\u00edch opat\u0159en\u00ed, v\u010detn\u011b postup\u016f blokov\u00e1n\u00ed\/ozna\u010dov\u00e1n\u00ed, bezpe\u010dnostn\u00edch \u0161t\u00edt\u016f a v\u00fdstra\u017en\u00fdch \u0161t\u00edtk\u016f. Spr\u00e1vn\u00e1 likvidace pou\u017eit\u00e9ho hydraulick\u00e9ho oleje je nezbytn\u00e1 pro minimalizaci dopadu na \u017eivotn\u00ed prost\u0159ed\u00ed.<\/p>\n<h2>Diagn\u00f3za a b\u011b\u017en\u00e9 probl\u00e9my<\/h2>\n<p>Mezi b\u011b\u017en\u00e9 probl\u00e9my, kter\u00e9 se mohou vyskytnout u kore\u010dkov\u00fdch v\u00e1lc\u016f, pat\u0159\u00ed net\u011bsnost a po\u0161kozen\u00ed t\u011blesa v\u00e1lce nebo p\u00edstnice. Net\u011bsnost m\u016f\u017ee b\u00fdt zp\u016fsobena po\u0161kozen\u00fdmi t\u011bsn\u011bn\u00edmi nebo opot\u0159ebovan\u00fdmi sou\u010d\u00e1stmi. K po\u0161kozen\u00ed t\u011blesa v\u00e1lce nebo p\u00edstnice m\u016f\u017ee doj\u00edt v d\u016fsledku vystaven\u00ed nadm\u011brn\u00e9mu zat\u00ed\u017een\u00ed nebo korozivn\u00edm materi\u00e1l\u016fm. Pravideln\u00e1 kontrola a preventivn\u00ed \u00fadr\u017eba mohou pomoci tyto probl\u00e9my v\u010das odhalit a p\u0159edej\u00edt tak z\u00e1va\u017en\u00fdm probl\u00e9m\u016fm.<\/p>\n<p>Pokud se vyskytnou probl\u00e9my, odstra\u0148ov\u00e1n\u00ed probl\u00e9m\u016f m\u016f\u017ee pomoci probl\u00e9m diagnostikovat a vy\u0159e\u0161it. B\u011b\u017en\u00e1 \u0159e\u0161en\u00ed mohou zahrnovat v\u00fdm\u011bnu po\u0161kozen\u00fdch sou\u010d\u00e1st\u00ed nebo t\u011bsn\u011bn\u00ed a op\u011btovn\u00e9 se\u0159\u00edzen\u00ed v\u00e1lce. Preventivn\u00ed opat\u0159en\u00ed zahrnuj\u00ed pravidelnou \u00fadr\u017ebu a kontrolu, aby se p\u0159ede\u0161lo potenci\u00e1ln\u00edm probl\u00e9m\u016fm.<\/p>\n<p><img decoding=\"async\" src=\"https:\/\/www.hydraulic-cylinders.net\/wp-content\/uploads\/2025\/01\/songte-bushings-with-all-kinds-of-excavator-models.webp\" alt=\"Obr\u00e1zek pro odstra\u0148ov\u00e1n\u00ed probl\u00e9m\u016f s v\u00e1lcem l\u017e\u00edce\"><\/p>\n<h2>O na\u0161\u00ed spole\u010dnosti<\/h2>\n<p>Jsme v\u00fdrobcem hydraulick\u00fdch v\u00e1lc\u016f, kter\u00e9 slou\u017e\u00ed jako perfektn\u00ed n\u00e1hrada za hydraulick\u00e9 v\u00e1lce. Nab\u00edz\u00edme kompletn\u00ed sortiment produkt\u016f a stali jsme se jedn\u00edm z p\u0159edn\u00edch v\u00fdrobc\u016f a velkoobchodn\u00edk\u016f s hydraulick\u00fdmi v\u00e1lci na dom\u00e1c\u00edm i mezin\u00e1rodn\u00edm trhu. \u0158\u00edd\u00edme se strategi\u00ed vynikaj\u00edc\u00ed kvality, spol\u00e9h\u00e1me se na industrializovan\u00e9 \u0159\u00edzen\u00ed v\u00fdroby v jemn\u00fdch v\u00fdrobn\u00edch d\u00edln\u00e1ch, neust\u00e1le vylep\u0161ujeme v\u00fdrobn\u00ed platformu d\u00edlny, zlep\u0161ujeme kvalitu v\u00fdroby a m\u00e1me siln\u00e9 tv\u016fr\u010d\u00ed schopnosti. Na\u0161e principy vysok\u00e9 efektivity, vysok\u00e9 p\u0159esnosti a vysok\u00e9 kvality uspokojuj\u00ed rozmanit\u00e9 pot\u0159eby z\u00e1kazn\u00edk\u016f.<\/p>\n<p><img decoding=\"async\" src=\"https:\/\/hzpt.com\/wp-content\/uploads\/2024\/11\/songte-company-1.webp\" alt=\"O na\u0161\u00ed spole\u010dnosti\"><\/p>\n<h2>Profesionalita, mezin\u00e1rodn\u00ed certifikace, slu\u017eby p\u0159izp\u016fsoben\u00ed, v\u00fdrobn\u00ed za\u0159\u00edzen\u00ed a poprodejn\u00ed slu\u017eby<\/h2>\n<p>Jsme hrd\u00ed na na\u0161i profesionalitu a v\u0161echny na\u0161e produkty pro\u0161ly mezin\u00e1rodn\u00edmi certifikacemi. Na\u0161e spole\u010dnost poskytuje slu\u017eby na m\u00edru, abychom splnili r\u016fzn\u00e9 pot\u0159eby z\u00e1kazn\u00edk\u016f. Disponujeme modern\u00edm v\u00fdrobn\u00edm za\u0159\u00edzen\u00edm a profesion\u00e1ln\u00edm inspek\u010dn\u00edm t\u00fdmem, abychom zajistili kvalitu produkt\u016f. N\u00e1\u0161 t\u00fdm poprodejn\u00edch slu\u017eeb poskytuje v\u010dasn\u00e9 a efektivn\u00ed slu\u017eby a zaji\u0161\u0165uje tak spokojenost z\u00e1kazn\u00edk\u016f s na\u0161imi produkty.<\/p>\n<p><img decoding=\"async\" src=\"https:\/\/www.hydraulic-cylinders.net\/wp-content\/uploads\/2025\/01\/songte-company-3.webp\" alt=\"Certifikace a slu\u017eby na\u0161\u00ed spole\u010dnosti\"><\/p>\n<p>Autor: lyl<\/p>","protected":false},"excerpt":{"rendered":"<p>Bucket Cylinder For John Deere E360LC Introduction The Bucket Cylinder for John Deere E360LC is a specialized hydraulic cylinder designed to control the movement of the bucket in heavy-duty machinery such as excavators, backhoe loaders, and front-end loaders. Its main function is to enable the bucket to lift, lower, and tilt to facilitate various material [&hellip;]<\/p>","protected":false},"featured_media":14761,"comment_status":"open","ping_status":"closed","template":"","meta":{"_et_pb_use_builder":"","_et_pb_old_content":"","_et_gb_content_width":""},"product_brand":[],"product_cat":[1494],"product_tag":[1495,1496],"class_list":{"0":"post-15851","1":"product","2":"type-product","3":"status-publish","4":"has-post-thumbnail","6":"product_cat-bucket-cylinders","7":"product_tag-bucket-cylinders","8":"product_tag-hydraulic-cylinders","10":"first","11":"instock","12":"shipping-taxable","13":"product-type-simple"},"amp_enabled":true,"_links":{"self":[{"href":"https:\/\/www.hydraulic-cylinders.net\/cs\/wp-json\/wp\/v2\/product\/15851","targetHints":{"allow":["GET"]}}],"collection":[{"href":"https:\/\/www.hydraulic-cylinders.net\/cs\/wp-json\/wp\/v2\/product"}],"about":[{"href":"https:\/\/www.hydraulic-cylinders.net\/cs\/wp-json\/wp\/v2\/types\/product"}],"replies":[{"embeddable":true,"href":"https:\/\/www.hydraulic-cylinders.net\/cs\/wp-json\/wp\/v2\/comments?post=15851"}],"wp:featuredmedia":[{"embeddable":true,"href":"https:\/\/www.hydraulic-cylinders.net\/cs\/wp-json\/wp\/v2\/media\/14761"}],"wp:attachment":[{"href":"https:\/\/www.hydraulic-cylinders.net\/cs\/wp-json\/wp\/v2\/media?parent=15851"}],"wp:term":[{"taxonomy":"product_brand","embeddable":true,"href":"https:\/\/www.hydraulic-cylinders.net\/cs\/wp-json\/wp\/v2\/product_brand?post=15851"},{"taxonomy":"product_cat","embeddable":true,"href":"https:\/\/www.hydraulic-cylinders.net\/cs\/wp-json\/wp\/v2\/product_cat?post=15851"},{"taxonomy":"product_tag","embeddable":true,"href":"https:\/\/www.hydraulic-cylinders.net\/cs\/wp-json\/wp\/v2\/product_tag?post=15851"}],"curies":[{"name":"wp","href":"https:\/\/api.w.org\/{rel}","templated":true}]}}