{"id":15861,"date":"2025-01-19T15:05:21","date_gmt":"2025-01-19T15:05:21","guid":{"rendered":"https:\/\/www.hydraulic-cylinders.net\/product\/bucket-cylinder-for-yuchai-yc35sr\/"},"modified":"2025-01-19T15:05:23","modified_gmt":"2025-01-19T15:05:23","slug":"bucket-cylinder-for-yuchai-yc35sr","status":"publish","type":"product","link":"https:\/\/www.hydraulic-cylinders.net\/cs\/produkt\/bucket-cylinder-for-yuchai-yc35sr\/","title":{"rendered":"V\u00e1lec kore\u010dkov\u00e9ho v\u00e1lce pro Yuchai YC35SR"},"content":{"rendered":"<h2>V\u00e1lec kore\u010dkov\u00e9ho v\u00e1lce pro Yuchai YC35SR<\/h2>\n<h3>Zaveden\u00ed<\/h3>\n<p>Hydraulick\u00fd v\u00e1lec kore\u010dkov\u00e9 l\u017e\u00edce je speci\u00e1ln\u011b navr\u017een\u00fd hydraulick\u00fd v\u00e1lec pou\u017e\u00edvan\u00fd k ovl\u00e1d\u00e1n\u00ed pohybu kore\u010dk\u016f v t\u011b\u017ek\u00fdch stroj\u00edch, jako jsou bagry, r\u00fdpadla-rypadla a \u010deln\u00ed naklada\u010de. Jeho hlavn\u00ed funkc\u00ed je umo\u017enit zved\u00e1n\u00ed, spou\u0161t\u011bn\u00ed a nakl\u00e1p\u011bn\u00ed kore\u010dkov\u00e9 l\u017e\u00edce pro r\u016fzn\u00e9 \u00fakoly manipulace s materi\u00e1lem. V hydraulick\u00e9m syst\u00e9mu dosahuje v\u00e1lec kore\u010dkov\u00e9 l\u017e\u00edce p\u0159esn\u00e9ho ovl\u00e1d\u00e1n\u00ed kore\u010dkov\u00e9 l\u017e\u00edce zm\u011bnami tlaku hydraulick\u00e9ho oleje, co\u017e umo\u017e\u0148uje obsluze efektivn\u011b manipulovat s t\u011b\u017ek\u00fdmi b\u0159emeny, p\u0159izp\u016fsobovat se slo\u017eit\u00fdm pracovn\u00edm prost\u0159ed\u00edm a rozmanit\u00fdm provozn\u00edm pot\u0159eb\u00e1m.<\/p>\n<p><img decoding=\"async\" src=\"https:\/\/www.hydraulic-cylinders.net\/wp-content\/uploads\/2025\/01\/songte-company-2.webp\"><\/p>\n<h3>Funkce<\/h3>\n<ul>\n<li><strong>Vysok\u00e1 pevnost a trvanlivost:<\/strong> Obvykle je vyroben z vysokopevnostn\u00ed oceli nebo hlin\u00edku, odol\u00e1 vysok\u00e9mu tlaku a velk\u00e9mu zat\u00ed\u017een\u00ed, a p\u0159izp\u016fsob\u00ed se tak n\u00e1ro\u010dn\u00fdm pracovn\u00edm podm\u00ednk\u00e1m. Je navr\u017een s ohledem na odolnost proti opot\u0159eben\u00ed a korozi, aby se prodlou\u017eila jeho \u017eivotnost.<\/li>\n<li><strong>Efektivn\u00ed hydraulick\u00fd provoz:<\/strong> Vyu\u017e\u00edv\u00e1 hydraulick\u00fd tlak oleje k dosa\u017een\u00ed plynul\u00e9ho vysouv\u00e1n\u00ed a zasouv\u00e1n\u00ed, rychle reaguje na \u0159\u00eddic\u00ed povely a poskytuje siln\u00e9 tla\u010dn\u00e9 a ta\u017en\u00e9 s\u00edly, vhodn\u00e9 pro manipulaci s t\u011b\u017ek\u00fdmi b\u0159emeny a slo\u017eit\u00e9 provozn\u00ed \u00fakoly.<\/li>\n<li><strong>R\u016fzn\u00e9 typy:<\/strong> Podle po\u017eadavk\u016f lze pro spln\u011bn\u00ed r\u016fzn\u00fdch provozn\u00edch pot\u0159eb zvolit jedno\u010dinn\u00e9 (hydraulicky ovl\u00e1dan\u00e9 pouze v jednom sm\u011bru) nebo dvoj\u010dinn\u00e9 (hydraulicky ovl\u00e1dan\u00e9 v obou sm\u011brech) v\u00e1lce. N\u011bkter\u00e9 modely jsou teleskopick\u00e9, co\u017e umo\u017e\u0148uje v\u011bt\u0161\u00ed vysunut\u00ed bez zv\u011bt\u0161en\u00ed vn\u011bj\u0161\u00edch rozm\u011br\u016f, a jsou vhodn\u00e9 pro aplikace v omezen\u00e9m prostoru.<\/li>\n<li><strong>Dokonal\u00e1 n\u00e1hrada:<\/strong> N\u00e1\u0161 produkt dok\u00e1\u017ee tyto hydraulick\u00e9 v\u00e1lce dokonale nahradit.<\/li>\n<\/ul>\n<p><img decoding=\"async\" src=\"https:\/\/www.hydraulic-cylinders.net\/wp-content\/uploads\/2025\/01\/songte-cylinder-head-with-all-kinds-excavator-models.webp\"><\/p>\n<h3>Aplikace<\/h3>\n<p><strong>Stavebn\u00ed vybaven\u00ed:<\/strong> Nach\u00e1zej\u00ed se v bagrech a jsou nezbytn\u00e9 pro kop\u00e1n\u00ed, nakl\u00e1d\u00e1n\u00ed a p\u0159emis\u0165ov\u00e1n\u00ed zeminy nebo suti. U r\u00fdpadel-rypadla pom\u00e1haj\u00ed kore\u010dkov\u00e9 v\u00e1lce p\u0159i kop\u00e1n\u00ed a zved\u00e1n\u00ed. U \u010deln\u00edch naklada\u010d\u016f pom\u00e1haj\u00ed efektivn\u011b zvedat a vykl\u00e1dat zbo\u017e\u00ed.<\/p>\n<p><strong>Zem\u011bd\u011blsk\u00e9 stroje:<\/strong> Pou\u017e\u00edvaj\u00ed se u \u010deln\u00edch naklada\u010d\u016f, nab\u00edraj\u00ed, zvedaj\u00ed a p\u0159epravuj\u00ed zeminu, seno a dal\u0161\u00ed materi\u00e1ly. U bagr\u016f umo\u017e\u0148uj\u00ed v\u00e1lce kore\u010dk\u016f kop\u00e1n\u00ed t\u00edm, \u017ee umo\u017e\u0148uj\u00ed l\u017e\u00edci proniknout do p\u016fdy. U naklada\u010d\u016f pom\u00e1haj\u00ed efektivn\u011b zvedat a vykl\u00e1dat zbo\u017e\u00ed.<\/p>\n<h3>Konstruk\u010dn\u00ed aspekty a krit\u00e9ria v\u00fdb\u011bru<\/h3>\n<p>Z konstruk\u010dn\u00edch hledisek, jako je \u00fanosnost, t\u011bsn\u011bn\u00ed, trvanlivost, bezpe\u010dnost a \u00fadr\u017eba, probereme n\u00e1sleduj\u00edc\u00ed body:<\/p>\n<ul>\n<li><strong>Nosnost:<\/strong> Zajist\u011bte, aby v\u00e1lec vydr\u017eel maxim\u00e1ln\u00ed aplikovan\u00e9 zat\u00ed\u017een\u00ed, a aby navr\u017een\u00fd bezpe\u010dnostn\u00ed faktor byl vhodn\u00fd pro zaji\u0161t\u011bn\u00ed jeho bezpe\u010dn\u00e9ho provozu.<\/li>\n<li><strong>T\u011bsn\u011bn\u00ed:<\/strong> K zabr\u00e1n\u011bn\u00ed \u00faniku hydraulick\u00e9 kapaliny a k ochran\u011b proti kontaminant\u016fm se pou\u017e\u00edvaj\u00ed r\u016fzn\u00e9 t\u011bsnic\u00ed prvky, jako jsou t\u011bsn\u011bn\u00ed p\u00edst\u016f a p\u00edstnic.<\/li>\n<li><strong>Trvanlivost:<\/strong> T\u011bleso v\u00e1lce a koncov\u00e9 uz\u00e1v\u011bry jsou obvykle vyrobeny z vysoce pevn\u00fdch materi\u00e1l\u016f, aby odol\u00e1valy opot\u0159eben\u00ed a korozi.<\/li>\n<li><strong>Bezpe\u010dnost:<\/strong> Pro zaji\u0161t\u011bn\u00ed bezpe\u010dn\u00e9ho provozu a prevenci nehod lze p\u0159idat pojistn\u00e9 ventily a dal\u0161\u00ed bezpe\u010dnostn\u00ed za\u0159\u00edzen\u00ed.<\/li>\n<li><strong>\u00dadr\u017eba:<\/strong> V\u00e1lec by m\u011bl b\u00fdt snadno rozeb\u00edrateln\u00fd a opravovateln\u00fd a n\u00e1hradn\u00ed d\u00edly by m\u011bly b\u00fdt snadno dostupn\u00e9.<\/li>\n<\/ul>\n<p><img decoding=\"async\" src=\"https:\/\/www.hydraulic-cylinders.net\/wp-content\/uploads\/2025\/01\/songte-oil-pipes-and-spare-parts.webp\"><\/p>\n<h3>T\u011bsn\u011bn\u00ed a maz\u00e1n\u00ed<\/h3>\n<p>V\u00e1lec pou\u017e\u00edv\u00e1 r\u016fzn\u00e9 t\u011bsnic\u00ed komponenty, jako jsou t\u011bsn\u011bn\u00ed p\u00edstu a p\u00edstnice, vyroben\u00e9 z materi\u00e1l\u016f odoln\u00fdch proti opot\u0159eben\u00ed, jako je polyuretan a nitrilov\u00fd kau\u010duk, aby se zabr\u00e1nilo \u00faniku hydraulick\u00e9 kapaliny a zabr\u00e1nilo se vniknut\u00ed ne\u010distot. T\u011bleso v\u00e1lce a povrch \u0161roubov\u00e9ho konce jsou jemn\u011b opracov\u00e1ny pro zlep\u0161en\u00ed odolnosti proti opot\u0159eben\u00ed. Pro udr\u017een\u00ed jeho hladk\u00e9ho chodu je nezbytn\u00e9 pravideln\u00e9 maz\u00e1n\u00ed vhodn\u00fdm mno\u017estv\u00edm hydraulick\u00e9ho oleje.<\/p>\n<h3>\u00dadr\u017eba a opravy<\/h3>\n<p>Pravideln\u00e1 kontrola a preventivn\u00ed \u00fadr\u017eba jsou nezbytn\u00e9 pro udr\u017een\u00ed v\u00e1lce v dobr\u00e9m provozn\u00edm stavu. N\u00e1sleduj\u00ed b\u011b\u017en\u00e9 \u00fakony \u00fadr\u017eby:<\/p>\n<ul>\n<li><strong>Pravideln\u00e1 kontrola:<\/strong> Pravideln\u011b kontrolujte v\u00e1lec, zda nevykazuje zn\u00e1mky po\u0161kozen\u00ed, opot\u0159eben\u00ed nebo net\u011bsnosti, a vym\u011b\u0148te v\u0161echny po\u0161kozen\u00e9 d\u00edly.<\/li>\n<li><strong>Spr\u00e1vn\u00e9 maz\u00e1n\u00ed:<\/strong> Zajist\u011bte, aby byl v\u00e1lec promaz\u00e1n spr\u00e1vn\u00fdm mno\u017estv\u00edm hydraulick\u00e9ho oleje, aby byl zaji\u0161t\u011bn jeho hladk\u00fd chod.<\/li>\n<li><strong>V\u00fdm\u011bna t\u011bsn\u011bn\u00ed:<\/strong> Pravideln\u011b vym\u011b\u0148ujte t\u011bsn\u011bn\u00ed p\u00edst\u016f a p\u00edstnic, abyste zabr\u00e1nili \u00faniku hydraulick\u00e9 kapaliny a zabr\u00e1nili vniknut\u00ed ne\u010distot.<\/li>\n<\/ul>\n<p>Spr\u00e1vn\u00e1 instalace, maz\u00e1n\u00ed a se\u0159\u00edzen\u00ed jsou nezbytn\u00e9 pro bezpe\u010dn\u00fd a efektivn\u00ed provoz v\u00e1lce. B\u011bhem instalace by m\u011blo b\u00fdt zaji\u0161t\u011bno spr\u00e1vn\u00e9 veden\u00ed pro vyrovn\u00e1n\u00ed a k zaji\u0161t\u011bn\u00ed v\u00e1lce by m\u011bly b\u00fdt pou\u017eity vhodn\u00e9 mont\u00e1\u017en\u00ed konzole. Doporu\u010den\u00e9 postupy kontroly, opravy a v\u00fdm\u011bny a slu\u017eby repase pro prodlou\u017een\u00ed \u017eivotnosti v\u00e1lce.<\/p>\n<p><img decoding=\"async\" src=\"https:\/\/www.hydraulic-cylinders.net\/wp-content\/uploads\/2025\/01\/songte-chushion-collar.webp\"><\/p>\n<h3>Bezpe\u010dnostn\u00ed a environment\u00e1ln\u00ed aspekty<\/h3>\n<p>Bezpe\u010dn\u00fd provoz lahve je z\u00e1sadn\u00ed a p\u0159i jej\u00edm pou\u017e\u00edv\u00e1n\u00ed by m\u011bla b\u00fdt p\u0159ijata bezpe\u010dnostn\u00ed opat\u0159en\u00ed. Obsluha by m\u011bla b\u00fdt pro\u0161kolena ve spr\u00e1vn\u00e9m pou\u017e\u00edv\u00e1n\u00ed lahve a v\u0161echna bezpe\u010dnostn\u00ed za\u0159\u00edzen\u00ed by m\u011bla b\u00fdt v dobr\u00e9m provozn\u00edm stavu. S lahv\u00ed by se m\u011blo zach\u00e1zet opatrn\u011b, aby se p\u0159ede\u0161lo jej\u00edmu po\u0161kozen\u00ed nebo zran\u011bn\u00ed. P\u0159i likvidaci lahve nebo v\u00fdm\u011bn\u011b jej\u00edch sou\u010d\u00e1st\u00ed je t\u0159eba zohlednit tak\u00e9 aspekty ochrany \u017eivotn\u00edho prost\u0159ed\u00ed.<\/p>\n<h3>Odstra\u0148ov\u00e1n\u00ed probl\u00e9m\u016f a b\u011b\u017en\u00e9 probl\u00e9my<\/h3>\n<p>N\u00e1sleduj\u00ed b\u011b\u017en\u00e9 probl\u00e9my, kter\u00e9 mohou nastat p\u0159i pou\u017e\u00edv\u00e1n\u00ed v\u00e1lce:<\/p>\n<ul>\n<li><strong>Unikaj\u00edc\u00ed kapalina:<\/strong> Zkontrolujte t\u011bsn\u011bn\u00ed a dal\u0161\u00ed sou\u010d\u00e1sti, zda nejsou po\u0161kozen\u00e9, a v p\u0159\u00edpad\u011b pot\u0159eby je vym\u011b\u0148te.<\/li>\n<li><strong>Nedostatek energie:<\/strong> Zkontrolujte hydraulick\u00fd syst\u00e9m, zda nedoch\u00e1z\u00ed k \u00fanik\u016fm nebo ucp\u00e1n\u00ed, a v p\u0159\u00edpad\u011b pot\u0159eby jej opravte.<\/li>\n<li><strong>Podivn\u00e9 zvuky:<\/strong> Zkontrolujte v\u00e1lec, zda nevykazuje zn\u00e1mky po\u0161kozen\u00ed nebo opot\u0159eben\u00ed, a vym\u011b\u0148te v\u0161echny po\u0161kozen\u00e9 sou\u010d\u00e1sti.<\/li>\n<\/ul>\n<p>Spr\u00e1vn\u00e1 diagnostika a rychl\u00e9 \u0159e\u0161en\u00ed probl\u00e9m\u016f jsou nezbytn\u00e9 pro prevenci z\u00e1va\u017en\u011bj\u0161\u00edch probl\u00e9m\u016f. Pravideln\u00e1 kontrola a preventivn\u00ed \u00fadr\u017eba mohou mnoha probl\u00e9m\u016fm p\u0159edej\u00edt.<\/p>\n<p><img decoding=\"async\" src=\"https:\/\/www.hydraulic-cylinders.net\/wp-content\/uploads\/2025\/01\/songte-bushings-with-all-kinds-of-excavator-models.webp\"><\/p>\n<h3>O n\u00e1s<\/h3>\n<p>Jsme v\u00fdrobcem n\u00e1hradn\u00edch d\u00edl\u016f pro hydraulick\u00e9 v\u00e1lce a nab\u00edz\u00edme kompletn\u00ed sortiment produkt\u016f. Stali jsme se jedn\u00edm z p\u0159edn\u00edch v\u00fdrobc\u016f a velkoobchodn\u00edch distributor\u016f hydraulick\u00fdch v\u00e1lc\u016f na dom\u00e1c\u00edm i mezin\u00e1rodn\u00edm trhu. Dodr\u017eujeme n\u00e1\u0161 z\u00e1vazek k vynikaj\u00edc\u00ed kvalit\u011b a spol\u00e9h\u00e1me se na industrializovan\u00e9 strategie \u0159\u00edzen\u00ed v\u00fdroby v na\u0161ich precizn\u011b zpracovan\u00fdch v\u00fdrobn\u00edch d\u00edln\u00e1ch. Neust\u00e1le vylep\u0161ujeme na\u0161i v\u00fdrobn\u00ed platformu, zlep\u0161ujeme kvalitu na\u0161ich v\u00fdrobn\u00edch linek pomoc\u00ed technick\u00e9ho person\u00e1lu, \u0161pi\u010dkov\u00e9ho digit\u00e1ln\u00edho v\u00fdrobn\u00edho za\u0159\u00edzen\u00ed a profesion\u00e1ln\u00edch testovac\u00edch syst\u00e9m\u016f. M\u00e1me silnou tv\u016fr\u010d\u00ed schopnost uspokojovat rozmanit\u00e9 pot\u0159eby z\u00e1kazn\u00edk\u016f s vysokou efektivitou, vysokou p\u0159esnost\u00ed a principy vysok\u00e9 kvality.<\/p>\n<p>Nab\u00edz\u00edme profesion\u00e1ln\u00ed mezin\u00e1rodn\u00ed certifikaci, slu\u017eby na m\u00edru, v\u00fdrobn\u00ed za\u0159\u00edzen\u00ed a poprodejn\u00ed servis.<\/p>\n<p><img decoding=\"async\" src=\"https:\/\/hzpt.com\/wp-content\/uploads\/2024\/11\/songte-company-1.webp\"><\/p>\n<p>Autor: lyl.<\/p>","protected":false},"excerpt":{"rendered":"<p>Bucket Cylinder For Yuchai YC35SR Introduction A bucket cylinder is a specially designed hydraulic cylinder used to control the movement of buckets in heavy machinery such as excavators, backhoe excavators, and front-end loaders. Its main function is to enable the bucket to lift, lower, and tilt for various material handling tasks. In the hydraulic system, [&hellip;]<\/p>","protected":false},"featured_media":14773,"comment_status":"open","ping_status":"closed","template":"","meta":{"_et_pb_use_builder":"","_et_pb_old_content":"","_et_gb_content_width":""},"product_brand":[],"product_cat":[1494],"product_tag":[1495,1496],"class_list":{"0":"post-15861","1":"product","2":"type-product","3":"status-publish","4":"has-post-thumbnail","6":"product_cat-bucket-cylinders","7":"product_tag-bucket-cylinders","8":"product_tag-hydraulic-cylinders","10":"first","11":"instock","12":"shipping-taxable","13":"product-type-simple"},"amp_enabled":true,"_links":{"self":[{"href":"https:\/\/www.hydraulic-cylinders.net\/cs\/wp-json\/wp\/v2\/product\/15861","targetHints":{"allow":["GET"]}}],"collection":[{"href":"https:\/\/www.hydraulic-cylinders.net\/cs\/wp-json\/wp\/v2\/product"}],"about":[{"href":"https:\/\/www.hydraulic-cylinders.net\/cs\/wp-json\/wp\/v2\/types\/product"}],"replies":[{"embeddable":true,"href":"https:\/\/www.hydraulic-cylinders.net\/cs\/wp-json\/wp\/v2\/comments?post=15861"}],"wp:featuredmedia":[{"embeddable":true,"href":"https:\/\/www.hydraulic-cylinders.net\/cs\/wp-json\/wp\/v2\/media\/14773"}],"wp:attachment":[{"href":"https:\/\/www.hydraulic-cylinders.net\/cs\/wp-json\/wp\/v2\/media?parent=15861"}],"wp:term":[{"taxonomy":"product_brand","embeddable":true,"href":"https:\/\/www.hydraulic-cylinders.net\/cs\/wp-json\/wp\/v2\/product_brand?post=15861"},{"taxonomy":"product_cat","embeddable":true,"href":"https:\/\/www.hydraulic-cylinders.net\/cs\/wp-json\/wp\/v2\/product_cat?post=15861"},{"taxonomy":"product_tag","embeddable":true,"href":"https:\/\/www.hydraulic-cylinders.net\/cs\/wp-json\/wp\/v2\/product_tag?post=15861"}],"curies":[{"name":"wp","href":"https:\/\/api.w.org\/{rel}","templated":true}]}}