{"id":15865,"date":"2025-01-19T15:05:37","date_gmt":"2025-01-19T15:05:37","guid":{"rendered":"https:\/\/www.hydraulic-cylinders.net\/product\/bucket-cylinder-for-yuchai-yc230lc-8\/"},"modified":"2025-01-19T15:05:39","modified_gmt":"2025-01-19T15:05:39","slug":"bucket-cylinder-for-yuchai-yc230lc-8","status":"publish","type":"product","link":"https:\/\/www.hydraulic-cylinders.net\/cs\/produkt\/bucket-cylinder-for-yuchai-yc230lc-8\/","title":{"rendered":"V\u00e1lec kore\u010dkov\u00e9ho v\u00e1lce pro Yuchai YC230LC-8"},"content":{"rendered":"<h1>V\u00e1lec kore\u010dkov\u00e9ho v\u00e1lce pro Yuchai YC230LC-8<\/h1>\n<h2>Zaveden\u00ed<\/h2>\n<p>Hydraulick\u00fd v\u00e1lec kope\u010dku je speci\u00e1ln\u011b navr\u017een\u00fd pro ovl\u00e1d\u00e1n\u00ed pohybu kope\u010dku v t\u011b\u017ek\u00fdch stroj\u00edch, jako jsou bagry, rypadla-naklada\u010de a \u010deln\u00ed naklada\u010de. Jeho hlavn\u00ed funkc\u00ed je umo\u017enit zved\u00e1n\u00ed, spou\u0161t\u011bn\u00ed a nakl\u00e1p\u011bn\u00ed kope\u010dku, co\u017e usnad\u0148uje manipulaci s r\u016fzn\u00fdmi materi\u00e1ly. V hydraulick\u00fdch syst\u00e9mech dosahuje v\u00e1lec kope\u010dku p\u0159esn\u00e9ho ovl\u00e1d\u00e1n\u00ed kope\u010dku zm\u011bnami tlaku hydraulick\u00e9ho oleje, co\u017e umo\u017e\u0148uje obsluze efektivn\u011b manipulovat s t\u011b\u017ek\u00fdmi b\u0159emeny, p\u0159izp\u016fsobovat se slo\u017eit\u00fdm pracovn\u00edm prost\u0159ed\u00edm a rozmanit\u00fdm provozn\u00edm pot\u0159eb\u00e1m.<\/p>\n<p><img decoding=\"async\" src=\"https:\/\/www.hydraulic-cylinders.net\/wp-content\/uploads\/2025\/01\/songte-company-2.webp\" alt=\"Kbel\u00edkov\u00fd v\u00e1lec\"><\/p>\n<h2>Funkce<\/h2>\n<ul>\n<li>\n<h3>Vysok\u00e1 pevnost a trvanlivost<\/h3>\n<p>Kore\u010dkov\u00e9 v\u00e1lce se obvykle vyr\u00e1b\u011bj\u00ed z vysokopevnostn\u00ed oceli nebo hlin\u00edku, jsou schopny odolat vysok\u00e9mu tlaku a t\u011b\u017ek\u00e9mu zat\u00ed\u017een\u00ed, p\u0159izp\u016fsobuj\u00ed se n\u00e1ro\u010dn\u00fdm pracovn\u00edm prost\u0159ed\u00edm a jsou navr\u017eeny s ohledem na odolnost proti opot\u0159eben\u00ed a korozi, \u010d\u00edm\u017e se prodlu\u017euje jejich \u017eivotnost.<\/p>\n<\/li>\n<li>\n<h3>Efektivn\u00ed hydraulick\u00fd provoz<\/h3>\n<p>V\u00e1lec kore\u010dkov\u00e9ho v\u00e1lce vyu\u017e\u00edv\u00e1 hydraulick\u00fd tlak oleje k dosa\u017een\u00ed plynul\u00e9ho vysouv\u00e1n\u00ed a smr\u0161\u0165ov\u00e1n\u00ed, co\u017e umo\u017e\u0148uje rychlou reakci na \u0159\u00eddic\u00ed povely, poskytuje silnou tla\u010dnou a ta\u017enou s\u00edlu a je vhodn\u00fd pro manipulaci s t\u011b\u017ek\u00fdmi b\u0159emeny a slo\u017eit\u00e9 provozn\u00ed \u00fakoly.<\/p>\n<\/li>\n<li>\n<h3>R\u016fzn\u00e9 typy<\/h3>\n<p>V\u00e1lce kore\u010dk\u016f mohou b\u00fdt jedno\u010dinn\u00e9 (s hydraulick\u00fdm pohonem pouze v jednom sm\u011bru) nebo dvoj\u010dinn\u00e9 (s hydraulick\u00fdm pohonem v obou sm\u011brech) v z\u00e1vislosti na provozn\u00edch pot\u0159eb\u00e1ch. N\u011bkter\u00e9 modely jsou teleskopick\u00e9, co\u017e umo\u017e\u0148uje v\u011bt\u0161\u00ed rozta\u017een\u00ed bez zv\u011bt\u0161en\u00ed vn\u011bj\u0161\u00edch rozm\u011br\u016f, a proto jsou vhodn\u00e9 pro aplikace v omezen\u00e9m prostoru.<\/p>\n<\/li>\n<li>\n<h3>Perfektn\u00ed n\u00e1hradn\u00ed varianta<\/h3>\n<p>Na\u0161e produkty dok\u00e1\u017e\u00ed tyto hydraulick\u00e9 v\u00e1lce dokonale nahradit a my je dok\u00e1\u017eeme vyrobit.<\/p>\n<\/li>\n<p><img decoding=\"async\" src=\"https:\/\/www.hydraulic-cylinders.net\/wp-content\/uploads\/2025\/01\/songte-cylinder-head-with-all-kinds-excavator-models.webp\" alt=\"V\u00fdm\u011bna v\u00e1lce lopaty\"><\/p>\n<\/ul>\n<h2>Aplikace<\/h2>\n<p>Kore\u010dkov\u00e9 v\u00e1lce se pou\u017e\u00edvaj\u00ed v r\u016fzn\u00fdch stroj\u00edch, v\u010detn\u011b:<\/p>\n<ul>\n<li>\n<h3>Stavebn\u00ed stroje<\/h3>\n<p>U bagr\u016f jsou nezbytn\u00e9 pro v\u00fdkopov\u00e9 pr\u00e1ce, nakl\u00e1d\u00e1n\u00ed a p\u0159emis\u0165ov\u00e1n\u00ed zeminy nebo suti. U rypadlo-naklada\u010d\u016f pom\u00e1h\u00e1 v\u00e1lec l\u017e\u00edce p\u0159i kop\u00e1n\u00ed a zved\u00e1n\u00ed. <\/p>\n<\/li>\n<li>\n<h3>Zem\u011bd\u011blsk\u00e9 stroje<\/h3>\n<p>Pou\u017e\u00edv\u00e1 se v \u010deln\u00edch naklada\u010d\u00edch pro nab\u00edr\u00e1n\u00ed, zved\u00e1n\u00ed a p\u0159epravu zeminy, sena a dal\u0161\u00edch materi\u00e1l\u016f. <\/p>\n<\/li>\n<li>\n<h3>Bagry<\/h3>\n<p>V\u00e1lec l\u017e\u00edce dosahuje v\u00fdkopu t\u00edm, \u017ee umo\u017e\u0148uje l\u017e\u00edci proniknout do p\u016fdy. <\/p>\n<\/li>\n<li>\n<h3>\u010celn\u00ed naklada\u010de<\/h3>\n<p>U \u010deln\u00edch naklada\u010d\u016f pom\u00e1haj\u00ed s efektivn\u00edm zved\u00e1n\u00edm a nakl\u00e1p\u011bn\u00edm n\u00e1kladu.<\/p>\n<\/li>\n<\/ul>\n<h2>Konstruk\u010dn\u00ed aspekty a krit\u00e9ria v\u00fdb\u011bru<\/h2>\n<p>Pokud jde o konstruk\u010dn\u00ed aspekty, mus\u00ed kore\u010dkov\u00e9 v\u00e1lce spl\u0148ovat specifick\u00e1 krit\u00e9ria, aby fungovaly optim\u00e1ln\u011b. Zde je n\u011bkolik kl\u00ed\u010dov\u00fdch faktor\u016f:<\/p>\n<ul>\n<li>\n<h3>\u00danosnost<\/h3>\n<p>\u00danosnost v\u00e1lce by m\u011bla b\u00fdt schopna un\u00e9st hmotnost z\u00e1t\u011b\u017ee bez deformace nebo selh\u00e1n\u00ed.<\/p>\n<\/li>\n<li>\n<h3>T\u011bsn\u011bn\u00ed<\/h3>\n<p>V\u00e1lec mus\u00ed b\u00fdt dostate\u010dn\u011b ut\u011bsn\u011bn, aby se zabr\u00e1nilo \u00faniku hydraulick\u00e9 kapaliny.<\/p>\n<\/li>\n<li>\n<h3>Trvanlivost<\/h3>\n<p>V\u00e1lec mus\u00ed b\u00fdt dostate\u010dn\u011b odoln\u00fd, aby odolal n\u00e1ro\u010dn\u00e9mu pracovn\u00edmu prost\u0159ed\u00ed a opot\u0159eben\u00ed.<\/p>\n<\/li>\n<li>\n<h3>Bezpe\u010dnost<\/h3>\n<p>Kore\u010dkov\u00e9 v\u00e1lce mus\u00ed b\u00fdt navr\u017eeny tak, aby se zabr\u00e1nilo potenci\u00e1ln\u00edm nebezpe\u010d\u00edm, jako jsou net\u011bsnosti, prasknut\u00ed nebo v\u00fdbuchy.<\/p>\n<\/li>\n<li>\n<h3>\u00dadr\u017eba<\/h3>\n<p>V\u00e1lec mus\u00ed b\u00fdt navr\u017een pro snadnou \u00fadr\u017ebu a opravy, \u010d\u00edm\u017e se zkr\u00e1t\u00ed prostoje.<\/p>\n<\/li>\n<\/ul>\n<p><img decoding=\"async\" src=\"https:\/\/www.hydraulic-cylinders.net\/wp-content\/uploads\/2025\/01\/songte-oil-pipes-and-spare-parts.webp\" alt=\"D\u00edly v\u00e1lce lopaty\"><\/p>\n<h2>T\u011bsn\u011bn\u00ed a maz\u00e1n\u00ed<\/h2>\n<p>Kore\u010dkov\u00fd v\u00e1lec pou\u017e\u00edv\u00e1 r\u016fzn\u00e1 t\u011bsn\u011bn\u00ed, jako jsou p\u00edstn\u00ed t\u011bsn\u011bn\u00ed a t\u011bsn\u011bn\u00ed p\u00edstnice, vyroben\u00e1 z materi\u00e1l\u016f odoln\u00fdch proti opot\u0159eben\u00ed, jako je polyuretan a nitrilov\u00e1 pry\u017e. T\u011bleso v\u00e1lce a povrch z\u00e1vitu proch\u00e1zej\u00ed p\u0159esnou \u00fapravou pro zlep\u0161en\u00ed odolnosti proti opot\u0159eben\u00ed. Pravideln\u00e9 p\u0159id\u00e1v\u00e1n\u00ed odpov\u00eddaj\u00edc\u00edho mno\u017estv\u00ed hydraulick\u00e9ho oleje je z\u00e1sadn\u00ed pro maz\u00e1n\u00ed a udr\u017een\u00ed optim\u00e1ln\u00edho v\u00fdkonu.<\/p>\n<h2>\u00dadr\u017eba a opravy<\/h2>\n<p>Pravideln\u00e1 kontrola a preventivn\u00ed \u00fadr\u017eba jsou z\u00e1sadn\u00ed pro prodlou\u017een\u00ed \u017eivotnosti kore\u010dkov\u00fdch v\u00e1lc\u016f. Zde je n\u011bkolik b\u011b\u017en\u00fdch \u00fakon\u016f \u00fadr\u017eby:<\/p>\n<ul>\n<li>\n<h3>Pravideln\u00e1 kontrola<\/h3>\n<p>Pravideln\u011b kontrolujte v\u00e1lec, zda nevykazuje zn\u00e1mky opot\u0159eben\u00ed, po\u0161kozen\u00ed nebo net\u011bsnost\u00ed.<\/p>\n<\/li>\n<li>\n<h3>Maz\u00e1n\u00ed<\/h3>\n<p>Pro udr\u017een\u00ed optim\u00e1ln\u00edho v\u00fdkonu se ujist\u011bte, \u017ee je v\u00e1lec dostate\u010dn\u011b maz\u00e1n.<\/p>\n<\/li>\n<li>\n<h3>V\u00fdm\u011bna t\u011bsn\u011bn\u00ed<\/h3>\n<p>Vym\u011b\u0148te t\u011bsn\u011bn\u00ed v\u00e1lc\u016f, pokud zjist\u00edte zn\u00e1mky opot\u0159eben\u00ed, po\u0161kozen\u00ed nebo net\u011bsnost\u00ed.<\/p>\n<\/li>\n<li>\n<h3>Kontrola kalibrace<\/h3>\n<p>Pravideln\u011b kontrolujte kalibraci v\u00e1lce, abyste zajistili optim\u00e1ln\u00ed v\u00fdkon.<\/p>\n<\/li>\n<\/ul>\n<p><img decoding=\"async\" src=\"https:\/\/www.hydraulic-cylinders.net\/wp-content\/uploads\/2025\/01\/songte-chushion-collar.webp\" alt=\"Instalace v\u00e1lce kore\u010dkov\u00e9ho v\u00e1lce\"><\/p>\n<h2>Bezpe\u010dnostn\u00ed aspekty a faktory prost\u0159ed\u00ed<\/h2>\n<p>S kore\u010dkov\u00fdmi v\u00e1lci by se m\u011blo zach\u00e1zet opatrn\u011b a m\u011bly by b\u00fdt spr\u00e1vn\u011b instalov\u00e1ny, aby se p\u0159ede\u0161lo potenci\u00e1ln\u00edm nebezpe\u010d\u00edm, jako jsou net\u011bsnosti, praskliny nebo v\u00fdbuchy. Faktory prost\u0159ed\u00ed, jako je teplota, vlhkost a vystaven\u00ed korozivn\u00edm l\u00e1tk\u00e1m, mohou ovlivnit v\u00fdkon a \u017eivotnost v\u00e1lce. Proto je nezbytn\u00e9 p\u0159i manipulaci s kore\u010dkov\u00fdmi v\u00e1lci a jejich provozu p\u0159ijmout nezbytn\u00e1 opat\u0159en\u00ed.<\/p>\n<h2>Diagnostika a odstra\u0148ov\u00e1n\u00ed probl\u00e9m\u016f<\/h2>\n<p>Mezi b\u011b\u017en\u00e9 probl\u00e9my s v\u00e1lci kore\u010dk\u016f pat\u0159\u00ed net\u011bsnosti, sn\u00ed\u017een\u00fd v\u00fdkon a poruchy. Mezi tipy a \u0159e\u0161en\u00ed t\u011bchto probl\u00e9m\u016f pat\u0159\u00ed kontrola t\u011bsn\u011bn\u00ed, ov\u011b\u0159en\u00ed hladiny hydraulick\u00e9 kapaliny a posouzen\u00ed kalibrace v\u00e1lce. Preventivn\u00ed opat\u0159en\u00ed, jako je pravideln\u00e1 \u00fadr\u017eba a spr\u00e1vn\u00e1 manipulace, mohou minimalizovat potenci\u00e1ln\u00ed probl\u00e9my.<\/p>\n<p><img decoding=\"async\" src=\"https:\/\/www.hydraulic-cylinders.net\/wp-content\/uploads\/2025\/01\/songte-bushings-with-all-kinds-of-excavator-models.webp\" alt=\"Pouzdra v\u00e1lc\u016f kope\u010dk\u016f\"><\/p>\n<h2>O na\u0161\u00ed spole\u010dnosti<\/h2>\n<p>Jsme v\u00fdrobcem n\u00e1hradn\u00edch d\u00edl\u016f pro hydraulick\u00e9 v\u00e1lce s kompletn\u00ed nab\u00eddkou produkt\u016f a stali jsme se jedn\u00edm z p\u0159edn\u00edch v\u00fdrobc\u016f a velkoobchodn\u00edch distributor\u016f hydraulick\u00fdch v\u00e1lc\u016f na dom\u00e1c\u00edm i mezin\u00e1rodn\u00edm trhu. \u0158\u00edd\u00edme se principem vynikaj\u00edc\u00ed kvality a spol\u00e9h\u00e1me na strategii \u0159\u00edzen\u00ed pr\u016fmyslov\u00e9 v\u00fdroby v sofistikovan\u00fdch v\u00fdrobn\u00edch d\u00edln\u00e1ch. Neust\u00e1le vylep\u0161ujeme na\u0161i v\u00fdrobn\u00ed platformu v d\u00edln\u00e1ch, zdokonalujeme v\u00fdrobn\u00ed linky pro kvalitu produkt\u016f a m\u00e1me siln\u00e9 kreativn\u00ed schopnosti, abychom splnili rozmanit\u00e9 pot\u0159eby z\u00e1kazn\u00edk\u016f s vysokou efektivitou, vysokou p\u0159esnost\u00ed a vysoce kvalitn\u00edmi produkty.<\/p>\n<ul>\n<li>\n<h3>Profesionalita<\/h3>\n<p>Na\u0161e spole\u010dnost m\u00e1 t\u00fdm technick\u00fdch odborn\u00edk\u016f a profesion\u00e1l\u016f s dlouholet\u00fdmi zku\u0161enostmi s v\u00fdm\u011bnami hydraulick\u00fdch v\u00e1lc\u016f.<\/p>\n<\/li>\n<li>\n<h3>Mezin\u00e1rodn\u00ed certifikace<\/h3>\n<p>Na\u0161e v\u00fdrobky maj\u00ed mezin\u00e1rodn\u00ed certifikace, jako jsou ISO, CE a ROHS, co\u017e zaru\u010duje shodu s glob\u00e1ln\u00edmi standardy.<\/p>\n<\/li>\n<li>\n<h3>P\u0159izp\u016fsoben\u00ed<\/h3>\n<p>Nab\u00edz\u00edme slu\u017eby na m\u00edru, kter\u00e9 spl\u0148uj\u00ed jedine\u010dn\u00e9 po\u017eadavky a preference z\u00e1kazn\u00edk\u016f.<\/p>\n<\/li>\n<li>\n<h3>V\u00fdrobn\u00ed za\u0159\u00edzen\u00ed<\/h3>\n<p>Na\u0161e spole\u010dnost disponuje sofistikovan\u00fdm a modern\u00edm v\u00fdrobn\u00edm za\u0159\u00edzen\u00edm, v\u010detn\u011b CNC soustruh\u016f, fr\u00e9zek a zku\u0161ebn\u00edch za\u0159\u00edzen\u00ed.<\/p>\n<\/li>\n<li>\n<h3>Poprodejn\u00ed servis<\/h3>\n<p>Poskytujeme vynikaj\u00edc\u00ed poprodejn\u00ed slu\u017eby, v\u010detn\u011b oprav, v\u00fdm\u011bn a renovace, abychom zajistili spokojenost z\u00e1kazn\u00edk\u016f a dlouhodob\u00e9 vztahy s nimi.<\/p>\n<\/li>\n<\/ul>\n<p><img decoding=\"async\" src=\"https:\/\/hzpt.com\/wp-content\/uploads\/2024\/11\/songte-company-1.webp\" alt=\"P\u0159ehled spole\u010dnosti\"><\/p>\n<p>Autor: lyl<\/p>","protected":false},"excerpt":{"rendered":"<p>Bucket Cylinder For Yuchai YC230LC-8 Introduction A bucket cylinder is a hydraulic cylinder specially designed to control the movement of the bucket in heavy machinery, such as excavators, backhoe loaders, and front loaders. Its main function is to allow the bucket to lift, lower, and tilt, making it easier to handle various material handling tasks. [&hellip;]<\/p>","protected":false},"featured_media":14762,"comment_status":"open","ping_status":"closed","template":"","meta":{"_et_pb_use_builder":"","_et_pb_old_content":"","_et_gb_content_width":""},"product_brand":[],"product_cat":[1494],"product_tag":[1495,1496],"class_list":{"0":"post-15865","1":"product","2":"type-product","3":"status-publish","4":"has-post-thumbnail","6":"product_cat-bucket-cylinders","7":"product_tag-bucket-cylinders","8":"product_tag-hydraulic-cylinders","10":"first","11":"instock","12":"shipping-taxable","13":"product-type-simple"},"amp_enabled":true,"_links":{"self":[{"href":"https:\/\/www.hydraulic-cylinders.net\/cs\/wp-json\/wp\/v2\/product\/15865","targetHints":{"allow":["GET"]}}],"collection":[{"href":"https:\/\/www.hydraulic-cylinders.net\/cs\/wp-json\/wp\/v2\/product"}],"about":[{"href":"https:\/\/www.hydraulic-cylinders.net\/cs\/wp-json\/wp\/v2\/types\/product"}],"replies":[{"embeddable":true,"href":"https:\/\/www.hydraulic-cylinders.net\/cs\/wp-json\/wp\/v2\/comments?post=15865"}],"wp:featuredmedia":[{"embeddable":true,"href":"https:\/\/www.hydraulic-cylinders.net\/cs\/wp-json\/wp\/v2\/media\/14762"}],"wp:attachment":[{"href":"https:\/\/www.hydraulic-cylinders.net\/cs\/wp-json\/wp\/v2\/media?parent=15865"}],"wp:term":[{"taxonomy":"product_brand","embeddable":true,"href":"https:\/\/www.hydraulic-cylinders.net\/cs\/wp-json\/wp\/v2\/product_brand?post=15865"},{"taxonomy":"product_cat","embeddable":true,"href":"https:\/\/www.hydraulic-cylinders.net\/cs\/wp-json\/wp\/v2\/product_cat?post=15865"},{"taxonomy":"product_tag","embeddable":true,"href":"https:\/\/www.hydraulic-cylinders.net\/cs\/wp-json\/wp\/v2\/product_tag?post=15865"}],"curies":[{"name":"wp","href":"https:\/\/api.w.org\/{rel}","templated":true}]}}