{"id":15867,"date":"2025-01-19T15:05:48","date_gmt":"2025-01-19T15:05:48","guid":{"rendered":"https:\/\/www.hydraulic-cylinders.net\/product\/bucket-cylinder-for-yangong-yg70c\/"},"modified":"2025-01-19T15:05:50","modified_gmt":"2025-01-19T15:05:50","slug":"bucket-cylinder-for-yangong-yg70c","status":"publish","type":"product","link":"https:\/\/www.hydraulic-cylinders.net\/cs\/produkt\/bucket-cylinder-for-yangong-yg70c\/","title":{"rendered":"V\u00e1lec kope\u010dku pro Yangong YG70C"},"content":{"rendered":"<h1>V\u00e1lec kope\u010dku pro Yangong YG70C<\/h1>\n<h2>Zaveden\u00ed<\/h2>\n<p>Hydraulick\u00fd v\u00e1lec l\u017e\u00edce pro Yangong YG70C je speci\u00e1ln\u011b navr\u017een\u00fd hydraulick\u00fd v\u00e1lec pou\u017e\u00edvan\u00fd k ovl\u00e1d\u00e1n\u00ed pohybu l\u017e\u00edce v t\u011b\u017ek\u00fdch stroj\u00edch, jako jsou rypadla, r\u00fdpadlo-naklada\u010de a \u010deln\u00ed naklada\u010de. Jeho hlavn\u00ed funkc\u00ed je umo\u017enit zved\u00e1n\u00ed, spou\u0161t\u011bn\u00ed a nakl\u00e1p\u011bn\u00ed l\u017e\u00edce, co\u017e usnad\u0148uje manipulaci s r\u016fzn\u00fdmi materi\u00e1ly. V hydraulick\u00e9m syst\u00e9mu dosahuje v\u00e1lec l\u017e\u00edce p\u0159esn\u00e9ho ovl\u00e1d\u00e1n\u00ed l\u017e\u00edce zm\u011bnami tlaku hydraulick\u00e9ho oleje, co\u017e umo\u017e\u0148uje obsluze efektivn\u011b manipulovat s t\u011b\u017ek\u00fdmi b\u0159emeny a p\u0159izp\u016fsobovat se slo\u017eit\u00fdm pracovn\u00edm prost\u0159ed\u00edm a rozmanit\u00fdm provozn\u00edm po\u017eadavk\u016fm.<\/p>\n<p><img decoding=\"async\" src=\"https:\/\/www.hydraulic-cylinders.net\/wp-content\/uploads\/2025\/01\/songte-company-2.webp\"><\/p>\n<h2>Funkce<\/h2>\n<ul>\n<li>Vysok\u00e1 pevnost a odolnost: Obvykle je vyroben z vysokopevnostn\u00ed oceli nebo hlin\u00edku a je schopen odolat vysok\u00fdm tlak\u016fm a t\u011b\u017ek\u00fdm z\u00e1t\u011b\u017e\u00edm, \u010d\u00edm\u017e se p\u0159izp\u016fsob\u00ed n\u00e1ro\u010dn\u00e9mu pracovn\u00edmu prost\u0159ed\u00ed. Konstrukce zohled\u0148uje odolnost proti opot\u0159eben\u00ed a korozi, \u010d\u00edm\u017e prodlu\u017euje \u017eivotnost.<\/li>\n<li>Efektivn\u00ed hydraulick\u00fd provoz: Vyu\u017e\u00edv\u00e1 tlak hydraulick\u00e9ho oleje k dosa\u017een\u00ed plynul\u00e9ho vysouv\u00e1n\u00ed a zasouv\u00e1n\u00ed, dok\u00e1\u017ee rychle reagovat na \u0159\u00eddic\u00ed povely a poskytovat silnou tla\u010dnou a ta\u017enou s\u00edlu, vhodnou pro manipulaci s t\u011b\u017ek\u00fdmi p\u0159edm\u011bty a slo\u017eit\u00e9 provozn\u00ed \u00fakoly.<\/li>\n<li>R\u016fzn\u00e9 typy: Jedno\u010dinn\u00e9 (hydraulicky ovl\u00e1dan\u00e9 pouze v jednom sm\u011bru) nebo dvoj\u010dinn\u00e9 (hydraulicky ovl\u00e1dan\u00e9 ve dvou sm\u011brech) v\u00e1lce lze volit dle po\u017eadavk\u016f a spl\u0148ovat r\u016fzn\u00e9 provozn\u00ed pot\u0159eby. N\u011bkter\u00e9 modely jsou teleskopick\u00e9, co\u017e umo\u017e\u0148uje v\u011bt\u0161\u00ed v\u00fdsuv bez zv\u011bt\u0161en\u00ed vn\u011bj\u0161\u00edch rozm\u011br\u016f, a jsou vhodn\u00e9 pro aplikace s omezen\u00fdm prostorem.<\/li>\n<li>Vym\u011bniteln\u00e9: N\u00e1\u0161 produkt dok\u00e1\u017ee tyto hydraulick\u00e9 v\u00e1lce dokonale nahradit.<\/li>\n<\/ul>\n<p><img decoding=\"async\" src=\"https:\/\/www.hydraulic-cylinders.net\/wp-content\/uploads\/2025\/01\/songte-cylinder-head-with-all-kinds-excavator-models.webp\"><\/p>\n<h2>Aplikace<\/h2>\n<p>Kore\u010dkov\u00fd v\u00e1lec pro Yangong YG70C se \u0161iroce pou\u017e\u00edv\u00e1 v r\u016fzn\u00fdch t\u011b\u017ek\u00fdch stroj\u00edch, v\u010detn\u011b:<\/p>\n<ul>\n<li>Stavebn\u00ed stroje: U bagr\u016f jsou v\u00e1lec l\u017e\u00edce kl\u00ed\u010dov\u00fd pro kop\u00e1n\u00ed, nakl\u00e1d\u00e1n\u00ed a p\u0159emis\u0165ov\u00e1n\u00ed zeminy nebo suti. U rypadlo-naklada\u010d\u016f pom\u00e1h\u00e1 v\u00e1lec l\u017e\u00edce jak p\u0159i kop\u00e1n\u00ed, tak p\u0159i zved\u00e1n\u00ed. <\/li>\n<li>Zem\u011bd\u011blsk\u00e9 stroje: Pou\u017e\u00edvaj\u00ed se v \u010deln\u00edch naklada\u010d\u00edch pro kop\u00e1n\u00ed, zved\u00e1n\u00ed a p\u0159epravu p\u016fdy, sena a dal\u0161\u00edch materi\u00e1l\u016f.<\/li>\n<li>Rypadla: V\u00e1lec l\u017e\u00edce umo\u017e\u0148uje kop\u00e1n\u00ed t\u00edm, \u017ee umo\u017e\u0148uje l\u017e\u00edci proniknout do p\u016fdy. <\/li>\n<li>Naklada\u010de: \u010celn\u00ed naklada\u010de efektivn\u011b pom\u00e1haj\u00ed p\u0159i zved\u00e1n\u00ed a vykl\u00e1dce zbo\u017e\u00ed. <\/li>\n<\/ul>\n<h2>Krit\u00e9ria n\u00e1vrhu a v\u00fdb\u011bru<\/h2>\n<p>Kore\u010dkov\u00fd v\u00e1lec pro Yangong YG70C je navr\u017een s ohledem na n\u00e1sleduj\u00edc\u00ed aspekty:<\/p>\n<ul>\n<li>\u00danosnost<\/li>\n<li>T\u011bsn\u011bn\u00ed<\/li>\n<li>Trvanlivost<\/li>\n<li>Bezpe\u010dnost<\/li>\n<li>Udr\u017eovatelnost<\/li>\n<\/ul>\n<p>V\u00e1lec m\u00e1 vysokou \u00fanosnost, dobr\u00fd t\u011bsnic\u00ed v\u00fdkon, vynikaj\u00edc\u00ed odolnost a snadnou \u00fadr\u017ebu d\u00edky p\u0159esn\u011b zpracovan\u00e9mu t\u011blesu v\u00e1lce a povrchu p\u00edstnice, materi\u00e1l\u016fm t\u011bsn\u011bn\u00ed odoln\u00fdm proti opot\u0159eben\u00ed a korozi a pravideln\u00e9mu maz\u00e1n\u00ed vhodn\u00fdm mno\u017estv\u00edm hydraulick\u00e9ho oleje.<\/p>\n<p><img decoding=\"async\" src=\"https:\/\/www.hydraulic-cylinders.net\/wp-content\/uploads\/2025\/01\/songte-oil-pipes-and-spare-parts.webp\"><\/p>\n<h2>\u00dadr\u017eba<\/h2>\n<p>Pravideln\u00e1 \u00fadr\u017eba je nezbytn\u00e1 pro zaji\u0161t\u011bn\u00ed dlouh\u00e9 \u017eivotnosti a optim\u00e1ln\u00edho v\u00fdkonu kore\u010dkov\u00e9ho v\u00e1lce. Mezi b\u011b\u017en\u00e9 \u00fakony \u00fadr\u017eby pat\u0159\u00ed:<\/p>\n<ul>\n<li>Pravideln\u00e1 kontrola<\/li>\n<li>Spr\u00e1vn\u00e9 maz\u00e1n\u00ed<\/li>\n<li>V\u00fdm\u011bna t\u011bsn\u011bn\u00ed<\/li>\n<li>Kontrola kalibrace<\/li>\n<\/ul>\n<p>Spr\u00e1vn\u00e1 instalace, maz\u00e1n\u00ed a se\u0159\u00edzen\u00ed jsou nezbytn\u00e9 pro optim\u00e1ln\u00ed v\u00fdkon kore\u010dkov\u00e9ho v\u00e1lce. Doporu\u010duje se pou\u017e\u00edt vhodn\u00e9 mont\u00e1\u017en\u00ed podp\u011bry k upevn\u011bn\u00ed v\u00e1lce a dodr\u017eovat doporu\u010den\u00e9 postupy kontroly, opravy a v\u00fdm\u011bny, aby byla zaji\u0161t\u011bna jeho \u017eivotnost.<\/p>\n<p><img decoding=\"async\" src=\"https:\/\/www.hydraulic-cylinders.net\/wp-content\/uploads\/2025\/01\/songte-chushion-collar.webp\"><\/p>\n<h2>Bezpe\u010dnostn\u00ed a environment\u00e1ln\u00ed aspekty<\/h2>\n<p>P\u0159i pou\u017e\u00edv\u00e1n\u00ed kore\u010dkov\u00e9ho v\u00e1lce jsou z\u00e1sadn\u00ed bezpe\u010dnostn\u00ed opat\u0159en\u00ed, aby se p\u0159ede\u0161lo nehod\u00e1m. P\u0159i manipulaci s v\u00e1lcem se doporu\u010duje pou\u017e\u00edvat bezpe\u010dnostn\u00ed vybaven\u00ed, jako jsou rukavice a ochrann\u00e9 br\u00fdle. Je tak\u00e9 nezbytn\u00e9 bezpe\u010dn\u011b zlikvidovat hydraulick\u00fd olej a dal\u0161\u00ed odpad v souladu s p\u0159edpisy o ochran\u011b \u017eivotn\u00edho prost\u0159ed\u00ed.<\/p>\n<h2>Diagnostika a odstra\u0148ov\u00e1n\u00ed z\u00e1vad<\/h2>\n<p>Mezi b\u011b\u017en\u00e9 probl\u00e9my, kter\u00e9 se mohou vyskytnout p\u0159i pou\u017e\u00edv\u00e1n\u00ed v\u00e1lce kore\u010dkov\u00e9ho v\u00e1lce, pat\u0159\u00ed \u00fanik oleje, abnorm\u00e1ln\u00ed zvuky a pomal\u00fd pohyb. Pro diagnostiku a \u0159e\u0161en\u00ed t\u011bchto probl\u00e9m\u016f se doporu\u010duje dodr\u017eovat doporu\u010den\u00e9 postupy kontroly a opravy.<\/p>\n<p><img decoding=\"async\" src=\"https:\/\/www.hydraulic-cylinders.net\/wp-content\/uploads\/2025\/01\/songte-bushings-with-all-kinds-of-excavator-models.webp\"><\/p>\n<h2>O na\u0161\u00ed spole\u010dnosti<\/h2>\n<p>Jsme p\u0159edn\u00edm v\u00fdrobcem a velkoobchodn\u00edkem hydraulick\u00fdch v\u00e1lc\u016f a nab\u00edz\u00edme kompletn\u00ed sortiment produkt\u016f na dom\u00e1c\u00edm i mezin\u00e1rodn\u00edm trhu. Priority spo\u010d\u00edv\u00e1me v vynikaj\u00edc\u00ed kvalit\u011b a spol\u00e9h\u00e1me se na industrializovan\u00e9 strategie \u0159\u00edzen\u00ed v\u00fdroby, kter\u00e9 jsou podpo\u0159eny propracovanou v\u00fdrobn\u00ed d\u00edlnou, technologick\u00fdmi talenty, \u0161pi\u010dkov\u00fdm digit\u00e1ln\u00edm v\u00fdrobn\u00edm za\u0159\u00edzen\u00edm a profesion\u00e1ln\u00edmi testovac\u00edmi syst\u00e9my. Neust\u00e1le vylep\u0161ujeme na\u0161i v\u00fdrobn\u00ed platformu v d\u00edln\u011b, zdokonalujeme v\u00fdrobn\u00ed postupy pro zaji\u0161t\u011bn\u00ed kvality produkt\u016f a disponujeme siln\u00fdmi tv\u016fr\u010d\u00edmi schopnostmi. Na\u0161\u00edm c\u00edlem je poskytovat z\u00e1kazn\u00edk\u016fm efektivn\u00ed, p\u0159esn\u00e9 a vysoce kvalitn\u00ed produkty, kter\u00e9 spl\u0148uj\u00ed rozmanit\u00e9 pot\u0159eby.<\/p>\n<p><img decoding=\"async\" src=\"https:\/\/hzpt.com\/wp-content\/uploads\/2024\/11\/songte-company-1.webp\"><\/p>\n<p>Na\u0161e spole\u010dnost nab\u00edz\u00ed profesion\u00e1ln\u00ed slu\u017eby, mezin\u00e1rodn\u00ed certifikace, slu\u017eby na m\u00edru, v\u00fdrobn\u00ed za\u0159\u00edzen\u00ed a poprodejn\u00ed servis. Zav\u00e1zali jsme se poskytovat na\u0161im z\u00e1kazn\u00edk\u016fm hydraulick\u00e9 v\u00e1lce nejvy\u0161\u0161\u00ed kvality a vynikaj\u00edc\u00ed slu\u017eby.<\/p>\n<h2>Autor: lyl<\/h2>","protected":false},"excerpt":{"rendered":"<p>Bucket Cylinder For Yangong YG70C Introduction The bucket cylinder for Yangong YG70C is a specially designed hydraulic cylinder used to control the movement of the bucket in heavy machinery such as excavators, backhoe loaders, and front-end loaders. Its main function is to enable the bucket to lift, lower, and tilt, making it easier to handle [&hellip;]<\/p>","protected":false},"featured_media":14789,"comment_status":"open","ping_status":"closed","template":"","meta":{"_et_pb_use_builder":"","_et_pb_old_content":"","_et_gb_content_width":""},"product_brand":[],"product_cat":[1494],"product_tag":[1495,1496],"class_list":{"0":"post-15867","1":"product","2":"type-product","3":"status-publish","4":"has-post-thumbnail","6":"product_cat-bucket-cylinders","7":"product_tag-bucket-cylinders","8":"product_tag-hydraulic-cylinders","10":"first","11":"instock","12":"shipping-taxable","13":"product-type-simple"},"amp_enabled":true,"_links":{"self":[{"href":"https:\/\/www.hydraulic-cylinders.net\/cs\/wp-json\/wp\/v2\/product\/15867","targetHints":{"allow":["GET"]}}],"collection":[{"href":"https:\/\/www.hydraulic-cylinders.net\/cs\/wp-json\/wp\/v2\/product"}],"about":[{"href":"https:\/\/www.hydraulic-cylinders.net\/cs\/wp-json\/wp\/v2\/types\/product"}],"replies":[{"embeddable":true,"href":"https:\/\/www.hydraulic-cylinders.net\/cs\/wp-json\/wp\/v2\/comments?post=15867"}],"wp:featuredmedia":[{"embeddable":true,"href":"https:\/\/www.hydraulic-cylinders.net\/cs\/wp-json\/wp\/v2\/media\/14789"}],"wp:attachment":[{"href":"https:\/\/www.hydraulic-cylinders.net\/cs\/wp-json\/wp\/v2\/media?parent=15867"}],"wp:term":[{"taxonomy":"product_brand","embeddable":true,"href":"https:\/\/www.hydraulic-cylinders.net\/cs\/wp-json\/wp\/v2\/product_brand?post=15867"},{"taxonomy":"product_cat","embeddable":true,"href":"https:\/\/www.hydraulic-cylinders.net\/cs\/wp-json\/wp\/v2\/product_cat?post=15867"},{"taxonomy":"product_tag","embeddable":true,"href":"https:\/\/www.hydraulic-cylinders.net\/cs\/wp-json\/wp\/v2\/product_tag?post=15867"}],"curies":[{"name":"wp","href":"https:\/\/api.w.org\/{rel}","templated":true}]}}