{"id":15874,"date":"2025-01-19T15:06:22","date_gmt":"2025-01-19T15:06:22","guid":{"rendered":"https:\/\/www.hydraulic-cylinders.net\/product\/bucket-cylinder-for-xinyuan-wheel-excavator-xy65w-7-8\/"},"modified":"2025-01-19T15:06:24","modified_gmt":"2025-01-19T15:06:24","slug":"bucket-cylinder-for-xinyuan-wheel-excavator-xy65w-7-8","status":"publish","type":"product","link":"https:\/\/www.hydraulic-cylinders.net\/cs\/produkt\/bucket-cylinder-for-xinyuan-wheel-excavator-xy65w-7-8\/","title":{"rendered":"V\u00e1lec kore\u010dkov\u00e9ho v\u00e1lce pro kolov\u00e9 rypadlo Xinyuan XY65W-7-8"},"content":{"rendered":"<h1>V\u00e1lec kore\u010dkov\u00e9ho v\u00e1lce pro kolov\u00e9 rypadlo Xinyuan XY65W-7-8<\/h1>\n<h2>Zaveden\u00ed<\/h2>\n<p>Hydraulick\u00fd v\u00e1lec l\u017e\u00edce je speci\u00e1ln\u011b navr\u017een\u00fd hydraulick\u00fd v\u00e1lec pou\u017e\u00edvan\u00fd p\u0159edev\u0161\u00edm v t\u011b\u017ek\u00fdch stroj\u00edch, jako jsou bagry, rypadla a \u010deln\u00ed naklada\u010de, k ovl\u00e1d\u00e1n\u00ed pohybu l\u017e\u00edce. Jeho hlavn\u00ed funkc\u00ed je umo\u017enit zved\u00e1n\u00ed, spou\u0161t\u011bn\u00ed a nakl\u00e1p\u011bn\u00ed l\u017e\u00edce, co\u017e usnad\u0148uje manipulaci s r\u016fzn\u00fdmi materi\u00e1ly. V hydraulick\u00fdch syst\u00e9mech v\u00e1lec l\u017e\u00edce \u0159\u00edd\u00ed p\u0159esn\u00fd pohyb l\u017e\u00edce zm\u011bnami tlaku hydraulick\u00e9ho oleje, co\u017e umo\u017e\u0148uje obsluze efektivn\u011b manipulovat s t\u011b\u017ek\u00fdmi b\u0159emeny a p\u0159izp\u016fsobovat se slo\u017eit\u00e9mu pracovn\u00edmu prost\u0159ed\u00ed a rozmanit\u00fdm po\u017eadavk\u016fm na pr\u00e1ci.<\/p>\n<p><img decoding=\"async\" src=\"https:\/\/www.hydraulic-cylinders.net\/wp-content\/uploads\/2025\/01\/songte-company-2.webp\" alt=\"Obr\u00e1zek v\u00e1lce kbel\u00edku\" \/><\/p>\n<h2>Vlastnosti produktu<\/h2>\n<ul>\n<li><strong>Vysok\u00e1 pevnost a trvanlivost:<\/strong> Kore\u010dkov\u00e9 v\u00e1lce, obvykle vyroben\u00e9 z vysokopevnostn\u00ed oceli nebo hlin\u00edku, odol\u00e1vaj\u00ed vysok\u00fdm tlak\u016fm a t\u011b\u017ek\u00fdm z\u00e1t\u011b\u017e\u00edm a jsou navr\u017eeny s ohledem na odolnost proti opot\u0159eben\u00ed a korozi, aby se prodlou\u017eila jejich \u017eivotnost.<\/li>\n<li><strong>Efektivn\u00ed hydraulick\u00fd provoz:<\/strong> V\u00e1lce kore\u010dk\u016f vyu\u017e\u00edvaj\u00ed hydraulick\u00fd tlak oleje k dosa\u017een\u00ed plynul\u00e9ho vysouv\u00e1n\u00ed a zasouv\u00e1n\u00ed, co\u017e umo\u017e\u0148uje rychlou reakci na \u0159\u00eddic\u00ed povely, poskytuje siln\u00e9 tla\u010dn\u00e9 a ta\u017en\u00e9 s\u00edly a je vhodn\u00e9 pro manipulaci s t\u011b\u017ek\u00fdmi b\u0159emeny a slo\u017eit\u00fdmi pracovn\u00edmi \u00fakoly.<\/li>\n<li><strong>R\u016fzn\u00e9 typy:<\/strong> Kore\u010dkov\u00e9 v\u00e1lce mohou b\u00fdt jedno\u010dinn\u00e9 (hydraulick\u00fd tlak pou\u017eit\u00fd pouze v jednom sm\u011bru) nebo dvoj\u010dinn\u00e9 (hydraulick\u00fd tlak pou\u017eit\u00fd v obou sm\u011brech) a lze je volit podle specifick\u00fdch provozn\u00edch po\u017eadavk\u016f. N\u011bkter\u00e9 modely jsou teleskopick\u00e9, co\u017e umo\u017e\u0148uje v\u011bt\u0161\u00ed v\u00fdsuv bez zv\u011bt\u0161en\u00ed vn\u011bj\u0161\u00edch rozm\u011br\u016f, a jsou vhodn\u00e9 pro aplikace s omezen\u00fdm prostorem.<\/li>\n<li><strong>V\u00fdm\u011bna st\u00e1vaj\u00edc\u00edch hydraulick\u00fdch v\u00e1lc\u016f:<\/strong> N\u00e1\u0161 produkt dok\u00e1\u017ee dokonale nahradit st\u00e1vaj\u00edc\u00ed hydraulick\u00e9 v\u00e1lce.<\/li>\n<li><strong>K dispozici pro r\u016fzn\u00e9 modely bagr\u016f:<\/strong> N\u00e1\u0161 produkt je kompatibiln\u00ed s r\u016fzn\u00fdmi modely bagr\u016f.<\/li>\n<\/ul>\n<p><img decoding=\"async\" src=\"https:\/\/www.hydraulic-cylinders.net\/wp-content\/uploads\/2025\/01\/songte-cylinder-head-with-all-kinds-excavator-models.webp\" alt=\"Obr\u00e1zek model\u016f bagr\u016f\" \/><\/p>\n<h2>Aplikace<\/h2>\n<h3>Stavebn\u00ed stroje<\/h3>\n<p>Kore\u010dkov\u00e9 v\u00e1lce jsou nezbytn\u00e9 pro rypadla, kter\u00e1 se pou\u017e\u00edvaj\u00ed k kop\u00e1n\u00ed, nakl\u00e1d\u00e1n\u00ed a p\u0159emis\u0165ov\u00e1n\u00ed zeminy nebo suti. U rypadlo-naklada\u010d\u016f pom\u00e1haj\u00ed kore\u010dkov\u00e9 v\u00e1lce p\u0159i v\u00fdkopov\u00fdch prac\u00edch a zved\u00e1n\u00ed. U \u010deln\u00edch naklada\u010d\u016f pom\u00e1haj\u00ed efektivn\u011b zvedat a vykl\u00e1dat zbo\u017e\u00ed.<\/p>\n<h3>Zem\u011bd\u011blsk\u00e9 stroje<\/h3>\n<p>Kore\u010dkov\u00e9 v\u00e1lce se pou\u017e\u00edvaj\u00ed v \u010deln\u00edch naklada\u010d\u00edch k nab\u00edr\u00e1n\u00ed, zved\u00e1n\u00ed a p\u0159eprav\u011b zeminy, sena a dal\u0161\u00edch materi\u00e1l\u016f. V bagrech umo\u017e\u0148uj\u00ed kore\u010dkov\u00e9 v\u00e1lce kop\u00e1n\u00ed t\u00edm, \u017ee umo\u017e\u0148uj\u00ed l\u017e\u00edci proniknout do p\u016fdy.<\/p>\n<h2>Konstruk\u010dn\u00ed aspekty a krit\u00e9ria v\u00fdb\u011bru<\/h2>\n<ul>\n<li><strong>Nosnost:<\/strong> Hydraulick\u00fd v\u00e1lec mus\u00ed b\u00fdt schopen odolat r\u016fzn\u00fdm zat\u00ed\u017een\u00edm a tlak\u016fm.<\/li>\n<li><strong>T\u011bsn\u011bn\u00ed:<\/strong> K prodlou\u017een\u00ed \u017eivotnosti v\u00e1lce lze pou\u017e\u00edt r\u016fzn\u00e9 t\u011bsnic\u00ed prvky, jako jsou t\u011bsn\u011bn\u00ed p\u00edst\u016f a t\u011bsn\u011bn\u00ed p\u00edstnic.<\/li>\n<li><strong>Trvanlivost:<\/strong> Hydraulick\u00fd v\u00e1lec by m\u011bl b\u00fdt navr\u017een tak, aby odolal opot\u0159eben\u00ed.<\/li>\n<li><strong>Bezpe\u010dnost:<\/strong> Hydraulick\u00fd v\u00e1lec by m\u011bl b\u00fdt navr\u017een tak, aby nep\u0159edstavoval \u017e\u00e1dn\u00e1 bezpe\u010dnostn\u00ed rizika.<\/li>\n<li><strong>\u00dadr\u017eba:<\/strong> Hydraulick\u00fd v\u00e1lec by m\u011bl b\u00fdt snadno udr\u017eovateln\u00fd a opravovateln\u00fd.<\/li>\n<\/ul>\n<p><img decoding=\"async\" src=\"https:\/\/www.hydraulic-cylinders.net\/wp-content\/uploads\/2025\/01\/songte-oil-pipes-and-spare-parts.webp\" alt=\"Obr\u00e1zek olejov\u00fdch trubek a n\u00e1hradn\u00edch d\u00edl\u016f\" \/><\/p>\n<h2>T\u011bsn\u011bn\u00ed a maz\u00e1n\u00ed<\/h2>\n<p>Pro prodlou\u017een\u00ed \u017eivotnosti hydraulick\u00e9ho v\u00e1lce lze pou\u017e\u00edt r\u016fzn\u00e9 t\u011bsnic\u00ed komponenty, jako jsou t\u011bsn\u011bn\u00ed p\u00edst\u016f a t\u011bsn\u011bn\u00ed p\u00edstnic. T\u011bsn\u011bn\u00ed mohou b\u00fdt vyrobena z materi\u00e1l\u016f odoln\u00fdch proti opot\u0159eben\u00ed, jako je polyuretan a nitrilov\u00e1 pry\u017e. T\u011bleso v\u00e1lce a z\u00e1vitov\u00e9 koncov\u00e9 plochy jsou nav\u00edc jemn\u011b opracov\u00e1ny pro zlep\u0161en\u00ed odolnosti proti opot\u0159eben\u00ed. Pro maz\u00e1n\u00ed je nutn\u00e9 pravideln\u011b dopl\u0148ovat odpov\u00eddaj\u00edc\u00ed mno\u017estv\u00ed hydraulick\u00e9ho oleje.<\/p>\n<h2>\u00dadr\u017eba a opravy<\/h2>\n<p>Pravideln\u00e1 kontrola, spr\u00e1vn\u00e9 maz\u00e1n\u00ed, v\u00fdm\u011bna t\u011bsn\u011bn\u00ed a kalibra\u010dn\u00ed kontroly pat\u0159\u00ed mezi b\u011b\u017en\u00e9 \u00fakony \u00fadr\u017eby. Spr\u00e1vn\u00e1 instalace, maz\u00e1n\u00ed a se\u0159\u00edzen\u00ed jsou z\u00e1sadn\u00ed pro dlouhou \u017eivotnost a v\u00fdkon v\u00e1lce. B\u011bhem instalace se doporu\u010duje v\u00e1lec spr\u00e1vn\u011b vyrovnat a k jeho upevn\u011bn\u00ed pou\u017e\u00edt vhodn\u00e9 mont\u00e1\u017en\u00ed konzoly. Doporu\u010den\u00e9 postupy kontroly, opravy a v\u00fdm\u011bny prodlou\u017e\u00ed \u017eivotnost v\u00e1lce.<\/p>\n<p><img decoding=\"async\" src=\"https:\/\/www.hydraulic-cylinders.net\/wp-content\/uploads\/2025\/01\/songte-chushion-collar.webp\" alt=\"Obr\u00e1zek obojku Chushion\" \/><\/p>\n<h2>Bezpe\u010dnostn\u00ed a environment\u00e1ln\u00ed aspekty<\/h2>\n<p>P\u0159i pou\u017e\u00edv\u00e1n\u00ed hydraulick\u00fdch v\u00e1lc\u016f jsou bezpe\u010dnostn\u00ed opat\u0159en\u00ed nanejv\u00fd\u0161 d\u016fle\u017eit\u00e1. Spr\u00e1vn\u00e9 pou\u017e\u00edv\u00e1n\u00ed a \u00fadr\u017eba hydraulick\u00fdch v\u00e1lc\u016f m\u016f\u017ee sn\u00ed\u017eit riziko nehod a pro sn\u00ed\u017een\u00ed zne\u010di\u0161t\u011bn\u00ed by se m\u011bla pou\u017e\u00edvat ekologick\u00e1 hydraulick\u00e1 kapalina.<\/p>\n<h2>Diagnostika a odstra\u0148ov\u00e1n\u00ed z\u00e1vad<\/h2>\n<p>Mezi b\u011b\u017en\u00e9 probl\u00e9my, kter\u00e9 se mohou vyskytnout u hydraulick\u00fdch v\u00e1lc\u016f, pat\u0159\u00ed \u00fanik oleje, oh\u00fdb\u00e1n\u00ed p\u00edstnice v\u00e1lce a nedostate\u010dn\u00e1 s\u00edla. Tyto probl\u00e9my lze diagnostikovat a vy\u0159e\u0161it pomoc\u00ed spr\u00e1vn\u00fdch technik odstra\u0148ov\u00e1n\u00ed probl\u00e9m\u016f a dodr\u017eov\u00e1n\u00edm doporu\u010den\u00fdch preventivn\u00edch opat\u0159en\u00ed.<\/p>\n<p><img decoding=\"async\" src=\"https:\/\/www.hydraulic-cylinders.net\/wp-content\/uploads\/2025\/01\/songte-bushings-with-all-kinds-of-excavator-models.webp\" alt=\"Obr\u00e1zek pouzder\" \/><\/p>\n<h2>O n\u00e1s<\/h2>\n<p>Jsme v\u00fdrobce hydraulick\u00fdch v\u00e1lc\u016f a nab\u00edz\u00edme \u0161irokou \u0161k\u00e1lu produkt\u016f v t\u00e9to oblasti. Na\u0161e spole\u010dnost je jedn\u00edm z p\u0159edn\u00edch v\u00fdrobc\u016f a velkoobchodn\u00edch distributor\u016f hydraulick\u00fdch v\u00e1lc\u016f na dom\u00e1c\u00edm i mezin\u00e1rodn\u00edm trhu. V na\u0161ich sofistikovan\u00fdch v\u00fdrobn\u00edch d\u00edln\u00e1ch se \u0159\u00edd\u00edme principy vynikaj\u00edc\u00ed kvality a spol\u00e9h\u00e1me na industrializovan\u00e9 strategie \u0159\u00edzen\u00ed v\u00fdroby. Neust\u00e1le vylep\u0161ujeme na\u0161i v\u00fdrobn\u00ed platformu, zdokonalujeme v\u00fdrobn\u00ed linky pro dosa\u017een\u00ed kvality produkt\u016f a disponujeme siln\u00fdmi tv\u016fr\u010d\u00edmi schopnostmi. D\u00edky princip\u016fm vysok\u00e9 efektivity, vysok\u00e9 p\u0159esnosti a vysok\u00e9 kvality jsme schopni uspokojit rozmanit\u00e9 pot\u0159eby na\u0161ich z\u00e1kazn\u00edk\u016f.<\/p>\n<ul>\n<li><strong>Profesionalita:<\/strong> Specializujeme se na v\u00fdrobu hydraulick\u00fdch v\u00e1lc\u016f.<\/li>\n<li><strong>Mezin\u00e1rodn\u00ed certifikace:<\/strong> Na\u0161e v\u00fdrobky z\u00edskaly mezin\u00e1rodn\u00ed certifikace, jako jsou ISO9001, CE a TUV.<\/li>\n<li><strong>Slu\u017eby p\u0159izp\u016fsoben\u00ed:<\/strong> Nab\u00edz\u00edme slu\u017eby na m\u00edru, abychom splnili specifick\u00e9 pot\u0159eby z\u00e1kazn\u00edk\u016f.<\/li>\n<li><strong>Pokro\u010dil\u00e9 v\u00fdrobn\u00ed za\u0159\u00edzen\u00ed:<\/strong> Disponujeme modern\u00edm v\u00fdrobn\u00edm vybaven\u00edm, v\u010detn\u011b CNC stroj\u016f a robotick\u00fdch sv\u00e1\u0159e\u010dek.<\/li>\n<li><strong>Poprodejn\u00ed servis:<\/strong> Poskytujeme vynikaj\u00edc\u00ed poprodejn\u00ed servis, abychom zajistili spokojenost z\u00e1kazn\u00edk\u016f.<\/li>\n<\/ul>\n<p><img decoding=\"async\" src=\"https:\/\/hzpt.com\/wp-content\/uploads\/2024\/11\/songte-company-1.webp\" alt=\"Image spole\u010dnosti\" \/><\/p>\n<p>Autor: lyl<\/p>","protected":false},"excerpt":{"rendered":"<p>Bucket Cylinder For Xinyuan Wheel Excavator XY65W-7-8 Introduction A bucket cylinder is a specially designed hydraulic cylinder used primarily in heavy machinery such as excavators, backhoes, and front loaders to control the movement of the bucket. Its main function is to allow the bucket to lift, lower, and tilt, making it easier to handle various [&hellip;]<\/p>","protected":false},"featured_media":14778,"comment_status":"open","ping_status":"closed","template":"","meta":{"_et_pb_use_builder":"","_et_pb_old_content":"","_et_gb_content_width":""},"product_brand":[],"product_cat":[1494],"product_tag":[1495,1496],"class_list":{"0":"post-15874","1":"product","2":"type-product","3":"status-publish","4":"has-post-thumbnail","6":"product_cat-bucket-cylinders","7":"product_tag-bucket-cylinders","8":"product_tag-hydraulic-cylinders","10":"first","11":"instock","12":"shipping-taxable","13":"product-type-simple"},"amp_enabled":true,"_links":{"self":[{"href":"https:\/\/www.hydraulic-cylinders.net\/cs\/wp-json\/wp\/v2\/product\/15874","targetHints":{"allow":["GET"]}}],"collection":[{"href":"https:\/\/www.hydraulic-cylinders.net\/cs\/wp-json\/wp\/v2\/product"}],"about":[{"href":"https:\/\/www.hydraulic-cylinders.net\/cs\/wp-json\/wp\/v2\/types\/product"}],"replies":[{"embeddable":true,"href":"https:\/\/www.hydraulic-cylinders.net\/cs\/wp-json\/wp\/v2\/comments?post=15874"}],"wp:featuredmedia":[{"embeddable":true,"href":"https:\/\/www.hydraulic-cylinders.net\/cs\/wp-json\/wp\/v2\/media\/14778"}],"wp:attachment":[{"href":"https:\/\/www.hydraulic-cylinders.net\/cs\/wp-json\/wp\/v2\/media?parent=15874"}],"wp:term":[{"taxonomy":"product_brand","embeddable":true,"href":"https:\/\/www.hydraulic-cylinders.net\/cs\/wp-json\/wp\/v2\/product_brand?post=15874"},{"taxonomy":"product_cat","embeddable":true,"href":"https:\/\/www.hydraulic-cylinders.net\/cs\/wp-json\/wp\/v2\/product_cat?post=15874"},{"taxonomy":"product_tag","embeddable":true,"href":"https:\/\/www.hydraulic-cylinders.net\/cs\/wp-json\/wp\/v2\/product_tag?post=15874"}],"curies":[{"name":"wp","href":"https:\/\/api.w.org\/{rel}","templated":true}]}}