{"id":15879,"date":"2025-01-19T15:06:43","date_gmt":"2025-01-19T15:06:43","guid":{"rendered":"https:\/\/www.hydraulic-cylinders.net\/product\/bucket-cylinder-for-volwa-small-excavator-dls818-9b\/"},"modified":"2025-01-19T15:06:47","modified_gmt":"2025-01-19T15:06:47","slug":"bucket-cylinder-for-volwa-small-excavator-dls818-9b","status":"publish","type":"product","link":"https:\/\/www.hydraulic-cylinders.net\/cs\/produkt\/bucket-cylinder-for-volwa-small-excavator-dls818-9b\/","title":{"rendered":"V\u00e1lec l\u017e\u00edce pro mal\u00e9 rypadlo Volvo DLS818-9B"},"content":{"rendered":"<h1>V\u00e1lec l\u017e\u00edce pro mal\u00e9 rypadlo Volvo DLS818-9B<\/h1>\n<h2>Zaveden\u00ed<\/h2>\n<h3>Definice<\/h3>\n<p>Hydraulick\u00fd v\u00e1lec kore\u010dk\u016f je speci\u00e1ln\u011b navr\u017een\u00fd hydraulick\u00fd v\u00e1lec pou\u017e\u00edvan\u00fd p\u0159edev\u0161\u00edm k ovl\u00e1d\u00e1n\u00ed pohybu kore\u010dk\u016f v t\u011b\u017ek\u00fdch stroj\u00edch, jako jsou bagry, rypadla-naklada\u010de a \u010deln\u00ed naklada\u010de. Jeho hlavn\u00ed funkc\u00ed je umo\u017enit zved\u00e1n\u00ed, spou\u0161t\u011bn\u00ed a nakl\u00e1p\u011bn\u00ed kore\u010dk\u016f, co\u017e usnad\u0148uje manipulaci s r\u016fzn\u00fdmi materi\u00e1ly. V hydraulick\u00e9m syst\u00e9mu vyu\u017e\u00edvaj\u00ed kore\u010dkov\u00e9 v\u00e1lce zm\u011bny tlaku hydraulick\u00e9ho oleje k dosa\u017een\u00ed p\u0159esn\u00e9ho ovl\u00e1d\u00e1n\u00ed kore\u010dk\u016f, co\u017e umo\u017e\u0148uje obsluze efektivn\u011b manipulovat s t\u011b\u017ek\u00fdmi materi\u00e1ly a p\u0159izp\u016fsobovat se slo\u017eit\u00fdm pracovn\u00edm prost\u0159ed\u00edm a rozmanit\u00fdm provozn\u00edm pot\u0159eb\u00e1m.<\/p>\n<p><img decoding=\"async\" src=\"https:\/\/www.hydraulic-cylinders.net\/wp-content\/uploads\/2025\/01\/songte-company-2.webp\"><\/p>\n<h2>Funkce<\/h2>\n<ul>\n<li>Vysok\u00e1 pevnost a trvanlivost: Obvykle jsou vyrobeny z vysokopevnostn\u00ed oceli nebo hlin\u00edku, odol\u00e1vaj\u00ed vysok\u00e9mu tlaku a t\u011b\u017ek\u00e9mu zat\u00ed\u017een\u00ed a p\u0159izp\u016fsobuj\u00ed se n\u00e1ro\u010dn\u00fdm pracovn\u00edm prost\u0159ed\u00edm. Konstrukce zohled\u0148uje odolnost proti opot\u0159eben\u00ed a korozi, co\u017e prodlu\u017euje \u017eivotnost.<\/li>\n<li>Efektivn\u00ed hydraulick\u00fd provoz: D\u00edky tlaku hydraulick\u00e9ho oleje k dosa\u017een\u00ed plynul\u00e9ho roztahov\u00e1n\u00ed a smr\u0161\u0165ov\u00e1n\u00ed dok\u00e1\u017ee rychle reagovat na \u0159\u00eddic\u00ed povely a poskytovat silnou tla\u010dnou a ta\u017enou s\u00edlu, vhodnou pro manipulaci s t\u011b\u017ek\u00fdmi materi\u00e1ly a slo\u017eit\u00e9 \u00fakoly.<\/li>\n<li>R\u016fzn\u00e9 typy: Podle pot\u0159eb a provozn\u00edch po\u017eadavk\u016f lze zvolit jedno\u010dinn\u00e9 (hydraulick\u00e9 pouze v jednom sm\u011bru) nebo dvoj\u010dinn\u00e9 (hydraulick\u00e9 ve dvou sm\u011brech). N\u011bkter\u00e9 modely jsou teleskopick\u00e9, co\u017e umo\u017e\u0148uje v\u011bt\u0161\u00ed vysunut\u00ed bez zv\u011bt\u0161en\u00ed vn\u011bj\u0161\u00edch rozm\u011br\u016f, a jsou vhodn\u00e9 pro aplikace s omezen\u00fdm prostorem.<\/li>\n<li>Dokonal\u00e1 n\u00e1hrada: Na\u0161e produkty dok\u00e1\u017e\u00ed tyto hydraulick\u00e9 v\u00e1lce dokonale nahradit.<\/li>\n<\/ul>\n<p><img decoding=\"async\" src=\"https:\/\/www.hydraulic-cylinders.net\/wp-content\/uploads\/2025\/01\/songte-cylinder-head-with-all-kinds-excavator-models.webp\"><\/p>\n<h2>Aplikace<\/h2>\n<p><strong>Stavebn\u00ed vybaven\u00ed:<\/strong> U bagr\u016f jsou nezbytn\u00e9 pro kop\u00e1n\u00ed, nakl\u00e1d\u00e1n\u00ed a p\u0159emis\u0165ov\u00e1n\u00ed zeminy nebo suti. U rypadlo-naklada\u010d\u016f pom\u00e1haj\u00ed kore\u010dkov\u00e9 v\u00e1lce jak p\u0159i v\u00fdkopu, tak p\u0159i zved\u00e1n\u00ed. U \u010deln\u00edch naklada\u010d\u016f pom\u00e1haj\u00ed se zved\u00e1n\u00edm a nakl\u00e1p\u011bn\u00edm pro efektivn\u00ed vykl\u00e1dku zbo\u017e\u00ed.<\/p>\n<p><strong>Zem\u011bd\u011blsk\u00e9 stroje:<\/strong> Pou\u017e\u00edvaj\u00ed se v \u010deln\u00edch naklada\u010d\u00edch k nab\u00edr\u00e1n\u00ed, zved\u00e1n\u00ed a p\u0159eprav\u011b zeminy, sena a dal\u0161\u00edch materi\u00e1l\u016f. V bagrech dosahuj\u00ed kore\u010dkov\u00e9 v\u00e1lce v\u00fdkopu t\u00edm, \u017ee umo\u017e\u0148uj\u00ed kore\u010dce proniknout do p\u016fdy. V naklada\u010d\u00edch pom\u00e1haj\u00ed se zved\u00e1n\u00edm a nakl\u00e1p\u011bn\u00edm pro efektivn\u00ed vysyp\u00e1v\u00e1n\u00ed zbo\u017e\u00ed.<\/p>\n<p><img decoding=\"async\" src=\"https:\/\/www.hydraulic-cylinders.net\/wp-content\/uploads\/2025\/01\/songte-bushings-with-all-kinds-of-excavator-models.webp\"><\/p>\n<h2>Konstruk\u010dn\u00ed aspekty a krit\u00e9ria v\u00fdb\u011bru<\/h2>\n<ul>\n<li>Nosnost: V\u00e1lec by m\u011bl b\u00fdt schopen un\u00e9st hmotnost manipulovan\u00e9ho materi\u00e1lu.<\/li>\n<li>T\u011bsn\u011bn\u00ed: M\u011bly by se pou\u017e\u00edvat r\u016fzn\u00e1 t\u011bsn\u011bn\u00ed, jako jsou p\u00edstn\u00ed t\u011bsn\u011bn\u00ed a t\u011bsn\u011bn\u00ed p\u00edstnice, a t\u011bsnic\u00ed materi\u00e1ly, jako je polyuretan a nitrilov\u00e1 pry\u017e, by se m\u011bly volit pro odolnost proti opot\u0159eben\u00ed.<\/li>\n<li>Trvanlivost: T\u011bleso v\u00e1lce a z\u00e1vitov\u00fd konec by m\u011bly b\u00fdt jemn\u011b opracov\u00e1ny, aby se zlep\u0161ila odolnost proti opot\u0159eben\u00ed.<\/li>\n<li>Bezpe\u010dnost: L\u00e1hev by m\u011bla m\u00edt bezpe\u010dnostn\u00ed opat\u0159en\u00ed, aby se zabr\u00e1nilo nehod\u00e1m zp\u016fsoben\u00fdm vysok\u00fdm tlakem nebo jin\u00fdmi faktory.<\/li>\n<li>\u00dadr\u017eba: V\u00e1lec by m\u011bl b\u00fdt snadno rozeb\u00edrateln\u00fd a m\u011bl by se snadno vym\u011b\u0148ovat a m\u011bl by se snadno udr\u017eovat a opravovat.<\/li>\n<\/ul>\n<p><img decoding=\"async\" src=\"https:\/\/www.hydraulic-cylinders.net\/wp-content\/uploads\/2025\/01\/songte-oil-pipes-and-spare-parts.webp\"><\/p>\n<h2>T\u011bsn\u011bn\u00ed a maz\u00e1n\u00ed<\/h2>\n<p>V kore\u010dkov\u00fdch v\u00e1lc\u00edch se pou\u017e\u00edvaj\u00ed r\u016fzn\u00e9 t\u011bsnic\u00ed prvky, jako jsou p\u00edstn\u00ed t\u011bsn\u011bn\u00ed a p\u00edstn\u00ed t\u011bsn\u011bn\u00ed. T\u011bsnic\u00ed materi\u00e1ly, jako je polyuretan a nitrilov\u00e1 pry\u017e, jsou vybr\u00e1ny pro odolnost proti opot\u0159eben\u00ed. T\u011bleso v\u00e1lce a z\u00e1vitov\u00fd konec jsou jemn\u011b opracov\u00e1ny pro zlep\u0161en\u00ed odolnosti proti opot\u0159eben\u00ed. Pro maz\u00e1n\u00ed v\u00e1lce je nutn\u00e9 pravideln\u011b p\u0159id\u00e1vat vhodn\u00fd hydraulick\u00fd olej.<\/p>\n<h2>Inspekce a preventivn\u00ed \u00fadr\u017eba<\/h2>\n<p>N\u00e1sleduj\u00ed t\u0159i b\u011b\u017en\u00e9 \u00fakoly \u00fadr\u017eby:<\/p>\n<ul>\n<li>Pravideln\u00e1 kontrola: Pravideln\u011b kontrolujte v\u00e1lec, zda nedoch\u00e1z\u00ed k \u00fanik\u016fm, neobvykl\u00fdm zvuk\u016fm a dal\u0161\u00edm probl\u00e9m\u016fm.<\/li>\n<li>Maz\u00e1n\u00ed: Pravideln\u011b promaz\u00e1vejte v\u00e1lec pro zaji\u0161t\u011bn\u00ed hladk\u00e9ho chodu.<\/li>\n<li>V\u00fdm\u011bna t\u011bsn\u011bn\u00ed a kontrola kalibrace: V p\u0159\u00edpad\u011b pot\u0159eby vym\u011b\u0148te opot\u0159ebovan\u00e1 t\u011bsn\u011bn\u00ed a zkontrolujte kalibraci.<\/li>\n<\/ul>\n<p>Spr\u00e1vn\u00e1 instalace, maz\u00e1n\u00ed a se\u0159\u00edzen\u00ed jsou nezbytn\u00e9. B\u011bhem instalace poskytn\u011bte \u0159\u00e1dn\u00e9 pokyny pro vyrovn\u00e1n\u00ed v\u00e1lce a pou\u017eijte vhodn\u00e9 mont\u00e1\u017en\u00ed konzoly k jeho upevn\u011bn\u00ed. Jsou zde uvedeny doporu\u010den\u00e9 postupy kontroly, opravy a v\u00fdm\u011bny a tak\u00e9 tipy pro prodlou\u017een\u00ed \u017eivotnosti v\u00e1lce.<\/p>\n<p><img decoding=\"async\" src=\"https:\/\/www.hydraulic-cylinders.net\/wp-content\/uploads\/2025\/01\/songte-chushion-collar.webp\"><\/p>\n<h2>Bezpe\u010dnostn\u00ed aspekty a faktory prost\u0159ed\u00ed<\/h2>\n<p>P\u0159i pou\u017e\u00edv\u00e1n\u00ed kore\u010dkov\u00fdch lahv\u00ed jsou nezbytn\u00e1 bezpe\u010dnostn\u00ed opat\u0159en\u00ed, aby se zabr\u00e1nilo nehod\u00e1m zp\u016fsoben\u00fdm vysok\u00fdm tlakem nebo jin\u00fdmi faktory. Je t\u0159eba zajistit, aby faktory prost\u0159ed\u00ed, jako je teplota a vlhkost, nep\u0159\u00edzniv\u011b neovlivnily v\u00fdkon lahve.<\/p>\n<h2>Odstra\u0148ov\u00e1n\u00ed probl\u00e9m\u016f a b\u011b\u017en\u00e9 probl\u00e9my<\/h2>\n<p>N\u00e1sleduje n\u011bkolik b\u011b\u017en\u00fdch probl\u00e9m\u016f a jejich \u0159e\u0161en\u00ed:<\/p>\n<ul>\n<li>\u00danik oleje: Zkontrolujte, zda nejsou po\u0161kozen\u00e1 t\u011bsn\u011bn\u00ed nebo povrchy v\u00e1lc\u016f.<\/li>\n<li>Hlu\u010dn\u00fd provoz: Zkontrolujte, zda nen\u00ed kapalina zne\u010di\u0161t\u011bna nebo zda nen\u00ed p\u00edst\/ty\u010d po\u0161kozena.<\/li>\n<li>Pomal\u00fd provoz: Zkontrolujte, zda nejsou po\u0161kozen\u00e1 t\u011bsn\u011bn\u00ed nebo zda nen\u00ed n\u00edzk\u00fd hydraulick\u00fd tlak.<\/li>\n<\/ul>\n<p>M\u011bla by b\u00fdt p\u0159ijata preventivn\u00ed opat\u0159en\u00ed, aby se minimalizovaly potenci\u00e1ln\u00ed probl\u00e9my.<\/p>\n<h2>O na\u0161\u00ed spole\u010dnosti<\/h2>\n<p>Jsme v\u00fdrobcem n\u00e1hradn\u00edch hydraulick\u00fdch v\u00e1lc\u016f s kompletn\u00ed nab\u00eddkou produkt\u016f a stali jsme se jedn\u00edm z p\u0159edn\u00edch v\u00fdrobc\u016f a velkoobchodn\u00edch distributor\u016f hydraulick\u00fdch v\u00e1lc\u016f na dom\u00e1c\u00edm i mezin\u00e1rodn\u00edm trhu. \u0158\u00edd\u00edme se principem vynikaj\u00edc\u00ed kvality, spol\u00e9h\u00e1me na strategie \u0159\u00edzen\u00ed pr\u016fmyslov\u00e9 v\u00fdroby s propracovan\u00fdmi v\u00fdrobn\u00edmi d\u00edlnami a neust\u00e1le vylep\u0161ujeme v\u00fdrobn\u00ed platformu d\u00edlny, zlep\u0161ujeme kvalitu v\u00fdroby produkt\u016f a m\u00e1me siln\u00e9 tv\u016fr\u010d\u00ed schopnosti. Spl\u0148ujeme rozmanit\u00e9 pot\u0159eby z\u00e1kazn\u00edk\u016f s vysokou efektivitou, vysokou p\u0159esnost\u00ed a vysokou kvalitou.<\/p>\n<p><img decoding=\"async\" src=\"https:\/\/hzpt.com\/wp-content\/uploads\/2024\/11\/songte-company-1.webp\"><\/p>\n<h3>Profesionalita<\/h3>\n<p>M\u00e1me profesion\u00e1ln\u00ed t\u00fdm s bohat\u00fdmi zku\u0161enostmi ve v\u00fdrob\u011b hydraulick\u00fdch v\u00e1lc\u016f.<\/p>\n<h3>Mezin\u00e1rodn\u00ed certifikace<\/h3>\n<p>Na\u0161e v\u00fdrobky pro\u0161ly mezin\u00e1rodn\u00edmi certifikacemi, jako jsou ISO9001, CE a TUV.<\/p>\n<h3>Slu\u017eba p\u0159izp\u016fsoben\u00ed<\/h3>\n<p>Poskytujeme slu\u017eby na m\u00edru, abychom splnili specifick\u00e9 pot\u0159eby z\u00e1kazn\u00edk\u016f.<\/p>\n<h3>V\u00fdrobn\u00ed za\u0159\u00edzen\u00ed<\/h3>\n<p>Pou\u017e\u00edv\u00e1me pokro\u010dil\u00e9 numerick\u00e9 \u0159\u00eddic\u00ed za\u0159\u00edzen\u00ed a testovac\u00ed syst\u00e9my k zaji\u0161t\u011bn\u00ed kvality na\u0161ich v\u00fdrobk\u016f.<\/p>\n<h3>Poprodejn\u00ed servis<\/h3>\n<p>Z\u00e1kazn\u00edk\u016fm poskytujeme komplexn\u00ed poprodejn\u00ed servis, v\u010detn\u011b \u00fadr\u017eby, oprav a v\u00fdm\u011bny.<\/p>\n<p>Autor: lyl<\/p>","protected":false},"excerpt":{"rendered":"<p>Bucket Cylinder For Volwa Small Excavator DLS818-9B Introduction Definition A bucket cylinder is a specially designed hydraulic cylinder used primarily for controlling the movement of buckets in heavy machinery such as excavators, backhoe loaders, and front-end loaders. Its main function is to enable the bucket to be lifted, lowered, and tilted, making it easy to [&hellip;]<\/p>","protected":false},"featured_media":14765,"comment_status":"open","ping_status":"closed","template":"","meta":{"_et_pb_use_builder":"","_et_pb_old_content":"","_et_gb_content_width":""},"product_brand":[],"product_cat":[1494],"product_tag":[1495,1496],"class_list":{"0":"post-15879","1":"product","2":"type-product","3":"status-publish","4":"has-post-thumbnail","6":"product_cat-bucket-cylinders","7":"product_tag-bucket-cylinders","8":"product_tag-hydraulic-cylinders","10":"first","11":"instock","12":"shipping-taxable","13":"product-type-simple"},"amp_enabled":true,"_links":{"self":[{"href":"https:\/\/www.hydraulic-cylinders.net\/cs\/wp-json\/wp\/v2\/product\/15879","targetHints":{"allow":["GET"]}}],"collection":[{"href":"https:\/\/www.hydraulic-cylinders.net\/cs\/wp-json\/wp\/v2\/product"}],"about":[{"href":"https:\/\/www.hydraulic-cylinders.net\/cs\/wp-json\/wp\/v2\/types\/product"}],"replies":[{"embeddable":true,"href":"https:\/\/www.hydraulic-cylinders.net\/cs\/wp-json\/wp\/v2\/comments?post=15879"}],"wp:featuredmedia":[{"embeddable":true,"href":"https:\/\/www.hydraulic-cylinders.net\/cs\/wp-json\/wp\/v2\/media\/14765"}],"wp:attachment":[{"href":"https:\/\/www.hydraulic-cylinders.net\/cs\/wp-json\/wp\/v2\/media?parent=15879"}],"wp:term":[{"taxonomy":"product_brand","embeddable":true,"href":"https:\/\/www.hydraulic-cylinders.net\/cs\/wp-json\/wp\/v2\/product_brand?post=15879"},{"taxonomy":"product_cat","embeddable":true,"href":"https:\/\/www.hydraulic-cylinders.net\/cs\/wp-json\/wp\/v2\/product_cat?post=15879"},{"taxonomy":"product_tag","embeddable":true,"href":"https:\/\/www.hydraulic-cylinders.net\/cs\/wp-json\/wp\/v2\/product_tag?post=15879"}],"curies":[{"name":"wp","href":"https:\/\/api.w.org\/{rel}","templated":true}]}}