{"id":15903,"date":"2025-01-19T15:08:36","date_gmt":"2025-01-19T15:08:36","guid":{"rendered":"https:\/\/www.hydraulic-cylinders.net\/product\/bucket-cylinder-for-volwa-cane-unloader-dls118-9a\/"},"modified":"2025-01-19T15:08:38","modified_gmt":"2025-01-19T15:08:38","slug":"bucket-cylinder-for-volwa-cane-unloader-dls118-9a","status":"publish","type":"product","link":"https:\/\/www.hydraulic-cylinders.net\/cs\/produkt\/bucket-cylinder-for-volwa-cane-unloader-dls118-9a\/","title":{"rendered":"V\u00e1lec kore\u010dkov\u00e9ho v\u00e1lce pro vyklada\u010d cukrov\u00e9 t\u0159tiny Volwa DLS118-9A"},"content":{"rendered":"<h1>V\u00e1lec kore\u010dkov\u00e9ho v\u00e1lce pro vyklada\u010d cukrov\u00e9 t\u0159tiny Volwa DLS118-9A<\/h1>\n<h2>Zaveden\u00ed<\/h2>\n<p>Hydraulick\u00fd v\u00e1lec kope\u010dku pro vyklada\u010d t\u0159tin Volwa DLS118-9A je typ specializovan\u00e9ho hydraulick\u00e9ho v\u00e1lce ur\u010den\u00e9ho p\u0159edev\u0161\u00edm k ovl\u00e1d\u00e1n\u00ed pohybu lopat v t\u011b\u017ek\u00fdch stroj\u00edch, jako jsou bagry, r\u00fdpadla-naklada\u010de a \u010deln\u00ed naklada\u010de. Jeho hlavn\u00ed funkc\u00ed je umo\u017enit zved\u00e1n\u00ed, spou\u0161t\u011bn\u00ed a nakl\u00e1p\u011bn\u00ed lopaty, co\u017e usnad\u0148uje manipulaci s r\u016fzn\u00fdmi materi\u00e1ly. V hydraulick\u00e9m syst\u00e9mu dosahuje v\u00e1lec kope\u010dku p\u0159esn\u00e9ho ovl\u00e1d\u00e1n\u00ed lopaty pomoc\u00ed kol\u00eds\u00e1n\u00ed tlaku hydraulick\u00e9ho oleje, co\u017e umo\u017e\u0148uje obsluze efektivn\u011b manipulovat s t\u011b\u017ek\u00fdmi b\u0159emeny a p\u0159izp\u016fsobovat se slo\u017eit\u00fdm pracovn\u00edm prost\u0159ed\u00edm a rozmanit\u00fdm provozn\u00edm po\u017eadavk\u016fm.<\/p>\n<p><img decoding=\"async\" src=\"https:\/\/www.hydraulic-cylinders.net\/wp-content\/uploads\/2025\/01\/songte-company-2.webp\" alt=\"Kbel\u00edkov\u00fd v\u00e1lec\" \/><\/p>\n<h2>Funkce<\/h2>\n<ul>\n<li>Vysok\u00e1 pevnost a trvanlivost: Obvykle jsou vyrobeny z vysokopevnostn\u00ed oceli nebo hlin\u00edku, schopn\u00e9 odolat vysok\u00e9mu tlaku a t\u011b\u017ek\u00e9mu zat\u00ed\u017een\u00ed, p\u0159izp\u016fsob\u00ed se n\u00e1ro\u010dn\u00fdm pracovn\u00edm prost\u0159ed\u00edm a jsou navr\u017eeny s ohledem na odolnost proti opot\u0159eben\u00ed a korozi pro prodlou\u017een\u00ed \u017eivotnosti.<\/li>\n<li>Efektivn\u00ed hydraulick\u00fd provoz: Vyu\u017eit\u00ed tlaku hydraulick\u00e9ho oleje k dosa\u017een\u00ed plynul\u00e9ho vysouv\u00e1n\u00ed a zasouv\u00e1n\u00ed, rychl\u00e1 reakce na ovl\u00e1dac\u00ed povely, zaji\u0161t\u011bn\u00ed siln\u00e9 tla\u010dn\u00e9 a ta\u017en\u00e9 s\u00edly, vhodn\u00e9 pro manipulaci s t\u011b\u017ek\u00fdmi b\u0159emeny a slo\u017eit\u00e9 provozn\u00ed \u00fakoly.<\/li>\n<li>R\u016fzn\u00e9 typy: Podle po\u017eadavk\u016f lze zvolit jedno\u010dinn\u00fd (hydraulika pou\u017e\u00edv\u00e1na pouze v jednom sm\u011bru) nebo dvoj\u010dinn\u00fd (hydraulika pou\u017e\u00edv\u00e1na v obou sm\u011brech) v\u00e1lec, aby bylo mo\u017en\u00e9 splnit r\u016fzn\u00e9 provozn\u00ed pot\u0159eby. N\u011bkter\u00e9 modely jsou teleskopick\u00e9, co\u017e umo\u017e\u0148uje v\u011bt\u0161\u00ed vysunut\u00ed bez zv\u011bt\u0161en\u00ed vn\u011bj\u0161\u00edch rozm\u011br\u016f, a jsou vhodn\u00e9 pro aplikace s omezen\u00fdm prostorem.<\/li>\n<li>Snadn\u00e1 v\u00fdm\u011bna: N\u00e1\u0161 produkt dok\u00e1\u017ee tyto hydraulick\u00e9 v\u00e1lce dokonale nahradit.<\/li>\n<\/ul>\n<p><img decoding=\"async\" src=\"https:\/\/www.hydraulic-cylinders.net\/wp-content\/uploads\/2025\/01\/songte-cylinder-head-with-all-kinds-excavator-models.webp\" alt=\"V\u00fdm\u011bna v\u00e1lce lopaty\" \/><\/p>\n<h2>Aplikace<\/h2>\n<p>Kore\u010dkov\u00fd v\u00e1lec pro vyklada\u010d cukrov\u00e9 t\u0159tiny Volwa DLS118-9A m\u00e1 \u0161irokou \u0161k\u00e1lu pou\u017eit\u00ed, v\u010detn\u011b:<\/p>\n<ul>\n<li>Stavebn\u00ed stroje: U bagr\u016f jsou nezbytn\u00e9 pro kop\u00e1n\u00ed, nakl\u00e1d\u00e1n\u00ed a p\u0159emis\u0165ov\u00e1n\u00ed zeminy nebo suti. U rypadel s r\u00fdpadly pom\u00e1haj\u00ed v\u00e1lce lopaty jak p\u0159i kop\u00e1n\u00ed, tak p\u0159i zved\u00e1n\u00ed. U \u010deln\u00edch naklada\u010d\u016f pom\u00e1haj\u00ed se zved\u00e1n\u00edm a nakl\u00e1p\u011bn\u00edm pro efektivn\u00ed nakl\u00e1d\u00e1n\u00ed a vykl\u00e1p\u011bn\u00ed zbo\u017e\u00ed.<\/li>\n<li>Zem\u011bd\u011blsk\u00e9 stroje: Pou\u017e\u00edvaj\u00ed se v \u010deln\u00edch naklada\u010d\u00edch k nab\u00edr\u00e1n\u00ed, zved\u00e1n\u00ed a p\u0159eprav\u011b p\u016fdy, sena a dal\u0161\u00edch materi\u00e1l\u016f. U bagr\u016f dosahuje v\u00e1lec lopaty v\u00fdkopu t\u00edm, \u017ee umo\u017e\u0148uje lopat\u011b proniknout do p\u016fdy. <\/li>\n<\/ul>\n<h2>Konstruk\u010dn\u00ed aspekty a krit\u00e9ria v\u00fdb\u011bru<\/h2>\n<p>P\u0159i navrhov\u00e1n\u00ed kore\u010dkov\u00fdch v\u00e1lc\u016f pat\u0159\u00ed mezi kl\u00ed\u010dov\u00e9 aspekty nosnost, t\u011bsn\u011bn\u00ed, trvanlivost, bezpe\u010dnost a \u00fadr\u017eba. <\/p>\n<ul>\n<li>Nosnost: V\u00e1lec mus\u00ed b\u00fdt schopen odolat o\u010dek\u00e1van\u00e9mu zat\u00ed\u017een\u00ed, kter\u00e9mu bude \u010delit, a z\u00e1rove\u0148 si zachovat svou struktur\u00e1ln\u00ed integritu.<\/li>\n<li>T\u011bsn\u011bn\u00ed: K zaji\u0161t\u011bn\u00ed bezprobl\u00e9mov\u00e9ho provozu a zabr\u00e1n\u011bn\u00ed kontaminaci hydraulick\u00e9 kapaliny se pou\u017e\u00edvaj\u00ed r\u016fzn\u00e9 t\u011bsnic\u00ed komponenty, jako jsou t\u011bsn\u011bn\u00ed p\u00edst\u016f, t\u011bsn\u011bn\u00ed p\u00edstnic atd., vyroben\u00e9 z materi\u00e1l\u016f odoln\u00fdch proti opot\u0159eben\u00ed, jako je polyuretan, nitrilov\u00e1 pry\u017e atd.<\/li>\n<li>Trvanlivost: V\u00e1lec mus\u00ed b\u00fdt navr\u017een tak, aby odolal drsn\u00fdm podm\u00ednk\u00e1m prost\u0159ed\u00ed, jako je teplo, chlad, vlhkost atd., aby se zabr\u00e1nilo korozi a prodlou\u017eila se jeho \u017eivotnost. <\/li>\n<li>Bezpe\u010dnost: V\u00e1lec mus\u00ed b\u00fdt vybaven bezpe\u010dnostn\u00edmi prvky, jako jsou p\u0159etlakov\u00e9 ventily, nouzov\u00e9 vyp\u00edna\u010de atd., aby se zabr\u00e1nilo nehod\u00e1m a byla zaji\u0161t\u011bna bezpe\u010dnost obsluhy a stroj\u016f. <\/li>\n<li>\u00dadr\u017eba: V\u00e1lec mus\u00ed b\u00fdt navr\u017een tak, aby umo\u017e\u0148oval snadnou \u00fadr\u017ebu a opravy, v\u010detn\u011b snadn\u00e9 demont\u00e1\u017ee, v\u00fdm\u011bny sou\u010d\u00e1st\u00ed a op\u011btovn\u00e9 mont\u00e1\u017ee. <\/li>\n<\/ul>\n<p><img decoding=\"async\" src=\"https:\/\/www.hydraulic-cylinders.net\/wp-content\/uploads\/2025\/01\/songte-oil-pipes-and-spare-parts.webp\" alt=\"N\u00e1hradn\u00ed d\u00edly\" \/><\/p>\n<h2>T\u011bsn\u011bn\u00ed a maz\u00e1n\u00ed<\/h2>\n<p>K zaji\u0161t\u011bn\u00ed bezprobl\u00e9mov\u00e9ho provozu a zabr\u00e1n\u011bn\u00ed kontaminace hydraulick\u00e9 kapaliny se pou\u017e\u00edvaj\u00ed r\u016fzn\u00e9 t\u011bsnic\u00ed komponenty, jako jsou t\u011bsn\u011bn\u00ed p\u00edst\u016f, t\u011bsn\u011bn\u00ed p\u00edstnic atd., vyroben\u00e9 z materi\u00e1l\u016f odoln\u00fdch proti opot\u0159eben\u00ed, jako je polyuretan, nitrilov\u00e1 pry\u017e atd. Pro zaji\u0161t\u011bn\u00ed plynul\u00e9ho provozu a prodlou\u017een\u00ed \u017eivotnosti v\u00e1lce je nutn\u00e9 pravideln\u00e9 maz\u00e1n\u00ed vhodn\u00fdm mno\u017estv\u00edm hydraulick\u00e9ho oleje. <\/p>\n<h2>\u00dadr\u017eba a preventivn\u00ed opat\u0159en\u00ed<\/h2>\n<p>Pravideln\u011b kontrolujte a udr\u017eujte v\u00e1lec ko\u0161\u00edku pro vykl\u00e1da\u010d cukrov\u00e9 t\u0159tiny Volwa DLS118-9A, abyste zajistili jeho optim\u00e1ln\u00ed v\u00fdkon a prodlou\u017eili jeho \u017eivotnost. Mezi b\u011b\u017en\u00e9 \u00fakony \u00fadr\u017eby pat\u0159\u00ed:<\/p>\n<ul>\n<li>Pravideln\u00e1 kontrola<\/li>\n<li>Spr\u00e1vn\u00e9 maz\u00e1n\u00ed<\/li>\n<li>V\u00fdm\u011bna t\u011bsn\u011bn\u00ed<\/li>\n<li>Kontrola kalibrace<\/li>\n<\/ul>\n<p>B\u011bhem instalace je nezbytn\u00e9 poskytnout spr\u00e1vn\u00e9 veden\u00ed pro vyrovn\u00e1n\u00ed v\u00e1lce, pou\u017e\u00edt vhodn\u00e9 mont\u00e1\u017en\u00ed konzole k jeho upevn\u011bn\u00ed a dodr\u017eovat doporu\u010den\u00e9 postupy kontroly, opravy a v\u00fdm\u011bny, aby byl zaji\u0161t\u011bn optim\u00e1ln\u00ed v\u00fdkon a dlouh\u00e1 \u017eivotnost. <\/p>\n<p><img decoding=\"async\" src=\"https:\/\/www.hydraulic-cylinders.net\/wp-content\/uploads\/2025\/01\/songte-chushion-collar.webp\" alt=\"Pol\u0161t\u00e1\u0159ov\u00fd l\u00edmec\" \/><\/p>\n<h2>Bezpe\u010dnostn\u00ed aspekty a faktory prost\u0159ed\u00ed<\/h2>\n<p>P\u0159i pou\u017e\u00edv\u00e1n\u00ed kore\u010dkov\u00e9ho v\u00e1lce pro vyklada\u010d cukrov\u00e9 t\u0159tiny Volwa DLS118-9A je nezbytn\u00e9 dodr\u017eovat bezpe\u010dnostn\u00ed opat\u0159en\u00ed, aby se p\u0159ede\u0161lo nehod\u00e1m, zajistila bezpe\u010dnost obsluhy a chr\u00e1nilo \u017eivotn\u00ed prost\u0159ed\u00ed. <\/p>\n<h2>Odstra\u0148ov\u00e1n\u00ed probl\u00e9m\u016f a b\u011b\u017en\u00e9 probl\u00e9my<\/h2>\n<p>Mezi b\u011b\u017en\u00e9 probl\u00e9my, kter\u00e9 mohou nastat p\u0159i pou\u017e\u00edv\u00e1n\u00ed kore\u010dkov\u00e9ho v\u00e1lce pro vyklada\u010d cukrov\u00e9 t\u0159tiny Volwa DLS118-9A, pat\u0159\u00ed net\u011bsnost, porucha a hluk. Pravideln\u00e1 \u00fadr\u017eba m\u016f\u017ee t\u011bmto probl\u00e9m\u016fm p\u0159edch\u00e1zet. Tipy pro \u0159e\u0161en\u00ed probl\u00e9m\u016f a jejich \u0159e\u0161en\u00ed jsou n\u00e1sleduj\u00edc\u00ed:<\/p>\n<ul>\n<li>Net\u011bsnost: Zkontrolujte, zda nejsou t\u011bsn\u011bn\u00ed po\u0161kozen\u00e1 nebo opot\u0159ebovan\u00e1, a vym\u011b\u0148te je. <\/li>\n<li>Porucha: Zkontrolujte, zda nejsou vnit\u0159n\u00ed sou\u010d\u00e1sti ucpan\u00e9, po\u0161kozen\u00e9 nebo opot\u0159ebovan\u00e9, a opravte je nebo vym\u011b\u0148te. <\/li>\n<li>Hluk: Zkontrolujte, zda nejsou uvoln\u011bn\u00e9 nebo po\u0161kozen\u00e9 sou\u010d\u00e1sti, a ut\u00e1hn\u011bte je nebo vym\u011b\u0148te. <\/li>\n<\/ul>\n<p><img decoding=\"async\" src=\"https:\/\/www.hydraulic-cylinders.net\/wp-content\/uploads\/2025\/01\/songte-bushings-with-all-kinds-of-excavator-models.webp\" alt=\"Pouzdra\" \/><\/p>\n<h2>O na\u0161\u00ed spole\u010dnosti<\/h2>\n<p>Jsme p\u0159edn\u00edm v\u00fdrobcem a velkoobchodn\u00edkem hydraulick\u00fdch v\u00e1lc\u016f na dom\u00e1c\u00edm i mezin\u00e1rodn\u00edm trhu a specializujeme se na v\u00fdm\u011bnu hydraulick\u00fdch v\u00e1lc\u016f. Na\u0161e produkty jsou k dispozici v \u0161irok\u00e9 \u0161k\u00e1le, aby spl\u0148ovaly r\u016fzn\u00e9 pot\u0159eby, a my se zav\u00e1zali dod\u00e1vat vysoce kvalitn\u00ed produkty s efektivn\u00ed, p\u0159esnou a \u0161pi\u010dkovou v\u00fdrobn\u00ed technologi\u00ed. Na\u0161e spole\u010dnost vyu\u017e\u00edv\u00e1 pokro\u010dil\u00e9 technologie a profesion\u00e1ln\u00ed talenty k poskytov\u00e1n\u00ed slu\u017eeb na m\u00edru, \u0161pi\u010dkov\u00e9 digit\u00e1ln\u00ed v\u00fdrobn\u00ed za\u0159\u00edzen\u00ed a profesion\u00e1ln\u00ed testovac\u00ed syst\u00e9m. Jsme odhodl\u00e1ni poskytovat na\u0161im z\u00e1kazn\u00edk\u016fm ty nejlep\u0161\u00ed produkty a slu\u017eby.<\/p>\n<p><img decoding=\"async\" src=\"https:\/\/hzpt.com\/wp-content\/uploads\/2024\/11\/songte-company-1.webp\" alt=\"Image spole\u010dnosti\" \/><\/p>\n<h3>Profesionalita:<\/h3>\n<p>M\u00e1me t\u00fdm vysoce kvalifikovan\u00fdch a zku\u0161en\u00fdch profesion\u00e1l\u016f, kte\u0159\u00ed se zav\u00e1zali poskytovat na\u0161im z\u00e1kazn\u00edk\u016fm ty nejlep\u0161\u00ed produkty a slu\u017eby.<\/p>\n<h3>Mezin\u00e1rodn\u00ed certifikace:<\/h3>\n<p>Na\u0161e v\u00fdrobky spl\u0148uj\u00ed mezin\u00e1rodn\u00ed standardy kvality a jsou certifikov\u00e1ny dle ISO 9001 a CE.<\/p>\n<h3>P\u0159izp\u016fsoben\u00ed:<\/h3>\n<p>Poskytujeme slu\u017eby na m\u00edru, abychom splnili specifick\u00e9 pot\u0159eby na\u0161ich z\u00e1kazn\u00edk\u016f.<\/p>\n<h3>V\u00fdrobn\u00ed za\u0159\u00edzen\u00ed:<\/h3>\n<p>Na\u0161e spole\u010dnost disponuje pokro\u010dil\u00fdm digit\u00e1ln\u00edm v\u00fdrobn\u00edm za\u0159\u00edzen\u00edm, v\u010detn\u011b CNC soustruh\u016f, fr\u00e9zek a dal\u0161\u00edho specializovan\u00e9ho vybaven\u00ed, kter\u00e9 zaji\u0161\u0165uje p\u0159esnost a kvalitu na\u0161ich v\u00fdrobk\u016f.<\/p>\n<h3>Poprodejn\u00ed servis:<\/h3>\n<p>Poskytujeme vynikaj\u00edc\u00ed poprodejn\u00ed servis, v\u010detn\u011b \u00fadr\u017eby produkt\u016f, oprav a v\u00fdm\u011bny, abychom zajistili spokojenost a v\u011brnost z\u00e1kazn\u00edk\u016f.<\/p>\n<footer>Autor: lyl<\/footer>","protected":false},"excerpt":{"rendered":"<p>Bucket Cylinder For Volwa Cane Unloader DLS118-9A Introduction The bucket cylinder for Volwa cane unloader DLS118-9A is a type of specialized hydraulic cylinder designed mainly to control the movement of shovels in heavy machinery such as excavators, backhoe excavators, and front-end loaders. Its main function is to enable the shovel to lift, lower, and tilt, [&hellip;]<\/p>","protected":false},"featured_media":14780,"comment_status":"open","ping_status":"closed","template":"","meta":{"_et_pb_use_builder":"","_et_pb_old_content":"","_et_gb_content_width":""},"product_brand":[],"product_cat":[1494],"product_tag":[1495,1496],"class_list":{"0":"post-15903","1":"product","2":"type-product","3":"status-publish","4":"has-post-thumbnail","6":"product_cat-bucket-cylinders","7":"product_tag-bucket-cylinders","8":"product_tag-hydraulic-cylinders","10":"first","11":"instock","12":"shipping-taxable","13":"product-type-simple"},"amp_enabled":true,"_links":{"self":[{"href":"https:\/\/www.hydraulic-cylinders.net\/cs\/wp-json\/wp\/v2\/product\/15903","targetHints":{"allow":["GET"]}}],"collection":[{"href":"https:\/\/www.hydraulic-cylinders.net\/cs\/wp-json\/wp\/v2\/product"}],"about":[{"href":"https:\/\/www.hydraulic-cylinders.net\/cs\/wp-json\/wp\/v2\/types\/product"}],"replies":[{"embeddable":true,"href":"https:\/\/www.hydraulic-cylinders.net\/cs\/wp-json\/wp\/v2\/comments?post=15903"}],"wp:featuredmedia":[{"embeddable":true,"href":"https:\/\/www.hydraulic-cylinders.net\/cs\/wp-json\/wp\/v2\/media\/14780"}],"wp:attachment":[{"href":"https:\/\/www.hydraulic-cylinders.net\/cs\/wp-json\/wp\/v2\/media?parent=15903"}],"wp:term":[{"taxonomy":"product_brand","embeddable":true,"href":"https:\/\/www.hydraulic-cylinders.net\/cs\/wp-json\/wp\/v2\/product_brand?post=15903"},{"taxonomy":"product_cat","embeddable":true,"href":"https:\/\/www.hydraulic-cylinders.net\/cs\/wp-json\/wp\/v2\/product_cat?post=15903"},{"taxonomy":"product_tag","embeddable":true,"href":"https:\/\/www.hydraulic-cylinders.net\/cs\/wp-json\/wp\/v2\/product_tag?post=15903"}],"curies":[{"name":"wp","href":"https:\/\/api.w.org\/{rel}","templated":true}]}}