{"id":15906,"date":"2025-01-19T15:08:48","date_gmt":"2025-01-19T15:08:48","guid":{"rendered":"https:\/\/www.hydraulic-cylinders.net\/product\/bucket-cylinder-for-wacker-e6003\/"},"modified":"2025-01-19T15:08:53","modified_gmt":"2025-01-19T15:08:53","slug":"bucket-cylinder-for-wacker-e6003","status":"publish","type":"product","link":"https:\/\/www.hydraulic-cylinders.net\/cs\/produkt\/bucket-cylinder-for-wacker-e6003\/","title":{"rendered":"V\u00e1lec l\u017e\u00edce pro Wacker E6003"},"content":{"rendered":"<h2>V\u00e1lec l\u017e\u00edce pro Wacker E6003<\/h2>\n<h3>Zaveden\u00ed<\/h3>\n<p>Hydraulick\u00fd v\u00e1lec l\u017e\u00edce pro Wacker E6003 je speci\u00e1ln\u011b navr\u017een\u00fd hydraulick\u00fd v\u00e1lec pou\u017e\u00edvan\u00fd p\u0159edev\u0161\u00edm k ovl\u00e1d\u00e1n\u00ed pohybu l\u017e\u00edce v t\u011b\u017ek\u00fdch stroj\u00edch, jako jsou bagry, rypadla-naklada\u010de a \u010deln\u00ed naklada\u010de. Jeho hlavn\u00ed funkc\u00ed je umo\u017enit pohyb l\u017e\u00edce nahoru, dol\u016f a nakl\u00e1p\u011bn\u00ed, co\u017e usnad\u0148uje p\u0159epravu r\u016fzn\u00fdch materi\u00e1l\u016f. V hydraulick\u00e9m syst\u00e9mu dosahuje v\u00e1lec l\u017e\u00edce p\u0159esn\u00e9ho ovl\u00e1d\u00e1n\u00ed l\u017e\u00edce zm\u011bnami tlaku hydraulick\u00e9ho oleje, co\u017e umo\u017e\u0148uje obsluze efektivn\u011b manipulovat s t\u011b\u017ek\u00fdmi b\u0159emeny, p\u0159izp\u016fsobovat se slo\u017eit\u00e9mu pracovn\u00edmu prost\u0159ed\u00ed a rozmanit\u00fdm provozn\u00edm po\u017eadavk\u016fm.<\/p>\n<div>\n  <img decoding=\"async\" src=\"https:\/\/www.hydraulic-cylinders.net\/wp-content\/uploads\/2025\/01\/songte-company-2.webp\" alt=\"V\u00e1lec l\u017e\u00edce pro Wacker E6003\">\n<\/div>\n<h3>Funkce<\/h3>\n<ul>\n<li><strong>Vysok\u00e1 pevnost a trvanlivost:<\/strong> Kore\u010dkov\u00fd v\u00e1lec, obvykle vyroben\u00fd z vysokopevnostn\u00ed oceli nebo hlin\u00edku, odol\u00e1 vysok\u00e9mu tlaku a velk\u00e9mu zat\u00ed\u017een\u00ed a z\u00e1rove\u0148 je navr\u017een s ohledem na odolnost proti opot\u0159eben\u00ed a korozi, co\u017e prodlu\u017euje jeho \u017eivotnost.<\/li>\n<li><strong>Efektivn\u00ed hydraulick\u00fd provoz:<\/strong> D\u00edky hydraulick\u00e9mu tlaku oleje k dosa\u017een\u00ed plynul\u00e9ho vysouv\u00e1n\u00ed a zasouv\u00e1n\u00ed v\u00e1lec l\u017e\u00edce rychle reaguje na \u0159\u00eddic\u00ed povely a poskytuje silnou tla\u010dnou a ta\u017enou s\u00edlu, vhodnou pro manipulaci s t\u011b\u017ek\u00fdmi p\u0159edm\u011bty a slo\u017eit\u00e9 \u00fakoly.<\/li>\n<li><strong>R\u016fzn\u00e9 typy:<\/strong> Kore\u010dkov\u00e9 v\u00e1lce lze vybrat jako jedno\u010dinn\u00e9 (hydraulika pou\u017e\u00edv\u00e1na pouze v jednom sm\u011bru) nebo dvoj\u010dinn\u00e9 (hydraulika pou\u017e\u00edv\u00e1na v obou sm\u011brech), a tak\u00e9 n\u011bkter\u00e9 modely, kter\u00e9 jsou teleskopick\u00e9, co\u017e umo\u017e\u0148uje v\u011bt\u0161\u00ed vysunut\u00ed bez zv\u011bt\u0161en\u00ed vn\u011bj\u0161\u00ed velikosti, vhodn\u00e9 pro aplikace s omezen\u00fdm prostorem.<\/li>\n<li><strong>Vym\u011bniteln\u00e9:<\/strong> Na\u0161e kore\u010dkov\u00e9 v\u00e1lce mohou tyto hydraulick\u00e9 v\u00e1lce dokonale nahradit.<\/li>\n<li><strong>P\u0159izp\u016fsobiteln\u00e9:<\/strong> Na\u0161e spole\u010dnost vyr\u00e1b\u00ed r\u016fzn\u00e9 velikosti a typy kore\u010dkov\u00fdch v\u00e1lc\u016f dle po\u017eadavk\u016f z\u00e1kazn\u00edka.<\/li>\n<\/ul>\n<div>\n  <img decoding=\"async\" src=\"https:\/\/www.hydraulic-cylinders.net\/wp-content\/uploads\/2025\/01\/songte-cylinder-head-with-all-kinds-excavator-models.webp\" alt=\"V\u00e1lec l\u017e\u00edce pro Wacker E6003\">\n<\/div>\n<h3>Aplikace<\/h3>\n<p>Kore\u010dkov\u00fd v\u00e1lec se \u0161iroce pou\u017e\u00edv\u00e1 v r\u016fzn\u00fdch pr\u016fmyslov\u00fdch odv\u011btv\u00edch a stroj\u00edch, jako nap\u0159\u00edklad:<\/p>\n<ul>\n<li><strong>Stavebn\u00ed vybaven\u00ed:<\/strong> U bagr\u016f jsou kl\u00ed\u010dov\u00e9 pro kop\u00e1n\u00ed, nakl\u00e1d\u00e1n\u00ed a p\u0159emis\u0165ov\u00e1n\u00ed zeminy nebo suti. U rypadlo-naklada\u010d\u016f pom\u00e1h\u00e1 v\u00e1lec l\u017e\u00edce p\u0159i kop\u00e1n\u00ed a zved\u00e1n\u00ed.<\/li>\n<li><strong>Zem\u011bd\u011blsk\u00e9 stroje:<\/strong> Pou\u017e\u00edv\u00e1 se v \u010deln\u00edch naklada\u010d\u00edch pro nab\u00edr\u00e1n\u00ed, zved\u00e1n\u00ed a p\u0159epravu zeminy, sena a dal\u0161\u00edch materi\u00e1l\u016f.<\/li>\n<li><strong>Bagry:<\/strong> V\u00e1lec l\u017e\u00edce umo\u017e\u0148uje kop\u00e1n\u00ed t\u00edm, \u017ee umo\u017e\u0148uje l\u017e\u00edci proniknout do p\u016fdy.<\/li>\n<li><strong>Naklada\u010de:<\/strong> U \u010deln\u00edch naklada\u010d\u016f pom\u00e1haj\u00ed efektivn\u011b zvedat a skl\u00e1p\u011bt b\u0159emena.<\/li>\n<\/ul>\n<h3>Konstruk\u010dn\u00ed aspekty a krit\u00e9ria v\u00fdb\u011bru<\/h3>\n<p>Kore\u010dkov\u00e9 v\u00e1lce jsou navr\u017eeny s ohledem na r\u016fzn\u00e9 faktory, jako nap\u0159\u00edklad:<\/p>\n<ul>\n<li><strong>Nosnost:<\/strong> V\u00e1lec by m\u011bl b\u00fdt schopen un\u00e9st hmotnost n\u00e1kladu.<\/li>\n<li><strong>T\u011bsn\u011bn\u00ed:<\/strong> T\u011bsn\u011bn\u00ed je z\u00e1sadn\u00ed pro zabr\u00e1n\u011bn\u00ed \u00faniku hydraulick\u00e9ho oleje a tak\u00e9 pro ochranu v\u00e1lce p\u0159ed kontaminac\u00ed.<\/li>\n<li><strong>Trvanlivost:<\/strong> V\u00e1lec by m\u011bl b\u00fdt vyroben z vysoce kvalitn\u00edch materi\u00e1l\u016f, kter\u00e9 odol\u00e1vaj\u00ed n\u00e1ro\u010dn\u00fdm podm\u00ednk\u00e1m a maj\u00ed dlouhou \u017eivotnost.<\/li>\n<li><strong>Bezpe\u010dnost:<\/strong> Sou\u010d\u00e1st\u00ed n\u00e1vrhu by m\u011bly b\u00fdt bezpe\u010dnostn\u00ed prvky, aby se p\u0159ede\u0161lo nehod\u00e1m a zran\u011bn\u00edm.<\/li>\n<li><strong>\u00dadr\u017eba:<\/strong> V\u00e1lec by m\u011bl b\u00fdt snadno udr\u017eovateln\u00fd a opravovateln\u00fd, aby se minimalizovaly prostoje.<\/li>\n<\/ul>\n<div>\n  <img decoding=\"async\" src=\"https:\/\/www.hydraulic-cylinders.net\/wp-content\/uploads\/2025\/01\/songte-oil-pipes-and-spare-parts.webp\" alt=\"V\u00e1lec l\u017e\u00edce pro Wacker E6003\">\n<\/div>\n<h3>T\u011bsn\u011bn\u00ed a maz\u00e1n\u00ed<\/h3>\n<p>Kore\u010dkov\u00e9 v\u00e1lce pou\u017e\u00edvaj\u00ed r\u016fzn\u00e1 t\u011bsn\u011bn\u00ed, jako jsou p\u00edstn\u00ed t\u011bsn\u011bn\u00ed, t\u011bsn\u011bn\u00ed p\u00edstnice a st\u00edrac\u00ed t\u011bsn\u011bn\u00ed, vyroben\u00e1 z materi\u00e1l\u016f odoln\u00fdch proti opot\u0159eben\u00ed, jako je polyuretan a nitrilov\u00e1 pry\u017e. T\u011bleso v\u00e1lce a povrch z\u00e1vitov\u00e9ho konce jsou jemn\u011b opracov\u00e1ny pro zlep\u0161en\u00ed odolnosti proti opot\u0159eben\u00ed. Pravideln\u00e1 \u00fadr\u017eba a spr\u00e1vn\u00e9 maz\u00e1n\u00ed jsou nezbytn\u00e9 pro zaji\u0161t\u011bn\u00ed dlouh\u00e9 \u017eivotnosti a v\u00fdkonu v\u00e1lce.<\/p>\n<h3>\u00dadr\u017eba a opravy<\/h3>\n<p>Pravideln\u00e1 kontrola, spr\u00e1vn\u00e9 maz\u00e1n\u00ed, v\u00fdm\u011bna t\u011bsn\u011bn\u00ed a kalibra\u010dn\u00ed kontroly pat\u0159\u00ed k b\u011b\u017en\u00fdm \u00fakon\u016fm \u00fadr\u017eby kore\u010dkov\u00fdch v\u00e1lc\u016f. Spr\u00e1vn\u00e1 instalace a vyrovn\u00e1n\u00ed v\u00e1lce jsou z\u00e1sadn\u00ed a k zaji\u0161t\u011bn\u00ed v\u00e1lce by m\u011bly b\u00fdt pou\u017eity vhodn\u00e9 mont\u00e1\u017en\u00ed konzole. Pro optim\u00e1ln\u00ed pou\u017e\u00edv\u00e1n\u00ed a dlouhou \u017eivotnost kore\u010dkov\u00e9ho v\u00e1lce by m\u011bly b\u00fdt dodr\u017eov\u00e1ny doporu\u010den\u00e9 postupy kontroly, opravy a v\u00fdm\u011bny.<\/p>\n<div>\n  <img decoding=\"async\" src=\"https:\/\/www.hydraulic-cylinders.net\/wp-content\/uploads\/2025\/01\/songte-chushion-collar.webp\" alt=\"V\u00e1lec l\u017e\u00edce pro Wacker E6003\">\n<\/div>\n<h3>Bezpe\u010dnostn\u00ed a environment\u00e1ln\u00ed aspekty<\/h3>\n<p>P\u0159i pou\u017e\u00edv\u00e1n\u00ed kore\u010dkov\u00fdch v\u00e1lc\u016f jsou z\u00e1sadn\u00ed bezpe\u010dnostn\u00ed opat\u0159en\u00ed. Obsluha by m\u011bla dodr\u017eovat p\u0159\u00edslu\u0161n\u00e9 bezpe\u010dnostn\u00ed pokyny a pou\u017e\u00edvat vhodn\u00e9 osobn\u00ed ochrann\u00e9 prost\u0159edky. Je t\u0159eba zohlednit i aspekty ochrany \u017eivotn\u00edho prost\u0159ed\u00ed, jako je pou\u017e\u00edv\u00e1n\u00ed ekologick\u00e9ho hydraulick\u00e9ho oleje a spr\u00e1vn\u00e1 likvidace pou\u017eit\u00e9ho oleje.<\/p>\n<h3>Diagnostika a odstra\u0148ov\u00e1n\u00ed z\u00e1vad<\/h3>\n<p>Mezi b\u011b\u017en\u00e9 probl\u00e9my s kore\u010dkov\u00fdmi v\u00e1lci pat\u0159\u00ed net\u011bsnosti, \u0161patn\u00fd v\u00fdkon a po\u0161kozen\u00ed v\u00e1lce. M\u011bly by b\u00fdt poskytnuty tipy a \u0159e\u0161en\u00ed probl\u00e9m\u016f, kter\u00e9 \u010dten\u00e1\u0159\u016fm pomohou diagnostikovat a efektivn\u011b \u0159e\u0161it probl\u00e9my. M\u011bla by b\u00fdt tak\u00e9 navr\u017eena preventivn\u00ed opat\u0159en\u00ed k minimalizaci potenci\u00e1ln\u00edch probl\u00e9m\u016f.<\/p>\n<div>\n  <img decoding=\"async\" src=\"https:\/\/www.hydraulic-cylinders.net\/wp-content\/uploads\/2025\/01\/songte-bushings-with-all-kinds-of-excavator-models.webp\" alt=\"V\u00e1lec l\u017e\u00edce pro Wacker E6003\">\n<\/div>\n<h3>O na\u0161\u00ed spole\u010dnosti<\/h3>\n<p>Jsme v\u00fdrobcem n\u00e1hradn\u00edch hydraulick\u00fdch v\u00e1lc\u016f s kompletn\u00ed nab\u00eddkou produkt\u016f a st\u00e1v\u00e1me se jedn\u00edm z p\u0159edn\u00edch v\u00fdrobc\u016f a velkoobchodn\u00edch distributor\u016f hydraulick\u00fdch v\u00e1lc\u016f na dom\u00e1c\u00edm i zahrani\u010dn\u00edm trhu. \u0158\u00edd\u00edme se principem vynikaj\u00edc\u00ed kvality a spol\u00e9h\u00e1me se na strategii \u0159\u00edzen\u00ed pr\u016fmyslov\u00e9 v\u00fdroby v r\u00e1mci jemn\u00e9 v\u00fdrobn\u00ed d\u00edlny. Na\u0161e spole\u010dnost neust\u00e1le vylep\u0161uje v\u00fdrobn\u00ed platformu d\u00edlny, zdokonaluje v\u00fdrobn\u00ed postupy pro zaji\u0161t\u011bn\u00ed kvality produkt\u016f a m\u00e1 siln\u00e9 tv\u016fr\u010d\u00ed schopnosti uspokojovat rozmanit\u00e9 pot\u0159eby z\u00e1kazn\u00edk\u016f s vysokou efektivitou, vysokou p\u0159esnost\u00ed a vysokou kvalitou. <\/p>\n<p>Na\u0161e spole\u010dnost nab\u00edz\u00ed profesion\u00e1ln\u00ed slu\u017eby od mezin\u00e1rodn\u00edch certifikac\u00ed a\u017e po zak\u00e1zkov\u00e9 slu\u017eby, modern\u00ed v\u00fdrobn\u00ed za\u0159\u00edzen\u00ed a poprodejn\u00ed servis.<\/p>\n<div>\n  <img decoding=\"async\" src=\"https:\/\/hzpt.com\/wp-content\/uploads\/2024\/11\/songte-company-1.webp\" alt=\"V\u00e1lec l\u017e\u00edce pro Wacker E6003\">\n<\/div>\n<p>Autor: lyl.<\/p>","protected":false},"excerpt":{"rendered":"<p>Bucket Cylinder For Wacker E6003 Introduction A bucket cylinder for Wacker E6003 is a specially designed hydraulic cylinder used primarily to control the movement of the bucket in heavy machinery such as excavators, backhoe loaders, and front loaders. Its main function is to allow the bucket to move up, down, and tilt, making it easy [&hellip;]<\/p>","protected":false},"featured_media":14773,"comment_status":"open","ping_status":"closed","template":"","meta":{"_et_pb_use_builder":"","_et_pb_old_content":"","_et_gb_content_width":""},"product_brand":[],"product_cat":[1494],"product_tag":[1495,1496],"class_list":{"0":"post-15906","1":"product","2":"type-product","3":"status-publish","4":"has-post-thumbnail","6":"product_cat-bucket-cylinders","7":"product_tag-bucket-cylinders","8":"product_tag-hydraulic-cylinders","10":"first","11":"instock","12":"shipping-taxable","13":"product-type-simple"},"amp_enabled":true,"_links":{"self":[{"href":"https:\/\/www.hydraulic-cylinders.net\/cs\/wp-json\/wp\/v2\/product\/15906","targetHints":{"allow":["GET"]}}],"collection":[{"href":"https:\/\/www.hydraulic-cylinders.net\/cs\/wp-json\/wp\/v2\/product"}],"about":[{"href":"https:\/\/www.hydraulic-cylinders.net\/cs\/wp-json\/wp\/v2\/types\/product"}],"replies":[{"embeddable":true,"href":"https:\/\/www.hydraulic-cylinders.net\/cs\/wp-json\/wp\/v2\/comments?post=15906"}],"wp:featuredmedia":[{"embeddable":true,"href":"https:\/\/www.hydraulic-cylinders.net\/cs\/wp-json\/wp\/v2\/media\/14773"}],"wp:attachment":[{"href":"https:\/\/www.hydraulic-cylinders.net\/cs\/wp-json\/wp\/v2\/media?parent=15906"}],"wp:term":[{"taxonomy":"product_brand","embeddable":true,"href":"https:\/\/www.hydraulic-cylinders.net\/cs\/wp-json\/wp\/v2\/product_brand?post=15906"},{"taxonomy":"product_cat","embeddable":true,"href":"https:\/\/www.hydraulic-cylinders.net\/cs\/wp-json\/wp\/v2\/product_cat?post=15906"},{"taxonomy":"product_tag","embeddable":true,"href":"https:\/\/www.hydraulic-cylinders.net\/cs\/wp-json\/wp\/v2\/product_tag?post=15906"}],"curies":[{"name":"wp","href":"https:\/\/api.w.org\/{rel}","templated":true}]}}