{"id":15912,"date":"2025-01-19T15:09:22","date_gmt":"2025-01-19T15:09:22","guid":{"rendered":"https:\/\/www.hydraulic-cylinders.net\/product\/bucket-cylinder-for-aotai-at60e-9\/"},"modified":"2025-01-19T15:09:24","modified_gmt":"2025-01-19T15:09:24","slug":"bucket-cylinder-for-aotai-at60e-9","status":"publish","type":"product","link":"https:\/\/www.hydraulic-cylinders.net\/cs\/produkt\/bucket-cylinder-for-aotai-at60e-9\/","title":{"rendered":"V\u00e1lec kope\u010dku pro Aotai AT60E-9"},"content":{"rendered":"<h1>V\u00e1lec kore\u010dkov\u00e9ho v\u00e1lce pro Aotai AT60E-9<\/h1>\n<h2>Zaveden\u00ed<\/h2>\n<p>A bucket cylinder is a specialized hydraulic cylinder designed for controlling the motion of the bucket in heavy machinery such as excavators, backhoe loaders, and front-end loaders. Its main function is to enable the bucket to lift, lower, and tilt, making it easier to carry out various material handling tasks. The bucket cylinder achieves precise control of the bucket&#8217;s movements by using changes in hydraulic oil pressure in the hydraulic system, enabling operators to handle heavy loads efficiently and adapt to complex working environments and diverse job requirements.<\/p>\n<p><img decoding=\"async\" src=\"https:\/\/www.hydraulic-cylinders.net\/wp-content\/uploads\/2025\/01\/songte-company-2.webp\" alt=\"Obr\u00e1zek v\u00e1lce kope\u010dku pro Aotai AT60E-9\"><\/p>\n<h2>Funkce<\/h2>\n<ul>\n<li>\n<h3>Vysok\u00e1 pevnost a trvanlivost<\/h3>\n<p>Kore\u010dkov\u00fd v\u00e1lec, obvykle vyroben\u00fd z vysokopevnostn\u00ed oceli nebo hlin\u00edku, odol\u00e1 vysok\u00e9mu tlaku a velk\u00e9mu zat\u00ed\u017een\u00ed, a p\u0159izp\u016fsob\u00ed se tak n\u00e1ro\u010dn\u00e9mu pracovn\u00edmu prost\u0159ed\u00ed. Jeho konstrukce zohled\u0148uje odolnost proti opot\u0159eben\u00ed a korozi, co\u017e prodlu\u017euje jeho \u017eivotnost.<\/p>\n<\/li>\n<li>\n<h3>Efektivn\u00ed hydraulick\u00fd provoz<\/h3>\n<p>D\u00edky hydraulick\u00e9mu tlaku oleje k dosa\u017een\u00ed plynul\u00e9ho vysouv\u00e1n\u00ed a smr\u0161\u0165ov\u00e1n\u00ed m\u016f\u017ee v\u00e1lec l\u017e\u00edce rychle reagovat na provozn\u00ed povely a poskytovat siln\u00e9 tla\u010dn\u00e9 a ta\u017en\u00e9 s\u00edly vhodn\u00e9 pro manipulaci s t\u011b\u017ek\u00fdmi b\u0159emeny a slo\u017eit\u00e9 pracovn\u00ed \u00fakoly.<\/p>\n<\/li>\n<li>\n<h3>R\u016fznorod\u00e9 typy<\/h3>\n<p>V\u00e1lec kore\u010dkov\u00e9ho v\u00e1lce m\u016f\u017ee b\u00fdt jedno\u010dinn\u00fd (s hydraulick\u00fdm pohonem pouze v jednom sm\u011bru) nebo dvoj\u010dinn\u00fd (s hydraulick\u00fdm pohonem v obou sm\u011brech) v z\u00e1vislosti na provozn\u00edch po\u017eadavc\u00edch. N\u011bkter\u00e9 modely jsou teleskopick\u00e9, co\u017e umo\u017e\u0148uje v\u011bt\u0161\u00ed vysunut\u00ed bez zv\u011bt\u0161en\u00ed vn\u011bj\u0161\u00edch rozm\u011br\u016f, a proto jsou vhodn\u00e9 pro aplikace s omezen\u00fdm prostorem.<\/p>\n<\/li>\n<li>\n<h3>M\u016f\u017ee b\u00fdt vyrobeno na\u0161\u00ed spole\u010dnost\u00ed<\/h3>\n<p>N\u00e1\u0161 produkt dok\u00e1\u017ee tyto hydraulick\u00e9 v\u00e1lce dokonale nahradit.<\/p>\n<\/li>\n<\/ul>\n<p><img decoding=\"async\" src=\"https:\/\/www.hydraulic-cylinders.net\/wp-content\/uploads\/2025\/01\/songte-cylinder-head-with-all-kinds-excavator-models.webp\" alt=\"Aotai AT60E-9\"><\/p>\n<h2>Aplikace<\/h2>\n<p>Kore\u010dkov\u00fd v\u00e1lec nach\u00e1z\u00ed rozmanit\u00e9 uplatn\u011bn\u00ed, nap\u0159\u00edklad:<\/p>\n<ul>\n<li>\n<h3>Stavebn\u00ed stroje<\/h3>\n<p>U bagr\u016f jsou nezbytn\u00e9 pro kop\u00e1n\u00ed, nakl\u00e1d\u00e1n\u00ed a p\u0159emis\u0165ov\u00e1n\u00ed zeminy nebo suti. U rypadlo-naklada\u010d\u016f pom\u00e1h\u00e1 v\u00e1lec l\u017e\u00edce jak p\u0159i kop\u00e1n\u00ed, tak p\u0159i zved\u00e1n\u00ed. <\/p>\n<\/li>\n<li>\n<h3>Zem\u011bd\u011blsk\u00e9 stroje<\/h3>\n<p>Pou\u017e\u00edvaj\u00ed se v \u010deln\u00edch naklada\u010d\u00edch k nab\u00edr\u00e1n\u00ed, zved\u00e1n\u00ed a p\u0159eprav\u011b zeminy, sena a dal\u0161\u00edch materi\u00e1l\u016f. U bagr\u016f umo\u017e\u0148uje v\u00e1lec l\u017e\u00edce zar\u00fdv\u00e1n\u00ed do p\u016fdy. U \u010deln\u00edch naklada\u010d\u016f pom\u00e1haj\u00ed efektivn\u011b zvedat a vykl\u00e1dat n\u00e1klad.<\/p>\n<\/li>\n<\/ul>\n<h2>Konstruk\u010dn\u00ed aspekty a krit\u00e9ria v\u00fdb\u011bru<\/h2>\n<p>Mezi kl\u00ed\u010dov\u00e9 body pro diskusi pat\u0159\u00ed: Konstrukce kore\u010dkov\u00fdch v\u00e1lc\u016f zahrnuje nosnost, t\u011bsn\u011bn\u00ed, trvanlivost, bezpe\u010dnost a \u00fadr\u017ebu.<\/p>\n<ul>\n<li>\n<h3>Nosnost<\/h3>\n<p>V\u00e1lec kore\u010dkov\u00e9ho v\u00e1lce mus\u00ed b\u00fdt schopen odolat hmotnosti manipulovan\u00e9ho materi\u00e1lu a sil\u00e1m vyv\u00edjen\u00fdm b\u011bhem jeho provozu.<\/p>\n<\/li>\n<li>\n<h3>T\u011bsn\u011bn\u00ed<\/h3>\n<p>K zabr\u00e1n\u011bn\u00ed \u00faniku hydraulick\u00e9 kapaliny se pou\u017e\u00edvaj\u00ed r\u016fzn\u00e9 typy t\u011bsn\u011bn\u00ed, jako jsou t\u011bsn\u011bn\u00ed p\u00edst\u016f a t\u011bsn\u011bn\u00ed p\u00edstnic, kter\u00e9 mus\u00ed odol\u00e1vat vysok\u00e9 teplot\u011b a tlaku.<\/p>\n<\/li>\n<li>\n<h3>Trvanlivost<\/h3>\n<p>V\u00e1lec kore\u010dkov\u00e9ho v\u00e1lce mus\u00ed b\u00fdt navr\u017een tak, aby odolal n\u00e1ro\u010dn\u00fdm pracovn\u00edm podm\u00ednk\u00e1m a opot\u0159eben\u00ed v pr\u016fb\u011bhu \u010dasu.<\/p>\n<\/li>\n<li>\n<h3>Bezpe\u010dnost<\/h3>\n<p>Kore\u010dkov\u00fd v\u00e1lec mus\u00ed b\u00fdt navr\u017een a instalov\u00e1n tak, aby se minimalizovalo riziko nehod, jako jsou net\u011bsnosti nebo selh\u00e1n\u00ed lahve.<\/p>\n<\/li>\n<li>\n<h3>Udr\u017eovatelnost<\/h3>\n<p>The bucket cylinder must be designed to facilitate maintenance and repair, including ease of access to seals and the cylinder&#8217;s interior.<\/p>\n<\/li>\n<\/ul>\n<p><img decoding=\"async\" src=\"https:\/\/www.hydraulic-cylinders.net\/wp-content\/uploads\/2025\/01\/songte-oil-pipes-and-spare-parts.webp\" alt=\"N\u00e1hradn\u00ed d\u00edly Aotai AT60E-9\"><\/p>\n<h2>T\u011bsn\u011bn\u00ed a maz\u00e1n\u00ed pro kore\u010dkov\u00fd v\u00e1lec<\/h2>\n<p>T\u011bsn\u011bn\u00ed a maz\u00e1n\u00ed v\u00e1lce lopaty jsou nezbytn\u00e9 pro zaji\u0161t\u011bn\u00ed jeho dlouh\u00e9 \u017eivotnosti. Doporu\u010duj\u00ed se n\u00e1sleduj\u00edc\u00ed postupy:<\/p>\n<ul>\n<li>\n<h3>Pou\u017eit\u00ed odoln\u00fdch t\u011bsn\u011bn\u00ed<\/h3>\n<p>T\u011bsn\u011bn\u00ed, jako jsou t\u011bsn\u011bn\u00ed p\u00edst\u016f a t\u011bsn\u011bn\u00ed p\u00edstnic, by m\u011bla b\u00fdt vyrobena z materi\u00e1l\u016f odoln\u00fdch proti opot\u0159eben\u00ed, jako je polyuretan a nitrilov\u00e1 pry\u017e.<\/p>\n<\/li>\n<li>\n<h3>Jemn\u00e1 povrchov\u00e1 \u00faprava<\/h3>\n<p>Povrch v\u00e1lce a z\u00e1vitu by m\u011bl b\u00fdt jemn\u011b opracov\u00e1n, aby se zlep\u0161ila odolnost proti opot\u0159eben\u00ed.<\/p>\n<\/li>\n<li>\n<h3>Pravideln\u00e9 maz\u00e1n\u00ed<\/h3>\n<p>V\u00e1lec l\u017e\u00edce by m\u011bl b\u00fdt v pravideln\u00fdch intervalech maz\u00e1n odpov\u00eddaj\u00edc\u00edm mno\u017estv\u00edm hydraulick\u00e9ho oleje.<\/p>\n<\/li>\n<\/ul>\n<h2>\u00dadr\u017eba a opravy<\/h2>\n<p>Regular inspection and preventive maintenance measures are essential for maintaining the bucket cylinder&#8217;s reliability and prolonging its service life. Common maintenance tasks include:<\/p>\n<ul>\n<li>\n<h3>Pravideln\u00e9 kontroly<\/h3>\n<p>Periodic checks should be performed to assess the bucket cylinder&#8217;s condition and detect any signs of damage or wear.<\/p>\n<\/li>\n<li>\n<h3>Spr\u00e1vn\u00e9 maz\u00e1n\u00ed<\/h3>\n<p>V\u00e1lec lopaty by m\u011bl b\u00fdt \u0159\u00e1dn\u011b maz\u00e1n, aby byl zaji\u0161t\u011bn jeho hladk\u00fd chod.<\/p>\n<\/li>\n<li>\n<h3>V\u00fdm\u011bna t\u011bsn\u011bn\u00ed<\/h3>\n<p>Opot\u0159ebovan\u00e1 t\u011bsn\u011bn\u00ed by m\u011bla b\u00fdt co nejd\u0159\u00edve vym\u011bn\u011bna, aby se zabr\u00e1nilo \u00faniku hydraulick\u00e9 kapaliny a zajistil se spr\u00e1vn\u00fd provoz.<\/p>\n<\/li>\n<li>\n<h3>Kontrola zarovn\u00e1n\u00ed<\/h3>\n<p>Spr\u00e1vn\u00e9 vyrovn\u00e1n\u00ed v\u00e1lce je nezbytn\u00e9 pro jeho efektivn\u00ed provoz. Pro upevn\u011bn\u00ed v\u00e1lce na m\u00edst\u011b se doporu\u010duje pou\u017e\u00edt vhodn\u00e9 mont\u00e1\u017en\u00ed podp\u011bry.<\/p>\n<\/li>\n<li>\n<h3>Slu\u017eby v\u00fdm\u011bny a renovace d\u00edl\u016f<\/h3>\n<p>Replacement parts and rebuilding services are available to enhance the bucket cylinder&#8217;s longevity and performance.<\/p>\n<\/li>\n<\/ul>\n<p><img decoding=\"async\" src=\"https:\/\/www.hydraulic-cylinders.net\/wp-content\/uploads\/2025\/01\/songte-chushion-collar.webp\" alt=\"V\u00e1lec s kope\u010dkem pro pol\u0161t\u00e1\u0159ov\u00fd l\u00edmec Aotai AT60E-9\"><\/p>\n<h2>Bezpe\u010dnostn\u00ed aspekty a faktory prost\u0159ed\u00ed<\/h2>\n<p>Safety measures are crucial when working with hydraulic cylinders to prevent accidents and ensure the safety of operators and bystanders. Environmental factors such as high temperatures, humidity, and corrosion can also affect the bucket cylinder&#8217;s performance and life span.<\/p>\n<h2>Odstra\u0148ov\u00e1n\u00ed probl\u00e9m\u016f a b\u011b\u017en\u00e9 probl\u00e9my<\/h2>\n<p>N\u00e1sleduje n\u011bkolik b\u011b\u017en\u00fdch probl\u00e9m\u016f s v\u00e1lcem kore\u010dk\u016f a mo\u017en\u00e1 \u0159e\u0161en\u00ed:<\/p>\n<ul>\n<li>\n<h3>\u00danik<\/h3>\n<p>\u00danik hydraulick\u00e9 kapaliny je b\u011b\u017en\u00fdm probl\u00e9mem s v\u00e1lci kore\u010dk\u016f a m\u016f\u017ee b\u00fdt zp\u016fsoben po\u0161kozen\u00fdmi t\u011bsn\u011bn\u00edmi, \u0161patn\u011b vyrovnan\u00fdmi sou\u010d\u00e1stmi nebo opot\u0159ebovan\u00fdmi d\u00edly. \u0158e\u0161en\u00edm je okam\u017eit\u00e1 v\u00fdm\u011bna vadn\u00fdch sou\u010d\u00e1st\u00ed.<\/p>\n<\/li>\n<li>\n<h3>Nedostatek energie<\/h3>\n<p>Pokud v\u00e1lec l\u017e\u00edce neposkytuje dostate\u010dn\u00fd v\u00fdkon, m\u016f\u017ee to b\u00fdt zp\u016fsobeno n\u00edzk\u00fdm tlakem hydraulick\u00e9 kapaliny nebo vadn\u00fdm hydraulick\u00fdm \u010derpadlem. \u0158e\u0161en\u00edm je kontrola a se\u0159\u00edzen\u00ed hydraulick\u00e9ho tlaku a v p\u0159\u00edpad\u011b pot\u0159eby v\u00fdm\u011bna hydraulick\u00e9ho \u010derpadla.<\/p>\n<\/li>\n<li>\n<h3>Zaseknut\u00fd v\u00e1lec<\/h3>\n<p>Pokud je v\u00e1lec kore\u010dkov\u00e9ho v\u00e1lce zaseknut\u00fd v jedn\u00e9 poloze, m\u016f\u017ee to b\u00fdt zp\u016fsobeno po\u0161kozen\u00fdm p\u00edstem nebo ty\u010d\u00ed nebo nespr\u00e1vn\u011b vyrovnan\u00fdm komponentem. \u0158e\u0161en\u00edm je vym\u011bnit vadn\u00e9 komponenty a spr\u00e1vn\u011b vyrovnat v\u00e1lec.<\/p>\n<\/li>\n<\/ul>\n<p><img decoding=\"async\" src=\"https:\/\/www.hydraulic-cylinders.net\/wp-content\/uploads\/2025\/01\/songte-bushings-with-all-kinds-of-excavator-models.webp\" alt=\"Kore\u010dkov\u00fd v\u00e1lec pro pouzdra Aotai AT60E-9\"><\/p>\n<h2>O na\u0161\u00ed spole\u010dnosti<\/h2>\n<p>Jsme v\u00fdrobcem n\u00e1hradn\u00edch hydraulick\u00fdch v\u00e1lc\u016f s kompletn\u00edm sortimentem a st\u00e1v\u00e1me se jedn\u00edm z p\u0159edn\u00edch v\u00fdrobc\u016f a velkoobchodn\u00edch distributor\u016f hydraulick\u00fdch v\u00e1lc\u016f na dom\u00e1c\u00edm i mezin\u00e1rodn\u00edm trhu. \u0158\u00edd\u00edme se principem vynikaj\u00edc\u00ed kvality a spol\u00e9h\u00e1me na industrializovan\u00e9 strategie \u0159\u00edzen\u00ed v\u00fdroby v precizn\u011b zpracovan\u00fdch v\u00fdrobn\u00edch d\u00edln\u00e1ch. D\u00edky vyu\u017eit\u00ed technologick\u00fdch talent\u016f, \u0161pi\u010dkov\u00e9ho digit\u00e1ln\u00edho v\u00fdrobn\u00edho za\u0159\u00edzen\u00ed a profesion\u00e1ln\u00edch testovac\u00edch syst\u00e9m\u016f neust\u00e1le vylep\u0161ujeme v\u00fdrobn\u00ed platformu pro d\u00edlny, zlep\u0161ujeme v\u00fdrobn\u00ed postupy pro zaji\u0161t\u011bn\u00ed kvality produkt\u016f a m\u00e1me silnou tv\u016fr\u010d\u00ed schopnost uspokojovat po\u017eadavky z\u00e1kazn\u00edk\u016f s vysokou efektivitou, p\u0159esnost\u00ed a kvalitou.<\/p>\n<ul>\n<li>\n<h3>Profesionalita<\/h3>\n<p>Na\u0161e spole\u010dnost m\u00e1 siln\u00fd technick\u00fd t\u00fdm, modern\u00ed v\u00fdrobn\u00ed za\u0159\u00edzen\u00ed a profesion\u00e1ln\u00ed testovac\u00ed syst\u00e9my, kter\u00e9 zaji\u0161\u0165uj\u00ed kvalitu na\u0161ich produkt\u016f.<\/p>\n<\/li>\n<li>\n<h3>Mezin\u00e1rodn\u00ed certifikace<\/h3>\n<p>Na\u0161e v\u00fdrobky pro\u0161ly r\u016fzn\u00fdmi mezin\u00e1rodn\u00edmi certifikacemi, jako jsou ISO9001:2015, SGS a CE.<\/p>\n<\/li>\n<li>\n<h3>Slu\u017eby p\u0159izp\u016fsoben\u00ed<\/h3>\n<p>Poskytujeme slu\u017eby na m\u00edru dle po\u017eadavk\u016f z\u00e1kazn\u00edka, abychom splnili jeho rozmanit\u00e9 pot\u0159eby.<\/p>\n<\/li>\n<li>\n<h3>V\u00fdrobn\u00ed za\u0159\u00edzen\u00ed<\/h3>\n<p>Pou\u017e\u00edv\u00e1me modern\u00ed v\u00fdrobn\u00ed za\u0159\u00edzen\u00ed, jako jsou automatick\u00e9 sv\u00e1\u0159e\u010dky, CNC obr\u00e1b\u011bc\u00ed centra a p\u0159esn\u00e9 brusky, ke zlep\u0161en\u00ed kvality v\u00fdrobk\u016f a efektivity v\u00fdroby.<\/p>\n<\/li>\n<li>\n<h3>Poprodejn\u00ed slu\u017eby<\/h3>\n<p>Poskytujeme komplexn\u00ed poprodejn\u00ed servis, v\u010detn\u011b technick\u00e9 podpory, z\u00e1ruky a oprav, abychom zajistili spokojenost z\u00e1kazn\u00edk\u016f.<\/p>\n<\/li>\n<\/ul>\n<p><img decoding=\"async\" src=\"https:\/\/hzpt.com\/wp-content\/uploads\/2024\/11\/songte-company-1.webp\" alt=\"Kore\u010dkov\u00fd v\u00e1lec pro spole\u010dnost Aotai AT60E-9\"><\/p>\n<p>Autor: lyl.<\/p>","protected":false},"excerpt":{"rendered":"<p>Bucket Cylinder for Aotai AT60E-9 Introduction A bucket cylinder is a specialized hydraulic cylinder designed for controlling the motion of the bucket in heavy machinery such as excavators, backhoe loaders, and front-end loaders. Its main function is to enable the bucket to lift, lower, and tilt, making it easier to carry out various material handling [&hellip;]<\/p>","protected":false},"featured_media":14789,"comment_status":"open","ping_status":"closed","template":"","meta":{"_et_pb_use_builder":"","_et_pb_old_content":"","_et_gb_content_width":""},"product_brand":[],"product_cat":[1494],"product_tag":[1495,1496],"class_list":{"0":"post-15912","1":"product","2":"type-product","3":"status-publish","4":"has-post-thumbnail","6":"product_cat-bucket-cylinders","7":"product_tag-bucket-cylinders","8":"product_tag-hydraulic-cylinders","10":"first","11":"instock","12":"shipping-taxable","13":"product-type-simple"},"amp_enabled":true,"_links":{"self":[{"href":"https:\/\/www.hydraulic-cylinders.net\/cs\/wp-json\/wp\/v2\/product\/15912","targetHints":{"allow":["GET"]}}],"collection":[{"href":"https:\/\/www.hydraulic-cylinders.net\/cs\/wp-json\/wp\/v2\/product"}],"about":[{"href":"https:\/\/www.hydraulic-cylinders.net\/cs\/wp-json\/wp\/v2\/types\/product"}],"replies":[{"embeddable":true,"href":"https:\/\/www.hydraulic-cylinders.net\/cs\/wp-json\/wp\/v2\/comments?post=15912"}],"wp:featuredmedia":[{"embeddable":true,"href":"https:\/\/www.hydraulic-cylinders.net\/cs\/wp-json\/wp\/v2\/media\/14789"}],"wp:attachment":[{"href":"https:\/\/www.hydraulic-cylinders.net\/cs\/wp-json\/wp\/v2\/media?parent=15912"}],"wp:term":[{"taxonomy":"product_brand","embeddable":true,"href":"https:\/\/www.hydraulic-cylinders.net\/cs\/wp-json\/wp\/v2\/product_brand?post=15912"},{"taxonomy":"product_cat","embeddable":true,"href":"https:\/\/www.hydraulic-cylinders.net\/cs\/wp-json\/wp\/v2\/product_cat?post=15912"},{"taxonomy":"product_tag","embeddable":true,"href":"https:\/\/www.hydraulic-cylinders.net\/cs\/wp-json\/wp\/v2\/product_tag?post=15912"}],"curies":[{"name":"wp","href":"https:\/\/api.w.org\/{rel}","templated":true}]}}