{"id":15930,"date":"2025-01-19T15:10:49","date_gmt":"2025-01-19T15:10:49","guid":{"rendered":"https:\/\/www.hydraulic-cylinders.net\/product\/bucket-cylinder-for-bonny-ced750-8\/"},"modified":"2025-01-19T15:10:51","modified_gmt":"2025-01-19T15:10:51","slug":"bucket-cylinder-for-bonny-ced750-8","status":"publish","type":"product","link":"https:\/\/www.hydraulic-cylinders.net\/cs\/produkt\/bucket-cylinder-for-bonny-ced750-8\/","title":{"rendered":"V\u00e1lec kope\u010dku pro Bonny CED750-8"},"content":{"rendered":"<p><!DOCTYPE html><br \/>\n<html><br \/>\n<head><br \/>\n<title>V\u00e1lec kope\u010dku pro Bonny CED750-8<\/title><br \/>\n<\/head><br \/>\n<body><\/p>\n<h1>V\u00e1lec kope\u010dku pro Bonny CED750-8<\/h1>\n<h2>Zaveden\u00ed<\/h2>\n<p>Hydraulick\u00fd v\u00e1lec l\u017e\u00edce pro Bonny CED750-8 je speci\u00e1ln\u011b navr\u017een\u00fd hydraulick\u00fd v\u00e1lec pou\u017e\u00edvan\u00fd k ovl\u00e1d\u00e1n\u00ed pohybu l\u017e\u00edce v t\u011b\u017ek\u00fdch stroj\u00edch, jako jsou rypadla, r\u00fdpadlo-naklada\u010de a \u010deln\u00ed naklada\u010de. Jeho hlavn\u00ed funkc\u00ed je umo\u017enit zved\u00e1n\u00ed, spou\u0161t\u011bn\u00ed a nakl\u00e1p\u011bn\u00ed l\u017e\u00edce, co\u017e ji usnad\u0148uje p\u0159i r\u016fzn\u00fdch \u00fakonech manipulace s materi\u00e1lem. V hydraulick\u00e9m syst\u00e9mu dosahuje v\u00e1lec l\u017e\u00edce p\u0159esn\u00e9ho ovl\u00e1d\u00e1n\u00ed l\u017e\u00edce vyu\u017eit\u00edm zm\u011bn tlaku hydraulick\u00e9ho oleje, co\u017e umo\u017e\u0148uje obsluze efektivn\u011b manipulovat s t\u011b\u017ek\u00fdmi b\u0159emeny a p\u0159izp\u016fsobovat se slo\u017eit\u00fdm pracovn\u00edm prost\u0159ed\u00edm a rozmanit\u00fdm po\u017eadavk\u016fm na pr\u00e1ci.<\/p>\n<p><img decoding=\"async\" src=\"https:\/\/www.hydraulic-cylinders.net\/wp-content\/uploads\/2025\/01\/songte-company-2.webp\" alt=\"Obr\u00e1zek v\u00e1lce kbel\u00edku\"><\/p>\n<h2>Funkce<\/h2>\n<ul>\n<li><strong>Vysok\u00e1 pevnost a trvanlivost:<\/strong> Kore\u010dkov\u00fd v\u00e1lec je obvykle vyroben z vysokopevnostn\u00ed oceli nebo hlin\u00edku, je schopen odolat vysok\u00e9mu tlaku a velk\u00e9mu zat\u00ed\u017een\u00ed a p\u0159izp\u016fsobit se n\u00e1ro\u010dn\u00fdm pracovn\u00edm prost\u0159ed\u00edm. Konstrukce zohled\u0148uje odolnost proti opot\u0159eben\u00ed a korozi pro prodlou\u017een\u00ed \u017eivotnosti.<\/li>\n<li><strong>Efektivn\u00ed hydraulick\u00fd provoz:<\/strong> Vyu\u017eit\u00edm tlaku hydraulick\u00e9ho oleje dosahuje v\u00e1lec l\u017e\u00edce plynul\u00e9ho vysouv\u00e1n\u00ed a zasouv\u00e1n\u00ed, co\u017e umo\u017e\u0148uje rychlou odezvu na ovl\u00e1dac\u00ed povely a nab\u00edz\u00ed siln\u00e9 tla\u010dn\u00e9 a ta\u017en\u00e9 s\u00edly, vhodn\u00e9 pro manipulaci s t\u011b\u017ek\u00fdmi b\u0159emeny a slo\u017eit\u00e9 pracovn\u00ed \u00fakoly.<\/li>\n<li><strong>R\u016fzn\u00e9 typy:<\/strong> V\u00e1lec kope\u010dku lze volit jako jedno\u010dinn\u00fd (hydraulicky ovl\u00e1dan\u00fd pouze v jednom sm\u011bru) nebo dvoj\u010dinn\u00fd (hydraulicky ovl\u00e1dan\u00fd v obou sm\u011brech) dle specifick\u00fdch provozn\u00edch po\u017eadavk\u016f. N\u011bkter\u00e9 modely jsou teleskopick\u00e9, co\u017e umo\u017e\u0148uje v\u011bt\u0161\u00ed vysunut\u00ed bez zv\u011bt\u0161en\u00ed vn\u011bj\u0161\u00edch rozm\u011br\u016f, a proto jsou vhodn\u00e9 pro aplikace s omezen\u00fdm prostorem.<\/li>\n<li><strong>Dokonal\u00e1 n\u00e1hrada:<\/strong> Na\u0161e produkty dok\u00e1\u017e\u00ed dokonale nahradit st\u00e1vaj\u00edc\u00ed hydraulick\u00e9 v\u00e1lce. Nab\u00edz\u00edme \u0161irokou \u0161k\u00e1lu model\u016f v\u00e1lc\u016f, kter\u00e9 spl\u0148uj\u00ed rozmanit\u00e9 pot\u0159eby.<\/li>\n<\/ul>\n<p><img decoding=\"async\" src=\"https:\/\/www.hydraulic-cylinders.net\/wp-content\/uploads\/2025\/01\/songte-cylinder-head-with-all-kinds-excavator-models.webp\" alt=\"V\u00fdm\u011bna v\u00e1lce lopaty\"><\/p>\n<h2>Aplikace<\/h2>\n<ul>\n<li><strong>Stavebn\u00ed vybaven\u00ed:<\/strong> V\u00e1lce kore\u010dk\u016f jsou u bagr\u016f nezbytn\u00e9 pro kop\u00e1n\u00ed, nakl\u00e1d\u00e1n\u00ed a p\u0159emis\u0165ov\u00e1n\u00ed zeminy nebo suti. U rypadlo-naklada\u010d\u016f v\u00e1lec kore\u010dk\u016f pom\u00e1h\u00e1 jak p\u0159i kop\u00e1n\u00ed, tak p\u0159i zved\u00e1n\u00ed.<\/li>\n<li><strong>Zem\u011bd\u011blsk\u00e9 stroje:<\/strong> Pou\u017e\u00edv\u00e1 se v \u010deln\u00edch naklada\u010d\u00edch pro nab\u00edr\u00e1n\u00ed, zved\u00e1n\u00ed a p\u0159epravu zeminy, sena a dal\u0161\u00edch materi\u00e1l\u016f.<\/li>\n<li><strong>Bagry:<\/strong> V\u00e1lec l\u017e\u00edce umo\u017e\u0148uje ryp\u00e1n\u00ed t\u00edm, \u017ee umo\u017e\u0148uje l\u017e\u00edci proniknout do p\u016fdy.<\/li>\n<li><strong>Naklada\u010de:<\/strong> U \u010deln\u00edch naklada\u010d\u016f pom\u00e1haj\u00ed kore\u010dkov\u00e9 v\u00e1lce efektivn\u011b zvedat a nakl\u00e1n\u011bt zbo\u017e\u00ed.<\/li>\n<\/ul>\n<h2>Konstruk\u010dn\u00ed aspekty a krit\u00e9ria v\u00fdb\u011bru<\/h2>\n<ul>\n<li><strong>Nosnost:<\/strong> V\u00e1lec kore\u010dkov\u00e9ho v\u00e1lce je navr\u017een tak, aby odolal specifikovan\u00e9 nosnosti, a zajistil tak bezpe\u010dn\u00fd a efektivn\u00ed provoz.<\/li>\n<li><strong>T\u011bsn\u011bn\u00ed:<\/strong> K zaji\u0161t\u011bn\u00ed spr\u00e1vn\u00e9ho ut\u011bsn\u011bn\u00ed a zabr\u00e1n\u011bn\u00ed hydraulick\u00fdm \u00fanik\u016fm se pou\u017e\u00edvaj\u00ed r\u016fzn\u00e9 t\u011bsnic\u00ed prvky, jako jsou t\u011bsn\u011bn\u00ed p\u00edst\u016f a t\u011bsn\u011bn\u00ed p\u00edstnic.<\/li>\n<li><strong>Trvanlivost:<\/strong> Konstrukce a materi\u00e1ly v\u00e1lce jsou zvoleny tak, aby odolaly n\u00e1ro\u010dn\u00fdm aplikac\u00edm v n\u00e1ro\u010dn\u00fdch podm\u00ednk\u00e1ch a poskytovaly dlouhodob\u00fd v\u00fdkon.<\/li>\n<li><strong>Bezpe\u010dnost:<\/strong> Bezpe\u010dnostn\u00ed prvky, jako jsou p\u0159etlakov\u00e9 ventily, jsou implementov\u00e1ny, aby se zabr\u00e1nilo p\u0159et\u00ed\u017een\u00ed a byla zaji\u0161t\u011bna bezpe\u010dnost obsluhy.<\/li>\n<li><strong>\u00dadr\u017eba:<\/strong> Konstrukce umo\u017e\u0148uje snadnou \u00fadr\u017ebu a opravy s p\u0159\u00edstupn\u00fdmi komponenty a jasn\u00fdmi pokyny uveden\u00fdmi v n\u00e1vodu k pou\u017eit\u00ed.<\/li>\n<\/ul>\n<p><img decoding=\"async\" src=\"https:\/\/www.hydraulic-cylinders.net\/wp-content\/uploads\/2025\/01\/songte-oil-pipes-and-spare-parts.webp\" alt=\"Sou\u010d\u00e1sti hydraulick\u00e9ho v\u00e1lce\"><\/p>\n<h2>T\u011bsn\u011bn\u00ed a maz\u00e1n\u00ed<\/h2>\n<p>Kore\u010dkov\u00fd v\u00e1lec vyu\u017e\u00edv\u00e1 r\u016fzn\u00e9 t\u011bsnic\u00ed komponenty, jako jsou t\u011bsn\u011bn\u00ed p\u00edstu a p\u00edstnice, vyroben\u00e9 z materi\u00e1l\u016f odoln\u00fdch proti opot\u0159eben\u00ed, jako je polyuretan a nitrilov\u00e1 pry\u017e. T\u011bleso v\u00e1lce a z\u00e1vitov\u00e9 koncov\u00e9 plochy jsou jemn\u011b o\u0161et\u0159eny pro zv\u00fd\u0161en\u00ed odolnosti proti opot\u0159eben\u00ed. Pro zaji\u0161t\u011bn\u00ed plynul\u00e9ho provozu a dlouh\u00e9 \u017eivotnosti v\u00e1lce je nutn\u00e9 pravideln\u00e9 maz\u00e1n\u00ed vhodn\u00fdm mno\u017estv\u00edm hydraulick\u00e9ho oleje.<\/p>\n<h2>Pravideln\u00e1 kontrola a preventivn\u00ed \u00fadr\u017eba<\/h2>\n<ul>\n<li>Pravideln\u011b kontrolujte v\u00e1lec, zda nevykazuje zn\u00e1mky opot\u0159eben\u00ed, net\u011bsnost\u00ed nebo po\u0161kozen\u00ed.<\/li>\n<li>Zajist\u011bte spr\u00e1vn\u00e9 maz\u00e1n\u00ed v\u0161ech pohybliv\u00fdch \u010d\u00e1st\u00ed.<\/li>\n<li>V p\u0159\u00edpad\u011b pot\u0159eby vym\u011b\u0148te t\u011bsn\u011bn\u00ed a dal\u0161\u00ed opot\u0159ebovan\u00e9 sou\u010d\u00e1sti.<\/li>\n<\/ul>\n<h2>Spr\u00e1vn\u00e1 instalace produktu<\/h2>\n<p>Spr\u00e1vn\u00e1 instalace je z\u00e1sadn\u00ed pro optim\u00e1ln\u00ed v\u00fdkon kore\u010dkov\u00e9ho v\u00e1lce. Dodr\u017eujte tyto pokyny:<\/p>\n<ul>\n<li>B\u011bhem instalace spr\u00e1vn\u011b vyrovnejte v\u00e1lec.<\/li>\n<li>K upevn\u011bn\u00ed v\u00e1lce pou\u017eijte vhodn\u00e9 mont\u00e1\u017en\u00ed konzoly.<\/li>\n<\/ul>\n<h2>\u00dakoly \u00fadr\u017eby<\/h2>\n<p>Mezi b\u011b\u017en\u00e9 \u00fakoly \u00fadr\u017eby pat\u0159\u00ed pravideln\u00e9 kontroly, spr\u00e1vn\u00e9 maz\u00e1n\u00ed, v\u00fdm\u011bna t\u011bsn\u011bn\u00ed a kontroly kalibrace. Zd\u016fraz\u0148uje se d\u016fle\u017eitost spr\u00e1vn\u00e9 instalace, maz\u00e1n\u00ed a se\u0159\u00edzen\u00ed. Poskytuje se n\u00e1vod pro vyrovn\u00e1n\u00ed v\u00e1lce b\u011bhem instalace a doporu\u010duje se pou\u017eit\u00ed vhodn\u00fdch mont\u00e1\u017en\u00edch konzol pro bezpe\u010dn\u00e9 upevn\u011bn\u00ed. Doporu\u010duje se postupy kontroly, opravy a v\u00fdm\u011bny a tak\u00e9 tipy pro prodlou\u017een\u00ed \u017eivotnosti kore\u010dkov\u00e9ho v\u00e1lce.<\/p>\n<p><img decoding=\"async\" src=\"https:\/\/www.hydraulic-cylinders.net\/wp-content\/uploads\/2025\/01\/songte-chushion-collar.webp\" alt=\"\u00dadr\u017eba v\u00e1lce kore\u010dkov\u00e9ho v\u00e1lce\"><\/p>\n<h2>Bezpe\u010dnostn\u00ed aspekty a faktory prost\u0159ed\u00ed<\/h2>\n<p>Zd\u016frazn\u011bte d\u016fle\u017eitost bezpe\u010dnostn\u00edch opat\u0159en\u00ed p\u0159i pou\u017e\u00edv\u00e1n\u00ed kore\u010dkov\u00e9ho v\u00e1lce a \u0159e\u0161te ve\u0161ker\u00e9 potenci\u00e1ln\u00ed environment\u00e1ln\u00ed probl\u00e9my souvisej\u00edc\u00ed s jeho provozem.<\/p>\n<h2>Odstra\u0148ov\u00e1n\u00ed probl\u00e9m\u016f a b\u011b\u017en\u00e9 probl\u00e9my<\/h2>\n<p>Identifikujte mo\u017en\u00e9 poruchy a b\u011b\u017en\u00e9 probl\u00e9my spojen\u00e9 s v\u00e1lcem kore\u010dkov\u00e9 l\u017e\u00edce. Poskytn\u011bte tipy a \u0159e\u0161en\u00ed probl\u00e9m\u016f, kter\u00e9 \u010dten\u00e1\u0159\u016fm pomohou efektivn\u011b diagnostikovat a \u0159e\u0161it probl\u00e9my. Nab\u00eddn\u011bte preventivn\u00ed opat\u0159en\u00ed k minimalizaci potenci\u00e1ln\u00edch probl\u00e9m\u016f.<\/p>\n<p><img decoding=\"async\" src=\"https:\/\/www.hydraulic-cylinders.net\/wp-content\/uploads\/2025\/01\/songte-bushings-with-all-kinds-of-excavator-models.webp\" alt=\"Odstra\u0148ov\u00e1n\u00ed probl\u00e9m\u016f s v\u00e1lcem l\u017e\u00edce\"><\/p>\n<h2>O na\u0161\u00ed spole\u010dnosti<\/h2>\n<p>Jsme p\u0159edn\u00edm v\u00fdrobcem a velkoobchodn\u00edm distributorem hydraulick\u00fdch v\u00e1lc\u016f na dom\u00e1c\u00edm i mezin\u00e1rodn\u00edm trhu. N\u00e1\u0161 sortiment je komplexn\u00ed a sna\u017e\u00edme se b\u00fdt v pop\u0159ed\u00ed ve v\u00fdrob\u011b hydraulick\u00fdch v\u00e1lc\u016f. S d\u016frazem na excelenci a spol\u00e9h\u00e1n\u00edm se na industrializovan\u00e9 strategie \u0159\u00edzen\u00ed v\u00fdroby v na\u0161\u00ed zdokonalen\u00e9 v\u00fdrobn\u00ed d\u00edln\u011b neust\u00e1le vylep\u0161ujeme na\u0161i v\u00fdrobn\u00ed platformu, zdokonalujeme v\u00fdrobn\u00ed postupy pro zaji\u0161t\u011bn\u00ed kvality produkt\u016f a disponujeme siln\u00fdmi inovativn\u00edmi schopnostmi. Na\u0161imi principy jsou efektivita, p\u0159esnost a vysok\u00e1 kvalita, kter\u00e9 uspokojuj\u00ed rozmanit\u00e9 pot\u0159eby z\u00e1kazn\u00edk\u016f.<\/p>\n<p><img decoding=\"async\" src=\"https:\/\/hzpt.com\/wp-content\/uploads\/2024\/11\/songte-company-1.webp\" alt=\"P\u0159ehled spole\u010dnosti\"><\/p>\n<h3>Kl\u00ed\u010dov\u00e9 body o na\u0161\u00ed spole\u010dnosti:<\/h3>\n<ul>\n<li>Profesionalita a odbornost<\/li>\n<li>Mezin\u00e1rodn\u00ed certifikace<\/li>\n<li>Slu\u017eby na m\u00edru<\/li>\n<li>Nejmodern\u011bj\u0161\u00ed v\u00fdrobn\u00ed za\u0159\u00edzen\u00ed<\/li>\n<li>Poprodejn\u00ed slu\u017eby<\/li>\n<\/ul>\n<p><img decoding=\"async\" src=\"https:\/\/www.hydraulic-cylinders.net\/wp-content\/uploads\/2025\/01\/songte-company-3.webp\" alt=\"Hlavn\u00ed body spole\u010dnosti\"><\/p>\n<p>Autor: lyl<\/p>\n<p><\/body><br \/>\n<\/html><\/p>","protected":false},"excerpt":{"rendered":"<p>Bucket Cylinder For Bonny CED750-8 Bucket Cylinder For Bonny CED750-8 Introduction The bucket cylinder for Bonny CED750-8 is a specially designed hydraulic cylinder used to control the movement of the bucket in heavy machinery such as excavators, backhoe loaders, and front-end loaders. Its main function is to enable the bucket to lift, lower, and tilt, [&hellip;]<\/p>","protected":false},"featured_media":14785,"comment_status":"open","ping_status":"closed","template":"","meta":{"_et_pb_use_builder":"","_et_pb_old_content":"","_et_gb_content_width":""},"product_brand":[],"product_cat":[1494],"product_tag":[1495,1496],"class_list":{"0":"post-15930","1":"product","2":"type-product","3":"status-publish","4":"has-post-thumbnail","6":"product_cat-bucket-cylinders","7":"product_tag-bucket-cylinders","8":"product_tag-hydraulic-cylinders","10":"first","11":"instock","12":"shipping-taxable","13":"product-type-simple"},"amp_enabled":true,"_links":{"self":[{"href":"https:\/\/www.hydraulic-cylinders.net\/cs\/wp-json\/wp\/v2\/product\/15930","targetHints":{"allow":["GET"]}}],"collection":[{"href":"https:\/\/www.hydraulic-cylinders.net\/cs\/wp-json\/wp\/v2\/product"}],"about":[{"href":"https:\/\/www.hydraulic-cylinders.net\/cs\/wp-json\/wp\/v2\/types\/product"}],"replies":[{"embeddable":true,"href":"https:\/\/www.hydraulic-cylinders.net\/cs\/wp-json\/wp\/v2\/comments?post=15930"}],"wp:featuredmedia":[{"embeddable":true,"href":"https:\/\/www.hydraulic-cylinders.net\/cs\/wp-json\/wp\/v2\/media\/14785"}],"wp:attachment":[{"href":"https:\/\/www.hydraulic-cylinders.net\/cs\/wp-json\/wp\/v2\/media?parent=15930"}],"wp:term":[{"taxonomy":"product_brand","embeddable":true,"href":"https:\/\/www.hydraulic-cylinders.net\/cs\/wp-json\/wp\/v2\/product_brand?post=15930"},{"taxonomy":"product_cat","embeddable":true,"href":"https:\/\/www.hydraulic-cylinders.net\/cs\/wp-json\/wp\/v2\/product_cat?post=15930"},{"taxonomy":"product_tag","embeddable":true,"href":"https:\/\/www.hydraulic-cylinders.net\/cs\/wp-json\/wp\/v2\/product_tag?post=15930"}],"curies":[{"name":"wp","href":"https:\/\/api.w.org\/{rel}","templated":true}]}}