{"id":15931,"date":"2025-01-19T15:10:53","date_gmt":"2025-01-19T15:10:53","guid":{"rendered":"https:\/\/www.hydraulic-cylinders.net\/product\/bucket-cylinder-for-bonny-ce2200-7\/"},"modified":"2025-01-19T15:10:57","modified_gmt":"2025-01-19T15:10:57","slug":"bucket-cylinder-for-bonny-ce2200-7","status":"publish","type":"product","link":"https:\/\/www.hydraulic-cylinders.net\/cs\/produkt\/bucket-cylinder-for-bonny-ce2200-7\/","title":{"rendered":"V\u00e1lec kbel\u00edku pro Bonny CE2200-7"},"content":{"rendered":"<h1>V\u00e1lec kbel\u00edku pro Bonny CE2200-7<\/h1>\n<h2>Zaveden\u00ed<\/h2>\n<p>Hydraulick\u00fd v\u00e1lec l\u017e\u00edce pro Bonny CE2200-7 je specializovan\u00fd hydraulick\u00fd v\u00e1lec pou\u017e\u00edvan\u00fd k ovl\u00e1d\u00e1n\u00ed pohybu l\u017e\u00edce v t\u011b\u017ek\u00fdch stroj\u00edch, jako jsou rypadla, bagry a \u010deln\u00ed naklada\u010de. Jeho prim\u00e1rn\u00ed funkc\u00ed je umo\u017enit zved\u00e1n\u00ed, spou\u0161t\u011bn\u00ed a nakl\u00e1p\u011bn\u00ed l\u017e\u00edce pro snadnou manipulaci s materi\u00e1lem. V hydraulick\u00e9m syst\u00e9mu v\u00e1lec l\u017e\u00edce \u0159\u00edd\u00ed p\u0159esn\u00e9 pohyby l\u017e\u00edce zm\u011bnou tlaku hydraulick\u00e9ho oleje, co\u017e umo\u017e\u0148uje obsluze efektivn\u011b manipulovat s t\u011b\u017ek\u00fdmi b\u0159emeny, p\u0159izp\u016fsobovat se slo\u017eit\u00e9mu pracovn\u00edmu prost\u0159ed\u00ed a rozmanit\u00fdm po\u017eadavk\u016fm na pr\u00e1ci.<\/p>\n<p><img decoding=\"async\" src=\"https:\/\/www.hydraulic-cylinders.net\/wp-content\/uploads\/2025\/01\/songte-company-2.webp\" alt=\"V\u00e1lec kbel\u00edku pro Bonny CE2200-7\"><\/p>\n<h2>Funkce<\/h2>\n<ul>\n<li>\n<h3>Vysok\u00e1 pevnost a trvanlivost<\/h3>\n<p>Kore\u010dkov\u00fd v\u00e1lec je obvykle vyroben z vysokopevnostn\u00ed oceli nebo hlin\u00edku, je schopen odolat vysok\u00e9mu tlaku a velk\u00e9mu zat\u00ed\u017een\u00ed a p\u0159izp\u016fsobit se n\u00e1ro\u010dn\u00fdm pracovn\u00edm prost\u0159ed\u00edm. Konstrukce zohled\u0148uje odolnost proti opot\u0159eben\u00ed a korozi, co\u017e prodlu\u017euje jeho \u017eivotnost.<\/p>\n<\/li>\n<li>\n<h3>Efektivn\u00ed hydraulick\u00fd provoz<\/h3>\n<p>V\u00e1lec kore\u010dkov\u00e9ho v\u00e1lce vyu\u017e\u00edv\u00e1 hydraulick\u00fd tlak oleje k dosa\u017een\u00ed plynul\u00e9ho vysouv\u00e1n\u00ed a zasouv\u00e1n\u00ed, rychle reaguje na ovl\u00e1dac\u00ed povely a poskytuje silnou tla\u010dnou a ta\u017enou s\u00edlu, vhodnou pro manipulaci s t\u011b\u017ek\u00fdmi b\u0159emeny a slo\u017eit\u00e9 operace.<\/p>\n<\/li>\n<li>\n<h3>R\u016fzn\u00e9 dostupn\u00e9 typy<\/h3>\n<p>V\u00e1lec kore\u010dkov\u00e9ho v\u00e1lce je k dispozici v jedno\u010dinn\u00e9m (hydraulicky ovl\u00e1dan\u00fd v jednom sm\u011bru) nebo dvoj\u010dinn\u00e9m (hydraulicky ovl\u00e1dan\u00fd v obou sm\u011brech) proveden\u00ed v z\u00e1vislosti na provozn\u00edch pot\u0159eb\u00e1ch. N\u011bkter\u00e9 modely jsou teleskopick\u00e9, co\u017e umo\u017e\u0148uje v\u011bt\u0161\u00ed vysunut\u00ed bez zv\u011bt\u0161en\u00ed vn\u011bj\u0161\u00edch rozm\u011br\u016f, a jsou vhodn\u00e9 pro aplikace s omezen\u00fdm prostorem.<\/p>\n<\/li>\n<li>\n<h3>Perfektn\u00ed n\u00e1hradn\u00ed varianta<\/h3>\n<p>N\u00e1\u0161 produkt dok\u00e1\u017ee tyto hydraulick\u00e9 v\u00e1lce dokonale nahradit, um\u00edme tento produkt vyrobit.<\/p>\n<\/li>\n<li>\n<h3>Sc\u00e9n\u00e1\u0159e aplikac\u00ed<\/h3>\n<ul>\n<li>\n<h4>Stavebn\u00ed stroje<\/h4>\n<p>U bagr\u016f jsou kl\u00ed\u010dov\u00e9 pro kop\u00e1n\u00ed, nakl\u00e1d\u00e1n\u00ed a p\u0159emis\u0165ov\u00e1n\u00ed zeminy nebo suti. U r\u00fdpadel s r\u00fdpadly pom\u00e1h\u00e1 v\u00e1lec kore\u010dkov\u00e9ho v\u00e1lce jak p\u0159i kop\u00e1n\u00ed, tak p\u0159i zved\u00e1n\u00ed. U \u010deln\u00edch naklada\u010d\u016f pom\u00e1haj\u00ed efektivn\u011b zvedat a vykl\u00e1dat zbo\u017e\u00ed.<\/p>\n<p>        <img decoding=\"async\" src=\"https:\/\/hzpt.com\/wp-content\/uploads\/2024\/11\/songte-company-1.webp\" alt=\"V\u00e1lec kbel\u00edku pro Bonny CE2200-7\">\n      <\/li>\n<li>\n<h4>Zem\u011bd\u011blsk\u00e9 stroje<\/h4>\n<p>Pou\u017e\u00edv\u00e1 se pro \u010deln\u00ed naklada\u010de, k vykop\u00e1v\u00e1n\u00ed, zved\u00e1n\u00ed a p\u0159eprav\u011b zeminy, sena a dal\u0161\u00edch materi\u00e1l\u016f. U bagr\u016f umo\u017e\u0148uje v\u00e1lec l\u017e\u00edce kop\u00e1n\u00ed t\u00edm, \u017ee umo\u017e\u0148uje l\u017e\u00edci proniknout do p\u016fdy.<\/p>\n<p>        <img decoding=\"async\" src=\"https:\/\/www.hydraulic-cylinders.net\/wp-content\/uploads\/2025\/01\/songte-chushion-collar.webp\" alt=\"V\u00e1lec kbel\u00edku pro Bonny CE2200-7\">\n      <\/li>\n<\/ul>\n<\/li>\n<\/ul>\n<h2>Konstruk\u010dn\u00ed aspekty a krit\u00e9ria v\u00fdb\u011bru<\/h2>\n<ul>\n<li>\n<h3>Nosnost<\/h3>\n<p>Nosnost v\u00e1lce l\u017e\u00edce je kl\u00ed\u010dov\u00fdm faktorem pro zaji\u0161t\u011bn\u00ed toho, aby zvl\u00e1dl t\u011b\u017ek\u00e9 n\u00e1klady. Konstrukce mus\u00ed zohled\u0148ovat hydraulick\u00fd tlak pot\u0159ebn\u00fd k pohybu l\u017e\u00edce a hmotnost manipulovan\u00e9ho materi\u00e1lu.<\/p>\n<\/li>\n<li>\n<h3>T\u011bsn\u011bn\u00ed<\/h3>\n<p>T\u011bsnic\u00ed mechanismus kore\u010dkov\u00e9ho v\u00e1lce je nezbytn\u00fd pro zaji\u0161t\u011bn\u00ed toho, aby odolal hydraulick\u00e9mu tlaku bez \u00faniku. Konstrukce mus\u00ed zohlednit pou\u017eit\u00ed vhodn\u00fdch materi\u00e1l\u016f pro t\u011bsnic\u00ed komponenty, jako jsou t\u011bsn\u011bn\u00ed p\u00edst\u016f a p\u00edstnic.<\/p>\n<\/li>\n<li>\n<h3>Trvanlivost<\/h3>\n<p>Kore\u010dkov\u00fd v\u00e1lec mus\u00ed b\u00fdt schopen odolat n\u00e1ro\u010dn\u00fdm pracovn\u00edm podm\u00ednk\u00e1m a b\u00fdt odoln\u00fd proti opot\u0159eben\u00ed a korozi. Konstrukce mus\u00ed zohled\u0148ovat pou\u017eit\u00ed vhodn\u00fdch materi\u00e1l\u016f pro sou\u010d\u00e1sti vystaven\u00e9 opot\u0159eben\u00ed a korozi, jako je t\u011bleso v\u00e1lce a p\u00edstnice.<\/p>\n<\/li>\n<li>\n<h3>Bezpe\u010dnost<\/h3>\n<p>Konstrukce kore\u010dkov\u00e9ho v\u00e1lce mus\u00ed zohled\u0148ovat bezpe\u010dnostn\u00ed faktory, jako je zaji\u0161t\u011bn\u00ed toho, aby nedo\u0161lo k jeho poru\u0161e, kter\u00e1 by mohla zp\u016fsobit zran\u011bn\u00ed nebo po\u0161kozen\u00ed za\u0159\u00edzen\u00ed \u010di \u017eivotn\u00edho prost\u0159ed\u00ed.<\/p>\n<\/li>\n<li>\n<h3>\u00dadr\u017eba<\/h3>\n<p>V\u00e1lec l\u017e\u00edce vy\u017eaduje pravidelnou \u00fadr\u017ebu, aby byla zaji\u0161t\u011bna jeho spr\u00e1vn\u00e1 funkce. Konstrukce mus\u00ed zohled\u0148ovat snadn\u00fd p\u0159\u00edstup ke komponent\u016fm, kter\u00e9 vy\u017eaduj\u00ed \u00fadr\u017ebu, jako jsou t\u011bsn\u011bn\u00ed p\u00edstu, t\u011bsn\u011bn\u00ed p\u00edstnice a hydraulick\u00e9 hadice.<\/p>\n<p>    <img decoding=\"async\" src=\"https:\/\/www.hydraulic-cylinders.net\/wp-content\/uploads\/2025\/01\/songte-oil-pipes-and-spare-parts.webp\" alt=\"V\u00e1lec kbel\u00edku pro Bonny CE2200-7\">\n  <\/li>\n<\/ul>\n<h2>T\u011bsn\u011bn\u00ed a maz\u00e1n\u00ed<\/h2>\n<p>Kore\u010dkov\u00fd v\u00e1lec pou\u017e\u00edv\u00e1 r\u016fzn\u00e9 t\u011bsnic\u00ed komponenty, jako jsou t\u011bsn\u011bn\u00ed p\u00edstu a p\u00edstnice, vyroben\u00e9 z materi\u00e1l\u016f odoln\u00fdch proti opot\u0159eben\u00ed, jako je polyuretan a nitrilov\u00e1 pry\u017e. T\u011bleso v\u00e1lce a z\u00e1vitov\u00fd konec jsou precizn\u011b o\u0161et\u0159eny pro zlep\u0161en\u00ed odolnosti proti opot\u0159eben\u00ed. Pravideln\u00e9 maz\u00e1n\u00ed hydraulick\u00fdm olejem je nezbytn\u00e9 pro zaji\u0161t\u011bn\u00ed plynul\u00e9ho provozu, sn\u00ed\u017een\u00ed opot\u0159eben\u00ed a prodlou\u017een\u00ed \u017eivotnosti.<\/p>\n<h2>Inspekce a preventivn\u00ed \u00fadr\u017eba<\/h2>\n<ul>\n<li>\n<h3>Pravideln\u00e1 kontrola<\/h3>\n<p>Zkontrolujte t\u011bleso v\u00e1lce, p\u00edst a ty\u010d, zda nejsou opot\u0159ebovan\u00e9, po\u0161kozen\u00e9 a zda nejsou spr\u00e1vn\u011b vyrovnan\u00e9. Zkontrolujte hydraulick\u00e9 hadice a armatury, zda net\u011bsn\u00ed, nevykazuj\u00ed praskliny a zda nejsou uvoln\u011bn\u00e9 spoje.<\/p>\n<\/li>\n<li>\n<h3>Spr\u00e1vn\u00e9 maz\u00e1n\u00ed<\/h3>\n<p>Pou\u017e\u00edvejte vhodn\u00fd hydraulick\u00fd olej a ujist\u011bte se, \u017ee je na doporu\u010den\u00e9 hladin\u011b. Zkontrolujte olejov\u00fd filtr a v p\u0159\u00edpad\u011b pot\u0159eby jej vym\u011b\u0148te.<\/p>\n<\/li>\n<li>\n<h3>V\u00fdm\u011bna t\u011bsn\u011bn\u00ed<\/h3>\n<p>Opot\u0159ebovan\u00e1 nebo po\u0161kozen\u00e1 t\u011bsn\u011bn\u00ed p\u00edstu nebo p\u00edstnice okam\u017eit\u011b vym\u011b\u0148te, abyste zabr\u00e1nili \u00fanik\u016fm a zajistili spr\u00e1vn\u00e9 ut\u011bsn\u011bn\u00ed.<\/p>\n<\/li>\n<li>\n<h3>Kontrola kalibrace<\/h3>\n<p>Zajist\u011bte p\u0159esnou kalibraci tlakov\u00e9 l\u00e1hve, abyste zabr\u00e1nili jej\u00edmu p\u0159et\u00ed\u017een\u00ed nebo nedostate\u010dn\u00e9mu zat\u00ed\u017een\u00ed. Zkontrolujte manometr a v p\u0159\u00edpad\u011b pot\u0159eby kalibraci upravte.<\/p>\n<p>    <img decoding=\"async\" src=\"https:\/\/www.hydraulic-cylinders.net\/wp-content\/uploads\/2025\/01\/songte-bushings-with-all-kinds-of-excavator-models.webp\" alt=\"V\u00e1lec kbel\u00edku pro Bonny CE2200-7\">\n  <\/li>\n<\/ul>\n<h2>Bezpe\u010dnostn\u00ed aspekty a faktory prost\u0159ed\u00ed<\/h2>\n<p>P\u0159i pou\u017e\u00edv\u00e1n\u00ed kore\u010dkov\u00e9ho v\u00e1lce je bezpe\u010dnost z\u00e1sadn\u00ed. V\u017edy dodr\u017eujte bezpe\u010dnostn\u00ed pokyny, noste vhodn\u00e9 ochrann\u00e9 pom\u016fcky a ujist\u011bte se, \u017ee je za\u0159\u00edzen\u00ed v dobr\u00e9m provozn\u00edm stavu. Pou\u017e\u00edv\u00e1n\u00ed kore\u010dkov\u00e9ho v\u00e1lce m\u016f\u017ee m\u00edt dopad na \u017eivotn\u00ed prost\u0159ed\u00ed eroz\u00ed p\u016fdy, zne\u010di\u0161t\u011bn\u00edm prachem a hlukem. Zajist\u011bte bezpe\u010dnou manipulaci s nebezpe\u010dn\u00fdmi materi\u00e1ly a jejich likvidaci.<\/p>\n<h2>Odstra\u0148ov\u00e1n\u00ed probl\u00e9m\u016f a b\u011b\u017en\u00e9 probl\u00e9my<\/h2>\n<p>Mezi b\u011b\u017en\u00e9 probl\u00e9my s v\u00e1lcem kore\u010dkov\u00e9ho v\u00e1lce pat\u0159\u00ed net\u011bsnosti, nedostate\u010dn\u00fd nebo nerovnom\u011brn\u00fd tlak a nefunk\u010dn\u00ed regula\u010dn\u00ed ventily. Tyto probl\u00e9my \u0159e\u0161te kontrolou t\u011blesa v\u00e1lce, t\u011bsn\u011bn\u00ed p\u00edstu a ty\u010de, hydraulick\u00fdch hadic a armatur. Spr\u00e1vn\u00e1 \u00fadr\u017eba a pravideln\u00e1 kontrola mohou mnoha z t\u011bchto probl\u00e9m\u016f p\u0159edej\u00edt.<\/p>\n<h2>P\u0159edstaven\u00ed spole\u010dnosti<\/h2>\n<p>Jsme p\u0159edn\u00edm v\u00fdrobcem a velkoobchodn\u00edkem hydraulick\u00fdch v\u00e1lc\u016f na dom\u00e1c\u00edm i mezin\u00e1rodn\u00edm trhu. Na\u0161e produkty jsou v\u0161estrann\u00e9 a dodr\u017eujeme vynikaj\u00edc\u00ed kvalitu s efektivn\u00edmi a p\u0159esn\u00fdmi strategiemi \u0159\u00edzen\u00ed v\u00fdroby. Na\u0161e odborn\u00e9 znalosti v oblasti technologi\u00ed, za\u0159\u00edzen\u00ed a profesion\u00e1ln\u00edch kontroln\u00edch syst\u00e9m\u016f spolu s kvalifikovanou pracovn\u00ed silou zaji\u0161\u0165uj\u00ed, \u017ee spl\u0148ujeme rozmanit\u00e9 pot\u0159eby z\u00e1kazn\u00edk\u016f. Poskytujeme slu\u017eby na m\u00edru a na\u0161e produkty maj\u00ed mezin\u00e1rodn\u00ed certifikace, co\u017e z n\u00e1s \u010din\u00ed spolehliv\u00e9ho partnera pro v\u00fdrobce t\u011b\u017ek\u00fdch stroj\u016f a prodejce hydraulick\u00fdch za\u0159\u00edzen\u00ed.<\/p>\n<ul>\n<li>\n<h3>Profesionalita<\/h3>\n<p>M\u00e1me profesion\u00e1ln\u00ed a zku\u0161en\u00fd t\u00fdm, kter\u00fd se v\u011bnuje poskytov\u00e1n\u00ed kvalitn\u00edch produkt\u016f a slu\u017eeb.<\/p>\n<\/li>\n<li>\n<h3>Mezin\u00e1rodn\u00ed certifikace<\/h3>\n<p>Na\u0161e v\u00fdrobky maj\u00ed mezin\u00e1rodn\u00ed certifikace, co\u017e zaru\u010duje, \u017ee spl\u0148uj\u00ed nejvy\u0161\u0161\u00ed standardy kvality.<\/p>\n<\/li>\n<li>\n<h3>Slu\u017eby na m\u00edru<\/h3>\n<p>Poskytujeme slu\u017eby na m\u00edru, abychom uspokojili rozmanit\u00e9 pot\u0159eby z\u00e1kazn\u00edk\u016f.<\/p>\n<\/li>\n<li>\n<h3>V\u00fdrobn\u00ed za\u0159\u00edzen\u00ed<\/h3>\n<p>Pou\u017e\u00edv\u00e1me modern\u00ed v\u00fdrobn\u00ed za\u0159\u00edzen\u00ed, abychom zajistili efektivn\u00ed a p\u0159esn\u00e9 v\u00fdrobn\u00ed procesy.<\/p>\n<\/li>\n<li>\n<h3>Poprodejn\u00ed servis<\/h3>\n<p>Poskytujeme komplexn\u00ed poprodejn\u00ed servis, v\u010detn\u011b oprav a v\u00fdm\u011bny d\u00edl\u016f, abychom zajistili dlouhou \u017eivotnost na\u0161ich produkt\u016f.<\/p>\n<p>    <img decoding=\"async\" src=\"https:\/\/www.hydraulic-cylinders.net\/wp-content\/uploads\/2025\/01\/songte-company-3.webp\" alt=\"V\u00e1lec kbel\u00edku pro Bonny CE2200-7\">\n  <\/li>\n<\/ul>\n<p>Autor: lyl<\/p>","protected":false},"excerpt":{"rendered":"<p>Bucket Cylinder For Bonny CE2200-7 Introduction The bucket cylinder for Bonny CE2200-7 is a specialized hydraulic cylinder used for controlling the movement of the bucket in heavy machinery such as excavators, backhoe excavators, and front-end loaders. Its primary function is to enable the bucket to lift, lower, and tilt for easy material handling tasks. In [&hellip;]<\/p>","protected":false},"featured_media":14784,"comment_status":"open","ping_status":"closed","template":"","meta":{"_et_pb_use_builder":"","_et_pb_old_content":"","_et_gb_content_width":""},"product_brand":[],"product_cat":[1494],"product_tag":[1495,1496],"class_list":{"0":"post-15931","1":"product","2":"type-product","3":"status-publish","4":"has-post-thumbnail","6":"product_cat-bucket-cylinders","7":"product_tag-bucket-cylinders","8":"product_tag-hydraulic-cylinders","10":"first","11":"instock","12":"shipping-taxable","13":"product-type-simple"},"amp_enabled":true,"_links":{"self":[{"href":"https:\/\/www.hydraulic-cylinders.net\/cs\/wp-json\/wp\/v2\/product\/15931","targetHints":{"allow":["GET"]}}],"collection":[{"href":"https:\/\/www.hydraulic-cylinders.net\/cs\/wp-json\/wp\/v2\/product"}],"about":[{"href":"https:\/\/www.hydraulic-cylinders.net\/cs\/wp-json\/wp\/v2\/types\/product"}],"replies":[{"embeddable":true,"href":"https:\/\/www.hydraulic-cylinders.net\/cs\/wp-json\/wp\/v2\/comments?post=15931"}],"wp:featuredmedia":[{"embeddable":true,"href":"https:\/\/www.hydraulic-cylinders.net\/cs\/wp-json\/wp\/v2\/media\/14784"}],"wp:attachment":[{"href":"https:\/\/www.hydraulic-cylinders.net\/cs\/wp-json\/wp\/v2\/media?parent=15931"}],"wp:term":[{"taxonomy":"product_brand","embeddable":true,"href":"https:\/\/www.hydraulic-cylinders.net\/cs\/wp-json\/wp\/v2\/product_brand?post=15931"},{"taxonomy":"product_cat","embeddable":true,"href":"https:\/\/www.hydraulic-cylinders.net\/cs\/wp-json\/wp\/v2\/product_cat?post=15931"},{"taxonomy":"product_tag","embeddable":true,"href":"https:\/\/www.hydraulic-cylinders.net\/cs\/wp-json\/wp\/v2\/product_tag?post=15931"}],"curies":[{"name":"wp","href":"https:\/\/api.w.org\/{rel}","templated":true}]}}