{"id":15939,"date":"2025-01-19T15:11:34","date_gmt":"2025-01-19T15:11:34","guid":{"rendered":"https:\/\/www.hydraulic-cylinders.net\/product\/bucket-cylinder-for-bonny-wzt46-7-45-7\/"},"modified":"2025-01-19T15:11:36","modified_gmt":"2025-01-19T15:11:36","slug":"bucket-cylinder-for-bonny-wzt46-7-45-7","status":"publish","type":"product","link":"https:\/\/www.hydraulic-cylinders.net\/cs\/produkt\/bucket-cylinder-for-bonny-wzt46-7-45-7\/","title":{"rendered":"V\u00e1lec kore\u010dkov\u00e9ho v\u00e1lce pro Bonny WZT46-7\/45-7"},"content":{"rendered":"<h1>V\u00e1lec kore\u010dkov\u00e9ho v\u00e1lce pro Bonny WZT46-7\/45-7<\/h1>\n<h2>Zaveden\u00ed<\/h2>\n<p>Hydraulick\u00fd v\u00e1lec l\u017e\u00edce pro Bonny WZT46-7\/45-7 je typ hydraulick\u00e9ho v\u00e1lce navr\u017een\u00e9ho speci\u00e1ln\u011b pro ovl\u00e1d\u00e1n\u00ed pohybu l\u017e\u00edce v t\u011b\u017ek\u00fdch stroj\u00edch, jako jsou rypadla, bagry a \u010deln\u00ed naklada\u010de. Jeho hlavn\u00ed funkc\u00ed je usnadnit r\u016fzn\u00e9 \u00fakoly manipulace s materi\u00e1lem t\u00edm, \u017ee umo\u017e\u0148uje p\u0159esn\u00e9 zved\u00e1n\u00ed, spou\u0161t\u011bn\u00ed a nakl\u00e1p\u011bn\u00ed l\u017e\u00edce pomoc\u00ed kol\u00eds\u00e1n\u00ed tlaku hydraulick\u00e9ho oleje v hydraulick\u00e9m syst\u00e9mu. To umo\u017e\u0148uje obsluze efektivn\u011b manipulovat s t\u011b\u017ek\u00fdmi b\u0159emeny a p\u0159izp\u016fsobovat se r\u016fzn\u00fdm pracovn\u00edm podm\u00ednk\u00e1m a po\u017eadavk\u016fm.<\/p>\n<p><img decoding=\"async\" src=\"https:\/\/www.hydraulic-cylinders.net\/wp-content\/uploads\/2025\/01\/songte-company-2.webp\" alt=\"Obr\u00e1zek v\u00e1lce kbel\u00edku\"><\/p>\n<h2>Funkce<\/h2>\n<ul>\n<li>\n<h3>Vysok\u00e1 pevnost a trvanlivost<\/h3>\n<p>Kore\u010dkov\u00e9 v\u00e1lce se obvykle vyr\u00e1b\u011bj\u00ed z vysokopevnostn\u00ed oceli nebo hlin\u00edku, aby odolaly vysok\u00e9mu tlaku a velk\u00e9mu zat\u00ed\u017een\u00ed, a proto jsou vhodn\u00e9 pro n\u00e1ro\u010dn\u00e9 pracovn\u00ed prost\u0159ed\u00ed. Jejich konstrukce tak\u00e9 zohled\u0148uje odolnost proti opot\u0159eben\u00ed a korozi, co\u017e prodlu\u017euje jejich \u017eivotnost.<\/p>\n<\/li>\n<li>\n<h3>Efektivn\u00ed hydraulick\u00fd provoz<\/h3>\n<p>Kore\u010dkov\u00e9 v\u00e1lce vyu\u017e\u00edvaj\u00ed tlak hydraulick\u00e9ho oleje k dosa\u017een\u00ed plynul\u00e9ho teleskopick\u00e9ho pohybu, kter\u00fd dok\u00e1\u017ee rychle reagovat na ovl\u00e1dac\u00ed povely, poskytuje siln\u00e9 tla\u010dn\u00e9 a ta\u017en\u00e9 s\u00edly a je vhodn\u00fd pro manipulaci s t\u011b\u017ek\u00fdmi b\u0159emeny a slo\u017eit\u00fdmi \u00fakoly.<\/p>\n<\/li>\n<li>\n<h3>V\u0161estrann\u00e9 typy<\/h3>\n<p>V\u00e1lce kore\u010dk\u016f mohou b\u00fdt jedno\u010dinn\u00e9 (hydraulika se pou\u017e\u00edv\u00e1 pouze v jednom sm\u011bru) nebo dvoj\u010dinn\u00e9 (hydraulika se pou\u017e\u00edv\u00e1 v obou sm\u011brech) v z\u00e1vislosti na provozn\u00edch po\u017eadavc\u00edch. N\u011bkter\u00e9 modely jsou teleskopick\u00e9, co\u017e umo\u017e\u0148uje v\u011bt\u0161\u00ed rozta\u017een\u00ed bez zv\u011bt\u0161en\u00ed vn\u011bj\u0161\u00edch rozm\u011br\u016f, a proto jsou vhodn\u00e9 pro aplikace s omezen\u00fdm prostorem.<\/p>\n<\/li>\n<li>\n<h3>Dokonal\u00e1 n\u00e1hrada<\/h3>\n<p>Na\u0161e produkty dok\u00e1\u017e\u00ed dokonale nahradit jin\u00e9 hydraulick\u00e9 v\u00e1lce a dok\u00e1\u017eeme je vyrobit tak, aby spl\u0148ovaly va\u0161e specifick\u00e9 po\u017eadavky.<\/p>\n<\/li>\n<\/ul>\n<p><img decoding=\"async\" src=\"https:\/\/www.hydraulic-cylinders.net\/wp-content\/uploads\/2025\/01\/songte-cylinder-head-with-all-kinds-excavator-models.webp\" alt=\"Obr\u00e1zek v\u00e1lce kbel\u00edku\"><\/p>\n<h2>Aplikace<\/h2>\n<p>Kore\u010dkov\u00e9 v\u00e1lce se \u0161iroce pou\u017e\u00edvaj\u00ed v r\u016fzn\u00fdch stavebn\u00edch a zem\u011bd\u011blsk\u00fdch stroj\u00edch, jako nap\u0159\u00edklad:<\/p>\n<ul>\n<li>Stavebn\u00ed stroje: Jsou nezbytn\u00e9 pro bagry, rypadla-naklada\u010de a \u010deln\u00ed naklada\u010de, proto\u017ee pom\u00e1haj\u00ed p\u0159i v\u00fdkopov\u00fdch prac\u00edch, nakl\u00e1d\u00e1n\u00ed a p\u0159emis\u0165ov\u00e1n\u00ed zeminy nebo suti.<\/li>\n<li>Zem\u011bd\u011blsk\u00e9 stroje: Pou\u017e\u00edvaj\u00ed se v \u010deln\u00edch naklada\u010d\u00edch ke sb\u011bru, zved\u00e1n\u00ed a p\u0159eprav\u011b p\u016fdy, sena a dal\u0161\u00edch materi\u00e1l\u016f.<\/li>\n<li>Rypadla: V\u00e1lce kore\u010dk\u016f umo\u017e\u0148uj\u00ed v\u00fdkopov\u00e9 pr\u00e1ce t\u00edm, \u017ee umo\u017e\u0148uj\u00ed kore\u010dk\u016fm proniknout do p\u016fdy.<\/li>\n<li>Naklada\u010de: \u010celn\u00ed naklada\u010de pom\u00e1haj\u00ed efektivn\u011b zvedat a nakl\u00e1n\u011bt zbo\u017e\u00ed.<\/li>\n<\/ul>\n<p>Ka\u017ed\u00e1 aplikace m\u016f\u017ee m\u00edt n\u00e1sleduj\u00edc\u00ed v\u00fdhody:<\/p>\n<ul>\n<li>Stavebn\u00ed stroje: Na\u0161e kore\u010dkov\u00e9 v\u00e1lce v\u00e1m pomohou p\u0159i kop\u00e1n\u00ed a p\u0159eprav\u011b t\u011b\u017ek\u00fdch materi\u00e1l\u016f.<\/li>\n<li>Zem\u011bd\u011blsk\u00e9 stroje: Mohou pom\u00e1hat zem\u011bd\u011blsk\u00fdm pracovn\u00edk\u016fm s nakl\u00e1d\u00e1n\u00edm a p\u0159epravou velk\u00e9ho mno\u017estv\u00ed materi\u00e1l\u016f.<\/li>\n<li>Rypadla: Na\u0161e kore\u010dkov\u00e9 v\u00e1lce mohou pomoci rypadl\u016fm p\u0159i jejich kop\u00e1n\u00ed a v\u00fdkopov\u00fdch prac\u00edch.<\/li>\n<li>Naklada\u010de: Dok\u00e1\u017eou bez n\u00e1mahy zvedat a p\u0159epravovat zbo\u017e\u00ed.<\/li>\n<\/ul>\n<h2>Konstruk\u010dn\u00ed aspekty a krit\u00e9ria v\u00fdb\u011bru<\/h2>\n<p>Konstrukce kore\u010dkov\u00fdch v\u00e1lc\u016f zohled\u0148uje r\u016fzn\u00e9 faktory, jako je nosnost, t\u011bsn\u011bn\u00ed, trvanlivost, bezpe\u010dnost a \u00fadr\u017eba. N\u00ed\u017ee jsou uvedeny kl\u00ed\u010dov\u00e9 konstruk\u010dn\u00ed prvky:<\/p>\n<ul>\n<li>\n<h3>Nosnost<\/h3>\n<p>Kore\u010dkov\u00e9 v\u00e1lce by m\u011bly odol\u00e1vat velk\u00e9mu zat\u00ed\u017een\u00ed a vysok\u00e9mu tlaku, aby se zabr\u00e1nilo po\u0161kozen\u00ed konstrukce. V tomto ohledu je t\u0159eba zv\u00e1\u017eit tlou\u0161\u0165ku st\u011bny v\u00e1lce a kvalitu pou\u017eit\u00fdch materi\u00e1l\u016f.<\/p>\n<\/li>\n<li>\n<h3>T\u011bsn\u011bn\u00ed<\/h3>\n<p>Kore\u010dkov\u00e9 v\u00e1lce by m\u011bly m\u00edt spolehliv\u00e9 t\u011bsnic\u00ed mechanismy, kter\u00e9 zabra\u0148uj\u00ed \u00faniku oleje a zaji\u0161\u0165uj\u00ed optim\u00e1ln\u00ed v\u00fdkon. Mezi b\u011b\u017en\u00e9 t\u011bsnic\u00ed mechanismy pat\u0159\u00ed p\u00edstn\u00ed t\u011bsn\u011bn\u00ed, p\u00edstn\u00ed t\u011bsn\u011bn\u00ed a st\u00edrac\u00ed t\u011bsn\u011bn\u00ed. Materi\u00e1ly pou\u017eit\u00e9 pro t\u011bsn\u011bn\u00ed by m\u011bly b\u00fdt odoln\u00e9 proti opot\u0159eben\u00ed a trvanliv\u00e9.<\/p>\n<\/li>\n<li>\n<h3>Trvanlivost<\/h3>\n<p>Kore\u010dkov\u00e9 v\u00e1lce by m\u011bly b\u00fdt vyrobeny z odoln\u00fdch materi\u00e1l\u016f, aby odolaly n\u00e1ro\u010dn\u00e9mu pracovn\u00edmu prost\u0159ed\u00ed a \u010dast\u00e9mu pou\u017e\u00edv\u00e1n\u00ed. Povrch v\u00e1lcov\u00e9ho otvoru a z\u00e1vitov\u00e9ho konce by m\u011bl b\u00fdt o\u0161et\u0159en proti opot\u0159eben\u00ed, aby se prodlou\u017eila jejich \u017eivotnost.<\/p>\n<\/li>\n<li>\n<h3>Bezpe\u010dnost<\/h3>\n<p>Kore\u010dkov\u00e9 v\u00e1lce by m\u011bly b\u00fdt navr\u017eeny s ohledem na bezpe\u010dnost, aby se p\u0159ede\u0161lo nehod\u00e1m a \u0161kod\u00e1m na majetku. Bezpe\u010dnostn\u00ed prvky mohou zahrnovat p\u0159etlakov\u00e9 ventily, nouzov\u00e9 vyp\u00edna\u010de a mechanismy ochrany proti p\u0159et\u00ed\u017een\u00ed.<\/p>\n<\/li>\n<li>\n<h3>\u00dadr\u017eba<\/h3>\n<p>\u00dadr\u017eba a opravy v\u00e1lc\u016f kore\u010dk\u016f by m\u011bly b\u00fdt snadn\u00e9, aby se p\u0159ede\u0161lo prostoj\u016fm. Spr\u00e1vn\u00e9 postupy \u00fadr\u017eby zahrnuj\u00ed pravideln\u00e9 kontroly, \u010di\u0161t\u011bn\u00ed, maz\u00e1n\u00ed a v\u00fdm\u011bnu sou\u010d\u00e1st\u00ed.<\/p>\n<\/li>\n<\/ul>\n<p><img decoding=\"async\" src=\"https:\/\/www.hydraulic-cylinders.net\/wp-content\/uploads\/2025\/01\/songte-oil-pipes-and-spare-parts.webp\" alt=\"Obr\u00e1zek v\u00e1lce kbel\u00edku\"><\/p>\n<h2>T\u011bsn\u011bn\u00ed a maz\u00e1n\u00ed<\/h2>\n<p>Kore\u010dkov\u00e9 v\u00e1lce pou\u017e\u00edvaj\u00ed r\u016fzn\u00e9 t\u011bsnic\u00ed mechanismy, kter\u00e9 zabra\u0148uj\u00ed \u00faniku oleje a zaji\u0161\u0165uj\u00ed optim\u00e1ln\u00ed v\u00fdkon. Mezi tyto mechanismy pat\u0159\u00ed t\u011bsn\u011bn\u00ed p\u00edstu, t\u011bsn\u011bn\u00ed p\u00edstnice a st\u00edrac\u00ed t\u011bsn\u011bn\u00ed, kter\u00e1 by m\u011bla b\u00fdt vyrobena z materi\u00e1l\u016f odoln\u00fdch proti opot\u0159eben\u00ed, jako je polyuretan a nitrilov\u00e1 pry\u017e. Vnit\u0159n\u00ed otvor v\u00e1lce a povrch z\u00e1vitov\u00e9ho konce by m\u011bly b\u00fdt o\u0161et\u0159eny proti opot\u0159eben\u00ed a pro udr\u017een\u00ed optim\u00e1ln\u00edho provozu je nutn\u00e9 pravideln\u00e9 maz\u00e1n\u00ed.<\/p>\n<h2>\u00dadr\u017eba a opravy<\/h2>\n<p>Pro udr\u017een\u00ed optim\u00e1ln\u00ed funkce vy\u017eaduj\u00ed kore\u010dkov\u00e9 v\u00e1lce pravideln\u00e9 kontroly, \u010di\u0161t\u011bn\u00ed, maz\u00e1n\u00ed a v\u00fdm\u011bnu sou\u010d\u00e1st\u00ed. Mezi b\u011b\u017en\u00e9 \u00fakony \u00fadr\u017eby pat\u0159\u00ed:<\/p>\n<ul>\n<li>Pravideln\u00e1 kontrola: Kontrola \u00fanik\u016f oleje, po\u0161kozen\u00ed t\u011bsn\u011bn\u00ed a opot\u0159ebovan\u00fdch d\u00edl\u016f.<\/li>\n<li>Maz\u00e1n\u00ed: Na pohybliv\u00e9 \u010d\u00e1sti v\u00e1lce naneste vhodn\u00e9 mazivo, abyste sn\u00ed\u017eili t\u0159en\u00ed a zabr\u00e1nili opot\u0159eben\u00ed.<\/li>\n<li>V\u00fdm\u011bna t\u011bsn\u011bn\u00ed: Vym\u011b\u0148te opot\u0159ebovan\u00e1 t\u011bsn\u011bn\u00ed, abyste zabr\u00e1nili \u00faniku oleje a zajistili optim\u00e1ln\u00ed funkci.<\/li>\n<li>Kontrola kalibrace: Ov\u011b\u0159te, zda je v\u00fdkon v\u00e1lce optim\u00e1ln\u00ed, a v p\u0159\u00edpad\u011b pot\u0159eby jej se\u0159i\u010fte.<\/li>\n<li>V\u00fdm\u011bna sou\u010d\u00e1st\u00ed: Vym\u011b\u0148te po\u0161kozen\u00e9 nebo opot\u0159ebovan\u00e9 sou\u010d\u00e1sti pro obnoven\u00ed optim\u00e1ln\u00edho fungov\u00e1n\u00ed.<\/li>\n<\/ul>\n<p><img decoding=\"async\" src=\"https:\/\/www.hydraulic-cylinders.net\/wp-content\/uploads\/2025\/01\/songte-chushion-collar.webp\" alt=\"Obr\u00e1zek v\u00e1lce kbel\u00edku\"><\/p>\n<h2>Bezpe\u010dnostn\u00ed a environment\u00e1ln\u00ed aspekty<\/h2>\n<p>Kore\u010dkov\u00e9 v\u00e1lce by m\u011bly b\u00fdt pou\u017e\u00edv\u00e1ny s vhodn\u00fdmi bezpe\u010dnostn\u00edmi opat\u0159en\u00edmi, aby se zabr\u00e1nilo nehod\u00e1m a \u0161kod\u00e1m na majetku. Tato bezpe\u010dnostn\u00ed opat\u0159en\u00ed mohou zahrnovat p\u0159etlakov\u00e9 ventily, nouzov\u00e9 vyp\u00edna\u010de a mechanismy ochrany proti p\u0159et\u00ed\u017een\u00ed. P\u0159i likvidaci hydraulick\u00e9ho oleje a sou\u010d\u00e1st\u00ed v\u00e1lc\u016f je t\u0159eba zohlednit tak\u00e9 aspekty ochrany \u017eivotn\u00edho prost\u0159ed\u00ed.<\/p>\n<h2>Diagnostika a odstra\u0148ov\u00e1n\u00ed z\u00e1vad<\/h2>\n<p>U kore\u010dkov\u00fdch v\u00e1lc\u016f se mohou vyskytnout r\u016fzn\u00e9 z\u00e1vady, kter\u00e9 mohou ovlivnit jejich v\u00fdkon. Mezi b\u011b\u017en\u00e9 z\u00e1vady pat\u0159\u00ed \u00faniky oleje, po\u0161kozen\u00e1 t\u011bsn\u011bn\u00ed a opot\u0159ebovan\u00e9 sou\u010d\u00e1sti. Pro diagnostiku z\u00e1vad pravideln\u011b kontrolujte v\u00e1lec a hledejte zn\u00e1mky po\u0161kozen\u00ed nebo opot\u0159eben\u00ed. Chcete-li z\u00e1vadu vy\u0159e\u0161it, nahl\u00e9dn\u011bte do manu\u00e1lu v\u00fdrobce nebo se pora\u010fte s profesion\u00e1ln\u00edm hydraulick\u00fdm mechanikem.<\/p>\n<h2>P\u0159edstaven\u00ed spole\u010dnosti<\/h2>\n<p>Jsme p\u0159edn\u00edm v\u00fdrobcem a velkoobchodn\u00edm distributorem hydraulick\u00fdch v\u00e1lc\u016f na dom\u00e1c\u00edm i mezin\u00e1rodn\u00edm trhu. Na\u0161e v\u00fdrobky jsou vynikaj\u00edc\u00ed kvality a \u0159\u00edd\u00edme se strategi\u00ed \u0159\u00edzen\u00ed pr\u016fmyslov\u00e9 v\u00fdroby zalo\u017eenou na precizn\u00edch v\u00fdrobn\u00edch d\u00edln\u00e1ch, technick\u00fdch talentech, \u0161pi\u010dkov\u00e9m digit\u00e1ln\u00edm v\u00fdrobn\u00edm za\u0159\u00edzen\u00ed a profesion\u00e1ln\u00edch testovac\u00edch syst\u00e9mech. Na\u0161e v\u00fdrobn\u00ed platforma je neust\u00e1le vylep\u0161ov\u00e1na s c\u00edlem zdokonalit kvalitu v\u00fdroby na\u0161ich produkt\u016f, co\u017e vede k vysok\u00e9 efektivit\u011b, vysok\u00e9 p\u0159esnosti a vysoce kvalitn\u00edm produkt\u016fm, kter\u00e9 spl\u0148uj\u00ed rozmanit\u00e9 pot\u0159eby na\u0161ich z\u00e1kazn\u00edk\u016f.<\/p>\n<p>Na\u0161e spole\u010dnost nab\u00edz\u00ed zak\u00e1zkov\u00e9 slu\u017eby, profesion\u00e1ln\u00ed za\u0159\u00edzen\u00ed pro v\u00fdrobu hydraulick\u00fdch v\u00e1lc\u016f, mezin\u00e1rodn\u00ed certifikace a specializovan\u00fd poprodejn\u00ed servis. Specializujeme se na v\u00fdrobu v\u0161ech typ\u016f hydraulick\u00fdch v\u00e1lc\u016f, kter\u00e9 lze p\u0159izp\u016fsobit specifick\u00fdm pot\u0159eb\u00e1m na\u0161ich z\u00e1kazn\u00edk\u016f.<\/p>\n<p><img decoding=\"async\" src=\"https:\/\/hzpt.com\/wp-content\/uploads\/2024\/11\/songte-company-1.webp\" alt=\"Image spole\u010dnosti\"><\/p>\n<h2>Z\u00e1v\u011br<\/h2>\n<p>Z\u00e1v\u011brem lze \u0159\u00edci, \u017ee v\u00e1lec kope\u010dk\u016f pro Bonny WZT46-7\/45-7 je nezbytn\u00fd hydraulick\u00fd v\u00e1lec ur\u010den\u00fd pro ovl\u00e1d\u00e1n\u00ed pohybu kope\u010dk\u016f v t\u011b\u017ek\u00fdch stroj\u00edch. Na\u0161e spole\u010dnost je p\u0159edn\u00edm v\u00fdrobcem hydraulick\u00fdch v\u00e1lc\u016f, kter\u00fd nab\u00edz\u00ed vysoce kvalitn\u00ed produkty a profesion\u00e1ln\u00ed poprodejn\u00ed servis, aby splnil pot\u0159eby na\u0161ich z\u00e1kazn\u00edk\u016f. Douf\u00e1me, \u017ee tento \u010dl\u00e1nek poskytne u\u017eite\u010dn\u00e9 informace o v\u00e1lc\u00edch kope\u010dk\u016f a jejich pou\u017eit\u00ed, konstruk\u010dn\u00edch aspektech a postupech \u00fadr\u017eby.<\/p>\n<p>Autor: lyl<\/p>","protected":false},"excerpt":{"rendered":"<p>Bucket Cylinder For Bonny WZT46-7\/45-7 Introduction A bucket cylinder for Bonny WZT46-7\/45-7 is a type of hydraulic cylinder designed specifically for controlling the movement of the bucket in heavy machinery such as excavators, backhoe excavators, and front-end loaders. Its main function is to facilitate various material handling tasks by enabling the bucket to lift, lower, [&hellip;]<\/p>","protected":false},"featured_media":14765,"comment_status":"open","ping_status":"closed","template":"","meta":{"_et_pb_use_builder":"","_et_pb_old_content":"","_et_gb_content_width":""},"product_brand":[],"product_cat":[1494],"product_tag":[1495,1496],"class_list":{"0":"post-15939","1":"product","2":"type-product","3":"status-publish","4":"has-post-thumbnail","6":"product_cat-bucket-cylinders","7":"product_tag-bucket-cylinders","8":"product_tag-hydraulic-cylinders","10":"first","11":"instock","12":"shipping-taxable","13":"product-type-simple"},"amp_enabled":true,"_links":{"self":[{"href":"https:\/\/www.hydraulic-cylinders.net\/cs\/wp-json\/wp\/v2\/product\/15939","targetHints":{"allow":["GET"]}}],"collection":[{"href":"https:\/\/www.hydraulic-cylinders.net\/cs\/wp-json\/wp\/v2\/product"}],"about":[{"href":"https:\/\/www.hydraulic-cylinders.net\/cs\/wp-json\/wp\/v2\/types\/product"}],"replies":[{"embeddable":true,"href":"https:\/\/www.hydraulic-cylinders.net\/cs\/wp-json\/wp\/v2\/comments?post=15939"}],"wp:featuredmedia":[{"embeddable":true,"href":"https:\/\/www.hydraulic-cylinders.net\/cs\/wp-json\/wp\/v2\/media\/14765"}],"wp:attachment":[{"href":"https:\/\/www.hydraulic-cylinders.net\/cs\/wp-json\/wp\/v2\/media?parent=15939"}],"wp:term":[{"taxonomy":"product_brand","embeddable":true,"href":"https:\/\/www.hydraulic-cylinders.net\/cs\/wp-json\/wp\/v2\/product_brand?post=15939"},{"taxonomy":"product_cat","embeddable":true,"href":"https:\/\/www.hydraulic-cylinders.net\/cs\/wp-json\/wp\/v2\/product_cat?post=15939"},{"taxonomy":"product_tag","embeddable":true,"href":"https:\/\/www.hydraulic-cylinders.net\/cs\/wp-json\/wp\/v2\/product_tag?post=15939"}],"curies":[{"name":"wp","href":"https:\/\/api.w.org\/{rel}","templated":true}]}}