{"id":1595,"date":"2023-10-07T08:23:14","date_gmt":"2023-10-07T08:23:14","guid":{"rendered":"https:\/\/hydraulic-cylinders.net\/?post_type=product&#038;p=1595"},"modified":"2025-04-11T03:36:18","modified_gmt":"2025-04-11T03:36:18","slug":"mining-dump-truck-rear-suspension-cylinder","status":"publish","type":"product","link":"https:\/\/www.hydraulic-cylinders.net\/cs\/produkt\/mining-dump-truck-rear-suspension-cylinder\/","title":{"rendered":"Zadn\u00ed zav\u011b\u0161ovac\u00ed v\u00e1lec d\u016fln\u00edho skl\u00e1p\u011b\u010de"},"content":{"rendered":"<h1 style=\"text-align: center;\"><strong>Zadn\u00ed zav\u011b\u0161ovac\u00ed v\u00e1lec d\u016fln\u00edho skl\u00e1p\u011b\u010de<\/strong><\/h1>\n<p><img loading=\"lazy\" decoding=\"async\" class=\"aligncenter wp-image-1596\" src=\"https:\/\/hydraulic-cylinders.net\/wp-content\/uploads\/2023\/10\/rear-suspension-cylinder-1-300x300.webp\" alt=\"\" width=\"400\" height=\"400\" \/><\/p>\n<p>Zadn\u00ed v\u00e1lec odpru\u017een\u00ed d\u016fln\u00edho skl\u00e1p\u011b\u010de je kl\u00ed\u010dovou sou\u010d\u00e1st\u00ed speci\u00e1ln\u011b navr\u017eenou pro optimalizaci stability a v\u00fdkonu d\u016fln\u00edch skl\u00e1p\u011b\u010d\u016f. D\u00edky sv\u00e9 robustn\u00ed konstrukci a pokro\u010dil\u00fdm funkc\u00edm hraje tento v\u00e1lec kl\u00ed\u010dovou roli p\u0159i tlumen\u00ed n\u00e1raz\u016f, udr\u017eov\u00e1n\u00ed spr\u00e1vn\u00e9ho odpru\u017een\u00ed a zvy\u0161ov\u00e1n\u00ed celkov\u00e9 efektivity t\u011b\u017ek\u00fdch t\u011b\u017eebn\u00edch operac\u00ed.<\/p>\n<p>Zadn\u00ed odpru\u017een\u00ed v\u00e1lce d\u016fln\u00edho skl\u00e1p\u011b\u010de je nezbytnou sou\u010d\u00e1st\u00ed pro zv\u00fd\u0161en\u00ed stability, nosnosti a celkov\u00e9ho v\u00fdkonu d\u016fln\u00edch skl\u00e1p\u011b\u010d\u016f. Jeho robustn\u00ed konstrukce, vynikaj\u00edc\u00ed tlumen\u00ed n\u00e1raz\u016f a p\u0159esn\u00e9 ovl\u00e1d\u00e1n\u00ed odpru\u017een\u00ed z n\u011bj \u010din\u00ed cenn\u00fd p\u0159\u00ednos v n\u00e1ro\u010dn\u00e9m t\u011b\u017eebn\u00edm pr\u016fmyslu. Dodr\u017eov\u00e1n\u00edm spr\u00e1vn\u00fdch metod pou\u017e\u00edv\u00e1n\u00ed a prov\u00e1d\u011bn\u00edm pravideln\u00fdch postup\u016f \u00fadr\u017eby mohou obsluha zajistit dlouhou \u017eivotnost a spolehlivost zadn\u00edho odpru\u017een\u00ed v\u00e1lce d\u016fln\u00edho skl\u00e1p\u011b\u010de, co\u017e vede k bezpe\u010dn\u00e9mu a efektivn\u00edmu t\u011b\u017eebn\u00edmu provozu. Zvolte tento vysoce v\u00fdkonn\u00fd v\u00e1lec pro zv\u00fd\u0161en\u00ed stability, produktivity a pohodl\u00ed obsluhy va\u0161eho vozov\u00e9ho parku d\u016fln\u00edch skl\u00e1p\u011b\u010d\u016f.<\/p>\n<p>Kl\u00ed\u010dov\u00e9 vlastnosti zadn\u00edho odpru\u017een\u00ed v\u00e1lce t\u011b\u017eebn\u00edho skl\u00e1p\u011b\u010de:<\/p>\n<ol>\n<li>Robustn\u00ed a odoln\u00e1 konstrukce:<\/li>\n<\/ol>\n<ul>\n<li>Zadn\u00ed odpru\u017een\u00ed v\u00e1lce d\u016fln\u00edho skl\u00e1p\u011b\u010de je vyrobeno z vysoce kvalitn\u00edch materi\u00e1l\u016f, co\u017e zaru\u010duje jeho odolnost a dlouhou \u017eivotnost v n\u00e1ro\u010dn\u00fdch d\u016fln\u00edch podm\u00ednk\u00e1ch.<\/li>\n<li>Dok\u00e1\u017ee odolat t\u011b\u017ek\u00e9mu zat\u00ed\u017een\u00ed, neust\u00e1l\u00fdm vibrac\u00edm a n\u00e1ro\u010dn\u00e9mu ter\u00e9nu a poskytuje spolehliv\u00fd v\u00fdkon po celou dobu sv\u00e9 \u017eivotnosti.<\/li>\n<\/ul>\n<ol start=\"2\">\n<li>Vynikaj\u00edc\u00ed tlumen\u00ed n\u00e1raz\u016f:<\/li>\n<\/ol>\n<ul>\n<li>Tento v\u00e1lec je vybaven pokro\u010dilou technologi\u00ed tlumen\u00ed n\u00e1raz\u016f, kter\u00e1 \u00fa\u010dinn\u011b minimalizuje dopad ot\u0159es\u016f a vibrac\u00ed, ke kter\u00fdm doch\u00e1z\u00ed b\u011bhem t\u011b\u017eebn\u00edch operac\u00ed.<\/li>\n<li>Zvy\u0161uje stabilitu skl\u00e1p\u011b\u010de, sni\u017euje nam\u00e1h\u00e1n\u00ed sou\u010d\u00e1st\u00ed vozidla a zaji\u0161\u0165uje plynulej\u0161\u00ed a pohodln\u011bj\u0161\u00ed j\u00edzdu jak pro \u0159idi\u010de, tak pro u\u017eite\u010dn\u00e9 zat\u00ed\u017een\u00ed.<\/li>\n<\/ul>\n<ol start=\"3\">\n<li>P\u0159esn\u00e9 ovl\u00e1d\u00e1n\u00ed odpru\u017een\u00ed:<\/li>\n<\/ol>\n<ul>\n<li>Zadn\u00ed v\u00e1lec odpru\u017een\u00ed d\u016fln\u00edho skl\u00e1p\u011b\u010de umo\u017e\u0148uje p\u0159esn\u00e9 ovl\u00e1d\u00e1n\u00ed syst\u00e9mu odpru\u017een\u00ed, co\u017e obsluze umo\u017e\u0148uje upravovat nastaven\u00ed odpru\u017een\u00ed podle specifick\u00fdch t\u011b\u017eebn\u00edch podm\u00ednek.<\/li>\n<li>Tato funkce pom\u00e1h\u00e1 optimalizovat v\u00fdkon voz\u00edku zaji\u0161t\u011bn\u00edm spr\u00e1vn\u00e9 rovnov\u00e1hy mezi nosnost\u00ed, man\u00e9vrovatelnost\u00ed a stabilitou.<\/li>\n<\/ul>\n<h2><strong>Parametr zadn\u00edho odpru\u017een\u00ed v\u00e1lce t\u011b\u017eebn\u00edho skl\u00e1p\u011b\u010de:<\/strong><\/h2>\n<table border=\"1\" cellspacing=\"0\" cellpadding=\"0\">\n<tbody>\n<tr>\n<td>N\u00e1zev produktu<\/td>\n<td>Zadn\u00ed zav\u011b\u0161ovac\u00ed v\u00e1lec d\u016fln\u00edho skl\u00e1p\u011b\u010de<\/td>\n<\/tr>\n<tr>\n<td>Vlastnosti:<\/td>\n<td>Uneste v\u00e1hu, absorbujte a eliminujte vibrace<\/td>\n<\/tr>\n<tr>\n<td>Pr\u016fm\u011br otvoru:<\/td>\n<td>150 mm\uff5e450 mm<\/td>\n<\/tr>\n<tr>\n<td>Pr\u016fm\u011br ty\u010de:<\/td>\n<td>120 mm\uff5e400 mm<br \/>\nZdvih \u2264 400 mm<\/td>\n<\/tr>\n<tr>\n<td>Tahov\u00e1 s\u00edla:<\/td>\n<td>Maxim\u00e1ln\u00ed 38 MPa<\/td>\n<\/tr>\n<tr>\n<td>Pou\u017eit\u00ed v\u00e1lce zadn\u00edho zav\u011b\u0161en\u00ed:<\/td>\n<td>D\u016fln\u00ed skl\u00e1p\u011b\u010d<\/td>\n<\/tr>\n<\/tbody>\n<\/table>\n<h2><strong>Sch\u00e9ma identifikace v\u00e1lce d\u016fln\u00edho skl\u00e1p\u011b\u010de:<\/strong><\/h2>\n<p><img loading=\"lazy\" decoding=\"async\" class=\"alignnone wp-image-1594 size-full\" src=\"https:\/\/hydraulic-cylinders.net\/wp-content\/uploads\/2023\/10\/mining-dump-truck-cylinder.webp\" alt=\"\" width=\"1418\" height=\"946\" srcset=\"https:\/\/hydraulic-cylinders.net\/wp-content\/uploads\/2023\/10\/mining-dump-truck-cylinder.webp 1418w, https:\/\/hydraulic-cylinders.net\/wp-content\/uploads\/2023\/10\/mining-dump-truck-cylinder-1280x854.webp 1280w, https:\/\/hydraulic-cylinders.net\/wp-content\/uploads\/2023\/10\/mining-dump-truck-cylinder-980x654.webp 980w, https:\/\/hydraulic-cylinders.net\/wp-content\/uploads\/2023\/10\/mining-dump-truck-cylinder-480x320.webp 480w\" sizes=\"(min-width: 0px) and (max-width: 480px) 480px, (min-width: 481px) and (max-width: 980px) 980px, (min-width: 981px) and (max-width: 1280px) 1280px, (min-width: 1281px) 1418px, 100vw\" \/><\/p>\n<h2><strong>Zp\u016fsob pou\u017eit\u00ed zadn\u00edho zav\u011b\u0161en\u00ed v\u00e1lce t\u011b\u017eebn\u00edho skl\u00e1p\u011b\u010de<\/strong><strong>:<\/strong><\/h2>\n<ol>\n<li><strong>Instalace a kalibrace:<\/strong><\/li>\n<\/ol>\n<ul>\n<li>Zadn\u00ed odpru\u017een\u00ed v\u00e1lce d\u016fln\u00edho skl\u00e1p\u011b\u010de by m\u011blo b\u00fdt instalov\u00e1no a kalibrov\u00e1no kvalifikovan\u00fdmi techniky, kte\u0159\u00ed jsou obezn\u00e1meni se specifick\u00fdmi po\u017eadavky d\u016fln\u00edch skl\u00e1p\u011b\u010d\u016f.<\/li>\n<li>Spr\u00e1vn\u00e1 instalace a kalibrace zaji\u0161\u0165uj\u00ed optim\u00e1ln\u00ed v\u00fdkon a dodr\u017eov\u00e1n\u00ed bezpe\u010dnostn\u00edch norem.<\/li>\n<\/ul>\n<ol start=\"2\">\n<li><strong>Nastaven\u00ed odpru\u017een\u00ed:<\/strong><\/li>\n<\/ol>\n<ul>\n<li>K nastaven\u00ed zadn\u00edho odpru\u017een\u00ed pou\u017eijte syst\u00e9m ovl\u00e1d\u00e1n\u00ed odpru\u017een\u00ed, kter\u00fd je sou\u010d\u00e1st\u00ed kabiny n\u00e1kladn\u00edho vozidla.<\/li>\n<li>P\u0159i nastavov\u00e1n\u00ed odpru\u017een\u00ed berte v \u00favahu faktory, jako je hmotnost n\u00e1kladu, ter\u00e9nn\u00ed podm\u00ednky a po\u017eadovan\u00e1 v\u00fd\u0161ka j\u00edzdy.<\/li>\n<\/ul>\n<ol start=\"3\">\n<li><strong>Pravideln\u00e9 monitorov\u00e1n\u00ed:<\/strong><\/li>\n<\/ol>\n<ul>\n<li>B\u011bhem provozu pr\u016fb\u011b\u017en\u011b sledujte v\u00fdkon syst\u00e9mu zadn\u00edho odpru\u017een\u00ed d\u016fln\u00edho skl\u00e1p\u011b\u010de.<\/li>\n<li>V\u011bnujte pozornost jak\u00fdmkoli zn\u00e1mk\u00e1m nadm\u011brn\u00e9ho poskakov\u00e1n\u00ed, nestability nebo neobvykl\u00fdch zvuk\u016f, proto\u017ee mohou nazna\u010dovat pot\u0159ebu se\u0159\u00edzen\u00ed nebo \u00fadr\u017eby.<\/li>\n<\/ul>\n<h2><strong>Co je plnic\u00ed tlak v hydraulick\u00e9m syst\u00e9mu?<\/strong><\/h2>\n<p>V hydraulick\u00e9m syst\u00e9mu se plnic\u00ed tlak vztahuje k tlaku hydraulick\u00e9 kapaliny v syst\u00e9mu. Je to tlak, kter\u00fd na kapalinu vyv\u00edj\u00ed extern\u00ed zdroj energie, jako je \u010derpadlo nebo akumul\u00e1tor, aby syst\u00e9m mohl dod\u00e1vat energii pot\u0159ebnou k pln\u011bn\u00ed sv\u00fdch zam\u00fd\u0161len\u00fdch funkc\u00ed.<\/p>\n<p>Plnic\u00ed tlak je kl\u00ed\u010dov\u00fdm parametrem v hydraulick\u00e9m syst\u00e9mu, proto\u017ee ur\u010duje s\u00edlu a rychlost, s jakou mohou hydraulick\u00e9 aktu\u00e1tory, jako jsou v\u00e1lce nebo motory, pracovat. Zde je n\u011bkolik kl\u00ed\u010dov\u00fdch bod\u016f, kter\u00e9 je t\u0159eba o plnic\u00edm tlaku v\u011bd\u011bt:<\/p>\n<ol>\n<li><strong>V\u00fdroba energie:<\/strong> Hydraulick\u00e9 \u010derpadlo prim\u00e1rn\u011b vytv\u00e1\u0159\u00ed plnic\u00ed tlak, kter\u00fd nas\u00e1v\u00e1 kapalinu ze z\u00e1sobn\u00edku a natlakuje ji. \u010cerpadlo nep\u0159etr\u017eit\u011b dod\u00e1v\u00e1 do syst\u00e9mu stanoven\u00fd tlak, aby byl zaji\u0161t\u011bn konzistentn\u00ed provoz.<\/li>\n<li><strong>N\u00e1vrh syst\u00e9mu:<\/strong> Plnic\u00ed tlak je obvykle ur\u010den konstruk\u010dn\u00edmi po\u017eadavky hydraulick\u00e9ho syst\u00e9mu. Je ovlivn\u011bn faktory, jako je nosnost, po\u017eadovan\u00e1 provozn\u00ed rychlost a typ pohonu.<\/li>\n<li><strong>Regulace tlaku:<\/strong> Hydraulick\u00e9 syst\u00e9my \u010dasto obsahuj\u00ed p\u0159etlakov\u00e9 nebo regula\u010dn\u00ed ventily pro regulaci plnic\u00edho tlaku. Tyto ventily zaji\u0161\u0165uj\u00ed, aby tlak z\u016fstal v bezpe\u010dn\u00e9m a optim\u00e1ln\u00edm rozsahu, a chr\u00e1n\u00ed tak syst\u00e9m p\u0159ed p\u0159etlakem.<\/li>\n<li><strong>S\u00edla a rychlost:<\/strong> Plnic\u00ed tlak p\u0159\u00edmo ovliv\u0148uje v\u00fdkon a rychlost, s jakou hydraulick\u00e9 aktu\u00e1tory pracuj\u00ed. Vy\u0161\u0161\u00ed plnic\u00ed tlak zvy\u0161uje v\u00fdstupn\u00ed s\u00edlu, co\u017e umo\u017e\u0148uje syst\u00e9mu pohybovat t\u011b\u017e\u0161\u00edmi b\u0159emeny. Naopak ni\u017e\u0161\u00ed plnic\u00ed tlak m\u016f\u017ee v\u00fdstupn\u00ed s\u00edlu sn\u00ed\u017eit, ale poskytuje plynulej\u0161\u00ed a p\u0159esn\u011bj\u0161\u00ed ovl\u00e1d\u00e1n\u00ed pro specifick\u00e9 aplikace.<\/li>\n<li><strong>\u00da\u010dinnost a v\u00fdroba tepla:<\/strong> Plnic\u00ed tlak tak\u00e9 ovliv\u0148uje celkovou \u00fa\u010dinnost hydraulick\u00e9ho syst\u00e9mu. Vy\u0161\u0161\u00ed plnic\u00ed tlak m\u016f\u017ee zv\u00fd\u0161it spot\u0159ebu energie a generovat v\u00edce tepla v syst\u00e9mu. Efektivn\u00ed regulace tlaku a spr\u00e1vn\u00e1 konstrukce syst\u00e9mu pom\u00e1haj\u00ed zm\u00edrnit energetick\u00e9 ztr\u00e1ty a \u0159\u00eddit odvod tepla.<\/li>\n<li><strong>Tlakov\u00e9 ztr\u00e1ty:<\/strong> Je d\u016fle\u017eit\u00e9 zohlednit tlakov\u00e9 ztr\u00e1ty v hydraulick\u00e9m syst\u00e9mu v d\u016fsledku t\u0159en\u00ed kapaliny, omezen\u00ed pr\u016ftoku a pokles\u016f tlaku nap\u0159\u00ed\u010d ventily a komponenty. Tyto ztr\u00e1ty mohou ovlivnit skute\u010dn\u00fd plnic\u00ed tlak, kter\u00e9mu \u010del\u00ed aktu\u00e1tory, a m\u011bly by b\u00fdt minimalizov\u00e1ny, aby se zachoval po\u017eadovan\u00fd v\u00fdkon.<\/li>\n<\/ol>\n<h2><strong>Schopnosti a kapacita tov\u00e1rny:<\/strong><\/h2>\n<h3>(1) Mont\u00e1\u017e<\/h3>\n<p>Disponujeme prvot\u0159\u00eddn\u00ed nez\u00e1vislou v\u00fdzkumnou a v\u00fdvojovou mont\u00e1\u017en\u00ed platformou. D\u00edlna na v\u00fdrobu hydraulick\u00fdch v\u00e1lc\u016f m\u00e1 \u010dty\u0159i poloautomatick\u00e9 mont\u00e1\u017en\u00ed linky pro zvedac\u00ed v\u00e1lce a jednu automatickou mont\u00e1\u017en\u00ed linku pro nakl\u00e1p\u011bc\u00ed v\u00e1lce s projektovanou ro\u010dn\u00ed v\u00fdrobn\u00ed kapacitou 1 milion kus\u016f. D\u00edlna na speci\u00e1ln\u00ed v\u00e1lce je vybavena poloautomatick\u00fdm \u010distic\u00edm mont\u00e1\u017en\u00edm syst\u00e9mem s r\u016fzn\u00fdmi specifikacemi a projektovanou ro\u010dn\u00ed v\u00fdrobn\u00ed kapacitou 200 000 kus\u016f a je vybavena zn\u00e1m\u00fdm CNC obr\u00e1b\u011bc\u00edm za\u0159\u00edzen\u00edm, obr\u00e1b\u011bc\u00edm centrem, vysoce p\u0159esn\u00fdm speci\u00e1ln\u00edm za\u0159\u00edzen\u00edm pro zpracov\u00e1n\u00ed v\u00e1lc\u016f, robotick\u00fdm sva\u0159ovac\u00edm strojem, automatick\u00fdm \u010distic\u00edm strojem, automatick\u00fdm mont\u00e1\u017en\u00edm strojem pro v\u00e1lce a automatickou lakovac\u00ed v\u00fdrobn\u00ed linkou. St\u00e1vaj\u00edc\u00ed kritick\u00e9 vybaven\u00ed m\u00e1 v\u00edce ne\u017e 300 sad. Optim\u00e1ln\u00ed alokace a efektivn\u00ed vyu\u017eit\u00ed zdroj\u016f za\u0159\u00edzen\u00ed zaji\u0161\u0165uje po\u017eadavky na p\u0159esnost v\u00fdrobk\u016f a spl\u0148uje po\u017eadavky na vysokou kvalitu v\u00fdrobk\u016f.<\/p>\n<p><img loading=\"lazy\" decoding=\"async\" class=\"alignnone wp-image-626\" src=\"https:\/\/hydraulic-cylinders.net\/wp-content\/uploads\/2023\/08\/hydraulic-cylinder-product-1-300x158.webp\" alt=\"\" width=\"495\" height=\"260\" srcset=\"https:\/\/hydraulic-cylinders.net\/wp-content\/uploads\/2023\/08\/hydraulic-cylinder-product-1-300x158.webp 495w, https:\/\/hydraulic-cylinders.net\/wp-content\/uploads\/2023\/08\/hydraulic-cylinder-product-1-480x252.webp 480w\" sizes=\"(min-width: 0px) and (max-width: 480px) 480px, (min-width: 481px) 495px, 100vw\" \/> <img loading=\"lazy\" decoding=\"async\" class=\"alignnone wp-image-627\" src=\"https:\/\/hydraulic-cylinders.net\/wp-content\/uploads\/2023\/08\/hydraulic-cylinder-product-2-300x189.webp\" alt=\"\" width=\"413\" height=\"260\" \/><\/p>\n<h3>(2) Obr\u00e1b\u011bn\u00ed<\/h3>\n<p>Obrobna je vybavena zak\u00e1zkov\u00fdm soustru\u017enick\u00fdm centrem pro \u0161ikm\u00e9 kolejnice, obr\u00e1b\u011bc\u00edm centrem, vysokorychlostn\u00edm honovac\u00edm strojem, sva\u0159ovac\u00edm robotem a dal\u0161\u00edm souvisej\u00edc\u00edm za\u0159\u00edzen\u00edm, kter\u00e9 zvl\u00e1dne obr\u00e1b\u011bn\u00ed v\u00e1lcov\u00fdch trubek s maxim\u00e1ln\u00edm vnit\u0159n\u00edm pr\u016fm\u011brem 400 mm a maxim\u00e1ln\u00ed d\u00e9lkou 6 metr\u016f.<\/p>\n<p><img loading=\"lazy\" decoding=\"async\" class=\"alignnone wp-image-628 size-large\" src=\"https:\/\/hydraulic-cylinders.net\/wp-content\/uploads\/2023\/08\/hydraulic-cylinder-product-3-1024x391.webp\" alt=\"\" width=\"1024\" height=\"391\" srcset=\"https:\/\/hydraulic-cylinders.net\/wp-content\/uploads\/2023\/08\/hydraulic-cylinder-product-3-980x374.webp 980w, https:\/\/hydraulic-cylinders.net\/wp-content\/uploads\/2023\/08\/hydraulic-cylinder-product-3-480x183.webp 480w\" sizes=\"(min-width: 0px) and (max-width: 480px) 480px, (min-width: 481px) and (max-width: 980px) 980px, (min-width: 981px) 1024px, 100vw\" \/><\/p>\n<h3>(3) Sva\u0159ov\u00e1n\u00ed<\/h3>\n<p><img loading=\"lazy\" decoding=\"async\" class=\"alignnone wp-image-629 size-large\" src=\"https:\/\/hydraulic-cylinders.net\/wp-content\/uploads\/2023\/08\/hydraulic-cylinder-product-4-1024x510.webp\" alt=\"\" width=\"1024\" height=\"510\" srcset=\"https:\/\/hydraulic-cylinders.net\/wp-content\/uploads\/2023\/08\/hydraulic-cylinder-product-4-980x488.webp 980w, https:\/\/hydraulic-cylinders.net\/wp-content\/uploads\/2023\/08\/hydraulic-cylinder-product-4-480x239.webp 480w\" sizes=\"(min-width: 0px) and (max-width: 480px) 480px, (min-width: 481px) and (max-width: 980px) 980px, (min-width: 981px) 1024px, 100vw\" \/><\/p>\n<h3>(4) Lakov\u00e1n\u00ed a n\u00e1t\u011bry<\/h3>\n<p>S mal\u00fdmi a st\u0159edn\u00edmi v\u00e1lcov\u00fdmi automatick\u00fdmi linkami na nan\u00e1\u0161en\u00ed barev na vodn\u00ed b\u00e1zi, pro dosa\u017een\u00ed automatick\u00e9ho robotick\u00e9ho nakl\u00e1d\u00e1n\u00ed a vykl\u00e1d\u00e1n\u00ed a automatick\u00e9ho st\u0159\u00edk\u00e1n\u00ed, je konstruk\u010dn\u00ed kapacita 4000 kus\u016f za sm\u011bnu;<br \/>\nM\u00e1me tak\u00e9 poloautomatickou linku na v\u00fdrobu barev pro velk\u00e9 tlakov\u00e9 lahve poh\u00e1n\u011bn\u00e9 \u0159et\u011bzem s konstruk\u010dn\u00ed kapacitou 60 lahv\u00ed za sm\u011bnu.<\/p>\n<p><img loading=\"lazy\" decoding=\"async\" class=\"alignnone wp-image-630\" src=\"https:\/\/hydraulic-cylinders.net\/wp-content\/uploads\/2023\/08\/hydraulic-cylinder-product-5-300x213.webp\" alt=\"\" width=\"366\" height=\"260\" \/> <img loading=\"lazy\" decoding=\"async\" class=\"alignnone wp-image-631\" src=\"https:\/\/hydraulic-cylinders.net\/wp-content\/uploads\/2023\/08\/hydraulic-cylinder-product-6-300x225.webp\" alt=\"\" width=\"347\" height=\"260\" \/><\/p>\n<h3>(5) Testov\u00e1n\u00ed<\/h3>\n<p>Disponujeme prvot\u0159\u00eddn\u00edmi inspek\u010dn\u00edmi za\u0159\u00edzen\u00edmi a zku\u0161ebn\u00edmi laborato\u0159emi, abychom zajistili, \u017ee v\u00fdkon v\u00e1lce spl\u0148uje po\u017eadavky.<\/p>\n<p><img loading=\"lazy\" decoding=\"async\" class=\"alignnone wp-image-632\" src=\"https:\/\/hydraulic-cylinders.net\/wp-content\/uploads\/2023\/08\/hydraulic-cylinder-product-8-300x200.webp\" alt=\"\" width=\"389\" height=\"260\" \/><\/p>\n<p>&nbsp;<\/p>\n<p>&nbsp;<\/p>\n<p>Jsme jedn\u00edm z nejlep\u0161\u00edch v\u00fdrobc\u016f hydraulick\u00fdch v\u00e1lc\u016f. Nab\u00edz\u00edme komplexn\u00ed hydraulick\u00e9 v\u00e1lce. Dod\u00e1v\u00e1me tak\u00e9 odpov\u00eddaj\u00edc\u00ed <a href=\"https:\/\/hzpt.com\/agricultural-pto-gearbox\/\" target=\"_blank\" rel=\"noopener\">zem\u011bd\u011blsk\u00e9 p\u0159evodovky<\/a>Na\u0161e v\u00fdrobky jsme exportovali klient\u016fm po cel\u00e9m sv\u011bt\u011b a d\u00edky vynikaj\u00edc\u00ed kvalit\u011b v\u00fdrobk\u016f a poprodejn\u00edmu servisu jsme si z\u00edskali dobrou pov\u011bst. V\u00edt\u00e1me z\u00e1kazn\u00edky doma i v zahrani\u010d\u00ed, kte\u0159\u00ed n\u00e1s kontaktuj\u00ed za \u00fa\u010delem vyjedn\u00e1v\u00e1n\u00ed obchodn\u00edch p\u0159\u00edle\u017eitost\u00ed, v\u00fdm\u011bny informac\u00ed a <a href=\"https:\/\/www.hydraulic-cylinders.net\/cs\/contact-us\/\">spolupracujte s n\u00e1mi<\/a>!<\/p>","protected":false},"excerpt":{"rendered":"<p>Mining Dump Truck Rear Suspension Cylinder The mining dump truck rear suspension cylinder is a vital component specifically designed to optimize the stability and performance of mining dump trucks. With its robust construction and advanced features, this cylinder plays a crucial role in absorbing shocks, maintaining proper suspension, and enhancing the overall efficiency of heavy-duty [&hellip;]<\/p>","protected":false},"featured_media":1598,"comment_status":"open","ping_status":"closed","template":"","meta":{"_et_pb_use_builder":"","_et_pb_old_content":"","_et_gb_content_width":""},"product_brand":[],"product_cat":[1550,1517,1532,1376],"product_tag":[1380],"class_list":{"0":"post-1595","1":"product","2":"type-product","3":"status-publish","4":"has-post-thumbnail","6":"product_cat-double-acting-hydraulic-cylinder","7":"product_cat-dump-truck-hydraulic-cylinders","8":"product_cat-mining-dump-truck-hydraulic-cylinders","9":"product_cat-hydraulic-cylinder","10":"product_tag-hydraulic-cylinder","12":"first","13":"instock","14":"shipping-taxable","15":"product-type-simple"},"amp_enabled":true,"_links":{"self":[{"href":"https:\/\/www.hydraulic-cylinders.net\/cs\/wp-json\/wp\/v2\/product\/1595","targetHints":{"allow":["GET"]}}],"collection":[{"href":"https:\/\/www.hydraulic-cylinders.net\/cs\/wp-json\/wp\/v2\/product"}],"about":[{"href":"https:\/\/www.hydraulic-cylinders.net\/cs\/wp-json\/wp\/v2\/types\/product"}],"replies":[{"embeddable":true,"href":"https:\/\/www.hydraulic-cylinders.net\/cs\/wp-json\/wp\/v2\/comments?post=1595"}],"wp:featuredmedia":[{"embeddable":true,"href":"https:\/\/www.hydraulic-cylinders.net\/cs\/wp-json\/wp\/v2\/media\/1598"}],"wp:attachment":[{"href":"https:\/\/www.hydraulic-cylinders.net\/cs\/wp-json\/wp\/v2\/media?parent=1595"}],"wp:term":[{"taxonomy":"product_brand","embeddable":true,"href":"https:\/\/www.hydraulic-cylinders.net\/cs\/wp-json\/wp\/v2\/product_brand?post=1595"},{"taxonomy":"product_cat","embeddable":true,"href":"https:\/\/www.hydraulic-cylinders.net\/cs\/wp-json\/wp\/v2\/product_cat?post=1595"},{"taxonomy":"product_tag","embeddable":true,"href":"https:\/\/www.hydraulic-cylinders.net\/cs\/wp-json\/wp\/v2\/product_tag?post=1595"}],"curies":[{"name":"wp","href":"https:\/\/api.w.org\/{rel}","templated":true}]}}