{"id":15955,"date":"2025-01-19T15:12:47","date_gmt":"2025-01-19T15:12:47","guid":{"rendered":"https:\/\/www.hydraulic-cylinders.net\/product\/bucket-cylinder-for-baoding-wy80-6\/"},"modified":"2025-01-19T15:12:49","modified_gmt":"2025-01-19T15:12:49","slug":"bucket-cylinder-for-baoding-wy80-6","status":"publish","type":"product","link":"https:\/\/www.hydraulic-cylinders.net\/cs\/produkt\/bucket-cylinder-for-baoding-wy80-6\/","title":{"rendered":"Kbel\u00edkov\u00fd v\u00e1lec pro Baoding WY80-6"},"content":{"rendered":"<h2>Zaveden\u00ed<\/h2>\n<h3>Kbel\u00edkov\u00fd v\u00e1lec pro Baoding WY80-6<\/h3>\n<p>Hydraulick\u00fd v\u00e1lec l\u017e\u00edce pro Baoding WY80-6 je typ specializovan\u00e9ho hydraulick\u00e9ho v\u00e1lce ur\u010den\u00e9ho p\u0159edev\u0161\u00edm pro ovl\u00e1d\u00e1n\u00ed pohybu l\u017e\u00edce v t\u011b\u017ek\u00fdch stroj\u00edch, jako jsou bagry, r\u00fdpadla-naklada\u010de a \u010deln\u00ed naklada\u010de. Jeho hlavn\u00ed funkc\u00ed je umo\u017enit zved\u00e1n\u00ed, spou\u0161t\u011bn\u00ed a nakl\u00e1p\u011bn\u00ed l\u017e\u00edce, co\u017e usnad\u0148uje p\u0159epravu r\u016fzn\u00fdch materi\u00e1l\u016f. V hydraulick\u00e9m syst\u00e9mu dosahuje v\u00e1lec l\u017e\u00edce p\u0159esn\u00e9ho ovl\u00e1d\u00e1n\u00ed pohybu l\u017e\u00edce zm\u011bnami tlaku hydraulick\u00e9ho oleje, co\u017e umo\u017e\u0148uje obsluze efektivn\u011b manipulovat s t\u011b\u017ek\u00fdmi b\u0159emeny a p\u0159izp\u016fsobovat se slo\u017eit\u00fdm pracovn\u00edm prost\u0159ed\u00edm a rozmanit\u00fdm po\u017eadavk\u016fm na pr\u00e1ci.<\/p>\n<p><img decoding=\"async\" src=\"https:\/\/www.hydraulic-cylinders.net\/wp-content\/uploads\/2025\/01\/songte-company-2.webp\" alt=\"Obr\u00e1zek v\u00e1lce kbel\u00edku\"><\/p>\n<h2>Funkce<\/h2>\n<ul>\n<li><strong>Vysok\u00e1 pevnost a trvanlivost:<\/strong> Tento v\u00e1lec, obvykle vyroben\u00fd z vysokopevnostn\u00ed oceli nebo hlin\u00edku, odol\u00e1 vysok\u00e9mu tlaku a velk\u00e9mu zat\u00ed\u017een\u00ed, a p\u0159izp\u016fsob\u00ed se tak n\u00e1ro\u010dn\u00e9mu pracovn\u00edmu prost\u0159ed\u00ed. Jeho konstrukce zohled\u0148uje odolnost proti opot\u0159eben\u00ed a korozi, co\u017e prodlu\u017euje jeho \u017eivotnost.<\/li>\n<li><strong>Efektivn\u00ed hydraulick\u00fd provoz:<\/strong> D\u00edky vyu\u017eit\u00ed tlaku hydraulick\u00e9ho oleje k dosa\u017een\u00ed plynul\u00e9ho roztahov\u00e1n\u00ed a smr\u0161\u0165ov\u00e1n\u00ed dok\u00e1\u017ee rychle reagovat na provozn\u00ed povely a poskytovat siln\u00e9 tla\u010dn\u00e9 a ta\u017en\u00e9 s\u00edly vhodn\u00e9 pro manipulaci s t\u011b\u017ek\u00fdmi b\u0159emeny a slo\u017eit\u00e9 pracovn\u00ed \u00fakoly.<\/li>\n<li><strong>R\u016fzn\u00e9 typy:<\/strong> V\u00e1lec lze zvolit podle po\u017eadavku na jedno\u010dinn\u00fd (hydraulika pou\u017e\u00edv\u00e1na pouze v jednom sm\u011bru) nebo dvoj\u010dinn\u00fd (hydraulika pou\u017e\u00edv\u00e1na v obou sm\u011brech), aby spl\u0148oval r\u016fzn\u00e9 provozn\u00ed pot\u0159eby. N\u011bkter\u00e9 modely jsou teleskopick\u00e9, co\u017e umo\u017e\u0148uje v\u011bt\u0161\u00ed v\u00fdsuv bez zv\u011bt\u0161en\u00ed vn\u011bj\u0161\u00edch rozm\u011br\u016f, a proto jsou vhodn\u00e9 pro aplikace s omezen\u00fdm prostorem.<\/li>\n<li><strong>Cenov\u011b v\u00fdhodn\u00e9:<\/strong> Na\u0161e produkty dok\u00e1\u017e\u00ed tyto hydraulick\u00e9 v\u00e1lce dokonale nahradit a p\u0159edstavuj\u00ed tak ekonomick\u00e9 \u0159e\u0161en\u00ed.<\/li>\n<li><strong>P\u0159izp\u016fsobiteln\u00e9:<\/strong> V\u00e1lec m\u016f\u017eeme p\u0159izp\u016fsobit specifick\u00fdm pot\u0159eb\u00e1m na\u0161ich z\u00e1kazn\u00edk\u016f.<\/li>\n<\/ul>\n<p><img decoding=\"async\" src=\"https:\/\/www.hydraulic-cylinders.net\/wp-content\/uploads\/2025\/01\/songte-cylinder-head-with-all-kinds-excavator-models.webp\" alt=\"Obr\u00e1zek v\u00e1lce kbel\u00edku\"><\/p>\n<h2>Aplikace<\/h2>\n<p>Kore\u010dkov\u00fd v\u00e1lec pro Baoding WY80-6 m\u00e1 \u0161irokou \u0161k\u00e1lu pou\u017eit\u00ed, v\u010detn\u011b:<\/p>\n<ul>\n<li><strong>Stavebn\u00ed vybaven\u00ed:<\/strong> U bagr\u016f jsou nezbytn\u00e9 pro kop\u00e1n\u00ed, nakl\u00e1d\u00e1n\u00ed a p\u0159emis\u0165ov\u00e1n\u00ed zeminy nebo suti. U r\u00fdpadel s r\u00fdpadly pom\u00e1h\u00e1 v\u00e1lec kore\u010dkov\u00e9ho v\u00e1lce jak p\u0159i kop\u00e1n\u00ed, tak p\u0159i zved\u00e1n\u00ed. U \u010deln\u00edch naklada\u010d\u016f pom\u00e1haj\u00ed efektivn\u011b zvedat a nakl\u00e1n\u011bt zbo\u017e\u00ed.<\/li>\n<li><strong>Zem\u011bd\u011blsk\u00e9 stroje:<\/strong> Pou\u017e\u00edv\u00e1 se v \u010deln\u00edch naklada\u010d\u00edch k nab\u00edr\u00e1n\u00ed, zved\u00e1n\u00ed a p\u0159eprav\u011b zeminy, sena a dal\u0161\u00edch materi\u00e1l\u016f. U bagr\u016f umo\u017e\u0148uje v\u00e1lec l\u017e\u00edce proniknout do p\u016fdy a prov\u00e1d\u011bt kopac\u00ed operace.<\/li>\n<\/ul>\n<h3>Stavebn\u00ed vybaven\u00ed:<\/h3>\n<p>U bagr\u016f je v\u00e1lec l\u017e\u00edce nezbytn\u00fd pro kop\u00e1n\u00ed, nakl\u00e1d\u00e1n\u00ed a p\u0159emis\u0165ov\u00e1n\u00ed zeminy nebo suti. Umo\u017e\u0148uje obsluze snadno ovl\u00e1dat pohyb l\u017e\u00edce, co\u017e umo\u017e\u0148uje prov\u00e1d\u011bt slo\u017eit\u00e9 \u00fakoly v kr\u00e1tk\u00e9m \u010dase. U r\u00fdpadel s r\u00fdpadly pom\u00e1h\u00e1 v\u00e1lec l\u017e\u00edce jak p\u0159i kop\u00e1n\u00ed, tak p\u0159i zved\u00e1n\u00ed, co\u017e umo\u017e\u0148uje obsluze snadno p\u0159emis\u0165ovat t\u011b\u017ek\u00e1 b\u0159emena. U \u010deln\u00edch naklada\u010d\u016f pom\u00e1h\u00e1 efektivn\u011b zvedat a nakl\u00e1n\u011bt zbo\u017e\u00ed, co\u017e umo\u017e\u0148uje obsluze bezpe\u010dn\u011b a efektivn\u011b prov\u00e1d\u011bt slo\u017eit\u00e9 \u00fakoly.<\/p>\n<h3>Zem\u011bd\u011blsk\u00e9 stroje:<\/h3>\n<p>V\u00e1lec l\u017e\u00edce pro Baoding WY80-6 se pou\u017e\u00edv\u00e1 v \u010deln\u00edch naklada\u010d\u00edch k nab\u00edr\u00e1n\u00ed, zved\u00e1n\u00ed a p\u0159eprav\u011b zeminy, sena a dal\u0161\u00edch materi\u00e1l\u016f. U bagr\u016f umo\u017e\u0148uje v\u00e1lec l\u017e\u00edce proniknout do p\u016fdy a prov\u00e1d\u011bt kopac\u00ed operace, co\u017e z n\u011bj \u010din\u00ed nezbytnou sou\u010d\u00e1st zem\u011bd\u011blsk\u00fdch stroj\u016f.<\/p>\n<p><img decoding=\"async\" src=\"https:\/\/www.hydraulic-cylinders.net\/wp-content\/uploads\/2025\/01\/songte-bushings-with-all-kinds-of-excavator-models.webp\" alt=\"Obr\u00e1zek v\u00e1lce kbel\u00edku\"><\/p>\n<h2>Konstruk\u010dn\u00ed aspekty a krit\u00e9ria v\u00fdb\u011bru<\/h2>\n<p>Konstrukce kore\u010dkov\u00e9ho v\u00e1lce pro Baoding WY80-6 zohled\u0148uje n\u011bkolik faktor\u016f, v\u010detn\u011b:<\/p>\n<ul>\n<li><strong>Nosnost:<\/strong> V\u00e1lec mus\u00ed b\u00fdt schopen odolat velk\u00e9mu zat\u00ed\u017een\u00ed a vysok\u00e9mu tlaku.<\/li>\n<li><strong>T\u011bsn\u011bn\u00ed:<\/strong> V\u00e1lec mus\u00ed b\u00fdt schopen udr\u017eovat bezpe\u010dn\u00e9 ut\u011bsn\u011bn\u00ed, aby se zabr\u00e1nilo \u00faniku hydraulick\u00e9 kapaliny.<\/li>\n<li><strong>Trvanlivost:<\/strong> V\u00e1lec mus\u00ed b\u00fdt schopen odolat n\u00e1ro\u010dn\u00e9mu pracovn\u00edmu prost\u0159ed\u00ed a m\u00edt dlouhou \u017eivotnost.<\/li>\n<li><strong>Bezpe\u010dnost:<\/strong> V\u00e1lec mus\u00ed b\u00fdt navr\u017een s ohledem na bezpe\u010dnost, aby se p\u0159ede\u0161lo nehod\u00e1m a byla zaji\u0161t\u011bna bezpe\u010dnost obsluhy.<\/li>\n<li><strong>\u00dadr\u017eba:<\/strong> V\u00e1lec mus\u00ed b\u00fdt snadno udr\u017eovateln\u00fd a opravovateln\u00fd, aby se minimalizovaly prostoje.<\/li>\n<\/ul>\n<p><img decoding=\"async\" src=\"https:\/\/hydraulic-cylinders.net\/wp-content\/uploads\/2025\/01\/songte-oil-pipes-and-spare-parts.webp\" alt=\"Obr\u00e1zek v\u00e1lce kbel\u00edku\"><\/p>\n<h2>T\u011bsn\u011bn\u00ed a maz\u00e1n\u00ed<\/h2>\n<p>Kore\u010dkov\u00fd v\u00e1lec pro Baoding WY80-6 pou\u017e\u00edv\u00e1 \u0159adu t\u011bsnic\u00edch komponent\u016f, v\u010detn\u011b t\u011bsn\u011bn\u00ed p\u00edstu, t\u011bsn\u011bn\u00ed p\u00edstnice a dal\u0161\u00edch O-krou\u017ek\u016f a t\u011bsn\u011bn\u00ed. Tyto komponenty jsou vyrobeny z materi\u00e1l\u016f odoln\u00fdch proti opot\u0159eben\u00ed, jako je polyuretan a nitrilov\u00e1 pry\u017e, aby byla zaji\u0161t\u011bna dlouh\u00e1 \u017eivotnost. T\u011bleso v\u00e1lce a z\u00e1vitov\u00e9 koncov\u00e9 plochy jsou nav\u00edc jemn\u011b opracov\u00e1ny pro zlep\u0161en\u00ed odolnosti proti opot\u0159eben\u00ed. Je d\u016fle\u017eit\u00e9 pravideln\u011b p\u0159id\u00e1vat odpov\u00eddaj\u00edc\u00ed mno\u017estv\u00ed hydraulick\u00e9ho oleje pro maz\u00e1n\u00ed v\u00e1lce a zaji\u0161t\u011bn\u00ed jeho spr\u00e1vn\u00e9ho provozu.<\/p>\n<h2>\u00dadr\u017eba a opravy<\/h2>\n<p>Pravideln\u00e1 \u00fadr\u017eba je nezbytn\u00e1 pro zaji\u0161t\u011bn\u00ed dlouh\u00e9 \u017eivotnosti a spr\u00e1vn\u00e9ho provozu kore\u010dkov\u00e9ho v\u00e1lce pro Baoding WY80-6. N\u00e1sleduj\u00edc\u00ed \u00fakoly by m\u011bly b\u00fdt prov\u00e1d\u011bny pravideln\u011b:<\/p>\n<ul>\n<li><strong>Inspekce:<\/strong> Pravideln\u011b kontrolujte v\u00e1lec, zda nevykazuje zn\u00e1mky po\u0161kozen\u00ed nebo opot\u0159eben\u00ed.<\/li>\n<li><strong>Maz\u00e1n\u00ed:<\/strong> V\u00e1lec \u0159\u00e1dn\u011b proma\u017ete, abyste zabr\u00e1nili po\u0161kozen\u00ed zp\u016fsoben\u00e9mu t\u0159en\u00edm.<\/li>\n<li><strong>V\u00fdm\u011bna t\u011bsn\u011bn\u00ed:<\/strong> Vym\u011b\u0148te opot\u0159ebovan\u00e1 nebo po\u0161kozen\u00e1 t\u011bsn\u011bn\u00ed, abyste zabr\u00e1nili \u00faniku hydraulick\u00e9 kapaliny.<\/li>\n<li><strong>Kontrola kalibrace:<\/strong> Pravideln\u011b kontrolujte kalibraci v\u00e1lce, abyste zajistili jeho spr\u00e1vn\u00fd provoz.<\/li>\n<\/ul>\n<p>Spr\u00e1vn\u00e1 instalace je tak\u00e9 z\u00e1sadn\u00ed pro zaji\u0161t\u011bn\u00ed spr\u00e1vn\u00e9ho fungov\u00e1n\u00ed kore\u010dkov\u00e9ho v\u00e1lce pro Baoding WY80-6. Je d\u016fle\u017eit\u00e9 v\u00e1lec p\u0159esn\u011b vyrovnat a k jeho upevn\u011bn\u00ed pou\u017e\u00edt vhodn\u00e9 mont\u00e1\u017en\u00ed konzoly. Pro prodlou\u017een\u00ed \u017eivotnosti v\u00e1lce doporu\u010dujeme dodr\u017eovat na\u0161e doporu\u010den\u00e9 postupy kontroly, opravy a v\u00fdm\u011bny.<\/p>\n<p><img decoding=\"async\" src=\"https:\/\/www.hydraulic-cylinders.net\/wp-content\/uploads\/2025\/01\/songte-chushion-collar.webp\" alt=\"Obr\u00e1zek v\u00e1lce kbel\u00edku\"><\/p>\n<h2>Bezpe\u010dnostn\u00ed a environment\u00e1ln\u00ed aspekty<\/h2>\n<p>P\u0159i pou\u017e\u00edv\u00e1n\u00ed kore\u010dkov\u00e9ho v\u00e1lce pro Baoding WY80-6 je d\u016fle\u017eit\u00e9 dodr\u017eovat bezpe\u010dnostn\u00ed postupy, aby se p\u0159ede\u0161lo nehod\u00e1m. Obsluze by m\u011blo b\u00fdt poskytnuto \u0159\u00e1dn\u00e9 \u0161kolen\u00ed a bezpe\u010dnostn\u00ed vybaven\u00ed. P\u0159i pou\u017e\u00edv\u00e1n\u00ed v\u00e1lce je tak\u00e9 d\u016fle\u017eit\u00e9 zv\u00e1\u017eit faktory prost\u0159ed\u00ed, jako je spr\u00e1vn\u00e1 likvidace hydraulick\u00e9 kapaliny a dodr\u017eov\u00e1n\u00ed m\u00edstn\u00edch environment\u00e1ln\u00edch p\u0159edpis\u016f.<\/p>\n<h2>Odstra\u0148ov\u00e1n\u00ed probl\u00e9m\u016f a b\u011b\u017en\u00e9 probl\u00e9my<\/h2>\n<p>Mezi b\u011b\u017en\u00e9 probl\u00e9my, kter\u00e9 se mohou vyskytnout p\u0159i pou\u017e\u00edv\u00e1n\u00ed l\u017e\u00edcov\u00e9ho v\u00e1lce pro Baoding WY80-6, pat\u0159\u00ed \u00faniky hydraulick\u00e9 kapaliny, nedostate\u010dn\u00e9 maz\u00e1n\u00ed a \u0161patn\u00e9 vyrovn\u00e1n\u00ed. Pokud se setk\u00e1te s n\u011bkter\u00fdm z t\u011bchto probl\u00e9m\u016f, je d\u016fle\u017eit\u00e9 dodr\u017eovat na\u0161e doporu\u010den\u00e9 postupy pro odstra\u0148ov\u00e1n\u00ed probl\u00e9m\u016f a opravy, abyste minimalizovali prostoje a zabr\u00e1nili dal\u0161\u00edmu po\u0161kozen\u00ed.<\/p>\n<h2>O na\u0161\u00ed spole\u010dnosti<\/h2>\n<p>Jsme v\u00fdrobcem hydraulick\u00fdch v\u00e1lc\u016f, kter\u00e9 mohou nahradit tradi\u010dn\u00ed v\u00e1lce, a nab\u00edz\u00edme kompletn\u00ed sortiment produkt\u016f. Jsme jedn\u00edm z p\u0159edn\u00edch v\u00fdrobc\u016f a velkoobchodn\u00edch distributor\u016f hydraulick\u00fdch v\u00e1lc\u016f na dom\u00e1c\u00edm i mezin\u00e1rodn\u00edm trhu. Dodr\u017eujeme princip vynikaj\u00edc\u00ed kvality a spol\u00e9h\u00e1me se na strategii \u0159\u00edzen\u00ed pr\u016fmyslov\u00e9 v\u00fdroby v jemn\u00fdch v\u00fdrobn\u00edch d\u00edln\u00e1ch, abychom neust\u00e1le zlep\u0161ovali na\u0161i v\u00fdrobn\u00ed platformu, zdokonalovali v\u00fdrobn\u00ed linku kvality produkt\u016f a m\u011bli silnou kreativitu. Uspokojujeme rozmanit\u00e9 pot\u0159eby z\u00e1kazn\u00edk\u016f s principy vysok\u00e9 efektivity, vysok\u00e9 p\u0159esnosti a vysok\u00e9 kvality. Nab\u00edz\u00edme mimo jin\u00e9 profesion\u00e1ln\u00ed znalosti, mezin\u00e1rodn\u00ed certifikaci, slu\u017eby na m\u00edru, v\u00fdrobn\u00ed za\u0159\u00edzen\u00ed a poprodejn\u00ed servis.<\/p>\n<p><img decoding=\"async\" src=\"https:\/\/www.hydraulic-cylinders.net\/wp-content\/uploads\/2025\/01\/songte-company-3.webp\" alt=\"Obr\u00e1zek v\u00e1lce kbel\u00edku\"><\/p>\n<p>Autor: lyl<\/p>","protected":false},"excerpt":{"rendered":"<p>Introduction Bucket Cylinder for Baoding WY80-6 The Bucket Cylinder for Baoding WY80-6 is a type of specialized hydraulic cylinder designed primarily for controlling the movement of the bucket in heavy machinery such as excavators, backhoe excavators, and front-end loaders. Its main function is to enable the bucket to be lifted, lowered, and tilted, making it [&hellip;]<\/p>","protected":false},"featured_media":14762,"comment_status":"open","ping_status":"closed","template":"","meta":{"_et_pb_use_builder":"","_et_pb_old_content":"","_et_gb_content_width":""},"product_brand":[],"product_cat":[1494],"product_tag":[1495,1496],"class_list":{"0":"post-15955","1":"product","2":"type-product","3":"status-publish","4":"has-post-thumbnail","6":"product_cat-bucket-cylinders","7":"product_tag-bucket-cylinders","8":"product_tag-hydraulic-cylinders","10":"first","11":"instock","12":"shipping-taxable","13":"product-type-simple"},"amp_enabled":true,"_links":{"self":[{"href":"https:\/\/www.hydraulic-cylinders.net\/cs\/wp-json\/wp\/v2\/product\/15955","targetHints":{"allow":["GET"]}}],"collection":[{"href":"https:\/\/www.hydraulic-cylinders.net\/cs\/wp-json\/wp\/v2\/product"}],"about":[{"href":"https:\/\/www.hydraulic-cylinders.net\/cs\/wp-json\/wp\/v2\/types\/product"}],"replies":[{"embeddable":true,"href":"https:\/\/www.hydraulic-cylinders.net\/cs\/wp-json\/wp\/v2\/comments?post=15955"}],"wp:featuredmedia":[{"embeddable":true,"href":"https:\/\/www.hydraulic-cylinders.net\/cs\/wp-json\/wp\/v2\/media\/14762"}],"wp:attachment":[{"href":"https:\/\/www.hydraulic-cylinders.net\/cs\/wp-json\/wp\/v2\/media?parent=15955"}],"wp:term":[{"taxonomy":"product_brand","embeddable":true,"href":"https:\/\/www.hydraulic-cylinders.net\/cs\/wp-json\/wp\/v2\/product_brand?post=15955"},{"taxonomy":"product_cat","embeddable":true,"href":"https:\/\/www.hydraulic-cylinders.net\/cs\/wp-json\/wp\/v2\/product_cat?post=15955"},{"taxonomy":"product_tag","embeddable":true,"href":"https:\/\/www.hydraulic-cylinders.net\/cs\/wp-json\/wp\/v2\/product_tag?post=15955"}],"curies":[{"name":"wp","href":"https:\/\/api.w.org\/{rel}","templated":true}]}}