{"id":15957,"date":"2025-01-19T15:12:55","date_gmt":"2025-01-19T15:12:55","guid":{"rendered":"https:\/\/www.hydraulic-cylinders.net\/product\/bucket-cylinder-for-baoding-sc240sd-8\/"},"modified":"2025-01-19T15:12:59","modified_gmt":"2025-01-19T15:12:59","slug":"bucket-cylinder-for-baoding-sc240sd-8","status":"publish","type":"product","link":"https:\/\/www.hydraulic-cylinders.net\/cs\/produkt\/bucket-cylinder-for-baoding-sc240sd-8\/","title":{"rendered":"V\u00e1lec kope\u010dku pro Baoding SC240SD.8"},"content":{"rendered":"<p><!DOCTYPE html><br \/>\n<html><br \/>\n<head><br \/>\n    <title>V\u00e1lec kope\u010dku pro Baoding SC240SD.8<\/title><br \/>\n<\/head><br \/>\n<body><\/p>\n<h1>V\u00e1lec kope\u010dku pro Baoding SC240SD.8<\/h1>\n<h2>Zaveden\u00ed<\/h2>\n<p>Hydraulick\u00fd v\u00e1lec l\u017e\u00edce je speci\u00e1ln\u011b navr\u017een\u00fd hydraulick\u00fd v\u00e1lec pou\u017e\u00edvan\u00fd v t\u011b\u017ek\u00fdch stroj\u00edch, jako jsou rypadla, r\u00fdpadlo-naklada\u010de a \u010deln\u00ed naklada\u010de, k ovl\u00e1d\u00e1n\u00ed pohybu l\u017e\u00edce. Jeho hlavn\u00ed funkc\u00ed je usnadnit r\u016fzn\u00e9 \u00fakoly manipulace s materi\u00e1lem t\u00edm, \u017ee umo\u017e\u0148uje zved\u00e1n\u00ed, spou\u0161t\u011bn\u00ed a nakl\u00e1p\u011bn\u00ed l\u017e\u00edce. V hydraulick\u00e9m syst\u00e9mu dosahuje v\u00e1lec l\u017e\u00edce p\u0159esn\u00e9ho ovl\u00e1d\u00e1n\u00ed l\u017e\u00edce vyu\u017eit\u00edm zm\u011bn tlaku hydraulick\u00e9ho oleje, co\u017e umo\u017e\u0148uje obsluze efektivn\u011b manipulovat s t\u011b\u017ek\u00fdmi b\u0159emeny a p\u0159izp\u016fsobovat se slo\u017eit\u00fdm pracovn\u00edm prost\u0159ed\u00edm a rozmanit\u00fdm po\u017eadavk\u016fm na pr\u00e1ci.<\/p>\n<p>    <img decoding=\"async\" src=\"https:\/\/www.hydraulic-cylinders.net\/wp-content\/uploads\/2025\/01\/songte-company-2.webp\"><\/p>\n<h2>Funkce<\/h2>\n<ul>\n<li><strong>Vysok\u00e1 pevnost a trvanlivost:<\/strong> Kore\u010dkov\u00fd v\u00e1lec, obvykle vyroben\u00fd z vysokopevnostn\u00ed oceli nebo hlin\u00edku, je schopen odolat vysok\u00e9mu tlaku a velk\u00e9mu zat\u00ed\u017een\u00ed a p\u0159izp\u016fsobit se n\u00e1ro\u010dn\u00e9mu pracovn\u00edmu prost\u0159ed\u00ed. Jeho konstrukce zohled\u0148uje odolnost proti opot\u0159eben\u00ed a korozi, aby se prodlou\u017eila jeho \u017eivotnost.<\/li>\n<li><strong>Efektivn\u00ed hydraulick\u00fd provoz:<\/strong> Vyu\u017eit\u00edm hydraulick\u00e9ho tlaku oleje dosahuje v\u00e1lec l\u017e\u00edce plynul\u00e9ho vysouv\u00e1n\u00ed a zasouv\u00e1n\u00ed, co\u017e umo\u017e\u0148uje rychlou reakci na \u0159\u00eddic\u00ed povely a poskytuje siln\u00e9 tla\u010dn\u00e9 a ta\u017en\u00e9 s\u00edly vhodn\u00e9 pro manipulaci s t\u011b\u017ek\u00fdmi b\u0159emeny a slo\u017eit\u00fdmi pracovn\u00edmi \u00fakoly.<\/li>\n<li><strong>V\u0161estrann\u00e9 typy:<\/strong> V\u00e1lec kore\u010dkov\u00e9ho v\u00e1lce lze volit jako jedno\u010dinn\u00fd (hydraulick\u00fd tlak pou\u017eit\u00fd pouze v jednom sm\u011bru) nebo dvoj\u010dinn\u00fd (hydraulick\u00fd tlak pou\u017eit\u00fd v obou sm\u011brech) dle specifick\u00fdch provozn\u00edch pot\u0159eb. N\u011bkter\u00e9 modely jsou teleskopick\u00e9, co\u017e umo\u017e\u0148uje v\u011bt\u0161\u00ed vysunut\u00ed bez zv\u011bt\u0161en\u00ed vn\u011bj\u0161\u00edch rozm\u011br\u016f, a proto jsou vhodn\u00e9 pro aplikace s omezen\u00fdm prostorem.<\/li>\n<li><strong>N\u00e1hrady produkt\u016f:<\/strong> Na\u0161e produkty dok\u00e1\u017e\u00ed tyto hydraulick\u00e9 v\u00e1lce dokonale nahradit.<\/li>\n<\/ul>\n<p>    <img decoding=\"async\" src=\"https:\/\/www.hydraulic-cylinders.net\/wp-content\/uploads\/2025\/01\/songte-cylinder-head-with-all-kinds-excavator-models.webp\"><\/p>\n<h2>Aplikace<\/h2>\n<ul>\n<li><strong>Stavebn\u00ed vybaven\u00ed:<\/strong> Nach\u00e1zej\u00ed se v bagrech a jsou nezbytn\u00e9 pro v\u00fdkopov\u00e9 pr\u00e1ce, nakl\u00e1d\u00e1n\u00ed a p\u0159emis\u0165ov\u00e1n\u00ed zeminy nebo suti. U rypadlo-naklada\u010de v\u00e1lec l\u017e\u00edce pom\u00e1h\u00e1 p\u0159i kop\u00e1n\u00ed i zved\u00e1n\u00ed.<\/li>\n<li><strong>Zem\u011bd\u011blsk\u00e9 stroje:<\/strong> Pou\u017e\u00edvaj\u00ed se v \u010deln\u00edch naklada\u010d\u00edch a pom\u00e1haj\u00ed p\u0159i nab\u00edr\u00e1n\u00ed, zved\u00e1n\u00ed a p\u0159eprav\u011b zeminy, sena a dal\u0161\u00edch materi\u00e1l\u016f.<\/li>\n<li><strong>Bagry:<\/strong> V\u00e1lec l\u017e\u00edce umo\u017e\u0148uje ryp\u00e1n\u00ed t\u00edm, \u017ee umo\u017e\u0148uje l\u017e\u00edci proniknout do p\u016fdy.<\/li>\n<li><strong>Naklada\u010de:<\/strong> U \u010deln\u00edch naklada\u010d\u016f pom\u00e1haj\u00ed efektivn\u011b zvedat a vykl\u00e1dat zbo\u017e\u00ed.<\/li>\n<\/ul>\n<h2>Konstruk\u010dn\u00ed aspekty a krit\u00e9ria v\u00fdb\u011bru<\/h2>\n<ul>\n<li><strong>Nosnost:<\/strong> V\u00e1lec kore\u010dkov\u00e9ho v\u00e1lce je navr\u017een tak, aby odolal specifikovan\u00e9 nosnosti, a zajistil tak bezpe\u010dn\u00fd a efektivn\u00ed provoz.<\/li>\n<li><strong>T\u011bsn\u011bn\u00ed:<\/strong> Pou\u017e\u00edvaj\u00ed se r\u016fzn\u00e9 t\u011bsnic\u00ed prvky, jako jsou t\u011bsn\u011bn\u00ed p\u00edst\u016f a p\u00edstnic, vyroben\u00e9 z materi\u00e1l\u016f odoln\u00fdch proti opot\u0159eben\u00ed, jako je polyuretan a nitrilov\u00fd kau\u010duk. T\u011bleso v\u00e1lce a z\u00e1vitov\u00e9 konce proch\u00e1zej\u00ed jemn\u00fdm o\u0161et\u0159en\u00edm pro zlep\u0161en\u00ed odolnosti proti opot\u0159eben\u00ed. Je nutn\u00e9 pravideln\u00e9 maz\u00e1n\u00ed vhodn\u00fdm hydraulick\u00fdm olejem.<\/li>\n<\/ul>\n<p>    <img decoding=\"async\" src=\"https:\/\/www.hydraulic-cylinders.net\/wp-content\/uploads\/2025\/01\/songte-oil-pipes-and-spare-parts.webp\"><\/p>\n<h2>\u00dadr\u017eba a maz\u00e1n\u00ed<\/h2>\n<ul>\n<li><strong>Pravideln\u00e1 kontrola a preventivn\u00ed \u00fadr\u017eba:<\/strong> Pravideln\u011b kontrolujte v\u00e1lec l\u017e\u00edce, zda nevykazuje zn\u00e1mky po\u0161kozen\u00ed nebo opot\u0159eben\u00ed. Prov\u00e1d\u011bjte preventivn\u00ed \u00fadr\u017ebu, abyste minimalizovali potenci\u00e1ln\u00ed probl\u00e9my.<\/li>\n<li><strong>Spr\u00e1vn\u00e1 instalace:<\/strong> Poskytn\u011bte \u0159\u00e1dn\u00e9 pokyny k vyrovn\u00e1n\u00ed v\u00e1lce b\u011bhem instalace. Doporu\u010dte pou\u017eit\u00ed vhodn\u00fdch mont\u00e1\u017en\u00edch konzol k upevn\u011bn\u00ed v\u00e1lce.<\/li>\n<li><strong>Doporu\u010den\u00e9 \u00fakoly \u00fadr\u017eby:<\/strong> Pravideln\u011b kontrolujte, promaz\u00e1vejte, vym\u011b\u0148ujte t\u011bsn\u011bn\u00ed a prov\u00e1d\u011bjte kalibra\u010dn\u00ed kontroly. Zd\u016frazn\u011bte d\u016fle\u017eitost spr\u00e1vn\u00e9 instalace, maz\u00e1n\u00ed a se\u0159\u00edzen\u00ed. Poskytn\u011bte doporu\u010den\u00e9 postupy kontroly, opravy a v\u00fdm\u011bny. Nab\u00eddn\u011bte n\u00e1hradn\u00ed d\u00edly a slu\u017eby repase pro prodlou\u017een\u00ed \u017eivotnosti kore\u010dkov\u00e9ho v\u00e1lce.<\/li>\n<\/ul>\n<p>    <img decoding=\"async\" src=\"https:\/\/www.hydraulic-cylinders.net\/wp-content\/uploads\/2025\/01\/songte-chushion-collar.webp\"><\/p>\n<h2>Bezpe\u010dnostn\u00ed aspekty a faktory prost\u0159ed\u00ed<\/h2>\n<p>P\u0159i pou\u017e\u00edv\u00e1n\u00ed kbel\u00edkov\u00e9ho v\u00e1lce je d\u016fle\u017eit\u00e9 up\u0159ednostnit bezpe\u010dnostn\u00ed opat\u0159en\u00ed, aby se p\u0159ede\u0161lo nehod\u00e1m nebo zran\u011bn\u00edm. Pro zaji\u0161t\u011bn\u00ed spr\u00e1vn\u00e9 funkce a dlouh\u00e9 \u017eivotnosti v\u00e1lce je t\u0159eba zv\u00e1\u017eit faktory prost\u0159ed\u00ed.<\/p>\n<h2>Odstra\u0148ov\u00e1n\u00ed probl\u00e9m\u016f a b\u011b\u017en\u00e9 probl\u00e9my<\/h2>\n<p>Poskytn\u011bte tipy a \u0159e\u0161en\u00ed probl\u00e9m\u016f, kter\u00e9 \u010dten\u00e1\u0159\u016fm pomohou efektivn\u011b diagnostikovat a \u0159e\u0161it probl\u00e9my. P\u0159edstavte preventivn\u00ed opat\u0159en\u00ed k minimalizaci potenci\u00e1ln\u00edch probl\u00e9m\u016f.<\/p>\n<p>    <img decoding=\"async\" src=\"https:\/\/www.hydraulic-cylinders.net\/wp-content\/uploads\/2025\/01\/songte-bushings-with-all-kinds-of-excavator-models.webp\"><\/p>\n<h2>O na\u0161\u00ed spole\u010dnosti<\/h2>\n<p>Jsme v\u00fdrobcem n\u00e1hradn\u00edch hydraulick\u00fdch v\u00e1lc\u016f a nab\u00edz\u00edme \u0161irokou \u0161k\u00e1lu produkt\u016f. Stali jsme se jedn\u00edm z p\u0159edn\u00edch v\u00fdrobc\u016f a velkoobchodn\u00edch distributor\u016f hydraulick\u00fdch v\u00e1lc\u016f na dom\u00e1c\u00edm i mezin\u00e1rodn\u00edm trhu. Na\u0161e spole\u010dnost se dr\u017e\u00ed princip\u016f excelence a kvality a spol\u00e9h\u00e1 se na strategie \u0159\u00edzen\u00ed pr\u016fmyslov\u00e9 v\u00fdroby v na\u0161ich zdokonalen\u00fdch v\u00fdrobn\u00edch d\u00edln\u00e1ch. Neust\u00e1le vylep\u0161ujeme na\u0161i v\u00fdrobn\u00ed platformu investicemi do technick\u00fdch talent\u016f, \u0161pi\u010dkov\u00e9ho digit\u00e1ln\u00edho v\u00fdrobn\u00edho za\u0159\u00edzen\u00ed a profesion\u00e1ln\u00edch testovac\u00edch syst\u00e9m\u016f. D\u00edky efektivn\u00edm, p\u0159esn\u00fdm a vysoce kvalitn\u00edm princip\u016fm uspokojujeme rozmanit\u00e9 pot\u0159eby na\u0161ich z\u00e1kazn\u00edk\u016f.<\/p>\n<p>    <img decoding=\"async\" src=\"https:\/\/hzpt.com\/wp-content\/uploads\/2024\/11\/songte-company-1.webp\"><\/p>\n<h2>P\u0159ehled spole\u010dnosti<\/h2>\n<ul>\n<li><strong>Profesionalita:<\/strong> V ka\u017ed\u00e9m aspektu na\u0161eho fungov\u00e1n\u00ed klademe d\u016fraz na profesionalitu.<\/li>\n<li><strong>Mezin\u00e1rodn\u00ed certifikace:<\/strong> Na\u0161e v\u00fdrobky spl\u0148uj\u00ed mezin\u00e1rodn\u00ed standardy a certifikace.<\/li>\n<li><strong>Slu\u017eby p\u0159izp\u016fsoben\u00ed:<\/strong> Nab\u00edz\u00edme slu\u017eby p\u0159izp\u016fsoben\u00ed dle specifick\u00fdch po\u017eadavk\u016f z\u00e1kazn\u00edka.<\/li>\n<li><strong>V\u00fdrobn\u00ed za\u0159\u00edzen\u00ed:<\/strong> Pou\u017e\u00edv\u00e1me modern\u00ed v\u00fdrobn\u00ed za\u0159\u00edzen\u00ed, abychom zajistili vysoce kvalitn\u00ed produkty.<\/li>\n<li><strong>Poprodejn\u00ed slu\u017eby:<\/strong> Nab\u00edz\u00edme komplexn\u00ed poprodejn\u00ed slu\u017eby, abychom na\u0161im z\u00e1kazn\u00edk\u016fm poskytli podporu a pomoc.<\/li>\n<\/ul>\n<p>    <img decoding=\"async\" src=\"https:\/\/www.hydraulic-cylinders.net\/wp-content\/uploads\/2025\/01\/songte-company-3.webp\"><\/p>\n<p>Autor: lyl.<\/p>\n<p><\/body><br \/>\n<\/html><\/p>","protected":false},"excerpt":{"rendered":"<p>Bucket Cylinder For Baoding SC240SD.8 Bucket Cylinder For Baoding SC240SD.8 Introduction The bucket cylinder is a specially designed hydraulic cylinder used in heavy machinery such as excavators, backhoe loaders, and front-end loaders to control the movement of the bucket. Its main function is to facilitate various material handling tasks by enabling the bucket to lift, [&hellip;]<\/p>","protected":false},"featured_media":14789,"comment_status":"open","ping_status":"closed","template":"","meta":{"_et_pb_use_builder":"","_et_pb_old_content":"","_et_gb_content_width":""},"product_brand":[],"product_cat":[1494],"product_tag":[1495,1496],"class_list":{"0":"post-15957","1":"product","2":"type-product","3":"status-publish","4":"has-post-thumbnail","6":"product_cat-bucket-cylinders","7":"product_tag-bucket-cylinders","8":"product_tag-hydraulic-cylinders","10":"first","11":"instock","12":"shipping-taxable","13":"product-type-simple"},"amp_enabled":true,"_links":{"self":[{"href":"https:\/\/www.hydraulic-cylinders.net\/cs\/wp-json\/wp\/v2\/product\/15957","targetHints":{"allow":["GET"]}}],"collection":[{"href":"https:\/\/www.hydraulic-cylinders.net\/cs\/wp-json\/wp\/v2\/product"}],"about":[{"href":"https:\/\/www.hydraulic-cylinders.net\/cs\/wp-json\/wp\/v2\/types\/product"}],"replies":[{"embeddable":true,"href":"https:\/\/www.hydraulic-cylinders.net\/cs\/wp-json\/wp\/v2\/comments?post=15957"}],"wp:featuredmedia":[{"embeddable":true,"href":"https:\/\/www.hydraulic-cylinders.net\/cs\/wp-json\/wp\/v2\/media\/14789"}],"wp:attachment":[{"href":"https:\/\/www.hydraulic-cylinders.net\/cs\/wp-json\/wp\/v2\/media?parent=15957"}],"wp:term":[{"taxonomy":"product_brand","embeddable":true,"href":"https:\/\/www.hydraulic-cylinders.net\/cs\/wp-json\/wp\/v2\/product_brand?post=15957"},{"taxonomy":"product_cat","embeddable":true,"href":"https:\/\/www.hydraulic-cylinders.net\/cs\/wp-json\/wp\/v2\/product_cat?post=15957"},{"taxonomy":"product_tag","embeddable":true,"href":"https:\/\/www.hydraulic-cylinders.net\/cs\/wp-json\/wp\/v2\/product_tag?post=15957"}],"curies":[{"name":"wp","href":"https:\/\/api.w.org\/{rel}","templated":true}]}}