{"id":15958,"date":"2025-01-19T15:13:01","date_gmt":"2025-01-19T15:13:01","guid":{"rendered":"https:\/\/www.hydraulic-cylinders.net\/product\/bucket-cylinder-for-baoding-sc85-8\/"},"modified":"2025-01-19T15:13:03","modified_gmt":"2025-01-19T15:13:03","slug":"bucket-cylinder-for-baoding-sc85-8","status":"publish","type":"product","link":"https:\/\/www.hydraulic-cylinders.net\/cs\/produkt\/bucket-cylinder-for-baoding-sc85-8\/","title":{"rendered":"Kbel\u00edkov\u00fd v\u00e1lec pro Baoding SC85.8"},"content":{"rendered":"<h2>Kbel\u00edkov\u00fd v\u00e1lec pro Baoding SC85.8<\/h2>\n<h3>Zaveden\u00ed<\/h3>\n<p>Hydraulick\u00fd v\u00e1lec l\u017e\u00edce pro Baoding SC85.8 je speci\u00e1ln\u011b navr\u017een\u00fd hydraulick\u00fd v\u00e1lec, kter\u00fd se pou\u017e\u00edv\u00e1 hlavn\u011b k ovl\u00e1d\u00e1n\u00ed pohybu l\u017e\u00edce v t\u011b\u017ek\u00fdch stroj\u00edch, jako jsou bagry, r\u00fdpadla-naklada\u010de a \u010deln\u00ed naklada\u010de. Jeho hlavn\u00ed funkc\u00ed je umo\u017enit zved\u00e1n\u00ed, spou\u0161t\u011bn\u00ed a nakl\u00e1p\u011bn\u00ed l\u017e\u00edce, co\u017e usnad\u0148uje manipulaci s r\u016fzn\u00fdmi materi\u00e1ly. V hydraulick\u00e9m syst\u00e9mu dosahuje v\u00e1lec l\u017e\u00edce p\u0159esn\u00e9ho ovl\u00e1d\u00e1n\u00ed l\u017e\u00edce zm\u011bnou tlaku hydraulick\u00e9ho oleje, co\u017e umo\u017e\u0148uje obsluze efektivn\u011b manipulovat s t\u011b\u017ek\u00fdmi p\u0159edm\u011bty a p\u0159izp\u016fsobovat se slo\u017eit\u00e9mu pracovn\u00edmu prost\u0159ed\u00ed a rozmanit\u00fdm po\u017eadavk\u016fm na pr\u00e1ci.<\/p>\n<p><img decoding=\"async\" src=\"https:\/\/www.hydraulic-cylinders.net\/wp-content\/uploads\/2025\/01\/songte-company-2.webp\" alt=\"Kbel\u00edkov\u00fd v\u00e1lec pro Baoding SC85.8\"><\/p>\n<h3>Funkce<\/h3>\n<ul>\n<li>Vysok\u00e1 pevnost a odolnost: Obvykle je vyroben z vysokopevnostn\u00ed oceli nebo hlin\u00edku, odol\u00e1 vysok\u00e9mu tlaku a t\u011b\u017ek\u00e9mu zat\u00ed\u017een\u00ed, p\u0159izp\u016fsob\u00ed se n\u00e1ro\u010dn\u00e9mu pracovn\u00edmu prost\u0159ed\u00ed a je navr\u017een s odolnost\u00ed proti opot\u0159eben\u00ed a korozi, co\u017e prodlu\u017euje jeho \u017eivotnost.<\/li>\n<li>Efektivn\u00ed hydraulick\u00fd provoz: Plynul\u00e9ho vysouv\u00e1n\u00ed a smr\u0161\u0165ov\u00e1n\u00ed se dosahuje pomoc\u00ed tlaku hydraulick\u00e9ho oleje, kter\u00fd dok\u00e1\u017ee rychle reagovat na \u0159\u00eddic\u00ed povely, poskytuje silnou tla\u010dnou a ta\u017enou s\u00edlu a je vhodn\u00fd pro manipulaci s t\u011b\u017ek\u00fdmi p\u0159edm\u011bty a slo\u017eit\u00e9 \u00fakoly.<\/li>\n<li>R\u016fzn\u00e9 typy: Podle pot\u0159eby lze zvolit jedno\u010dinn\u00e9 (hydraulicky ovl\u00e1dan\u00e9 pouze v jednom sm\u011bru) nebo dvoj\u010dinn\u00e9 (hydraulicky ovl\u00e1dan\u00e9 v obou sm\u011brech) v\u00e1lce, kter\u00e9 spl\u0148uj\u00ed r\u016fzn\u00e9 provozn\u00ed pot\u0159eby. N\u011bkter\u00e9 modely jsou teleskopick\u00e9, co\u017e umo\u017e\u0148uje v\u011bt\u0161\u00ed vysunut\u00ed bez zv\u011bt\u0161en\u00ed vn\u011bj\u0161\u00edch rozm\u011br\u016f, a jsou vhodn\u00e9 pro aplikace s omezen\u00fdm prostorem.<\/li>\n<li>Snadn\u00e1 v\u00fdm\u011bna: N\u00e1\u0161 produkt dok\u00e1\u017ee tyto hydraulick\u00e9 v\u00e1lce dokonale nahradit.<\/li>\n<\/ul>\n<p><img decoding=\"async\" src=\"https:\/\/www.hydraulic-cylinders.net\/wp-content\/uploads\/2025\/01\/songte-cylinder-head-with-all-kinds-excavator-models.webp\" alt=\"Kbel\u00edkov\u00fd v\u00e1lec pro Baoding SC85.8\"><\/p>\n<h3>Aplikace<\/h3>\n<p>Kore\u010dkov\u00fd v\u00e1lec se \u0161iroce pou\u017e\u00edv\u00e1 v r\u016fzn\u00fdch pr\u016fmyslov\u00fdch odv\u011btv\u00edch a za\u0159\u00edzen\u00edch, jako nap\u0159\u00edklad:<\/p>\n<ul>\n<li>Stavebn\u00ed stroje: U bagr\u016f jsou nezbytn\u00e9 pro kop\u00e1n\u00ed, nakl\u00e1d\u00e1n\u00ed a p\u0159emis\u0165ov\u00e1n\u00ed zeminy nebo suti. U r\u00fdpadel s r\u00fdpadly p\u0159isp\u00edvaj\u00ed kore\u010dkov\u00e9 v\u00e1lce jak k kop\u00e1n\u00ed, tak k zved\u00e1n\u00ed. U \u010deln\u00edch naklada\u010d\u016f jsou u\u017eite\u010dn\u00e9 pro efektivn\u00ed zved\u00e1n\u00ed a vykl\u00e1dkov\u00e1n\u00ed n\u00e1kladu.<\/li>\n<li>Zem\u011bd\u011blsk\u00e9 stroje: Pou\u017e\u00edvaj\u00ed se v \u010deln\u00edch naklada\u010d\u00edch, kter\u00e9 zvedaj\u00ed, zvedaj\u00ed a p\u0159epravuj\u00ed p\u016fdu, seno a dal\u0161\u00ed materi\u00e1ly. V bagrech umo\u017e\u0148uj\u00ed v\u00e1lce kore\u010dk\u016f kop\u00e1n\u00ed t\u00edm, \u017ee umo\u017e\u0148uj\u00ed kore\u010dce proniknout do p\u016fdy.<\/li>\n<\/ul>\n<h3>Konstruk\u010dn\u00ed aspekty a krit\u00e9ria v\u00fdb\u011bru<\/h3>\n<p>P\u0159i zva\u017eov\u00e1n\u00ed konstrukce kore\u010dkov\u00e9ho v\u00e1lce vstupuje do hry n\u011bkolik faktor\u016f, jako nap\u0159\u00edklad:<\/p>\n<ul>\n<li>\u00danosnost: schopnost odol\u00e1vat vysok\u00e9mu tlaku a t\u011b\u017ek\u00fdm z\u00e1t\u011b\u017e\u00edm<\/li>\n<li>T\u011bsn\u011bn\u00ed: schopnost zabr\u00e1nit \u00faniku kapaliny a udr\u017eovat hydraulick\u00fd tlak<\/li>\n<li>Trvanlivost: schopnost odol\u00e1vat opot\u0159eben\u00ed, korozi a extr\u00e9mn\u00edm teplot\u00e1m<\/li>\n<li>Bezpe\u010dnost: schopnost zajistit bezpe\u010dnost obsluhy a okoln\u00edho person\u00e1lu<\/li>\n<li>\u00dadr\u017eba: schopnost usnadnit \u00fadr\u017ebu a opravy<\/li>\n<\/ul>\n<p><img decoding=\"async\" src=\"https:\/\/www.hydraulic-cylinders.net\/wp-content\/uploads\/2025\/01\/songte-oil-pipes-and-spare-parts.webp\" alt=\"Kbel\u00edkov\u00fd v\u00e1lec pro Baoding SC85.8\"><\/p>\n<h3>T\u011bsn\u011bn\u00ed a maz\u00e1n\u00ed<\/h3>\n<p>Kore\u010dkov\u00fd v\u00e1lec pou\u017e\u00edv\u00e1 r\u016fzn\u00e9 t\u011bsnic\u00ed komponenty, jako jsou t\u011bsn\u011bn\u00ed p\u00edstu, t\u011bsn\u011bn\u00ed p\u00edstnice atd., vyroben\u00e9 z materi\u00e1l\u016f odoln\u00fdch proti opot\u0159eben\u00ed, jako je polyuretan a nitrilov\u00e1 pry\u017e. T\u011bleso v\u00e1lce a z\u00e1vitov\u00e9 koncov\u00e9 plochy jsou jemn\u011b opracov\u00e1ny pro zlep\u0161en\u00ed odolnosti proti opot\u0159eben\u00ed. Je nutn\u00e9 pravideln\u00e9 maz\u00e1n\u00ed vhodn\u00fdm mno\u017estv\u00edm hydraulick\u00e9ho oleje.<\/p>\n<p><img decoding=\"async\" src=\"https:\/\/www.hydraulic-cylinders.net\/wp-content\/uploads\/2025\/01\/songte-chushion-collar.webp\" alt=\"Kbel\u00edkov\u00fd v\u00e1lec pro Baoding SC85.8\"><\/p>\n<h3>\u00dadr\u017eba a opravy<\/h3>\n<p>Pravideln\u00e1 \u00fadr\u017eba a opravy jsou z\u00e1sadn\u00ed pro prodlou\u017een\u00ed \u017eivotnosti kore\u010dkov\u00e9ho v\u00e1lce. N\u00e1sleduje n\u011bkolik \u00fakon\u016f \u00fadr\u017eby:<\/p>\n<ul>\n<li>Pravideln\u00e1 kontrola<\/li>\n<li>Spr\u00e1vn\u00e9 maz\u00e1n\u00ed<\/li>\n<li>V\u00fdm\u011bna t\u011bsn\u011bn\u00ed<\/li>\n<li>Kontrola kalibrace<\/li>\n<\/ul>\n<p>Spr\u00e1vn\u00e1 instalace je tak\u00e9 d\u016fle\u017eit\u00e1 pro zaji\u0161t\u011bn\u00ed v\u00fdkonu v\u00e1lce. V\u00e1lec mus\u00ed b\u00fdt spr\u00e1vn\u011b vyrovn\u00e1n a k jeho upevn\u011bn\u00ed by m\u011bly b\u00fdt pou\u017eity vhodn\u00e9 mont\u00e1\u017en\u00ed konzole. Pro zaji\u0161t\u011bn\u00ed efektivn\u00edho provozu kore\u010dkov\u00e9ho v\u00e1lce by m\u011bly b\u00fdt dodr\u017eov\u00e1ny doporu\u010den\u00e9 postupy kontroly, opravy a v\u00fdm\u011bny.<\/p>\n<h3>Bezpe\u010dnostn\u00ed aspekty a faktory prost\u0159ed\u00ed<\/h3>\n<p>P\u0159i pou\u017e\u00edv\u00e1n\u00ed kbel\u00edkov\u00e9ho v\u00e1lce by m\u011bla b\u00fdt p\u0159ijata bezpe\u010dnostn\u00ed opat\u0159en\u00ed k zaji\u0161t\u011bn\u00ed bezpe\u010dnosti okoln\u00edho person\u00e1lu a obsluhy. P\u0159i v\u00fdb\u011bru materi\u00e1l\u016f pro kbel\u00edkov\u00fd v\u00e1lec by m\u011bly b\u00fdt zv\u00e1\u017eeny faktory prost\u0159ed\u00ed, jako je teplota, vlhkost a vystaven\u00ed chemik\u00e1li\u00edm.<\/p>\n<p><img decoding=\"async\" src=\"https:\/\/www.hydraulic-cylinders.net\/wp-content\/uploads\/2025\/01\/songte-bushings-with-all-kinds-of-excavator-models.webp\" alt=\"Kbel\u00edkov\u00fd v\u00e1lec pro Baoding SC85.8\"><\/p>\n<h3>B\u011b\u017en\u00e9 poruchy a \u0159e\u0161en\u00ed probl\u00e9m\u016f<\/h3>\n<p>Mezi b\u011b\u017en\u00e9 poruchy v\u00e1lce kore\u010dkov\u00e9ho v\u00e1lce pat\u0159\u00ed \u00fanik kapaliny, nedostate\u010dn\u00fd tlak a abnorm\u00e1ln\u00ed zvuky. Tyto probl\u00e9my lze diagnostikovat a vy\u0159e\u0161it kontrolou t\u011bsn\u011bn\u00ed, olejov\u00fdch trubek a dal\u0161\u00edch sou\u010d\u00e1st\u00ed. Preventivn\u00ed opat\u0159en\u00ed, jako je pravideln\u00e1 kontrola a \u00fadr\u017eba, mohou sn\u00ed\u017eit po\u010det poruch.<\/p>\n<h3>O na\u0161\u00ed spole\u010dnosti<\/h3>\n<p>Jsme p\u0159edn\u00edm v\u00fdrobcem a velkoobchodn\u00edkem hydraulick\u00fdch v\u00e1lc\u016f na dom\u00e1c\u00edm i mezin\u00e1rodn\u00edm trhu. Nab\u00edz\u00edme kompletn\u00ed sortiment produkt\u016f a dodr\u017eujeme osv\u011bd\u010den\u00e9 postupy v oboru, abychom zajistili vynikaj\u00edc\u00ed kvalitu. N\u00e1\u0161 v\u00fdrobn\u00ed z\u00e1vod je vybaven nejmodern\u011bj\u0161\u00edmi technologiemi a profesion\u00e1ln\u00edmi testovac\u00edmi syst\u00e9my, co\u017e n\u00e1m umo\u017e\u0148uje uspokojovat rozmanit\u00e9 pot\u0159eby na\u0161ich z\u00e1kazn\u00edk\u016f.<\/p>\n<p><img decoding=\"async\" src=\"https:\/\/hzpt.com\/wp-content\/uploads\/2024\/11\/songte-company-1.webp\" alt=\"Kbel\u00edkov\u00fd v\u00e1lec pro Baoding SC85.8\"><\/p>\n<h4>Mezi na\u0161e siln\u00e9 str\u00e1nky pat\u0159\u00ed:<\/h4>\n<ul>\n<li>Profesionalita<\/li>\n<li>Mezin\u00e1rodn\u00ed certifikace<\/li>\n<li>Slu\u017eby p\u0159izp\u016fsoben\u00ed<\/li>\n<li>Pokro\u010dil\u00e9 v\u00fdrobn\u00ed za\u0159\u00edzen\u00ed<\/li>\n<li>Vynikaj\u00edc\u00ed poprodejn\u00ed slu\u017eby<\/li>\n<\/ul>\n<p>D\u011bkujeme za p\u0159e\u010dten\u00ed na\u0161eho \u010dl\u00e1nku. Autor: lyl.<\/p>","protected":false},"excerpt":{"rendered":"<p>Bucket Cylinder For Baoding SC85.8 Introduction A bucket cylinder for Baoding SC85.8 is a specially designed hydraulic cylinder that is mainly used to control the movement of the bucket in heavy machinery such as excavators, backhoe excavators, and front-end loaders. Its main function is to enable the bucket to lift, lower, and tilt, making it [&hellip;]<\/p>","protected":false},"featured_media":14788,"comment_status":"open","ping_status":"closed","template":"","meta":{"_et_pb_use_builder":"","_et_pb_old_content":"","_et_gb_content_width":""},"product_brand":[],"product_cat":[1494],"product_tag":[1495,1496],"class_list":{"0":"post-15958","1":"product","2":"type-product","3":"status-publish","4":"has-post-thumbnail","6":"product_cat-bucket-cylinders","7":"product_tag-bucket-cylinders","8":"product_tag-hydraulic-cylinders","10":"first","11":"instock","12":"shipping-taxable","13":"product-type-simple"},"amp_enabled":true,"_links":{"self":[{"href":"https:\/\/www.hydraulic-cylinders.net\/cs\/wp-json\/wp\/v2\/product\/15958","targetHints":{"allow":["GET"]}}],"collection":[{"href":"https:\/\/www.hydraulic-cylinders.net\/cs\/wp-json\/wp\/v2\/product"}],"about":[{"href":"https:\/\/www.hydraulic-cylinders.net\/cs\/wp-json\/wp\/v2\/types\/product"}],"replies":[{"embeddable":true,"href":"https:\/\/www.hydraulic-cylinders.net\/cs\/wp-json\/wp\/v2\/comments?post=15958"}],"wp:featuredmedia":[{"embeddable":true,"href":"https:\/\/www.hydraulic-cylinders.net\/cs\/wp-json\/wp\/v2\/media\/14788"}],"wp:attachment":[{"href":"https:\/\/www.hydraulic-cylinders.net\/cs\/wp-json\/wp\/v2\/media?parent=15958"}],"wp:term":[{"taxonomy":"product_brand","embeddable":true,"href":"https:\/\/www.hydraulic-cylinders.net\/cs\/wp-json\/wp\/v2\/product_brand?post=15958"},{"taxonomy":"product_cat","embeddable":true,"href":"https:\/\/www.hydraulic-cylinders.net\/cs\/wp-json\/wp\/v2\/product_cat?post=15958"},{"taxonomy":"product_tag","embeddable":true,"href":"https:\/\/www.hydraulic-cylinders.net\/cs\/wp-json\/wp\/v2\/product_tag?post=15958"}],"curies":[{"name":"wp","href":"https:\/\/api.w.org\/{rel}","templated":true}]}}