{"id":15960,"date":"2025-01-19T15:13:10","date_gmt":"2025-01-19T15:13:10","guid":{"rendered":"https:\/\/www.hydraulic-cylinders.net\/product\/bucket-cylinder-for-baoding-wy75-7\/"},"modified":"2025-01-19T15:13:13","modified_gmt":"2025-01-19T15:13:13","slug":"bucket-cylinder-for-baoding-wy75-7","status":"publish","type":"product","link":"https:\/\/www.hydraulic-cylinders.net\/cs\/produkt\/bucket-cylinder-for-baoding-wy75-7\/","title":{"rendered":"Kbel\u00edkov\u00fd v\u00e1lec pro Baoding WY75-7"},"content":{"rendered":"<h1>Kbel\u00edkov\u00fd v\u00e1lec pro Baoding WY75-7<\/h1>\n<h2>Zaveden\u00ed<\/h2>\n<p>Hydraulick\u00fd v\u00e1lec kore\u010dk\u016f je typ hydraulick\u00e9ho v\u00e1lce speci\u00e1ln\u011b navr\u017een\u00e9ho pro ovl\u00e1d\u00e1n\u00ed pohybu kore\u010dk\u016f v t\u011b\u017ek\u00fdch stroj\u00edch, jako jsou bagry, r\u00fdpadla-rypadla a \u010deln\u00ed naklada\u010de. Jeho hlavn\u00ed funkc\u00ed je umo\u017enit zved\u00e1n\u00ed, spou\u0161t\u011bn\u00ed a nakl\u00e1p\u011bn\u00ed kore\u010dk\u016f, co\u017e usnad\u0148uje r\u016fzn\u00e9 \u00fakoly manipulace s materi\u00e1lem. V hydraulick\u00fdch syst\u00e9mech umo\u017e\u0148uj\u00ed kore\u010dkov\u00e9 v\u00e1lce p\u0159esn\u00e9 ovl\u00e1d\u00e1n\u00ed kore\u010dk\u016f zm\u011bnou tlaku hydraulick\u00e9ho oleje, co\u017e umo\u017e\u0148uje obsluze efektivn\u011b manipulovat s t\u011b\u017ek\u00fdmi b\u0159emeny, p\u0159izp\u016fsobovat se slo\u017eit\u00fdm pracovn\u00edm prost\u0159ed\u00edm a rozmanit\u00fdm provozn\u00edm po\u017eadavk\u016fm.<\/p>\n<p><img decoding=\"async\" src=\"https:\/\/www.hydraulic-cylinders.net\/wp-content\/uploads\/2025\/01\/songte-company-2.webp\" alt=\"Obr\u00e1zek v\u00e1lce kbel\u00edku\"><\/p>\n<h2>Funkce<\/h2>\n<ul>\n<li>Vysok\u00e1 pevnost a odolnost: Obvykle jsou vyrobeny z vysokopevnostn\u00ed oceli nebo hlin\u00edku, schopny odolat vysok\u00e9mu tlaku a t\u011b\u017ek\u00e9mu zat\u00ed\u017een\u00ed, p\u0159izp\u016fsobiteln\u00e9 n\u00e1ro\u010dn\u00fdm pracovn\u00edm prost\u0159ed\u00edm, navr\u017een\u00e9 s ohledem na odolnost proti opot\u0159eben\u00ed a korozi a schopn\u00e9 prodlou\u017eit \u017eivotnost.<\/li>\n<li>Efektivn\u00ed hydraulick\u00fd provoz: Vyu\u017eit\u00ed tlaku hydraulick\u00e9ho oleje k dosa\u017een\u00ed plynul\u00e9ho vysouv\u00e1n\u00ed a zasouv\u00e1n\u00ed, schopnost rychl\u00e9 reakce na \u0159\u00eddic\u00ed povely a zaji\u0161t\u011bn\u00ed siln\u00e9 tla\u010dn\u00e9 a ta\u017en\u00e9 s\u00edly, vhodn\u00e9 pro manipulaci s t\u011b\u017ek\u00fdmi b\u0159emeny a slo\u017eit\u00e9 provozn\u00ed \u00fakoly.<\/li>\n<li>R\u016fzn\u00e9 typy: Podle provozn\u00edch po\u017eadavk\u016f lze zvolit jedno\u010dinn\u00e9 (hydraulika se pou\u017e\u00edv\u00e1 pouze v jednom sm\u011bru) nebo dvoj\u010dinn\u00e9 (hydraulika se pou\u017e\u00edv\u00e1 ve dvou sm\u011brech) v\u00e1lce, n\u011bkter\u00e9 modely jsou teleskopick\u00e9, co\u017e umo\u017e\u0148uje v\u011bt\u0161\u00ed vysunut\u00ed bez zv\u011bt\u0161en\u00ed vn\u011bj\u0161\u00edch rozm\u011br\u016f, vhodn\u00e9 pro aplikace s omezen\u00fdm prostorem.<\/li>\n<\/ul>\n<p>Jsme schopni vyrobit tento produkt, kter\u00fd dok\u00e1\u017ee dokonale nahradit tyto hydraulick\u00e9 v\u00e1lce.<\/p>\n<p><img decoding=\"async\" src=\"https:\/\/www.hydraulic-cylinders.net\/wp-content\/uploads\/2025\/01\/songte-cylinder-head-with-all-kinds-excavator-models.webp\" alt=\"Obr\u00e1zek hydraulick\u00e9ho v\u00e1lce\"><\/p>\n<h2>Aplikace<\/h2>\n<p>Kore\u010dkov\u00fd v\u00e1lec m\u00e1 \u0161irokou \u0161k\u00e1lu pou\u017eit\u00ed:<\/p>\n<ul>\n<li>Stavebn\u00ed stroje: U bagr\u016f jsou nezbytn\u00e9 pro kop\u00e1n\u00ed, nakl\u00e1d\u00e1n\u00ed a p\u0159emis\u0165ov\u00e1n\u00ed zeminy nebo suti. U r\u00fdpadel s r\u00fdpadly pom\u00e1haj\u00ed kore\u010dkov\u00e9 v\u00e1lce jak p\u0159i v\u00fdkopu, tak p\u0159i zved\u00e1n\u00ed. <\/li>\n<li>Zem\u011bd\u011blsk\u00e9 stroje: Pou\u017e\u00edvaj\u00ed se v \u010deln\u00edch naklada\u010d\u00edch pro nab\u00edr\u00e1n\u00ed, zved\u00e1n\u00ed a p\u0159epravu p\u016fdy, sena a dal\u0161\u00edch materi\u00e1l\u016f a v bagrech pro kop\u00e1n\u00ed, kde umo\u017e\u0148uj\u00ed l\u017e\u00edci proniknout do p\u016fdy.<\/li>\n<li>Naklada\u010d: U \u010deln\u00edch naklada\u010d\u016f pom\u00e1haj\u00ed efektivn\u011b zvedat a vykl\u00e1dat zbo\u017e\u00ed.<\/li>\n<\/ul>\n<h2>Konstruk\u010dn\u00ed aspekty a krit\u00e9ria v\u00fdb\u011bru<\/h2>\n<p>N\u00e1sleduj\u00edc\u00ed konstruk\u010dn\u00ed aspekty a krit\u00e9ria v\u00fdb\u011bru jsou kl\u00ed\u010dov\u00e9 pro zaji\u0161t\u011bn\u00ed dlouh\u00e9 \u017eivotnosti a v\u00fdkonu kore\u010dkov\u00e9ho v\u00e1lce:<\/p>\n<ul>\n<li>\u00danosnost: V\u00e1lec by m\u011bl b\u00fdt schopen odolat vysok\u00e9mu tlaku a velk\u00e9mu zat\u00ed\u017een\u00ed.<\/li>\n<li>T\u011bsn\u011bn\u00ed: V\u00e1lec by m\u011bl b\u00fdt navr\u017een s vysoce kvalitn\u00edmi t\u011bsn\u011bn\u00edmi, aby se zabr\u00e1nilo \u00faniku hydraulick\u00e9ho oleje.<\/li>\n<li>Trvanlivost: Materi\u00e1ly pou\u017eit\u00e9 ve v\u00e1lci by m\u011bly b\u00fdt odoln\u00e9 v\u016f\u010di opot\u0159eben\u00ed a korozi.<\/li>\n<li>Bezpe\u010dnost: V\u00e1lec by m\u011bl b\u00fdt navr\u017een s ohledem na bezpe\u010dnost a m\u011bl by b\u00fdt p\u0159ijata preventivn\u00ed opat\u0159en\u00ed, aby se zabr\u00e1nilo nehod\u00e1m nebo poruch\u00e1m.<\/li>\n<li>\u00dadr\u017eba: V\u00e1lec by m\u011bl b\u00fdt navr\u017een tak, aby umo\u017e\u0148oval snadnou \u00fadr\u017ebu a opravy.<\/li>\n<\/ul>\n<p><img decoding=\"async\" src=\"https:\/\/www.hydraulic-cylinders.net\/wp-content\/uploads\/2025\/01\/songte-oil-pipes-and-spare-parts.webp\" alt=\"Obr\u00e1zek hydraulick\u00e9ho v\u00e1lce\"><\/p>\n<h2>T\u011bsn\u011bn\u00ed a maz\u00e1n\u00ed<\/h2>\n<p>Kore\u010dkov\u00fd v\u00e1lec vy\u017eaduje r\u016fzn\u00e9 t\u011bsnic\u00ed komponenty, jako jsou t\u011bsn\u011bn\u00ed p\u00edst\u016f a p\u00edstnic, vyroben\u00e9 z materi\u00e1l\u016f odoln\u00fdch proti opot\u0159eben\u00ed, jako je polyuretan a nitrilov\u00e1 pry\u017e. Povrch v\u00e1lce a z\u00e1vity jsou precizn\u011b o\u0161et\u0159eny pro zlep\u0161en\u00ed odolnosti proti opot\u0159eben\u00ed. Pravideln\u00e9 dopl\u0148ov\u00e1n\u00ed hydraulick\u00e9ho oleje je nezbytn\u00e9 pro zaji\u0161t\u011bn\u00ed dostate\u010dn\u00e9ho maz\u00e1n\u00ed v\u00e1lce.<\/p>\n<h2>\u00dadr\u017eba a opravy<\/h2>\n<p>Pravideln\u00e9 kontroly a preventivn\u00ed \u00fadr\u017eba jsou z\u00e1sadn\u00ed pro prodlou\u017een\u00ed \u017eivotnosti kore\u010dkov\u00e9ho v\u00e1lce. N\u00e1sleduje n\u011bkolik b\u011b\u017en\u00fdch \u00fakon\u016f \u00fadr\u017eby:<\/p>\n<ul>\n<li>Pravideln\u00e1 kontrola<\/li>\n<li>Spr\u00e1vn\u00e9 maz\u00e1n\u00ed<\/li>\n<li>V\u00fdm\u011bna t\u011bsn\u011bn\u00ed<\/li>\n<li>Kalibra\u010dn\u00ed kontroly<\/li>\n<\/ul>\n<p><img decoding=\"async\" src=\"https:\/\/www.hydraulic-cylinders.net\/wp-content\/uploads\/2025\/01\/songte-chushion-collar.webp\" alt=\"Obr\u00e1zek hydraulick\u00e9ho v\u00e1lce\"><\/p>\n<h2>Bezpe\u010dnostn\u00ed aspekty a faktory prost\u0159ed\u00ed<\/h2>\n<p>P\u0159i pou\u017e\u00edv\u00e1n\u00ed lahve s kbel\u00edkem je z\u00e1sadn\u00ed dodr\u017eovat bezpe\u010dnostn\u00ed opat\u0159en\u00ed. Je nezbytn\u00e9 dodr\u017eovat pokyny v\u00fdrobce a pou\u017e\u00edvat vhodn\u00e9 osobn\u00ed ochrann\u00e9 prost\u0159edky (OOP). P\u0159i pou\u017e\u00edv\u00e1n\u00ed lahve je t\u0159eba zohlednit tak\u00e9 faktory prost\u0159ed\u00ed, jako je teplota, vlhkost a atmosf\u00e9rick\u00fd tlak.<\/p>\n<h2>Odstra\u0148ov\u00e1n\u00ed probl\u00e9m\u016f a b\u011b\u017en\u00e9 probl\u00e9my<\/h2>\n<p>Mezi b\u011b\u017en\u00e9 probl\u00e9my spojen\u00e9 s v\u00e1lcem kore\u010dkov\u00e9ho v\u00e1lce pat\u0159\u00ed net\u011bsnost, porucha a opot\u0159eben\u00ed. Identifikace a \u0159e\u0161en\u00ed t\u011bchto probl\u00e9m\u016f vy\u017eaduje spr\u00e1vn\u00e9 dovednosti v odstra\u0148ov\u00e1n\u00ed probl\u00e9m\u016f. Preventivn\u00ed opat\u0159en\u00ed, jako jsou pravideln\u00e9 kontroly a \u00fadr\u017eba, mohou pomoci sn\u00ed\u017eit v\u00fdskyt t\u011bchto probl\u00e9m\u016f.<\/p>\n<p><img decoding=\"async\" src=\"https:\/\/www.hydraulic-cylinders.net\/wp-content\/uploads\/2025\/01\/songte-bushings-with-all-kinds-of-excavator-models.webp\" alt=\"Obr\u00e1zek hydraulick\u00e9ho v\u00e1lce\"><\/p>\n<h2>O na\u0161\u00ed spole\u010dnosti<\/h2>\n<p>Jsme p\u0159edn\u00edm v\u00fdrobcem a velkoobchodn\u00edkem hydraulick\u00fdch v\u00e1lc\u016f na dom\u00e1c\u00edm i mezin\u00e1rodn\u00edm trhu. Na\u0161e v\u00fdrobn\u00ed \u0159ada zahrnuje r\u016fzn\u00e9 typy hydraulick\u00fdch v\u00e1lc\u016f. Dodr\u017eujeme vynikaj\u00edc\u00ed strategie \u0159\u00edzen\u00ed kvality a v\u00fdroby a spol\u00e9h\u00e1me se na \u0161pi\u010dkov\u00e9 v\u00fdrobn\u00ed za\u0159\u00edzen\u00ed a profesion\u00e1ln\u00ed testovac\u00ed syst\u00e9my. M\u00e1me t\u00fdm odborn\u00edk\u016f schopn\u00fdch splnit rozmanit\u00e9 po\u017eadavky z\u00e1kazn\u00edk\u016f s vysokou efektivitou, p\u0159esnost\u00ed a kvalitou.<\/p>\n<h3>Na\u0161e odborn\u00e9 znalosti<\/h3>\n<p>Nab\u00edz\u00edme n\u00e1sleduj\u00edc\u00ed odborn\u00e9 znalosti:<\/p>\n<ul>\n<li>Mezin\u00e1rodn\u00ed certifikace<\/li>\n<li>Slu\u017eby p\u0159izp\u016fsoben\u00ed<\/li>\n<li>Nejmodern\u011bj\u0161\u00ed v\u00fdrobn\u00ed za\u0159\u00edzen\u00ed<\/li>\n<li>Poprodejn\u00ed servis<\/li>\n<\/ul>\n<p><img decoding=\"async\" src=\"https:\/\/hzpt.com\/wp-content\/uploads\/2024\/11\/songte-company-1.webp\" alt=\"Obr\u00e1zek hydraulick\u00e9ho v\u00e1lce\"><\/p>\n<p>Autor: lyl.<\/p>","protected":false},"excerpt":{"rendered":"<p>Bucket Cylinder For Baoding WY75-7 Introduction A bucket cylinder is a type of hydraulic cylinder specially designed for controlling the movement of buckets in heavy machinery such as excavators, backhoe excavators, and front loaders. Its main function is to enable the bucket to lift, lower, and tilt, making it easier for various material handling tasks. [&hellip;]<\/p>","protected":false},"featured_media":14785,"comment_status":"open","ping_status":"closed","template":"","meta":{"_et_pb_use_builder":"","_et_pb_old_content":"","_et_gb_content_width":""},"product_brand":[],"product_cat":[1494],"product_tag":[1495,1496],"class_list":{"0":"post-15960","1":"product","2":"type-product","3":"status-publish","4":"has-post-thumbnail","6":"product_cat-bucket-cylinders","7":"product_tag-bucket-cylinders","8":"product_tag-hydraulic-cylinders","10":"first","11":"instock","12":"shipping-taxable","13":"product-type-simple"},"amp_enabled":true,"_links":{"self":[{"href":"https:\/\/www.hydraulic-cylinders.net\/cs\/wp-json\/wp\/v2\/product\/15960","targetHints":{"allow":["GET"]}}],"collection":[{"href":"https:\/\/www.hydraulic-cylinders.net\/cs\/wp-json\/wp\/v2\/product"}],"about":[{"href":"https:\/\/www.hydraulic-cylinders.net\/cs\/wp-json\/wp\/v2\/types\/product"}],"replies":[{"embeddable":true,"href":"https:\/\/www.hydraulic-cylinders.net\/cs\/wp-json\/wp\/v2\/comments?post=15960"}],"wp:featuredmedia":[{"embeddable":true,"href":"https:\/\/www.hydraulic-cylinders.net\/cs\/wp-json\/wp\/v2\/media\/14785"}],"wp:attachment":[{"href":"https:\/\/www.hydraulic-cylinders.net\/cs\/wp-json\/wp\/v2\/media?parent=15960"}],"wp:term":[{"taxonomy":"product_brand","embeddable":true,"href":"https:\/\/www.hydraulic-cylinders.net\/cs\/wp-json\/wp\/v2\/product_brand?post=15960"},{"taxonomy":"product_cat","embeddable":true,"href":"https:\/\/www.hydraulic-cylinders.net\/cs\/wp-json\/wp\/v2\/product_cat?post=15960"},{"taxonomy":"product_tag","embeddable":true,"href":"https:\/\/www.hydraulic-cylinders.net\/cs\/wp-json\/wp\/v2\/product_tag?post=15960"}],"curies":[{"name":"wp","href":"https:\/\/api.w.org\/{rel}","templated":true}]}}