{"id":15974,"date":"2025-01-19T15:14:15","date_gmt":"2025-01-19T15:14:15","guid":{"rendered":"https:\/\/www.hydraulic-cylinders.net\/product\/bucket-cylinder-for-dasin-ds60-7\/"},"modified":"2025-01-19T15:14:21","modified_gmt":"2025-01-19T15:14:21","slug":"bucket-cylinder-for-dasin-ds60-7","status":"publish","type":"product","link":"https:\/\/www.hydraulic-cylinders.net\/cs\/produkt\/bucket-cylinder-for-dasin-ds60-7\/","title":{"rendered":"Kbel\u00edkov\u00fd v\u00e1lec pro Dasin DS60-7"},"content":{"rendered":"<h1>Kbel\u00edkov\u00fd v\u00e1lec pro Dasin DS60-7<\/h1>\n<h2>Zaveden\u00ed<\/h2>\n<p>Hydraulick\u00fd v\u00e1lec kore\u010dkov\u00e9ho v\u00e1lce je speci\u00e1ln\u011b navr\u017een\u00fd hydraulick\u00fd v\u00e1lec pou\u017e\u00edvan\u00fd p\u0159edev\u0161\u00edm k ovl\u00e1d\u00e1n\u00ed pohybu kore\u010dk\u016f v t\u011b\u017ek\u00fdch stroj\u00edch, jako jsou bagry, r\u00fdpadla-rypadla a \u010deln\u00ed naklada\u010de. Jeho hlavn\u00ed funkc\u00ed je umo\u017enit zved\u00e1n\u00ed, spou\u0161t\u011bn\u00ed a nakl\u00e1p\u011bn\u00ed kore\u010dkov\u00e9ho v\u00e1lce, co\u017e usnad\u0148uje r\u016fzn\u00e9 \u00fakoly manipulace s materi\u00e1lem. V hydraulick\u00fdch syst\u00e9mech dosahuj\u00ed kore\u010dkov\u00e9 v\u00e1lce p\u0159esn\u00e9ho ovl\u00e1d\u00e1n\u00ed kore\u010dkov\u00e9ho v\u00e1lce pomoc\u00ed zm\u011bny tlaku hydraulick\u00e9ho oleje, co\u017e umo\u017e\u0148uje obsluze efektivn\u011b manipulovat s t\u011b\u017ek\u00fdmi p\u0159edm\u011bty a p\u0159izp\u016fsobovat se slo\u017eit\u00fdm pracovn\u00edm prost\u0159ed\u00edm a rozmanit\u00fdm provozn\u00edm po\u017eadavk\u016fm.<\/p>\n<p><img decoding=\"async\" src=\"https:\/\/www.hydraulic-cylinders.net\/wp-content\/uploads\/2025\/01\/songte-company-2.webp\" alt=\"Kbel\u00edkov\u00fd v\u00e1lec pro Dasin DS60-7\"><\/p>\n<h2>Funkce<\/h2>\n<ul>\n<li>Vysok\u00e1 pevnost a odolnost: Obvykle jsou vyrobeny z vysokopevnostn\u00ed oceli nebo hlin\u00edku, odol\u00e1vaj\u00ed vysok\u00e9mu tlaku a t\u011b\u017ek\u00e9mu zat\u00ed\u017een\u00ed, vhodn\u00e9 pro n\u00e1ro\u010dn\u00e9 pracovn\u00ed prost\u0159ed\u00ed, navr\u017eeny s ohledem na odolnost proti opot\u0159eben\u00ed a korozi, co\u017e prodlu\u017euje \u017eivotnost.<\/li>\n<li>Efektivn\u00ed hydraulick\u00fd provoz: D\u00edky tlaku hydraulick\u00e9ho oleje dosahuje plynul\u00e9 expanze a smr\u0161\u0165ov\u00e1n\u00ed rychle reaguje na \u0159\u00eddic\u00ed povely, poskytuje silnou tla\u010dnou a ta\u017enou s\u00edlu a je vhodn\u00fd pro manipulaci s t\u011b\u017ek\u00fdmi p\u0159edm\u011bty a slo\u017eit\u00e9 provozn\u00ed \u00fakoly.<\/li>\n<li>V\u00edce typ\u016f: Podle po\u017eadavk\u016f lze vybrat jedno\u010dinn\u00e9 (hydraulika se pou\u017e\u00edv\u00e1 pouze v jednom sm\u011bru) nebo dvoj\u010dinn\u00e9 (hydraulika se pou\u017e\u00edv\u00e1 v obou sm\u011brech) v\u00e1lce, aby spl\u0148ovaly r\u016fzn\u00e9 provozn\u00ed pot\u0159eby. N\u011bkter\u00e9 modely jsou teleskopick\u00e9, co\u017e umo\u017e\u0148uje v\u011bt\u0161\u00ed vysunut\u00ed bez zv\u011bt\u0161en\u00ed vn\u011bj\u0161\u00edch rozm\u011br\u016f, a jsou vhodn\u00e9 pro aplikace s omezen\u00fdm prostorem.<\/li>\n<li>M\u016f\u017ee nahradit hydraulick\u00e9 v\u00e1lce: Na\u0161e produkty dok\u00e1\u017e\u00ed tyto hydraulick\u00e9 v\u00e1lce dokonale nahradit.<\/li>\n<\/ul>\n<p><img decoding=\"async\" src=\"https:\/\/www.hydraulic-cylinders.net\/wp-content\/uploads\/2025\/01\/songte-cylinder-head-with-all-kinds-excavator-models.webp\" alt=\"Kbel\u00edkov\u00fd v\u00e1lec pro Dasin DS60-7\"><\/p>\n<h2>Aplikace<\/h2>\n<p>Kore\u010dkov\u00e9 v\u00e1lce se pou\u017e\u00edvaj\u00ed v r\u016fzn\u00fdch aplikac\u00edch, v\u010detn\u011b:<\/p>\n<ul>\n<li>Stavebn\u00ed stroje: U bagr\u016f jsou kl\u00ed\u010dov\u00e9 pro kop\u00e1n\u00ed, nakl\u00e1d\u00e1n\u00ed a p\u0159emis\u0165ov\u00e1n\u00ed zeminy nebo suti. U r\u00fdpadel s r\u00fdpadly pom\u00e1haj\u00ed kore\u010dkov\u00e9 v\u00e1lce jak p\u0159i kop\u00e1n\u00ed, tak p\u0159i zved\u00e1n\u00ed. U \u010deln\u00edch naklada\u010d\u016f pom\u00e1haj\u00ed s efektivn\u00edm zved\u00e1n\u00edm a vykl\u00e1dkov\u00e1n\u00edm n\u00e1kladu.<\/li>\n<li>Zem\u011bd\u011blsk\u00e9 stroje: Pou\u017e\u00edvaj\u00ed se v \u010deln\u00edch naklada\u010d\u00edch k nab\u00edr\u00e1n\u00ed, zved\u00e1n\u00ed a p\u0159eprav\u011b zeminy, sena a dal\u0161\u00edch materi\u00e1l\u016f. V bagrech umo\u017e\u0148uj\u00ed v\u00e1lce kore\u010dk\u016f kop\u00e1n\u00ed t\u00edm, \u017ee umo\u017e\u0148uj\u00ed kore\u010dce proniknout do p\u016fdy.<\/li>\n<\/ul>\n<h2>Konstruk\u010dn\u00ed aspekty a krit\u00e9ria v\u00fdb\u011bru<\/h2>\n<p>P\u0159i navrhov\u00e1n\u00ed kore\u010dkov\u00fdch v\u00e1lc\u016f je t\u0159eba vz\u00edt v \u00favahu faktory, jako je nosnost, t\u011bsn\u011bn\u00ed, trvanlivost, bezpe\u010dnost a \u00fadr\u017eba. Mezi n\u011b pat\u0159\u00ed nap\u0159\u00edklad:<\/p>\n<ul>\n<li>Nosnost: V\u00e1lce kore\u010dk\u016f mus\u00ed b\u00fdt navr\u017eeny tak, aby vydr\u017eely maxim\u00e1ln\u00ed o\u010dek\u00e1van\u00e9 zat\u00ed\u017een\u00ed bez deformace nebo selh\u00e1n\u00ed.<\/li>\n<li>T\u011bsn\u011bn\u00ed: Aby se zajistilo, \u017ee hydraulick\u00e1 kapalina neunik\u00e1 a do v\u00e1lce se nedostanou ne\u010distoty, je nutn\u00e9 pou\u017e\u00edt r\u016fzn\u00e9 t\u011bsnic\u00ed prvky, jako jsou t\u011bsn\u011bn\u00ed p\u00edstu a p\u00edstnice.<\/li>\n<li>Trvanlivost: T\u011bleso v\u00e1lce a p\u00edstn\u00ed ty\u010d mus\u00ed b\u00fdt vyrobeny z materi\u00e1l\u016f odoln\u00fdch proti opot\u0159eben\u00ed a korozi, co\u017e zaru\u010duje dlouhou \u017eivotnost.<\/li>\n<li>Bezpe\u010dnost: V\u00e1lec kore\u010dkov\u00e9ho v\u00e1lce mus\u00ed b\u00fdt navr\u017een tak, aby se zabr\u00e1nilo nehod\u00e1m a byla zaji\u0161t\u011bna bezpe\u010dnost obsluhy.<\/li>\n<li>\u00dadr\u017eba: V\u00e1lce kore\u010dk\u016f by m\u011bly b\u00fdt snadno udr\u017eovateln\u00e9 a opravovateln\u00e9, aby se minimalizovaly prostoje a souvisej\u00edc\u00ed n\u00e1klady.<\/li>\n<\/ul>\n<p><img decoding=\"async\" src=\"https:\/\/www.hydraulic-cylinders.net\/wp-content\/uploads\/2025\/01\/songte-oil-pipes-and-spare-parts.webp\" alt=\"Kbel\u00edkov\u00fd v\u00e1lec pro Dasin DS60-7\"><\/p>\n<h2>T\u011bsn\u011bn\u00ed a maz\u00e1n\u00ed<\/h2>\n<p>R\u016fzn\u00e9 t\u011bsnic\u00ed prvky, jako jsou t\u011bsn\u011bn\u00ed p\u00edst\u016f a p\u00edstnic, se pou\u017e\u00edvaj\u00ed k zaji\u0161t\u011bn\u00ed toho, aby hydraulick\u00e1 kapalina neunikala a aby se do v\u00e1lce nedostaly ne\u010distoty. T\u011bleso v\u00e1lce a p\u00edstnice jsou nav\u00edc vyrobeny z materi\u00e1l\u016f odoln\u00fdch proti opot\u0159eben\u00ed a korozi. Pro \u00fadr\u017ebu kore\u010dkov\u00e9ho v\u00e1lce je nutn\u00e9 pravideln\u011b dopl\u0148ovat odpov\u00eddaj\u00edc\u00ed mno\u017estv\u00ed hydraulick\u00e9ho oleje pro maz\u00e1n\u00ed.<\/p>\n<h2>\u00dadr\u017eba a prevence<\/h2>\n<p>Spr\u00e1vn\u00e1 \u00fadr\u017eba a preventivn\u00ed opat\u0159en\u00ed jsou z\u00e1sadn\u00ed pro prodlou\u017een\u00ed \u017eivotnosti kore\u010dkov\u00e9ho v\u00e1lce. Pravideln\u00e1 kontrola, vhodn\u00e9 maz\u00e1n\u00ed, v\u00fdm\u011bna t\u011bsn\u011bn\u00ed a kalibra\u010dn\u00ed kontroly jsou b\u011b\u017en\u00e9 \u00fakoly \u00fadr\u017eby. Pro zaji\u0161t\u011bn\u00ed spr\u00e1vn\u00e9 instalace kore\u010dkov\u00e9ho v\u00e1lce se doporu\u010duje spr\u00e1vn\u00e9 veden\u00ed k zarovn\u00e1n\u00ed b\u011bhem instalace a pou\u017eit\u00ed vhodn\u00fdch mont\u00e1\u017en\u00edch konzol. \u010cl\u00e1nek tak\u00e9 uv\u00e1d\u00ed doporu\u010den\u00fd postup kontroly, opravy a v\u00fdm\u011bny d\u00edl\u016f a repase pro prodlou\u017een\u00ed \u017eivotnosti produktu.<\/p>\n<p><img decoding=\"async\" src=\"https:\/\/www.hydraulic-cylinders.net\/wp-content\/uploads\/2025\/01\/songte-chushion-collar.webp\" alt=\"Kbel\u00edkov\u00fd v\u00e1lec pro Dasin DS60-7\"><\/p>\n<h2>Bezpe\u010dnostn\u00ed a environment\u00e1ln\u00ed aspekty<\/h2>\n<p>P\u0159i pou\u017e\u00edv\u00e1n\u00ed kore\u010dkov\u00fdch v\u00e1lc\u016f je nutn\u00e9 nosit bezpe\u010dnostn\u00ed opat\u0159en\u00ed, jako jsou vhodn\u00e9 osobn\u00ed ochrann\u00e9 prost\u0159edky, a dodr\u017eovat spr\u00e1vn\u00e9 provozn\u00ed pokyny, aby se p\u0159ede\u0161lo nehod\u00e1m. Z hlediska ochrany \u017eivotn\u00edho prost\u0159ed\u00ed mus\u00ed b\u00fdt pou\u017eit\u00ed hydraulick\u00e9ho oleje v souladu s m\u00edstn\u00edmi environment\u00e1ln\u00edmi p\u0159edpisy.<\/p>\n<h2>Diagnostika a odstra\u0148ov\u00e1n\u00ed probl\u00e9m\u016f<\/h2>\n<p>V p\u0159\u00edpad\u011b selh\u00e1n\u00ed nebo poruchy v\u00e1lce kore\u010dkov\u00e9ho v\u00e1lce je nezbytn\u00e1 spr\u00e1vn\u00e1 diagnostika a \u0159e\u0161en\u00ed probl\u00e9m\u016f, aby se zjistila p\u0159\u00ed\u010dina probl\u00e9mu. \u010cl\u00e1nek poskytuje tipy a \u0159e\u0161en\u00ed pro \u0159e\u0161en\u00ed probl\u00e9m\u016f a diagnostiku probl\u00e9m\u016f, jako\u017e i preventivn\u00ed opat\u0159en\u00ed k minimalizaci potenci\u00e1ln\u00edch probl\u00e9m\u016f.<\/p>\n<p><img decoding=\"async\" src=\"https:\/\/www.hydraulic-cylinders.net\/wp-content\/uploads\/2025\/01\/songte-bushings-with-all-kinds-of-excavator-models.webp\" alt=\"Kbel\u00edkov\u00fd v\u00e1lec pro Dasin DS60-7\"><\/p>\n<h2>O na\u0161\u00ed spole\u010dnosti<\/h2>\n<p>Jsme v\u00fdrobcem n\u00e1hradn\u00edch hydraulick\u00fdch v\u00e1lc\u016f se \u0161irokou \u0161k\u00e1lou produkt\u016f a st\u00e1v\u00e1me se jedn\u00edm z p\u0159edn\u00edch v\u00fdrobc\u016f a velkoobchodn\u00edch distributor\u016f hydraulick\u00fdch v\u00e1lc\u016f na dom\u00e1c\u00edm i mezin\u00e1rodn\u00edm trhu. Dodr\u017eujeme z\u00e1sady vynikaj\u00edc\u00ed kvality, spol\u00e9h\u00e1me se na industrializovan\u00e9 strategie \u0159\u00edzen\u00ed v\u00fdroby v precizn\u011b zpracovan\u00fdch v\u00fdrobn\u00edch d\u00edln\u00e1ch, neust\u00e1le zlep\u0161ujeme v\u00fdrobn\u00ed platformu d\u00edlny, zlep\u0161ujeme kvalitu v\u00fdrobn\u00ed linky a m\u00e1me siln\u00e9 tv\u016fr\u010d\u00ed schopnosti. S principy efektivity, p\u0159esnosti a kvality uspokojujeme rozmanit\u00e9 pot\u0159eby na\u0161ich z\u00e1kazn\u00edk\u016f. Poskytujeme profesion\u00e1ln\u00ed, mezin\u00e1rodn\u011b certifikovan\u00e9, zak\u00e1zkov\u00e9 slu\u017eby, v\u00fdrobn\u00ed za\u0159\u00edzen\u00ed a poprodejn\u00ed servis.<\/p>\n<p><img decoding=\"async\" src=\"https:\/\/hzpt.com\/wp-content\/uploads\/2024\/11\/songte-company-1.webp\" alt=\"Kbel\u00edkov\u00fd v\u00e1lec pro Dasin DS60-7\"><\/p>\n<p>Autor: lyl<\/p>","protected":false},"excerpt":{"rendered":"<p>Bucket Cylinder For Dasin DS60-7 Introduction A bucket cylinder is a specially designed hydraulic cylinder used primarily to control the movement of buckets in heavy machinery such as excavators, backhoe excavators, and front loaders. Its main function is to enable the bucket to lift, lower, and tilt, making it easier for various materials handling tasks. [&hellip;]<\/p>","protected":false},"featured_media":14787,"comment_status":"open","ping_status":"closed","template":"","meta":{"_et_pb_use_builder":"","_et_pb_old_content":"","_et_gb_content_width":""},"product_brand":[],"product_cat":[1494],"product_tag":[1495,1496],"class_list":{"0":"post-15974","1":"product","2":"type-product","3":"status-publish","4":"has-post-thumbnail","6":"product_cat-bucket-cylinders","7":"product_tag-bucket-cylinders","8":"product_tag-hydraulic-cylinders","10":"first","11":"instock","12":"shipping-taxable","13":"product-type-simple"},"amp_enabled":true,"_links":{"self":[{"href":"https:\/\/www.hydraulic-cylinders.net\/cs\/wp-json\/wp\/v2\/product\/15974","targetHints":{"allow":["GET"]}}],"collection":[{"href":"https:\/\/www.hydraulic-cylinders.net\/cs\/wp-json\/wp\/v2\/product"}],"about":[{"href":"https:\/\/www.hydraulic-cylinders.net\/cs\/wp-json\/wp\/v2\/types\/product"}],"replies":[{"embeddable":true,"href":"https:\/\/www.hydraulic-cylinders.net\/cs\/wp-json\/wp\/v2\/comments?post=15974"}],"wp:featuredmedia":[{"embeddable":true,"href":"https:\/\/www.hydraulic-cylinders.net\/cs\/wp-json\/wp\/v2\/media\/14787"}],"wp:attachment":[{"href":"https:\/\/www.hydraulic-cylinders.net\/cs\/wp-json\/wp\/v2\/media?parent=15974"}],"wp:term":[{"taxonomy":"product_brand","embeddable":true,"href":"https:\/\/www.hydraulic-cylinders.net\/cs\/wp-json\/wp\/v2\/product_brand?post=15974"},{"taxonomy":"product_cat","embeddable":true,"href":"https:\/\/www.hydraulic-cylinders.net\/cs\/wp-json\/wp\/v2\/product_cat?post=15974"},{"taxonomy":"product_tag","embeddable":true,"href":"https:\/\/www.hydraulic-cylinders.net\/cs\/wp-json\/wp\/v2\/product_tag?post=15974"}],"curies":[{"name":"wp","href":"https:\/\/api.w.org\/{rel}","templated":true}]}}