{"id":15998,"date":"2025-01-19T15:16:16","date_gmt":"2025-01-19T15:16:16","guid":{"rendered":"https:\/\/www.hydraulic-cylinders.net\/product\/bucket-cylinder-for-yigong-cy210\/"},"modified":"2025-01-19T15:16:19","modified_gmt":"2025-01-19T15:16:19","slug":"bucket-cylinder-for-yigong-cy210","status":"publish","type":"product","link":"https:\/\/www.hydraulic-cylinders.net\/cs\/produkt\/bucket-cylinder-for-yigong-cy210\/","title":{"rendered":"Kbel\u00edkov\u00fd v\u00e1lec pro Yigong CY210"},"content":{"rendered":"<h1>Kbel\u00edkov\u00fd v\u00e1lec pro Yigong CY210<\/h1>\n<h2>Zaveden\u00ed<\/h2>\n<p>Hydraulick\u00fd v\u00e1lec l\u017e\u00edce pro Yigong CY210 je specializovan\u00fd hydraulick\u00fd v\u00e1lec ur\u010den\u00fd k ovl\u00e1d\u00e1n\u00ed pohybu l\u017e\u00edce v t\u011b\u017ek\u00fdch stroj\u00edch, jako jsou rypadla, bagry a \u010deln\u00ed naklada\u010de. Jeho hlavn\u00ed funkc\u00ed je umo\u017enit zved\u00e1n\u00ed, spou\u0161t\u011bn\u00ed a nakl\u00e1p\u011bn\u00ed l\u017e\u00edce, co\u017e usnad\u0148uje manipulaci s r\u016fzn\u00fdmi materi\u00e1ly. V hydraulick\u00e9m syst\u00e9mu dosahuje v\u00e1lec l\u017e\u00edce p\u0159esn\u00e9ho ovl\u00e1d\u00e1n\u00ed l\u017e\u00edce zm\u011bnami tlaku hydraulick\u00e9ho oleje, co\u017e umo\u017e\u0148uje obsluze efektivn\u011b manipulovat s t\u011b\u017ek\u00fdmi p\u0159edm\u011bty, p\u0159izp\u016fsobovat se slo\u017eit\u00fdm pracovn\u00edm prost\u0159ed\u00edm a rozmanit\u00fdm provozn\u00edm pot\u0159eb\u00e1m.<\/p>\n<p><img decoding=\"async\" src=\"https:\/\/www.hydraulic-cylinders.net\/wp-content\/uploads\/2025\/01\/songte-company-2.webp\" alt=\"Kbel\u00edkov\u00fd v\u00e1lec pro Yigong CY210\"><\/p>\n<h2>Funkce<\/h2>\n<ul>\n<li>Vysok\u00e1 pevnost a trvanlivost: Obvykle vyrobeno z vysokopevnostn\u00ed oceli nebo hlin\u00edku, schopno odolat vysok\u00e9mu tlaku a t\u011b\u017ek\u00e9mu zat\u00ed\u017een\u00ed, vhodn\u00e9 pro n\u00e1ro\u010dn\u00e9 pracovn\u00ed prost\u0159ed\u00ed, navr\u017eeno s ohledem na odolnost proti opot\u0159eben\u00ed a korozi, co\u017e prodlu\u017euje \u017eivotnost.<\/li>\n<li>Efektivn\u00ed hydraulick\u00fd provoz: Vyu\u017eit\u00ed tlaku hydraulick\u00e9ho oleje k dosa\u017een\u00ed plynul\u00e9ho vysouv\u00e1n\u00ed a smr\u0161\u0165ov\u00e1n\u00ed, schopnost rychl\u00e9 reakce na \u0159\u00eddic\u00ed povely, zaji\u0161t\u011bn\u00ed siln\u00fdch tla\u010dn\u00fdch a ta\u017en\u00fdch sil, vhodn\u00e9 pro manipulaci s t\u011b\u017ek\u00fdmi p\u0159edm\u011bty a slo\u017eit\u00e9 provozn\u00ed \u00fakoly.<\/li>\n<li>R\u016fzn\u00e9 typy: Lze zvolit jedno\u010dinn\u00e9 (hydraulicky ovl\u00e1dan\u00e9 pouze v jednom sm\u011bru) nebo dvoj\u010dinn\u00e9 (hydraulicky ovl\u00e1dan\u00e9 ve dvou sm\u011brech) v\u00e1lce podle pot\u0159eb a provozn\u00edch po\u017eadavk\u016f. N\u011bkter\u00e9 modely jsou teleskopick\u00e9, co\u017e umo\u017e\u0148uje v\u011bt\u0161\u00ed rozta\u017een\u00ed bez zv\u011bt\u0161en\u00ed vn\u011bj\u0161\u00edch rozm\u011br\u016f, vhodn\u00e9 pro aplikace s omezen\u00fdm prostorem.<\/li>\n<li>Nahrazuje jin\u00e9 hydraulick\u00e9 v\u00e1lce: N\u00e1\u0161 produkt dok\u00e1\u017ee tyto hydraulick\u00e9 v\u00e1lce dokonale nahradit.<\/li>\n<\/ul>\n<p><img decoding=\"async\" src=\"https:\/\/www.hydraulic-cylinders.net\/wp-content\/uploads\/2025\/01\/songte-cylinder-head-with-all-kinds-excavator-models.webp\" alt=\"Kbel\u00edkov\u00fd v\u00e1lec pro Yigong CY210\"><\/p>\n<h2>Aplikace<\/h2>\n<p>Kore\u010dkov\u00fd v\u00e1lec pro Yigong CY210 hraje kl\u00ed\u010dovou roli v mnoha odv\u011btv\u00edch, jako nap\u0159\u00edklad:<\/p>\n<ul>\n<li>Stavebn\u00ed stroje: U bagr\u016f jsou nezbytn\u00e9 pro kop\u00e1n\u00ed, nakl\u00e1d\u00e1n\u00ed a p\u0159emis\u0165ov\u00e1n\u00ed zeminy nebo suti. U r\u00fdpadel s r\u00fdpadly pom\u00e1h\u00e1 v\u00e1lec kore\u010dkov\u00e9ho v\u00e1lce jak p\u0159i kop\u00e1n\u00ed, tak p\u0159i zved\u00e1n\u00ed. <\/li>\n<li>Zem\u011bd\u011blsk\u00e9 stroje: Pou\u017e\u00edvaj\u00ed se pro \u010deln\u00ed naklada\u010de, zved\u00e1n\u00ed a p\u0159epravu zeminy, sena a dal\u0161\u00edch materi\u00e1l\u016f. <\/li>\n<li>Rypadla: V\u00e1lec l\u017e\u00edce dosahuje kop\u00e1n\u00ed t\u00edm, \u017ee umo\u017e\u0148uje l\u017e\u00edci proniknout do p\u016fdy.<\/li>\n<li>Naklada\u010de: \u010celn\u00ed naklada\u010de pom\u00e1haj\u00ed s efektivn\u00edm zved\u00e1n\u00edm a vykl\u00e1dkou zbo\u017e\u00ed.<\/li>\n<\/ul>\n<h2>N\u00e1vrh produktu a krit\u00e9ria v\u00fdb\u011bru<\/h2>\n<p>P\u0159i n\u00e1vrhu kore\u010dkov\u00e9ho v\u00e1lce pro Yigong CY210 jsme zv\u00e1\u017eili n\u00e1sleduj\u00edc\u00ed faktory:<\/p>\n<ul>\n<li>\u00danosnost: V\u00e1lec mus\u00ed b\u00fdt schopen zvl\u00e1dnout t\u011b\u017ek\u00e9 zat\u00ed\u017een\u00ed a vysok\u00e9 tlaky v r\u016fzn\u00fdch pracovn\u00edch prost\u0159ed\u00edch.<\/li>\n<li>T\u011bsn\u011bn\u00ed: K zabr\u00e1n\u011bn\u00ed \u00faniku oleje a zaji\u0161t\u011bn\u00ed efektivn\u00edho provozu se pou\u017e\u00edvaj\u00ed r\u016fzn\u00e9 t\u011bsnic\u00ed prvky, jako jsou t\u011bsn\u011bn\u00ed p\u00edst\u016f a p\u00edstnic.<\/li>\n<li>Trvanlivost: Vysok\u00e1 odolnost proti opot\u0159eben\u00ed a korozi jsou kl\u00ed\u010dov\u00fdmi faktory pro prodlou\u017een\u00ed \u017eivotnosti v\u00e1lce.<\/li>\n<li>Bezpe\u010dnost: Vestav\u011bn\u00e9 bezpe\u010dnostn\u00ed prvky, jako jsou p\u0159etlakov\u00e9 ventily, zaji\u0161\u0165uj\u00ed bezpe\u010dn\u00fd provoz v r\u016fzn\u00fdch situac\u00edch.<\/li>\n<li>\u00dadr\u017eba: Konstrukce v\u00e1lce umo\u017e\u0148uje snadnou \u00fadr\u017ebu a opravy, \u010d\u00edm\u017e minimalizuje prostoje a n\u00e1klady.<\/li>\n<\/ul>\n<p><img decoding=\"async\" src=\"https:\/\/www.hydraulic-cylinders.net\/wp-content\/uploads\/2025\/01\/songte-oil-pipes-and-spare-parts.webp\" alt=\"Kbel\u00edkov\u00fd v\u00e1lec pro Yigong CY210\"><\/p>\n<h2>T\u011bsn\u011bn\u00ed a maz\u00e1n\u00ed<\/h2>\n<p>Kore\u010dkov\u00fd v\u00e1lec pro Yigong CY210 pou\u017e\u00edv\u00e1 r\u016fzn\u00e9 t\u011bsnic\u00ed komponenty, jako jsou t\u011bsn\u011bn\u00ed p\u00edstu a p\u00edstnice vyroben\u00e9 z materi\u00e1l\u016f odoln\u00fdch proti opot\u0159eben\u00ed, jako je polyuretan a nitrilov\u00e1 pry\u017e. T\u011bleso v\u00e1lce a povrch z\u00e1vitu pro\u0161ly jemn\u00fdm opracov\u00e1n\u00edm pro zlep\u0161en\u00ed odolnosti proti opot\u0159eben\u00ed. Pravideln\u00e9 maz\u00e1n\u00ed vhodn\u00fdm mno\u017estv\u00edm hydraulick\u00e9ho oleje je nezbytn\u00e9 pro zaji\u0161t\u011bn\u00ed plynul\u00e9ho provozu a prodlou\u017een\u00ed \u017eivotnosti v\u00e1lce.<\/p>\n<h2>\u00dadr\u017eba a prevence<\/h2>\n<p>Pravideln\u00e1 kontrola, spr\u00e1vn\u00e9 maz\u00e1n\u00ed, v\u00fdm\u011bna t\u011bsn\u011bn\u00ed a kalibra\u010dn\u00ed kontroly jsou b\u011b\u017en\u00e9 \u00fakony \u00fadr\u017eby kore\u010dkov\u00e9ho v\u00e1lce Yigong CY210. Spr\u00e1vn\u00e1 instalace, maz\u00e1n\u00ed a se\u0159\u00edzen\u00ed jsou nezbytn\u00e9 pro prodlou\u017een\u00ed \u017eivotnosti v\u00e1lce. B\u011bhem instalace je nezbytn\u00e9 poskytnout spr\u00e1vn\u00e9 pokyny pro vyrovn\u00e1n\u00ed v\u00e1lce, doporu\u010dit pou\u017eit\u00ed vhodn\u00fdch mont\u00e1\u017en\u00edch konzol k zaji\u0161t\u011bn\u00ed v\u00e1lce a poskytnout doporu\u010den\u00e9 postupy kontroly, opravy a v\u00fdm\u011bny pro zlep\u0161en\u00ed \u017eivotnosti v\u00e1lce.<\/p>\n<p><img decoding=\"async\" src=\"https:\/\/www.hydraulic-cylinders.net\/wp-content\/uploads\/2025\/01\/songte-chushion-collar.webp\" alt=\"Kbel\u00edkov\u00fd v\u00e1lec pro Yigong CY210\"><\/p>\n<h2>Bezpe\u010dnostn\u00ed aspekty a faktory prost\u0159ed\u00ed<\/h2>\n<p>P\u0159i pou\u017e\u00edv\u00e1n\u00ed kbel\u00edkov\u00e9ho v\u00e1lce pro Yigong CY210 je nezbytn\u00e9 dodr\u017eovat spr\u00e1vn\u00e1 bezpe\u010dnostn\u00ed opat\u0159en\u00ed, jako je no\u0161en\u00ed ochrann\u00fdch pom\u016fcek a dodr\u017eov\u00e1n\u00ed provozn\u00edch pokyn\u016f. Faktory prost\u0159ed\u00ed, jako je teplota, vlhkost a atmosf\u00e9rick\u00fd tlak, mohou ovlivnit v\u00fdkon v\u00e1lce a m\u011bly by b\u00fdt b\u011bhem provozu zohledn\u011bny.<\/p>\n<h2>Diagnostika z\u00e1vad a b\u011b\u017en\u00e9 probl\u00e9my<\/h2>\n<p>Mezi b\u011b\u017en\u00e9 probl\u00e9my s kore\u010dkov\u00fdm v\u00e1lcem pro Yigong CY210 pat\u0159\u00ed \u00fanik oleje, sn\u00ed\u017een\u00e1 \u00fa\u010dinnost a ztr\u00e1ta tlaku. Diagnostika t\u011bchto probl\u00e9m\u016f vy\u017eaduje pe\u010dlivou kontrolu a testov\u00e1n\u00ed r\u016fzn\u00fdch sou\u010d\u00e1st\u00ed, jako jsou t\u011bsn\u011bn\u00ed, p\u00edsty a ventily. Spr\u00e1vn\u00e1 \u00fadr\u017eba a v\u010dasn\u00e9 opravy mohou t\u011bmto probl\u00e9m\u016fm zabr\u00e1nit.<\/p>\n<h2>O na\u0161\u00ed spole\u010dnosti<\/h2>\n<p>Jsme v\u00fdrobcem n\u00e1hradn\u00edch d\u00edl\u016f pro hydraulick\u00e9 v\u00e1lce, nab\u00edz\u00edme kompletn\u00ed sortiment produkt\u016f a st\u00e1v\u00e1me se jedn\u00edm z p\u0159edn\u00edch v\u00fdrobc\u016f a velkoobchodn\u00edch distributor\u016f hydraulick\u00fdch v\u00e1lc\u016f na dom\u00e1c\u00edm i mezin\u00e1rodn\u00edm trhu. \u0158\u00edd\u00edme se politikou vynikaj\u00edc\u00ed kvality a strategi\u00ed \u0159\u00edzen\u00ed v\u00fdroby zalo\u017eenou na industrializovan\u00e9 v\u00fdrobn\u00ed d\u00edln\u011b, neust\u00e1le vylep\u0161ujeme v\u00fdrobn\u00ed platformu d\u00edlny, zlep\u0161ujeme v\u00fdrobn\u00ed linku kvality produkt\u016f, m\u00e1me silnou v\u00fdrobn\u00ed kapacitu a uspokojujeme r\u016fzn\u00e9 pot\u0159eby z\u00e1kazn\u00edk\u016f s vysokou efektivitou, vysokou p\u0159esnost\u00ed a vysokou kvalitou. <\/p>\n<p><img decoding=\"async\" src=\"https:\/\/hzpt.com\/wp-content\/uploads\/2024\/11\/songte-company-1.webp\" alt=\"Kbel\u00edkov\u00fd v\u00e1lec pro Yigong CY210\"><\/p>\n<h3>Profesionalita<\/h3>\n<p>Na\u0161e spole\u010dnost m\u00e1 t\u00fdm zku\u0161en\u00fdch odborn\u00edk\u016f, kte\u0159\u00ed se zav\u00e1zali poskytovat vysoce kvalitn\u00ed n\u00e1hradn\u00ed hydraulick\u00e9 v\u00e1lce, kter\u00e9 spl\u0148uj\u00ed pot\u0159eby z\u00e1kazn\u00edk\u016f.<\/p>\n<h3>Mezin\u00e1rodn\u00ed certifikace<\/h3>\n<p>Na\u0161e hydraulick\u00e9 v\u00e1lce pro\u0161ly r\u016fzn\u00fdmi mezin\u00e1rodn\u00edmi certifikacemi, jako jsou ISO9001 a CE, co\u017e zaru\u010duje jejich kvalitu a spolehlivost.<\/p>\n<h3>Slu\u017eby p\u0159izp\u016fsoben\u00ed<\/h3>\n<p>Nab\u00edz\u00edme slu\u017eby \u00fapravy hydraulick\u00fdch v\u00e1lc\u016f dle specifick\u00fdch pot\u0159eb z\u00e1kazn\u00edka a poskytujeme \u0159e\u0161en\u00ed pro r\u016fzn\u00e9 provozn\u00ed v\u00fdzvy.<\/p>\n<h3>V\u00fdrobn\u00ed za\u0159\u00edzen\u00ed<\/h3>\n<p>Na\u0161e spole\u010dnost disponuje modern\u00edm v\u00fdrobn\u00edm za\u0159\u00edzen\u00edm, jako jsou CNC obr\u00e1b\u011bc\u00ed centra, hydraulick\u00e9 zku\u0161ebn\u00ed stolice a 3D tisk\u00e1rny, kter\u00e9 zaji\u0161\u0165uj\u00ed kvalitu a p\u0159esnost hydraulick\u00fdch v\u00e1lc\u016f.<\/p>\n<h3>Poprodejn\u00ed slu\u017eby<\/h3>\n<p>Poskytujeme poprodejn\u00ed slu\u017eby, jako je v\u00fdm\u011bna d\u00edl\u016f a repase, abychom zajistili dlouhou \u017eivotnost a spolehlivost na\u0161ich hydraulick\u00fdch v\u00e1lc\u016f.<\/p>\n<footer>Autor: lyl.<\/footer>","protected":false},"excerpt":{"rendered":"<p>Bucket Cylinder For Yigong CY210 Introduction The bucket cylinder for Yigong CY210 is a specialized hydraulic cylinder designed to control the movement of the bucket in heavy machinery such as excavators, backhoe excavators, and front-end loaders. Its main function is to enable the bucket to lift, lower, and tilt, making it easier to handle various [&hellip;]<\/p>","protected":false},"featured_media":14769,"comment_status":"open","ping_status":"closed","template":"","meta":{"_et_pb_use_builder":"","_et_pb_old_content":"","_et_gb_content_width":""},"product_brand":[],"product_cat":[1494],"product_tag":[1495,1496],"class_list":{"0":"post-15998","1":"product","2":"type-product","3":"status-publish","4":"has-post-thumbnail","6":"product_cat-bucket-cylinders","7":"product_tag-bucket-cylinders","8":"product_tag-hydraulic-cylinders","10":"first","11":"instock","12":"shipping-taxable","13":"product-type-simple"},"amp_enabled":true,"_links":{"self":[{"href":"https:\/\/www.hydraulic-cylinders.net\/cs\/wp-json\/wp\/v2\/product\/15998","targetHints":{"allow":["GET"]}}],"collection":[{"href":"https:\/\/www.hydraulic-cylinders.net\/cs\/wp-json\/wp\/v2\/product"}],"about":[{"href":"https:\/\/www.hydraulic-cylinders.net\/cs\/wp-json\/wp\/v2\/types\/product"}],"replies":[{"embeddable":true,"href":"https:\/\/www.hydraulic-cylinders.net\/cs\/wp-json\/wp\/v2\/comments?post=15998"}],"wp:featuredmedia":[{"embeddable":true,"href":"https:\/\/www.hydraulic-cylinders.net\/cs\/wp-json\/wp\/v2\/media\/14769"}],"wp:attachment":[{"href":"https:\/\/www.hydraulic-cylinders.net\/cs\/wp-json\/wp\/v2\/media?parent=15998"}],"wp:term":[{"taxonomy":"product_brand","embeddable":true,"href":"https:\/\/www.hydraulic-cylinders.net\/cs\/wp-json\/wp\/v2\/product_brand?post=15998"},{"taxonomy":"product_cat","embeddable":true,"href":"https:\/\/www.hydraulic-cylinders.net\/cs\/wp-json\/wp\/v2\/product_cat?post=15998"},{"taxonomy":"product_tag","embeddable":true,"href":"https:\/\/www.hydraulic-cylinders.net\/cs\/wp-json\/wp\/v2\/product_tag?post=15998"}],"curies":[{"name":"wp","href":"https:\/\/api.w.org\/{rel}","templated":true}]}}