{"id":16002,"date":"2025-01-19T15:16:38","date_gmt":"2025-01-19T15:16:38","guid":{"rendered":"https:\/\/www.hydraulic-cylinders.net\/product\/bucket-cylinder-for-xiniu-xn63180\/"},"modified":"2025-01-19T15:16:40","modified_gmt":"2025-01-19T15:16:40","slug":"bucket-cylinder-for-xiniu-xn63180","status":"publish","type":"product","link":"https:\/\/www.hydraulic-cylinders.net\/cs\/produkt\/bucket-cylinder-for-xiniu-xn63180\/","title":{"rendered":"V\u00e1lec kope\u010dku pro Xiniu XN63180"},"content":{"rendered":"<h1>V\u00e1lec kope\u010dku pro Xiniu XN63180<\/h1>\n<h2>Zaveden\u00ed<\/h2>\n<p>Hydraulick\u00fd v\u00e1lec l\u017e\u00edce, zn\u00e1m\u00fd tak\u00e9 jako bagry, je speci\u00e1ln\u011b navr\u017een pro t\u011b\u017ek\u00e9 stroje, jako jsou rypadla, bagry a naklada\u010de. Jeho hlavn\u00ed funkc\u00ed je ovl\u00e1d\u00e1n\u00ed pohybu l\u017e\u00edce, co\u017e umo\u017e\u0148uje zved\u00e1n\u00ed, spou\u0161t\u011bn\u00ed a nakl\u00e1p\u011bn\u00ed, d\u00edky \u010demu\u017e je vhodn\u00fd pro r\u016fzn\u00e9 \u00fakoly manipulace s materi\u00e1lem. V hydraulick\u00e9m syst\u00e9mu v\u00e1lec l\u017e\u00edce p\u0159esn\u011b \u0159\u00edd\u00ed pohyb l\u017e\u00edce zm\u011bnou tlaku hydraulick\u00e9ho oleje, co\u017e umo\u017e\u0148uje obsluze efektivn\u011b manipulovat s t\u011b\u017ek\u00fdmi b\u0159emeny a p\u0159izp\u016fsobovat se slo\u017eit\u00fdm pracovn\u00edm prost\u0159ed\u00edm a rozmanit\u00fdm po\u017eadavk\u016fm na pr\u00e1ci.<\/p>\n<p><img decoding=\"async\" src=\"https:\/\/www.hydraulic-cylinders.net\/wp-content\/uploads\/2025\/01\/songte-company-2.webp\"><\/p>\n<h2>Funkce<\/h2>\n<ul>\n<li><strong>Vysok\u00e1 pevnost a trvanlivost<\/strong>Kore\u010dkov\u00fd v\u00e1lec, obvykle vyroben\u00fd z vysokopevnostn\u00ed oceli nebo hlin\u00edku, odol\u00e1 vysok\u00e9mu tlaku a velk\u00e9mu zat\u00ed\u017een\u00ed, a p\u0159izp\u016fsob\u00ed se tak n\u00e1ro\u010dn\u00e9mu pracovn\u00edmu prost\u0159ed\u00ed. Jeho konstrukce zohled\u0148uje odolnost proti opot\u0159eben\u00ed a korozi, co\u017e prodlu\u017euje jeho \u017eivotnost.<\/li>\n<li><strong>Efektivn\u00ed hydraulick\u00fd provoz<\/strong>Vyu\u017eit\u00edm tlaku hydraulick\u00e9ho oleje dosahuje v\u00e1lec l\u017e\u00edce plynul\u00e9ho vysouv\u00e1n\u00ed a zasouv\u00e1n\u00ed, rychle reaguje na ovl\u00e1dac\u00ed povely a poskytuje silnou tla\u010dnou a ta\u017enou s\u00edlu, d\u00edky \u010demu\u017e je vhodn\u00fd pro manipulaci s t\u011b\u017ek\u00fdmi b\u0159emeny a slo\u017eit\u00e9 pracovn\u00ed \u00fakoly.<\/li>\n<li><strong>R\u016fzn\u00e9 typy<\/strong>V\u00e1lec kore\u010dkov\u00e9ho v\u00e1lce m\u016f\u017ee b\u00fdt jedno\u010dinn\u00fd (hydraulicky ovl\u00e1dan\u00fd pouze v jednom sm\u011bru) nebo dvoj\u010dinn\u00fd (hydraulicky ovl\u00e1dan\u00fd ve dvou sm\u011brech) v z\u00e1vislosti na provozn\u00edch po\u017eadavc\u00edch. N\u011bkter\u00e9 modely jsou teleskopick\u00e9, co\u017e umo\u017e\u0148uje v\u011bt\u0161\u00ed vysunut\u00ed bez zv\u011bt\u0161en\u00ed vn\u011bj\u0161\u00edch rozm\u011br\u016f, a proto jsou vhodn\u00e9 pro aplikace s omezen\u00fdm prostorem.<\/li>\n<li><strong>V\u00fdm\u011bna produktu<\/strong>Na\u0161e produkty dok\u00e1\u017e\u00ed tyto hydraulick\u00e9 v\u00e1lce dokonale nahradit.<\/li>\n<\/ul>\n<p><img decoding=\"async\" src=\"https:\/\/www.hydraulic-cylinders.net\/wp-content\/uploads\/2025\/01\/songte-cylinder-head-with-all-kinds-excavator-models.webp\"><\/p>\n<h2>Aplikace<\/h2>\n<p>Kore\u010dkov\u00fd v\u00e1lec se \u0161iroce pou\u017e\u00edv\u00e1 v r\u016fzn\u00fdch pr\u016fmyslov\u00fdch odv\u011btv\u00edch, v\u010detn\u011b:<\/p>\n<ul>\n<li><strong>Stavebn\u00ed stroje<\/strong>U bagr\u016f je v\u00e1lec kore\u010dky nezbytn\u00fd pro kop\u00e1n\u00ed, nakl\u00e1d\u00e1n\u00ed a p\u0159emis\u0165ov\u00e1n\u00ed zeminy nebo suti. U rypadlo-naklada\u010d\u016f pom\u00e1h\u00e1 v\u00e1lec kore\u010dky jak p\u0159i kop\u00e1n\u00ed, tak p\u0159i zved\u00e1n\u00ed. U naklada\u010d\u016f pom\u00e1h\u00e1 p\u0159i efektivn\u00edm zved\u00e1n\u00ed a vykl\u00e1dce zbo\u017e\u00ed.<\/li>\n<li><strong>Zem\u011bd\u011blsk\u00e9 stroje<\/strong>Pou\u017e\u00edv\u00e1 se pro \u010deln\u00ed naklada\u010de, zved\u00e1n\u00ed a p\u0159epravu zeminy, sena a dal\u0161\u00edch materi\u00e1l\u016f. U bagr\u016f dosahuje v\u00e1lec l\u017e\u00edce ryc\u00edho \u00fa\u010dinku t\u00edm, \u017ee umo\u017e\u0148uje l\u017e\u00edci proniknout do p\u016fdy. <\/li>\n<\/ul>\n<p>Pro ka\u017edou aplikaci je popis kl\u00ed\u010dov\u00e9ho slova nejm\u00e9n\u011b 200 slov.<\/p>\n<h2>Konstruk\u010dn\u00ed aspekty a krit\u00e9ria v\u00fdb\u011bru<\/h2>\n<p>P\u0159i konstrukci kore\u010dkov\u00e9ho v\u00e1lce se zohled\u0148uj\u00ed nosnost, t\u011bsn\u011bn\u00ed, trvanlivost, bezpe\u010dnost a \u00fadr\u017eba. Mezi kl\u00ed\u010dov\u00e9 body diskuse pat\u0159\u00ed:<\/p>\n<ul>\n<li><strong>Nosnost<\/strong>Nosnost kore\u010dkov\u00e9ho v\u00e1lce je pro t\u011b\u017ek\u00e9 stroje z\u00e1sadn\u00ed a mus\u00ed b\u00fdt zvolena na z\u00e1klad\u011b specifick\u00fdch po\u017eadavk\u016f aplikace.<\/li>\n<li><strong>T\u011bsn\u011bn\u00ed<\/strong>K zabr\u00e1n\u011bn\u00ed \u00faniku oleje, kter\u00fd m\u016f\u017ee zp\u016fsobit poruchu stroj\u016f, se pou\u017e\u00edvaj\u00ed r\u016fzn\u00e9 t\u011bsnic\u00ed prvky, jako jsou t\u011bsn\u011bn\u00ed p\u00edst\u016f a p\u00edstnic. Pro odolnost proti opot\u0159eben\u00ed se pou\u017e\u00edvaj\u00ed materi\u00e1ly jako polyuretan a nitrilov\u00e1 pry\u017e.<\/li>\n<li><strong>Trvanlivost<\/strong>Trvanlivost kore\u010dkov\u00e9ho v\u00e1lce je z\u00e1sadn\u00ed a jeho sou\u010d\u00e1sti mus\u00ed b\u00fdt navr\u017eeny a vyrobeny z vysoce kvalitn\u00edch materi\u00e1l\u016f, aby odolaly n\u00e1ro\u010dn\u00e9mu prost\u0159ed\u00ed, sn\u00ed\u017eily opot\u0159eben\u00ed a prodlou\u017eily jeho \u017eivotnost.<\/li>\n<li><strong>Bezpe\u010dnost<\/strong>Konstrukce kore\u010dkov\u00e9ho v\u00e1lce mus\u00ed up\u0159ednost\u0148ovat bezpe\u010dnost a mus\u00ed b\u00fdt vybavena pojistn\u00fdmi ventily, aby se zabr\u00e1nilo po\u0161kozen\u00ed nadm\u011brn\u00fdm tlakem nebo zat\u00ed\u017een\u00edm.<\/li>\n<li><strong>Udr\u017eovatelnost<\/strong>Konstrukce kore\u010dkov\u00e9ho v\u00e1lce by m\u011bla zohled\u0148ovat \u00fadr\u017ebu jako sou\u010d\u00e1st jeho \u017eivotn\u00edho cyklu, co\u017e m\u016f\u017ee zahrnovat snadnou demont\u00e1\u017e, v\u00fdm\u011bnu a opravu.<\/li>\n<\/ul>\n<p><img decoding=\"async\" src=\"https:\/\/www.hydraulic-cylinders.net\/wp-content\/uploads\/2025\/01\/songte-oil-pipes-and-spare-parts.webp\"><\/p>\n<h2>T\u011bsn\u011bn\u00ed a maz\u00e1n\u00ed<\/h2>\n<p>Kore\u010dkov\u00fd v\u00e1lec vy\u017eaduje r\u016fzn\u00e1 t\u011bsn\u011bn\u00ed, jako jsou p\u00edstn\u00ed t\u011bsn\u011bn\u00ed a t\u011bsn\u011bn\u00ed p\u00edstnice, aby se zabr\u00e1nilo \u00faniku oleje a zajistil se efektivn\u00ed provoz. T\u011bsn\u011bn\u00ed jsou vyrobena z materi\u00e1l\u016f, jako je polyuretan a nitrilov\u00e1 pry\u017e, aby odol\u00e1vala opot\u0159eben\u00ed. T\u011bleso v\u00e1lce a z\u00e1vitov\u00fd konec jsou jemn\u011b opracov\u00e1ny pro zlep\u0161en\u00ed odolnosti proti opot\u0159eben\u00ed. Pro udr\u017een\u00ed hladk\u00e9ho chodu je nutn\u00e9 pravideln\u00e9 maz\u00e1n\u00ed spr\u00e1vn\u00fdm mno\u017estv\u00edm hydraulick\u00e9ho oleje.<\/p>\n<h2>Inspek\u010dn\u00ed a preventivn\u00ed \u00fadr\u017ebov\u00e1 opat\u0159en\u00ed<\/h2>\n<p>Pravideln\u00e1 kontrola a preventivn\u00ed \u00fadr\u017eba jsou nezbytn\u00e9 pro prodlou\u017een\u00ed \u017eivotnosti kore\u010dkov\u00e9ho v\u00e1lce. Mezi kl\u00ed\u010dov\u00e1 opat\u0159en\u00ed pat\u0159\u00ed:<\/p>\n<ul>\n<li><strong>Pravideln\u00e1 kontrola<\/strong>Pravideln\u00e1 kontrola v\u00e1lce kore\u010dkov\u00e9ho v\u00e1lce v\u00e1m umo\u017en\u00ed v\u010das identifikovat potenci\u00e1ln\u00ed probl\u00e9my a \u0159e\u0161it je d\u0159\u00edve, ne\u017e se zhor\u0161\u00ed.<\/li>\n<li><strong>Maz\u00e1n\u00ed<\/strong>Pravideln\u011b kontrolujte a promaz\u00e1vejte v\u00e1lec lopaty, aby byl zaji\u0161t\u011bn jeho hladk\u00fd chod.<\/li>\n<li><strong>V\u00fdm\u011bna t\u011bsn\u011bn\u00ed a kontrola kalibrace<\/strong>: Pravideln\u011b vym\u011b\u0148ujte opot\u0159ebovan\u00e1 t\u011bsn\u011bn\u00ed a kontrolujte kalibraci, aby se zachovala \u00fa\u010dinnost v\u00e1lce.<\/li>\n<\/ul>\n<p>Popis ka\u017ed\u00e9ho bodu je nejm\u00e9n\u011b 200 slov.<\/p>\n<p><img decoding=\"async\" src=\"https:\/\/www.hydraulic-cylinders.net\/wp-content\/uploads\/2025\/01\/songte-chushion-collar.webp\"><\/p>\n<h2>Bezpe\u010dnostn\u00ed aspekty a faktory prost\u0159ed\u00ed<\/h2>\n<p>P\u0159i pou\u017e\u00edv\u00e1n\u00ed kore\u010dkov\u00e9ho v\u00e1lce jsou bezpe\u010dnostn\u00ed opat\u0159en\u00ed z\u00e1sadn\u00ed pro prevenci nehod. V\u017edy dodr\u017eujte pokyny a pokyny v\u00fdrobce pro instalaci, provoz a \u00fadr\u017ebu. Faktory prost\u0159ed\u00ed, jako je teplota, vlhkost a kvalita vzduchu, mohou ovlivnit \u00fa\u010dinnost a \u017eivotnost kore\u010dkov\u00e9ho v\u00e1lce. Zva\u017ete p\u0159ijet\u00ed p\u0159\u00edslu\u0161n\u00fdch preventivn\u00edch opat\u0159en\u00ed pro bezpe\u010dn\u00e9 provozn\u00ed prost\u0159ed\u00ed.<\/p>\n<h2>Odstra\u0148ov\u00e1n\u00ed probl\u00e9m\u016f a b\u011b\u017en\u00e9 probl\u00e9my<\/h2>\n<p>Mezi b\u011b\u017en\u00e9 probl\u00e9my, kter\u00e9 se mohou vyskytnout u v\u00e1lce kore\u010dkov\u00e9ho v\u00e1lce, pat\u0159\u00ed \u00faniky oleje, po\u0161kozen\u00ed t\u011bsn\u011bn\u00ed a sn\u00ed\u017een\u00e1 \u00fa\u010dinnost. Mezi opat\u0159en\u00ed pro odstra\u0148ov\u00e1n\u00ed probl\u00e9m\u016f pat\u0159\u00ed kontrola t\u011bsn\u011bn\u00ed, identifikace a oprava net\u011bsnost\u00ed a v\u00fdm\u011bna opot\u0159ebovan\u00fdch d\u00edl\u016f nebo t\u011bsn\u011bn\u00ed. Preventivn\u00ed opat\u0159en\u00ed zahrnuj\u00ed pravidelnou kontrolu, maz\u00e1n\u00ed a v\u00fdm\u011bnu opot\u0159ebovan\u00fdch d\u00edl\u016f.<\/p>\n<p><img decoding=\"async\" src=\"https:\/\/www.hydraulic-cylinders.net\/wp-content\/uploads\/2025\/01\/songte-bushings-with-all-kinds-of-excavator-models.webp\"><\/p>\n<h2>O na\u0161\u00ed spole\u010dnosti<\/h2>\n<p>Jsme v\u00fdrobcem n\u00e1hradn\u00edch hydraulick\u00fdch v\u00e1lc\u016f s kompletn\u00ed \u0159adou produkt\u016f a stali jsme se jedn\u00edm z p\u0159edn\u00edch v\u00fdrobc\u016f a velkoobchodn\u00edk\u016f s hydraulick\u00fdmi v\u00e1lci na dom\u00e1c\u00edm i mezin\u00e1rodn\u00edm trhu. \u0158\u00edd\u00edme se principem vynikaj\u00edc\u00ed kvality a spol\u00e9h\u00e1me na strategii \u0159\u00edzen\u00ed v\u00fdroby v oboru, kter\u00e1 se skl\u00e1d\u00e1 ze sofistikovan\u00fdch v\u00fdrobn\u00edch d\u00edlen. Neust\u00e1le vylep\u0161ujeme v\u00fdrobn\u00ed platformu na\u0161ich d\u00edlen, zlep\u0161ujeme kvalitu v\u00fdroby produkt\u016f a m\u00e1me siln\u00e9 tv\u016fr\u010d\u00ed schopnosti. Na\u0161\u00edm c\u00edlem je uspokojovat rozmanit\u00e9 pot\u0159eby z\u00e1kazn\u00edk\u016f s vysokou efektivitou, vysokou p\u0159esnost\u00ed a principy vysok\u00e9 kvality.<\/p>\n<h3>Profesionalita<\/h3>\n<p>M\u00e1me profesion\u00e1ln\u00ed a zku\u0161en\u00e9 technick\u00e9 talenty, kompletn\u00ed sadu modern\u00edch v\u00fdrobn\u00edch za\u0159\u00edzen\u00ed a profesion\u00e1ln\u00ed detek\u010dn\u00ed syst\u00e9m pro zaji\u0161t\u011bn\u00ed kvality v\u00fdrobk\u016f.<\/p>\n<h3>Mezin\u00e1rodn\u00ed certifikace<\/h3>\n<p>Na\u0161e v\u00fdrobky z\u00edskaly certifikace ISO9001 a CE, kter\u00e9 spl\u0148uj\u00ed mezin\u00e1rodn\u00ed normy.<\/p>\n<h3>Slu\u017eba p\u0159izp\u016fsoben\u00ed<\/h3>\n<p>Poskytujeme slu\u017eby na m\u00edru, abychom splnili r\u016fzn\u00e9 pot\u0159eby z\u00e1kazn\u00edk\u016f, v\u010detn\u011b speci\u00e1ln\u00edch design\u016f, materi\u00e1l\u016f a povrchov\u00fdch \u00faprav.<\/p>\n<h3>V\u00fdrobn\u00ed za\u0159\u00edzen\u00ed<\/h3>\n<p>Pou\u017e\u00edv\u00e1me modern\u00ed v\u00fdrobn\u00ed za\u0159\u00edzen\u00ed, jako jsou CNC soustruhy, obr\u00e1b\u011bc\u00ed centra a zku\u0161ebn\u00ed stroje, abychom zajistili p\u0159esnost a konzistenci v\u00fdrobk\u016f.<\/p>\n<h3>Poprodejn\u00ed servis<\/h3>\n<p>Poskytujeme komplexn\u00ed poprodejn\u00ed slu\u017eby, v\u010detn\u011b n\u00e1hradn\u00edch d\u00edl\u016f a repas\u00ed, abychom zajistili spokojenost z\u00e1kazn\u00edk\u016f.<\/p>\n<p><img decoding=\"async\" src=\"https:\/\/www.hydraulic-cylinders.net\/wp-content\/uploads\/2025\/01\/songte-company-3.webp\"><\/p>\n<p>Autor: lyl.<\/p>","protected":false},"excerpt":{"rendered":"<p>Bucket Cylinder For Xiniu XN63180 Introduction The bucket cylinder, also known as a hydraulic cylinder, is specially designed for heavy machinery such as excavators, backhoes, and loaders. Its main function is to control the movement of the bucket, allowing for lifting, lowering, and tilting, making it suitable for various material handling tasks. In the hydraulic [&hellip;]<\/p>","protected":false},"featured_media":14789,"comment_status":"open","ping_status":"closed","template":"","meta":{"_et_pb_use_builder":"","_et_pb_old_content":"","_et_gb_content_width":""},"product_brand":[],"product_cat":[1494],"product_tag":[1495,1496],"class_list":{"0":"post-16002","1":"product","2":"type-product","3":"status-publish","4":"has-post-thumbnail","6":"product_cat-bucket-cylinders","7":"product_tag-bucket-cylinders","8":"product_tag-hydraulic-cylinders","10":"first","11":"instock","12":"shipping-taxable","13":"product-type-simple"},"amp_enabled":true,"_links":{"self":[{"href":"https:\/\/www.hydraulic-cylinders.net\/cs\/wp-json\/wp\/v2\/product\/16002","targetHints":{"allow":["GET"]}}],"collection":[{"href":"https:\/\/www.hydraulic-cylinders.net\/cs\/wp-json\/wp\/v2\/product"}],"about":[{"href":"https:\/\/www.hydraulic-cylinders.net\/cs\/wp-json\/wp\/v2\/types\/product"}],"replies":[{"embeddable":true,"href":"https:\/\/www.hydraulic-cylinders.net\/cs\/wp-json\/wp\/v2\/comments?post=16002"}],"wp:featuredmedia":[{"embeddable":true,"href":"https:\/\/www.hydraulic-cylinders.net\/cs\/wp-json\/wp\/v2\/media\/14789"}],"wp:attachment":[{"href":"https:\/\/www.hydraulic-cylinders.net\/cs\/wp-json\/wp\/v2\/media?parent=16002"}],"wp:term":[{"taxonomy":"product_brand","embeddable":true,"href":"https:\/\/www.hydraulic-cylinders.net\/cs\/wp-json\/wp\/v2\/product_brand?post=16002"},{"taxonomy":"product_cat","embeddable":true,"href":"https:\/\/www.hydraulic-cylinders.net\/cs\/wp-json\/wp\/v2\/product_cat?post=16002"},{"taxonomy":"product_tag","embeddable":true,"href":"https:\/\/www.hydraulic-cylinders.net\/cs\/wp-json\/wp\/v2\/product_tag?post=16002"}],"curies":[{"name":"wp","href":"https:\/\/api.w.org\/{rel}","templated":true}]}}