{"id":16058,"date":"2025-01-20T08:25:26","date_gmt":"2025-01-20T08:25:26","guid":{"rendered":"https:\/\/www.hydraulic-cylinders.net\/product\/arm-cylinderfor-komatsu-middle-excavator-pc150-5\/"},"modified":"2025-01-20T08:25:28","modified_gmt":"2025-01-20T08:25:28","slug":"arm-cylinderfor-komatsu-middle-excavator-pc150-5","status":"publish","type":"product","link":"https:\/\/www.hydraulic-cylinders.net\/cs\/produkt\/arm-cylinderfor-komatsu-middle-excavator-pc150-5\/","title":{"rendered":"V\u00e1lec ramene pro st\u0159edn\u00ed bagr Komatsu PC150-5"},"content":{"rendered":"<p>V\u00e1lec ramene pro st\u0159edn\u00ed bagr Komatsu PC150-5<\/p>\n<p>Zaveden\u00ed<\/p>\n<p>Hydraulick\u00fd v\u00e1lec ramene je speci\u00e1ln\u011b navr\u017een\u00fd hydraulick\u00fd v\u00e1lec, kter\u00fd se prim\u00e1rn\u011b pou\u017e\u00edv\u00e1 k zaji\u0161t\u011bn\u00ed line\u00e1rn\u00edho pohybu a v\u00fdkonu ramen r\u016fzn\u00fdch typ\u016f stroj\u016f, jako jsou bagry, je\u0159\u00e1by a mechanick\u00e1 ramena. V\u00e1lec ramene hraje kl\u00ed\u010dovou roli v hydraulick\u00e9m syst\u00e9mu, proto\u017ee umo\u017e\u0148uje pohyb a ovl\u00e1d\u00e1n\u00ed dal\u0161\u00edho n\u00e1\u0159ad\u00ed nebo p\u0159\u00edslu\u0161enstv\u00ed. Tyto v\u00e1lce nejen\u017ee zaji\u0161\u0165uj\u00ed plynul\u00fd pohyb, ale tak\u00e9 odol\u00e1vaj\u00ed t\u011b\u017ek\u00fdm z\u00e1t\u011b\u017e\u00edm, co\u017e zaji\u0161\u0165uje efektivn\u00ed provoz a spolehlivost stroje za r\u016fzn\u00fdch provozn\u00edch podm\u00ednek.<\/p>\n<p>Definice produktu<\/p>\n<p>V\u00e1lec ramene je typ hydraulick\u00e9ho v\u00e1lce, kter\u00fd je speci\u00e1ln\u011b navr\u017een pro line\u00e1rn\u00ed pohyb a pohon ramen r\u016fzn\u00fdch stroj\u016f. Tyto v\u00e1lce se pou\u017e\u00edvaj\u00ed v hydraulick\u00fdch syst\u00e9mech stroj\u016f, jako jsou bagry, je\u0159\u00e1by a mechanick\u00e1 ramena. Hraj\u00ed kl\u00ed\u010dovou roli v pohybu a ovl\u00e1d\u00e1n\u00ed p\u0159\u00eddavn\u00fdch n\u00e1stroj\u016f nebo p\u0159\u00edslu\u0161enstv\u00ed, co\u017e z nich \u010din\u00ed nezbytnou sou\u010d\u00e1st efektivn\u00edho provozu t\u011bchto stroj\u016f.<\/p>\n<p>Funkce<\/p>\n<p>1. Vysoce \u00fa\u010dinn\u00fd p\u0159evod: V\u00e1lec ramene poskytuje siln\u00fd line\u00e1rn\u00ed pohyb a s\u00edlu, co\u017e zaji\u0161\u0165uje vysoce \u00fa\u010dinn\u00fd v\u00fdkon b\u011bhem r\u016fzn\u00fdch operac\u00ed.<\/p>\n<p>2. P\u0159esn\u00e9 ovl\u00e1d\u00e1n\u00ed: V\u00e1lec ramene dok\u00e1\u017ee dos\u00e1hnout p\u0159esn\u00e9ho ovl\u00e1d\u00e1n\u00ed pohybu pomoc\u00ed hydraulick\u00e9ho syst\u00e9mu, co\u017e umo\u017e\u0148uje flexibiln\u011bj\u0161\u00ed a p\u0159esn\u011bj\u0161\u00ed ovl\u00e1d\u00e1n\u00ed dal\u0161\u00edch n\u00e1stroj\u016f.<\/p>\n<p>3. Vysok\u00e1 odolnost: V\u00e1lce ramen jsou obvykle vyrobeny z vysoce pevn\u00fdch materi\u00e1l\u016f, kter\u00e9 poskytuj\u00ed vynikaj\u00edc\u00ed odolnost proti opot\u0159eben\u00ed a korozi, d\u00edky \u010demu\u017e jsou vhodn\u00e9 pro dlouhodob\u00e9 pou\u017e\u00edv\u00e1n\u00ed v n\u00e1ro\u010dn\u00fdch podm\u00ednk\u00e1ch.<\/p>\n<p>4. Multifunk\u010dn\u00ed p\u0159izp\u016fsobivost: Tyto v\u00e1lce lze \u0161iroce pou\u017e\u00edvat v r\u016fzn\u00fdch typech stroj\u016f, jako jsou bagry, je\u0159\u00e1by a mechanick\u00e1 ramena, pro p\u0159izp\u016fsoben\u00ed se r\u016fzn\u00fdm pracovn\u00edm po\u017eadavk\u016fm.<\/p>\n<p>5. Snadn\u00e1 \u00fadr\u017eba: Konstrukce t\u011bchto v\u00e1lc\u016f zohled\u0148uje snadnou \u00fadr\u017ebu a v\u00fdm\u011bnu, co\u017e usnad\u0148uje pravidelnou kontrolu a \u00fadr\u017ebu a zkracuje prostoje za\u0159\u00edzen\u00ed.<\/p>\n<p>V\u00fdroba<\/p>\n<p>Na\u0161e spole\u010dnost dok\u00e1\u017ee tento produkt vyrobit a m\u016f\u017ee b\u00fdt perfektn\u00ed n\u00e1hradou za tyto hydraulick\u00e9 v\u00e1lce. Vyu\u017e\u00edv\u00e1me \u0161pi\u010dkov\u00e9 digit\u00e1ln\u00ed v\u00fdrobn\u00ed za\u0159\u00edzen\u00ed a profesion\u00e1ln\u00ed testovac\u00ed syst\u00e9m k neust\u00e1l\u00e9 optimalizaci v\u00fdrobn\u00ed platformy. M\u00e1me siln\u00e9 inova\u010dn\u00ed schopnosti a jsme odhodl\u00e1ni poskytovat z\u00e1kazn\u00edk\u016fm s rozmanit\u00fdmi pot\u0159ebami vysoce \u00fa\u010dinn\u00e9, p\u0159esn\u00e9 a vysoce kvalitn\u00ed produkty.<\/p>\n<p>Sc\u00e9n\u00e1\u0159e aplikac\u00ed<\/p>\n<p>1. Stavebn\u00ed in\u017een\u00fdrstv\u00ed: U bagr\u016f a je\u0159\u00e1b\u016f se v\u00e1lce ramen pou\u017e\u00edvaj\u00ed k ovl\u00e1d\u00e1n\u00ed pohybu l\u017eic nebo v\u00fdlo\u017en\u00edk\u016f, co\u017e umo\u017e\u0148uje zemn\u00ed pr\u00e1ce, manipulaci s materi\u00e1lem a mont\u00e1\u017e konstrukc\u00ed.<\/p>\n<p>2. Zpracovatelsk\u00fd pr\u016fmysl: V automatizovan\u00fdch v\u00fdrobn\u00edch link\u00e1ch se v\u00e1lce ramen pou\u017e\u00edvaj\u00ed pro pohyb mechanick\u00fdch ramen, jako je mont\u00e1\u017e, sva\u0159ov\u00e1n\u00ed a manipulace, ke zlep\u0161en\u00ed efektivity a p\u0159esnosti v\u00fdroby.<\/p>\n<p>3. Zem\u011bd\u011blsk\u00e9 stroje: U zem\u011bd\u011blsk\u00fdch stroj\u016f, jako jsou skl\u00edzec\u00ed a s\u00e1zec\u00ed stroje, ovl\u00e1daj\u00ed v\u00e1lce ramen pohyb opera\u010dn\u00edch ramen a prov\u00e1d\u011bj\u00ed \u00fakoly, jako je set\u00ed, hnojen\u00ed a sklize\u0148.<\/p>\n<p>4. T\u011b\u017eba: V t\u011b\u017eebn\u00edch za\u0159\u00edzen\u00edch se v\u00e1lce ramen pou\u017e\u00edvaj\u00ed k ovl\u00e1d\u00e1n\u00ed pohybu ramen t\u011b\u017eebn\u00edho za\u0159\u00edzen\u00ed, co\u017e umo\u017e\u0148uje t\u011b\u017ebu a manipulaci s miner\u00e1ly.<\/p>\n<p>5. Logistika a doprava: U vysokozdvi\u017en\u00fdch voz\u00edk\u016f a manipula\u010dn\u00edch robot\u016f se v\u00e1lce ramen pou\u017e\u00edvaj\u00ed k ovl\u00e1d\u00e1n\u00ed zved\u00e1n\u00ed a pohybu vidlic, \u010d\u00edm\u017e se realizuje manipulace a stohov\u00e1n\u00ed materi\u00e1l\u016f.<\/p>\n<p>Standardy n\u00e1vrhu a v\u00fdb\u011bru<\/p>\n<p>1. Nosnost: V\u00e1lec ramene mus\u00ed b\u00fdt schopen odolat maxim\u00e1ln\u00ed nosnosti stroje.<\/p>\n<p>2. T\u011bsn\u011bn\u00ed: V\u00e1lec mus\u00ed b\u00fdt \u0159\u00e1dn\u011b ut\u011bsn\u011bn, aby se zabr\u00e1nilo \u00faniku hydraulick\u00e9 kapaliny a sn\u00ed\u017eilo se riziko po\u0161kozen\u00ed strojn\u00edho za\u0159\u00edzen\u00ed.<\/p>\n<p>3. Trvanlivost: V\u00e1lec ramene mus\u00ed b\u00fdt vyroben z vysoce pevn\u00fdch materi\u00e1l\u016f a mus\u00ed m\u00edt vynikaj\u00edc\u00ed odolnost proti opot\u0159eben\u00ed a korozi, aby byl vhodn\u00fd pro dlouhodob\u00e9 pou\u017e\u00edv\u00e1n\u00ed.<\/p>\n<p>4. Bezpe\u010dnost: V\u00e1lec ramene mus\u00ed b\u00fdt navr\u017een a vyroben s ohledem na bezpe\u010dnost, aby se minimalizovalo riziko nehod b\u011bhem provozu.<\/p>\n<p>5. \u00dadr\u017eba: V\u00e1lec ramene mus\u00ed b\u00fdt navr\u017een pro snadnou \u00fadr\u017ebu a v\u00fdm\u011bnu, aby se zkr\u00e1tily prostoje za\u0159\u00edzen\u00ed.<\/p>\n<p>T\u011bsn\u011bn\u00ed a maz\u00e1n\u00ed<\/p>\n<p>V hydraulick\u00fdch v\u00e1lc\u00edch ramen se pou\u017e\u00edvaj\u00ed r\u016fzn\u00e9 typy t\u011bsn\u011bn\u00ed, jako jsou p\u00edstn\u00ed t\u011bsn\u011bn\u00ed a t\u011bsn\u011bn\u00ed p\u00edstnice, aby se zabr\u00e1nilo \u00faniku hydraulick\u00e9 kapaliny. Tato t\u011bsn\u011bn\u00ed jsou vyrobena z materi\u00e1l\u016f odoln\u00fdch proti opot\u0159eben\u00ed, jako je polyuretan a nitrilov\u00e1 pry\u017e, co\u017e zaru\u010duje jejich trvanlivost v n\u00e1ro\u010dn\u00fdch podm\u00ednk\u00e1ch. Pro zaji\u0161t\u011bn\u00ed jeho hladk\u00e9ho chodu je d\u016fle\u017eit\u00e9 tak\u00e9 spr\u00e1vn\u00e9 maz\u00e1n\u00ed v\u00e1lce. Pro udr\u017een\u00ed spr\u00e1vn\u00e9ho maz\u00e1n\u00ed je nezbytn\u00e9 pravideln\u00e9 dopl\u0148ov\u00e1n\u00ed odpov\u00eddaj\u00edc\u00edho mno\u017estv\u00ed hydraulick\u00e9ho oleje.<\/p>\n<p>\u00dadr\u017eba a preventivn\u00ed opat\u0159en\u00ed<\/p>\n<p>Pravideln\u00e1 kontrola a \u00fadr\u017eba v\u00e1lce ramene je z\u00e1sadn\u00ed pro zaji\u0161t\u011bn\u00ed jeho spr\u00e1vn\u00e9ho provozu. Preventivn\u00ed opat\u0159en\u00ed, jako je udr\u017eov\u00e1n\u00ed v\u00e1lce v \u010distot\u011b, kontrola zn\u00e1mek po\u0161kozen\u00ed nebo opot\u0159eben\u00ed a v\u010dasn\u00e1 v\u00fdm\u011bna opot\u0159ebovan\u00fdch d\u00edl\u016f, mohou pomoci p\u0159edej\u00edt po\u0161kozen\u00ed v\u00e1lce a vyhnout se neo\u010dek\u00e1van\u00fdm prostoj\u016fm.<\/p>\n<p>Pr\u016fvodce instalac\u00ed produktu<\/p>\n<p>1. Ujist\u011bte se, \u017ee je v\u00e1lec \u010dist\u00fd a bez ne\u010distot.<\/p>\n<p>2. Install the cylinder according to the manufacturer&#8217;s instructions, using the appropriate tools and hardware.<\/p>\n<p>3. P\u0159ipojte hydraulick\u00e9 hadice a armatury k v\u00e1lci a ujist\u011bte se, \u017ee jsou \u0159\u00e1dn\u011b zaji\u0161t\u011bny.<\/p>\n<p>4. Napl\u0148te v\u00e1lec odpov\u00eddaj\u00edc\u00edm mno\u017estv\u00edm hydraulick\u00e9ho oleje.<\/p>\n<p>Bezpe\u010dnostn\u00ed aspekty a faktory prost\u0159ed\u00ed<\/p>\n<p>P\u0159i pou\u017e\u00edv\u00e1n\u00ed v\u00e1lce s ramenem je nezbytn\u00e9 dodr\u017eovat ve\u0161ker\u00e1 bezpe\u010dnostn\u00ed opat\u0159en\u00ed, jako je no\u0161en\u00ed vhodn\u00fdch osobn\u00edch ochrann\u00fdch prost\u0159edk\u016f a zaji\u0161t\u011bn\u00ed \u0159\u00e1dn\u00e9 \u00fadr\u017eby stroje. Funk\u010dnost v\u00e1lce mohou ovlivnit i faktory prost\u0159ed\u00ed, jako je teplota a vlhkost, a proto je t\u0159eba p\u0159ijmout vhodn\u00e1 opat\u0159en\u00ed k zaji\u0161t\u011bn\u00ed jeho spr\u00e1vn\u00e9ho provozu za r\u016fzn\u00fdch podm\u00ednek.<\/p>\n<p>Diagnostika a odstra\u0148ov\u00e1n\u00ed z\u00e1vad<\/p>\n<p>Common problems with the arm cylinder include leakage of hydraulic fluid or failure to move properly. These issues can be diagnosed by inspecting the cylinder for damage or wear, checking the hydraulic system for proper pressure, and testing the movement of the cylinder under load. Troubleshooting involves identifying the root cause of the issue and applying appropriate solutions, such as replacing damaged or worn parts or adjusting the hydraulic system&#8217;s pressure.<\/p>\n<p>P\u0159edstaven\u00ed spole\u010dnosti<\/p>\n<p>Na\u0161e spole\u010dnost je p\u0159edn\u00edm v\u00fdrobcem a velkoobchodn\u00edm distributorem hydraulick\u00fdch v\u00e1lc\u016f se \u0161irokou \u0161k\u00e1lou produkt\u016f, kter\u00e9 spl\u0148uj\u00ed rozmanit\u00e9 pot\u0159eby z\u00e1kazn\u00edk\u016f. Zav\u00e1zali jsme se k poskytov\u00e1n\u00ed vysoce kvalitn\u00edch produkt\u016f a slu\u017eeb s vyu\u017eit\u00edm modern\u00edho v\u00fdrobn\u00edho za\u0159\u00edzen\u00ed a profesion\u00e1ln\u00edho testovac\u00edho syst\u00e9mu, abychom zajistili vynikaj\u00edc\u00ed kvalitu na\u0161ich produkt\u016f. Na\u0161e spole\u010dnost z\u00edskala \u0159adu mezin\u00e1rodn\u00edch certifikac\u00ed a poskytuje slu\u017eby na m\u00edru, kter\u00e9 spl\u0148uj\u00ed specifick\u00e9 po\u017eadavky z\u00e1kazn\u00edk\u016f. M\u00e1me siln\u00e9 inova\u010dn\u00ed schopnosti a zav\u00e1zali jsme se poskytovat na\u0161im z\u00e1kazn\u00edk\u016fm vysoce \u00fa\u010dinn\u00e9, p\u0159esn\u00e9 a vysoce kvalitn\u00ed produkty.<\/p>\n<p>Autor: lyl.<\/p>","protected":false},"excerpt":{"rendered":"<p>Arm Cylinder For Komatsu Middle Excavator PC150-5 Introduction An arm cylinder is a specially designed hydraulic cylinder that is primarily used for providing linear motion and power to the arms of various types of machinery, such as excavators, cranes, and mechanical arms. The arm cylinder plays a crucial role in the hydraulic system, enabling the [&hellip;]<\/p>","protected":false},"featured_media":14772,"comment_status":"open","ping_status":"closed","template":"","meta":{"_et_pb_use_builder":"","_et_pb_old_content":"","_et_gb_content_width":""},"product_brand":[],"product_cat":[1497],"product_tag":[1498,1496],"class_list":{"0":"post-16058","1":"product","2":"type-product","3":"status-publish","4":"has-post-thumbnail","6":"product_cat-arm-cylinders","7":"product_tag-arm-cylinders","8":"product_tag-hydraulic-cylinders","10":"first","11":"instock","12":"shipping-taxable","13":"product-type-simple"},"amp_enabled":true,"_links":{"self":[{"href":"https:\/\/www.hydraulic-cylinders.net\/cs\/wp-json\/wp\/v2\/product\/16058","targetHints":{"allow":["GET"]}}],"collection":[{"href":"https:\/\/www.hydraulic-cylinders.net\/cs\/wp-json\/wp\/v2\/product"}],"about":[{"href":"https:\/\/www.hydraulic-cylinders.net\/cs\/wp-json\/wp\/v2\/types\/product"}],"replies":[{"embeddable":true,"href":"https:\/\/www.hydraulic-cylinders.net\/cs\/wp-json\/wp\/v2\/comments?post=16058"}],"wp:featuredmedia":[{"embeddable":true,"href":"https:\/\/www.hydraulic-cylinders.net\/cs\/wp-json\/wp\/v2\/media\/14772"}],"wp:attachment":[{"href":"https:\/\/www.hydraulic-cylinders.net\/cs\/wp-json\/wp\/v2\/media?parent=16058"}],"wp:term":[{"taxonomy":"product_brand","embeddable":true,"href":"https:\/\/www.hydraulic-cylinders.net\/cs\/wp-json\/wp\/v2\/product_brand?post=16058"},{"taxonomy":"product_cat","embeddable":true,"href":"https:\/\/www.hydraulic-cylinders.net\/cs\/wp-json\/wp\/v2\/product_cat?post=16058"},{"taxonomy":"product_tag","embeddable":true,"href":"https:\/\/www.hydraulic-cylinders.net\/cs\/wp-json\/wp\/v2\/product_tag?post=16058"}],"curies":[{"name":"wp","href":"https:\/\/api.w.org\/{rel}","templated":true}]}}