{"id":16078,"date":"2025-01-20T08:26:58","date_gmt":"2025-01-20T08:26:58","guid":{"rendered":"https:\/\/www.hydraulic-cylinders.net\/product\/arm-cylinderfor-komatsu-large-excavator-pc70lc-8\/"},"modified":"2025-01-20T08:27:00","modified_gmt":"2025-01-20T08:27:00","slug":"arm-cylinderfor-komatsu-large-excavator-pc70lc-8","status":"publish","type":"product","link":"https:\/\/www.hydraulic-cylinders.net\/cs\/produkt\/arm-cylinderfor-komatsu-large-excavator-pc70lc-8\/","title":{"rendered":"V\u00e1lec ramene pro velk\u00e9 rypadlo Komatsu PC70LC-8"},"content":{"rendered":"<p>V\u00e1lec ramene pro velk\u00e9 rypadlo Komatsu PC70LC-8<\/p>\n<p>Podnadpis: Definice a vysv\u011btlen\u00ed v\u00e1lce ramene <\/p>\n<p>Hydraulick\u00fd v\u00e1lec ramene je specializovan\u00fd hydraulick\u00fd v\u00e1lec ur\u010den\u00fd k zaji\u0161t\u011bn\u00ed line\u00e1rn\u00edho pohybu a v\u00fdkonu ramen r\u016fzn\u00fdch typ\u016f stroj\u016f, jako jsou bagry, je\u0159\u00e1by a robotick\u00e1 ramena. V\u00e1lec ramene hraje kl\u00ed\u010dovou roli v hydraulick\u00fdch syst\u00e9mech, proto\u017ee umo\u017e\u0148uje efektivn\u00ed pohyb a ovl\u00e1d\u00e1n\u00ed p\u0159\u00edslu\u0161enstv\u00ed nebo p\u0159\u00eddavn\u00fdch za\u0159\u00edzen\u00ed. Tyto v\u00e1lce nejen dosahuj\u00ed plynul\u00e9ho pohybu, ale tak\u00e9 odol\u00e1vaj\u00ed t\u011b\u017ek\u00fdm z\u00e1t\u011b\u017e\u00edm, co\u017e zaji\u0161\u0165uje efektivn\u00ed provoz a spolehlivost stroj\u016f za r\u016fzn\u00fdch provozn\u00edch podm\u00ednek.<\/p>\n<p>Obr\u00e1zek: https:\/\/www.hydraulic-cylinders.net\/wp-content\/uploads\/2025\/01\/songte-company-2.webp<\/p>\n<p>Podnadpis: Vlastnosti v\u00e1lce ramene<\/p>\n<p>V\u00e1lec ramene m\u00e1 n\u011bkolik vlastnost\u00ed, d\u00edky nim\u017e je nezbytnou sou\u010d\u00e1st\u00ed r\u016fzn\u00fdch t\u011b\u017ek\u00fdch stroj\u016f. Mezi tyto vlastnosti pat\u0159\u00ed nap\u0159\u00edklad:<\/p>\n<p>\u2013 Vysoce \u00fa\u010dinn\u00fd p\u0159enos v\u00fdkonu: V\u00e1lec ramene zaji\u0161\u0165uje siln\u00fd line\u00e1rn\u00ed pohyb a s\u00edlu, co\u017e zaji\u0161\u0165uje vysokou \u00fa\u010dinnost mechanick\u00e9ho ramene b\u011bhem provozu.<br \/>\n\u2013 P\u0159esn\u00e9 ovl\u00e1d\u00e1n\u00ed: D\u00edky hydraulick\u00e9mu syst\u00e9mu m\u016f\u017ee v\u00e1lec ramene dos\u00e1hnout p\u0159esn\u00e9ho ovl\u00e1d\u00e1n\u00ed pohybu, \u010d\u00edm\u017e se ovl\u00e1d\u00e1n\u00ed p\u0159\u00edslu\u0161enstv\u00ed stane flexibiln\u011bj\u0161\u00edm a p\u0159esn\u011bj\u0161\u00edm.<br \/>\n\u2013 Vysok\u00e1 odolnost: V\u00e1lec ramene je obvykle vyroben z vysoce pevn\u00fdch materi\u00e1l\u016f, m\u00e1 dobrou odolnost proti opot\u0159eben\u00ed a je odoln\u00fd proti korozi, tak\u017ee je vhodn\u00fd pro dlouhodob\u00e9 pou\u017e\u00edv\u00e1n\u00ed v n\u00e1ro\u010dn\u00fdch podm\u00ednk\u00e1ch.<br \/>\n\u2013 V\u0161estrannost: Tyto v\u00e1lce lze \u0161iroce pou\u017e\u00edvat v r\u016fzn\u00fdch typech stroj\u016f, jako jsou bagry, je\u0159\u00e1by a robotick\u00e1 ramena, aby se p\u0159izp\u016fsobily r\u016fzn\u00fdm pracovn\u00edm po\u017eadavk\u016fm.<br \/>\n\u2013 Snadn\u00e1 \u00fadr\u017eba: V\u00e1lec ramene je navr\u017een pro snadnou \u00fadr\u017ebu a v\u00fdm\u011bnu a usnad\u0148uje pravideln\u00e9 kontroly a \u00fadr\u017ebu, \u010d\u00edm\u017e se zkracuj\u00ed prostoje za\u0159\u00edzen\u00ed.<\/p>\n<p>Obr\u00e1zek: https:\/\/www.hydraulic-cylinders.net\/wp-content\/uploads\/2025\/01\/songte-oil-pipes-and-spare-parts.webp<\/p>\n<p>Podnadpis: Pou\u017eit\u00ed ramenov\u00e9ho v\u00e1lce<\/p>\n<p>V\u00e1lec ramene m\u00e1 n\u011bkolik uplatn\u011bn\u00ed v r\u016fzn\u00fdch pr\u016fmyslov\u00fdch odv\u011btv\u00edch. Mezi tato pou\u017eit\u00ed pat\u0159\u00ed nap\u0159\u00edklad:<\/p>\n<p>\u2013 Stavba: U bagr\u016f a je\u0159\u00e1b\u016f se v\u00e1lec ramene pou\u017e\u00edv\u00e1 k ovl\u00e1d\u00e1n\u00ed pohybu l\u017e\u00edc nebo v\u00fdlo\u017en\u00edk\u016f, k prov\u00e1d\u011bn\u00ed zemn\u00edch prac\u00ed, manipulace s materi\u00e1lem a konstruk\u010dn\u00edch instalac\u00ed.<br \/>\n\u2013 V\u00fdroba: V automatizovan\u00fdch v\u00fdrobn\u00edch link\u00e1ch se v\u00e1lec ramene pou\u017e\u00edv\u00e1 k pohybu robotick\u00fdch ramen, k prov\u00e1d\u011bn\u00ed mont\u00e1\u017en\u00edch, sva\u0159ovac\u00edch a manipula\u010dn\u00edch \u00fakon\u016f, kter\u00e9 zvy\u0161uj\u00ed efektivitu a p\u0159esnost v\u00fdroby.<br \/>\n\u2013 Zem\u011bd\u011blsk\u00e9 stroje: U zem\u011bd\u011blsk\u00fdch stroj\u016f, jako jsou skl\u00edzec\u00ed a sec\u00ed stroje, v\u00e1lec ramene ovl\u00e1d\u00e1 pohyb ovl\u00e1dac\u00edho ramene a prov\u00e1d\u00ed set\u00ed, hnojen\u00ed a sklize\u0148.<br \/>\n\u2013 T\u011b\u017eba: V t\u011b\u017eebn\u00edch za\u0159\u00edzen\u00edch se v\u00e1lec ramene pou\u017e\u00edv\u00e1 k ovl\u00e1d\u00e1n\u00ed pohybu ramene t\u011b\u017eebn\u00edho za\u0159\u00edzen\u00ed, k prov\u00e1d\u011bn\u00ed t\u011b\u017eby a p\u0159epravy rudy.<br \/>\n\u2013 Logistika a doprava: U vysokozdvi\u017en\u00fdch voz\u00edk\u016f a manipula\u010dn\u00edch robot\u016f se v\u00e1lec ramene pou\u017e\u00edv\u00e1 k ovl\u00e1d\u00e1n\u00ed zved\u00e1n\u00ed a pohybu vidlic, k prov\u00e1d\u011bn\u00ed manipulace s materi\u00e1lem a stohov\u00e1n\u00ed.<\/p>\n<p>Podnadpis: N\u00e1vrh a v\u00fdb\u011brov\u00e9 normy<\/p>\n<p>Normy pro n\u00e1vrh a v\u00fdb\u011br v\u00e1lc\u016f ramene zohled\u0148uj\u00ed r\u016fzn\u00e9 faktory, jako je nosnost, t\u011bsn\u011bn\u00ed, trvanlivost, bezpe\u010dnost a udr\u017eovatelnost. <\/p>\n<p>\u2013 Nosnost: V\u00e1lce ramene mus\u00ed m\u00edt specifickou nosnost, kter\u00e1 z\u00e1vis\u00ed na hmotnosti p\u0159\u00edslu\u0161enstv\u00ed a sil\u00e1ch p\u016fsob\u00edc\u00edch na rameno b\u011bhem provozu.<br \/>\n\u2013 T\u011bsn\u011bn\u00ed: V\u00e1lce ramen pou\u017e\u00edvaj\u00ed r\u016fzn\u00e9 t\u011bsnic\u00ed komponenty, jako jsou t\u011bsn\u011bn\u00ed p\u00edst\u016f, t\u011bsn\u011bn\u00ed p\u00edstnic a st\u011bra\u010de, aby se zabr\u00e1nilo vnit\u0159n\u00edm a vn\u011bj\u0161\u00edm \u00fanik\u016fm hydraulick\u00e9 kapaliny.<br \/>\n\u2013 Trvanlivost: V\u00e1lce ramen jsou obvykle vyrobeny z vysoce pevn\u00fdch materi\u00e1l\u016f, jako je legovan\u00e1 ocel, a o\u0161et\u0159eny povlaky pro zv\u00fd\u0161en\u00ed odolnosti proti opot\u0159eben\u00ed a korozi.<br \/>\n\u2013 Bezpe\u010dnost: V\u00e1lce ramen mus\u00ed spl\u0148ovat specifick\u00e9 bezpe\u010dnostn\u00ed normy, aby se zabr\u00e1nilo nehod\u00e1m, jako je zlomen\u00ed p\u00edstnice v\u00e1lce nebo odpojen\u00ed p\u0159\u00edslu\u0161enstv\u00ed.<br \/>\n\u2013 \u00dadr\u017eba: V\u00e1lce ramen mus\u00ed b\u00fdt snadno udr\u017eovateln\u00e9 a v p\u0159\u00edpad\u011b pot\u0159eby je nutn\u00e9 umo\u017enit v\u00fdm\u011bnu jednotliv\u00fdch sou\u010d\u00e1st\u00ed, jako jsou t\u011bsn\u011bn\u00ed, pouzdra a ty\u010de.<\/p>\n<p>Obr\u00e1zek: https:\/\/www.hydraulic-cylinders.net\/wp-content\/uploads\/2025\/01\/songte-cylinder-head-with-all-kinds-excavator-models.webp<\/p>\n<p>Podnadpis: T\u011bsn\u011bn\u00ed a maz\u00e1n\u00ed<\/p>\n<p>Hydraulick\u00e9 v\u00e1lce ramen pou\u017e\u00edvaj\u00ed r\u016fzn\u00e9 t\u011bsnic\u00ed komponenty, kter\u00e9 zabra\u0148uj\u00ed \u00faniku hydraulick\u00e9 kapaliny. Mezi tyto komponenty pat\u0159\u00ed t\u011bsn\u011bn\u00ed p\u00edst\u016f, t\u011bsn\u011bn\u00ed p\u00edstnic a st\u011bra\u010de, kter\u00e9 pro odolnost proti opot\u0159eben\u00ed pou\u017e\u00edvaj\u00ed materi\u00e1ly jako polyuretan a nitrilov\u00e1 pry\u017e. T\u011bleso v\u00e1lce a z\u00e1vitov\u00e9 konce jsou nav\u00edc opracov\u00e1ny s vysokou p\u0159esnost\u00ed pro zv\u00fd\u0161en\u00ed odolnosti proti opot\u0159eben\u00ed. Hydraulick\u00e9 v\u00e1lce ramen tak\u00e9 vy\u017eaduj\u00ed pravideln\u00e9 maz\u00e1n\u00ed vhodn\u00fdm hydraulick\u00fdm olejem, aby se zabr\u00e1nilo po\u0161kozen\u00ed t\u0159en\u00edm a teplem.<\/p>\n<p>Podnadpis: Preventivn\u00ed \u00fadr\u017eba a \u0159e\u0161en\u00ed probl\u00e9m\u016f<\/p>\n<p>Pravideln\u00e1 kontrola a preventivn\u00ed \u00fadr\u017eba v\u00e1lc\u016f ramen jsou z\u00e1sadn\u00ed pro zaji\u0161t\u011bn\u00ed jejich optim\u00e1ln\u00edho v\u00fdkonu a prodlou\u017een\u00ed jejich \u017eivotnosti. Mezi preventivn\u00ed opat\u0159en\u00ed \u00fadr\u017eby pat\u0159\u00ed:<\/p>\n<p>\u2013 Pravideln\u00e9 maz\u00e1n\u00ed vhodn\u00fdm hydraulick\u00fdm olejem<br \/>\n\u2013 Kontrola net\u011bsnost\u00ed a po\u0161kozen\u00ed t\u011bsn\u011bn\u00ed<br \/>\n\u2013 Kontrola p\u00edstn\u00ed ty\u010de v\u00e1lce, zda nen\u00ed opot\u0159ebovan\u00e1 a po\u0161kozen\u00e1<br \/>\n\u2013 Kontrola uta\u017een\u00ed upev\u0148ovac\u00edch \u0161roub\u016f p\u0159\u00edslu\u0161enstv\u00ed<\/p>\n<p>Mezi b\u011b\u017en\u00e9 probl\u00e9my s v\u00e1lcem ramene pat\u0159\u00ed:<\/p>\n<p>\u2013 Net\u011bsnosti: hydraulick\u00e1 kapalina unik\u00e1 z t\u011bsn\u011bn\u00ed v\u00e1lce nebo t\u011bsn\u011bn\u00ed p\u00edstnice<br \/>\n\u2013 \u0160patn\u00e1 funkce: v\u00e1lec se neda\u0159\u00ed spr\u00e1vn\u011b vysunout nebo zasunout<br \/>\n\u2013 Hluk: neobvykl\u00fd hluk b\u011bhem provozu v\u00e1lce<\/p>\n<p>K \u0159e\u0161en\u00ed t\u011bchto probl\u00e9m\u016f lze prov\u00e9st n\u00e1sleduj\u00edc\u00ed kroky:<\/p>\n<p>\u2013 Zjist\u011bte p\u0159\u00ed\u010dinu probl\u00e9mu kontrolou v\u00e1lce a hydraulick\u00e9ho syst\u00e9mu<br \/>\n\u2013 Vym\u011b\u0148te po\u0161kozen\u00e9 sou\u010d\u00e1sti, jako jsou t\u011bsn\u011bn\u00ed, ojnice nebo pouzdra<br \/>\n\u2013 Zajist\u011bte spr\u00e1vn\u00e9 maz\u00e1n\u00ed v\u00e1lce<br \/>\n\u2013 P\u0159ed pokusem o opravu jak\u00e9hokoli probl\u00e9mu pou\u017eijte vhodn\u00e1 bezpe\u010dnostn\u00ed opat\u0159en\u00ed<\/p>\n<p>Obr\u00e1zek: https:\/\/www.hydraulic-cylinders.net\/wp-content\/uploads\/2025\/01\/songte-chushion-collar.webp<\/p>\n<p>Podnadpis: Pokyny k instalaci produktu<\/p>\n<p>Pro zaji\u0161t\u011bn\u00ed spr\u00e1vn\u00e9 instalace v\u00e1lc\u016f ramene je nutn\u00e9 dodr\u017eovat n\u00e1sleduj\u00edc\u00ed pokyny:<\/p>\n<p>\u2013 Ujist\u011bte se, \u017ee v\u0161echny upev\u0148ovac\u00ed \u0161rouby p\u0159\u00edslu\u0161enstv\u00ed jsou uta\u017eeny doporu\u010den\u00fdm utahovac\u00edm momentem.<br \/>\n\u2013 Ujist\u011bte se, \u017ee je hydraulick\u00fd syst\u00e9m \u010dist\u00fd a bez ne\u010distot.<br \/>\n\u2013 P\u0159i p\u0159ipojov\u00e1n\u00ed v\u00e1lce k p\u0159\u00edslu\u0161enstv\u00ed pou\u017eijte ochrannou krytku, abyste zabr\u00e1nili po\u0161kozen\u00ed p\u00edstnice v\u00e1lce.<br \/>\n\u2013 P\u0159ed provozem nama\u017ete v\u00e1lec doporu\u010den\u00fdm hydraulick\u00fdm olejem.<\/p>\n<p>Podnadpis: Bezpe\u010dnostn\u00ed aspekty a faktory prost\u0159ed\u00ed<\/p>\n<p>V\u00e1lce ramen hraj\u00ed kl\u00ed\u010dovou roli v t\u011b\u017ek\u00fdch stroj\u00edch a p\u0159i jejich provozu nebo \u00fadr\u017eb\u011b je t\u0159eba db\u00e1t na bezpe\u010dnost. Bezpe\u010dnostn\u00ed opat\u0159en\u00ed, jako je pou\u017e\u00edv\u00e1n\u00ed ochrann\u00fdch pom\u016fcek, dodr\u017eov\u00e1n\u00ed bezpe\u010dnostn\u00edch pokyn\u016f a pravideln\u00e9 kontroly, mohou pomoci p\u0159edch\u00e1zet nehod\u00e1m. Krom\u011b toho mohou faktory prost\u0159ed\u00ed, jako je teplota a vlhkost, ovlivnit v\u00fdkon a \u017eivotnost v\u00e1lce a je nutn\u00e9 p\u0159ijmout vhodn\u00e1 opat\u0159en\u00ed ke zm\u00edrn\u011bn\u00ed t\u011bchto \u00fa\u010dink\u016f.<\/p>\n<p>Podnadpis: O na\u0161\u00ed spole\u010dnosti<\/p>\n<p>Jsme profesion\u00e1ln\u00ed v\u00fdrobce n\u00e1hradn\u00edch hydraulick\u00fdch v\u00e1lc\u016f s \u0161irokou \u0161k\u00e1lou produkt\u016f a p\u0159edn\u00ed v\u00fdrobce a velkoobchodn\u00ed distributor hydraulick\u00fdch v\u00e1lc\u016f na dom\u00e1c\u00edm i mezin\u00e1rodn\u00edm trhu. V\u017edy se dr\u017e\u00edme principu nejvy\u0161\u0161\u00ed kvality a spol\u00e9h\u00e1me se na industrializovan\u00e9 strategie \u0159\u00edzen\u00ed v\u00fdroby v na\u0161\u00ed zdokonalen\u00e9 v\u00fdrobn\u00ed d\u00edln\u011b, abychom neust\u00e1le zlep\u0161ovali na\u0161i technickou \u00farove\u0148 a efektivitu v\u00fdroby. D\u00edky zav\u00e1d\u011bn\u00ed \u0161pi\u010dkov\u00e9ho digit\u00e1ln\u00edho v\u00fdrobn\u00edho za\u0159\u00edzen\u00ed a profesion\u00e1ln\u00edch testovac\u00edch syst\u00e9m\u016f neust\u00e1le optimalizujeme na\u0161i v\u00fdrobn\u00ed platformu, zlep\u0161ujeme procesy kontroly kvality v\u00fdrobk\u016f a m\u00e1me siln\u00e9 inova\u010dn\u00ed schopnosti. Na\u0161\u00edm c\u00edlem je uspokojovat rozmanit\u00e9 pot\u0159eby z\u00e1kazn\u00edk\u016f s vysokou efektivitou, p\u0159esnost\u00ed a vysoce kvalitn\u00edmi produkty.<\/p>\n<p>Obr\u00e1zek: https:\/\/www.hydraulic-cylinders.net\/wp-content\/uploads\/2025\/01\/songte-company-4.webp a https:\/\/www.hydraulic-cylinders.net\/wp-content\/uploads\/2025\/01\/songte-company-3.webp<\/p>\n<p>Jsme hrd\u00ed na na\u0161i profesionalitu, mezin\u00e1rodn\u00ed certifikace, slu\u017eby na m\u00edru, v\u00fdrobn\u00ed za\u0159\u00edzen\u00ed a poprodejn\u00ed servis. <\/p>\n<p>Autor: lyl<\/p>","protected":false},"excerpt":{"rendered":"<p>Arm CylinderFor Komatsu Large Excavator PC70LC-8 Subheading: Definition and Explanation of Arm Cylinder An arm cylinder is a specialized hydraulic cylinder designed to provide linear motion and power to the arms of various types of machinery such as excavators, cranes, and robotic arms. The arm cylinder plays a critical role in hydraulic systems, enabling the [&hellip;]<\/p>","protected":false},"featured_media":14772,"comment_status":"open","ping_status":"closed","template":"","meta":{"_et_pb_use_builder":"","_et_pb_old_content":"","_et_gb_content_width":""},"product_brand":[],"product_cat":[1497],"product_tag":[1498,1496],"class_list":{"0":"post-16078","1":"product","2":"type-product","3":"status-publish","4":"has-post-thumbnail","6":"product_cat-arm-cylinders","7":"product_tag-arm-cylinders","8":"product_tag-hydraulic-cylinders","10":"first","11":"instock","12":"shipping-taxable","13":"product-type-simple"},"amp_enabled":true,"_links":{"self":[{"href":"https:\/\/www.hydraulic-cylinders.net\/cs\/wp-json\/wp\/v2\/product\/16078","targetHints":{"allow":["GET"]}}],"collection":[{"href":"https:\/\/www.hydraulic-cylinders.net\/cs\/wp-json\/wp\/v2\/product"}],"about":[{"href":"https:\/\/www.hydraulic-cylinders.net\/cs\/wp-json\/wp\/v2\/types\/product"}],"replies":[{"embeddable":true,"href":"https:\/\/www.hydraulic-cylinders.net\/cs\/wp-json\/wp\/v2\/comments?post=16078"}],"wp:featuredmedia":[{"embeddable":true,"href":"https:\/\/www.hydraulic-cylinders.net\/cs\/wp-json\/wp\/v2\/media\/14772"}],"wp:attachment":[{"href":"https:\/\/www.hydraulic-cylinders.net\/cs\/wp-json\/wp\/v2\/media?parent=16078"}],"wp:term":[{"taxonomy":"product_brand","embeddable":true,"href":"https:\/\/www.hydraulic-cylinders.net\/cs\/wp-json\/wp\/v2\/product_brand?post=16078"},{"taxonomy":"product_cat","embeddable":true,"href":"https:\/\/www.hydraulic-cylinders.net\/cs\/wp-json\/wp\/v2\/product_cat?post=16078"},{"taxonomy":"product_tag","embeddable":true,"href":"https:\/\/www.hydraulic-cylinders.net\/cs\/wp-json\/wp\/v2\/product_tag?post=16078"}],"curies":[{"name":"wp","href":"https:\/\/api.w.org\/{rel}","templated":true}]}}