{"id":16079,"date":"2025-01-20T08:27:02","date_gmt":"2025-01-20T08:27:02","guid":{"rendered":"https:\/\/www.hydraulic-cylinders.net\/product\/arm-cylinderfor-komatsu-large-excavator-pc1250-7\/"},"modified":"2025-01-20T08:27:04","modified_gmt":"2025-01-20T08:27:04","slug":"arm-cylinderfor-komatsu-large-excavator-pc1250-7","status":"publish","type":"product","link":"https:\/\/www.hydraulic-cylinders.net\/cs\/produkt\/arm-cylinderfor-komatsu-large-excavator-pc1250-7\/","title":{"rendered":"V\u00e1lec ramene pro velk\u00e9 rypadlo Komatsu PC1250-7"},"content":{"rendered":"<h1>V\u00e1lec ramene pro velk\u00e9 rypadlo Komatsu PC1250-7<\/h1>\n<h2>Zaveden\u00ed<\/h2>\n<p>Hydraulick\u00fd v\u00e1lec ramene je specializovan\u00fd hydraulick\u00fd v\u00e1lec ur\u010den\u00fd k zaji\u0161t\u011bn\u00ed line\u00e1rn\u00edho pohybu a v\u00fdkonu ramene r\u016fzn\u00fdch stroj\u016f, jako jsou bagry, je\u0159\u00e1by a robotick\u00e1 ramena. Hraje kl\u00ed\u010dovou roli v hydraulick\u00fdch syst\u00e9mech, proto\u017ee umo\u017e\u0148uje efektivn\u00ed pohyb a ovl\u00e1d\u00e1n\u00ed dal\u0161\u00edho n\u00e1\u0159ad\u00ed nebo p\u0159\u00edslu\u0161enstv\u00ed. Tyto v\u00e1lce nejen zaji\u0161\u0165uj\u00ed plynul\u00fd pohyb, ale tak\u00e9 odol\u00e1vaj\u00ed t\u011b\u017ek\u00fdm z\u00e1t\u011b\u017e\u00edm, \u010d\u00edm\u017e zaji\u0161\u0165uj\u00ed efektivn\u00ed provoz a spolehlivost stroj\u016f za r\u016fzn\u00fdch pracovn\u00edch podm\u00ednek.<\/p>\n<p><img decoding=\"async\" src=\"https:\/\/www.hydraulic-cylinders.net\/wp-content\/uploads\/2025\/01\/songte-company-2.webp\"><\/p>\n<h2>Funkce<\/h2>\n<ul>\n<li>Vysoce \u00fa\u010dinn\u00fd p\u0159evod: V\u00e1lec ramene poskytuje siln\u00fd line\u00e1rn\u00ed pohyb a s\u00edlu, co\u017e zaji\u0161\u0165uje vysok\u00fd v\u00fdkon mechanick\u00e9ho ramene v r\u016fzn\u00fdch operac\u00edch.<\/li>\n<li>P\u0159esn\u00e9 ovl\u00e1d\u00e1n\u00ed: D\u00edky hydraulick\u00e9mu syst\u00e9mu dosahuje v\u00e1lec ramene p\u0159esn\u00e9ho ovl\u00e1d\u00e1n\u00ed pohybu, d\u00edky \u010demu\u017e je ovl\u00e1d\u00e1n\u00ed p\u0159ipojen\u00e9ho n\u00e1\u0159ad\u00ed flexibiln\u011bj\u0161\u00ed a p\u0159esn\u011bj\u0161\u00ed.<\/li>\n<li>Trvanlivost: V\u00e1lce s rameny se obvykle vyr\u00e1b\u011bj\u00ed z vysoce pevn\u00fdch materi\u00e1l\u016f s vynikaj\u00edc\u00ed odolnost\u00ed proti opot\u0159eben\u00ed a korozi, d\u00edky \u010demu\u017e jsou vhodn\u00e9 pro dlouhodob\u00e9 pou\u017e\u00edv\u00e1n\u00ed v n\u00e1ro\u010dn\u00fdch podm\u00ednk\u00e1ch.<\/li>\n<li>Multifunk\u010dn\u00ed p\u0159izp\u016fsobivost: Tyto v\u00e1lce lze \u0161iroce pou\u017e\u00edvat v r\u016fzn\u00fdch stroj\u00edch, jako jsou bagry, je\u0159\u00e1by a robotick\u00e1 ramena, a p\u0159izp\u016fsobit se tak r\u016fzn\u00fdm po\u017eadavk\u016fm na pr\u00e1ci.<\/li>\n<li>Snadn\u00e1 \u00fadr\u017eba: Konstrukce s ohledem na snadnou \u00fadr\u017ebu a v\u00fdm\u011bnu usnad\u0148uje pravideln\u00e9 kontroly a \u00fadr\u017ebu, \u010d\u00edm\u017e se zkracuj\u00ed prostoje za\u0159\u00edzen\u00ed.<\/li>\n<\/ul>\n<p><img decoding=\"async\" src=\"https:\/\/www.hydraulic-cylinders.net\/wp-content\/uploads\/2025\/01\/songte-oil-pipes-and-spare-parts.webp\"><\/p>\n<h2>Aplikace<\/h2>\n<p>Rameno v\u00e1lce nach\u00e1z\u00ed uplatn\u011bn\u00ed v:<\/p>\n<ul>\n<li>Stavebn\u00ed in\u017een\u00fdrstv\u00ed: U bagr\u016f a je\u0159\u00e1b\u016f ovl\u00e1d\u00e1 v\u00e1lec ramene pohyb l\u017e\u00edce nebo v\u00fdlo\u017en\u00edku pro zemn\u00ed pr\u00e1ce, manipulaci s materi\u00e1lem a konstruk\u010dn\u00ed instalace.<\/li>\n<li>V\u00fdroba: V automatizovan\u00fdch v\u00fdrobn\u00edch link\u00e1ch se v\u00e1lec ramene pou\u017e\u00edv\u00e1 pro pohyb robotick\u00fdch ramen p\u0159i mont\u00e1\u017ei, sva\u0159ov\u00e1n\u00ed a manipulaci s materi\u00e1lem, \u010d\u00edm\u017e se zvy\u0161uje efektivita a p\u0159esnost v\u00fdroby.<\/li>\n<li>Zem\u011bd\u011blsk\u00e9 stroje: U zem\u011bd\u011blsk\u00fdch stroj\u016f, jako jsou skl\u00edzec\u00ed a sec\u00ed stroje, \u0159\u00edd\u00ed v\u00e1lec ramene pohyb ovl\u00e1dac\u00edch ramen pro \u00fakoly, jako je set\u00ed, hnojen\u00ed a sklize\u0148.<\/li>\n<li>T\u011b\u017eba: V t\u011b\u017eebn\u00edm za\u0159\u00edzen\u00ed \u0159\u00edd\u00ed v\u00e1lec ramene pohyb ramen t\u011b\u017eebn\u00edch stroj\u016f pro t\u011b\u017ebu a p\u0159epravu rudy.<\/li>\n<li>Logistika a doprava: U vysokozdvi\u017en\u00fdch voz\u00edk\u016f a manipula\u010dn\u00edch robot\u016f \u0159\u00edd\u00ed v\u00e1lec ramene zved\u00e1n\u00ed a pohyb vidlic, co\u017e usnad\u0148uje manipulaci s materi\u00e1lem a jeho stohov\u00e1n\u00ed.<\/li>\n<\/ul>\n<h2>Konstruk\u010dn\u00ed aspekty a krit\u00e9ria v\u00fdb\u011bru<\/h2>\n<p>Mezi n\u011bkolik konstruk\u010dn\u00edch \u00favah a krit\u00e9ri\u00ed v\u00fdb\u011bru pro ramenn\u00ed v\u00e1lec pat\u0159\u00ed:<\/p>\n<ul>\n<li>\u00danosnost: Popi\u0161te schopnost ramenov\u00e9ho v\u00e1lce odol\u00e1vat a un\u00e1\u0161et r\u016fzn\u00e1 zat\u00ed\u017een\u00ed.<\/li>\n<li>T\u011bsn\u011bn\u00ed: Vysv\u011btlete pou\u017eit\u00ed r\u016fzn\u00fdch t\u011bsn\u011bn\u00ed, jako jsou p\u00edstn\u00ed t\u011bsn\u011bn\u00ed a p\u00edstn\u00ed t\u011bsn\u011bn\u00ed, s materi\u00e1ly jako polyuretan a nitrilov\u00e1 pry\u017e, k zaji\u0161t\u011bn\u00ed \u00fa\u010dinn\u00e9ho ut\u011bsn\u011bn\u00ed.<\/li>\n<li>Trvanlivost: Zd\u016fraz\u0148uje jemnou povrchovou \u00fapravu t\u011blesa v\u00e1lce a z\u00e1vitov\u00fdch konc\u016f pro zlep\u0161en\u00ed odolnosti proti opot\u0159eben\u00ed.<\/li>\n<li>Bezpe\u010dnost: Proberte bezpe\u010dnostn\u00ed opat\u0159en\u00ed za\u010dlen\u011bn\u00e1 do konstrukce ramenov\u00e9ho v\u00e1lce.<\/li>\n<li>\u00dadr\u017eba: Vysv\u011btlete d\u016fle\u017eitost pravideln\u00e9ho maz\u00e1n\u00ed a snadnou \u00fadr\u017ebu a opravy v\u00e1lce ramene.<\/li>\n<\/ul>\n<p><img decoding=\"async\" src=\"https:\/\/www.hydraulic-cylinders.net\/wp-content\/uploads\/2025\/01\/songte-cylinder-head-with-all-kinds-excavator-models.webp\"><\/p>\n<h2>T\u011bsn\u011bn\u00ed a maz\u00e1n\u00ed<\/h2>\n<p>V\u00e1lec s ramenem vyu\u017e\u00edv\u00e1 r\u016fzn\u00e9 t\u011bsnic\u00ed komponenty, v\u010detn\u011b t\u011bsn\u011bn\u00ed p\u00edst\u016f a p\u00edstnic, vyroben\u00fdch z materi\u00e1l\u016f odoln\u00fdch proti opot\u0159eben\u00ed, jako je polyuretan a nitrilov\u00e1 pry\u017e. T\u011bleso v\u00e1lce a z\u00e1vitov\u00e9 konce proch\u00e1zej\u00ed p\u0159esn\u00fdm o\u0161et\u0159en\u00edm pro zlep\u0161en\u00ed odolnosti proti opot\u0159eben\u00ed. Pravideln\u00e9 maz\u00e1n\u00ed vhodn\u00fdm hydraulick\u00fdm olejem je nezbytn\u00e9 pro zaji\u0161t\u011bn\u00ed hladk\u00e9ho provozu a dlouh\u00e9 \u017eivotnosti.<\/p>\n<h2>Pravideln\u00e1 kontrola a preventivn\u00ed \u00fadr\u017eba<\/h2>\n<p>Pravideln\u00e9 kontroly a preventivn\u00ed \u00fadr\u017eba jsou z\u00e1sadn\u00ed pro spr\u00e1vnou funkci v\u00e1lce ramene. M\u011bla by b\u00fdt p\u0159ijata n\u00e1sleduj\u00edc\u00ed opat\u0159en\u00ed:<\/p>\n<ul>\n<li>Zkontrolujte t\u011bsn\u011bn\u00ed a vym\u011b\u0148te je, pokud jsou po\u0161kozen\u00e1 nebo opot\u0159ebovan\u00e1.<\/li>\n<li>B\u011bhem provozu zkontrolujte, zda se neobjevuj\u00ed zn\u00e1mky net\u011bsnosti nebo abnorm\u00e1ln\u00edho hluku.<\/li>\n<li>Zajist\u011bte spr\u00e1vn\u00e9 maz\u00e1n\u00ed a v p\u0159\u00edpad\u011b pot\u0159eby dopl\u0148te hydraulick\u00fd olej.<\/li>\n<li>Ut\u00e1hn\u011bte v\u0161echny uvoln\u011bn\u00e9 spoje nebo upev\u0148ovac\u00ed prvky.<\/li>\n<li>Pravideln\u011b \u010dist\u011bte v\u00e1lec a chra\u0148te jej p\u0159ed ne\u010distotami a \u00falomky.<\/li>\n<\/ul>\n<h2>Pr\u016fvodce instalac\u00ed produktu<\/h2>\n<p>Pro spr\u00e1vnou instalaci v\u00e1lce ramene postupujte podle t\u011bchto krok\u016f:<\/p>\n<ol>\n<li>P\u0159ipravte si mont\u00e1\u017en\u00ed plochu a ujist\u011bte se, \u017ee je \u010dist\u00e1 a bez ne\u010distot.<\/li>\n<li>Um\u00edst\u011bte v\u00e1lec ramene na ur\u010den\u00e9 m\u00edsto a zarovnejte jej s mont\u00e1\u017en\u00edmi konzolami.<\/li>\n<li>Bezpe\u010dn\u011b upevn\u011bte v\u00e1lec pomoc\u00ed vhodn\u00fdch \u0161roub\u016f a spojovac\u00edho materi\u00e1lu.<\/li>\n<li>Zkontrolujte spr\u00e1vn\u00e9 vyrovn\u00e1n\u00ed a ujist\u011bte se, \u017ee je v\u00e1lec bezpe\u010dn\u011b upevn\u011bn.<\/li>\n<li>P\u0159ipojte hydraulick\u00e9 hadice a armatury podle po\u017eadavk\u016f syst\u00e9mu.<\/li>\n<li>Prove\u010fte d\u016fkladnou kontrolu a otestujte v\u00e1lec, zda funguje spr\u00e1vn\u011b.<\/li>\n<\/ol>\n<p><img decoding=\"async\" src=\"https:\/\/www.hydraulic-cylinders.net\/wp-content\/uploads\/2025\/01\/songte-bushings-with-all-kinds-of-excavator-models.webp\"><\/p>\n<h2>Bezpe\u010dnostn\u00ed aspekty a faktory prost\u0159ed\u00ed<\/h2>\n<p>P\u0159i pou\u017e\u00edv\u00e1n\u00ed v\u00e1lce s ramenem je nezbytn\u00e9 up\u0159ednostnit bezpe\u010dnostn\u00ed opat\u0159en\u00ed. Je t\u0159eba dodr\u017eovat bezpe\u010dnostn\u00ed opat\u0159en\u00ed, v\u010detn\u011b \u0159\u00e1dn\u00e9ho \u0161kolen\u00ed, no\u0161en\u00ed ochrann\u00fdch prost\u0159edk\u016f a dodr\u017eov\u00e1n\u00ed pokyn\u016f v\u00fdrobce. Pro zaji\u0161t\u011bn\u00ed optim\u00e1ln\u00edho v\u00fdkonu a dlouh\u00e9 \u017eivotnosti v\u00e1lce s ramenem je t\u0159eba zohlednit tak\u00e9 faktory prost\u0159ed\u00ed, jako je teplota a vystaven\u00ed drsn\u00fdm podm\u00ednk\u00e1m.<\/p>\n<h2>Odstra\u0148ov\u00e1n\u00ed probl\u00e9m\u016f a b\u011b\u017en\u00e9 probl\u00e9my<\/h2>\n<p>Mezi b\u011b\u017en\u00e9 probl\u00e9my a mo\u017en\u00e1 \u0159e\u0161en\u00ed probl\u00e9m\u016f s v\u00e1lcem ramene pat\u0159\u00ed:<\/p>\n<ul>\n<li>Net\u011bsnost: Zkontrolujte, zda nejsou po\u0161kozen\u00e1 t\u011bsn\u011bn\u00ed nebo uvoln\u011bn\u00e1 spojen\u00ed, a v p\u0159\u00edpad\u011b pot\u0159eby je vym\u011b\u0148te nebo dot\u00e1hn\u011bte.<\/li>\n<li>Abnorm\u00e1ln\u00ed hluk: Zkontrolujte, zda nejsou uvoln\u011bn\u00e9 sou\u010d\u00e1sti nebo zda nedoch\u00e1z\u00ed k nadm\u011brn\u00e9mu t\u0159en\u00ed, a probl\u00e9m podle toho \u0159e\u0161te.<\/li>\n<li>Pomal\u00fd provoz: Zkontrolujte hydraulick\u00fd syst\u00e9m, zda nen\u00ed n\u00edzk\u00e1 hladina kapaliny nebo zda nejsou ucpan\u00e9 filtry, a prove\u010fte pot\u0159ebnou \u00fadr\u017ebu.<\/li>\n<li>Nekonzistentn\u00ed v\u00fdkon: Zkontrolujte spr\u00e1vn\u00e9 maz\u00e1n\u00ed a v\u00e1lec, zda nevykazuje zn\u00e1mky opot\u0159eben\u00ed nebo po\u0161kozen\u00ed.<\/li>\n<\/ul>\n<h2>Z\u00e1v\u011br<\/h2>\n<p>Jako p\u0159edn\u00ed v\u00fdrobce a velkoobchodn\u00ed distributor hydraulick\u00fdch v\u00e1lc\u016f nab\u00edz\u00edme \u0161irokou \u0161k\u00e1lu mo\u017enost\u00ed, kter\u00e9 uspokoj\u00ed rozmanit\u00e9 pot\u0159eby z\u00e1kazn\u00edk\u016f. N\u00e1\u0161 z\u00e1vazek k vynikaj\u00edc\u00ed kvalit\u011b, efektivn\u00edmu \u0159\u00edzen\u00ed v\u00fdroby a neust\u00e1l\u00e9mu technologick\u00e9mu pokroku n\u00e1s stav\u00ed mezi d\u016fv\u011bryhodn\u00e9 dodavatele na dom\u00e1c\u00edm i mezin\u00e1rodn\u00edm trhu. Se zam\u011b\u0159en\u00edm na efektivitu, p\u0159esnost a vysok\u00e9 standardy kvality se sna\u017e\u00edme splnit po\u017eadavky na\u0161ich z\u00e1kazn\u00edk\u016f. Vyberte si n\u00e1s pro na\u0161i profesionalitu, mezin\u00e1rodn\u00ed certifikace, slu\u017eby na m\u00edru, modern\u00ed v\u00fdrobn\u00ed za\u0159\u00edzen\u00ed a komplexn\u00ed poprodejn\u00ed podporu.<\/p>\n<p><img decoding=\"async\" src=\"https:\/\/www.hydraulic-cylinders.net\/wp-content\/uploads\/2025\/01\/songte-company-4.webp\"><br \/>\n<img decoding=\"async\" src=\"https:\/\/www.hydraulic-cylinders.net\/wp-content\/uploads\/2025\/01\/songte-company-3.webp\"><\/p>\n<p>Autor: lyl<\/p>","protected":false},"excerpt":{"rendered":"<p>Arm Cylinder for Komatsu Large Excavator PC1250-7 Introduction The Arm Cylinder is a specialized hydraulic cylinder designed to provide linear motion and power to the arm of various machinery such as excavators, cranes, and robotic arms. It plays a crucial role in hydraulic systems, enabling the efficient movement and control of additional tools or attachments. [&hellip;]<\/p>","protected":false},"featured_media":14770,"comment_status":"open","ping_status":"closed","template":"","meta":{"_et_pb_use_builder":"","_et_pb_old_content":"","_et_gb_content_width":""},"product_brand":[],"product_cat":[1497],"product_tag":[1498,1496],"class_list":{"0":"post-16079","1":"product","2":"type-product","3":"status-publish","4":"has-post-thumbnail","6":"product_cat-arm-cylinders","7":"product_tag-arm-cylinders","8":"product_tag-hydraulic-cylinders","10":"first","11":"instock","12":"shipping-taxable","13":"product-type-simple"},"amp_enabled":true,"_links":{"self":[{"href":"https:\/\/www.hydraulic-cylinders.net\/cs\/wp-json\/wp\/v2\/product\/16079","targetHints":{"allow":["GET"]}}],"collection":[{"href":"https:\/\/www.hydraulic-cylinders.net\/cs\/wp-json\/wp\/v2\/product"}],"about":[{"href":"https:\/\/www.hydraulic-cylinders.net\/cs\/wp-json\/wp\/v2\/types\/product"}],"replies":[{"embeddable":true,"href":"https:\/\/www.hydraulic-cylinders.net\/cs\/wp-json\/wp\/v2\/comments?post=16079"}],"wp:featuredmedia":[{"embeddable":true,"href":"https:\/\/www.hydraulic-cylinders.net\/cs\/wp-json\/wp\/v2\/media\/14770"}],"wp:attachment":[{"href":"https:\/\/www.hydraulic-cylinders.net\/cs\/wp-json\/wp\/v2\/media?parent=16079"}],"wp:term":[{"taxonomy":"product_brand","embeddable":true,"href":"https:\/\/www.hydraulic-cylinders.net\/cs\/wp-json\/wp\/v2\/product_brand?post=16079"},{"taxonomy":"product_cat","embeddable":true,"href":"https:\/\/www.hydraulic-cylinders.net\/cs\/wp-json\/wp\/v2\/product_cat?post=16079"},{"taxonomy":"product_tag","embeddable":true,"href":"https:\/\/www.hydraulic-cylinders.net\/cs\/wp-json\/wp\/v2\/product_tag?post=16079"}],"curies":[{"name":"wp","href":"https:\/\/api.w.org\/{rel}","templated":true}]}}