{"id":16082,"date":"2025-01-20T08:27:15","date_gmt":"2025-01-20T08:27:15","guid":{"rendered":"https:\/\/www.hydraulic-cylinders.net\/product\/arm-cylinderfor-komatsu-wheel-excavator-pw270-7\/"},"modified":"2025-01-20T08:27:23","modified_gmt":"2025-01-20T08:27:23","slug":"arm-cylinderfor-komatsu-wheel-excavator-pw270-7","status":"publish","type":"product","link":"https:\/\/www.hydraulic-cylinders.net\/cs\/produkt\/arm-cylinderfor-komatsu-wheel-excavator-pw270-7\/","title":{"rendered":"V\u00e1lec ramene pro kolov\u00e9 rypadlo Komatsu PW270-7"},"content":{"rendered":"<p><!DOCTYPE html><br \/>\n<html><br \/>\n<head><br \/>\n<title>V\u00e1lec ramene pro kolov\u00e9 rypadlo Komatsu PW270-7<\/title><br \/>\n<\/head><br \/>\n<body><\/p>\n<h1>V\u00e1lec ramene pro kolov\u00e9 rypadlo Komatsu PW270-7<\/h1>\n<h2>Zaveden\u00ed<\/h2>\n<p>Hydraulick\u00fd v\u00e1lec ramene pro kolov\u00e9 rypadlo Komatsu PW270-7 je specializovan\u00fd hydraulick\u00fd v\u00e1lec ur\u010den\u00fd k zaji\u0161t\u011bn\u00ed line\u00e1rn\u00edho pohybu a v\u00fdkonu ramene r\u016fzn\u00fdch stroj\u016f, jako jsou rypadla, je\u0159\u00e1by a mechanick\u00e1 ramena. V\u00e1lec ramene hraje kl\u00ed\u010dovou roli v hydraulick\u00fdch syst\u00e9mech, proto\u017ee umo\u017e\u0148uje efektivn\u00ed pohyb a ovl\u00e1d\u00e1n\u00ed p\u0159\u00eddavn\u00e9ho n\u00e1\u0159ad\u00ed nebo p\u0159\u00edslu\u0161enstv\u00ed. Tyto v\u00e1lce nejen zaji\u0161\u0165uj\u00ed plynul\u00fd pohyb, ale tak\u00e9 odol\u00e1vaj\u00ed t\u011b\u017ek\u00fdm z\u00e1t\u011b\u017e\u00edm, \u010d\u00edm\u017e zaji\u0161\u0165uj\u00ed vysokou provozn\u00ed \u00fa\u010dinnost a spolehlivost stroje za r\u016fzn\u00fdch pracovn\u00edch podm\u00ednek.<\/p>\n<h2>Definice a vysv\u011btlen\u00ed<\/h2>\n<p>Hydraulick\u00fd v\u00e1lec ramene je typ hydraulick\u00e9ho v\u00e1lce speci\u00e1ln\u011b navr\u017een\u00e9ho pro zaji\u0161t\u011bn\u00ed line\u00e1rn\u00edho pohybu a v\u00fdkonu ramene r\u016fzn\u00fdch stroj\u016f. Je zodpov\u011bdn\u00fd za \u0159\u00edzen\u00ed pohybu a provozu p\u0159\u00edslu\u0161enstv\u00ed, jako jsou l\u017e\u00edce nebo v\u00fdlo\u017en\u00edky, v bagrech, je\u0159\u00e1bech a mechanick\u00fdch ramenech. V\u00e1lec ramene p\u016fsob\u00ed jako kl\u00ed\u010dov\u00e1 sou\u010d\u00e1st hydraulick\u00fdch syst\u00e9m\u016f, co\u017e umo\u017e\u0148uje p\u0159esn\u00e9 ovl\u00e1d\u00e1n\u00ed a efektivn\u00ed provoz stroj\u016f.<\/p>\n<p><img decoding=\"async\" src=\"https:\/\/www.hydraulic-cylinders.net\/wp-content\/uploads\/2025\/01\/songte-company-2.webp\" alt=\"V\u00e1lec ramene\"><\/p>\n<h2>Funkce<\/h2>\n<ul>\n<li>\n<h3>Vysoce \u00fa\u010dinn\u00fd p\u0159enos<\/h3>\n<p>V\u00e1lec ramene poskytuje siln\u00fd line\u00e1rn\u00ed pohyb a s\u00edlu, co\u017e zaji\u0161\u0165uje vysok\u00fd v\u00fdkon a \u00fa\u010dinnost mechanick\u00e9ho ramene v r\u016fzn\u00fdch operac\u00edch.<\/p>\n<\/li>\n<li>\n<h3>P\u0159esn\u00e9 ovl\u00e1d\u00e1n\u00ed<\/h3>\n<p>D\u00edky hydraulick\u00e9mu syst\u00e9mu umo\u017e\u0148uje v\u00e1lec ramene p\u0159esn\u00e9 ovl\u00e1d\u00e1n\u00ed pohybu, \u010d\u00edm\u017e je ovl\u00e1d\u00e1n\u00ed p\u0159ipojen\u00e9ho n\u00e1\u0159ad\u00ed flexibiln\u011bj\u0161\u00ed a p\u0159esn\u011bj\u0161\u00ed.<\/p>\n<\/li>\n<li>\n<h3>Trvanlivost<\/h3>\n<p>V\u00e1lec ramene je obvykle vyroben z vysoce pevn\u00fdch materi\u00e1l\u016f, kter\u00e9 nab\u00edzej\u00ed vynikaj\u00edc\u00ed odolnost proti opot\u0159eben\u00ed a korozi, a jsou vhodn\u00e9 pro dlouhodob\u00e9 pou\u017e\u00edv\u00e1n\u00ed v n\u00e1ro\u010dn\u00fdch podm\u00ednk\u00e1ch.<\/p>\n<\/li>\n<li>\n<h3>Multifunk\u010dn\u00ed p\u0159izp\u016fsobivost<\/h3>\n<p>Tyto v\u00e1lce lze \u0161iroce pou\u017e\u00edt v r\u016fzn\u00fdch stroj\u00edch, jako jsou bagry, je\u0159\u00e1by a mechanick\u00e1 ramena, a p\u0159izp\u016fsobit se tak r\u016fzn\u00fdm pracovn\u00edm po\u017eadavk\u016fm.<\/p>\n<\/li>\n<li>\n<h3>Snadn\u00e1 \u00fadr\u017eba<\/h3>\n<p>Konstrukce v\u00e1lce ramene bere v \u00favahu snadnou \u00fadr\u017ebu a v\u00fdm\u011bnu, co\u017e usnad\u0148uje pravideln\u00e9 kontroly a \u00fadr\u017ebu a zkracuje prostoje za\u0159\u00edzen\u00ed.<\/p>\n<\/li>\n<\/ul>\n<p><img decoding=\"async\" src=\"https:\/\/www.hydraulic-cylinders.net\/wp-content\/uploads\/2025\/01\/songte-oil-pipes-and-spare-parts.webp\" alt=\"N\u00e1hradn\u00ed d\u00edly pro v\u00e1lce ramene\"><\/p>\n<h2>Aplikace<\/h2>\n<ul>\n<li>\n<h3>Stavebn\u00ed in\u017een\u00fdrstv\u00ed<\/h3>\n<p>U bagr\u016f a je\u0159\u00e1b\u016f se v\u00e1lec ramene pou\u017e\u00edv\u00e1 k ovl\u00e1d\u00e1n\u00ed pohybu l\u017e\u00edc nebo v\u00fdlo\u017en\u00edk\u016f pro zemn\u00ed pr\u00e1ce, manipulaci s materi\u00e1lem a mont\u00e1\u017e konstrukc\u00ed.<\/p>\n<\/li>\n<li>\n<h3>Zpracovatelsk\u00fd pr\u016fmysl<\/h3>\n<p>V automatizovan\u00fdch v\u00fdrobn\u00edch link\u00e1ch se v\u00e1lec ramene pou\u017e\u00edv\u00e1 k pohybu mechanick\u00fdch ramen v procesech, jako je mont\u00e1\u017e, sva\u0159ov\u00e1n\u00ed a manipulace, \u010d\u00edm\u017e se zvy\u0161uje efektivita a p\u0159esnost v\u00fdroby.<\/p>\n<\/li>\n<li>\n<h3>Zem\u011bd\u011blsk\u00e9 stroje<\/h3>\n<p>V zem\u011bd\u011blsk\u00fdch stroj\u00edch, jako jsou skl\u00edzec\u00ed a sec\u00ed stroje, \u0159\u00edd\u00ed v\u00e1lec ramene pohyb ovl\u00e1dac\u00edch ramen pro \u00fakoly, jako je set\u00ed, hnojen\u00ed a sklize\u0148.<\/p>\n<\/li>\n<li>\n<h3>Hornictv\u00ed<\/h3>\n<p>V t\u011b\u017eebn\u00edch za\u0159\u00edzen\u00edch se v\u00e1lec ramene pou\u017e\u00edv\u00e1 k ovl\u00e1d\u00e1n\u00ed pohybu ramene t\u011b\u017eebn\u00edho za\u0159\u00edzen\u00ed pro t\u011b\u017ebu a p\u0159epravu rudy.<\/p>\n<\/li>\n<li>\n<h3>Logistika a doprava<\/h3>\n<p>U vysokozdvi\u017en\u00fdch voz\u00edk\u016f a manipula\u010dn\u00edch robot\u016f se v\u00e1lec ramene pou\u017e\u00edv\u00e1 k ovl\u00e1d\u00e1n\u00ed zved\u00e1n\u00ed a pohybu vidlic, co\u017e umo\u017e\u0148uje manipulaci a stohov\u00e1n\u00ed materi\u00e1l\u016f.<\/p>\n<\/li>\n<\/ul>\n<h2>Konstruk\u010dn\u00ed aspekty a krit\u00e9ria v\u00fdb\u011bru<\/h2>\n<ul>\n<li>\n<h3>\u00danosnost<\/h3>\n<p>Konstrukce v\u00e1lce ramene zohled\u0148uje schopnost odolat po\u017eadovan\u00e9 nosnosti a zaji\u0161\u0165uje tak bezpe\u010dn\u00fd a efektivn\u00ed provoz.<\/p>\n<\/li>\n<li>\n<h3>T\u011bsn\u011bn\u00ed<\/h3>\n<p>U v\u00e1lce ramene se pou\u017e\u00edvaj\u00ed r\u016fzn\u00e9 t\u011bsnic\u00ed komponenty, jako jsou t\u011bsn\u011bn\u00ed p\u00edst\u016f a t\u011bsn\u011bn\u00ed p\u00edstnic. Tato t\u011bsn\u011bn\u00ed jsou vyrobena z materi\u00e1l\u016f odoln\u00fdch proti opot\u0159eben\u00ed, jako je polyuretan a nitrilov\u00e1 pry\u017e. T\u011bleso v\u00e1lce a z\u00e1vitov\u00e9 konce jsou pe\u010dliv\u011b o\u0161et\u0159eny pro zlep\u0161en\u00ed odolnosti proti opot\u0159eben\u00ed. Pro hladk\u00fd provoz je nezbytn\u00e9 pravideln\u00e9 maz\u00e1n\u00ed vhodn\u00fdm hydraulick\u00fdm olejem.<\/p>\n<\/li>\n<li>\n<h3>Trvanlivost<\/h3>\n<p>V\u00e1lec ramene je vyroben z vysoce kvalitn\u00edch materi\u00e1l\u016f, kter\u00e9 zaji\u0161\u0165uj\u00ed trvanlivost a odolnost proti opot\u0159eben\u00ed a korozi v n\u00e1ro\u010dn\u00fdch prost\u0159ed\u00edch.<\/p>\n<\/li>\n<li>\n<h3>Bezpe\u010dnost<\/h3>\n<p>P\u0159i konstrukci v\u00e1lce ramene jsou zohledn\u011bny bezpe\u010dnostn\u00ed aspekty, aby se p\u0159ede\u0161lo nehod\u00e1m a zajistil se spolehliv\u00fd provoz.<\/p>\n<\/li>\n<li>\n<h3>\u00dadr\u017eba<\/h3>\n<p>Konstrukce v\u00e1lce ramene usnad\u0148uje \u00fadr\u017ebu a opravy, zkracuje prostoje a maximalizuje efektivitu za\u0159\u00edzen\u00ed.<\/p>\n<\/li>\n<\/ul>\n<p><img decoding=\"async\" src=\"https:\/\/www.hydraulic-cylinders.net\/wp-content\/uploads\/2025\/01\/songte-cylinder-head-with-all-kinds-excavator-models.webp\" alt=\"Hlava v\u00e1lc\u016f\"><\/p>\n<h2>Pravideln\u00e1 kontrola a preventivn\u00ed \u00fadr\u017eba<\/h2>\n<ul>\n<li>Pravideln\u011b kontrolujte v\u00e1lec ramene, zda nevykazuje zn\u00e1mky opot\u0159eben\u00ed, net\u011bsnosti nebo po\u0161kozen\u00ed.<\/li>\n<li>Zajist\u011bte spr\u00e1vn\u00e9 maz\u00e1n\u00ed v\u00e1lce a vym\u011b\u0148ujte hydraulick\u00fd olej v doporu\u010den\u00fdch intervalech.<\/li>\n<li>Zkontrolujte a dot\u00e1hn\u011bte v\u0161echna spojen\u00ed, abyste zabr\u00e1nili \u00fanik\u016fm.<\/li>\n<li>Udr\u017eujte v\u00e1lec \u010dist\u00fd a bez ne\u010distot, abyste zabr\u00e1nili kontaminaci.<\/li>\n<li>Pro udr\u017een\u00ed optim\u00e1ln\u00edho v\u00fdkonu neprodlen\u011b zkontrolujte a vym\u011b\u0148te opot\u0159ebovan\u00e1 t\u011bsn\u011bn\u00ed nebo sou\u010d\u00e1sti.<\/li>\n<\/ul>\n<h2>Pr\u016fvodce instalac\u00ed produktu<\/h2>\n<p>1. P\u0159ed instalac\u00ed se ujist\u011bte, \u017ee je za\u0159\u00edzen\u00ed vypnut\u00e9 a hydraulick\u00fd syst\u00e9m je bez tlaku.<\/p>\n<p>2. Opatrn\u011b um\u00edst\u011bte v\u00e1lec ramene na po\u017eadovan\u00e9 m\u00edsto a zarovnejte mont\u00e1\u017en\u00ed otvory s odpov\u00eddaj\u00edc\u00edm za\u0159\u00edzen\u00edm.<\/p>\n<p>3. Bezpe\u010dn\u011b upevn\u011bte l\u00e1hev k za\u0159\u00edzen\u00ed pomoc\u00ed vhodn\u00fdch \u0161roub\u016f nebo kol\u00edk\u016f.<\/p>\n<p>4. P\u0159ipojte hydraulick\u00e9 potrub\u00ed k v\u00e1lci a zajist\u011bte jeho spr\u00e1vn\u00e9 ut\u011bsn\u011bn\u00ed a t\u011bsnost.<\/p>\n<p>5. Pomalu natlakujte hydraulick\u00fd syst\u00e9m a zkontrolujte, zda nedoch\u00e1z\u00ed k net\u011bsnostem nebo zda nedoch\u00e1z\u00ed k abnorm\u00e1ln\u00edmu provozu.<\/p>\n<p>6. Po dokon\u010den\u00ed instalace d\u016fkladn\u011b otestujte v\u00e1lec ramene, abyste se ujistili o jeho spr\u00e1vn\u00e9 funk\u010dnosti.<\/p>\n<p><img decoding=\"async\" src=\"https:\/\/www.hydraulic-cylinders.net\/wp-content\/uploads\/2025\/01\/songte-bushings-with-all-kinds-of-excavator-models.webp\" alt=\"Pouzdra\"><\/p>\n<h2>Bezpe\u010dnostn\u00ed aspekty a faktory prost\u0159ed\u00ed<\/h2>\n<p>P\u0159i pou\u017e\u00edv\u00e1n\u00ed v\u00e1lce s ramenem je nezbytn\u00e9 dodr\u017eovat spr\u00e1vn\u00e1 bezpe\u010dnostn\u00ed opat\u0159en\u00ed, aby se p\u0159ede\u0161lo nehod\u00e1m a zajistila se pohoda obsluhy. Pro bezpe\u010dn\u00fd provoz je nezbytn\u00e9 dostate\u010dn\u00e9 \u0161kolen\u00ed, ochrann\u00e9 pom\u016fcky a dodr\u017eov\u00e1n\u00ed specifikac\u00ed za\u0159\u00edzen\u00ed. D\u00e1le je d\u016fle\u017eit\u00e9 zv\u00e1\u017eit faktory \u017eivotn\u00edho prost\u0159ed\u00ed, jako je spr\u00e1vn\u00e1 likvidace a recyklace sou\u010d\u00e1st\u00ed a kapalin, aby se minimalizoval dopad na \u017eivotn\u00ed prost\u0159ed\u00ed.<\/p>\n<h2>Odstra\u0148ov\u00e1n\u00ed probl\u00e9m\u016f a b\u011b\u017en\u00e9 probl\u00e9my<\/h2>\n<ul>\n<li>\n<h3>Probl\u00e9m 1: \u00danik z v\u00e1lce<\/h3>\n<p>Mo\u017en\u00e9 p\u0159\u00ed\u010diny: Opot\u0159ebovan\u00e1 t\u011bsn\u011bn\u00ed nebo po\u0161kozen\u00e9 sou\u010d\u00e1sti.<\/p>\n<p>\u0158e\u0161en\u00ed: Zkontrolujte a v p\u0159\u00edpad\u011b pot\u0159eby vym\u011b\u0148te opot\u0159ebovan\u00e1 t\u011bsn\u011bn\u00ed nebo po\u0161kozen\u00e9 sou\u010d\u00e1sti. Zajist\u011bte spr\u00e1vn\u00e9 ut\u011bsn\u011bn\u00ed a t\u011bsnost spoj\u016f.<\/p>\n<\/li>\n<li>\n<h3>Probl\u00e9m 2: V\u00e1lec se nevysouv\u00e1 ani nezasouv\u00e1<\/h3>\n<p>Mo\u017en\u00e9 p\u0159\u00ed\u010diny: P\u0159\u00edli\u0161 n\u00edzk\u00e1 hladina hydraulick\u00e9 kapaliny, ucpan\u00e9 hydraulick\u00e9 potrub\u00ed nebo vadn\u00e9 regula\u010dn\u00ed ventily.<\/p>\n<p>\u0158e\u0161en\u00ed: Zkontrolujte hladinu hydraulick\u00e9 kapaliny a v p\u0159\u00edpad\u011b pot\u0159eby ji dopl\u0148te. Zkontrolujte a vy\u010dist\u011bte hydraulick\u00e9 potrub\u00ed. Zkontrolujte funkci regula\u010dn\u00edch ventil\u016f, p\u0159\u00edpadn\u011b je vym\u011b\u0148te.<\/p>\n<\/li>\n<li>\n<h3>Probl\u00e9m 3: Abnorm\u00e1ln\u00ed hluk b\u011bhem provozu<\/h3>\n<p>Mo\u017en\u00e9 p\u0159\u00ed\u010diny: Uvoln\u011bn\u00e9 sou\u010d\u00e1sti nebo po\u0161kozen\u00e9 vnit\u0159n\u00ed \u010d\u00e1sti.<\/p>\n<p>\u0158e\u0161en\u00ed: Zkontrolujte a dot\u00e1hn\u011bte v\u0161echna p\u0159ipojen\u00ed. Zkontrolujte vnit\u0159n\u00ed sou\u010d\u00e1sti, zda nejsou po\u0161kozen\u00e9, a v p\u0159\u00edpad\u011b pot\u0159eby je vym\u011b\u0148te.<\/p>\n<\/li>\n<\/ul>\n<p>Dodr\u017eov\u00e1n\u00edm t\u011bchto tip\u016f a \u0159e\u0161en\u00ed probl\u00e9m\u016f m\u016f\u017eete efektivn\u011b diagnostikovat a vy\u0159e\u0161it b\u011b\u017en\u00e9 probl\u00e9my s v\u00e1lcem ramene. Zaveden\u00ed preventivn\u00edch opat\u0159en\u00ed m\u016f\u017ee tak\u00e9 pomoci minimalizovat potenci\u00e1ln\u00ed probl\u00e9my.<\/p>\n<p><img decoding=\"async\" src=\"https:\/\/www.hydraulic-cylinders.net\/wp-content\/uploads\/2025\/01\/songte-chushion-collar.webp\" alt=\"Chr\u00e1ni\u010dov\u00fd obojek\"><\/p>\n<p>Nezapome\u0148te<\/p>","protected":false},"excerpt":{"rendered":"<p>Arm Cylinder For Komatsu Wheel Excavator PW270-7 Arm Cylinder For Komatsu Wheel Excavator PW270-7 Introduction The Arm Cylinder For Komatsu Wheel Excavator PW270-7 is a specialized hydraulic cylinder designed to provide linear motion and power to the arm of various machinery, such as excavators, cranes, and mechanical arms. The arm cylinder plays a crucial role [&hellip;]<\/p>","protected":false},"featured_media":14759,"comment_status":"open","ping_status":"closed","template":"","meta":{"_et_pb_use_builder":"","_et_pb_old_content":"","_et_gb_content_width":""},"product_brand":[],"product_cat":[1497],"product_tag":[1498,1496],"class_list":{"0":"post-16082","1":"product","2":"type-product","3":"status-publish","4":"has-post-thumbnail","6":"product_cat-arm-cylinders","7":"product_tag-arm-cylinders","8":"product_tag-hydraulic-cylinders","10":"first","11":"instock","12":"shipping-taxable","13":"product-type-simple"},"amp_enabled":true,"_links":{"self":[{"href":"https:\/\/www.hydraulic-cylinders.net\/cs\/wp-json\/wp\/v2\/product\/16082","targetHints":{"allow":["GET"]}}],"collection":[{"href":"https:\/\/www.hydraulic-cylinders.net\/cs\/wp-json\/wp\/v2\/product"}],"about":[{"href":"https:\/\/www.hydraulic-cylinders.net\/cs\/wp-json\/wp\/v2\/types\/product"}],"replies":[{"embeddable":true,"href":"https:\/\/www.hydraulic-cylinders.net\/cs\/wp-json\/wp\/v2\/comments?post=16082"}],"wp:featuredmedia":[{"embeddable":true,"href":"https:\/\/www.hydraulic-cylinders.net\/cs\/wp-json\/wp\/v2\/media\/14759"}],"wp:attachment":[{"href":"https:\/\/www.hydraulic-cylinders.net\/cs\/wp-json\/wp\/v2\/media?parent=16082"}],"wp:term":[{"taxonomy":"product_brand","embeddable":true,"href":"https:\/\/www.hydraulic-cylinders.net\/cs\/wp-json\/wp\/v2\/product_brand?post=16082"},{"taxonomy":"product_cat","embeddable":true,"href":"https:\/\/www.hydraulic-cylinders.net\/cs\/wp-json\/wp\/v2\/product_cat?post=16082"},{"taxonomy":"product_tag","embeddable":true,"href":"https:\/\/www.hydraulic-cylinders.net\/cs\/wp-json\/wp\/v2\/product_tag?post=16082"}],"curies":[{"name":"wp","href":"https:\/\/api.w.org\/{rel}","templated":true}]}}