{"id":16083,"date":"2025-01-20T08:27:25","date_gmt":"2025-01-20T08:27:25","guid":{"rendered":"https:\/\/www.hydraulic-cylinders.net\/product\/arm-cylinderfor-komatsu-wheel-excavator-pw100s-3-5\/"},"modified":"2025-01-20T08:27:27","modified_gmt":"2025-01-20T08:27:27","slug":"arm-cylinderfor-komatsu-wheel-excavator-pw100s-3-5","status":"publish","type":"product","link":"https:\/\/www.hydraulic-cylinders.net\/cs\/produkt\/arm-cylinderfor-komatsu-wheel-excavator-pw100s-3-5\/","title":{"rendered":"V\u00e1lec ramene pro kolov\u00e9 rypadlo Komatsu PW100S-3-5"},"content":{"rendered":"<h1>V\u00e1lec ramene pro kolov\u00e9 rypadlo Komatsu PW100S-3-5<\/h1>\n<h2>Zaveden\u00ed<\/h2>\n<p>Hydraulick\u00fd v\u00e1lec ramene pro kolov\u00e9 rypadlo Komatsu PW100S-3-5 je specializovan\u00fd hydraulick\u00fd v\u00e1lec ur\u010den\u00fd k zaji\u0161t\u011bn\u00ed line\u00e1rn\u00edho pohybu a v\u00fdkonu ramene r\u016fzn\u00fdch typ\u016f stroj\u016f, jako jsou rypadla, je\u0159\u00e1by a robotick\u00e1 ramena. V\u00e1lec ramene hraje kl\u00ed\u010dovou roli v hydraulick\u00fdch syst\u00e9mech, proto\u017ee umo\u017e\u0148uje efektivn\u00ed pohyb a ovl\u00e1d\u00e1n\u00ed p\u0159ipojen\u00e9ho n\u00e1\u0159ad\u00ed nebo p\u0159\u00edslu\u0161enstv\u00ed. Tyto v\u00e1lce nejen zaji\u0161\u0165uj\u00ed plynul\u00fd pohyb, ale tak\u00e9 odol\u00e1vaj\u00ed t\u011b\u017ek\u00fdm z\u00e1t\u011b\u017e\u00edm, \u010d\u00edm\u017e zaji\u0161\u0165uj\u00ed vysok\u00fd v\u00fdkon a spolehlivost stroje za r\u016fzn\u00fdch provozn\u00edch podm\u00ednek.<\/p>\n<p><img decoding=\"async\" src=\"https:\/\/www.hydraulic-cylinders.net\/wp-content\/uploads\/2025\/01\/songte-company-2.webp\"><\/p>\n<h2>Funkce<\/h2>\n<ul>\n<li>Vysoce \u00fa\u010dinn\u00fd p\u0159enos: V\u00e1lec ramene poskytuje siln\u00fd line\u00e1rn\u00ed pohyb a s\u00edlu, co\u017e zaji\u0161\u0165uje vysok\u00fd v\u00fdkon robotick\u00e9ho ramene v r\u016fzn\u00fdch operac\u00edch.<\/li>\n<li>P\u0159esn\u00e9 ovl\u00e1d\u00e1n\u00ed: D\u00edky hydraulick\u00e9mu syst\u00e9mu umo\u017e\u0148uje v\u00e1lec ramene p\u0159esn\u00e9 ovl\u00e1d\u00e1n\u00ed pohybu, \u010d\u00edm\u017e je ovl\u00e1d\u00e1n\u00ed p\u0159ipojen\u00e9ho n\u00e1\u0159ad\u00ed flexibiln\u011bj\u0161\u00ed a p\u0159esn\u011bj\u0161\u00ed.<\/li>\n<li>Trvanlivost: V\u00e1lce ramen jsou obvykle vyrobeny z vysoce pevn\u00fdch materi\u00e1l\u016f, kter\u00e9 nab\u00edzej\u00ed vynikaj\u00edc\u00ed odolnost proti opot\u0159eben\u00ed a korozi, a jsou vhodn\u00e9 pro dlouhodob\u00e9 pou\u017e\u00edv\u00e1n\u00ed v n\u00e1ro\u010dn\u00fdch podm\u00ednk\u00e1ch.<\/li>\n<li>Multifunk\u010dn\u00ed p\u0159izp\u016fsobivost: Tyto v\u00e1lce maj\u00ed \u0161irokou \u0161k\u00e1lu uplatn\u011bn\u00ed v r\u016fzn\u00fdch stroj\u00edch, jako jsou bagry, je\u0159\u00e1by a robotick\u00e1 ramena, a p\u0159izp\u016fsobuj\u00ed se r\u016fzn\u00fdm po\u017eadavk\u016fm pr\u00e1ce.<\/li>\n<li>Snadn\u00e1 \u00fadr\u017eba: Konstrukce zahrnuje snadnou \u00fadr\u017ebu a v\u00fdm\u011bnu, co\u017e usnad\u0148uje pravideln\u00e9 kontroly a servis a zkracuje prostoje za\u0159\u00edzen\u00ed.<\/li>\n<\/ul>\n<p><img decoding=\"async\" src=\"https:\/\/www.hydraulic-cylinders.net\/wp-content\/uploads\/2025\/01\/songte-oil-pipes-and-spare-parts.webp\"><\/p>\n<h2>Aplikace<\/h2>\n<p>V\u00e1lec ramene pro kolov\u00e9 rypadlo Komatsu PW100S-3-5 nach\u00e1z\u00ed uplatn\u011bn\u00ed v r\u016fzn\u00fdch pr\u016fmyslov\u00fdch odv\u011btv\u00edch:<\/p>\n<h3>1. Stavebn\u00ed in\u017een\u00fdrstv\u00ed<\/h3>\n<p>U bagr\u016f a je\u0159\u00e1b\u016f ovl\u00e1d\u00e1 v\u00e1lec ramene pohyb l\u017e\u00edce nebo v\u00fdlo\u017en\u00edku, co\u017e umo\u017e\u0148uje zemn\u00ed pr\u00e1ce, manipulaci s materi\u00e1lem a mont\u00e1\u017e konstrukc\u00ed.<\/p>\n<h3>2. Zpracovatelsk\u00fd pr\u016fmysl<\/h3>\n<p>V automatizovan\u00fdch v\u00fdrobn\u00edch link\u00e1ch v\u00e1lec ramene usnad\u0148uje pohyb robotick\u00fdch ramen, prov\u00e1d\u00ed mont\u00e1\u017en\u00ed, sva\u0159ovac\u00ed a manipula\u010dn\u00ed procesy, \u010d\u00edm\u017e zvy\u0161uje efektivitu a p\u0159esnost v\u00fdroby.<\/p>\n<h3>3. Zem\u011bd\u011blsk\u00e9 stroje<\/h3>\n<p>V zem\u011bd\u011blsk\u00fdch stroj\u00edch, jako jsou skl\u00edzec\u00ed a sec\u00ed stroje, v\u00e1lec ramene ovl\u00e1d\u00e1 pohyb ovl\u00e1dac\u00edho ramene a prov\u00e1d\u00ed \u00fakoly, jako je set\u00ed, hnojen\u00ed a sklize\u0148.<\/p>\n<h3>4. T\u011b\u017eba<\/h3>\n<p>V t\u011b\u017eebn\u00edm za\u0159\u00edzen\u00ed \u0159\u00edd\u00ed v\u00e1lec ramene pohyb ramene t\u011b\u017eebn\u00edho stroje pro t\u011b\u017ebu a p\u0159epravu rudy.<\/p>\n<h3>5. Logistika a doprava<\/h3>\n<p>U vysokozdvi\u017en\u00fdch voz\u00edk\u016f a manipula\u010dn\u00edch robot\u016f ovl\u00e1d\u00e1 v\u00e1lec ramene zved\u00e1n\u00ed a pohyb vidlic, co\u017e umo\u017e\u0148uje manipulaci s materi\u00e1lem a jeho stohov\u00e1n\u00ed.<\/p>\n<p><img decoding=\"async\" src=\"https:\/\/www.hydraulic-cylinders.net\/wp-content\/uploads\/2025\/01\/songte-cylinder-head-with-all-kinds-excavator-models.webp\"><\/p>\n<h2>Konstruk\u010dn\u00ed aspekty a krit\u00e9ria v\u00fdb\u011bru<\/h2>\n<p>P\u0159i zva\u017eov\u00e1n\u00ed konstrukce a v\u00fdb\u011bru v\u00e1lc\u016f ramene vstupuje do hry n\u011bkolik kl\u00ed\u010dov\u00fdch faktor\u016f:<\/p>\n<h3>1. Nosnost<\/h3>\n<p>V\u00e1lec ramene by m\u011bl b\u00fdt schopen odolat specifick\u00fdm po\u017eadavk\u016fm na zat\u00ed\u017een\u00ed strojn\u00edho za\u0159\u00edzen\u00ed, ve kter\u00e9m je instalov\u00e1n.<\/p>\n<h3>2. T\u011bsn\u011bn\u00ed<\/h3>\n<p>Pro zaji\u0161t\u011bn\u00ed \u00fa\u010dinn\u00e9ho ut\u011bsn\u011bn\u00ed by se m\u011bly pou\u017e\u00edvat r\u016fzn\u00e9 t\u011bsnic\u00ed komponenty, jako jsou t\u011bsn\u011bn\u00ed p\u00edst\u016f a p\u00edstnic. Tato t\u011bsn\u011bn\u00ed jsou vyrobena z materi\u00e1l\u016f odoln\u00fdch proti opot\u0159eben\u00ed, jako je polyuretan a nitrilov\u00e1 pry\u017e. T\u011bleso v\u00e1lce a z\u00e1vitov\u00e9 konce by nav\u00edc m\u011bly proj\u00edt pe\u010dlivou povrchovou \u00fapravou pro zv\u00fd\u0161en\u00ed odolnosti proti opot\u0159eben\u00ed.<\/p>\n<h3>3. Trvanlivost<\/h3>\n<p>V\u00e1lec ramene by m\u011bl b\u00fdt navr\u017een a vyroben z vysoce pevn\u00fdch materi\u00e1l\u016f, aby byla zaji\u0161t\u011bna jeho odolnost a dlouh\u00e1 \u017eivotnost, zejm\u00e9na p\u0159i provozu v n\u00e1ro\u010dn\u00fdch podm\u00ednk\u00e1ch.<\/p>\n<h3>4. Bezpe\u010dnost<\/h3>\n<p>B\u011bhem procesu n\u00e1vrhu a v\u00fdb\u011bru by m\u011bly b\u00fdt zohledn\u011bny bezpe\u010dnostn\u00ed aspekty, aby byl zaji\u0161t\u011bn bezpe\u010dn\u00fd provoz v\u00e1lce ramene a minimalizov\u00e1no riziko nehod.<\/p>\n<h3>5. \u00dadr\u017eba<\/h3>\n<p>Konstrukce by m\u011bla zahrnovat snadnou \u00fadr\u017ebu a opravy, co\u017e by umo\u017e\u0148ovalo pohodln\u00e9 pravideln\u00e9 kontroly a zkracovalo prostoje.<\/p>\n<p><img decoding=\"async\" src=\"https:\/\/www.hydraulic-cylinders.net\/wp-content\/uploads\/2025\/01\/songte-chushion-collar.webp\"><\/p>\n<h2>T\u011bsn\u011bn\u00ed a maz\u00e1n\u00ed<\/h2>\n<p>V\u00e1lec ramene vyu\u017e\u00edv\u00e1 r\u016fzn\u00e9 t\u011bsnic\u00ed komponenty, jako jsou t\u011bsn\u011bn\u00ed p\u00edst\u016f a p\u00edstnic, vyroben\u00e9 z materi\u00e1l\u016f odoln\u00fdch proti opot\u0159eben\u00ed, jako je polyuretan a nitrilov\u00e1 pry\u017e. T\u011bleso v\u00e1lce a z\u00e1vitov\u00e9 konce proch\u00e1zej\u00ed pe\u010dlivou povrchovou \u00fapravou pro zlep\u0161en\u00ed odolnosti proti opot\u0159eben\u00ed. Pro zaji\u0161t\u011bn\u00ed hladk\u00e9ho provozu je nezbytn\u00e9 pravideln\u00e9 maz\u00e1n\u00ed vhodn\u00fdm hydraulick\u00fdm olejem.<\/p>\n<h2>Pravideln\u00e1 kontrola a preventivn\u00ed \u00fadr\u017eba<\/h2>\n<ul>\n<li>Pravideln\u011b kontrolujte v\u00e1lec ramene, zda nevykazuje zn\u00e1mky net\u011bsnosti, po\u0161kozen\u00ed nebo abnorm\u00e1ln\u00edho opot\u0159eben\u00ed.<\/li>\n<li>Zkontrolujte a vym\u011b\u0148te opot\u0159ebovan\u00e9 t\u011bsnic\u00ed komponenty, aby se zachoval spr\u00e1vn\u00fd t\u011bsnic\u00ed v\u00fdkon.<\/li>\n<li>Ujist\u011bte se, \u017ee hydraulick\u00fd syst\u00e9m nen\u00ed zne\u010di\u0161t\u011bn\u00fd, a pravideln\u011b kontrolujte hladinu oleje.<\/li>\n<li>Ut\u00e1hn\u011bte v\u0161echny uvoln\u011bn\u00e9 spoje a upev\u0148ovac\u00ed prvky.<\/li>\n<li>Pro v\u0161echny specifick\u00e9 postupy \u00fadr\u017eby dodr\u017eujte pl\u00e1n \u00fadr\u017eby doporu\u010den\u00fd v\u00fdrobcem.<\/li>\n<\/ul>\n<h2>Pr\u016fvodce instalac\u00ed produktu<\/h2>\n<p>Spr\u00e1vn\u00e1 instalace v\u00e1lce ramene je kl\u00ed\u010dov\u00e1 pro jeho v\u00fdkon a dlouhou \u017eivotnost. Pro spr\u00e1vnou instalaci postupujte podle t\u011bchto krok\u016f:<\/p>\n<ol>\n<li>P\u0159ipravte si m\u00edsto instalace a ujist\u011bte se, \u017ee je \u010dist\u00e9 a bez ne\u010distot.<\/li>\n<li>Um\u00edst\u011bte v\u00e1lec ramene na ur\u010den\u00e9 m\u00edsto a zajist\u011bte jej pomoc\u00ed vhodn\u00e9ho mont\u00e1\u017en\u00edho materi\u00e1lu.<\/li>\n<li>P\u0159ipojte hydraulick\u00e9 hadice k otvor\u016fm v\u00e1lce a zajist\u011bte spr\u00e1vn\u00e9 vyrovn\u00e1n\u00ed a t\u011bsn\u00e9 spojen\u00ed.<\/li>\n<li>Zkontrolujte p\u0159\u00edpadn\u00e9 hydraulick\u00e9 net\u011bsnosti a v p\u0159\u00edpad\u011b pot\u0159eby je odstra\u0148te.<\/li>\n<li>Otestujte funk\u010dnost v\u00e1lce ramene a zajist\u011bte jeho plynul\u00fd a p\u0159esn\u00fd chod.<\/li>\n<\/ol>\n<p><img decoding=\"async\" src=\"https:\/\/www.hydraulic-cylinders.net\/wp-content\/uploads\/2025\/01\/songte-bushings-with-all-kinds-of-excavator-models.webp\"><\/p>\n<h2>Bezpe\u010dnostn\u00ed aspekty a faktory prost\u0159ed\u00ed<\/h2>\n<p>P\u0159i pr\u00e1ci s v\u00e1lcem ramene je d\u016fle\u017eit\u00e9 up\u0159ednostnit bezpe\u010dnostn\u00ed opat\u0159en\u00ed. Dodr\u017eujte p\u0159\u00edslu\u0161n\u00e9 bezpe\u010dnostn\u00ed protokoly a pokyny, abyste p\u0159ede\u0161li nehod\u00e1m a zajistili pohodu person\u00e1lu. D\u00e1le zva\u017ete faktory prost\u0159ed\u00ed a dodr\u017eujte p\u0159edpisy pro spr\u00e1vnou likvidaci odpadu a ochranu \u017eivotn\u00edho prost\u0159ed\u00ed.<\/p>\n<h2>Odstra\u0148ov\u00e1n\u00ed probl\u00e9m\u016f a b\u011b\u017en\u00e9 probl\u00e9my<\/h2>\n<p>Zde jsou n\u011bkter\u00e9 b\u011b\u017en\u00e9 probl\u00e9my a tipy pro \u0159e\u0161en\u00ed probl\u00e9m\u016f s v\u00e1lcem ramene:<\/p>\n<ul>\n<li>Pokud se v\u00e1lec nevysouv\u00e1 ani nezasouv\u00e1, zkontrolujte hladinu hydraulick\u00e9 kapaliny a zajist\u011bte spr\u00e1vn\u00fd hydraulick\u00fd tlak.<\/li>\n<li>Pokud je sly\u0161et nadm\u011brn\u00fd hluk nebo vibrace, zkontrolujte v\u00e1lec, zda nejsou uvoln\u011bn\u00e9 spoje nebo po\u0161kozen\u00e9 sou\u010d\u00e1sti.<\/li>\n<li>Pokud v\u00e1lec nadm\u011brn\u011b net\u011bsn\u00ed, zkontrolujte t\u011bsnic\u00ed komponenty a vym\u011b\u0148te v\u0161echna opot\u0159ebovan\u00e1 nebo po\u0161kozen\u00e1 t\u011bsn\u011bn\u00ed.<\/li>\n<li>Pokud doch\u00e1z\u00ed k nerovnom\u011brn\u00e9mu nebo trhav\u00e9mu pohybu, zkontrolujte hydraulick\u00fd syst\u00e9m, zda nen\u00ed ucpan\u00fd nebo omezen\u00fd.<\/li>\n<\/ul>\n<p><img decoding=\"async\" src=\"https:\/\/www.hydraulic-cylinders.net\/wp-content\/uploads\/2025\/01\/songte-chushion-collar.webp\"><\/p>\n<h2>O n\u00e1s<\/h2>\n<p>\u6211\u4eec\u662f\u4e00\u5bb6\u4e13\u4e1a\u7684\u66ff\u4ee3\u6db2\u538b\u7f38\u5236\u9020\u5546\uff0c\u4ea7\u54c1\u79cd\u7c7b\u4e30\u5bcc\uff0c\u5df2\u6210\u4e3a\u56fd\u5185\u5916\u5e02\u573a\u9886\u5148\u7684\u6db2\u538b\u7f38\u5236\u9020\u548c\u6279\u53d1\u7ecf\u9500\u5546\u4e4b\u4e00\u3002\u6211\u4eec\u59cb\u7ec8\u79c9\u6301\u5353\u8d8a\u54c1\u8d28\u7684\u539f\u5219\uff0c\u4f9d\u6258\u7cbe\u7ec6\u5316\u5236\u9020\u8f66\u95f4\u7684\u4ea7\u4e1a\u5316\u751f\u4ea7\u7ba1\u7406\u7b56\u7565\uff0c\u4e0d\u65ad\u63d0\u5347\u6280\u672f\u6c34\u5e73\u548c\u751f\u4ea7\u6548\u7387\u3002\u901a\u8fc7\u5f15\u8fdb\u9ad8\u7aef\u6570\u5b57\u5316\u5236\u9020\u8bbe\u5907\u548c\u4e13\u4e1a\u68c0\u6d4b\u7cfb\u7edf\uff0c\u6211\u4eec\u4e0d\u65ad\u4f18\u5316\u5236\u9020\u5e73\u53f0\uff0c\u5b8c\u5584\u4ea7\u54c1\u8d28\u91cf\u63a7\u5236\u6d41\u7a0b\uff0c\u5177\u5907\u5f3a\u5927\u7684\u521b\u65b0\u80fd\u529b\u3002\u6211\u4eec\u7684\u76ee\u6807\u662f\u4ee5\u9ad8\u6548\u3001\u7cbe\u51c6\u548c\u9ad8\u54c1\u8d28\u7684\u539f\u5219\uff0c\u6ee1\u8db3\u5ba2\u6237\u7684\u591a\u6837\u5316\u9700\u6c42\u3002<\/p>\n<p><img decoding=\"async\" src=\"https:\/\/www.hydraulic-cylinders.net\/wp-content\/uploads\/2025\/01\/songte-company-4.webp\"><br \/>\n<img decoding=\"async\" src=\"https:\/\/www.hydraulic-cylinders.net\/wp-content\/uploads\/2025\/01\/songte-company-3.webp\"><\/p>\n<p>\u6211\u4eec\u4f5c\u4e3a\u4e00\u5bb6\u4e13\u4e1a\u7684\u6db2\u538b<\/p>","protected":false},"excerpt":{"rendered":"<p>Arm Cylinder For Komatsu Wheel Excavator PW100S-3-5 Introduction The Arm Cylinder for Komatsu Wheel Excavator PW100S-3-5 is a specialized hydraulic cylinder designed to provide linear motion and power to the arm of various types of machinery, such as excavators, cranes, and robotic arms. The arm cylinder plays a crucial role in hydraulic systems, enabling efficient [&hellip;]<\/p>","protected":false},"featured_media":14786,"comment_status":"open","ping_status":"closed","template":"","meta":{"_et_pb_use_builder":"","_et_pb_old_content":"","_et_gb_content_width":""},"product_brand":[],"product_cat":[1497],"product_tag":[1498,1496],"class_list":{"0":"post-16083","1":"product","2":"type-product","3":"status-publish","4":"has-post-thumbnail","6":"product_cat-arm-cylinders","7":"product_tag-arm-cylinders","8":"product_tag-hydraulic-cylinders","10":"first","11":"instock","12":"shipping-taxable","13":"product-type-simple"},"amp_enabled":true,"_links":{"self":[{"href":"https:\/\/www.hydraulic-cylinders.net\/cs\/wp-json\/wp\/v2\/product\/16083","targetHints":{"allow":["GET"]}}],"collection":[{"href":"https:\/\/www.hydraulic-cylinders.net\/cs\/wp-json\/wp\/v2\/product"}],"about":[{"href":"https:\/\/www.hydraulic-cylinders.net\/cs\/wp-json\/wp\/v2\/types\/product"}],"replies":[{"embeddable":true,"href":"https:\/\/www.hydraulic-cylinders.net\/cs\/wp-json\/wp\/v2\/comments?post=16083"}],"wp:featuredmedia":[{"embeddable":true,"href":"https:\/\/www.hydraulic-cylinders.net\/cs\/wp-json\/wp\/v2\/media\/14786"}],"wp:attachment":[{"href":"https:\/\/www.hydraulic-cylinders.net\/cs\/wp-json\/wp\/v2\/media?parent=16083"}],"wp:term":[{"taxonomy":"product_brand","embeddable":true,"href":"https:\/\/www.hydraulic-cylinders.net\/cs\/wp-json\/wp\/v2\/product_brand?post=16083"},{"taxonomy":"product_cat","embeddable":true,"href":"https:\/\/www.hydraulic-cylinders.net\/cs\/wp-json\/wp\/v2\/product_cat?post=16083"},{"taxonomy":"product_tag","embeddable":true,"href":"https:\/\/www.hydraulic-cylinders.net\/cs\/wp-json\/wp\/v2\/product_tag?post=16083"}],"curies":[{"name":"wp","href":"https:\/\/api.w.org\/{rel}","templated":true}]}}