{"id":16085,"date":"2025-01-20T08:27:33","date_gmt":"2025-01-20T08:27:33","guid":{"rendered":"https:\/\/www.hydraulic-cylinders.net\/product\/arm-cylinderfor-komatsu-wheel-excavator-pw130es-6\/"},"modified":"2025-01-20T08:27:35","modified_gmt":"2025-01-20T08:27:35","slug":"arm-cylinderfor-komatsu-wheel-excavator-pw130es-6","status":"publish","type":"product","link":"https:\/\/www.hydraulic-cylinders.net\/cs\/produkt\/arm-cylinderfor-komatsu-wheel-excavator-pw130es-6\/","title":{"rendered":"V\u00e1lec ramene pro kolov\u00e9 rypadlo Komatsu PW130ES-6"},"content":{"rendered":"<p>V\u00e1lec ramene pro kolov\u00e9 rypadlo Komatsu PW130ES-6<\/p>\n<p>V\u00e1lec ramene je speci\u00e1ln\u011b navr\u017een\u00fd hydraulick\u00fd v\u00e1lec, kter\u00fd se pou\u017e\u00edv\u00e1 p\u0159edev\u0161\u00edm k zaji\u0161t\u011bn\u00ed line\u00e1rn\u00edho pohybu a v\u00fdkonu ramen r\u016fzn\u00fdch stroj\u016f, jako jsou bagry, je\u0159\u00e1by a robotick\u00e1 ramena. V\u00e1lec ramene hraje kl\u00ed\u010dovou roli v hydraulick\u00fdch syst\u00e9mech, proto\u017ee umo\u017e\u0148uje efektivn\u00ed pohyb a ovl\u00e1d\u00e1n\u00ed p\u0159\u00edslu\u0161enstv\u00ed. Tyto v\u00e1lce nejen\u017ee zaji\u0161\u0165uj\u00ed plynul\u00fd pohyb, ale tak\u00e9 odol\u00e1vaj\u00ed t\u011b\u017ek\u00fdm z\u00e1t\u011b\u017e\u00edm, \u010d\u00edm\u017e zaji\u0161\u0165uj\u00ed efektivn\u00ed provoz a spolehlivost stroj\u016f za r\u016fzn\u00fdch pracovn\u00edch podm\u00ednek.<\/p>\n<p><img decoding=\"async\" src=\"https:\/\/www.hydraulic-cylinders.net\/wp-content\/uploads\/2025\/01\/songte-company-2.webp\"><\/p>\n<p>Vlastnosti:<br \/>\n1. Vysok\u00e1 \u00fa\u010dinnost p\u0159enosu s\u00edly \u2013 V\u00e1lec ramene poskytuje siln\u00fd line\u00e1rn\u00ed pohyb a s\u00edlu, co\u017e zaji\u0161\u0165uje vysokou \u00fa\u010dinnost robotick\u00fdch ramen v r\u016fzn\u00fdch operac\u00edch.<br \/>\n2. P\u0159esn\u00e9 ovl\u00e1d\u00e1n\u00ed \u2013 D\u00edky hydraulick\u00fdm syst\u00e9m\u016fm m\u016f\u017ee v\u00e1lec ramene dos\u00e1hnout p\u0159esn\u00e9ho ovl\u00e1d\u00e1n\u00ed pohybu, co\u017e zvy\u0161uje flexibilitu a p\u0159esnost ovl\u00e1d\u00e1n\u00ed p\u0159\u00edslu\u0161enstv\u00ed.<br \/>\n3. Vysok\u00e1 odolnost \u2013 V\u00e1lce ramen jsou obvykle vyrobeny z vysoce pevn\u00fdch materi\u00e1l\u016f s dobrou odolnost\u00ed proti opot\u0159eben\u00ed a korozi, vhodn\u00fdch pro dlouhodob\u00e9 pou\u017e\u00edv\u00e1n\u00ed v n\u00e1ro\u010dn\u00fdch podm\u00ednk\u00e1ch.<br \/>\n4. V\u0161estrann\u00e1 p\u0159izp\u016fsobivost \u2013 Tyto v\u00e1lce lze \u0161iroce pou\u017e\u00edvat v r\u016fzn\u00fdch strojn\u00edch za\u0159\u00edzen\u00edch, jako jsou bagry, je\u0159\u00e1by a robotick\u00e1 ramena, a p\u0159izp\u016fsobit se tak r\u016fzn\u00fdm pracovn\u00edm po\u017eadavk\u016fm.<br \/>\n5. Snadn\u00e1 \u00fadr\u017eba \u2013 Konstrukce zohled\u0148uje snadnou \u00fadr\u017ebu a v\u00fdm\u011bnu, co\u017e usnad\u0148uje pravideln\u00e9 kontroly a \u00fadr\u017ebu a t\u00edm zkracuje prostoje za\u0159\u00edzen\u00ed.<\/p>\n<p><img decoding=\"async\" src=\"https:\/\/www.hydraulic-cylinders.net\/wp-content\/uploads\/2025\/01\/songte-oil-pipes-and-spare-parts.webp\"><\/p>\n<p>Aplikace:<br \/>\n\u2013 Stavebn\u00ed in\u017een\u00fdrstv\u00ed: U bagr\u016f a je\u0159\u00e1b\u016f se v\u00e1lce ramen pou\u017e\u00edvaj\u00ed k ovl\u00e1d\u00e1n\u00ed pohybu r\u00fdpadla nebo v\u00fdlo\u017en\u00edku pro zemn\u00ed pr\u00e1ce, manipulaci s materi\u00e1lem a mont\u00e1\u017e konstrukc\u00ed.<br \/>\n\u2013 Zpracovatelsk\u00fd pr\u016fmysl: V automatizovan\u00fdch v\u00fdrobn\u00edch link\u00e1ch se v\u00e1lce ramen pou\u017e\u00edvaj\u00ed k pohybu robotick\u00fdch ramen, k prov\u00e1d\u011bn\u00ed mont\u00e1\u017en\u00edch, sva\u0159ovac\u00edch a manipula\u010dn\u00edch proces\u016f, \u010d\u00edm\u017e se zvy\u0161uje efektivita a p\u0159esnost v\u00fdroby.<br \/>\n\u2013 Zem\u011bd\u011blsk\u00e9 stroje: U zem\u011bd\u011blsk\u00fdch stroj\u016f, jako jsou skl\u00edzec\u00ed a s\u00e1zec\u00ed stroje, ovl\u00e1daj\u00ed v\u00e1lce ramen pohyb ovl\u00e1dac\u00edho ramene a prov\u00e1d\u011bj\u00ed \u00fakoly, jako je set\u00ed, hnojen\u00ed a sklize\u0148.<br \/>\n\u2013 T\u011b\u017eba: V t\u011b\u017eebn\u00edch za\u0159\u00edzen\u00edch se v\u00e1lce ramen pou\u017e\u00edvaj\u00ed k ovl\u00e1d\u00e1n\u00ed pohybu ramen t\u011b\u017eebn\u00edho za\u0159\u00edzen\u00ed pro t\u011b\u017ebu a p\u0159epravu rudy.<br \/>\n\u2013 Logistika a doprava: U vysokozdvi\u017en\u00fdch voz\u00edk\u016f a manipula\u010dn\u00edch robot\u016f se v\u00e1lce ramen pou\u017e\u00edvaj\u00ed k ovl\u00e1d\u00e1n\u00ed zved\u00e1n\u00ed a pohybu vidlic, \u010d\u00edm\u017e se dosahuje manipulace s materi\u00e1lem a jeho stohov\u00e1n\u00ed.<\/p>\n<p>Konstruk\u010dn\u00ed aspekty a krit\u00e9ria v\u00fdb\u011bru:<br \/>\n\u2013 Nosnost: V\u00e1lec ramene mus\u00ed m\u00edt dostate\u010dnou nosnost, aby odolal hmotnosti p\u0159\u00edslu\u0161enstv\u00ed a sil\u00e1m zp\u016fsoben\u00fdm pohybem.<br \/>\n\u2013 T\u011bsnic\u00ed v\u00fdkon: K zabr\u00e1n\u011bn\u00ed \u00faniku a zaji\u0161t\u011bn\u00ed dobr\u00e9ho t\u011bsnic\u00edho v\u00fdkonu se pou\u017e\u00edvaj\u00ed r\u016fzn\u00e1 t\u011bsn\u011bn\u00ed, jako jsou p\u00edstn\u00ed a p\u00edstn\u00ed t\u011bsn\u011bn\u00ed.<br \/>\n\u2013 Trvanlivost: Pro zlep\u0161en\u00ed odolnosti proti opot\u0159eben\u00ed a korozi se pou\u017e\u00edvaj\u00ed vysoce pevn\u00e9 materi\u00e1ly a povrchov\u00e1 \u00faprava, co\u017e zaji\u0161\u0165uje dlouhodob\u00e9 pou\u017e\u00edv\u00e1n\u00ed v n\u00e1ro\u010dn\u00fdch podm\u00ednk\u00e1ch.<br \/>\n\u2013 Bezpe\u010dnost: Bezpe\u010dnostn\u00ed za\u0159\u00edzen\u00ed, jako jsou pojistn\u00e9 ventily, jsou instalov\u00e1na, aby se zabr\u00e1nilo p\u0159et\u00ed\u017een\u00ed syst\u00e9mu a byla zaji\u0161t\u011bna bezpe\u010dnost u\u017eivatel\u016f.<br \/>\n\u2013 \u00dadr\u017eba: Konstrukce zohled\u0148uje snadnou \u00fadr\u017ebu a v\u00fdm\u011bnu sou\u010d\u00e1st\u00ed, \u010d\u00edm\u017e se sni\u017euj\u00ed prostoje a n\u00e1klady na \u00fadr\u017ebu.<\/p>\n<p><img decoding=\"async\" src=\"https:\/\/www.hydraulic-cylinders.net\/wp-content\/uploads\/2025\/01\/songte-cylinder-head-with-all-kinds-excavator-models.webp\"><\/p>\n<p>T\u011bsn\u011bn\u00ed a maz\u00e1n\u00ed:<br \/>\nVe v\u00e1lci ramene se pou\u017e\u00edvaj\u00ed r\u016fzn\u00e9 t\u011bsnic\u00ed prvky, jako jsou t\u011bsn\u011bn\u00ed p\u00edstu a p\u00edstnice, aby se zabr\u00e1nilo \u00faniku a zajistil dobr\u00fd t\u011bsnic\u00ed v\u00fdkon. T\u011bsn\u011bn\u00ed jsou vyrobena z materi\u00e1l\u016f odoln\u00fdch proti opot\u0159eben\u00ed, jako je polyuretan a nitrilov\u00e1 pry\u017e. T\u011bleso v\u00e1lce a z\u00e1vitov\u00e9 koncov\u00e9 plochy jsou jemn\u011b opracov\u00e1ny pro zlep\u0161en\u00ed odolnosti proti opot\u0159eben\u00ed. Pro maz\u00e1n\u00ed je nutn\u00e9 pravideln\u011b p\u0159id\u00e1vat odpov\u00eddaj\u00edc\u00ed mno\u017estv\u00ed hydraulick\u00e9ho oleje.<\/p>\n<p>\u00dadr\u017eba a prevence:<br \/>\nPravideln\u00e1 kontrola a \u00fadr\u017eba jsou nutn\u00e9 k v\u010dasn\u00e9mu odhalen\u00ed probl\u00e9m\u016f a zkr\u00e1cen\u00ed prostoj\u016f. Lze p\u0159ijmout n\u00e1sleduj\u00edc\u00ed opat\u0159en\u00ed:<br \/>\n\u2013 Pravideln\u011b kontrolujte hladinu hydraulick\u00e9ho oleje a v p\u0159\u00edpad\u011b pot\u0159eby olej dopl\u0148te.<br \/>\n\u2013 Zkontrolujte \u00faniky oleje a v\u010das vym\u011b\u0148te opot\u0159ebovan\u00e1 t\u011bsn\u011bn\u00ed.<br \/>\n\u2013 Pravideln\u011b kontrolujte povrch t\u011blesa v\u00e1lce a p\u00edstnice, zda nejsou po\u0161kr\u00e1ban\u00e9 a zreziv\u011bl\u00e9, a v\u010das je \u010dist\u011bte a proma\u017ete.<br \/>\n\u2013 Zajist\u011bte, aby syst\u00e9m nebyl p\u0159et\u00ed\u017een, a v\u010das vym\u011b\u0148te opot\u0159ebovan\u00e9 sou\u010d\u00e1sti.<\/p>\n<p><img decoding=\"async\" src=\"https:\/\/www.hydraulic-cylinders.net\/wp-content\/uploads\/2025\/01\/songte-chushion-collar.webp\"><\/p>\n<p>Instala\u010dn\u00ed n\u00e1vod:<br \/>\nInstalace v\u00e1lce ramene by m\u011bla prob\u00edhat podle n\u00e1sleduj\u00edc\u00edch krok\u016f:<br \/>\n1. Vy\u010dist\u011bte mont\u00e1\u017en\u00ed plochu v\u00e1lce a spojovac\u00ed plochu stroje.<br \/>\n2. P\u0159ipojte v\u00e1lec ke stroji a ut\u00e1hn\u011bte \u0161rouby p\u0159edepsan\u00fdm utahovac\u00edm momentem.<br \/>\n3. P\u0159ipojte hydraulick\u00e9 potrub\u00ed a ut\u00e1hn\u011bte armatury p\u0159edepsan\u00fdm utahovac\u00edm momentem.<br \/>\n4. Zkontrolujte instalaci, zda nedoch\u00e1z\u00ed k \u00fanik\u016fm, a opravte p\u0159\u00edpadn\u00e9 probl\u00e9my.<\/p>\n<p>Bezpe\u010dnostn\u00ed aspekty a faktory prost\u0159ed\u00ed:<br \/>\nV\u00e1lec ramene hraje kl\u00ed\u010dovou roli v provozu stroj\u016f a bezpe\u010dnost je nanejv\u00fd\u0161 d\u016fle\u017eit\u00e1. M\u011bla by b\u00fdt p\u0159ijata n\u00e1sleduj\u00edc\u00ed bezpe\u010dnostn\u00ed opat\u0159en\u00ed:<br \/>\n\u2013 Ujist\u011bte se, \u017ee syst\u00e9m nen\u00ed p\u0159et\u00ed\u017een\u00fd a \u017ee jsou nainstalov\u00e1na a spr\u00e1vn\u011b funguj\u00ed bezpe\u010dnostn\u00ed za\u0159\u00edzen\u00ed.<br \/>\n\u2013 Person\u00e1l by m\u011bl b\u00fdt pro\u0161kolen ve spr\u00e1vn\u00e9m ovl\u00e1d\u00e1n\u00ed stroje a v\u00e1lce ramene.<br \/>\n\u2013 Pro zaji\u0161t\u011bn\u00ed norm\u00e1ln\u00edho provozu v\u00e1lce je t\u0159eba zohlednit faktory prost\u0159ed\u00ed, jako je teplota, vlhkost a prach.<\/p>\n<p>Diagnostika z\u00e1vad a b\u011b\u017en\u00e9 probl\u00e9my:<br \/>\nMezi b\u011b\u017en\u00e9 probl\u00e9my s v\u00e1lci ramen pat\u0159\u00ed net\u011bsnost, abnorm\u00e1ln\u00ed hluk a pomal\u00fd pohyb. P\u0159\u00ed\u010diny mohou b\u00fdt zp\u016fsobeny po\u0161kozen\u00edm t\u011bsn\u011bn\u00ed, opot\u0159eben\u00edm sou\u010d\u00e1st\u00ed nebo kontaminac\u00ed hydraulick\u00e9ho oleje. K \u0159e\u0161en\u00ed t\u011bchto probl\u00e9m\u016f lze pou\u017e\u00edt n\u00e1sleduj\u00edc\u00ed metody:<br \/>\n\u2013 Vym\u011b\u0148te opot\u0159ebovan\u00e1 t\u011bsn\u011bn\u00ed nebo sou\u010d\u00e1sti.<br \/>\n\u2013 Vy\u010dist\u011bte hydraulick\u00fd olej a vym\u011b\u0148te jej za nov\u00fd olej.<br \/>\n\u2013 Zkontrolujte hydraulick\u00fd syst\u00e9m, zda nen\u00ed ucpan\u00fd, a vy\u010dist\u011bte jej.<\/p>\n<p><img decoding=\"async\" src=\"https:\/\/www.hydraulic-cylinders.net\/wp-content\/uploads\/2025\/01\/songte-bushings-with-all-kinds-of-excavator-models.webp\"><\/p>\n<p>Jsme profesion\u00e1ln\u00ed v\u00fdrobce n\u00e1hradn\u00edch hydraulick\u00fdch v\u00e1lc\u016f se \u0161irokou \u0161k\u00e1lou produkt\u016f a stali jsme se jedn\u00edm z p\u0159edn\u00edch v\u00fdrobc\u016f a velkoobchodn\u00edch distributor\u016f hydraulick\u00fdch v\u00e1lc\u016f na dom\u00e1c\u00edm i mezin\u00e1rodn\u00edm trhu. V\u017edy se dr\u017e\u00edme principu excelence v kvalit\u011b a spol\u00e9h\u00e1me se na strategii industrializovan\u00e9ho \u0159\u00edzen\u00ed v\u00fdroby v r\u00e1mci jemn\u00e9 v\u00fdrobn\u00ed d\u00edlny, abychom neust\u00e1le zlep\u0161ovali na\u0161i technickou \u00farove\u0148 a efektivitu v\u00fdroby. Zav\u00e1d\u011bn\u00edm pokro\u010dil\u00e9ho digit\u00e1ln\u00edho v\u00fdrobn\u00edho za\u0159\u00edzen\u00ed a profesion\u00e1ln\u00edch testovac\u00edch syst\u00e9m\u016f neust\u00e1le optimalizujeme v\u00fdrobn\u00ed platformu, zlep\u0161ujeme proces kontroly kvality v\u00fdrobk\u016f a m\u00e1me siln\u00e9 inova\u010dn\u00ed schopnosti. Na\u0161\u00edm c\u00edlem je uspokojovat rozmanit\u00e9 pot\u0159eby z\u00e1kazn\u00edk\u016f s vysokou efektivitou, p\u0159esnost\u00ed a principy vysok\u00e9 kvality.<\/p>\n<p>Poskytujeme profesion\u00e1ln\u00ed a na m\u00edru \u0161it\u00e9 slu\u017eby, z\u00edskali jsme mezin\u00e1rodn\u00ed certifikace, disponujeme modern\u00edm v\u00fdrobn\u00edm za\u0159\u00edzen\u00edm a perfektn\u00edm poprodejn\u00edm servisem.<\/p>\n<p><img decoding=\"async\" src=\"https:\/\/www.hydraulic-cylinders.net\/wp-content\/uploads\/2025\/01\/songte-company-4.webp\"><br \/>\n<img decoding=\"async\" src=\"https:\/\/www.hydraulic-cylinders.net\/wp-content\/uploads\/2025\/01\/songte-company-3.webp\"><\/p>\n<p>Autor: lyl<\/p>","protected":false},"excerpt":{"rendered":"<p>Arm Cylinder for Komatsu Wheel Excavator PW130ES-6 The arm cylinder is a specially designed hydraulic cylinder that is used primarily to provide linear motion and power to arms of various machinery, such as excavators, cranes, and robotic arms. The arm cylinder plays a crucial role in hydraulic systems, enabling attachments or accessories to move and [&hellip;]<\/p>","protected":false},"featured_media":14779,"comment_status":"open","ping_status":"closed","template":"","meta":{"_et_pb_use_builder":"","_et_pb_old_content":"","_et_gb_content_width":""},"product_brand":[],"product_cat":[1497],"product_tag":[1498,1496],"class_list":{"0":"post-16085","1":"product","2":"type-product","3":"status-publish","4":"has-post-thumbnail","6":"product_cat-arm-cylinders","7":"product_tag-arm-cylinders","8":"product_tag-hydraulic-cylinders","10":"first","11":"instock","12":"shipping-taxable","13":"product-type-simple"},"amp_enabled":true,"_links":{"self":[{"href":"https:\/\/www.hydraulic-cylinders.net\/cs\/wp-json\/wp\/v2\/product\/16085","targetHints":{"allow":["GET"]}}],"collection":[{"href":"https:\/\/www.hydraulic-cylinders.net\/cs\/wp-json\/wp\/v2\/product"}],"about":[{"href":"https:\/\/www.hydraulic-cylinders.net\/cs\/wp-json\/wp\/v2\/types\/product"}],"replies":[{"embeddable":true,"href":"https:\/\/www.hydraulic-cylinders.net\/cs\/wp-json\/wp\/v2\/comments?post=16085"}],"wp:featuredmedia":[{"embeddable":true,"href":"https:\/\/www.hydraulic-cylinders.net\/cs\/wp-json\/wp\/v2\/media\/14779"}],"wp:attachment":[{"href":"https:\/\/www.hydraulic-cylinders.net\/cs\/wp-json\/wp\/v2\/media?parent=16085"}],"wp:term":[{"taxonomy":"product_brand","embeddable":true,"href":"https:\/\/www.hydraulic-cylinders.net\/cs\/wp-json\/wp\/v2\/product_brand?post=16085"},{"taxonomy":"product_cat","embeddable":true,"href":"https:\/\/www.hydraulic-cylinders.net\/cs\/wp-json\/wp\/v2\/product_cat?post=16085"},{"taxonomy":"product_tag","embeddable":true,"href":"https:\/\/www.hydraulic-cylinders.net\/cs\/wp-json\/wp\/v2\/product_tag?post=16085"}],"curies":[{"name":"wp","href":"https:\/\/api.w.org\/{rel}","templated":true}]}}