{"id":16096,"date":"2025-01-20T08:28:27","date_gmt":"2025-01-20T08:28:27","guid":{"rendered":"https:\/\/www.hydraulic-cylinders.net\/product\/arm-cylinderfor-sumitomo-small-excavator-sh60a3\/"},"modified":"2025-01-20T08:28:29","modified_gmt":"2025-01-20T08:28:29","slug":"arm-cylinderfor-sumitomo-small-excavator-sh60a3","status":"publish","type":"product","link":"https:\/\/www.hydraulic-cylinders.net\/cs\/produkt\/arm-cylinderfor-sumitomo-small-excavator-sh60a3\/","title":{"rendered":"V\u00e1lec ramene pro mal\u00e9 rypadlo Sumitomo SH60A3"},"content":{"rendered":"<h2>V\u00e1lec ramene pro mal\u00e9 rypadlo Sumitomo SH60A3<\/h2>\n<p><img decoding=\"async\" src=\"https:\/\/www.hydraulic-cylinders.net\/wp-content\/uploads\/2025\/01\/songte-company-2.webp\"><\/p>\n<h3>Definice a vysv\u011btlen\u00ed<\/h3>\n<p>V\u00e1lec ramene je speci\u00e1ln\u011b navr\u017een\u00fd hydraulick\u00fd v\u00e1lec pou\u017e\u00edvan\u00fd k zaji\u0161t\u011bn\u00ed line\u00e1rn\u00edho pohybu a v\u00fdkonu ramene r\u016fzn\u00fdch typ\u016f stroj\u016f, jako jsou bagry, je\u0159\u00e1by a robotick\u00e1 ramena. V\u00e1lec ramene hraje kl\u00ed\u010dovou roli v hydraulick\u00fdch syst\u00e9mech, proto\u017ee umo\u017e\u0148uje efektivn\u00ed pohyb a ovl\u00e1d\u00e1n\u00ed dal\u0161\u00edch n\u00e1stroj\u016f nebo p\u0159\u00edslu\u0161enstv\u00ed. Tyto v\u00e1lce nejen umo\u017e\u0148uj\u00ed plynul\u00fd pohyb, ale tak\u00e9 odol\u00e1vaj\u00ed t\u011b\u017ek\u00fdm z\u00e1t\u011b\u017e\u00edm, \u010d\u00edm\u017e zaji\u0161\u0165uj\u00ed efektivn\u00ed provoz a spolehlivost stroj\u016f za r\u016fzn\u00fdch pracovn\u00edch podm\u00ednek.<\/p>\n<h2>Vlastnosti v\u00e1lce ramene<\/h2>\n<p>1. Vysoce \u00fa\u010dinn\u00fd p\u0159evod: V\u00e1lec ramene zaji\u0161\u0165uje siln\u00fd line\u00e1rn\u00ed pohyb a s\u00edlu, co\u017e zaji\u0161\u0165uje vysok\u00fd v\u00fdkon mechanick\u00e9ho ramene v r\u016fzn\u00fdch operac\u00edch.<\/p>\n<p>2. P\u0159esn\u00e9 ovl\u00e1d\u00e1n\u00ed: D\u00edky hydraulick\u00e9mu syst\u00e9mu umo\u017e\u0148uje v\u00e1lec ramene p\u0159esn\u00e9 ovl\u00e1d\u00e1n\u00ed pohybu, \u010d\u00edm\u017e je ovl\u00e1d\u00e1n\u00ed p\u0159ipojen\u00e9ho n\u00e1\u0159ad\u00ed flexibiln\u011bj\u0161\u00ed a p\u0159esn\u011bj\u0161\u00ed.<\/p>\n<p>3. Vysok\u00e1 odolnost: V\u00e1lce ramen se obvykle vyr\u00e1b\u011bj\u00ed z vysoce pevn\u00fdch materi\u00e1l\u016f, kter\u00e9 poskytuj\u00ed vynikaj\u00edc\u00ed odolnost proti opot\u0159eben\u00ed a korozi, a jsou vhodn\u00e9 pro dlouhodob\u00e9 pou\u017e\u00edv\u00e1n\u00ed v n\u00e1ro\u010dn\u00fdch podm\u00ednk\u00e1ch.<\/p>\n<p>4. V\u0161estrannost: Tyto v\u00e1lce lze \u0161iroce pou\u017e\u00edt v r\u016fzn\u00fdch typech stroj\u016f, jako jsou bagry, je\u0159\u00e1by a robotick\u00e1 ramena, a p\u0159izp\u016fsobit se tak r\u016fzn\u00fdm pracovn\u00edm po\u017eadavk\u016fm.<\/p>\n<p>5. Snadn\u00e1 \u00fadr\u017eba: Konstrukce zohled\u0148uje snadnou \u00fadr\u017ebu a v\u00fdm\u011bnu, co\u017e usnad\u0148uje pravideln\u00e9 kontroly a servis a zkracuje prostoje za\u0159\u00edzen\u00ed.<\/p>\n<p><img decoding=\"async\" src=\"https:\/\/www.hydraulic-cylinders.net\/wp-content\/uploads\/2025\/01\/songte-oil-pipes-and-spare-parts.webp\"><\/p>\n<h3>Aplikace ramenov\u00e9ho v\u00e1lce<\/h3>\n<p>1. Stavebn\u00ed in\u017een\u00fdrstv\u00ed: U bagr\u016f a je\u0159\u00e1b\u016f ovl\u00e1d\u00e1 v\u00e1lec ramene pohyb l\u017e\u00edce nebo v\u00fdlo\u017en\u00edku pro zemn\u00ed pr\u00e1ce, manipulaci s materi\u00e1lem a mont\u00e1\u017e konstrukc\u00ed.<\/p>\n<p>2. Zpracovatelsk\u00fd pr\u016fmysl: V automatizovan\u00fdch v\u00fdrobn\u00edch link\u00e1ch se v\u00e1lec ramene pou\u017e\u00edv\u00e1 k pohybu robotick\u00fdch ramen, co\u017e umo\u017e\u0148uje procesy, jako je mont\u00e1\u017e, sva\u0159ov\u00e1n\u00ed a manipulace, a t\u00edm zlep\u0161uje efektivitu a p\u0159esnost v\u00fdroby.<\/p>\n<p>3. Zem\u011bd\u011blsk\u00e9 stroje: U zem\u011bd\u011blsk\u00fdch stroj\u016f, jako jsou skl\u00edzec\u00ed a sec\u00ed stroje, v\u00e1lec ramene ovl\u00e1d\u00e1 pohyb ovl\u00e1dac\u00edch ramen a prov\u00e1d\u00ed \u00fakoly, jako je set\u00ed, hnojen\u00ed a sklize\u0148.<\/p>\n<p>4. T\u011b\u017eba: V t\u011b\u017eebn\u00edch za\u0159\u00edzen\u00edch se v\u00e1lec ramene pou\u017e\u00edv\u00e1 k ovl\u00e1d\u00e1n\u00ed pohybu ramene t\u011b\u017eebn\u00edch stroj\u016f, co\u017e usnad\u0148uje t\u011b\u017ebu a p\u0159epravu rudy.<\/p>\n<p>5. Logistika a doprava: U vysokozdvi\u017en\u00fdch voz\u00edk\u016f a manipula\u010dn\u00edch robot\u016f ovl\u00e1d\u00e1 v\u00e1lec ramene zved\u00e1n\u00ed a pohyb vidlic, co\u017e umo\u017e\u0148uje manipulaci s materi\u00e1lem a jeho stohov\u00e1n\u00ed.<\/p>\n<h2>Konstruk\u010dn\u00ed aspekty a krit\u00e9ria v\u00fdb\u011bru<\/h2>\n<p><img decoding=\"async\" src=\"https:\/\/www.hydraulic-cylinders.net\/wp-content\/uploads\/2025\/01\/songte-cylinder-head-with-all-kinds-excavator-models.webp\"><\/p>\n<h3>1. Nosnost:<\/h3>\n<p>V\u00e1lce ramen jsou navr\u017eeny tak, aby odolaly specifikovan\u00fdm po\u017eadavk\u016fm na zat\u00ed\u017een\u00ed a zajistily tak bezpe\u010dn\u00fd a efektivn\u00ed provoz.<\/p>\n<h3>2. T\u011bsn\u011bn\u00ed:<\/h3>\n<p>Pro zaji\u0161t\u011bn\u00ed \u00fa\u010dinn\u00e9ho ut\u011bsn\u011bn\u00ed se pou\u017e\u00edvaj\u00ed r\u016fzn\u00e9 t\u011bsnic\u00ed prvky, jako jsou t\u011bsn\u011bn\u00ed p\u00edst\u016f a p\u00edstnic, vyroben\u00e9 z odoln\u00fdch materi\u00e1l\u016f, jako je polyuretan a nitrilov\u00e1 pry\u017e. T\u011bleso v\u00e1lce a z\u00e1vitov\u00e9 konce jsou precizn\u011b o\u0161et\u0159eny pro zv\u00fd\u0161en\u00ed odolnosti proti opot\u0159eben\u00ed.<\/p>\n<h3>3. Trvanlivost:<\/h3>\n<p>V\u00e1lce ramen jsou vyrobeny z vysoce kvalitn\u00edch materi\u00e1l\u016f a proch\u00e1zej\u00ed p\u0159\u00edsnou kontrolou kvality, aby byla zaji\u0161t\u011bna odolnost a dlouh\u00e1 \u017eivotnost.<\/p>\n<h3>4. Bezpe\u010dnost:<\/h3>\n<p>Konstruk\u010dn\u00ed aspekty zahrnuj\u00ed bezpe\u010dnostn\u00ed prvky, jako jsou p\u0159etlakov\u00e9 ventily a ochrann\u00e9 kryty, kter\u00e9 zabra\u0148uj\u00ed nehod\u00e1m a zaji\u0161\u0165uj\u00ed bezpe\u010dnost obsluhy.<\/p>\n<h3>5. \u00dadr\u017eba:<\/h3>\n<p>Pro zaji\u0161t\u011bn\u00ed optim\u00e1ln\u00edho v\u00fdkonu a minimalizaci potenci\u00e1ln\u00edch probl\u00e9m\u016f se doporu\u010duje pravideln\u00e1 kontrola a preventivn\u00ed \u00fadr\u017eba.<\/p>\n<h2>T\u011bsn\u011bn\u00ed a maz\u00e1n\u00ed<\/h2>\n<p>V\u00e1lec ramene vyu\u017e\u00edv\u00e1 r\u016fzn\u00e9 t\u011bsnic\u00ed komponenty, jako jsou t\u011bsn\u011bn\u00ed p\u00edstu a p\u00edstnice, vyroben\u00e9 z materi\u00e1l\u016f odoln\u00fdch proti opot\u0159eben\u00ed, jako je polyuretan a nitrilov\u00e1 pry\u017e. T\u011bleso v\u00e1lce a z\u00e1vitov\u00e9 konce jsou jemn\u011b o\u0161et\u0159eny pro zv\u00fd\u0161en\u00ed odolnosti proti opot\u0159eben\u00ed. Pro zaji\u0161t\u011bn\u00ed plynul\u00e9ho provozu a prodlou\u017een\u00ed \u017eivotnosti t\u011bsn\u011bn\u00ed je nutn\u00e9 pravideln\u00e9 maz\u00e1n\u00ed vhodn\u00fdm hydraulick\u00fdm olejem.<\/p>\n<h2>Pravideln\u00e1 kontrola a preventivn\u00ed \u00fadr\u017eba<\/h2>\n<p>Pro udr\u017een\u00ed v\u00fdkonu a spolehlivosti v\u00e1lce ramene se doporu\u010duj\u00ed pravideln\u00e9 kontroly a preventivn\u00ed \u00fadr\u017eba. M\u011bla by b\u00fdt p\u0159ijata n\u00e1sleduj\u00edc\u00ed opat\u0159en\u00ed:<\/p>\n<ol>\n<li>Zkontrolujte, zda nejsou patrn\u00e9 zn\u00e1mky \u00faniku oleje nebo po\u0161kozen\u00ed t\u011bsn\u011bn\u00ed.<\/li>\n<li>Vy\u010dist\u011bte v\u00e1lec a odstra\u0148te ve\u0161ker\u00e9 ne\u010distoty nebo ne\u010distoty.<\/li>\n<li>Zkontrolujte upev\u0148ovac\u00ed \u0161rouby a spoje, zda jsou pevn\u011b uta\u017een\u00e9.<\/li>\n<li>Zkontrolujte hladinu hydraulick\u00e9ho oleje a v p\u0159\u00edpad\u011b pot\u0159eby jej dopl\u0148te.<\/li>\n<li>Ov\u011b\u0159te funk\u010dnost bezpe\u010dnostn\u00edch prvk\u016f, jako jsou nap\u0159\u00edklad p\u0159etlakov\u00e9 ventily.<\/li>\n<\/ol>\n<h2>Pr\u016fvodce instalac\u00ed produktu<\/h2>\n<p>P\u0159ed instalac\u00ed v\u00e1lce ramene postupujte podle t\u011bchto krok\u016f:<\/p>\n<ol>\n<li>Ujist\u011bte se, \u017ee je za\u0159\u00edzen\u00ed vypnut\u00e9 a hydraulick\u00fd syst\u00e9m je bez tlaku.<\/li>\n<li>Bezpe\u010dn\u011b p\u0159ipevn\u011bte v\u00e1lec k mont\u00e1\u017en\u00edmu dr\u017e\u00e1ku pomoc\u00ed vhodn\u00fdch \u0161roub\u016f a upev\u0148ovac\u00edch prvk\u016f.<\/li>\n<li>P\u0159ipojte hydraulick\u00e9 hadice dle pokyn\u016f v\u00fdrobce.<\/li>\n<li>Dvakr\u00e1t zkontrolujte v\u0161echny spoje, zda nedoch\u00e1z\u00ed k \u00fanik\u016fm, a v p\u0159\u00edpad\u011b pot\u0159eby je dot\u00e1hn\u011bte.<\/li>\n<li>Otestujte funk\u010dnost v\u00e1lce bezpe\u010dn\u00fdm a kontrolovan\u00fdm provozem stroje.<\/li>\n<\/ol>\n<p><img decoding=\"async\" src=\"https:\/\/www.hydraulic-cylinders.net\/wp-content\/uploads\/2025\/01\/songte-bushings-with-all-kinds-of-excavator-models.webp\"><\/p>\n<h2>Bezpe\u010dnostn\u00ed aspekty a faktory prost\u0159ed\u00ed<\/h2>\n<p>P\u0159i pr\u00e1ci s v\u00e1lci ramen je z\u00e1sadn\u00ed up\u0159ednostnit bezpe\u010dnostn\u00ed opat\u0159en\u00ed. Pro prevenci nehod a zran\u011bn\u00ed je nezbytn\u00e9 \u0159\u00e1dn\u00e9 \u0161kolen\u00ed, dodr\u017eov\u00e1n\u00ed provozn\u00edch pokyn\u016f a pou\u017e\u00edv\u00e1n\u00ed vhodn\u00fdch osobn\u00edch ochrann\u00fdch prost\u0159edk\u016f. Zohledn\u011bn\u00ed faktor\u016f prost\u0159ed\u00ed a pou\u017e\u00edv\u00e1n\u00ed ekologick\u00fdch hydraulick\u00fdch kapalin m\u016f\u017ee nav\u00edc pomoci minimalizovat dopad na okol\u00ed.<\/p>\n<h2>Odstra\u0148ov\u00e1n\u00ed probl\u00e9m\u016f a b\u011b\u017en\u00e9 probl\u00e9my<\/h2>\n<p>1. Probl\u00e9m: Pomal\u00fd nebo trhav\u00fd pohyb pa\u017ee.<\/p>\n<p>\u0158e\u0161en\u00ed: Zkontrolujte hladinu a kvalitu hydraulick\u00e9 kapaliny. Zajist\u011bte spr\u00e1vn\u00e9 maz\u00e1n\u00ed v\u00e1lce a zkontrolujte t\u011bsn\u011bn\u00ed, zda nejsou po\u0161kozen\u00e1 nebo net\u011bsn\u00e1.<\/p>\n<p>2. Probl\u00e9m: Nadm\u011brn\u00fd hluk b\u011bhem provozu.<\/p>\n<p>\u0158e\u0161en\u00ed: Zkontrolujte v\u00e1lec, zda neobsahuje uvoln\u011bn\u00e9 nebo opot\u0159ebovan\u00e9 sou\u010d\u00e1sti. Ut\u00e1hn\u011bte uvoln\u011bn\u00e9 spoje a v p\u0159\u00edpad\u011b pot\u0159eby vym\u011b\u0148te po\u0161kozen\u00e9 sou\u010d\u00e1sti.<\/p>\n<p>3. Probl\u00e9m: V\u00e1lec se zcela nevysouv\u00e1 ani nezasouv\u00e1.<\/p>\n<p>\u0158e\u0161en\u00ed: Zkontrolujte hydraulick\u00fd syst\u00e9m, zda v n\u011bm nejsou n\u011bjak\u00e1 omezen\u00ed nebo ucp\u00e1n\u00ed. Zkontrolujte v\u00e1lec, zda nejsou po\u0161kozen\u00e1 t\u011bsn\u011bn\u00ed nebo ohnut\u00e9 ty\u010de. V p\u0159\u00edpad\u011b pot\u0159eby vy\u010dist\u011bte nebo vym\u011b\u0148te sou\u010d\u00e1sti.<\/p>\n<p>4. Probl\u00e9m: Z v\u00e1lce unik\u00e1 olej.<\/p>\n<p>\u0158e\u0161en\u00ed: Zkontrolujte t\u011bsn\u011bn\u00ed a spoje, zda nejsou po\u0161kozen\u00e9 nebo opot\u0159ebovan\u00e9. Vym\u011b\u0148te vadn\u00e1 t\u011bsn\u011bn\u00ed a ut\u00e1hn\u011bte uvoln\u011bn\u00e9 spoje. Zajist\u011bte spr\u00e1vn\u00e9 ut\u011bsn\u011bn\u00ed a maz\u00e1n\u00ed.<\/p>\n<p><img decoding=\"async\" src=\"https:\/\/www.hydraulic-cylinders.net\/wp-content\/uploads\/2025\/01\/songte-chushion-collar.webp\"><\/p>\n<p>Dodr\u017eov\u00e1n\u00edm t\u011bchto tip\u016f a \u0159e\u0161en\u00ed probl\u00e9m\u016f mohou \u010dten\u00e1\u0159i efektivn\u011b diagnostikovat a vy\u0159e\u0161it b\u011b\u017en\u00e9 probl\u00e9my s v\u00e1lci ramen. Zaveden\u00ed preventivn\u00edch opat\u0159en\u00ed m\u016f\u017ee pomoci minimalizovat potenci\u00e1ln\u00ed probl\u00e9my a zajistit bezprobl\u00e9mov\u00fd provoz za\u0159\u00edzen\u00ed.<\/p>\n<h2>O na\u0161\u00ed spole\u010dnosti<\/h2>\n<p><img decoding=\"async\" src=\"https:\/\/www.hydraulic-cylinders.net\/wp-content\/uploads\/2025\/01\/songte-company-4.webp\"><\/p>\n<p><img decoding=\"async\" src=\"https:\/\/www.hydraulic-cylinders.net\/wp-content\/uploads\/2025\/01\/songte-company-3.webp\"><\/p>\n<p>Jsme profesion\u00e1ln\u00ed v\u00fdrobce specializuj\u00edc\u00ed se na v\u00fdrobu n\u00e1hradn\u00edch hydraulick\u00fdch v\u00e1lc\u016f. D\u00edky \u0161irok\u00e9 \u0161k\u00e1le produkt\u016f jsme se stali jedn\u00edm z p\u0159edn\u00edch v\u00fdrobc\u016f a velkoobchodn\u00edch distributor\u016f na dom\u00e1c\u00edm i mezin\u00e1rodn\u00edm trhu. V\u017edy se dr\u017e\u00edme z\u00e1sady vynikaj\u00edc\u00ed kvality a usilujeme o zlep\u0161en\u00ed na\u0161\u00ed technologick\u00e9 \u00farovn\u011b a efektivity v\u00fdroby. Zav\u00e1d\u011bn\u00edm pokro\u010dil\u00fdch digit\u00e1ln\u00edch v\u00fdrobn\u00edch za\u0159\u00edzen\u00ed a profesion\u00e1ln\u00edch testovac\u00edch syst\u00e9m\u016f optimalizujeme na\u0161i v\u00fdrobn\u00ed platformu a zlep\u0161ujeme procesy kontroly kvality v\u00fdrobk\u016f. Jsme odhodl\u00e1ni uspokojovat rozmanit\u00e9 pot\u0159eby na\u0161ich z\u00e1kazn\u00edk\u016f s vysokou efektivitou, p\u0159esnost\u00ed a vysoce kvalitn\u00edmi produkty.<\/p>\n<p><em>Autor: lyl.<\/em><\/p>","protected":false},"excerpt":{"rendered":"<p>Arm Cylinder For Sumitomo Small Excavator SH60A3 Definition and Explanation An arm cylinder is a specially designed hydraulic cylinder used to provide linear motion and power to the arm of various types of machinery, such as excavators, cranes, and robotic arms. The arm cylinder plays a crucial role in hydraulic systems, allowing for effective movement [&hellip;]<\/p>","protected":false},"featured_media":14777,"comment_status":"open","ping_status":"closed","template":"","meta":{"_et_pb_use_builder":"","_et_pb_old_content":"","_et_gb_content_width":""},"product_brand":[],"product_cat":[1497],"product_tag":[1498,1496],"class_list":{"0":"post-16096","1":"product","2":"type-product","3":"status-publish","4":"has-post-thumbnail","6":"product_cat-arm-cylinders","7":"product_tag-arm-cylinders","8":"product_tag-hydraulic-cylinders","10":"first","11":"instock","12":"shipping-taxable","13":"product-type-simple"},"amp_enabled":true,"_links":{"self":[{"href":"https:\/\/www.hydraulic-cylinders.net\/cs\/wp-json\/wp\/v2\/product\/16096","targetHints":{"allow":["GET"]}}],"collection":[{"href":"https:\/\/www.hydraulic-cylinders.net\/cs\/wp-json\/wp\/v2\/product"}],"about":[{"href":"https:\/\/www.hydraulic-cylinders.net\/cs\/wp-json\/wp\/v2\/types\/product"}],"replies":[{"embeddable":true,"href":"https:\/\/www.hydraulic-cylinders.net\/cs\/wp-json\/wp\/v2\/comments?post=16096"}],"wp:featuredmedia":[{"embeddable":true,"href":"https:\/\/www.hydraulic-cylinders.net\/cs\/wp-json\/wp\/v2\/media\/14777"}],"wp:attachment":[{"href":"https:\/\/www.hydraulic-cylinders.net\/cs\/wp-json\/wp\/v2\/media?parent=16096"}],"wp:term":[{"taxonomy":"product_brand","embeddable":true,"href":"https:\/\/www.hydraulic-cylinders.net\/cs\/wp-json\/wp\/v2\/product_brand?post=16096"},{"taxonomy":"product_cat","embeddable":true,"href":"https:\/\/www.hydraulic-cylinders.net\/cs\/wp-json\/wp\/v2\/product_cat?post=16096"},{"taxonomy":"product_tag","embeddable":true,"href":"https:\/\/www.hydraulic-cylinders.net\/cs\/wp-json\/wp\/v2\/product_tag?post=16096"}],"curies":[{"name":"wp","href":"https:\/\/api.w.org\/{rel}","templated":true}]}}