{"id":16098,"date":"2025-01-20T08:28:35","date_gmt":"2025-01-20T08:28:35","guid":{"rendered":"https:\/\/www.hydraulic-cylinders.net\/product\/arm-cylinderfor-sumitomo-small-excavator-sh120a1a2a3\/"},"modified":"2025-01-20T08:28:37","modified_gmt":"2025-01-20T08:28:37","slug":"arm-cylinderfor-sumitomo-small-excavator-sh120a1a2a3","status":"publish","type":"product","link":"https:\/\/www.hydraulic-cylinders.net\/cs\/produkt\/arm-cylinderfor-sumitomo-small-excavator-sh120a1a2a3\/","title":{"rendered":"V\u00e1lec ramene pro mal\u00e9 rypadlo Sumitomo SH120A1A2A3"},"content":{"rendered":"<h1>V\u00e1lec ramene pro mal\u00e9 rypadlo Sumitomo SH120A1A2A3<\/h1>\n<h2>Definice a vysv\u011btlen\u00ed<\/h2>\n<p>Hydraulick\u00fd v\u00e1lec ramene je speci\u00e1ln\u011b navr\u017een\u00fd hydraulick\u00fd v\u00e1lec, kter\u00fd se prim\u00e1rn\u011b pou\u017e\u00edv\u00e1 k zaji\u0161t\u011bn\u00ed line\u00e1rn\u00edho pohybu a v\u00fdkonu ramen r\u016fzn\u00fdch typ\u016f stroj\u016f, jako jsou bagry, je\u0159\u00e1by a robotick\u00e1 ramena. V\u00e1lec ramene hraje kl\u00ed\u010dovou roli v hydraulick\u00e9m syst\u00e9mu, proto\u017ee umo\u017e\u0148uje efektivn\u00ed pohyb a ovl\u00e1d\u00e1n\u00ed dal\u0161\u00edho n\u00e1\u0159ad\u00ed nebo p\u0159\u00edslu\u0161enstv\u00ed. Tyto v\u00e1lce nejen\u017ee zaji\u0161\u0165uj\u00ed plynul\u00fd pohyb, ale tak\u00e9 odol\u00e1vaj\u00ed t\u011b\u017ek\u00fdm z\u00e1t\u011b\u017e\u00edm, co\u017e zaji\u0161\u0165uje efektivn\u00ed provoz a spolehlivost stroje za r\u016fzn\u00fdch provozn\u00edch podm\u00ednek.<\/p>\n<p><img decoding=\"async\" src=\"https:\/\/www.hydraulic-cylinders.net\/wp-content\/uploads\/2025\/01\/songte-company-2.webp\" \/><\/p>\n<h2>Funkce<\/h2>\n<ul>\n<li>Vysoce \u00fa\u010dinn\u00fd p\u0159enos s\u00edly: V\u00e1lec ramene poskytuje siln\u00fd line\u00e1rn\u00ed pohyb a s\u00edlu, co\u017e zaji\u0161\u0165uje vysokou \u00fa\u010dinnost robotick\u00fdch ramen v r\u016fzn\u00fdch operac\u00edch.<\/li>\n<li>P\u0159esn\u00e9 ovl\u00e1d\u00e1n\u00ed: D\u00edky hydraulick\u00e9mu syst\u00e9mu m\u016f\u017ee v\u00e1lec ramene dos\u00e1hnout p\u0159esn\u00e9ho ovl\u00e1d\u00e1n\u00ed pohybu, co\u017e umo\u017e\u0148uje flexibiln\u011bj\u0161\u00ed a p\u0159esn\u011bj\u0161\u00ed ovl\u00e1d\u00e1n\u00ed dal\u0161\u00edch n\u00e1stroj\u016f.<\/li>\n<li>Vysok\u00e1 odolnost: V\u00e1lce ramen jsou obvykle vyrobeny z vysoce pevn\u00fdch materi\u00e1l\u016f a maj\u00ed dobrou odolnost proti opot\u0159eben\u00ed a korozi, jsou vhodn\u00e9 pro dlouhodob\u00e9 pou\u017e\u00edv\u00e1n\u00ed v n\u00e1ro\u010dn\u00fdch podm\u00ednk\u00e1ch.<\/li>\n<li>Multifunk\u010dn\u00ed p\u0159izp\u016fsobivost: Tyto v\u00e1lce lze \u0161iroce pou\u017e\u00edvat v r\u016fzn\u00fdch typech stroj\u016f, jako jsou bagry, je\u0159\u00e1by a robotick\u00e1 ramena, a p\u0159izp\u016fsobit se tak r\u016fzn\u00fdm pracovn\u00edm po\u017eadavk\u016fm.<\/li>\n<li>Snadn\u00e1 \u00fadr\u017eba: Konstrukce zohled\u0148uje snadnou \u00fadr\u017ebu a v\u00fdm\u011bnu, co\u017e usnad\u0148uje pravideln\u00e9 kontroly a \u00fadr\u017ebu a zkracuje prostoje za\u0159\u00edzen\u00ed.<\/li>\n<\/ul>\n<p>Tento produkt dok\u00e1\u017eeme vyrobit a dokonale nahradit tyto hydraulick\u00e9 v\u00e1lce.<\/p>\n<p><img decoding=\"async\" src=\"https:\/\/www.hydraulic-cylinders.net\/wp-content\/uploads\/2025\/01\/songte-oil-pipes-and-spare-parts.webp\" \/><\/p>\n<h2>Aplikace<\/h2>\n<p>V\u00e1lce ramen se \u0161iroce pou\u017e\u00edvaj\u00ed v r\u016fzn\u00fdch pr\u016fmyslov\u00fdch odv\u011btv\u00edch, v\u010detn\u011b:<\/p>\n<ul>\n<li>Konstrukce: U bagr\u016f a je\u0159\u00e1b\u016f se v\u00e1lec ramene pou\u017e\u00edv\u00e1 k ovl\u00e1d\u00e1n\u00ed pohybu l\u017e\u00edce nebo v\u00fdlo\u017en\u00edku pro zemn\u00ed pr\u00e1ce, manipulaci s materi\u00e1lem a mont\u00e1\u017e konstrukc\u00ed.<\/li>\n<li>V\u00fdroba: V automatizovan\u00fdch v\u00fdrobn\u00edch link\u00e1ch se v\u00e1lce ramen pou\u017e\u00edvaj\u00ed k pohybu robotick\u00fdch ramen, k prov\u00e1d\u011bn\u00ed mont\u00e1\u017en\u00edch, sva\u0159ovac\u00edch a manipula\u010dn\u00edch proces\u016f, \u010d\u00edm\u017e se zvy\u0161uje efektivita a p\u0159esnost v\u00fdroby.<\/li>\n<li>Zem\u011bd\u011blsk\u00e9 stroje: U zem\u011bd\u011blsk\u00fdch stroj\u016f, jako jsou skl\u00edze\u010de a s\u00e1zec\u00ed stroje, ovl\u00e1daj\u00ed v\u00e1lce ramen pohyb ovl\u00e1dac\u00edho ramene a prov\u00e1d\u011bj\u00ed \u00fakoly, jako je set\u00ed, hnojen\u00ed a sklize\u0148.<\/li>\n<li>T\u011b\u017eba: V t\u011b\u017eebn\u00edch za\u0159\u00edzen\u00edch se v\u00e1lce ramen pou\u017e\u00edvaj\u00ed k ovl\u00e1d\u00e1n\u00ed pohybu ramen t\u011b\u017eebn\u00edho za\u0159\u00edzen\u00ed, k prov\u00e1d\u011bn\u00ed t\u011b\u017eby a p\u0159epravy nerost\u016f.<\/li>\n<li>Logistika a doprava: U vysokozdvi\u017en\u00fdch voz\u00edk\u016f a manipula\u010dn\u00edch robot\u016f se v\u00e1lce ramen pou\u017e\u00edvaj\u00ed k ovl\u00e1d\u00e1n\u00ed zved\u00e1n\u00ed a pohybu vidlic, \u010d\u00edm\u017e se realizuje manipulace s materi\u00e1lem a jeho stohov\u00e1n\u00ed.<\/li>\n<\/ul>\n<h2>\u00davahy o designu<\/h2>\n<p>V\u00e1lce ramen jsou navr\u017eeny s ohledem na n\u011bkolik aspekt\u016f, v\u010detn\u011b:<\/p>\n<ul>\n<li>\u00danosnost: V\u00e1lce ramen mus\u00ed m\u00edt dostate\u010dnou \u00fanosnost pro zat\u00ed\u017een\u00ed stroj\u016f, ve kter\u00fdch se pou\u017e\u00edvaj\u00ed.<\/li>\n<li>T\u011bsn\u011bn\u00ed: Pou\u017eit\u00ed r\u016fzn\u00fdch t\u011bsnic\u00edch prvk\u016f, jako jsou t\u011bsn\u011bn\u00ed p\u00edst\u016f a p\u00edstnic, s materi\u00e1ly odoln\u00fdmi proti opot\u0159eben\u00ed, jako je polyuretan a nitrilov\u00e1 pry\u017e, k zabr\u00e1n\u011bn\u00ed \u00faniku kapaliny.<\/li>\n<li>Trvanlivost: T\u011bleso v\u00e1lce a povrch z\u00e1vitov\u00e9ho konce jsou jemn\u011b opracov\u00e1ny pro zlep\u0161en\u00ed odolnosti proti opot\u0159eben\u00ed.<\/li>\n<li>Bezpe\u010dnost: V\u00e1lce ramen mus\u00ed b\u00fdt navr\u017eeny s bezpe\u010dnostn\u00edmi opat\u0159en\u00edmi, aby se zabr\u00e1nilo nehod\u00e1m.<\/li>\n<li>\u00dadr\u017eba: V\u00e1lce ramen by m\u011bly b\u00fdt navr\u017eeny pro snadnou \u00fadr\u017ebu a opravy, aby se zkr\u00e1tily prostoje.<\/li>\n<\/ul>\n<p><img decoding=\"async\" src=\"https:\/\/www.hydraulic-cylinders.net\/wp-content\/uploads\/2025\/01\/songte-cylinder-head-with-all-kinds-excavator-models.webp\" \/><\/p>\n<h2>T\u011bsn\u011bn\u00ed a maz\u00e1n\u00ed<\/h2>\n<p>Pro zaji\u0161t\u011bn\u00ed \u00fa\u010dinn\u00e9ho ut\u011bsn\u011bn\u00ed se pou\u017e\u00edvaj\u00ed r\u016fzn\u00e9 t\u011bsnic\u00ed prvky, jako jsou t\u011bsn\u011bn\u00ed p\u00edst\u016f, t\u011bsn\u011bn\u00ed p\u00edstnic a materi\u00e1ly odoln\u00e9 proti opot\u0159eben\u00ed, jako je polyuretan a nitrilov\u00e1 pry\u017e. T\u011bleso v\u00e1lce a povrch z\u00e1vitu jsou jemn\u011b opracov\u00e1ny pro zlep\u0161en\u00ed odolnosti proti opot\u0159eben\u00ed. Pro zaji\u0161t\u011bn\u00ed spr\u00e1vn\u00e9ho maz\u00e1n\u00ed v\u00e1lce je nutn\u00e9 pravideln\u00e9 dopl\u0148ov\u00e1n\u00ed hydraulick\u00e9ho oleje.<\/p>\n<p><img decoding=\"async\" src=\"https:\/\/www.hydraulic-cylinders.net\/wp-content\/uploads\/2025\/01\/songte-chushion-collar.webp\" \/><\/p>\n<h2>\u00dadr\u017eba a preventivn\u00ed opat\u0159en\u00ed<\/h2>\n<ul>\n<li>Pravideln\u011b kontrolujte v\u00e1lec ramene, zda nen\u00ed opot\u0159ebovan\u00fd nebo po\u0161kozen\u00fd.<\/li>\n<li>Opot\u0159ebovan\u00e9 nebo po\u0161kozen\u00e9 d\u00edly v\u010das vym\u011b\u0148ujte.<\/li>\n<li>Dopl\u0148te hydraulick\u00fd olej a podle pot\u0159eby proma\u017ete v\u00e1lec.<\/li>\n<li>Udr\u017eujte v\u00e1lec \u010dist\u00fd a bez ne\u010distot.<\/li>\n<li>Nep\u0159ekra\u010dujte stanovenou maxim\u00e1ln\u00ed nosnost.<\/li>\n<\/ul>\n<h2>Instala\u010dn\u00ed p\u0159\u00edru\u010dka<\/h2>\n<p>Instalaci v\u00e1lce ramene by m\u011bli prov\u00e1d\u011bt kvalifikovan\u00ed technici. P\u0159i instalaci postupujte podle t\u011bchto krok\u016f:<\/p>\n<ol>\n<li>P\u0159ipravte mont\u00e1\u017en\u00ed povrch a o\u010dist\u011bte v\u00e1lec a upev\u0148ovac\u00ed body.<\/li>\n<li>Vyrovnejte v\u00e1lec a p\u0159ipevn\u011bte jej k mont\u00e1\u017en\u00ed plo\u0161e pomoc\u00ed dodan\u00fdch \u0161roub\u016f.<\/li>\n<li>P\u0159ipojte hydraulick\u00e9 hadice k v\u00e1lci a napl\u0148te je hydraulick\u00fdm olejem.<\/li>\n<li>Zkontrolujte spr\u00e1vnou funkci v\u00e1lce.<\/li>\n<\/ol>\n<p><img decoding=\"async\" src=\"https:\/\/www.hydraulic-cylinders.net\/wp-content\/uploads\/2025\/01\/songte-bushings-with-all-kinds-of-excavator-models.webp\" \/><\/p>\n<h2>Bezpe\u010dnostn\u00ed a environment\u00e1ln\u00ed aspekty<\/h2>\n<p>P\u0159i obsluze stroj\u016f vybaven\u00fdch v\u00e1lci ramen by m\u011bla b\u00fdt p\u0159ijata n\u00e1le\u017eit\u00e1 bezpe\u010dnostn\u00ed opat\u0159en\u00ed, aby se p\u0159ede\u0161lo nehod\u00e1m. Je d\u016fle\u017eit\u00e9 likvidovat pou\u017eit\u00fd hydraulick\u00fd olej a dal\u0161\u00ed materi\u00e1ly zp\u016fsobem \u0161etrn\u00fdm k \u017eivotn\u00edmu prost\u0159ed\u00ed.<\/p>\n<h2>Odstra\u0148ov\u00e1n\u00ed probl\u00e9m\u016f a b\u011b\u017en\u00e9 probl\u00e9my<\/h2>\n<p>Mezi b\u011b\u017en\u00e9 probl\u00e9my s v\u00e1lci ramen pat\u0159\u00ed \u00fanik kapaliny, po\u0161kozen\u00ed t\u011bsn\u011bn\u00ed a porucha hydraulick\u00e9ho syst\u00e9mu. Spr\u00e1vn\u00e1 \u00fadr\u017eba a pravideln\u00e9 kontroly mohou mnoha t\u011bmto probl\u00e9m\u016fm p\u0159edej\u00edt. V p\u0159\u00edpad\u011b probl\u00e9m\u016f se obra\u0165te na kvalifikovan\u00e9ho technika, kter\u00fd v\u00e1m pom\u016f\u017ee s \u0159e\u0161en\u00edm probl\u00e9m\u016f a opravou.<\/p>\n<h2>O n\u00e1s<\/h2>\n<p>Jsme profesion\u00e1ln\u00ed v\u00fdrobce n\u00e1hradn\u00edch hydraulick\u00fdch v\u00e1lc\u016f se \u0161irokou \u0161k\u00e1lou produkt\u016f a stali jsme se jedn\u00edm z p\u0159edn\u00edch v\u00fdrobc\u016f a velkoobchodn\u00edch distributor\u016f hydraulick\u00fdch v\u00e1lc\u016f na dom\u00e1c\u00edm i mezin\u00e1rodn\u00edm trhu. V\u017edy se dr\u017e\u00edme principu vynikaj\u00edc\u00ed kvality a spol\u00e9h\u00e1me se na strategii \u0159\u00edzen\u00ed v\u00fdroby v propracovan\u00fdch v\u00fdrobn\u00edch d\u00edln\u00e1ch, abychom neust\u00e1le zlep\u0161ovali na\u0161i technickou \u00farove\u0148 a efektivitu v\u00fdroby. Zav\u00e1d\u011bn\u00edm \u0161pi\u010dkov\u00e9ho digit\u00e1ln\u00edho v\u00fdrobn\u00edho za\u0159\u00edzen\u00ed a profesion\u00e1ln\u00edch testovac\u00edch syst\u00e9m\u016f optimalizujeme na\u0161i v\u00fdrobn\u00ed platformu, zlep\u0161ujeme procesy kontroly kvality v\u00fdrobk\u016f a m\u00e1me siln\u00e9 inova\u010dn\u00ed schopnosti. Na\u0161\u00edm c\u00edlem je uspokojovat rozmanit\u00e9 pot\u0159eby z\u00e1kazn\u00edk\u016f s principy efektivity, p\u0159esnosti a vysok\u00e9 kvality.<\/p>\n<h3>Profesionalita<\/h3>\n<p>M\u00e1me t\u00fdm zku\u0161en\u00fdch in\u017een\u00fdr\u016f a technik\u016f, kte\u0159\u00ed maj\u00ed odborn\u00e9 znalosti v oblasti n\u00e1vrhu, v\u00fdroby a testov\u00e1n\u00ed hydraulick\u00fdch v\u00e1lc\u016f.<\/p>\n<h3>Mezin\u00e1rodn\u00ed certifikace<\/h3>\n<p>Na\u0161e v\u00fdrobky pro\u0161ly mezin\u00e1rodn\u00edmi certifikacemi, jako jsou ISO9001, CE, TUV a SGS.<\/p>\n<h3>Slu\u017eba p\u0159izp\u016fsoben\u00ed<\/h3>\n<p>Nab\u00edz\u00edme slu\u017eby v oblasti \u00faprav hydraulick\u00fdch v\u00e1lc\u016f dle specifick\u00fdch pot\u0159eb z\u00e1kazn\u00edka.<\/p>\n<h3>V\u00fdrobn\u00ed za\u0159\u00edzen\u00ed<\/h3>\n<p>Na\u0161e v\u00fdrobn\u00ed za\u0159\u00edzen\u00ed zahrnuj\u00ed modern\u00ed CNC stroje, sv\u00e1\u0159e\u010dky a testovac\u00ed za\u0159\u00edzen\u00ed, kter\u00e1 zaji\u0161\u0165uj\u00ed kvalitu a konzistenci v\u00fdrobk\u016f.<\/p>\n<h3>Poprodejn\u00ed servis<\/h3>\n<p>Poskytujeme profesion\u00e1ln\u00ed a v\u010dasn\u00fd poprodejn\u00ed servis, abychom zajistili spokojenost z\u00e1kazn\u00edk\u016f a \u0159e\u0161ili ve\u0161ker\u00e9 probl\u00e9my, kter\u00e9 mohou nastat.<\/p>\n<p><img decoding=\"async\" src=\"https:\/\/www.hydraulic-cylinders.net\/wp-content\/uploads\/2025\/01\/songte-company-4.webp\" \/><br \/>\n<img decoding=\"async\" src=\"https:\/\/www.hydraulic-cylinders.net\/wp-content\/uploads\/2025\/01\/songte-company-3.webp\" \/><\/p>\n<p>Autor: lyl.<\/p>","protected":false},"excerpt":{"rendered":"<p>Arm Cylinder For Sumitomo Small Excavator SH120A1A2A3 Definition and Explanation Arm cylinder is a specially designed hydraulic cylinder that is primarily used to provide linear motion and power to the arms of various types of machinery such as excavators, cranes, and robotic arms. The arm cylinder plays a crucial role in the hydraulic system, enabling [&hellip;]<\/p>","protected":false},"featured_media":14772,"comment_status":"open","ping_status":"closed","template":"","meta":{"_et_pb_use_builder":"","_et_pb_old_content":"","_et_gb_content_width":""},"product_brand":[],"product_cat":[1497],"product_tag":[1498,1496],"class_list":{"0":"post-16098","1":"product","2":"type-product","3":"status-publish","4":"has-post-thumbnail","6":"product_cat-arm-cylinders","7":"product_tag-arm-cylinders","8":"product_tag-hydraulic-cylinders","10":"first","11":"instock","12":"shipping-taxable","13":"product-type-simple"},"amp_enabled":true,"_links":{"self":[{"href":"https:\/\/www.hydraulic-cylinders.net\/cs\/wp-json\/wp\/v2\/product\/16098","targetHints":{"allow":["GET"]}}],"collection":[{"href":"https:\/\/www.hydraulic-cylinders.net\/cs\/wp-json\/wp\/v2\/product"}],"about":[{"href":"https:\/\/www.hydraulic-cylinders.net\/cs\/wp-json\/wp\/v2\/types\/product"}],"replies":[{"embeddable":true,"href":"https:\/\/www.hydraulic-cylinders.net\/cs\/wp-json\/wp\/v2\/comments?post=16098"}],"wp:featuredmedia":[{"embeddable":true,"href":"https:\/\/www.hydraulic-cylinders.net\/cs\/wp-json\/wp\/v2\/media\/14772"}],"wp:attachment":[{"href":"https:\/\/www.hydraulic-cylinders.net\/cs\/wp-json\/wp\/v2\/media?parent=16098"}],"wp:term":[{"taxonomy":"product_brand","embeddable":true,"href":"https:\/\/www.hydraulic-cylinders.net\/cs\/wp-json\/wp\/v2\/product_brand?post=16098"},{"taxonomy":"product_cat","embeddable":true,"href":"https:\/\/www.hydraulic-cylinders.net\/cs\/wp-json\/wp\/v2\/product_cat?post=16098"},{"taxonomy":"product_tag","embeddable":true,"href":"https:\/\/www.hydraulic-cylinders.net\/cs\/wp-json\/wp\/v2\/product_tag?post=16098"}],"curies":[{"name":"wp","href":"https:\/\/api.w.org\/{rel}","templated":true}]}}