{"id":16101,"date":"2025-01-20T08:28:49","date_gmt":"2025-01-20T08:28:49","guid":{"rendered":"https:\/\/www.hydraulic-cylinders.net\/product\/arm-cylinderfor-sumitomo-middle-excavator-sh210-5\/"},"modified":"2025-01-20T08:28:51","modified_gmt":"2025-01-20T08:28:51","slug":"arm-cylinderfor-sumitomo-middle-excavator-sh210-5","status":"publish","type":"product","link":"https:\/\/www.hydraulic-cylinders.net\/cs\/produkt\/arm-cylinderfor-sumitomo-middle-excavator-sh210-5\/","title":{"rendered":"V\u00e1lec ramene pro st\u0159edn\u00ed bagr Sumitomo SH210-5"},"content":{"rendered":"<h1>V\u00e1lec ramene pro st\u0159edn\u00ed bagr Sumitomo SH210-5<\/h1>\n<h2>Definice produktu<\/h2>\n<p>Hydraulick\u00fd v\u00e1lec ramene je speci\u00e1ln\u011b navr\u017een\u00fd hydraulick\u00fd v\u00e1lec, kter\u00fd se pou\u017e\u00edv\u00e1 k zaji\u0161t\u011bn\u00ed line\u00e1rn\u00edho pohybu a v\u00fdkonu ramene r\u016fzn\u00fdch stroj\u016f, jako jsou bagry, je\u0159\u00e1by a robotick\u00e1 ramena. V\u00e1lec ramene hraje kl\u00ed\u010dovou roli v hydraulick\u00fdch syst\u00e9mech, proto\u017ee umo\u017e\u0148uje efektivn\u00ed pohyb a ovl\u00e1d\u00e1n\u00ed dal\u0161\u00edch n\u00e1stroj\u016f nebo p\u0159\u00edslu\u0161enstv\u00ed. Tyto v\u00e1lce nejen umo\u017e\u0148uj\u00ed plynul\u00fd pohyb, ale tak\u00e9 odol\u00e1vaj\u00ed t\u011b\u017ek\u00fdm z\u00e1t\u011b\u017e\u00edm, \u010d\u00edm\u017e zaji\u0161\u0165uj\u00ed efektivn\u00ed provoz a spolehlivost stroj\u016f za r\u016fzn\u00fdch pracovn\u00edch podm\u00ednek.<\/p>\n<p><img decoding=\"async\" src=\"https:\/\/www.hydraulic-cylinders.net\/wp-content\/uploads\/2025\/01\/songte-company-2.webp\" alt=\"Obr\u00e1zek v\u00e1lce ramene\"><\/p>\n<h2>Vlastnosti produktu<\/h2>\n<ul>\n<li>\n<h3>Vysoce \u00fa\u010dinn\u00fd p\u0159enos<\/h3>\n<p>V\u00e1lec ramene zaji\u0161\u0165uje siln\u00fd line\u00e1rn\u00ed pohyb a s\u00edlu, co\u017e zaji\u0161\u0165uje vysok\u00fd v\u00fdkon robotick\u00e9ho ramene v r\u016fzn\u00fdch operac\u00edch.<\/p>\n<\/li>\n<li>\n<h3>P\u0159esn\u00e9 ovl\u00e1d\u00e1n\u00ed<\/h3>\n<p>D\u00edky hydraulick\u00e9mu syst\u00e9mu dosahuje v\u00e1lec ramene p\u0159esn\u00e9ho \u0159\u00edzen\u00ed pohybu, co\u017e zvy\u0161uje flexibilitu a p\u0159esnost ovl\u00e1d\u00e1n\u00ed p\u0159ipojen\u00e9ho n\u00e1\u0159ad\u00ed.<\/p>\n<\/li>\n<li>\n<h3>Trvanlivost<\/h3>\n<p>V\u00e1lce ramen jsou obvykle vyrobeny z vysoce pevn\u00fdch materi\u00e1l\u016f, kter\u00e9 nab\u00edzej\u00ed vynikaj\u00edc\u00ed odolnost proti opot\u0159eben\u00ed a korozi, a jsou vhodn\u00e9 pro dlouhodob\u00e9 pou\u017e\u00edv\u00e1n\u00ed v n\u00e1ro\u010dn\u00fdch podm\u00ednk\u00e1ch.<\/p>\n<\/li>\n<li>\n<h3>Multifunk\u010dn\u00ed p\u0159izp\u016fsobivost<\/h3>\n<p>Tyto v\u00e1lce lze \u0161iroce pou\u017e\u00edt v r\u016fzn\u00fdch strojn\u00edch za\u0159\u00edzen\u00edch, jako jsou bagry, je\u0159\u00e1by a robotick\u00e1 ramena, a p\u0159izp\u016fsobit se tak r\u016fzn\u00fdm pracovn\u00edm po\u017eadavk\u016fm.<\/p>\n<\/li>\n<li>\n<h3>Snadn\u00e1 \u00fadr\u017eba<\/h3>\n<p>V\u00e1lce ramen, navr\u017een\u00e9 s ohledem na snadnou \u00fadr\u017ebu a v\u00fdm\u011bnu, usnad\u0148uj\u00ed pravideln\u00e9 kontroly a \u00fadr\u017ebu a minimalizuj\u00ed tak prostoje za\u0159\u00edzen\u00ed.<\/p>\n<\/li>\n<\/ul>\n<p><img decoding=\"async\" src=\"https:\/\/www.hydraulic-cylinders.net\/wp-content\/uploads\/2025\/01\/songte-oil-pipes-and-spare-parts.webp\" alt=\"N\u00e1hradn\u00ed d\u00edly pro v\u00e1lce ramene\"><\/p>\n<h2>Aplikace<\/h2>\n<p>Rameno v\u00e1lce nach\u00e1z\u00ed uplatn\u011bn\u00ed v r\u016fzn\u00fdch odv\u011btv\u00edch:<\/p>\n<ul>\n<li>\n<h3>Stavebn\u00ed in\u017een\u00fdrstv\u00ed<\/h3>\n<p>U bagr\u016f a je\u0159\u00e1b\u016f ovl\u00e1d\u00e1 v\u00e1lec ramene pohyb l\u017e\u00edce nebo v\u00fdlo\u017en\u00edku a prov\u00e1d\u00ed \u00fakoly, jako je zemn\u00ed pr\u00e1ce, manipulace s materi\u00e1lem a mont\u00e1\u017e konstrukc\u00ed.<\/p>\n<\/li>\n<li>\n<h3>V\u00fdrobn\u00ed<\/h3>\n<p>V automatizovan\u00fdch v\u00fdrobn\u00edch link\u00e1ch v\u00e1lec ramene usnad\u0148uje pohyb robotick\u00fdch ramen, prov\u00e1d\u00ed mont\u00e1\u017en\u00ed, sva\u0159ovac\u00ed a manipula\u010dn\u00ed procesy s materi\u00e1lem, \u010d\u00edm\u017e se zvy\u0161uje efektivita a p\u0159esnost v\u00fdroby.<\/p>\n<\/li>\n<li>\n<h3>Zem\u011bd\u011blsk\u00e9 stroje<\/h3>\n<p>V zem\u011bd\u011blsk\u00fdch stroj\u00edch, jako jsou skl\u00edzec\u00ed a sec\u00ed stroje, v\u00e1lec ramene ovl\u00e1d\u00e1 pohyb ovl\u00e1dac\u00edho ramene a prov\u00e1d\u00ed \u00fakoly, jako je set\u00ed, hnojen\u00ed a sklize\u0148.<\/p>\n<\/li>\n<li>\n<h3>Hornictv\u00ed<\/h3>\n<p>V t\u011b\u017eebn\u00edch za\u0159\u00edzen\u00edch se v\u00e1lec ramene pou\u017e\u00edv\u00e1 k ovl\u00e1d\u00e1n\u00ed pohybu ramene t\u011b\u017eebn\u00edch stroj\u016f, co\u017e umo\u017e\u0148uje t\u011b\u017ebu a p\u0159epravu rudy.<\/p>\n<\/li>\n<li>\n<h3>Logistika a doprava<\/h3>\n<p>U vysokozdvi\u017en\u00fdch voz\u00edk\u016f a robot\u016f pro manipulaci s materi\u00e1lem ovl\u00e1d\u00e1 v\u00e1lec ramene zved\u00e1n\u00ed a pohyb vidlic, co\u017e usnad\u0148uje p\u0159epravu a stohov\u00e1n\u00ed materi\u00e1lu.<\/p>\n<\/li>\n<\/ul>\n<h2>Konstruk\u010dn\u00ed aspekty a krit\u00e9ria v\u00fdb\u011bru<\/h2>\n<p>P\u0159i zva\u017eov\u00e1n\u00ed konstrukce v\u00e1lc\u016f ramene vstupuje do hry n\u011bkolik faktor\u016f a v\u00fdb\u011brov\u00fdch krit\u00e9ri\u00ed:<\/p>\n<ul>\n<li>\n<h3>Nosnost<\/h3>\n<p>V\u00e1lec ramene by m\u011bl b\u00fdt navr\u017een tak, aby vydr\u017eel maxim\u00e1ln\u00ed zat\u00ed\u017een\u00ed, kter\u00e9mu bude vystaven b\u011bhem provozu, a t\u00edm byla zaji\u0161t\u011bna bezpe\u010dnost a optim\u00e1ln\u00ed v\u00fdkon.<\/p>\n<\/li>\n<li>\n<h3>T\u011bsn\u011bn\u00ed<\/h3>\n<p>K zabr\u00e1n\u011bn\u00ed \u00faniku a udr\u017een\u00ed hydraulick\u00e9ho tlaku ve v\u00e1lci se pou\u017e\u00edvaj\u00ed r\u016fzn\u00e9 t\u011bsnic\u00ed prvky, jako jsou t\u011bsn\u011bn\u00ed p\u00edst\u016f a p\u00edstnic. Tato t\u011bsn\u011bn\u00ed jsou vyrobena z materi\u00e1l\u016f odoln\u00fdch proti opot\u0159eben\u00ed, jako je polyuretan a nitrilov\u00e1 pry\u017e.<\/p>\n<\/li>\n<li>\n<h3>Trvanlivost<\/h3>\n<p>T\u011bleso v\u00e1lce a z\u00e1vitov\u00e9 konce proch\u00e1zej\u00ed p\u0159esn\u00fdm o\u0161et\u0159en\u00edm pro zlep\u0161en\u00ed odolnosti proti opot\u0159eben\u00ed. Pravideln\u00e9 maz\u00e1n\u00ed hydraulick\u00fdm olejem je nezbytn\u00e9 pro zaji\u0161t\u011bn\u00ed hladk\u00e9ho provozu a dlouh\u00e9 \u017eivotnosti.<\/p>\n<\/li>\n<\/ul>\n<p><img decoding=\"async\" src=\"https:\/\/www.hydraulic-cylinders.net\/wp-content\/uploads\/2025\/01\/songte-cylinder-head-with-all-kinds-excavator-models.webp\" alt=\"Obr\u00e1zek hlavy v\u00e1lc\u016f\"><\/p>\n<h2>Pravideln\u00e1 kontrola a preventivn\u00ed \u00fadr\u017eba<\/h2>\n<ul>\n<li>\n<h3>Pravideln\u00e1 kontrola<\/h3>\n<p>Zkontrolujte v\u00e1lec ramene, zda nevykazuje zn\u00e1mky opot\u0159eben\u00ed, net\u011bsnosti nebo po\u0161kozen\u00ed. Zkontrolujte t\u011bsn\u011bn\u00ed, p\u00edstn\u00ed ty\u010de a t\u011bleso v\u00e1lce, zda nevykazuj\u00ed n\u011bjak\u00e9 abnormality.<\/p>\n<\/li>\n<li>\n<h3>Preventivn\u00ed \u00fadr\u017eba<\/h3>\n<p>Prov\u00e1d\u011bjte preventivn\u00ed \u00fadr\u017ebu, jako je \u010di\u0161t\u011bn\u00ed, maz\u00e1n\u00ed a v\u00fdm\u011bna opot\u0159ebovan\u00fdch d\u00edl\u016f, podle pokyn\u016f v\u00fdrobce, abyste zajistili optim\u00e1ln\u00ed v\u00fdkon a dlouhou \u017eivotnost v\u00e1lce ramene.<\/p>\n<\/li>\n<\/ul>\n<h2>Pr\u016fvodce instalac\u00ed produktu<\/h2>\n<p>Pro spr\u00e1vnou instalaci v\u00e1lce ramene postupujte podle t\u011bchto krok\u016f:<\/p>\n<ol>\n<li>P\u0159ipravte si pot\u0159ebn\u00e9 n\u00e1stroje a vybaven\u00ed pro instalaci.<\/li>\n<li>Ujist\u011bte se, \u017ee je hydraulick\u00fd syst\u00e9m bez tlaku.<\/li>\n<li>V p\u0159\u00edpad\u011b pot\u0159eby odstra\u0148te star\u00fd v\u00e1lec ramene.<\/li>\n<li>Opatrn\u011b zarovnejte nov\u00fd v\u00e1lec ramene s mont\u00e1\u017en\u00edmi konzolami.<\/li>\n<li>Bezpe\u010dn\u011b ut\u00e1hn\u011bte upev\u0148ovac\u00ed \u0161rouby.<\/li>\n<li>P\u0159ipojte hydraulick\u00e9 hadice k v\u00e1lci.<\/li>\n<li>Zkontrolujte p\u0159\u00edpadn\u00e9 net\u011bsnosti a zajist\u011bte spr\u00e1vn\u00e9 zarovn\u00e1n\u00ed.<\/li>\n<li>P\u0159ed obsluhou stroje otestujte funk\u010dnost v\u00e1lce ramene.<\/li>\n<\/ol>\n<p><img decoding=\"async\" src=\"https:\/\/www.hydraulic-cylinders.net\/wp-content\/uploads\/2025\/01\/songte-bushings-with-all-kinds-of-excavator-models.webp\" alt=\"Obr\u00e1zek pouzder\"><\/p>\n<h2>Bezpe\u010dnostn\u00ed aspekty a faktory prost\u0159ed\u00ed<\/h2>\n<p>P\u0159i pou\u017e\u00edv\u00e1n\u00ed v\u00e1lce s ramenem je nezbytn\u00e9 up\u0159ednostnit bezpe\u010dnostn\u00ed opat\u0159en\u00ed, aby se p\u0159ede\u0161lo nehod\u00e1m a zajistilo bezpe\u010dn\u00e9 pracovn\u00ed prost\u0159ed\u00ed. Pravideln\u00e9 \u0161kolen\u00ed, dodr\u017eov\u00e1n\u00ed bezpe\u010dnostn\u00edch pokyn\u016f a poskytov\u00e1n\u00ed osobn\u00edch ochrann\u00fdch prost\u0159edk\u016f (OOP) jsou z\u00e1sadn\u00ed.<\/p>\n<h2>Odstra\u0148ov\u00e1n\u00ed probl\u00e9m\u016f a b\u011b\u017en\u00e9 probl\u00e9my<\/h2>\n<p>Mezi b\u011b\u017en\u00e9 probl\u00e9my, kter\u00e9 se mohou vyskytnout u v\u00e1lc\u016f ramen, pat\u0159\u00ed net\u011bsnost, nedostate\u010dn\u00fd v\u00fdkon a abnorm\u00e1ln\u00ed pohyb. \u0158e\u0161en\u00ed t\u011bchto probl\u00e9m\u016f m\u016f\u017ee zahrnovat kontrolu t\u011bsn\u011bn\u00ed, kontrolu hladiny hydraulick\u00e9 kapaliny a ov\u011b\u0159en\u00ed spr\u00e1vn\u00e9ho p\u0159ipojen\u00ed.<\/p>\n<p>Zde je n\u011bkolik tip\u016f a \u0159e\u0161en\u00ed probl\u00e9m\u016f:<\/p>\n<ul>\n<li>\n<h3>\u00danik<\/h3>\n<p>Zkontrolujte t\u011bsn\u011bn\u00ed, zda nejsou po\u0161kozen\u00e1 nebo opot\u0159ebovan\u00e1, a v p\u0159\u00edpad\u011b pot\u0159eby je vym\u011b\u0148te. Ujist\u011bte se, \u017ee v\u0161echna spojen\u00ed jsou t\u011bsn\u00e1 a \u0159\u00e1dn\u011b ut\u011bsn\u011bn\u00e1.<\/p>\n<\/li>\n<li>\n<h3>Nedostate\u010dn\u00fd v\u00fdkon<\/h3>\n<p>Zkontrolujte hladinu hydraulick\u00e9 kapaliny a ujist\u011bte se, \u017ee spl\u0148uje doporu\u010den\u00e9 specifikace. Zkontrolujte hydraulick\u00e9 \u010derpadlo a dal\u0161\u00ed sou\u010d\u00e1sti, zda nefunguj\u00ed spr\u00e1vn\u011b nebo nejsou po\u0161kozen\u00e9.<\/p>\n<\/li>\n<li>\n<h3>Abnorm\u00e1ln\u00ed pohyb<\/h3>\n<p>Zkontrolujte regula\u010dn\u00ed ventily a hydraulick\u00e9 potrub\u00ed, zda nejsou ucpan\u00e9 nebo po\u0161kozen\u00e9. Zkontrolujte spr\u00e1vnou funk\u010dnost \u0159\u00eddic\u00edho syst\u00e9mu a ujist\u011bte se, \u017ee je spr\u00e1vn\u011b kalibrov\u00e1n.<\/p>\n<\/li>\n<\/ul>\n<p><img decoding=\"async\" src=\"https:\/\/www.hydraulic-cylinders.net\/wp-content\/uploads\/2025\/01\/songte-chushion-collar.webp\" alt=\"Obr\u00e1zek obojku Chushion\"><\/p>\n<p>Nezapome\u0148te \u010dl\u00e1nek logicky uspo\u0159\u00e1dat, pou\u017e\u00edvat podnadpisy pro snadnou navigaci, za\u010dlenit relevantn\u00ed obr\u00e1zky nebo grafy pro lep\u0161\u00ed pochopen\u00ed a zajistit, aby obsah byl jasn\u00fd, stru\u010dn\u00fd a vhodn\u00fd pro \u010dten\u00e1\u0159e s r\u016fznou \u00farovn\u00ed technick\u00fdch znalost\u00ed.<\/p>\n<p>Autor: lyl<\/p>\n<h2>O na\u0161\u00ed spole\u010dnosti<\/h2>\n<p>Jsme profesion\u00e1ln\u00ed v\u00fdrobce specializuj\u00edc\u00ed se na v\u00fdrobu n\u00e1hradn\u00edch hydraulick\u00fdch v\u00e1lc\u016f. D\u00edky \u0161irok\u00e9 nab\u00eddce produkt\u016f jsme se stali jedn\u00edm z p\u0159edn\u00edch v\u00fdrobc\u016f a velkoobchodn\u00edk\u016f s hydraulick\u00fdmi v\u00e1lci na dom\u00e1c\u00edm i mezin\u00e1rodn\u00edm trhu. N\u00e1\u0161 z\u00e1vazek k vynikaj\u00edc\u00ed kvalit\u011b je podpo\u0159en na\u0161\u00ed strategi\u00ed industrializovan\u00e9ho \u0159\u00edzen\u00ed v\u00fdroby a nejmodern\u011bj\u0161\u00edmi v\u00fdrobn\u00edmi za\u0159\u00edzen\u00edmi. Zav\u00e1d\u011bn\u00edm pokro\u010dil\u00e9ho digit\u00e1ln\u00edho v\u00fdrobn\u00edho za\u0159\u00edzen\u00ed a profesion\u00e1ln\u00edch testovac\u00edch syst\u00e9m\u016f neust\u00e1le optimalizujeme na\u0161i v\u00fdrobn\u00ed platformu a zlep\u0161ujeme procesy kontroly kvality na\u0161ich v\u00fdrobk\u016f, \u010d\u00edm\u017e demonstrujeme siln\u00e9 inova\u010dn\u00ed schopnosti. Na\u0161\u00edm c\u00edlem je uspokojovat rozmanit\u00e9 pot\u0159eby z\u00e1kazn\u00edk\u016f s efektivitou, p\u0159esnost\u00ed a vysoce kvalitn\u00edmi produkty.<\/p>\n<p><img decoding=\"async\" src=\"https:\/\/www.hydraulic-cylinders.net\/wp-content\/uploads\/2025\/01\/songte-company-4.webp\" alt=\"Image spole\u010dnosti\"><br \/>\n<img decoding=\"async\" src=\"https:\/\/www.hydraulic-cylinders.net\/wp-content\/uploads\/2025\/01\/songte-company-3.webp\" alt=\"Image spole\u010dnosti\"><\/p>\n<h2>Na\u0161e siln\u00e9 str\u00e1nky<\/h2>\n<ul>\n<li>\n<h3>Profesionalita<\/h3>\n<p>M\u00e1me t\u00fdm odborn\u00edk\u016f a profesion\u00e1l\u016f, kte\u0159\u00ed maj\u00ed zku\u0161enosti s v\u00fdrobou hydraulick\u00fdch v\u00e1lc\u016f a hlubok\u00e9 znalosti dan\u00e9ho odv\u011btv\u00ed.<\/p>\n<\/li>\n<li>\n<h3>Mezin\u00e1rodn\u00ed certifikace<\/h3>\n<p>Na\u0161e v\u00fdrobky spl\u0148uj\u00ed mezin\u00e1rodn\u00ed standardy kvality a maj\u00ed<\/p>","protected":false},"excerpt":{"rendered":"<p>Arm Cylinder for Sumitomo Middle Excavator SH210-5 Product Definition An arm cylinder is a specially designed hydraulic cylinder that is used to provide linear motion and power to the arm of various machinery, such as excavators, cranes, and robotic arms. The arm cylinder plays a crucial role in hydraulic systems, allowing additional tools or attachments [&hellip;]<\/p>","protected":false},"featured_media":14763,"comment_status":"open","ping_status":"closed","template":"","meta":{"_et_pb_use_builder":"","_et_pb_old_content":"","_et_gb_content_width":""},"product_brand":[],"product_cat":[1497],"product_tag":[1498,1496],"class_list":{"0":"post-16101","1":"product","2":"type-product","3":"status-publish","4":"has-post-thumbnail","6":"product_cat-arm-cylinders","7":"product_tag-arm-cylinders","8":"product_tag-hydraulic-cylinders","10":"first","11":"instock","12":"shipping-taxable","13":"product-type-simple"},"amp_enabled":true,"_links":{"self":[{"href":"https:\/\/www.hydraulic-cylinders.net\/cs\/wp-json\/wp\/v2\/product\/16101","targetHints":{"allow":["GET"]}}],"collection":[{"href":"https:\/\/www.hydraulic-cylinders.net\/cs\/wp-json\/wp\/v2\/product"}],"about":[{"href":"https:\/\/www.hydraulic-cylinders.net\/cs\/wp-json\/wp\/v2\/types\/product"}],"replies":[{"embeddable":true,"href":"https:\/\/www.hydraulic-cylinders.net\/cs\/wp-json\/wp\/v2\/comments?post=16101"}],"wp:featuredmedia":[{"embeddable":true,"href":"https:\/\/www.hydraulic-cylinders.net\/cs\/wp-json\/wp\/v2\/media\/14763"}],"wp:attachment":[{"href":"https:\/\/www.hydraulic-cylinders.net\/cs\/wp-json\/wp\/v2\/media?parent=16101"}],"wp:term":[{"taxonomy":"product_brand","embeddable":true,"href":"https:\/\/www.hydraulic-cylinders.net\/cs\/wp-json\/wp\/v2\/product_brand?post=16101"},{"taxonomy":"product_cat","embeddable":true,"href":"https:\/\/www.hydraulic-cylinders.net\/cs\/wp-json\/wp\/v2\/product_cat?post=16101"},{"taxonomy":"product_tag","embeddable":true,"href":"https:\/\/www.hydraulic-cylinders.net\/cs\/wp-json\/wp\/v2\/product_tag?post=16101"}],"curies":[{"name":"wp","href":"https:\/\/api.w.org\/{rel}","templated":true}]}}