{"id":1613,"date":"2023-10-08T02:59:47","date_gmt":"2023-10-08T02:59:47","guid":{"rendered":"https:\/\/hydraulic-cylinders.net\/?post_type=product&#038;p=1613"},"modified":"2025-04-01T07:35:41","modified_gmt":"2025-04-01T07:35:41","slug":"mining-dump-truck-piston-accumulator","status":"publish","type":"product","link":"https:\/\/www.hydraulic-cylinders.net\/cs\/produkt\/mining-dump-truck-piston-accumulator\/","title":{"rendered":"P\u00edstov\u00fd akumul\u00e1tor pro t\u011b\u017eebn\u00ed skl\u00e1p\u011b\u010d"},"content":{"rendered":"<h1 style=\"text-align: center;\"><strong>P\u00edstov\u00fd akumul\u00e1tor pro t\u011b\u017eebn\u00ed skl\u00e1p\u011b\u010d<\/strong><\/h1>\n<p><img loading=\"lazy\" decoding=\"async\" class=\"aligncenter wp-image-1614\" src=\"https:\/\/hydraulic-cylinders.net\/wp-content\/uploads\/2023\/10\/piston-accumulator-1-300x300.webp\" alt=\"\" width=\"400\" height=\"400\" \/><\/p>\n<p>Spolehlivost a bezpe\u010dnost za\u0159\u00edzen\u00ed jsou v n\u00e1ro\u010dn\u00e9m sv\u011bt\u011b t\u011b\u017eebn\u00edch operac\u00ed prvo\u0159ad\u00e9. P\u00edstov\u00fd akumul\u00e1tor d\u016fln\u00edch skl\u00e1p\u011b\u010d\u016f je kl\u00ed\u010dovou sou\u010d\u00e1st\u00ed navr\u017eenou pro optimalizaci v\u00fdkonu a zv\u00fd\u0161en\u00ed bezpe\u010dnosti d\u016fln\u00edch skl\u00e1p\u011b\u010d\u016f.<\/p>\n<p>P\u00edstov\u00fd akumul\u00e1tor pro d\u016fln\u00ed dampry je kl\u00ed\u010dovou sou\u010d\u00e1st\u00ed, kter\u00e1 zvy\u0161uje v\u00fdkon a bezpe\u010dnost d\u016fln\u00edch dampr\u016f. Jeho vysokotlak\u00fd v\u00fdkon, efektivn\u00ed ukl\u00e1d\u00e1n\u00ed energie a bezpe\u010dnostn\u00ed prvky zaji\u0161\u0165uj\u00ed spolehliv\u00fd a pohotov\u00fd hydraulick\u00fd provoz. Integrac\u00ed p\u00edstov\u00e9ho akumul\u00e1toru pro d\u016fln\u00ed dampry do va\u0161eho vozov\u00e9ho parku a dodr\u017eov\u00e1n\u00edm spr\u00e1vn\u00fdch metod pou\u017e\u00edv\u00e1n\u00ed a postup\u016f \u00fadr\u017eby m\u016f\u017eete optimalizovat v\u00fdkon, efektivitu a bezpe\u010dnost va\u0161ich t\u011b\u017eebn\u00edch operac\u00ed. Vyberte si tuto v\u00fdjime\u010dnou sou\u010d\u00e1st a odemkn\u011bte pln\u00fd potenci\u00e1l va\u0161ich d\u016fln\u00edch dampr\u016f.<\/p>\n<p>Kl\u00ed\u010dov\u00e9 vlastnosti p\u00edstov\u00e9ho akumul\u00e1toru pro t\u011b\u017eebn\u00ed skl\u00e1p\u011b\u010d:<\/p>\n<ol>\n<li>V\u00fdkon p\u0159i vysok\u00e9m tlaku:<\/li>\n<\/ol>\n<ul>\n<li>P\u00edstov\u00fd akumul\u00e1tor pro d\u016fln\u00ed skl\u00e1p\u011b\u010d je navr\u017een tak, aby odolal vysokotlak\u00e9mu prost\u0159ed\u00ed, kter\u00e9 se b\u011b\u017en\u011b vyskytuje v t\u011b\u017eebn\u00edch provozech.<\/li>\n<li>Jeho robustn\u00ed konstrukce a odoln\u00e9 materi\u00e1ly zaji\u0161\u0165uj\u00ed spolehliv\u00fd v\u00fdkon i v n\u00e1ro\u010dn\u00fdch podm\u00ednk\u00e1ch.<\/li>\n<\/ul>\n<ol start=\"2\">\n<li>Efektivn\u00ed skladov\u00e1n\u00ed energie:<\/li>\n<\/ol>\n<ul>\n<li>Tento p\u00edstov\u00fd akumul\u00e1tor efektivn\u011b ukl\u00e1d\u00e1 hydraulickou energii, co\u017e umo\u017e\u0148uje rychl\u00e9 a pohotov\u00e9 ovl\u00e1d\u00e1n\u00ed r\u016fzn\u00fdch hydraulick\u00fdch funkc\u00ed skl\u00e1p\u011b\u010de.<\/li>\n<li>Zaji\u0161\u0165uje konzistentn\u00ed dod\u00e1vku energie, minimalizuje kol\u00eds\u00e1n\u00ed tlaku v syst\u00e9mu a optimalizuje celkov\u00fd v\u00fdkon.<\/li>\n<\/ul>\n<ol start=\"3\">\n<li>Zv\u00fd\u0161en\u00ed bezpe\u010dnosti:<\/li>\n<\/ol>\n<ul>\n<li>P\u00edstov\u00fd akumul\u00e1tor d\u016fln\u00edho skl\u00e1p\u011b\u010de funguje jako bezpe\u010dnostn\u00ed za\u0159\u00edzen\u00ed t\u00edm, \u017ee poskytuje rezervu hydraulick\u00e9 energie pro nouzov\u00e9 situace.<\/li>\n<li>Pom\u00e1h\u00e1 p\u0159edch\u00e1zet potenci\u00e1ln\u00edm nehod\u00e1m nebo \u0161kod\u00e1m zp\u016fsoben\u00fdm n\u00e1hl\u00fdmi selh\u00e1n\u00edmi syst\u00e9mu nebo p\u0159eru\u0161en\u00edm nap\u00e1jen\u00ed.<\/li>\n<\/ul>\n<h2><strong>Parametr p\u00edstov\u00e9ho akumul\u00e1toru t\u011b\u017eebn\u00edho skl\u00e1p\u011b\u010de:<\/strong><\/h2>\n<table border=\"1\" cellspacing=\"0\" cellpadding=\"0\">\n<tbody>\n<tr>\n<td>N\u00e1zev produktu<\/td>\n<td>P\u00edstov\u00fd akumul\u00e1tor pro t\u011b\u017eebn\u00ed skl\u00e1p\u011b\u010d<\/td>\n<\/tr>\n<tr>\n<td>Vlastnosti:<\/td>\n<td>Zat\u00ed\u017een\u00ed je v re\u00e1ln\u00e9m \u010dase rovnom\u011brn\u011b rozlo\u017eeno na st\u0159edn\u00ed a zadn\u00ed n\u00e1pravu, aby se vyrovnala \u00fanosnost n\u00e1prav.<\/td>\n<\/tr>\n<tr>\n<td>Tahov\u00e1 s\u00edla:<\/td>\n<td>Maxim\u00e1ln\u00ed 27,5 MPa<\/td>\n<\/tr>\n<tr>\n<td>Pou\u017eit\u00ed p\u00edstov\u00fdch akumul\u00e1tor\u016f:<\/td>\n<td>D\u016fln\u00ed skl\u00e1p\u011b\u010d<\/td>\n<\/tr>\n<\/tbody>\n<\/table>\n<h2><strong>Sch\u00e9ma identifikace v\u00e1lce d\u016fln\u00edho skl\u00e1p\u011b\u010de:<\/strong><\/h2>\n<p><img loading=\"lazy\" decoding=\"async\" class=\"alignnone wp-image-1594 size-full\" src=\"https:\/\/hydraulic-cylinders.net\/wp-content\/uploads\/2023\/10\/mining-dump-truck-cylinder.webp\" alt=\"\" width=\"1418\" height=\"946\" srcset=\"https:\/\/hydraulic-cylinders.net\/wp-content\/uploads\/2023\/10\/mining-dump-truck-cylinder.webp 1418w, https:\/\/hydraulic-cylinders.net\/wp-content\/uploads\/2023\/10\/mining-dump-truck-cylinder-1280x854.webp 1280w, https:\/\/hydraulic-cylinders.net\/wp-content\/uploads\/2023\/10\/mining-dump-truck-cylinder-980x654.webp 980w, https:\/\/hydraulic-cylinders.net\/wp-content\/uploads\/2023\/10\/mining-dump-truck-cylinder-480x320.webp 480w\" sizes=\"(min-width: 0px) and (max-width: 480px) 480px, (min-width: 481px) and (max-width: 980px) 980px, (min-width: 981px) and (max-width: 1280px) 1280px, (min-width: 1281px) 1418px, 100vw\" \/><\/p>\n<h2><strong>Zp\u016fsob pou\u017eit\u00ed p\u00edstov\u00e9ho akumul\u00e1toru t\u011b\u017eebn\u00edho skl\u00e1p\u011b\u010de<\/strong><strong>:<\/strong><\/h2>\n<ol>\n<li><strong>Integrace do hydraulick\u00e9ho syst\u00e9mu:<\/strong><\/li>\n<\/ol>\n<ul>\n<li>P\u00edstov\u00fd akumul\u00e1tor d\u016fln\u00edho skl\u00e1p\u011b\u010de je integrov\u00e1n do hydraulick\u00e9ho syst\u00e9mu skl\u00e1p\u011b\u010de.<\/li>\n<li>Obvykle je p\u0159ipojen k hydraulick\u00e9mu \u010derpadlu a strategicky um\u00edst\u011bn v syst\u00e9mu pro optimalizaci ukl\u00e1d\u00e1n\u00ed a dod\u00e1vky energie.<\/li>\n<\/ul>\n<ol start=\"2\">\n<li><strong>Hydraulick\u00e9 skladov\u00e1n\u00ed energie:<\/strong><\/li>\n<\/ol>\n<ul>\n<li>Akumul\u00e1tor ukl\u00e1d\u00e1 hydraulickou energii b\u011bhem obdob\u00ed n\u00edzk\u00e9 popt\u00e1vky nebo kdy\u017e se hydraulick\u00e9 funkce nepou\u017e\u00edvaj\u00ed.<\/li>\n<li>S rostouc\u00ed popt\u00e1vkou po hydraulick\u00e9 energii se uvol\u0148uje ulo\u017een\u00e1 energie, co\u017e poskytuje spolehliv\u00fd a okam\u017eit\u00fd zdroj energie.<\/li>\n<\/ul>\n<ol start=\"3\">\n<li><strong>Spr\u00e1vn\u00e9 dimenzov\u00e1n\u00ed a konfigurace:<\/strong><\/li>\n<\/ol>\n<ul>\n<li>Je nezbytn\u00e9 zvolit vhodnou velikost a konfiguraci p\u00edstov\u00e9ho akumul\u00e1toru d\u016fln\u00edho skl\u00e1p\u011b\u010de, aby odpov\u00eddal specifick\u00fdm po\u017eadavk\u016fm hydraulick\u00e9ho syst\u00e9mu skl\u00e1p\u011b\u010de.<\/li>\n<li>Konzultace s odborn\u00edky nebo nahl\u00e9dnut\u00ed do pokyn\u016f v\u00fdrobce m\u016f\u017ee zajistit optim\u00e1ln\u00ed v\u00fdkon a bezpe\u010dnost.<\/li>\n<\/ul>\n<h2><strong>Co je to uzav\u0159en\u00fd hydraulick\u00fd syst\u00e9m?<\/strong><\/h2>\n<p>Uzav\u0159en\u00fd hydraulick\u00fd syst\u00e9m, zn\u00e1m\u00fd tak\u00e9 jako hydraulick\u00fd syst\u00e9m s uzav\u0159en\u00fdm st\u0159edem, se b\u011b\u017en\u011b pou\u017e\u00edv\u00e1 v pr\u016fmyslov\u00fdch stroj\u00edch a mobiln\u00edch za\u0159\u00edzen\u00edch. Vyu\u017e\u00edv\u00e1 \u010derpadlo s prom\u011bnn\u00fdm v\u00fdtla\u010dn\u00fdm objemem k udr\u017een\u00ed konstantn\u00edho tlaku v hydraulick\u00e9m syst\u00e9mu bez ohledu na po\u017eadavky na zat\u00ed\u017een\u00ed.<\/p>\n<p>Zde jsou kl\u00ed\u010dov\u00e9 vlastnosti a komponenty uzav\u0159en\u00e9ho hydraulick\u00e9ho syst\u00e9mu:<\/p>\n<ol>\n<li><strong>\u010cerpadlo s prom\u011bnn\u00fdm objemem:<\/strong> Uzav\u0159en\u00fd hydraulick\u00fd syst\u00e9m vyu\u017e\u00edv\u00e1 k dod\u00e1vk\u011b hydraulick\u00e9 kapaliny do syst\u00e9mu \u010derpadlo s prom\u011bnn\u00fdm objemem. \u010cerpadlo upravuje sv\u016fj objem neboli zdvihov\u00fd objem na z\u00e1klad\u011b po\u017eadavk\u016f na zat\u00ed\u017een\u00ed a udr\u017euje konstantn\u00ed tlak.<\/li>\n<li><strong>Kompenz\u00e1tor tlaku:<\/strong> Kompenz\u00e1tor tlaku, zn\u00e1m\u00fd tak\u00e9 jako regula\u010dn\u00ed ventil tlaku, reguluje a \u0159\u00edd\u00ed tlak v syst\u00e9mu. Zaji\u0161\u0165uje, aby tlak z\u016fstal konstantn\u00ed, i kdy\u017e se po\u017eadavky na zat\u00ed\u017een\u00ed zm\u011bn\u00ed.<\/li>\n<li><strong>\u0158\u00edzen\u00ed zp\u011btn\u00e9 vazby:<\/strong> Hydraulick\u00e9 syst\u00e9my s uzav\u0159enou smy\u010dkou obsahuj\u00ed mechanismy zp\u011btn\u00e9 vazby pro monitorov\u00e1n\u00ed a \u00fapravu tlaku v syst\u00e9mu. Tato zp\u011btn\u00e1 vazba umo\u017e\u0148uje p\u0159esnou regulaci tlaku a zaji\u0161\u0165uje optim\u00e1ln\u00ed v\u00fdkon a \u00fa\u010dinnost.<\/li>\n<li><strong>Hydraulick\u00fd motor nebo pohon:<\/strong> Hydraulick\u00fd motor nebo pohon p\u0159em\u011b\u0148uje hydraulickou energii na mechanick\u00fd pohyb nebo s\u00edlu. P\u0159ij\u00edm\u00e1 hydraulickou kapalinu z uzav\u0159en\u00e9ho syst\u00e9mu a p\u0159em\u011b\u0148uje ji na rota\u010dn\u00ed nebo line\u00e1rn\u00ed pohyb pro vykon\u00e1n\u00ed pr\u00e1ce.<\/li>\n<li><strong>Hydraulick\u00e1 n\u00e1dr\u017e:<\/strong> Hydraulick\u00e1 n\u00e1dr\u017e uchov\u00e1v\u00e1 hydraulickou kapalinu pot\u0159ebnou pro provoz uzav\u0159en\u00e9ho hydraulick\u00e9ho syst\u00e9mu. Poskytuje zdroj kapaliny pro \u010derpadlo a funguje jako odvod tepla, \u010d\u00edm\u017e pom\u00e1h\u00e1 udr\u017eovat teplotu kapaliny v p\u0159ijateln\u00fdch mez\u00edch.<\/li>\n<\/ol>\n<h2><strong>Schopnosti a kapacita tov\u00e1rny:<\/strong><\/h2>\n<h3>(1) Mont\u00e1\u017e<\/h3>\n<p>Disponujeme prvot\u0159\u00eddn\u00ed nez\u00e1vislou v\u00fdzkumnou a v\u00fdvojovou mont\u00e1\u017en\u00ed platformou. D\u00edlna na v\u00fdrobu hydraulick\u00fdch v\u00e1lc\u016f m\u00e1 \u010dty\u0159i poloautomatick\u00e9 mont\u00e1\u017en\u00ed linky pro zvedac\u00ed v\u00e1lce a jednu automatickou mont\u00e1\u017en\u00ed linku pro nakl\u00e1p\u011bc\u00ed v\u00e1lce s projektovanou ro\u010dn\u00ed v\u00fdrobn\u00ed kapacitou 1 milion kus\u016f. D\u00edlna na speci\u00e1ln\u00ed v\u00e1lce je vybavena poloautomatick\u00fdm \u010distic\u00edm mont\u00e1\u017en\u00edm syst\u00e9mem s r\u016fzn\u00fdmi specifikacemi a projektovanou ro\u010dn\u00ed v\u00fdrobn\u00ed kapacitou 200 000 kus\u016f a je vybavena zn\u00e1m\u00fdm CNC obr\u00e1b\u011bc\u00edm za\u0159\u00edzen\u00edm, obr\u00e1b\u011bc\u00edm centrem, vysoce p\u0159esn\u00fdm speci\u00e1ln\u00edm za\u0159\u00edzen\u00edm pro zpracov\u00e1n\u00ed v\u00e1lc\u016f, robotick\u00fdm sva\u0159ovac\u00edm strojem, automatick\u00fdm \u010distic\u00edm strojem, automatick\u00fdm mont\u00e1\u017en\u00edm strojem pro v\u00e1lce a automatickou lakovac\u00ed v\u00fdrobn\u00ed linkou. St\u00e1vaj\u00edc\u00ed kritick\u00e9 vybaven\u00ed m\u00e1 v\u00edce ne\u017e 300 sad. Optim\u00e1ln\u00ed alokace a efektivn\u00ed vyu\u017eit\u00ed zdroj\u016f za\u0159\u00edzen\u00ed zaji\u0161\u0165uje po\u017eadavky na p\u0159esnost v\u00fdrobk\u016f a spl\u0148uje po\u017eadavky na vysokou kvalitu v\u00fdrobk\u016f.<\/p>\n<p><img loading=\"lazy\" decoding=\"async\" class=\"alignnone wp-image-626\" src=\"https:\/\/hydraulic-cylinders.net\/wp-content\/uploads\/2023\/08\/hydraulic-cylinder-product-1-300x158.webp\" alt=\"\" width=\"495\" height=\"260\" srcset=\"https:\/\/hydraulic-cylinders.net\/wp-content\/uploads\/2023\/08\/hydraulic-cylinder-product-1-300x158.webp 495w, https:\/\/hydraulic-cylinders.net\/wp-content\/uploads\/2023\/08\/hydraulic-cylinder-product-1-480x252.webp 480w\" sizes=\"(min-width: 0px) and (max-width: 480px) 480px, (min-width: 481px) 495px, 100vw\" \/> <img loading=\"lazy\" decoding=\"async\" class=\"alignnone wp-image-627\" src=\"https:\/\/hydraulic-cylinders.net\/wp-content\/uploads\/2023\/08\/hydraulic-cylinder-product-2-300x189.webp\" alt=\"\" width=\"413\" height=\"260\" \/><\/p>\n<h3>(2) Obr\u00e1b\u011bn\u00ed<\/h3>\n<p>Obrobna je vybavena zak\u00e1zkov\u00fdm soustru\u017enick\u00fdm centrem pro \u0161ikm\u00e9 kolejnice, obr\u00e1b\u011bc\u00edm centrem, vysokorychlostn\u00edm honovac\u00edm strojem, sva\u0159ovac\u00edm robotem a dal\u0161\u00edm souvisej\u00edc\u00edm za\u0159\u00edzen\u00edm, kter\u00e9 zvl\u00e1dne obr\u00e1b\u011bn\u00ed v\u00e1lcov\u00fdch trubek s maxim\u00e1ln\u00edm vnit\u0159n\u00edm pr\u016fm\u011brem 400 mm a maxim\u00e1ln\u00ed d\u00e9lkou 6 metr\u016f.<\/p>\n<p><img loading=\"lazy\" decoding=\"async\" class=\"alignnone wp-image-628 size-large\" src=\"https:\/\/hydraulic-cylinders.net\/wp-content\/uploads\/2023\/08\/hydraulic-cylinder-product-3-1024x391.webp\" alt=\"\" width=\"1024\" height=\"391\" srcset=\"https:\/\/hydraulic-cylinders.net\/wp-content\/uploads\/2023\/08\/hydraulic-cylinder-product-3-980x374.webp 980w, https:\/\/hydraulic-cylinders.net\/wp-content\/uploads\/2023\/08\/hydraulic-cylinder-product-3-480x183.webp 480w\" sizes=\"(min-width: 0px) and (max-width: 480px) 480px, (min-width: 481px) and (max-width: 980px) 980px, (min-width: 981px) 1024px, 100vw\" \/><\/p>\n<h3>(3) Sva\u0159ov\u00e1n\u00ed<\/h3>\n<p><img loading=\"lazy\" decoding=\"async\" class=\"alignnone wp-image-629 size-large\" src=\"https:\/\/hydraulic-cylinders.net\/wp-content\/uploads\/2023\/08\/hydraulic-cylinder-product-4-1024x510.webp\" alt=\"\" width=\"1024\" height=\"510\" srcset=\"https:\/\/hydraulic-cylinders.net\/wp-content\/uploads\/2023\/08\/hydraulic-cylinder-product-4-980x488.webp 980w, https:\/\/hydraulic-cylinders.net\/wp-content\/uploads\/2023\/08\/hydraulic-cylinder-product-4-480x239.webp 480w\" sizes=\"(min-width: 0px) and (max-width: 480px) 480px, (min-width: 481px) and (max-width: 980px) 980px, (min-width: 981px) 1024px, 100vw\" \/><\/p>\n<h3>(4) Lakov\u00e1n\u00ed a n\u00e1t\u011bry<\/h3>\n<p>S mal\u00fdmi a st\u0159edn\u00edmi v\u00e1lcov\u00fdmi automatick\u00fdmi linkami na nan\u00e1\u0161en\u00ed barev na vodn\u00ed b\u00e1zi, pro dosa\u017een\u00ed automatick\u00e9ho robotick\u00e9ho nakl\u00e1d\u00e1n\u00ed a vykl\u00e1d\u00e1n\u00ed a automatick\u00e9ho st\u0159\u00edk\u00e1n\u00ed, je konstruk\u010dn\u00ed kapacita 4000 kus\u016f za sm\u011bnu;<br \/>\nM\u00e1me tak\u00e9 poloautomatickou linku na v\u00fdrobu barev pro velk\u00e9 tlakov\u00e9 lahve poh\u00e1n\u011bn\u00e9 \u0159et\u011bzem s konstruk\u010dn\u00ed kapacitou 60 lahv\u00ed za sm\u011bnu.<\/p>\n<p><img loading=\"lazy\" decoding=\"async\" class=\"alignnone wp-image-630\" src=\"https:\/\/hydraulic-cylinders.net\/wp-content\/uploads\/2023\/08\/hydraulic-cylinder-product-5-300x213.webp\" alt=\"\" width=\"366\" height=\"260\" \/> <img loading=\"lazy\" decoding=\"async\" class=\"alignnone wp-image-631\" src=\"https:\/\/hydraulic-cylinders.net\/wp-content\/uploads\/2023\/08\/hydraulic-cylinder-product-6-300x225.webp\" alt=\"\" width=\"347\" height=\"260\" \/><\/p>\n<h3>(5) Testov\u00e1n\u00ed<\/h3>\n<p>Disponujeme prvot\u0159\u00eddn\u00edmi inspek\u010dn\u00edmi za\u0159\u00edzen\u00edmi a zku\u0161ebn\u00edmi laborato\u0159emi, abychom zajistili, \u017ee v\u00fdkon v\u00e1lce spl\u0148uje po\u017eadavky.<\/p>\n<p><img loading=\"lazy\" decoding=\"async\" class=\"alignnone wp-image-632\" src=\"https:\/\/hydraulic-cylinders.net\/wp-content\/uploads\/2023\/08\/hydraulic-cylinder-product-8-300x200.webp\" alt=\"\" width=\"389\" height=\"260\" \/><\/p>\n<p>&nbsp;<\/p>\n<p>&nbsp;<\/p>\n<p>Jsme jedn\u00edm z nejlep\u0161\u00edch v\u00fdrobc\u016f hydraulick\u00fdch v\u00e1lc\u016f. Nab\u00edz\u00edme komplexn\u00ed hydraulick\u00e9 v\u00e1lce. Dod\u00e1v\u00e1me tak\u00e9 odpov\u00eddaj\u00edc\u00ed <a href=\"https:\/\/hzpt.com\/agricultural-pto-gearbox\/\" target=\"_blank\" rel=\"noopener\">zem\u011bd\u011blsk\u00e9 p\u0159evodovky<\/a>Na\u0161e v\u00fdrobky jsme exportovali klient\u016fm po cel\u00e9m sv\u011bt\u011b a d\u00edky vynikaj\u00edc\u00ed kvalit\u011b v\u00fdrobk\u016f a poprodejn\u00edmu servisu jsme si z\u00edskali dobrou pov\u011bst. V\u00edt\u00e1me z\u00e1kazn\u00edky doma i v zahrani\u010d\u00ed, kte\u0159\u00ed n\u00e1s kontaktuj\u00ed za \u00fa\u010delem vyjedn\u00e1v\u00e1n\u00ed obchodn\u00edch p\u0159\u00edle\u017eitost\u00ed, v\u00fdm\u011bny informac\u00ed a <a href=\"https:\/\/www.hydraulic-cylinders.net\/cs\/contact-us\/\">spolupracujte s n\u00e1mi<\/a>!<\/p>","protected":false},"excerpt":{"rendered":"<p>Mining Dump Truck Piston Accumulator Equipment reliability and safety are paramount in the demanding world of mining operations. The mining dump truck piston accumulator is a crucial component designed to optimize performance and enhance safety in mining dump trucks The mining dump truck piston accumulator is a vital component that enhances performance and safety in [&hellip;]<\/p>","protected":false},"featured_media":1615,"comment_status":"open","ping_status":"closed","template":"","meta":{"_et_pb_use_builder":"","_et_pb_old_content":"","_et_gb_content_width":""},"product_brand":[],"product_cat":[1517,1532,1376],"product_tag":[1380],"class_list":{"0":"post-1613","1":"product","2":"type-product","3":"status-publish","4":"has-post-thumbnail","6":"product_cat-dump-truck-hydraulic-cylinders","7":"product_cat-mining-dump-truck-hydraulic-cylinders","8":"product_cat-hydraulic-cylinder","9":"product_tag-hydraulic-cylinder","11":"first","12":"instock","13":"shipping-taxable","14":"product-type-simple"},"amp_enabled":true,"_links":{"self":[{"href":"https:\/\/www.hydraulic-cylinders.net\/cs\/wp-json\/wp\/v2\/product\/1613","targetHints":{"allow":["GET"]}}],"collection":[{"href":"https:\/\/www.hydraulic-cylinders.net\/cs\/wp-json\/wp\/v2\/product"}],"about":[{"href":"https:\/\/www.hydraulic-cylinders.net\/cs\/wp-json\/wp\/v2\/types\/product"}],"replies":[{"embeddable":true,"href":"https:\/\/www.hydraulic-cylinders.net\/cs\/wp-json\/wp\/v2\/comments?post=1613"}],"wp:featuredmedia":[{"embeddable":true,"href":"https:\/\/www.hydraulic-cylinders.net\/cs\/wp-json\/wp\/v2\/media\/1615"}],"wp:attachment":[{"href":"https:\/\/www.hydraulic-cylinders.net\/cs\/wp-json\/wp\/v2\/media?parent=1613"}],"wp:term":[{"taxonomy":"product_brand","embeddable":true,"href":"https:\/\/www.hydraulic-cylinders.net\/cs\/wp-json\/wp\/v2\/product_brand?post=1613"},{"taxonomy":"product_cat","embeddable":true,"href":"https:\/\/www.hydraulic-cylinders.net\/cs\/wp-json\/wp\/v2\/product_cat?post=1613"},{"taxonomy":"product_tag","embeddable":true,"href":"https:\/\/www.hydraulic-cylinders.net\/cs\/wp-json\/wp\/v2\/product_tag?post=1613"}],"curies":[{"name":"wp","href":"https:\/\/api.w.org\/{rel}","templated":true}]}}