{"id":16164,"date":"2025-01-20T08:34:57","date_gmt":"2025-01-20T08:34:57","guid":{"rendered":"https:\/\/www.hydraulic-cylinders.net\/product\/arm-cylinderfor-caterpillar-middle-excavator-e323dl-323d2l\/"},"modified":"2025-01-20T08:34:59","modified_gmt":"2025-01-20T08:34:59","slug":"arm-cylinderfor-caterpillar-middle-excavator-e323dl-323d2l","status":"publish","type":"product","link":"https:\/\/www.hydraulic-cylinders.net\/cs\/produkt\/arm-cylinderfor-caterpillar-middle-excavator-e323dl-323d2l\/","title":{"rendered":"V\u00e1lec ramene pro st\u0159edn\u00ed bagr Caterpillar E323DL\/323D2L"},"content":{"rendered":"<h1>V\u00e1lec ramene pro st\u0159edn\u00ed bagr Caterpillar E323DL\/323D2L<\/h1>\n<h2>Zaveden\u00ed<\/h2>\n<p>V\u00e1lec ramene je speci\u00e1ln\u011b navr\u017een\u00fd hydraulick\u00fd v\u00e1lec, kter\u00fd poskytuje line\u00e1rn\u00ed pohyb a s\u00edlu rameni r\u016fzn\u00fdch typ\u016f stroj\u016f, jako jsou bagry, je\u0159\u00e1by a robotick\u00e1 ramena. V\u00e1lec ramene hraje kl\u00ed\u010dovou roli v hydraulick\u00e9m syst\u00e9mu, proto\u017ee umo\u017e\u0148uje efektivn\u00ed pohyb a ovl\u00e1d\u00e1n\u00ed p\u0159\u00edslu\u0161enstv\u00ed a p\u0159\u00edslu\u0161enstv\u00ed. Tyto v\u00e1lce nejen zaji\u0161\u0165uj\u00ed plynul\u00fd pohyb, ale tak\u00e9 odol\u00e1vaj\u00ed t\u011b\u017ek\u00fdm z\u00e1t\u011b\u017e\u00edm, \u010d\u00edm\u017e zaji\u0161\u0165uj\u00ed efektivn\u00ed provoz a spolehlivost stroj\u016f za r\u016fzn\u00fdch pracovn\u00edch podm\u00ednek.<\/p>\n<p><img decoding=\"async\" src=\"https:\/\/www.hydraulic-cylinders.net\/wp-content\/uploads\/2025\/01\/songte-company-2.webp\"><\/p>\n<h2>Funkce<\/h2>\n<h3>Efektivn\u00ed p\u0159enos v\u00fdkonu<\/h3>\n<p>V\u00e1lec ramene zaji\u0161\u0165uje siln\u00fd line\u00e1rn\u00ed pohyb a s\u00edlu, co\u017e zaji\u0161\u0165uje vysokou \u00fa\u010dinnost robotick\u00e9ho ramene v r\u016fzn\u00fdch operac\u00edch.<\/p>\n<h3>P\u0159esn\u00e9 ovl\u00e1d\u00e1n\u00ed<\/h3>\n<p>Pomoc\u00ed hydraulick\u00e9ho syst\u00e9mu m\u016f\u017ee v\u00e1lec ramene dos\u00e1hnout p\u0159esn\u00e9ho ovl\u00e1d\u00e1n\u00ed pohybu, co\u017e zvy\u0161uje flexibilitu a p\u0159esnost ovl\u00e1d\u00e1n\u00ed p\u0159\u00edslu\u0161enstv\u00ed.<\/p>\n<h3>Vysok\u00e1 odolnost<\/h3>\n<p>V\u00e1lec ramene je obvykle vyroben z vysoce pevn\u00fdch materi\u00e1l\u016f, kter\u00e9 maj\u00ed dobrou odolnost proti opot\u0159eben\u00ed a korozi, d\u00edky \u010demu\u017e jsou vhodn\u00e9 pro dlouhodob\u00e9 pou\u017e\u00edv\u00e1n\u00ed v n\u00e1ro\u010dn\u00fdch podm\u00ednk\u00e1ch.<\/p>\n<h3>Multifunk\u010dn\u00ed p\u0159izp\u016fsobivost<\/h3>\n<p>Tyto v\u00e1lce lze \u0161iroce pou\u017e\u00edvat v r\u016fzn\u00fdch mechanick\u00fdch za\u0159\u00edzen\u00edch, jako jsou bagry, je\u0159\u00e1by a robotick\u00e1 ramena, a p\u0159izp\u016fsobit se tak r\u016fzn\u00fdm pracovn\u00edm po\u017eadavk\u016fm.<\/p>\n<h3>Snadn\u00e1 \u00fadr\u017eba<\/h3>\n<p>Konstrukce zohled\u0148uje snadnou \u00fadr\u017ebu a v\u00fdm\u011bnu, co\u017e usnad\u0148uje pravideln\u00e9 kontroly a \u00fadr\u017ebu a zkracuje prostoje za\u0159\u00edzen\u00ed.<\/p>\n<p><img decoding=\"async\" src=\"https:\/\/www.hydraulic-cylinders.net\/wp-content\/uploads\/2025\/01\/songte-oil-pipes-and-spare-parts.webp\"><\/p>\n<h2>Aplikace<\/h2>\n<h3>Stavebn\u00ed in\u017een\u00fdrstv\u00ed<\/h3>\n<p>U bagr\u016f a je\u0159\u00e1b\u016f se v\u00e1lec ramene pou\u017e\u00edv\u00e1 k ovl\u00e1d\u00e1n\u00ed pohybu l\u017e\u00edce nebo v\u00fdlo\u017en\u00edku, k prov\u00e1d\u011bn\u00ed zemn\u00edch prac\u00ed, manipulace s materi\u00e1lem a mont\u00e1\u017ee konstrukc\u00ed.<\/p>\n<h3>Zpracovatelsk\u00fd pr\u016fmysl<\/h3>\n<p>V automatizovan\u00fdch v\u00fdrobn\u00edch link\u00e1ch se v\u00e1lec ramene pou\u017e\u00edv\u00e1 k pohonu pohybu robotick\u00fdch ramen, prov\u00e1d\u011bn\u00ed mont\u00e1\u017en\u00edch, sva\u0159ovac\u00edch a manipula\u010dn\u00edch proces\u016f, \u010d\u00edm\u017e se zvy\u0161uje efektivita a p\u0159esnost v\u00fdroby.<\/p>\n<h3>Zem\u011bd\u011blsk\u00e9 stroje<\/h3>\n<p>V zem\u011bd\u011blsk\u00fdch stroj\u00edch, jako jsou skl\u00edzec\u00ed a sec\u00ed stroje, v\u00e1lec ramene ovl\u00e1d\u00e1 pohyb opera\u010dn\u00edho ramene a prov\u00e1d\u00ed \u00fakoly, jako je set\u00ed, hnojen\u00ed a sklize\u0148.<\/p>\n<h3>T\u011b\u017eebn\u00ed pr\u016fmysl<\/h3>\n<p>V t\u011b\u017eebn\u00edm za\u0159\u00edzen\u00ed se v\u00e1lec ramene pou\u017e\u00edv\u00e1 k ovl\u00e1d\u00e1n\u00ed pohybu ramene t\u011b\u017eebn\u00edho za\u0159\u00edzen\u00ed, k prov\u00e1d\u011bn\u00ed t\u011b\u017eby a p\u0159epravy rud.<\/p>\n<h3>Logistika a doprava<\/h3>\n<p>U vysokozdvi\u017en\u00fdch voz\u00edk\u016f a manipula\u010dn\u00edch robot\u016f se v\u00e1lec ramene pou\u017e\u00edv\u00e1 k ovl\u00e1d\u00e1n\u00ed zved\u00e1n\u00ed a pohybu vidlic, \u010d\u00edm\u017e se realizuje manipulace a stohov\u00e1n\u00ed materi\u00e1l\u016f.<\/p>\n<p><img decoding=\"async\" src=\"https:\/\/www.hydraulic-cylinders.net\/wp-content\/uploads\/2025\/01\/songte-chushion-collar.webp\"><\/p>\n<h2>Konstruk\u010dn\u00ed aspekty a krit\u00e9ria v\u00fdb\u011bru<\/h2>\n<h3>\u00danosnost<\/h3>\n<p>V\u00e1lec ramene by m\u011bl b\u00fdt schopen odolat maxim\u00e1ln\u00edmu zat\u00ed\u017een\u00ed pot\u0159ebn\u00e9mu p\u0159i provozu stroje.<\/p>\n<h3>T\u011bsnic\u00ed v\u00fdkon<\/h3>\n<p>V\u00e1lec ramene by m\u011bl b\u00fdt vybaven r\u016fzn\u00fdmi t\u011bsnic\u00edmi prvky, jako jsou t\u011bsn\u011bn\u00ed p\u00edstu a t\u011bsn\u011bn\u00ed p\u00edstnice, kter\u00e9 jsou vyrobeny z materi\u00e1l\u016f odoln\u00fdch proti opot\u0159eben\u00ed, aby byl zaji\u0161t\u011bn dobr\u00fd t\u011bsnic\u00ed \u00fa\u010dinek.<\/p>\n<h3>Trvanlivost<\/h3>\n<p>V\u00e1lec ramene by m\u011bl b\u00fdt vyroben z vysoce pevn\u00fdch materi\u00e1l\u016f s dobrou odolnost\u00ed proti opot\u0159eben\u00ed a korozi a t\u011bleso v\u00e1lce a z\u00e1vitov\u00e9 koncov\u00e9 plochy by m\u011bly b\u00fdt jemn\u011b opracov\u00e1ny pro zlep\u0161en\u00ed odolnosti proti opot\u0159eben\u00ed.<\/p>\n<h3>Bezpe\u010dnost<\/h3>\n<p>V\u00e1lec ramene by m\u011bl b\u00fdt navr\u017een s r\u016fzn\u00fdmi bezpe\u010dnostn\u00edmi prvky, jako jsou pojistn\u00e9 ventily a n\u00e1razn\u00edkov\u00e1 za\u0159\u00edzen\u00ed, aby byl zaji\u0161t\u011bn bezpe\u010dn\u00fd provoz.<\/p>\n<h3>Udr\u017eovatelnost<\/h3>\n<p>Konstrukce v\u00e1lce ramene by m\u011bla zohled\u0148ovat snadnou \u00fadr\u017ebu a v\u00fdm\u011bnu, co\u017e by usnad\u0148ovalo pravideln\u00e9 kontroly a \u00fadr\u017ebu a zkracovalo prostoje za\u0159\u00edzen\u00ed.<\/p>\n<p><img decoding=\"async\" src=\"https:\/\/www.hydraulic-cylinders.net\/wp-content\/uploads\/2025\/01\/songte-cylinder-head-with-all-kinds-excavator-models.webp\"><\/p>\n<h2>T\u011bsn\u011bn\u00ed a maz\u00e1n\u00ed<\/h2>\n<p>V\u00e1lec ramene by m\u011bl b\u00fdt vybaven r\u016fzn\u00fdmi t\u011bsnic\u00edmi prvky, jako jsou t\u011bsn\u011bn\u00ed p\u00edstu a p\u00edstnice, kter\u00e9 jsou vyrobeny z materi\u00e1l\u016f odoln\u00fdch proti opot\u0159eben\u00ed, jako je polyuretan a nitrilov\u00fd kau\u010duk, aby byl zaji\u0161t\u011bn dobr\u00fd t\u011bsnic\u00ed \u00fa\u010dinek. T\u011bleso v\u00e1lce a z\u00e1vitov\u00e9 konce by m\u011bly b\u00fdt jemn\u011b opracov\u00e1ny pro zlep\u0161en\u00ed odolnosti proti opot\u0159eben\u00ed. Pro maz\u00e1n\u00ed je nutn\u00e9 pravideln\u011b p\u0159id\u00e1vat vhodn\u00fd hydraulick\u00fd olej.<\/p>\n<h2>Pravideln\u00e1 kontrola a preventivn\u00ed \u00fadr\u017eba<\/h2>\n<ul>\n<li>Zkontrolujte v\u00e1lec ramene, zda nen\u00ed abnorm\u00e1ln\u011b opot\u0159ebovan\u00fd a deformovan\u00fd.<\/li>\n<li>Zkontrolujte \u00fanik oleje ve v\u00e1lci<\/li>\n<li>Zkontrolujte t\u011bsnost z\u00e1vitov\u00e9ho spoje<\/li>\n<li>V\u010das vym\u011b\u0148te po\u0161kozen\u00e9 t\u011bsnic\u00ed komponenty<\/li>\n<li>Pravideln\u00e9 dopl\u0148ov\u00e1n\u00ed hydraulick\u00e9ho oleje pro maz\u00e1n\u00ed<\/li>\n<\/ul>\n<h2>Pr\u016fvodce instalac\u00ed produktu<\/h2>\n<p>V\u00e1lec ramene by m\u011bl b\u00fdt instalov\u00e1n v souladu se specifikacemi v\u00fdrobce a m\u011bl by b\u00fdt dodr\u017eov\u00e1n p\u0159\u00edsn\u00fd postup, aby byl zaji\u0161t\u011bn bezpe\u010dn\u00fd a spolehliv\u00fd provoz. Spr\u00e1vn\u00e1 instalace a \u00fadr\u017eba m\u016f\u017ee v\u00fdrazn\u011b prodlou\u017eit \u017eivotnost v\u00e1lce ramene. <\/p>\n<p><img decoding=\"async\" src=\"https:\/\/www.hydraulic-cylinders.net\/wp-content\/uploads\/2025\/01\/songte-bushings-with-all-kinds-of-excavator-models.webp\"><\/p>\n<h2>Bezpe\u010dnostn\u00ed aspekty a faktory prost\u0159ed\u00ed<\/h2>\n<p>Bezpe\u010dnost v\u00e1lce ramene je nanejv\u00fd\u0161 d\u016fle\u017eit\u00e1 pro zaji\u0161t\u011bn\u00ed bezpe\u010dn\u00e9ho provozu. Aby se zabr\u00e1nilo nehod\u00e1m, m\u011bly by b\u00fdt instalov\u00e1ny r\u016fzn\u00e9 bezpe\u010dnostn\u00ed komponenty, jako jsou pojistn\u00e9 ventily a n\u00e1razn\u00edkov\u00e1 za\u0159\u00edzen\u00ed. Pro zaji\u0161t\u011bn\u00ed stabiln\u00edho v\u00fdkonu v\u00e1lce ramene je t\u0159eba zohlednit tak\u00e9 faktory prost\u0159ed\u00ed, jako je teplota, vlhkost a prach.<\/p>\n<h2>Odstra\u0148ov\u00e1n\u00ed probl\u00e9m\u016f a b\u011b\u017en\u00e9 probl\u00e9my<\/h2>\n<ul>\n<li>\u00danik oleje ve v\u00e1lci<\/li>\n<li>Abnorm\u00e1ln\u00ed opot\u0159eben\u00ed a deformace v\u00e1lce<\/li>\n<li>Po\u0161kozen\u00ed t\u011bsnic\u00edch sou\u010d\u00e1st\u00ed<\/li>\n<li>Voln\u00e9 z\u00e1vitov\u00e9 spojen\u00ed<\/li>\n<li>Porucha pojistn\u00e9ho ventilu<\/li>\n<\/ul>\n<h2>Tipy pro \u0159e\u0161en\u00ed a prevenci chyb<\/h2>\n<ul>\n<li>Pravideln\u00e1 kontrola a \u00fadr\u017eba v\u00e1lce ramene<\/li>\n<li>V\u010dasn\u00e1 v\u00fdm\u011bna po\u0161kozen\u00fdch t\u011bsnic\u00edch sou\u010d\u00e1st\u00ed<\/li>\n<li>Uta\u017een\u00ed z\u00e1vitov\u00e9ho spoje<\/li>\n<li>Pravideln\u00e9 dopl\u0148ov\u00e1n\u00ed vhodn\u00e9ho hydraulick\u00e9ho oleje pro maz\u00e1n\u00ed<\/li>\n<li>Instalace bezpe\u010dnostn\u00edch komponent\u016f, jako jsou pojistn\u00e9 ventily a vyrovn\u00e1vac\u00ed za\u0159\u00edzen\u00ed<\/li>\n<\/ul>\n<p><img decoding=\"async\" src=\"https:\/\/www.hydraulic-cylinders.net\/wp-content\/uploads\/2025\/01\/songte-company-4.webp\"><br \/>\n<img decoding=\"async\" src=\"https:\/\/www.hydraulic-cylinders.net\/wp-content\/uploads\/2025\/01\/songte-company-3.webp\"><\/p>\n<h2>O n\u00e1s<\/h2>\n<p>Jsme profesion\u00e1ln\u00ed v\u00fdrobce n\u00e1hradn\u00edch hydraulick\u00fdch v\u00e1lc\u016f a nab\u00edz\u00edme \u0161irokou \u0161k\u00e1lu produkt\u016f. Stali jsme se jedn\u00edm z p\u0159edn\u00edch v\u00fdrobc\u016f a velkoobchodn\u00edch distributor\u016f hydraulick\u00fdch v\u00e1lc\u016f na dom\u00e1c\u00edm i mezin\u00e1rodn\u00edm trhu. V\u017edy se dr\u017e\u00edme principu vynikaj\u00edc\u00ed kvality, spol\u00e9h\u00e1me se na strategii industrializovan\u00e9ho \u0159\u00edzen\u00ed v\u00fdroby v r\u00e1mci kvalitn\u00ed v\u00fdrobn\u00ed d\u00edlny a neust\u00e1le zlep\u0161ujeme na\u0161i technickou \u00farove\u0148 a efektivitu v\u00fdroby. Zav\u00e1d\u011bn\u00edm \u0161pi\u010dkov\u00e9ho digit\u00e1ln\u00edho v\u00fdrobn\u00edho za\u0159\u00edzen\u00ed a profesion\u00e1ln\u00edch testovac\u00edch syst\u00e9m\u016f neust\u00e1le optimalizujeme v\u00fdrobn\u00ed platformu, zlep\u0161ujeme proces kontroly kvality v\u00fdrobk\u016f a m\u00e1me siln\u00e9 inova\u010dn\u00ed schopnosti. Na\u0161\u00edm c\u00edlem je uspokojovat rozmanit\u00e9 pot\u0159eby z\u00e1kazn\u00edk\u016f s vysokou efektivitou, p\u0159esnost\u00ed a vysokou kvalitou.<\/p>\n<h3>Profesionalita<\/h3>\n<p>M\u00e1me t\u00fdm vysoce kvalifikovan\u00fdch odborn\u00edk\u016f, kte\u0159\u00ed se v\u011bnuj\u00ed poskytov\u00e1n\u00ed vysoce kvalitn\u00edch produkt\u016f a slu\u017eeb z\u00e1kazn\u00edk\u016fm.<\/p>\n<h3>Mezin\u00e1rodn\u00ed certifikace<\/h3>\n<p>Na\u0161e v\u00fdrobky pro\u0161ly mezin\u00e1rodn\u011b uzn\u00e1van\u00fdmi certifikacemi, jako jsou ISO9001, CE a SGS, co\u017e zaru\u010duje jejich vynikaj\u00edc\u00ed kvalitu a spolehlivost.<\/p>\n<h3>Slu\u017eby p\u0159izp\u016fsoben\u00ed<\/h3>\n<p>Z\u00e1kazn\u00edk\u016fm nab\u00edz\u00edme \u0159e\u0161en\u00ed hydraulick\u00fdch v\u00e1lc\u016f na m\u00edru dle jejich specifick\u00fdch pot\u0159eb a zaji\u0161\u0165ujeme jim tak nejlep\u0161\u00ed v\u00fdkon a efektivitu.<\/p>\n<h3>V\u00fdrobn\u00ed za\u0159\u00edzen\u00ed<\/h3>\n<p>Pou\u017e\u00edv\u00e1me pokro\u010dil\u00e9 digit\u00e1ln\u00ed v\u00fdrobn\u00ed za\u0159\u00edzen\u00ed, abychom zajistili p\u0159esnost a efektivitu na\u0161ich v\u00fdrobn\u00edch proces\u016f.<\/p>\n<h3>Poprodejn\u00ed servis<\/h3>\n<p>Z\u00e1kazn\u00edk\u016fm poskytujeme komplexn\u00ed poprodejn\u00ed servis, v\u010detn\u011b instala\u010dn\u00edch pokyn\u016f, \u00fadr\u017eby a oprav, a zaji\u0161\u0165ujeme tak bezprobl\u00e9mov\u00fd provoz hydraulick\u00fdch v\u00e1lc\u016f.<\/p>\n<p>Autor: lyl<\/p>","protected":false},"excerpt":{"rendered":"<p>Arm Cylinder for Caterpillar Middle Excavator E323DL\/323D2L Introduction The arm cylinder is a specially designed hydraulic cylinder that provides linear motion and power to the arm of various types of machinery such as excavators, cranes, and robotic arms. The arm cylinder plays a crucial role in the hydraulic system, enabling the effective movement and control [&hellip;]<\/p>","protected":false},"featured_media":14783,"comment_status":"open","ping_status":"closed","template":"","meta":{"_et_pb_use_builder":"","_et_pb_old_content":"","_et_gb_content_width":""},"product_brand":[],"product_cat":[1497],"product_tag":[1498,1496],"class_list":{"0":"post-16164","1":"product","2":"type-product","3":"status-publish","4":"has-post-thumbnail","6":"product_cat-arm-cylinders","7":"product_tag-arm-cylinders","8":"product_tag-hydraulic-cylinders","10":"first","11":"instock","12":"shipping-taxable","13":"product-type-simple"},"amp_enabled":true,"_links":{"self":[{"href":"https:\/\/www.hydraulic-cylinders.net\/cs\/wp-json\/wp\/v2\/product\/16164","targetHints":{"allow":["GET"]}}],"collection":[{"href":"https:\/\/www.hydraulic-cylinders.net\/cs\/wp-json\/wp\/v2\/product"}],"about":[{"href":"https:\/\/www.hydraulic-cylinders.net\/cs\/wp-json\/wp\/v2\/types\/product"}],"replies":[{"embeddable":true,"href":"https:\/\/www.hydraulic-cylinders.net\/cs\/wp-json\/wp\/v2\/comments?post=16164"}],"wp:featuredmedia":[{"embeddable":true,"href":"https:\/\/www.hydraulic-cylinders.net\/cs\/wp-json\/wp\/v2\/media\/14783"}],"wp:attachment":[{"href":"https:\/\/www.hydraulic-cylinders.net\/cs\/wp-json\/wp\/v2\/media?parent=16164"}],"wp:term":[{"taxonomy":"product_brand","embeddable":true,"href":"https:\/\/www.hydraulic-cylinders.net\/cs\/wp-json\/wp\/v2\/product_brand?post=16164"},{"taxonomy":"product_cat","embeddable":true,"href":"https:\/\/www.hydraulic-cylinders.net\/cs\/wp-json\/wp\/v2\/product_cat?post=16164"},{"taxonomy":"product_tag","embeddable":true,"href":"https:\/\/www.hydraulic-cylinders.net\/cs\/wp-json\/wp\/v2\/product_tag?post=16164"}],"curies":[{"name":"wp","href":"https:\/\/api.w.org\/{rel}","templated":true}]}}