{"id":16171,"date":"2025-01-20T08:35:42","date_gmt":"2025-01-20T08:35:42","guid":{"rendered":"https:\/\/www.hydraulic-cylinders.net\/product\/arm-cylinderfor-caterpillar-large-excavator-e336dzgc\/"},"modified":"2025-01-20T08:35:44","modified_gmt":"2025-01-20T08:35:44","slug":"arm-cylinderfor-caterpillar-large-excavator-e336dzgc","status":"publish","type":"product","link":"https:\/\/www.hydraulic-cylinders.net\/cs\/produkt\/arm-cylinderfor-caterpillar-large-excavator-e336dzgc\/","title":{"rendered":"V\u00e1lec ramene pro velk\u00e9 rypadlo Caterpillar E336DZGC"},"content":{"rendered":"<h2>V\u00e1lec ramene pro velk\u00e9 rypadlo Caterpillar E336DZGC<\/h2>\n<p>Hydraulick\u00fd v\u00e1lec ramene pro velk\u00e9 rypadlo Caterpillar E336DZGC je hydraulick\u00fd v\u00e1lec speci\u00e1ln\u011b navr\u017een\u00fd pro zaji\u0161t\u011bn\u00ed line\u00e1rn\u00edho pohybu a v\u00fdkonu ramene r\u016fzn\u00fdch stroj\u016f, jako jsou rypadla, je\u0159\u00e1by a robotick\u00e1 ramena. V\u00e1lec ramene hraje kl\u00ed\u010dovou roli v hydraulick\u00fdch syst\u00e9mech, proto\u017ee umo\u017e\u0148uje efektivn\u00ed pohyb a ovl\u00e1d\u00e1n\u00ed p\u0159ipojen\u00e9ho n\u00e1\u0159ad\u00ed nebo p\u0159\u00edslu\u0161enstv\u00ed. Tyto v\u00e1lce nejen zaji\u0161\u0165uj\u00ed plynul\u00fd pohyb, ale tak\u00e9 odol\u00e1vaj\u00ed t\u011b\u017ek\u00fdm z\u00e1t\u011b\u017e\u00edm, \u010d\u00edm\u017e zaji\u0161\u0165uj\u00ed efektivn\u00ed provoz a spolehlivost stroje za r\u016fzn\u00fdch pracovn\u00edch podm\u00ednek.<\/p>\n<h3>Definice a vysv\u011btlen\u00ed<\/h3>\n<p>V\u00e1lec ramene je specializovan\u00fd hydraulick\u00fd v\u00e1lec ur\u010den\u00fd k zaji\u0161t\u011bn\u00ed line\u00e1rn\u00edho pohybu a v\u00fdkonu ramene r\u016fzn\u00fdch stroj\u016f. Umo\u017e\u0148uje \u0159\u00edzen\u00fd pohyb p\u0159\u00edslu\u0161enstv\u00ed a p\u0159\u00edslu\u0161enstv\u00ed, jako jsou l\u017e\u00edce nebo v\u00fdlo\u017en\u00edky, co\u017e umo\u017e\u0148uje prov\u00e1d\u011bt \u00fakoly, jako je v\u00fdkopov\u00e9 pr\u00e1ce, zved\u00e1n\u00ed a manipulace s materi\u00e1lem. Tyto v\u00e1lce jsou z\u00e1kladn\u00edmi sou\u010d\u00e1stmi hydraulick\u00fdch syst\u00e9m\u016f a zaji\u0161\u0165uj\u00ed efektivn\u00ed provoz a man\u00e9vrovatelnost stroj\u016f, ve kter\u00fdch jsou instalov\u00e1ny.<\/p>\n<p><img decoding=\"async\" src=\"https:\/\/www.hydraulic-cylinders.net\/wp-content\/uploads\/2025\/01\/songte-company-2.webp\" alt=\"Obr\u00e1zek v\u00e1lce ramene\"><\/p>\n<h2>Funkce<\/h2>\n<ol>\n<li>\n<h3>Vysoce \u00fa\u010dinn\u00fd p\u0159enos<\/h3>\n<p>V\u00e1lec ramene zaji\u0161\u0165uje siln\u00fd line\u00e1rn\u00ed pohyb a s\u00edlu, co\u017e zaji\u0161\u0165uje vysok\u00fd v\u00fdkon stroje. D\u00edky robustn\u00edmu p\u0159evodu umo\u017e\u0148uje v\u00e1lec ramene efektivn\u00ed a \u00fa\u010dinn\u00fd provoz v r\u016fzn\u00fdch \u00fakolech.<\/p>\n<\/li>\n<li>\n<h3>P\u0159esn\u00e9 ovl\u00e1d\u00e1n\u00ed<\/h3>\n<p>Prost\u0159ednictv\u00edm hydraulick\u00e9ho syst\u00e9mu umo\u017e\u0148uje v\u00e1lec ramene p\u0159esn\u00e9 ovl\u00e1d\u00e1n\u00ed pohybu, co\u017e poskytuje flexibilitu a p\u0159esnost p\u0159i obsluze p\u0159ipojen\u00e9ho n\u00e1\u0159ad\u00ed. Toto p\u0159esn\u00e9 ovl\u00e1d\u00e1n\u00ed zvy\u0161uje celkov\u00fd v\u00fdkon a produktivitu stroje.<\/p>\n<\/li>\n<li>\n<h3>Trvanlivost<\/h3>\n<p>V\u00e1lec ramene je vyroben z vysoce pevn\u00fdch materi\u00e1l\u016f, kter\u00e9 nab\u00edzej\u00ed vynikaj\u00edc\u00ed odolnost proti opot\u0159eben\u00ed a korozi. Tato trvanlivost zaji\u0161\u0165uje dlouhodob\u00e9 pou\u017e\u00edv\u00e1n\u00ed v\u00e1lce v n\u00e1ro\u010dn\u00fdch provozn\u00edch podm\u00ednk\u00e1ch a p\u0159isp\u00edv\u00e1 ke spolehlivosti strojn\u00edho za\u0159\u00edzen\u00ed.<\/p>\n<\/li>\n<li>\n<h3>Multifunk\u010dn\u00ed p\u0159izp\u016fsobivost<\/h3>\n<p>Tyto v\u00e1lce maj\u00ed v\u0161estrann\u00e9 uplatn\u011bn\u00ed v r\u016fzn\u00fdch typech stroj\u016f, v\u010detn\u011b bagr\u016f, je\u0159\u00e1b\u016f a robotick\u00fdch ramen. Mohou se p\u0159izp\u016fsobit r\u016fzn\u00fdm pracovn\u00edm po\u017eadavk\u016fm, co\u017e z nich \u010din\u00ed vhodnou volbu pro \u0161irokou \u0161k\u00e1lu pr\u016fmyslov\u00fdch odv\u011btv\u00ed.<\/p>\n<\/li>\n<li>\n<h3>Snadn\u00e1 \u00fadr\u017eba<\/h3>\n<p>Konstrukce v\u00e1lce ramene klade d\u016fraz na snadnou \u00fadr\u017ebu a v\u00fdm\u011bnu, co\u017e usnad\u0148uje pravideln\u00e9 kontroly a servis. To sni\u017euje prostoje za\u0159\u00edzen\u00ed a zaji\u0161\u0165uje nep\u0159etr\u017eit\u00fd provoz stroj\u016f.<\/p>\n<\/li>\n<\/ol>\n<p><img decoding=\"async\" src=\"https:\/\/www.hydraulic-cylinders.net\/wp-content\/uploads\/2025\/01\/songte-oil-pipes-and-spare-parts.webp\" alt=\"Obr\u00e1zek n\u00e1hradn\u00edch d\u00edl\u016f v\u00e1lce ramene\"><\/p>\n<h2>Aplikace<\/h2>\n<p>V\u00e1lec ramene pro velk\u00e9 rypadlo Caterpillar E336DZGC nach\u00e1z\u00ed uplatn\u011bn\u00ed v r\u016fzn\u00fdch pr\u016fmyslov\u00fdch odv\u011btv\u00edch a sektorech, v\u010detn\u011b:<\/p>\n<ol>\n<li>\n<h3>Stavebn\u00ed in\u017een\u00fdrstv\u00ed<\/h3>\n<p>U bagr\u016f a je\u0159\u00e1b\u016f ovl\u00e1d\u00e1 v\u00e1lec ramene pohyb l\u017e\u00edce nebo v\u00fdlo\u017en\u00edku, co\u017e umo\u017e\u0148uje \u00fakoly, jako jsou zemn\u00ed pr\u00e1ce, manipulace s materi\u00e1lem a mont\u00e1\u017e konstrukc\u00ed.<\/p>\n<\/li>\n<li>\n<h3>V\u00fdrobn\u00ed<\/h3>\n<p>V automatizovan\u00fdch v\u00fdrobn\u00edch link\u00e1ch v\u00e1lec ramene usnad\u0148uje pohyb robotick\u00fdch ramen, co\u017e umo\u017e\u0148uje procesy, jako je mont\u00e1\u017e, sva\u0159ov\u00e1n\u00ed a manipulace s materi\u00e1lem. To zlep\u0161uje efektivitu a p\u0159esnost v\u00fdroby.<\/p>\n<\/li>\n<li>\n<h3>Zem\u011bd\u011blsk\u00e9 stroje<\/h3>\n<p>V zem\u011bd\u011blsk\u00fdch stroj\u00edch, jako jsou skl\u00edzec\u00ed a sec\u00ed stroje, v\u00e1lec ramene ovl\u00e1d\u00e1 pohyb ovl\u00e1dac\u00edch ramen a prov\u00e1d\u00ed \u00fakoly, jako je set\u00ed, hnojen\u00ed a sklize\u0148.<\/p>\n<\/li>\n<li>\n<h3>Hornictv\u00ed<\/h3>\n<p>V t\u011b\u017eebn\u00edm za\u0159\u00edzen\u00ed \u0159\u00edd\u00ed v\u00e1lec ramene pohyb t\u011b\u017eebn\u00edho za\u0159\u00edzen\u00ed, co\u017e umo\u017e\u0148uje t\u011b\u017ebu a p\u0159epravu rud.<\/p>\n<\/li>\n<li>\n<h3>Logistika a doprava<\/h3>\n<p>U vysokozdvi\u017en\u00fdch voz\u00edk\u016f a manipula\u010dn\u00edch robot\u016f ovl\u00e1d\u00e1 v\u00e1lec ramene zved\u00e1n\u00ed a pohyb vidlic, co\u017e usnad\u0148uje manipulaci a stohov\u00e1n\u00ed materi\u00e1l\u016f.<\/p>\n<\/li>\n<\/ol>\n<h2>\u00davahy o n\u00e1vrhu a standardy v\u00fdb\u011bru<\/h2>\n<p>P\u0159i navrhov\u00e1n\u00ed v\u00e1lce ramene pro velk\u00e9 rypadlo Caterpillar E336DZGC se bere v \u00favahu n\u011bkolik kl\u00ed\u010dov\u00fdch faktor\u016f:<\/p>\n<ol>\n<li>\n<h3>Nosnost<\/h3>\n<p>V\u00e1lec ramene je navr\u017een tak, aby odolal zna\u010dn\u00e9mu zat\u00ed\u017een\u00ed a zajistil tak bezpe\u010dn\u00fd a efektivn\u00ed provoz stroje.<\/p>\n<\/li>\n<li>\n<h3>T\u011bsnic\u00ed schopnost<\/h3>\n<p>K udr\u017een\u00ed integrity hydraulick\u00e9ho syst\u00e9mu se pou\u017e\u00edvaj\u00ed r\u016fzn\u00e9 t\u011bsnic\u00ed komponenty, jako jsou t\u011bsn\u011bn\u00ed p\u00edst\u016f a t\u011bsn\u011bn\u00ed p\u00edstnic. Tato t\u011bsn\u011bn\u00ed jsou vyrobena z odoln\u00fdch materi\u00e1l\u016f, jako je polyuretan a nitrilov\u00e1 pry\u017e, kter\u00e9 poskytuj\u00ed vynikaj\u00edc\u00ed odolnost proti opot\u0159eben\u00ed.<\/p>\n<\/li>\n<li>\n<h3>Trvanlivost<\/h3>\n<p>V\u00e1lec ramene je vyroben z materi\u00e1l\u016f s vysokou pevnost\u00ed a odolnost\u00ed proti opot\u0159eben\u00ed, co\u017e mu umo\u017e\u0148uje odol\u00e1vat n\u00e1ro\u010dn\u00fdm provozn\u00edm podm\u00ednk\u00e1m.<\/p>\n<\/li>\n<li>\n<h3>Bezpe\u010dnost<\/h3>\n<p>Sou\u010d\u00e1st\u00ed konstrukce v\u00e1lce ramene jsou bezpe\u010dnostn\u00ed prvky, kter\u00e9 zabra\u0148uj\u00ed nehod\u00e1m a zaji\u0161\u0165uj\u00ed bezpe\u010dnost obsluhy a person\u00e1lu v okol\u00ed.<\/p>\n<\/li>\n<li>\n<h3>Udr\u017eovatelnost<\/h3>\n<p>Konstrukce v\u00e1lce ramene bere v \u00favahu snadnou \u00fadr\u017ebu a opravy, co\u017e umo\u017e\u0148uje efektivn\u00ed servis a zkracuje prostoje.<\/p>\n<\/li>\n<\/ol>\n<p><img decoding=\"async\" src=\"https:\/\/www.hydraulic-cylinders.net\/wp-content\/uploads\/2025\/01\/songte-cylinder-head-with-all-kinds-excavator-models.webp\" alt=\"Obr\u00e1zek n\u00e1vrhu v\u00e1lce ramene\"><\/p>\n<h2>T\u011bsn\u011bn\u00ed a maz\u00e1n\u00ed<\/h2>\n<p>V\u00e1lec ramene pro velk\u00e9 rypadlo Caterpillar E336DZGC vyu\u017e\u00edv\u00e1 r\u016fzn\u00e9 t\u011bsnic\u00ed komponenty, jako jsou t\u011bsn\u011bn\u00ed p\u00edstu a t\u011bsn\u011bn\u00ed p\u00edstnice, k udr\u017een\u00ed integrity hydraulick\u00e9ho syst\u00e9mu. Tato t\u011bsn\u011bn\u00ed jsou vyrobena z odoln\u00fdch materi\u00e1l\u016f, jako je polyuretan a nitrilov\u00e1 pry\u017e, co\u017e zaru\u010duje vynikaj\u00edc\u00ed odolnost proti opot\u0159eben\u00ed. T\u011bleso v\u00e1lce a z\u00e1vitov\u00e9 konce nav\u00edc proch\u00e1zej\u00ed pe\u010dlivou povrchovou \u00fapravou pro zv\u00fd\u0161en\u00ed odolnosti proti opot\u0159eben\u00ed. Pravideln\u00e9 maz\u00e1n\u00ed vhodn\u00fdm hydraulick\u00fdm olejem je nezbytn\u00e9 pro zaji\u0161t\u011bn\u00ed plynul\u00e9ho provozu a prodlou\u017een\u00ed \u017eivotnosti v\u00e1lce.<\/p>\n<h2>Pravideln\u00e1 kontrola a preventivn\u00ed \u00fadr\u017eba<\/h2>\n<p>Pro zaji\u0161t\u011bn\u00ed optim\u00e1ln\u00edho v\u00fdkonu a dlouh\u00e9 \u017eivotnosti v\u00e1lce ramene se doporu\u010duje pravideln\u00e1 kontrola a preventivn\u00ed \u00fadr\u017eba:<\/p>\n<ol>\n<li>Sledujte stav t\u011bsn\u011bn\u00ed a vym\u011b\u0148te je, pokud zjist\u00edte zn\u00e1mky opot\u0159eben\u00ed nebo po\u0161kozen\u00ed.<\/li>\n<li>Zkontrolujte p\u0159\u00edpadn\u00e9 net\u011bsnosti v hydraulick\u00e9m syst\u00e9mu a p\u0159\u00edpadn\u00e9 probl\u00e9my neprodlen\u011b odstra\u0148te.<\/li>\n<li>Zkontrolujte t\u011bleso v\u00e1lce, zda nevykazuje zn\u00e1mky koroze nebo po\u0161kozen\u00ed.<\/li>\n<li>Pravideln\u011b promaz\u00e1vejte v\u00e1lec doporu\u010den\u00fdm hydraulick\u00fdm olejem.<\/li>\n<li>Ujist\u011bte se, \u017ee v\u0161echny mont\u00e1\u017en\u00ed \u0161rouby a spoje jsou bezpe\u010dn\u011b uta\u017een\u00e9.<\/li>\n<\/ol>\n<h2>Pr\u016fvodce instalac\u00ed produktu<\/h2>\n<p>Spr\u00e1vn\u00e1 instalace v\u00e1lce s ramenem je kl\u00ed\u010dov\u00e1 pro jeho optim\u00e1ln\u00ed v\u00fdkon a bezpe\u010dnost. Pro \u00fasp\u011b\u0161nou instalaci postupujte podle t\u011bchto krok\u016f:<\/p>\n<ol>\n<li>Ujist\u011bte se, \u017ee je strojn\u00ed za\u0159\u00edzen\u00ed vypnut\u00e9 a ve\u0161ker\u00fd hydraulick\u00fd tlak je uvoln\u011bn.<\/li>\n<li>Um\u00edst\u011bte v\u00e1lec na ur\u010den\u00e9 m\u00edsto pro mont\u00e1\u017e.<\/li>\n<li>Bezpe\u010dn\u011b upevn\u011bte v\u00e1lec ke strojn\u00edmu za\u0159\u00edzen\u00ed pomoc\u00ed vhodn\u00fdch \u0161roub\u016f a spojovac\u00edch prvk\u016f.<\/li>\n<li>P\u0159ipojte hydraulick\u00e9 hadice k v\u00e1lci a zajist\u011bte spr\u00e1vn\u00e9 vyrovn\u00e1n\u00ed a t\u011bsn\u00e9 spojen\u00ed.<\/li>\n<li>Zkontrolujte spr\u00e1vnou funkci v\u00e1lce a p\u0159\u00edpadn\u00e9 net\u011bsnosti.<\/li>\n<\/ol>\n<p><img decoding=\"async\" src=\"https:\/\/www.hydraulic-cylinders.net\/wp-content\/uploads\/2025\/01\/songte-bushings-with-all-kinds-of-excavator-models.webp\" alt=\"Obr\u00e1zek instalace v\u00e1lce ramene\"><\/p>\n<h2>Bezpe\u010dnostn\u00ed aspekty a faktory prost\u0159ed\u00ed<\/h2>\n<p>P\u0159i pou\u017e\u00edv\u00e1n\u00ed ramenov\u00e9ho v\u00e1lce je nezbytn\u00e9 dodr\u017eovat bezpe\u010dnostn\u00ed opat\u0159en\u00ed, aby se p\u0159ede\u0161lo nehod\u00e1m a zajistila se bezpe\u010dnost obsluhy a person\u00e1lu v okol\u00ed. Bezpe\u010dnostn\u00ed opat\u0159en\u00ed zahrnuj\u00ed:<\/p>\n<ol>\n<li>\u0158\u00e1dn\u00e9 \u0161kolen\u00ed a certifikace pro oper\u00e1tory manipuluj\u00edc\u00ed se stroji s v\u00e1lcem ramene.<\/li>\n<li>Pravideln\u011b kontrolujte v\u00e1lec a hydraulick\u00fd syst\u00e9m, zda nevykazuj\u00ed zn\u00e1mky po\u0161kozen\u00ed nebo poruchy.<\/li>\n<li>Dodr\u017eov\u00e1n\u00ed doporu\u010den\u00fdch provozn\u00edch parametr\u016f a nosnost\u00ed.<\/li>\n<li>Pou\u017eit\u00ed osobn\u00edch \u00fadaj\u016f<br \/>","protected":false},"excerpt":{"rendered":"<p>Arm Cylinder For Caterpillar Large Excavator E336DZGC The Arm Cylinder for Caterpillar Large Excavator E336DZGC is a hydraulic cylinder specifically designed to provide linear movement and power to the arm of various machinery, such as excavators, cranes, and robotic arms. The arm cylinder plays a crucial role in hydraulic systems, enabling the effective movement and [&hellip;]<\/p>","protected":false},"featured_media":14763,"comment_status":"open","ping_status":"closed","template":"","meta":{"_et_pb_use_builder":"","_et_pb_old_content":"","_et_gb_content_width":""},"product_brand":[],"product_cat":[1497],"product_tag":[1498,1496],"class_list":{"0":"post-16171","1":"product","2":"type-product","3":"status-publish","4":"has-post-thumbnail","6":"product_cat-arm-cylinders","7":"product_tag-arm-cylinders","8":"product_tag-hydraulic-cylinders","10":"first","11":"instock","12":"shipping-taxable","13":"product-type-simple"},"amp_enabled":true,"_links":{"self":[{"href":"https:\/\/www.hydraulic-cylinders.net\/cs\/wp-json\/wp\/v2\/product\/16171","targetHints":{"allow":["GET"]}}],"collection":[{"href":"https:\/\/www.hydraulic-cylinders.net\/cs\/wp-json\/wp\/v2\/product"}],"about":[{"href":"https:\/\/www.hydraulic-cylinders.net\/cs\/wp-json\/wp\/v2\/types\/product"}],"replies":[{"embeddable":true,"href":"https:\/\/www.hydraulic-cylinders.net\/cs\/wp-json\/wp\/v2\/comments?post=16171"}],"wp:featuredmedia":[{"embeddable":true,"href":"https:\/\/www.hydraulic-cylinders.net\/cs\/wp-json\/wp\/v2\/media\/14763"}],"wp:attachment":[{"href":"https:\/\/www.hydraulic-cylinders.net\/cs\/wp-json\/wp\/v2\/media?parent=16171"}],"wp:term":[{"taxonomy":"product_brand","embeddable":true,"href":"https:\/\/www.hydraulic-cylinders.net\/cs\/wp-json\/wp\/v2\/product_brand?post=16171"},{"taxonomy":"product_cat","embeddable":true,"href":"https:\/\/www.hydraulic-cylinders.net\/cs\/wp-json\/wp\/v2\/product_cat?post=16171"},{"taxonomy":"product_tag","embeddable":true,"href":"https:\/\/www.hydraulic-cylinders.net\/cs\/wp-json\/wp\/v2\/product_tag?post=16171"}],"curies":[{"name":"wp","href":"https:\/\/api.w.org\/{rel}","templated":true}]}}