{"id":16180,"date":"2025-01-20T08:37:30","date_gmt":"2025-01-20T08:37:30","guid":{"rendered":"https:\/\/www.hydraulic-cylinders.net\/product\/arm-cylinderfor-caterpillar-large-excavator-e329d-329dl\/"},"modified":"2025-01-20T08:37:32","modified_gmt":"2025-01-20T08:37:32","slug":"arm-cylinderfor-caterpillar-large-excavator-e329d-329dl","status":"publish","type":"product","link":"https:\/\/www.hydraulic-cylinders.net\/cs\/produkt\/arm-cylinderfor-caterpillar-large-excavator-e329d-329dl\/","title":{"rendered":"V\u00e1lec ramene pro velk\u00e9 rypadlo Caterpillar E329D\/329DL"},"content":{"rendered":"<p>V\u00e1lec ramene pro velk\u00e9 rypadlo Caterpillar E329D\/329DL<\/p>\n<p>Hydraulick\u00fd v\u00e1lec ramene je speci\u00e1ln\u011b navr\u017een\u00fd hydraulick\u00fd v\u00e1lec, kter\u00fd se pou\u017e\u00edv\u00e1 hlavn\u011b k zaji\u0161t\u011bn\u00ed line\u00e1rn\u00edho pohybu a v\u00fdkonu ramene r\u016fzn\u00fdch stroj\u016f, jako jsou bagry, je\u0159\u00e1by a robotick\u00e1 ramena. V\u00e1lec ramene hraje kl\u00ed\u010dovou roli v hydraulick\u00e9m syst\u00e9mu a umo\u017e\u0148uje efektivn\u00ed pohyb a ovl\u00e1d\u00e1n\u00ed p\u0159\u00edslu\u0161enstv\u00ed. Tyto v\u00e1lce nejen dosahuj\u00ed plynul\u00e9ho pohybu, ale tak\u00e9 odol\u00e1vaj\u00ed t\u011b\u017ek\u00fdm z\u00e1t\u011b\u017e\u00edm, \u010d\u00edm\u017e zaji\u0161\u0165uj\u00ed efektivn\u00ed provoz a spolehlivost stroj\u016f za r\u016fzn\u00fdch pracovn\u00edch podm\u00ednek.<\/p>\n<p>Definice a vysv\u011btlen\u00ed:<\/p>\n<p>V\u00e1lec ramene je typ hydraulick\u00e9ho v\u00e1lce, kter\u00fd poskytuje rameni stroje siln\u00fd line\u00e1rn\u00ed pohyb a s\u00edlu, co\u017e mu umo\u017e\u0148uje prov\u00e1d\u011bt r\u016fzn\u00e9 \u00fakoly. B\u011b\u017en\u011b se pou\u017e\u00edv\u00e1 v bagrech, je\u0159\u00e1bech a robotick\u00fdch ramenech, mimo jin\u00e9 stroj\u00edch, k ovl\u00e1d\u00e1n\u00ed pohybu ramene a p\u0159\u00edslu\u0161enstv\u00ed. V\u00e1lce ramene jsou navr\u017eeny tak, aby byly odoln\u00e9, spolehliv\u00e9 a efektivn\u00ed, co\u017e je \u010din\u00ed ide\u00e1ln\u00edmi pro pou\u017eit\u00ed v n\u00e1ro\u010dn\u00fdch podm\u00ednk\u00e1ch.<\/p>\n<p>Vlastnosti:<\/p>\n<p>1. Vysoce \u00fa\u010dinn\u00fd p\u0159evod: V\u00e1lec ramene zaji\u0161\u0165uje siln\u00fd line\u00e1rn\u00ed pohyb a s\u00edlu, co\u017e zaji\u0161\u0165uje vysoce \u00fa\u010dinn\u00fd v\u00fdkon v r\u016fzn\u00fdch operac\u00edch.<\/p>\n<p>2. P\u0159esn\u00e9 ovl\u00e1d\u00e1n\u00ed: Pomoc\u00ed hydraulick\u00e9ho syst\u00e9mu dosahuje v\u00e1lec ramene p\u0159esn\u00e9ho ovl\u00e1d\u00e1n\u00ed pohybu, d\u00edky \u010demu\u017e je ovl\u00e1d\u00e1n\u00ed p\u0159\u00edslu\u0161enstv\u00ed flexibiln\u011bj\u0161\u00ed a p\u0159esn\u011bj\u0161\u00ed.<\/p>\n<p>3. Vysok\u00e1 odolnost: V\u00e1lce ramen jsou obvykle vyrobeny z vysoce pevn\u00fdch materi\u00e1l\u016f, kter\u00e9 maj\u00ed dobrou odolnost proti opot\u0159eben\u00ed a korozi, d\u00edky \u010demu\u017e jsou vhodn\u00e9 pro dlouhodob\u00e9 pou\u017eit\u00ed v n\u00e1ro\u010dn\u00fdch podm\u00ednk\u00e1ch.<\/p>\n<p>4. Multifunk\u010dn\u00ed p\u0159izp\u016fsobivost: Tyto v\u00e1lce lze \u0161iroce pou\u017e\u00edvat v r\u016fzn\u00fdch stroj\u00edch, jako jsou bagry, je\u0159\u00e1by a robotick\u00e1 ramena, k p\u0159izp\u016fsoben\u00ed se r\u016fzn\u00fdm pracovn\u00edm po\u017eadavk\u016fm.<\/p>\n<p>5. Snadn\u00e1 \u00fadr\u017eba: V\u00e1lce ramen jsou navr\u017eeny pro snadnou \u00fadr\u017ebu a v\u00fdm\u011bnu a usnad\u0148uj\u00ed pravidelnou kontrolu a \u00fadr\u017ebu, \u010d\u00edm\u017e zkracuj\u00ed prostoje za\u0159\u00edzen\u00ed.<\/p>\n<p>N\u00e1\u0161 produkt dok\u00e1\u017ee tyto hydraulick\u00e9 v\u00e1lce dokonale nahradit. Vyr\u00e1b\u00edme \u0161irokou \u0161k\u00e1lu hydraulick\u00fdch v\u00e1lc\u016f a n\u00e1hradn\u00edch d\u00edl\u016f, jak je zn\u00e1zorn\u011bno na obr\u00e1zku n\u00ed\u017ee.<\/p>\n<p>Hydraulick\u00e9 v\u00e1lce a n\u00e1hradn\u00ed d\u00edly (https:\/\/www.hydraulic-cylinders.net\/wp-content\/uploads\/2025\/01\/songte-oil-pipes-and-spare-parts.webp)<\/p>\n<p>Aplikace:<\/p>\n<p>V\u00e1lce s rameny se \u0161iroce pou\u017e\u00edvaj\u00ed v r\u016fzn\u00fdch odv\u011btv\u00edch, jako je stavebnictv\u00ed, v\u00fdroba, zem\u011bd\u011blstv\u00ed, t\u011b\u017eba, logistika a doprava. N\u00ed\u017ee uv\u00e1d\u00edme n\u011bkter\u00e9 konkr\u00e9tn\u00ed aplikace v\u00e1lc\u016f s rameny.<\/p>\n<p>1. Konstrukce: U bagr\u016f a je\u0159\u00e1b\u016f se v\u00e1lec ramene pou\u017e\u00edv\u00e1 k ovl\u00e1d\u00e1n\u00ed pohybu l\u017e\u00edce nebo v\u00fdlo\u017en\u00edku, k prov\u00e1d\u011bn\u00ed v\u00fdkopov\u00fdch prac\u00ed, manipulace s materi\u00e1lem a mont\u00e1\u017ee konstrukc\u00ed.<\/p>\n<p>2. V\u00fdroba: V automatizovan\u00fdch v\u00fdrobn\u00edch link\u00e1ch se v\u00e1lec ramene pou\u017e\u00edv\u00e1 k \u0159\u00edzen\u00ed pohybu robotick\u00e9ho ramene, prov\u00e1d\u011bn\u00ed operac\u00ed, jako je mont\u00e1\u017e, sva\u0159ov\u00e1n\u00ed a manipulace, \u010d\u00edm\u017e se zlep\u0161uje efektivita a p\u0159esnost v\u00fdroby.<\/p>\n<p>3. Zem\u011bd\u011blsk\u00e9 stroje: V\u00e1lce ramen se pou\u017e\u00edvaj\u00ed v zem\u011bd\u011blsk\u00fdch stroj\u00edch, jako jsou skl\u00edzec\u00ed a s\u00e1zec\u00ed stroje, k ovl\u00e1d\u00e1n\u00ed pohybu ovl\u00e1dac\u00edho ramene a prov\u00e1d\u011bn\u00ed \u00fakol\u016f, jako je set\u00ed, hnojen\u00ed a sklize\u0148.<\/p>\n<p>4. T\u011b\u017eba: V\u00e1lce ramen se pou\u017e\u00edvaj\u00ed k ovl\u00e1d\u00e1n\u00ed pohybu ramene v t\u011b\u017eebn\u00edm za\u0159\u00edzen\u00ed, k prov\u00e1d\u011bn\u00ed t\u011b\u017eby a p\u0159epravy rud.<\/p>\n<p>5. Logistika a doprava: U vysokozdvi\u017en\u00fdch voz\u00edk\u016f a manipula\u010dn\u00edch robot\u016f se v\u00e1lce ramen pou\u017e\u00edvaj\u00ed k ovl\u00e1d\u00e1n\u00ed pohybu vidlice, k manipulaci s materi\u00e1lem a jeho stohov\u00e1n\u00ed.<\/p>\n<p>Konstruk\u010dn\u00ed aspekty a krit\u00e9ria v\u00fdb\u011bru:<\/p>\n<p>P\u0159i v\u00fdb\u011bru v\u00e1lc\u016f s rameny pro stroje je t\u0159eba zv\u00e1\u017eit n\u011bkolik faktor\u016f. Mezi tyto faktory pat\u0159\u00ed nosnost, t\u011bsn\u011bn\u00ed, trvanlivost, bezpe\u010dnost a snadn\u00e1 \u00fadr\u017eba. N\u00ed\u017ee jsou uvedeny n\u011bkter\u00e9 konstruk\u010dn\u00ed aspekty a krit\u00e9ria pro v\u00fdb\u011br v\u00e1lc\u016f s rameny.<\/p>\n<p>1. Nosnost: V\u00e1lec ramene mus\u00ed b\u00fdt schopen odolat zat\u00ed\u017een\u00ed, kter\u00e9 je na n\u011bj b\u011bhem provozu kladeno, a zajistit tak optim\u00e1ln\u00ed v\u00fdkon stroje.<\/p>\n<p>2. T\u011bsn\u011bn\u00ed: V ramenov\u00fdch v\u00e1lc\u00edch se pou\u017e\u00edvaj\u00ed r\u016fzn\u00e1 t\u011bsn\u011bn\u00ed, jako jsou p\u00edstn\u00ed t\u011bsn\u011bn\u00ed a t\u011bsn\u011bn\u00ed p\u00edstnice, aby se zabr\u00e1nilo \u00fanik\u016fm a udr\u017eel tlak.<\/p>\n<p>3. Trvanlivost: V\u00e1lce ramen mus\u00ed b\u00fdt vyrobeny z vysoce pevn\u00fdch materi\u00e1l\u016f, kter\u00e9 jsou odoln\u00e9 v\u016f\u010di opot\u0159eben\u00ed a korozi, co\u017e zaru\u010duje dlouhou \u017eivotnost v n\u00e1ro\u010dn\u00fdch provozn\u00edch podm\u00ednk\u00e1ch.<\/p>\n<p>4. Bezpe\u010dnost: V\u00e1lce ramen mus\u00ed b\u00fdt navr\u017eeny tak, aby se p\u0159ede\u0161lo nehod\u00e1m a byla zaji\u0161t\u011bna bezpe\u010dnost obsluhy.<\/p>\n<p>5. Snadn\u00e1 \u00fadr\u017eba: V\u00e1lce ramen by m\u011bly b\u00fdt snadno udr\u017eovateln\u00e9 a vym\u011bniteln\u00e9, co\u017e by sni\u017eovalo prostoje a n\u00e1klady na \u00fadr\u017ebu.<\/p>\n<p>Hlava v\u00e1lc\u016f se v\u0161emi druhy model\u016f bagr\u016f] (https:\/\/www.hydraulic-cylinders.net\/wp-content\/uploads\/2025\/01\/songte-cylinder-head-with-all-kinds-excavator-models.webp)<\/p>\n<p>T\u011bsn\u011bn\u00ed a maz\u00e1n\u00ed:<\/p>\n<p>V\u00e1lce ramen pou\u017e\u00edvaj\u00ed r\u016fzn\u00e1 t\u011bsn\u011bn\u00ed, kter\u00e1 zabra\u0148uj\u00ed \u00fanik\u016fm a udr\u017euj\u00ed tlak b\u011bhem provozu. Mezi tato t\u011bsn\u011bn\u00ed pat\u0159\u00ed p\u00edstn\u00ed t\u011bsn\u011bn\u00ed, p\u00edstn\u00ed t\u011bsn\u011bn\u00ed a tlumi\u010dov\u00e1 t\u011bsn\u011bn\u00ed. Jsou vyrobena z materi\u00e1l\u016f, jako je polyuretan a nitrilov\u00e1 pry\u017e, kter\u00e9 jsou odoln\u00e9 proti opot\u0159eben\u00ed a trvanliv\u00e9.<\/p>\n<p>T\u011bleso v\u00e1lce a povrch z\u00e1vitov\u00e9ho konce proch\u00e1zej\u00ed pe\u010dliv\u00fdm zpracov\u00e1n\u00edm, co\u017e zlep\u0161uje odolnost proti opot\u0159eben\u00ed.<\/p>\n<p>V\u00e1lce ramen vy\u017eaduj\u00ed pravideln\u00e9 maz\u00e1n\u00ed hydraulick\u00fdm olejem, aby byl zaji\u0161t\u011bn hladk\u00fd chod. Hladinu hydraulick\u00e9ho oleje je t\u0159eba pravideln\u011b kontrolovat a v p\u0159\u00edpad\u011b pot\u0159eby olej dopl\u0148ovat.<\/p>\n<p>\u00dadr\u017eba a preventivn\u00ed opat\u0159en\u00ed:<\/p>\n<p>Pravideln\u00e1 \u00fadr\u017eba je nezbytn\u00e1 pro zaji\u0161t\u011bn\u00ed efektivn\u00edho a spolehliv\u00e9ho provozu v\u00e1lc\u016f ramen. \u00dadr\u017eba by m\u011bla zahrnovat kontrolu, \u010di\u0161t\u011bn\u00ed a v\u00fdm\u011bnu opot\u0159ebovan\u00fdch nebo po\u0161kozen\u00fdch d\u00edl\u016f. N\u00ed\u017ee uv\u00e1d\u00edme n\u011bkter\u00e1 preventivn\u00ed opat\u0159en\u00ed, kter\u00e1 lze p\u0159ijmout ke sn\u00ed\u017een\u00ed rizika selh\u00e1n\u00ed v\u00e1lce.<\/p>\n<p>1. Pravideln\u00e1 kontrola: V\u00e1lce ramen by m\u011bly b\u00fdt pravideln\u011b kontrolov\u00e1ny, aby se zjistily jak\u00e9koli zn\u00e1mky opot\u0159eben\u00ed, koroze, net\u011bsnost\u00ed nebo po\u0161kozen\u00ed.<\/p>\n<p>2. Spr\u00e1vn\u00e9 maz\u00e1n\u00ed: Dostate\u010dn\u00e9 maz\u00e1n\u00ed je nezbytn\u00e9 pro zaji\u0161t\u011bn\u00ed plynul\u00e9ho provozu a prevenci opot\u0159eben\u00ed.<\/p>\n<p>3. Spr\u00e1vn\u00e9 skladov\u00e1n\u00ed: V\u00e1lce s rameny by m\u011bly b\u00fdt skladov\u00e1ny spr\u00e1vn\u00fdm zp\u016fsobem, aby se zabr\u00e1nilo po\u0161kozen\u00ed vlivem okoln\u00edho prost\u0159ed\u00ed, jako je teplota a vlhkost.<\/p>\n<p>4. Spr\u00e1vn\u00e9 pou\u017eit\u00ed: V\u00e1lce ramen by m\u011bly b\u00fdt pou\u017e\u00edv\u00e1ny podle pokyn\u016f v\u00fdrobce, aby se zabr\u00e1nilo po\u0161kozen\u00ed a zajistil optim\u00e1ln\u00ed v\u00fdkon.<\/p>\n<p>![Pol\u0161t\u00e1\u0159ov\u00fd l\u00edmec](https:\/\/www.hydraulic-cylinders.net\/wp-content\/uploads\/2025\/01\/songte-chushion-collar.webp)<\/p>\n<p>Instala\u010dn\u00ed pr\u016fvodce:<\/p>\n<p>Spr\u00e1vn\u00e1 instalace je nezbytn\u00e1 pro zaji\u0161t\u011bn\u00ed efektivn\u00edho a spolehliv\u00e9ho provozu v\u00e1lce ramene. N\u00ed\u017ee uv\u00e1d\u00edme n\u011bkolik pokyn\u016f pro instalaci v\u00e1lc\u016f ramene.<\/p>\n<p>1. Ujist\u011bte se, \u017ee mont\u00e1\u017en\u00ed povrch je \u010dist\u00fd a bez ne\u010distot.<\/p>\n<p>2. K instalaci v\u00e1lce pou\u017e\u00edvejte vhodn\u00e9 n\u00e1stroje a techniky, abyste p\u0159ede\u0161li po\u0161kozen\u00ed.<\/p>\n<p>3. Ut\u00e1hn\u011bte \u0161rouby v\u00e1lce podle pokyn\u016f v\u00fdrobce.<\/p>\n<p>4. P\u0159ipojte hydraulick\u00e9 hadice podle pokyn\u016f v\u00fdrobce.<\/p>\n<p>Bezpe\u010dnostn\u00ed aspekty a faktory prost\u0159ed\u00ed:<\/p>\n<p>Bezpe\u010dnost je p\u0159i pou\u017e\u00edv\u00e1n\u00ed v\u00e1lc\u016f s rameny z\u00e1sadn\u00ed, proto\u017ee p\u0159i nespr\u00e1vn\u00e9m pou\u017e\u00edv\u00e1n\u00ed mohou zp\u016fsobit nehody. Obsluha by m\u011bla absolvovat odpov\u00eddaj\u00edc\u00ed \u0161kolen\u00ed o pou\u017e\u00edv\u00e1n\u00ed a \u00fadr\u017eb\u011b v\u00e1lc\u016f s rameny. V\u00fdkon a \u017eivotnost v\u00e1lc\u016f s rameny mohou ovlivnit i faktory prost\u0159ed\u00ed, jako je teplota a vlhkost.<\/p>\n<p>Diagnostika z\u00e1vad a b\u011b\u017en\u00e9 probl\u00e9my:<\/p>\n<p>U v\u00e1lc\u016f ramen se mohou vyskytnout r\u016fzn\u00e9 z\u00e1vady a probl\u00e9my, jako jsou net\u011bsnosti, po\u0161kozen\u00ed a opot\u0159eben\u00ed. N\u00ed\u017ee uv\u00e1d\u00edme n\u011bkter\u00e9 b\u011b\u017en\u00e9 probl\u00e9my, kter\u00e9 se u v\u00e1lc\u016f ramen mohou vyskytnout.<\/p>\n<p>1. \u00danik: M\u016f\u017ee b\u00fdt zp\u016fsoben po\u0161kozen\u00fdmi t\u011bsn\u011bn\u00edmi, opot\u0159ebovan\u00fdmi nebo po\u0161kozen\u00fdmi sou\u010d\u00e1stmi v\u00e1lce nebo probl\u00e9my s tlakem.<\/p>\n<p>2. Po\u0161kozen\u00ed: V\u00e1lce ramene mohou b\u00fdt po\u0161kozeny n\u00e1razem, p\u0159et\u00ed\u017een\u00edm nebo nespr\u00e1vn\u00fdm pou\u017eit\u00edm.<\/p>\n<p>3. Opot\u0159eben\u00ed: Postupem \u010dasu se mohou sou\u010d\u00e1sti v\u00e1lce opot\u0159ebovat, co\u017e vede ke sn\u00ed\u017een\u00ed v\u00fdkonu a \u00fa\u010dinnosti.<\/p>\n<p>Pro diagnostiku a \u0159e\u0161en\u00ed t\u011bchto probl\u00e9m\u016f by oper\u00e1to\u0159i m\u011bli vyhledat odbornou pomoc od odborn\u00edk\u016f na hydraulick\u00e9 v\u00e1lce.<\/p>\n<p>![Pouzdra se v\u0161emi druhy model\u016f bagr\u016f](https:\/\/www.hydraulic-cylinders.net\/wp-content\/uploads\/2025\/01\/songte-bushings-with-all-kinds-of-excavator-models.webp)<\/p>\n<p>P\u0159edstaven\u00ed spole\u010dnosti:<\/p>\n<p>Jsme profesion\u00e1ln\u00ed v\u00fdrobce hydraulick\u00fdch v\u00e1lc\u016f a jeden z p\u0159edn\u00edch velkoobchodn\u00edch distributor\u016f hydraulick\u00fdch v\u00e1lc\u016f po cel\u00e9m sv\u011bt\u011b. Na\u0161e produkty jsou rozmanit\u00e9 a vynikaj\u00edc\u00ed kvality, co\u017e z\u00e1kazn\u00edk\u016fm nab\u00edz\u00ed \u0161irokou \u0161k\u00e1lu mo\u017enost\u00ed. Dodr\u017eujeme princip vynikaj\u00edc\u00ed kvality a spol\u00e9h\u00e1me se na kvalitn\u00ed v\u00fdrobn\u00ed d\u00edlnu a industrializovanou strategii \u0159\u00edzen\u00ed v\u00fdroby, abychom neust\u00e1le zlep\u0161ovali na\u0161i technologii a efektivitu v\u00fdroby.<\/p>\n<p>Pou\u017e\u00edv\u00e1me pokro\u010dil\u00e9 digit\u00e1ln\u00ed v\u00fdrobn\u00ed za\u0159\u00edzen\u00ed a profesion\u00e1ln\u00ed testovac\u00ed syst\u00e9my k optimalizaci na\u0161\u00ed v\u00fdrobn\u00ed platformy a zlep\u0161en\u00ed procesu kontroly kvality na\u0161ich v\u00fdrobk\u016f, \u010d\u00edm\u017e zvy\u0161ujeme na\u0161i inova\u010dn\u00ed schopnost. Na\u0161\u00edm c\u00edlem je uspokojit rozmanit\u00e9 pot\u0159eby z\u00e1kazn\u00edk\u016f s vyu\u017eit\u00edm princip\u016f vysok\u00e9 efektivity, p\u0159esnosti a vysok\u00e9 kvality.<\/p>\n<p>Zavazujeme se poskytovat profesion\u00e1ln\u00ed, mezin\u00e1rodn\u011b certifikovan\u00e9 slu\u017eby, upravovat hydraulick\u00e9 v\u00e1lce na m\u00edru a dod\u00e1vat kompletn\u00ed sortiment hydraulick\u00fdch v\u00e1lc\u016f a n\u00e1hradn\u00edch d\u00edl\u016f. Nab\u00edz\u00edme r\u016fzn\u00e9 proveden\u00ed, v\u010detn\u011b hlin\u00edkov\u00fdch, ocelov\u00fdch a nerezov\u00fdch hydraulick\u00fdch v\u00e1lc\u016f, a tak\u00e9 zak\u00e1zkov\u00e1 proveden\u00ed, kter\u00e1 spl\u0148uj\u00ed specifick\u00e9 po\u017eadavky z\u00e1kazn\u00edk\u016f. Nab\u00edz\u00edme tak\u00e9 poprodejn\u00ed slu\u017eby, v\u010detn\u011b oprav, v\u00fdm\u011bny a \u00fadr\u017eby hydraulick\u00fdch v\u00e1lc\u016f a dal\u0161\u00edch hydraulick\u00fdch komponent\u016f.<\/p>\n<p>![Obr\u00e1zek 1 z \u00favodn\u00edho sd\u011blen\u00ed spole\u010dnosti](https:\/\/www.hydraulic-cylinders.net\/wp-content\/uploads\/2025\/01\/songte-company-4.webp)<\/p>\n<p>![Obr\u00e1zek \u010d. 2 z \u00favodn\u00edho sd\u011blen\u00ed spole\u010dnosti](https:\/\/www.hydraulic-cylinders.net\/wp-content\/uploads\/2025\/01\/songte-company-3.webp)<\/p>\n<p>Z\u00e1v\u011brem lze \u0159\u00edci, \u017ee hydraulick\u00e9 v\u00e1lce ramen jsou z\u00e1kladn\u00edmi sou\u010d\u00e1stmi r\u016fzn\u00fdch stroj\u016f, kter\u00e9 zaji\u0161\u0165uj\u00ed siln\u00fd line\u00e1rn\u00ed pohyb a s\u00edlu pro pohyb ramene a p\u0159\u00edslu\u0161enstv\u00ed. Spr\u00e1vn\u00fd v\u00fdb\u011br, instalace a \u00fadr\u017eba jsou nezbytn\u00e9 pro zaji\u0161t\u011bn\u00ed efektivn\u00edho a spolehliv\u00e9ho provozu. Na\u0161e spole\u010dnost poskytuje vysoce kvalitn\u00ed hydraulick\u00e9 v\u00e1lce a slu\u017eby z\u00e1kazn\u00edk\u016fm po cel\u00e9m sv\u011bt\u011b a spl\u0148uje tak jejich rozmanit\u00e9 pot\u0159eby a po\u017eadavky.<\/p>\n<p>Autor: lyl<\/p>","protected":false},"excerpt":{"rendered":"<p>Arm Cylinder for Caterpillar Large Excavator E329D\/329DL Arm cylinder is a specially designed hydraulic cylinder, mainly used to provide linear motion and power for the arm of various machinery, such as excavators, cranes, and robotic arms. The arm cylinder plays a key role in the hydraulic system, enabling attachments to move and be controlled effectively. [&hellip;]<\/p>","protected":false},"featured_media":14766,"comment_status":"open","ping_status":"closed","template":"","meta":{"_et_pb_use_builder":"","_et_pb_old_content":"","_et_gb_content_width":""},"product_brand":[],"product_cat":[1497],"product_tag":[1498,1496],"class_list":{"0":"post-16180","1":"product","2":"type-product","3":"status-publish","4":"has-post-thumbnail","6":"product_cat-arm-cylinders","7":"product_tag-arm-cylinders","8":"product_tag-hydraulic-cylinders","10":"first","11":"instock","12":"shipping-taxable","13":"product-type-simple"},"amp_enabled":true,"_links":{"self":[{"href":"https:\/\/www.hydraulic-cylinders.net\/cs\/wp-json\/wp\/v2\/product\/16180","targetHints":{"allow":["GET"]}}],"collection":[{"href":"https:\/\/www.hydraulic-cylinders.net\/cs\/wp-json\/wp\/v2\/product"}],"about":[{"href":"https:\/\/www.hydraulic-cylinders.net\/cs\/wp-json\/wp\/v2\/types\/product"}],"replies":[{"embeddable":true,"href":"https:\/\/www.hydraulic-cylinders.net\/cs\/wp-json\/wp\/v2\/comments?post=16180"}],"wp:featuredmedia":[{"embeddable":true,"href":"https:\/\/www.hydraulic-cylinders.net\/cs\/wp-json\/wp\/v2\/media\/14766"}],"wp:attachment":[{"href":"https:\/\/www.hydraulic-cylinders.net\/cs\/wp-json\/wp\/v2\/media?parent=16180"}],"wp:term":[{"taxonomy":"product_brand","embeddable":true,"href":"https:\/\/www.hydraulic-cylinders.net\/cs\/wp-json\/wp\/v2\/product_brand?post=16180"},{"taxonomy":"product_cat","embeddable":true,"href":"https:\/\/www.hydraulic-cylinders.net\/cs\/wp-json\/wp\/v2\/product_cat?post=16180"},{"taxonomy":"product_tag","embeddable":true,"href":"https:\/\/www.hydraulic-cylinders.net\/cs\/wp-json\/wp\/v2\/product_tag?post=16180"}],"curies":[{"name":"wp","href":"https:\/\/api.w.org\/{rel}","templated":true}]}}