{"id":16200,"date":"2025-01-20T08:39:08","date_gmt":"2025-01-20T08:39:08","guid":{"rendered":"https:\/\/www.hydraulic-cylinders.net\/product\/arm-cylinderfor-doosan-small-excavator-dx120\/"},"modified":"2025-01-20T08:39:16","modified_gmt":"2025-01-20T08:39:16","slug":"arm-cylinderfor-doosan-small-excavator-dx120","status":"publish","type":"product","link":"https:\/\/www.hydraulic-cylinders.net\/cs\/produkt\/arm-cylinderfor-doosan-small-excavator-dx120\/","title":{"rendered":"V\u00e1lec ramene pro mal\u00e9 rypadlo Doosan DX120"},"content":{"rendered":"<h2>V\u00e1lec ramene pro mal\u00e9 rypadlo Doosan DX120<\/h2>\n<p>V\u00e1lec ramene je speci\u00e1ln\u011b navr\u017een\u00fd hydraulick\u00fd v\u00e1lec, kter\u00fd se pou\u017e\u00edv\u00e1 k zaji\u0161t\u011bn\u00ed line\u00e1rn\u00edho pohybu a v\u00fdkonu ramene r\u016fzn\u00fdch typ\u016f stroj\u016f, jako jsou bagry, je\u0159\u00e1by a robotick\u00e1 ramena. V\u00e1lec ramene hraje kl\u00ed\u010dovou roli v hydraulick\u00fdch syst\u00e9mech, proto\u017ee umo\u017e\u0148uje efektivn\u00ed pohyb a ovl\u00e1d\u00e1n\u00ed dal\u0161\u00edch n\u00e1stroj\u016f nebo p\u0159\u00edslu\u0161enstv\u00ed. Tyto v\u00e1lce nejen umo\u017e\u0148uj\u00ed plynul\u00fd pohyb, ale tak\u00e9 odol\u00e1vaj\u00ed t\u011b\u017ek\u00fdm z\u00e1t\u011b\u017e\u00edm, co\u017e zaji\u0161\u0165uje efektivn\u00ed provoz a spolehlivost stroj\u016f za r\u016fzn\u00fdch pracovn\u00edch podm\u00ednek.<\/p>\n<p><img decoding=\"async\" src=\"https:\/\/www.hydraulic-cylinders.net\/wp-content\/uploads\/2025\/01\/songte-company-2.webp\"><\/p>\n<h3>Vlastnosti v\u00e1lce ramene:<\/h3>\n<ol>\n<li><strong>Vysoce \u00fa\u010dinn\u00fd p\u0159enos:<\/strong> V\u00e1lec ramene poskytuje siln\u00fd line\u00e1rn\u00ed pohyb a s\u00edlu, co\u017e zaji\u0161\u0165uje vysok\u00fd v\u00fdkon robotick\u00e9ho ramene v r\u016fzn\u00fdch operac\u00edch.<\/li>\n<li><strong>P\u0159esn\u00e9 ovl\u00e1d\u00e1n\u00ed:<\/strong> D\u00edky hydraulick\u00e9mu syst\u00e9mu umo\u017e\u0148uje v\u00e1lec ramene p\u0159esn\u00e9 ovl\u00e1d\u00e1n\u00ed pohybu, co\u017e zvy\u0161uje flexibilitu a p\u0159esnost ovl\u00e1d\u00e1n\u00ed dal\u0161\u00edch n\u00e1stroj\u016f.<\/li>\n<li><strong>Trvanlivost:<\/strong> V\u00e1lce ramen jsou obvykle vyrobeny z vysoce pevn\u00fdch materi\u00e1l\u016f, kter\u00e9 nab\u00edzej\u00ed vynikaj\u00edc\u00ed odolnost proti opot\u0159eben\u00ed a korozi, d\u00edky \u010demu\u017e jsou vhodn\u00e9 pro dlouhodob\u00e9 pou\u017e\u00edv\u00e1n\u00ed v n\u00e1ro\u010dn\u00fdch podm\u00ednk\u00e1ch.<\/li>\n<li><strong>Multifunk\u010dn\u00ed p\u0159izp\u016fsobivost:<\/strong> Tyto v\u00e1lce lze \u0161iroce pou\u017e\u00edt v r\u016fzn\u00fdch stroj\u00edch, jako jsou bagry, je\u0159\u00e1by a robotick\u00e1 ramena, a p\u0159izp\u016fsobit se tak r\u016fzn\u00fdm po\u017eadavk\u016fm na pr\u00e1ci.<\/li>\n<li><strong>Snadn\u00e1 \u00fadr\u017eba:<\/strong> V\u00e1lce ramen, navr\u017een\u00e9 s ohledem na snadnou \u00fadr\u017ebu a v\u00fdm\u011bnu, usnad\u0148uj\u00ed pravideln\u00e9 kontroly a \u00fadr\u017ebu, \u010d\u00edm\u017e zkracuj\u00ed prostoje za\u0159\u00edzen\u00ed.<\/li>\n<\/ol>\n<p><img decoding=\"async\" src=\"https:\/\/www.hydraulic-cylinders.net\/wp-content\/uploads\/2025\/01\/songte-oil-pipes-and-spare-parts.webp\"><\/p>\n<p>Rameno v\u00e1lce nach\u00e1z\u00ed uplatn\u011bn\u00ed v r\u016fzn\u00fdch pr\u016fmyslov\u00fdch odv\u011btv\u00edch:<\/p>\n<ul>\n<li>Konstrukce: U bagr\u016f a je\u0159\u00e1b\u016f ovl\u00e1d\u00e1 v\u00e1lec ramene pohyb l\u017e\u00edce nebo v\u00fdlo\u017en\u00edku pro zemn\u00ed pr\u00e1ce, manipulaci s materi\u00e1lem a mont\u00e1\u017e konstrukc\u00ed.<\/li>\n<li>V\u00fdroba: V automatizovan\u00fdch v\u00fdrobn\u00edch link\u00e1ch umo\u017e\u0148uje v\u00e1lec ramene pohyb robotick\u00fdch ramen pro procesy, jako je mont\u00e1\u017e, sva\u0159ov\u00e1n\u00ed a manipulace s materi\u00e1lem, \u010d\u00edm\u017e se zvy\u0161uje efektivita a p\u0159esnost v\u00fdroby.<\/li>\n<li>Zem\u011bd\u011blsk\u00e9 stroje: U zem\u011bd\u011blsk\u00fdch stroj\u016f, jako jsou skl\u00edzec\u00ed a sec\u00ed stroje, v\u00e1lec ramene \u0159\u00edd\u00ed pohyb ovl\u00e1dac\u00edch ramen pro \u00fakoly, jako je s\u00e1zen\u00ed, hnojen\u00ed a sklize\u0148.<\/li>\n<li>T\u011b\u017eba: V t\u011b\u017eebn\u00edm za\u0159\u00edzen\u00ed \u0159\u00edd\u00ed v\u00e1lec ramene pohyb ramene pro t\u011b\u017ebu a p\u0159epravu rudy.<\/li>\n<li>Logistika a doprava: U vysokozdvi\u017en\u00fdch voz\u00edk\u016f a manipula\u010dn\u00edch robot\u016f ovl\u00e1d\u00e1 v\u00e1lec ramene zved\u00e1n\u00ed a pohyb vidlic, co\u017e umo\u017e\u0148uje manipulaci s materi\u00e1lem a jeho stohov\u00e1n\u00ed.<\/li>\n<\/ul>\n<h3>Konstruk\u010dn\u00ed aspekty a krit\u00e9ria v\u00fdb\u011bru:<\/h3>\n<p>P\u0159i navrhov\u00e1n\u00ed v\u00e1lc\u016f ramen se bere v \u00favahu n\u011bkolik kl\u00ed\u010dov\u00fdch faktor\u016f:<\/p>\n<ol>\n<li><strong>Nosnost:<\/strong> V\u00e1lce ramen jsou navr\u017eeny tak, aby odolaly specifick\u00e9mu zat\u00ed\u017een\u00ed, a zajistily tak bezpe\u010dn\u00fd a efektivn\u00ed provoz.<\/li>\n<li><strong>T\u011bsn\u011bn\u00ed:<\/strong> Pro zaji\u0161t\u011bn\u00ed \u00fa\u010dinn\u00e9ho ut\u011bsn\u011bn\u00ed se pou\u017e\u00edvaj\u00ed r\u016fzn\u00e9 typy t\u011bsn\u011bn\u00ed, jako nap\u0159\u00edklad p\u00edstn\u00ed t\u011bsn\u011bn\u00ed a t\u011bsn\u011bn\u00ed p\u00edstnice. Tato t\u011bsn\u011bn\u00ed jsou vyrobena z materi\u00e1l\u016f odoln\u00fdch proti opot\u0159eben\u00ed, jako je polyuretan a nitrilov\u00e1 pry\u017e.<\/li>\n<li><strong>Trvanlivost:<\/strong> T\u011blesa v\u00e1lc\u016f a z\u00e1vitov\u00e9 konce proch\u00e1zej\u00ed p\u0159esn\u00fdm o\u0161et\u0159en\u00edm pro zv\u00fd\u0161en\u00ed odolnosti proti opot\u0159eben\u00ed.<\/li>\n<li><strong>Bezpe\u010dnost:<\/strong> Bezpe\u010dnostn\u00ed prvky, jako jsou p\u0159etlakov\u00e9 ventily, jsou zabudov\u00e1ny, aby se zabr\u00e1nilo nadm\u011brn\u00e9mu tlaku a zajistil bezpe\u010dn\u00fd provoz.<\/li>\n<li><strong>\u00dadr\u017eba:<\/strong> Pravideln\u00e1 kontrola a preventivn\u00ed \u00fadr\u017eba jsou nezbytn\u00e9 pro prodlou\u017een\u00ed \u017eivotnosti v\u00e1lce ramene a minimalizaci potenci\u00e1ln\u00edch probl\u00e9m\u016f.<\/li>\n<\/ol>\n<p><img decoding=\"async\" src=\"https:\/\/www.hydraulic-cylinders.net\/wp-content\/uploads\/2025\/01\/songte-cylinder-head-with-all-kinds-excavator-models.webp\"><\/p>\n<p>Spr\u00e1vn\u00e9 ut\u011bsn\u011bn\u00ed a maz\u00e1n\u00ed jsou kl\u00ed\u010dov\u00e9 pro v\u00fdkon a dlouhou \u017eivotnost v\u00e1lce ramene:<\/p>\n<ul>\n<li>R\u016fzn\u00e9 t\u011bsnic\u00ed prvky, jako jsou t\u011bsn\u011bn\u00ed p\u00edst\u016f a t\u011bsn\u011bn\u00ed p\u00edstnic, se pou\u017e\u00edvaj\u00ed k zabr\u00e1n\u011bn\u00ed \u00faniku kapaliny a k udr\u017een\u00ed spr\u00e1vn\u00e9ho provozu.<\/li>\n<li>T\u011bsn\u011bn\u00ed jsou vyrobena z odoln\u00fdch materi\u00e1l\u016f, jako je polyuretan a nitrilov\u00e1 pry\u017e, kter\u00e9 maj\u00ed vynikaj\u00edc\u00ed odolnost proti opot\u0159eben\u00ed.<\/li>\n<li>T\u011bleso v\u00e1lce a z\u00e1vitov\u00e9 konce proch\u00e1zej\u00ed pe\u010dlivou povrchovou \u00fapravou pro zv\u00fd\u0161en\u00ed odolnosti proti opot\u0159eben\u00ed.<\/li>\n<li>Pro zaji\u0161t\u011bn\u00ed plynul\u00e9ho provozu a sn\u00ed\u017een\u00ed t\u0159en\u00ed je nutn\u00e9 pravideln\u00e9 maz\u00e1n\u00ed vhodn\u00fdm mno\u017estv\u00edm hydraulick\u00e9ho oleje.<\/li>\n<\/ul>\n<h3>Pravideln\u00e1 kontrola a preventivn\u00ed \u00fadr\u017eba:<\/h3>\n<p>Pro zaji\u0161t\u011bn\u00ed optim\u00e1ln\u00edho v\u00fdkonu a dlouh\u00e9 \u017eivotnosti v\u00e1lce ramene by m\u011bly b\u00fdt prov\u00e1d\u011bny pravideln\u00e9 kontroly a preventivn\u00ed \u00fadr\u017eba:<\/p>\n<ul>\n<li>Zkontrolujte v\u00e1lec, zda nevykazuje zn\u00e1mky net\u011bsnosti, po\u0161kozen\u00ed nebo opot\u0159eben\u00ed.<\/li>\n<li>Zkontrolujte t\u011bsn\u011bn\u00ed a v p\u0159\u00edpad\u011b pot\u0159eby je vym\u011b\u0148te.<\/li>\n<li>Sledujte hladinu kapalin a v p\u0159\u00edpad\u011b pot\u0159eby dopl\u0148te hydraulick\u00fd olej.<\/li>\n<li>Zkontrolujte v\u00e1lec, zda nevykazuje zn\u00e1mky zne\u010di\u0161t\u011bn\u00ed nebo koroze.<\/li>\n<li>Ut\u00e1hn\u011bte v\u0161echny uvoln\u011bn\u00e9 spoje nebo armatury.<\/li>\n<li>Dodr\u017eujte pokyny v\u00fdrobce ohledn\u011b specifick\u00fdch postup\u016f kontroly a \u00fadr\u017eby.<\/li>\n<\/ul>\n<p><img decoding=\"async\" src=\"https:\/\/www.hydraulic-cylinders.net\/wp-content\/uploads\/2025\/01\/songte-chushion-collar.webp\"><\/p>\n<h3>Instala\u010dn\u00ed pr\u016fvodce:<\/h3>\n<p>Spr\u00e1vn\u00e1 instalace v\u00e1lce ramene je kl\u00ed\u010dov\u00e1 pro jeho v\u00fdkon a bezpe\u010dnost. Postupujte podle t\u011bchto krok\u016f:<\/p>\n<ol>\n<li>Ujist\u011bte se, \u017ee je za\u0159\u00edzen\u00ed bezpe\u010dn\u011b zaji\u0161t\u011bno a vypnuto.<\/li>\n<li>Opatrn\u011b um\u00edst\u011bte v\u00e1lec ramene a zarovnejte jej s mont\u00e1\u017en\u00edmi body.<\/li>\n<li>Bezpe\u010dn\u011b upevn\u011bte l\u00e1hev k za\u0159\u00edzen\u00ed pomoc\u00ed vhodn\u00fdch \u0161roub\u016f a spojovac\u00edch prvk\u016f.<\/li>\n<li>Zkontrolujte v\u0161echna p\u0159ipojen\u00ed, zda jsou pevn\u011b upevn\u011bna a bez \u00fanik\u016f.<\/li>\n<li>P\u0159ed zah\u00e1jen\u00edm provozu dvakr\u00e1t zkontrolujte vyrovn\u00e1n\u00ed a pohyb v\u00e1lce.<\/li>\n<\/ol>\n<p><img decoding=\"async\" src=\"https:\/\/www.hydraulic-cylinders.net\/wp-content\/uploads\/2025\/01\/songte-bushings-with-all-kinds-of-excavator-models.webp\"><\/p>\n<p>Bezpe\u010dnostn\u00ed aspekty a faktory prost\u0159ed\u00ed:<\/p>\n<p>P\u0159i pr\u00e1ci s v\u00e1lci ramen jsou bezpe\u010dnostn\u00ed opat\u0159en\u00ed nanejv\u00fd\u0161 d\u016fle\u017eit\u00e1. Je nezbytn\u00e9 up\u0159ednostnit n\u00e1sleduj\u00edc\u00ed:<\/p>\n<ul>\n<li>Dodr\u017eujte spr\u00e1vn\u00e9 provozn\u00ed postupy a pokyny stanoven\u00e9 v\u00fdrobcem za\u0159\u00edzen\u00ed.<\/li>\n<li>Zajist\u011bte, aby v\u0161ichni oper\u00e1to\u0159i byli pro\u0161koleni v bezpe\u010dn\u00e9m provozu stroj\u016f.<\/li>\n<li>Pou\u017e\u00edvejte vhodn\u00e9 osobn\u00ed ochrann\u00e9 prost\u0159edky (OOP), jako jsou rukavice a ochrann\u00e9 br\u00fdle.<\/li>\n<li>Pravideln\u011b kontrolujte a udr\u017eujte za\u0159\u00edzen\u00ed, abyste identifikovali a \u0159e\u0161ili ve\u0161ker\u00e1 potenci\u00e1ln\u00ed bezpe\u010dnostn\u00ed rizika.<\/li>\n<li>Pou\u017eit\u00fd hydraulick\u00fd olej a dal\u0161\u00ed odpadn\u00ed materi\u00e1ly zlikvidujte v souladu s p\u0159edpisy o ochran\u011b \u017eivotn\u00edho prost\u0159ed\u00ed.<\/li>\n<\/ul>\n<h3>\u0158e\u0161en\u00ed probl\u00e9m\u016f a b\u011b\u017en\u00e9 probl\u00e9my:<\/h3>\n<p>B\u011bhem provozu se mohou vyskytnout ur\u010dit\u00e9 z\u00e1vady nebo probl\u00e9my s v\u00e1lci ramen. Zde jsou n\u011bkter\u00e9 b\u011b\u017en\u00e9:<\/p>\n<ol>\n<li><strong>\u00danik kapaliny:<\/strong> Zkontrolujte t\u011bsn\u011bn\u00ed a spoje, zda nevykazuj\u00ed zn\u00e1mky net\u011bsnosti. Vym\u011b\u0148te opot\u0159ebovan\u00e1 nebo po\u0161kozen\u00e1 t\u011bsn\u011bn\u00ed.<\/li>\n<li><strong>Pomal\u00fd nebo nekonzistentn\u00ed pohyb:<\/strong> Zkontrolujte hydraulick\u00fd syst\u00e9m, zda v n\u011bm nejsou n\u011bjak\u00e9 p\u0159ek\u00e1\u017eky nebo zda nen\u00ed dostate\u010dn\u00e1 hladina kapaliny. Zajist\u011bte spr\u00e1vn\u00e9 maz\u00e1n\u00ed.<\/li>\n<li><strong>Nadm\u011brn\u00fd hluk nebo vibrace:<\/strong> Zkontrolujte v\u00e1lec, zda nejsou uvoln\u011bn\u00e9 spoje nebo po\u0161kozen\u00e9 sou\u010d\u00e1sti. V p\u0159\u00edpad\u011b pot\u0159eby jej dot\u00e1hn\u011bte nebo vym\u011b\u0148te.<\/li>\n<li><strong>\u0160patn\u00fd nebo nepravideln\u00fd v\u00fdkon:<\/strong> Zkontrolujte hydraulick\u00fd syst\u00e9m, zda nevykazuje probl\u00e9my s tlakem nebo pr\u016ftokem. Vy\u010dist\u011bte nebo vym\u011b\u0148te filtry a sledujte hladiny kapalin.<\/li>\n<\/ol>\n<p>Pro \u0159e\u0161en\u00ed probl\u00e9m\u016f zva\u017ete n\u00e1sleduj\u00edc\u00ed tipy a \u0159e\u0161en\u00ed, kter\u00e1 v\u00e1m pomohou efektivn\u011b diagnostikovat a vy\u0159e\u0161it probl\u00e9my:<\/p>\n<ul>\n<li>Konkr\u00e9tn\u00ed kroky pro \u0159e\u0161en\u00ed probl\u00e9m\u016f naleznete v u\u017eivatelsk\u00e9 p\u0159\u00edru\u010dce k za\u0159\u00edzen\u00ed nebo se obra\u0165te na technickou podporu.<\/li>\n<li>Zkontrolujte hydraulick\u00fd syst\u00e9m, zda nevykazuje zn\u00e1mky po\u0161kozen\u00ed, zne\u010di\u0161t\u011bn\u00ed nebo ucp\u00e1n\u00ed.<\/li>\n<li>Zkontrolujte t\u011bsnost a net\u011bsnosti v\u0161ech spoj\u016f a armatur.<\/li>\n<li>Analyzujte tlak a pr\u016ftok v syst\u00e9mu, abyste identifikovali p\u0159\u00edpadn\u00e9 abnormality.<\/li>\n<li>Dodr\u017eujte preventivn\u00ed opat\u0159en\u00ed \u00fadr\u017eby, abyste minimalizovali potenci\u00e1ln\u00ed probl\u00e9my.<\/li>\n<\/ul>\n<p><img decoding=\"async\" src=\"https:\/\/www.hydraulic-cylinders.net\/wp-content\/uploads\/2025\/01\/songte-chushion-collar.webp\"><\/p>\n<p><strong>Autor: lyl<\/strong><\/p>\n<h3>O na\u0161\u00ed spole\u010dnosti:<\/h3>\n<p>Jsme profesion\u00e1lov\u00e9<\/p>","protected":false},"excerpt":{"rendered":"<p>Arm Cylinder for Doosan Small Excavator DX120 The arm cylinder is a specially designed hydraulic cylinder that is used to provide linear motion and power to the arm of various types of machinery, such as excavators, cranes, and robotic arms. The arm cylinder plays a crucial role in hydraulic systems, allowing for the effective movement [&hellip;]<\/p>","protected":false},"featured_media":14766,"comment_status":"open","ping_status":"closed","template":"","meta":{"_et_pb_use_builder":"","_et_pb_old_content":"","_et_gb_content_width":""},"product_brand":[],"product_cat":[1497],"product_tag":[1498,1496],"class_list":{"0":"post-16200","1":"product","2":"type-product","3":"status-publish","4":"has-post-thumbnail","6":"product_cat-arm-cylinders","7":"product_tag-arm-cylinders","8":"product_tag-hydraulic-cylinders","10":"first","11":"instock","12":"shipping-taxable","13":"product-type-simple"},"amp_enabled":true,"_links":{"self":[{"href":"https:\/\/www.hydraulic-cylinders.net\/cs\/wp-json\/wp\/v2\/product\/16200","targetHints":{"allow":["GET"]}}],"collection":[{"href":"https:\/\/www.hydraulic-cylinders.net\/cs\/wp-json\/wp\/v2\/product"}],"about":[{"href":"https:\/\/www.hydraulic-cylinders.net\/cs\/wp-json\/wp\/v2\/types\/product"}],"replies":[{"embeddable":true,"href":"https:\/\/www.hydraulic-cylinders.net\/cs\/wp-json\/wp\/v2\/comments?post=16200"}],"wp:featuredmedia":[{"embeddable":true,"href":"https:\/\/www.hydraulic-cylinders.net\/cs\/wp-json\/wp\/v2\/media\/14766"}],"wp:attachment":[{"href":"https:\/\/www.hydraulic-cylinders.net\/cs\/wp-json\/wp\/v2\/media?parent=16200"}],"wp:term":[{"taxonomy":"product_brand","embeddable":true,"href":"https:\/\/www.hydraulic-cylinders.net\/cs\/wp-json\/wp\/v2\/product_brand?post=16200"},{"taxonomy":"product_cat","embeddable":true,"href":"https:\/\/www.hydraulic-cylinders.net\/cs\/wp-json\/wp\/v2\/product_cat?post=16200"},{"taxonomy":"product_tag","embeddable":true,"href":"https:\/\/www.hydraulic-cylinders.net\/cs\/wp-json\/wp\/v2\/product_tag?post=16200"}],"curies":[{"name":"wp","href":"https:\/\/api.w.org\/{rel}","templated":true}]}}