{"id":16213,"date":"2025-01-20T08:40:27","date_gmt":"2025-01-20T08:40:27","guid":{"rendered":"https:\/\/www.hydraulic-cylinders.net\/product\/arm-cylinderfor-doosan-large-excavator-dh370\/"},"modified":"2025-01-20T08:40:34","modified_gmt":"2025-01-20T08:40:34","slug":"arm-cylinderfor-doosan-large-excavator-dh370","status":"publish","type":"product","link":"https:\/\/www.hydraulic-cylinders.net\/cs\/produkt\/arm-cylinderfor-doosan-large-excavator-dh370\/","title":{"rendered":"V\u00e1lec ramene pro velk\u00e9 rypadlo Doosan DH370"},"content":{"rendered":"<h1>V\u00e1lec ramene pro velk\u00e9 rypadlo Doosan DH370<\/h1>\n<h2>Zaveden\u00ed<\/h2>\n<h3>Definice a vysv\u011btlen\u00ed<\/h3>\n<p>V\u00e1lec ramene je typ speci\u00e1ln\u011b navr\u017een\u00e9ho hydraulick\u00e9ho v\u00e1lce, kter\u00fd se prim\u00e1rn\u011b pou\u017e\u00edv\u00e1 k zaji\u0161t\u011bn\u00ed line\u00e1rn\u00edho pohybu a v\u00fdkonu ramen r\u016fzn\u00fdch typ\u016f stroj\u016f, jako jsou bagry, je\u0159\u00e1by a mechanick\u00e1 ramena. V\u00e1lec ramene hraje kl\u00ed\u010dovou roli v hydraulick\u00e9m syst\u00e9mu, proto\u017ee umo\u017e\u0148uje efektivn\u00ed pohyb a ovl\u00e1d\u00e1n\u00ed p\u0159ipojen\u00e9ho n\u00e1stroje nebo p\u0159\u00edslu\u0161enstv\u00ed. Tyto v\u00e1lce nejen zaji\u0161\u0165uj\u00ed plynul\u00fd pohyb, ale tak\u00e9 odol\u00e1vaj\u00ed t\u011b\u017ek\u00fdm z\u00e1t\u011b\u017e\u00edm, \u010d\u00edm\u017e zaji\u0161\u0165uj\u00ed efektivn\u00ed provoz a spolehlivost stroje za r\u016fzn\u00fdch pracovn\u00edch podm\u00ednek.<\/p>\n<p><img decoding=\"async\" src=\"https:\/\/www.hydraulic-cylinders.net\/wp-content\/uploads\/2025\/01\/songte-company-2.webp\" alt=\"Obr\u00e1zek v\u00e1lce ramene\"><\/p>\n<h2>Funkce<\/h2>\n<ul>\n<li>\n<h3>Vysoce \u00fa\u010dinn\u00fd p\u0159enos<\/h3>\n<p>V\u00e1lec ramene m\u016f\u017ee poskytovat siln\u00fd line\u00e1rn\u00ed pohyb a s\u00edlu, co\u017e zaji\u0161\u0165uje vysoce \u00fa\u010dinn\u00fd v\u00fdkon mechanick\u00fdch ramen v r\u016fzn\u00fdch operac\u00edch.<\/p>\n<\/li>\n<li>\n<h3>P\u0159esn\u00e9 \u0159\u00edzen\u00ed<\/h3>\n<p>D\u00edky hydraulick\u00e9mu syst\u00e9mu m\u016f\u017ee v\u00e1lec ramene dos\u00e1hnout p\u0159esn\u00e9ho \u0159\u00edzen\u00ed pohybu, co\u017e zvy\u0161uje flexibilitu a p\u0159esnost ovl\u00e1d\u00e1n\u00ed p\u0159ipojen\u00e9ho n\u00e1stroje.<\/p>\n<\/li>\n<li>\n<h3>Vysok\u00e1 odolnost<\/h3>\n<p>V\u00e1lec ramene je obvykle vyroben z vysoce pevn\u00fdch materi\u00e1l\u016f s dobrou odolnost\u00ed proti od\u011bru a korozi, vhodn\u00fdch pro dlouhodob\u00e9 pou\u017eit\u00ed v n\u00e1ro\u010dn\u00fdch podm\u00ednk\u00e1ch.<\/p>\n<\/li>\n<li>\n<h3>Multifunk\u010dn\u00ed p\u0159izp\u016fsobivost<\/h3>\n<p>Tyto v\u00e1lce lze \u0161iroce pou\u017e\u00edvat v r\u016fzn\u00fdch mechanick\u00fdch za\u0159\u00edzen\u00edch, jako jsou bagry, je\u0159\u00e1by a mechanick\u00e1 ramena, aby se p\u0159izp\u016fsobily r\u016fzn\u00fdm pracovn\u00edm po\u017eadavk\u016fm.<\/p>\n<\/li>\n<li>\n<h3>Snadn\u00e1 \u00fadr\u017eba<\/h3>\n<p>Konstrukce zohled\u0148uje snadnou \u00fadr\u017ebu a v\u00fdm\u011bnu, co\u017e usnad\u0148uje pravideln\u00e9 kontroly a \u00fadr\u017ebu a zkracuje prostoje za\u0159\u00edzen\u00ed.<\/p>\n<\/li>\n<\/ul>\n<p>Tento produkt dok\u00e1\u017eeme vyrobit a dokonale nahradit tyto hydraulick\u00e9 v\u00e1lce.<\/p>\n<p><img decoding=\"async\" src=\"https:\/\/www.hydraulic-cylinders.net\/wp-content\/uploads\/2025\/01\/songte-oil-pipes-and-spare-parts.webp\" alt=\"Obr\u00e1zek produktu\"><\/p>\n<h2>Aplikace<\/h2>\n<ul>\n<li>\n<h3>Stavebn\u00ed in\u017een\u00fdrstv\u00ed<\/h3>\n<p>U bagr\u016f a je\u0159\u00e1b\u016f se v\u00e1lec ramene pou\u017e\u00edv\u00e1 k ovl\u00e1d\u00e1n\u00ed pohybu l\u017e\u00edce nebo v\u00fdlo\u017en\u00edku pro zemn\u00ed pr\u00e1ce, manipulaci s materi\u00e1lem a mont\u00e1\u017e konstrukc\u00ed.<\/p>\n<\/li>\n<li>\n<h3>Zpracovatelsk\u00fd pr\u016fmysl<\/h3>\n<p>V automatizovan\u00fdch v\u00fdrobn\u00edch link\u00e1ch se v\u00e1lec ramene pou\u017e\u00edv\u00e1 pro pohyb mechanick\u00fdch ramen, pro mont\u00e1\u017en\u00ed, sva\u0159ovac\u00ed a manipula\u010dn\u00ed procesy, co\u017e zvy\u0161uje efektivitu a p\u0159esnost v\u00fdroby.<\/p>\n<\/li>\n<li>\n<h3>Zem\u011bd\u011blsk\u00e9 stroje<\/h3>\n<p>V zem\u011bd\u011blsk\u00fdch stroj\u00edch, jako jsou skl\u00edzec\u00ed a s\u00e1zec\u00ed stroje, v\u00e1lec ramene ovl\u00e1d\u00e1 pohyb ovl\u00e1dac\u00edho ramene a prov\u00e1d\u00ed \u00fakoly, jako je set\u00ed, hnojen\u00ed a sklize\u0148.<\/p>\n<\/li>\n<li>\n<h3>Hornictv\u00ed<\/h3>\n<p>V t\u011b\u017eebn\u00edch za\u0159\u00edzen\u00edch se v\u00e1lec ramene pou\u017e\u00edv\u00e1 k ovl\u00e1d\u00e1n\u00ed pohybu ramene t\u011b\u017eebn\u00edho za\u0159\u00edzen\u00ed, pro t\u011b\u017ebu a manipulaci s materi\u00e1lem.<\/p>\n<\/li>\n<li>\n<h3>Logistika a doprava<\/h3>\n<p>U vysokozdvi\u017en\u00fdch voz\u00edk\u016f a manipula\u010dn\u00edch robot\u016f se v\u00e1lec ramene pou\u017e\u00edv\u00e1 k ovl\u00e1d\u00e1n\u00ed zved\u00e1n\u00ed a pohybu vidlic, pro manipulaci s materi\u00e1lem a stohov\u00e1n\u00ed.<\/p>\n<\/li>\n<\/ul>\n<h2>Standardy pro n\u00e1vrh a v\u00fdb\u011br<\/h2>\n<ul>\n<li>\n<h3>\u00danosnost<\/h3>\n<p>V\u00e1lec ramene mus\u00ed b\u00fdt schopen un\u00e9st hmotnost p\u0159ipojen\u00e9ho n\u00e1stroje nebo p\u0159\u00edslu\u0161enstv\u00ed a zat\u00ed\u017een\u00ed b\u011bhem provozu.<\/p>\n<\/li>\n<li>\n<h3>T\u011bsn\u011bn\u00ed<\/h3>\n<p>V\u00e1lec ramene pou\u017e\u00edv\u00e1 r\u016fzn\u00e9 t\u011bsnic\u00ed prvky, jako jsou t\u011bsn\u011bn\u00ed p\u00edstu, t\u011bsn\u011bn\u00ed p\u00edstnice atd. T\u011bsnic\u00ed prvky jsou vyrobeny z materi\u00e1l\u016f odoln\u00fdch proti opot\u0159eben\u00ed, jako je polyuretan a nitrilov\u00e1 pry\u017e. T\u011bleso v\u00e1lce a z\u00e1vitov\u00fd konec jsou jemn\u011b opracov\u00e1ny pro zlep\u0161en\u00ed odolnosti proti opot\u0159eben\u00ed. V\u00e1lec ramene je t\u0159eba pravideln\u011b dopl\u0148ovat vhodn\u00fdm mno\u017estv\u00edm hydraulick\u00e9ho oleje pro maz\u00e1n\u00ed.<\/p>\n<\/li>\n<li>\n<h3>Trvanlivost<\/h3>\n<p>V\u00e1lec ramene mus\u00ed b\u00fdt vyroben z vysoce pevn\u00fdch materi\u00e1l\u016f s dobrou odolnost\u00ed proti opot\u0159eben\u00ed a korozi, aby bylo zaji\u0161t\u011bno dlouhodob\u00e9 pou\u017e\u00edv\u00e1n\u00ed v n\u00e1ro\u010dn\u00fdch podm\u00ednk\u00e1ch.<\/p>\n<\/li>\n<li>\n<h3>Bezpe\u010dnost<\/h3>\n<p>V\u00e1lec ramene mus\u00ed b\u00fdt navr\u017een a vyroben tak, aby spl\u0148oval bezpe\u010dnostn\u00ed normy, aby se zabr\u00e1nilo nehod\u00e1m b\u011bhem provozu.<\/p>\n<\/li>\n<li>\n<h3>Udr\u017eovatelnost<\/h3>\n<p>Konstrukce v\u00e1lce ramene mus\u00ed zohled\u0148ovat snadnou \u00fadr\u017ebu a v\u00fdm\u011bnu, aby se usnadnily pravideln\u00e9 kontroly a \u00fadr\u017eba a zkr\u00e1tily se prostoje za\u0159\u00edzen\u00ed.<\/p>\n<\/li>\n<\/ul>\n<p><img decoding=\"async\" src=\"https:\/\/www.hydraulic-cylinders.net\/wp-content\/uploads\/2025\/01\/songte-cylinder-head-with-all-kinds-excavator-models.webp\" alt=\"Obr\u00e1zek designu produktu\"><\/p>\n<h2>T\u011bsn\u011bn\u00ed a maz\u00e1n\u00ed<\/h2>\n<p>V\u00e1lec ramene pou\u017e\u00edv\u00e1 r\u016fzn\u00e9 t\u011bsnic\u00ed prvky, jako jsou t\u011bsn\u011bn\u00ed p\u00edstu, t\u011bsn\u011bn\u00ed p\u00edstnice atd. T\u011bsnic\u00ed prvky jsou vyrobeny z materi\u00e1l\u016f odoln\u00fdch proti opot\u0159eben\u00ed, jako je polyuretan a nitrilov\u00e1 pry\u017e. T\u011bleso v\u00e1lce a z\u00e1vitov\u00fd konec jsou jemn\u011b opracov\u00e1ny pro zlep\u0161en\u00ed odolnosti proti opot\u0159eben\u00ed. V\u00e1lec ramene je t\u0159eba pravideln\u011b dopl\u0148ovat vhodn\u00fdm mno\u017estv\u00edm hydraulick\u00e9ho oleje pro maz\u00e1n\u00ed.<\/p>\n<h2>\u00dadr\u017eba a preventivn\u00ed opat\u0159en\u00ed<\/h2>\n<ul>\n<li>\n<p>Pravideln\u011b kontrolujte v\u00e1lec ramene, zda nen\u00ed opot\u0159ebov\u00e1n, zda nejsou po\u0161kozeny t\u011bsnic\u00ed d\u00edly, zda nejsou praskliny nebo deformov\u00e1ny t\u011bleso v\u00e1lce atd.<\/p>\n<\/li>\n<li>\n<p>Pravideln\u011b dopl\u0148ujte do v\u00e1lce ramene vhodn\u00e9 mno\u017estv\u00ed hydraulick\u00e9ho oleje a olej vym\u011b\u0148ujte podle stanoven\u00e9 doby nebo po\u010dtu najet\u00fdch kilometr\u016f.<\/p>\n<\/li>\n<li>\n<p>Pravideln\u011b kontrolujte upev\u0148ovac\u00ed \u0161rouby a matice v\u00e1lce ramene, abyste se ujistili, \u017ee jsou uta\u017eeny p\u0159edepsan\u00fdm utahovac\u00edm momentem.<\/p>\n<\/li>\n<li>\n<p>V\u010das vym\u011b\u0148te opot\u0159ebovan\u00e9 nebo po\u0161kozen\u00e9 t\u011bsnic\u00ed prvky, abyste zabr\u00e1nili \u00faniku oleje.<\/p>\n<\/li>\n<li>\n<p>Vym\u011b\u0148te v\u00e1lec ramene dle stanoven\u00e9 \u017eivotnosti nebo po\u010dtu najet\u00fdch kilometr\u016f, aby byl zaji\u0161t\u011bn bezpe\u010dn\u00fd provoz.<\/p>\n<\/li>\n<\/ul>\n<p><img decoding=\"async\" src=\"https:\/\/www.hydraulic-cylinders.net\/wp-content\/uploads\/2025\/01\/songte-chushion-collar.webp\" alt=\"Obr\u00e1zek \u00fadr\u017eby\"><\/p>\n<h2>Instala\u010dn\u00ed p\u0159\u00edru\u010dka<\/h2>\n<p>P\u0159ed instalac\u00ed d\u016fkladn\u011b o\u010dist\u011bte mont\u00e1\u017en\u00ed plochu ramene v\u00e1lce a p\u0159ipojen\u00e9 \u010d\u00e1sti, zkontrolujte mont\u00e1\u017en\u00ed rozm\u011bry a ov\u011b\u0159te spr\u00e1vnost sm\u011bru mont\u00e1\u017ee. B\u011bhem instalace pou\u017e\u00edvejte vhodn\u00e9 n\u00e1stroje a dodr\u017eujte uveden\u00e9 hodnoty utahovac\u00edho momentu, abyste zabr\u00e1nili po\u0161kozen\u00ed t\u011blesa v\u00e1lce a t\u011bsnic\u00edch prvk\u016f. Po instalaci prove\u010fte tlakovou zkou\u0161ku a p\u0159ed uveden\u00edm do provozu zkontrolujte t\u011bsnost.<\/p>\n<p><img decoding=\"async\" src=\"https:\/\/www.hydraulic-cylinders.net\/wp-content\/uploads\/2025\/01\/songte-bushings-with-all-kinds-of-excavator-models.webp\" alt=\"Obr\u00e1zek instala\u010dn\u00ed p\u0159\u00edru\u010dky\"><\/p>\n<h2>Bezpe\u010dnostn\u00ed aspekty a faktory prost\u0159ed\u00ed<\/h2>\n<p>B\u011bhem provozu dodr\u017eujte stanoven\u00e9 provozn\u00ed postupy a bezpe\u010dnostn\u00ed opat\u0159en\u00ed, abyste p\u0159ede\u0161li zran\u011bn\u00ed osob a po\u0161kozen\u00ed za\u0159\u00edzen\u00ed. Pro zaji\u0161t\u011bn\u00ed stabiln\u00edho a spolehliv\u00e9ho provozu v\u00e1lce ramene je nutn\u00e9 v\u011bnovat pozornost faktor\u016fm prost\u0159ed\u00ed, jako je teplota, vlhkost a prach.<\/p>\n<h2>Odstra\u0148ov\u00e1n\u00ed probl\u00e9m\u016f a b\u011b\u017en\u00e9 probl\u00e9my<\/h2>\n<ul>\n<li>\n<h3>\u00danik oleje<\/h3>\n<p>T\u011bsnic\u00ed prvek je opot\u0159ebovan\u00fd nebo po\u0161kozen\u00fd a t\u011bleso v\u00e1lce nebo z\u00e1vitov\u00fd konec je po\u0161kozen\u00fd. Vym\u011b\u0148te t\u011bsnic\u00ed prvek nebo opravte t\u011bleso v\u00e1lce a z\u00e1vitov\u00fd konec.<\/p>\n<\/li>\n<li>\n<h3>Abnorm\u00e1ln\u00ed hluk<\/h3>\n<p>T\u011bleso v\u00e1lce nebo p\u00edstnice je ohnut\u00e1 nebo jsou mont\u00e1\u017en\u00ed d\u00edly uvoln\u011bn\u00e9. Vym\u011b\u0148te nebo opravte po\u0161kozen\u00e9 d\u00edly a uvoln\u011bn\u00e9 d\u00edly dot\u00e1hn\u011bte.<\/p>\n<\/li>\n<li>\n<h3>Nedostate\u010dn\u00fd v\u00fdkon<\/h3>\n<p>Tlak hydraulick\u00e9ho oleje je nedostate\u010dn\u00fd nebo je t\u011bsnic\u00ed prvek nadm\u011brn\u011b opot\u0159ebovan\u00fd. Zvy\u0161te tlak hydraulick\u00e9ho oleje nebo vym\u011b\u0148te t\u011bsnic\u00ed prvek.<\/p>\n<\/li>\n<\/ul>\n<p>Je d\u016fle\u017eit\u00e9 v\u010das diagnostikovat a \u0159e\u0161it probl\u00e9my, aby se zabr\u00e1nilo dal\u0161\u00edmu po\u0161kozen\u00ed v\u00e1lce ramene a strojn\u00edho za\u0159\u00edzen\u00ed. Pravideln\u00e9 kontroly a \u00fadr\u017eba mohou pomoci p\u0159edej\u00edt potenci\u00e1ln\u00edm probl\u00e9m\u016fm.<\/p>\n<p><img decoding=\"async\" src=\"https:\/\/www.hydraulic-cylinders.net\/wp-content\/uploads\/2025\/01\/songte-company-4.webp\" alt=\"Obr\u00e1zek \u00favodu spole\u010dnosti\"><br \/>\n<img decoding=\"async\" src=\"https:\/\/www.hydraulic-cylinders.net\/wp-content\/uploads\/2025\/01\/songte-company-3.webp\" alt=\"Obr\u00e1zek \u00favodu spole\u010dnosti\"><\/p>\n<h2>O n\u00e1s<\/h2>\n<p>Jsme profesion\u00e1ln\u00ed v\u00fdrobce n\u00e1hradn\u00edch hydraulick\u00fdch v\u00e1lc\u016f s \u0161irokou \u0161k\u00e1lou produkt\u016f a stali jsme se jedn\u00edm z p\u0159edn\u00edch v\u00fdrobc\u016f a velkoobchodn\u00edch distributor\u016f hydraulick\u00fdch v\u00e1lc\u016f na dom\u00e1c\u00edm i mezin\u00e1rodn\u00edm trhu. V\u017edy dodr\u017eujeme principy excelence, spol\u00e9h\u00e1me se na strategii industrializovan\u00e9ho \u0159\u00edzen\u00ed v\u00fdroby v r\u00e1mci zdokonalen\u00e9 v\u00fdrobn\u00ed d\u00edlny a neust\u00e1le zlep\u0161ujeme na\u0161i technickou \u00farove\u0148 a efektivitu v\u00fdroby. Zav\u00e1d\u011bn\u00edm \u0161pi\u010dkov\u00e9ho digit\u00e1ln\u00edho v\u00fdrobn\u00edho za\u0159\u00edzen\u00ed a profesion\u00e1ln\u00edch testovac\u00edch syst\u00e9m\u016f optimalizujeme v\u00fdrobn\u00ed platformu, zlep\u0161ujeme proces kontroly kvality v\u00fdrobk\u016f a disponujeme siln\u00fdmi inovativn\u00edmi schopnostmi. Na\u0161\u00edm c\u00edlem je uspokojovat rozmanit\u00e9 pot\u0159eby z\u00e1kazn\u00edk\u016f s principy efektivity, p\u0159esnosti a vysok\u00e9 kvality.<\/p>\n<ul>\n<li>\n<h3>Profesionalita<\/h3>\n<p>M\u00e1me t\u00fdm zku\u0161en\u00fdch in\u017een\u00fdr\u016f a technik\u016f, kte\u0159\u00ed dok\u00e1\u017e\u00ed z\u00e1kazn\u00edk\u016fm poskytnout profesion\u00e1ln\u00ed \u0159e\u0161en\u00ed a technickou podporu.<\/p>\n<\/li>\n<li>\n<h3>Mezin\u00e1rodn\u00ed certifikace<\/h3>\n<p>Na\u0161e v\u00fdrobky pro\u0161ly mezin\u00e1rodn\u00edmi certifikacemi, jako jsou ISO9001, CE a SGS, kter\u00e9 zaru\u010duj\u00ed kvalitu a bezpe\u010dnost na\u0161ich produkt\u016f.<\/p>\n<\/li>\n<li>\n<h3>Slu\u017eby p\u0159izp\u016fsoben\u00ed<\/h3>\n<p>M\u016f\u017eeme poskytnout slu\u017eby na m\u00edru dle po\u017eadavk\u016f z\u00e1kazn\u00edka, jako je velikost, materi\u00e1l a povrchov\u00e1 \u00faprava.<\/p>\n<\/li>\n<li>\n<h3>V\u00fdrobn\u00ed za\u0159\u00edzen\u00ed<\/h3>\n<p>Disponujeme modern\u00edm v\u00fdrobn\u00edm vybaven\u00edm, jako jsou CNC soustruhy, obr\u00e1b\u011bc\u00ed centra a testovac\u00ed za\u0159\u00edzen\u00ed, kter\u00e9 zaji\u0161\u0165uj\u00ed p\u0159esnost a efektivitu na\u0161ich produkt\u016f.<\/p>\n<\/li>\n<li>\n<h3>Poprodejn\u00ed servis<\/h3>\n<p>Poskytujeme komplexn\u00ed poprodejn\u00ed servis, jako je technick\u00e9 poradenstv\u00ed, \u00fadr\u017eba produkt\u016f a v\u00fdm\u011bna.<\/p>\n<\/li>\n<\/ul>\n<p>V oboru m\u00e1me silnou pov\u011bst a jsme odhodl\u00e1ni poskytovat na\u0161im z\u00e1kazn\u00edk\u016fm vysoce kvalitn\u00ed a spolehliv\u00e9 produkty a slu\u017eby.<\/p>\n<p>Autor: lyl.<\/p>","protected":false},"excerpt":{"rendered":"<p>Arm Cylinder for Doosan Large Excavator DH370 Introduction Definition and Explanation The arm cylinder is a type of specially designed hydraulic cylinder that is primarily used to provide linear motion and power to the arms of various types of machinery, such as excavators, cranes, and mechanical arms. The arm cylinder plays a crucial role in [&hellip;]<\/p>","protected":false},"featured_media":14786,"comment_status":"open","ping_status":"closed","template":"","meta":{"_et_pb_use_builder":"","_et_pb_old_content":"","_et_gb_content_width":""},"product_brand":[],"product_cat":[1497],"product_tag":[1498,1496],"class_list":{"0":"post-16213","1":"product","2":"type-product","3":"status-publish","4":"has-post-thumbnail","6":"product_cat-arm-cylinders","7":"product_tag-arm-cylinders","8":"product_tag-hydraulic-cylinders","10":"first","11":"instock","12":"shipping-taxable","13":"product-type-simple"},"amp_enabled":true,"_links":{"self":[{"href":"https:\/\/www.hydraulic-cylinders.net\/cs\/wp-json\/wp\/v2\/product\/16213","targetHints":{"allow":["GET"]}}],"collection":[{"href":"https:\/\/www.hydraulic-cylinders.net\/cs\/wp-json\/wp\/v2\/product"}],"about":[{"href":"https:\/\/www.hydraulic-cylinders.net\/cs\/wp-json\/wp\/v2\/types\/product"}],"replies":[{"embeddable":true,"href":"https:\/\/www.hydraulic-cylinders.net\/cs\/wp-json\/wp\/v2\/comments?post=16213"}],"wp:featuredmedia":[{"embeddable":true,"href":"https:\/\/www.hydraulic-cylinders.net\/cs\/wp-json\/wp\/v2\/media\/14786"}],"wp:attachment":[{"href":"https:\/\/www.hydraulic-cylinders.net\/cs\/wp-json\/wp\/v2\/media?parent=16213"}],"wp:term":[{"taxonomy":"product_brand","embeddable":true,"href":"https:\/\/www.hydraulic-cylinders.net\/cs\/wp-json\/wp\/v2\/product_brand?post=16213"},{"taxonomy":"product_cat","embeddable":true,"href":"https:\/\/www.hydraulic-cylinders.net\/cs\/wp-json\/wp\/v2\/product_cat?post=16213"},{"taxonomy":"product_tag","embeddable":true,"href":"https:\/\/www.hydraulic-cylinders.net\/cs\/wp-json\/wp\/v2\/product_tag?post=16213"}],"curies":[{"name":"wp","href":"https:\/\/api.w.org\/{rel}","templated":true}]}}