{"id":16270,"date":"2025-01-20T09:01:08","date_gmt":"2025-01-20T09:01:08","guid":{"rendered":"https:\/\/www.hydraulic-cylinders.net\/product\/arm-cylinderfor-kobelco-small-excavator-sk45\/"},"modified":"2025-01-20T09:01:10","modified_gmt":"2025-01-20T09:01:10","slug":"arm-cylinderfor-kobelco-small-excavator-sk45","status":"publish","type":"product","link":"https:\/\/www.hydraulic-cylinders.net\/cs\/produkt\/arm-cylinderfor-kobelco-small-excavator-sk45\/","title":{"rendered":"V\u00e1lec ramene pro mal\u00e9 rypadlo Kobelco SK45"},"content":{"rendered":"<p>V\u00e1lec ramene pro mal\u00e9 rypadlo Kobelco SK45<\/p>\n<p>Hydraulick\u00fd v\u00e1lec ramene je specializovan\u00fd hydraulick\u00fd v\u00e1lec ur\u010den\u00fd k zaji\u0161t\u011bn\u00ed line\u00e1rn\u00edho pohybu a v\u00fdkonu ramen r\u016fzn\u00fdch typ\u016f stroj\u016f, jako jsou bagry, je\u0159\u00e1by a robotick\u00e1 ramena. V\u00e1lec ramene hraje kl\u00ed\u010dovou roli v hydraulick\u00fdch syst\u00e9mech, proto\u017ee umo\u017e\u0148uje efektivn\u00ed pohyb a ovl\u00e1d\u00e1n\u00ed p\u0159ipojen\u00e9ho n\u00e1\u0159ad\u00ed nebo p\u0159\u00edslu\u0161enstv\u00ed. Tyto v\u00e1lce nejen\u017ee zaji\u0161\u0165uj\u00ed plynul\u00fd pohyb, ale tak\u00e9 odol\u00e1vaj\u00ed t\u011b\u017ek\u00fdm z\u00e1t\u011b\u017e\u00edm, \u010d\u00edm\u017e zaji\u0161\u0165uj\u00ed efektivn\u00ed provoz a spolehlivost stroj\u016f za r\u016fzn\u00fdch provozn\u00edch podm\u00ednek.<\/p>\n<p>Definice a vysv\u011btlen\u00ed:<\/p>\n<p>Hydraulick\u00fd v\u00e1lec ramene je typ hydraulick\u00e9ho v\u00e1lce, kter\u00fd je speci\u00e1ln\u011b navr\u017een tak, aby poskytoval line\u00e1rn\u00ed pohyb a s\u00edlu ramen\u016fm r\u016fzn\u00fdch typ\u016f stroj\u016f. Hraje kl\u00ed\u010dovou roli v hydraulick\u00fdch syst\u00e9mech, proto\u017ee umo\u017e\u0148uje efektivn\u00ed pohyb a ovl\u00e1d\u00e1n\u00ed p\u0159ipojen\u00e9ho n\u00e1\u0159ad\u00ed nebo p\u0159\u00edslu\u0161enstv\u00ed. V\u00e1lce ramen jsou vysoce \u00fa\u010dinn\u00e9 a spolehliv\u00e9 a zaji\u0161\u0165uj\u00ed plynul\u00fd a p\u0159esn\u00fd pohyb stroj\u016f za r\u016fzn\u00fdch provozn\u00edch podm\u00ednek. Jsou vyrobeny z vysoce pevn\u00fdch materi\u00e1l\u016f a maj\u00ed vynikaj\u00edc\u00ed odolnost proti opot\u0159eben\u00ed a korozi, d\u00edky \u010demu\u017e jsou vhodn\u00e9 pro pou\u017eit\u00ed v n\u00e1ro\u010dn\u00fdch podm\u00ednk\u00e1ch.<\/p>\n<p>Vlastnosti:<\/p>\n<p>1. Vysoce \u00fa\u010dinn\u00fd p\u0159enos v\u00fdkonu: V\u00e1lce ramen zaji\u0161\u0165uj\u00ed siln\u00fd line\u00e1rn\u00ed pohyb a s\u00edlu, co\u017e zaji\u0161\u0165uje vysok\u00fd v\u00fdkon ramen stroje b\u011bhem r\u016fzn\u00fdch operac\u00ed.<\/p>\n<p>2. P\u0159esn\u00e9 ovl\u00e1d\u00e1n\u00ed: D\u00edky hydraulick\u00fdm syst\u00e9m\u016fm mohou v\u00e1lce ramen dos\u00e1hnout p\u0159esn\u00e9ho ovl\u00e1d\u00e1n\u00ed pohybu, \u010d\u00edm\u017e se provoz p\u0159ipojen\u00e9ho n\u00e1\u0159ad\u00ed stane flexibiln\u011bj\u0161\u00edm a p\u0159esn\u011bj\u0161\u00edm.<\/p>\n<p>3. Vysok\u00e1 odolnost: V\u00e1lce ramen jsou obvykle vyrobeny z vysoce pevn\u00fdch materi\u00e1l\u016f, kter\u00e9 poskytuj\u00ed vynikaj\u00edc\u00ed odolnost proti opot\u0159eben\u00ed a korozi, d\u00edky \u010demu\u017e jsou vhodn\u00e9 pro dlouhodob\u00e9 pou\u017e\u00edv\u00e1n\u00ed v n\u00e1ro\u010dn\u00fdch podm\u00ednk\u00e1ch.<\/p>\n<p>4. Multifunk\u010dn\u00ed p\u0159izp\u016fsobivost: Tyto v\u00e1lce lze \u0161iroce pou\u017e\u00edvat v r\u016fzn\u00fdch mechanick\u00fdch za\u0159\u00edzen\u00edch, jako jsou bagry, je\u0159\u00e1by a robotick\u00e1 ramena, a p\u0159izp\u016fsobit se r\u016fzn\u00fdm pracovn\u00edm po\u017eadavk\u016fm.<\/p>\n<p>5. Snadn\u00e1 \u00fadr\u017eba: V\u00e1lce ramen jsou navr\u017eeny pro snadnou \u00fadr\u017ebu a v\u00fdm\u011bnu, co\u017e usnad\u0148uje pravideln\u00e9 kontroly a \u00fadr\u017ebu a zkracuje prostoje za\u0159\u00edzen\u00ed.<\/p>\n<p>V\u00fdroba:<\/p>\n<p>Na\u0161e produkty s v\u00e1lci pro ramena mohou tyto hydraulick\u00e9 v\u00e1lce dokonale nahradit. Vyr\u00e1b\u00edme vysoce kvalitn\u00ed v\u00e1lce pro ramena, kter\u00e9 jsou vhodn\u00e9 pro r\u016fzn\u00e9 typy stroj\u016f. Na\u0161e produkty jsou vyr\u00e1b\u011bny za pou\u017eit\u00ed pokro\u010dil\u00e9ho digit\u00e1ln\u00edho v\u00fdrobn\u00edho za\u0159\u00edzen\u00ed a profesion\u00e1ln\u00edch testovac\u00edch syst\u00e9m\u016f, co\u017e zaji\u0161\u0165uje nejvy\u0161\u0161\u00ed standardy kvality.<\/p>\n<p>Aplikace:<\/p>\n<p>1. Konstrukce: V\u00e1lce ramen se pou\u017e\u00edvaj\u00ed v bagrech a je\u0159\u00e1bech k ovl\u00e1d\u00e1n\u00ed pohybu l\u017e\u00edce nebo ramene b\u011bhem zemn\u00edch prac\u00ed, manipulace s materi\u00e1lem a mont\u00e1\u017ee konstrukc\u00ed.<\/p>\n<p>2. V\u00fdroba: V\u00e1lce ramen se pou\u017e\u00edvaj\u00ed v robotick\u00fdch ramenech v automatizovan\u00fdch v\u00fdrobn\u00edch link\u00e1ch pro mont\u00e1\u017e, sva\u0159ov\u00e1n\u00ed a manipulaci s materi\u00e1lem, co\u017e zlep\u0161uje efektivitu a p\u0159esnost v\u00fdroby.<\/p>\n<p>3. Zem\u011bd\u011blsk\u00e9 stroje: V\u00e1lce ramen \u0159\u00edd\u00ed pohyb ovl\u00e1dac\u00edho ramene v zem\u011bd\u011blsk\u00fdch stroj\u00edch, jako jsou skl\u00edzec\u00ed a sec\u00ed stroje, a prov\u00e1d\u011bj\u00ed \u00fakoly, jako je set\u00ed, hnojen\u00ed a sklize\u0148.<\/p>\n<p>4. T\u011b\u017eba: V\u00e1lce ramen \u0159\u00edd\u00ed pohyb ramen t\u011b\u017eebn\u00edho za\u0159\u00edzen\u00ed, co\u017e umo\u017e\u0148uje t\u011b\u017ebu a p\u0159epravu rudy.<\/p>\n<p>5. Logistika a doprava: V\u00e1lce ramen \u0159\u00edd\u00ed zved\u00e1n\u00ed a pohyb vidlic ve vysokozdvi\u017en\u00fdch voz\u00edkech a manipula\u010dn\u00edch robotech a realizuj\u00ed manipulaci a stohov\u00e1n\u00ed materi\u00e1l\u016f.<\/p>\n<p>Konstruk\u010dn\u00ed aspekty a krit\u00e9ria v\u00fdb\u011bru:<\/p>\n<p>1. Nosnost: V\u00e1lec ramene mus\u00ed b\u00fdt schopen odolat zat\u00ed\u017een\u00ed p\u0159ipojen\u00e9ho n\u00e1stroje nebo p\u0159\u00edslu\u0161enstv\u00ed, aby byl zaji\u0161t\u011bn plynul\u00fd a spolehliv\u00fd provoz.<\/p>\n<p>2. T\u011bsn\u011bn\u00ed: V\u00e1lce ramen pou\u017e\u00edvaj\u00ed r\u016fzn\u00e1 t\u011bsn\u011bn\u00ed, jako jsou t\u011bsn\u011bn\u00ed p\u00edst\u016f a t\u011bsn\u011bn\u00ed p\u00edstnic, aby se zabr\u00e1nilo \u00faniku hydraulick\u00e9 kapaliny a zajistil se efektivn\u00ed provoz.<\/p>\n<p>3. Trvanlivost: V\u00e1lce ramen jsou obvykle vyrobeny z vysoce pevn\u00fdch materi\u00e1l\u016f, kter\u00e9 poskytuj\u00ed vynikaj\u00edc\u00ed odolnost proti opot\u0159eben\u00ed a korozi, co\u017e je z\u00e1sadn\u00ed pro dlouhodob\u00e9 pou\u017e\u00edv\u00e1n\u00ed v n\u00e1ro\u010dn\u00fdch podm\u00ednk\u00e1ch.<\/p>\n<p>4. Bezpe\u010dnost: V\u00e1lce ramen mus\u00ed b\u00fdt navr\u017eeny s ohledem na bezpe\u010dnost, aby spl\u0148ovaly bezpe\u010dnostn\u00ed normy a nep\u0159edstavovaly riziko pro obsluhu ani stroje.<\/p>\n<p>5. \u00dadr\u017eba: V\u00e1lce ramen mus\u00ed b\u00fdt navr\u017eeny pro snadnou \u00fadr\u017ebu a v\u00fdm\u011bnu, \u010d\u00edm\u017e se zkr\u00e1t\u00ed prostoje za\u0159\u00edzen\u00ed.<\/p>\n<p>T\u011bsn\u011bn\u00ed a maz\u00e1n\u00ed:<\/p>\n<p>V\u00e1lce ramen pou\u017e\u00edvaj\u00ed r\u016fzn\u00e1 t\u011bsn\u011bn\u00ed, jako jsou p\u00edstn\u00ed t\u011bsn\u011bn\u00ed a t\u011bsn\u011bn\u00ed p\u00edstnice, aby se zabr\u00e1nilo \u00faniku hydraulick\u00e9 kapaliny a zajistil se efektivn\u00ed provoz. Tato t\u011bsn\u011bn\u00ed jsou vyrobena z materi\u00e1l\u016f odoln\u00fdch proti opot\u0159eben\u00ed, jako je polyuretan a nitrilov\u00e1 pry\u017e, co\u017e zaru\u010duje dlouhodob\u00e9 pou\u017e\u00edv\u00e1n\u00ed v n\u00e1ro\u010dn\u00fdch podm\u00ednk\u00e1ch. T\u011bleso v\u00e1lce a z\u00e1vitov\u00fd konec jsou jemn\u011b opracov\u00e1ny pro zlep\u0161en\u00ed odolnosti proti opot\u0159eben\u00ed. Pro zaji\u0161t\u011bn\u00ed spr\u00e1vn\u00e9ho maz\u00e1n\u00ed je nutn\u00e9 pravideln\u00e9 dopl\u0148ov\u00e1n\u00ed vhodn\u00e9ho hydraulick\u00e9ho oleje.<\/p>\n<p>\u00dadr\u017eba a preventivn\u00ed opat\u0159en\u00ed:<\/p>\n<p>Pravideln\u00e1 kontrola a \u00fadr\u017eba v\u00e1lc\u016f ramen jsou nezbytn\u00e9 pro zaji\u0161t\u011bn\u00ed efektivn\u00edho provozu a prodlou\u017een\u00ed \u017eivotnosti. Pravideln\u00e1 v\u00fdm\u011bna t\u011bsn\u011bn\u00ed, kontrola hlav v\u00e1lc\u016f a povrch\u016f p\u00edstnic m\u016f\u017ee sn\u00ed\u017eit riziko poruchy. Je tak\u00e9 nezbytn\u00e9 zabr\u00e1nit kontaminaci hydraulick\u00e9ho oleje a udr\u017eovat spr\u00e1vn\u00e9 maz\u00e1n\u00ed.<\/p>\n<p>Instala\u010dn\u00ed pr\u016fvodce:<\/p>\n<p>1. Ujist\u011bte se, \u017ee povrch pro instalaci je \u010dist\u00fd a bez ne\u010distot.<\/p>\n<p>2. Install the cylinder according to the manufacturer&#8217;s instructions, ensuring that the cylinder is correctly aligned with the machine.<\/p>\n<p>3. P\u0159ipojte hydraulick\u00e9 hadice a armatury a ujist\u011bte se, \u017ee jsou \u0159\u00e1dn\u011b uta\u017een\u00e9.<\/p>\n<p>4. Napl\u0148te v\u00e1lec vhodnou hydraulickou kapalinou a ujist\u011bte se, \u017ee je hladina kapaliny dostate\u010dn\u00e1.<\/p>\n<p>5. Zkontrolujte t\u011bsnost a spr\u00e1vnou funkci v\u00e1lce.<\/p>\n<p>Bezpe\u010dnostn\u00ed a environment\u00e1ln\u00ed aspekty:<\/p>\n<p>P\u0159i pr\u00e1ci s hydraulick\u00fdmi v\u00e1lci je bezpe\u010dnost z\u00e1sadn\u00ed. Obsluha mus\u00ed dodr\u017eovat v\u0161echny bezpe\u010dnostn\u00ed p\u0159edpisy a pokyny, aby se p\u0159ede\u0161lo zran\u011bn\u00edm nebo nehod\u00e1m. S hydraulickou kapalinou je nutn\u00e9 zach\u00e1zet a likvidovat ji \u0159\u00e1dn\u011b, aby se zabr\u00e1nilo kontaminaci \u017eivotn\u00edho prost\u0159ed\u00ed.<\/p>\n<p>\u0158e\u0161en\u00ed probl\u00e9m\u016f a b\u011b\u017en\u00e9 probl\u00e9my:<\/p>\n<p>1. \u00danik: K \u00faniku m\u016f\u017ee doch\u00e1zet v d\u016fsledku opot\u0159ebovan\u00fdch t\u011bsn\u011bn\u00ed nebo po\u0161kozen\u00fdch povrch\u016f v\u00e1lc\u016f. Pravideln\u00e1 kontrola a v\u00fdm\u011bna t\u011bsn\u011bn\u00ed m\u016f\u017ee tomuto probl\u00e9mu p\u0159edej\u00edt.<\/p>\n<p>2. Pomal\u00fd pohyb: Pomal\u00fd pohyb m\u016f\u017ee b\u00fdt zp\u016fsoben nedostatkem hydraulick\u00e9 kapaliny, opot\u0159ebovan\u00fdmi t\u011bsn\u011bn\u00edmi nebo po\u0161kozen\u00fdmi sou\u010d\u00e1stmi v\u00e1lce. Pravideln\u00e1 \u00fadr\u017eba a v\u00fdm\u011bna sou\u010d\u00e1st\u00ed m\u016f\u017ee tomuto probl\u00e9mu p\u0159edej\u00edt.<\/p>\n<p>3. Hluk: Hluk m\u016f\u017ee b\u00fdt zp\u016fsoben opot\u0159ebovan\u00fdmi t\u011bsn\u011bn\u00edmi nebo po\u0161kozen\u00fdmi sou\u010d\u00e1stmi v\u00e1lce. Pravideln\u00e1 kontrola a v\u00fdm\u011bna t\u011bsn\u011bn\u00ed m\u016f\u017ee tomuto probl\u00e9mu p\u0159edej\u00edt.<\/p>\n<p>4. P\u0159eh\u0159\u00e1t\u00ed: P\u0159eh\u0159\u00e1t\u00ed m\u016f\u017ee b\u00fdt zp\u016fsobeno nedostatkem hydraulick\u00e9 kapaliny nebo nespr\u00e1vn\u011b funguj\u00edc\u00edm chladic\u00edm syst\u00e9mem. Pravideln\u00e1 kontrola a \u00fadr\u017eba mohou tomuto probl\u00e9mu p\u0159edej\u00edt.<\/p>\n<p>Diagnostika a \u0159e\u0161en\u00ed z\u00e1vad:<\/p>\n<p>1. \u00danik: Pravideln\u00e1 kontrola a v\u00fdm\u011bna t\u011bsn\u011bn\u00ed m\u016f\u017ee zabr\u00e1nit \u00faniku.<\/p>\n<p>2. Pomal\u00fd pohyb: Pravideln\u00e1 \u00fadr\u017eba a v\u00fdm\u011bna sou\u010d\u00e1st\u00ed m\u016f\u017ee zlep\u0161it efektivitu pohybu.<\/p>\n<p>3. Hluk: Pravideln\u00e1 kontrola a v\u00fdm\u011bna t\u011bsn\u011bn\u00ed a sou\u010d\u00e1st\u00ed m\u016f\u017ee hluku zabr\u00e1nit.<\/p>\n<p>4. P\u0159eh\u0159\u00e1t\u00ed: Pravideln\u00e1 kontrola a \u00fadr\u017eba hydraulick\u00e9 kapaliny a chladic\u00edch syst\u00e9m\u016f m\u016f\u017ee zabr\u00e1nit p\u0159eh\u0159\u00e1t\u00ed.<\/p>\n<p>Jako profesion\u00e1ln\u00ed v\u00fdrobce hydraulick\u00fdch v\u00e1lc\u016f nab\u00edz\u00edme \u0161irokou \u0161k\u00e1lu produkt\u016f, d\u00edky nim\u017e jsme se stali p\u0159edn\u00edm v\u00fdrobcem a velkoobchodn\u00edm distributorem na dom\u00e1c\u00edm i mezin\u00e1rodn\u00edm trhu. V\u017edy se dr\u017e\u00edme z\u00e1sady vynikaj\u00edc\u00ed kvality a neust\u00e1le zlep\u0161ujeme na\u0161i technologii a efektivitu v\u00fdroby. Na\u0161\u00edm c\u00edlem je uspokojovat rozmanit\u00e9 pot\u0159eby z\u00e1kazn\u00edk\u016f s vysokou \u00fa\u010dinnost\u00ed, p\u0159esnost\u00ed a vysoce kvalitn\u00edmi produkty.<\/p>\n<p>Na\u0161e spole\u010dnost je profesion\u00e1ln\u00edm v\u00fdrobcem hydraulick\u00fdch v\u00e1lc\u016f, kter\u00fd z\u00edskal mezin\u00e1rodn\u00ed certifikaci a poskytuje slu\u017eby na m\u00edru. Disponujeme modern\u00edm v\u00fdrobn\u00edm za\u0159\u00edzen\u00edm a siln\u00fdm t\u00fdmem poprodejn\u00edch slu\u017eeb, co\u017e zaji\u0161\u0165uje, \u017ee na\u0161e produkty spl\u0148uj\u00ed po\u017eadavky z\u00e1kazn\u00edk\u016f. Na\u0161e spole\u010dnost m\u00e1 profesion\u00e1ln\u00ed t\u00fdm a spolehliv\u00fd syst\u00e9m kontroly kvality, co\u017e zaji\u0161\u0165uje, \u017ee na\u0161e produkty spl\u0148uj\u00ed vysok\u00e9 standardy kvality.<\/p>","protected":false},"excerpt":{"rendered":"<p>Arm Cylinder for Kobelco Small Excavator SK45 Arm cylinder is a specialized hydraulic cylinder designed to provide linear motion and power to the arms of various types of machinery, such as excavators, cranes, and robotic arms. The arm cylinder plays a crucial role in hydraulic systems, enabling the effective movement and control of attached tools [&hellip;]<\/p>","protected":false},"featured_media":14772,"comment_status":"open","ping_status":"closed","template":"","meta":{"_et_pb_use_builder":"","_et_pb_old_content":"","_et_gb_content_width":""},"product_brand":[],"product_cat":[1497],"product_tag":[1498,1496],"class_list":{"0":"post-16270","1":"product","2":"type-product","3":"status-publish","4":"has-post-thumbnail","6":"product_cat-arm-cylinders","7":"product_tag-arm-cylinders","8":"product_tag-hydraulic-cylinders","10":"first","11":"instock","12":"shipping-taxable","13":"product-type-simple"},"amp_enabled":true,"_links":{"self":[{"href":"https:\/\/www.hydraulic-cylinders.net\/cs\/wp-json\/wp\/v2\/product\/16270","targetHints":{"allow":["GET"]}}],"collection":[{"href":"https:\/\/www.hydraulic-cylinders.net\/cs\/wp-json\/wp\/v2\/product"}],"about":[{"href":"https:\/\/www.hydraulic-cylinders.net\/cs\/wp-json\/wp\/v2\/types\/product"}],"replies":[{"embeddable":true,"href":"https:\/\/www.hydraulic-cylinders.net\/cs\/wp-json\/wp\/v2\/comments?post=16270"}],"wp:featuredmedia":[{"embeddable":true,"href":"https:\/\/www.hydraulic-cylinders.net\/cs\/wp-json\/wp\/v2\/media\/14772"}],"wp:attachment":[{"href":"https:\/\/www.hydraulic-cylinders.net\/cs\/wp-json\/wp\/v2\/media?parent=16270"}],"wp:term":[{"taxonomy":"product_brand","embeddable":true,"href":"https:\/\/www.hydraulic-cylinders.net\/cs\/wp-json\/wp\/v2\/product_brand?post=16270"},{"taxonomy":"product_cat","embeddable":true,"href":"https:\/\/www.hydraulic-cylinders.net\/cs\/wp-json\/wp\/v2\/product_cat?post=16270"},{"taxonomy":"product_tag","embeddable":true,"href":"https:\/\/www.hydraulic-cylinders.net\/cs\/wp-json\/wp\/v2\/product_tag?post=16270"}],"curies":[{"name":"wp","href":"https:\/\/api.w.org\/{rel}","templated":true}]}}