{"id":16271,"date":"2025-01-20T09:01:12","date_gmt":"2025-01-20T09:01:12","guid":{"rendered":"https:\/\/www.hydraulic-cylinders.net\/product\/arm-cylinderfor-kobelco-small-excavator-sk60-c\/"},"modified":"2025-01-20T09:01:14","modified_gmt":"2025-01-20T09:01:14","slug":"arm-cylinderfor-kobelco-small-excavator-sk60-c","status":"publish","type":"product","link":"https:\/\/www.hydraulic-cylinders.net\/cs\/produkt\/arm-cylinderfor-kobelco-small-excavator-sk60-c\/","title":{"rendered":"V\u00e1lec ramene pro mal\u00e9 rypadlo Kobelco SK60-C"},"content":{"rendered":"<h2>V\u00e1lec ramene pro mal\u00e9 rypadlo Kobelco SK60-C<\/h2>\n<h3>Zaveden\u00ed<\/h3>\n<p>V\u00e1lec ramene je speci\u00e1ln\u011b navr\u017een\u00fd hydraulick\u00fd v\u00e1lec, kter\u00fd zaji\u0161\u0165uje line\u00e1rn\u00ed pohyb a s\u00edlu ramene r\u016fzn\u00fdch typ\u016f stroj\u016f, jako jsou bagry, je\u0159\u00e1by a manipul\u00e1tory. V\u00e1lec ramene hraje kl\u00ed\u010dovou roli v hydraulick\u00e9m syst\u00e9mu, proto\u017ee umo\u017e\u0148uje efektivn\u00ed pohyb a ovl\u00e1d\u00e1n\u00ed dal\u0161\u00edho n\u00e1\u0159ad\u00ed nebo p\u0159\u00edslu\u0161enstv\u00ed. Tyto v\u00e1lce nejen umo\u017e\u0148uj\u00ed plynul\u00fd pohyb, ale tak\u00e9 sn\u00e1\u0161ej\u00ed t\u011b\u017ek\u00e1 zat\u00ed\u017een\u00ed, \u010d\u00edm\u017e zaji\u0161\u0165uj\u00ed efektivn\u00ed provoz a spolehlivost stroje za r\u016fzn\u00fdch pracovn\u00edch podm\u00ednek.<\/p>\n<p><img decoding=\"async\" src=\"https:\/\/www.hydraulic-cylinders.net\/wp-content\/uploads\/2025\/01\/songte-company-2.webp\" \/><\/p>\n<h3>Funkce<\/h3>\n<ul>\n<li><strong>Efektivn\u00ed p\u0159enos v\u00fdkonu:<\/strong> V\u00e1lec ramene zaji\u0161\u0165uje siln\u00fd line\u00e1rn\u00ed pohyb a s\u00edlu, co\u017e zaji\u0161\u0165uje vysokou \u00fa\u010dinnost manipul\u00e1toru v r\u016fzn\u00fdch operac\u00edch.<\/li>\n<li><strong>P\u0159esn\u00e9 ovl\u00e1d\u00e1n\u00ed:<\/strong> D\u00edky hydraulick\u00e9mu syst\u00e9mu m\u016f\u017ee v\u00e1lec ramene dos\u00e1hnout p\u0159esn\u00e9ho \u0159\u00edzen\u00ed pohybu, co\u017e umo\u017e\u0148uje flexibiln\u011bj\u0161\u00ed a p\u0159esn\u011bj\u0161\u00ed ovl\u00e1d\u00e1n\u00ed dal\u0161\u00edch n\u00e1stroj\u016f.<\/li>\n<li><strong>Siln\u00e1 trvanlivost:<\/strong> V\u00e1lec ramene je obvykle vyroben z vysoce pevn\u00fdch materi\u00e1l\u016f a m\u00e1 dobrou odolnost proti opot\u0159eben\u00ed a korozi, d\u00edky \u010demu\u017e je vhodn\u00fd pro dlouhodob\u00e9 pou\u017e\u00edv\u00e1n\u00ed v n\u00e1ro\u010dn\u00fdch podm\u00ednk\u00e1ch.<\/li>\n<li><strong>Multifunk\u010dn\u00ed p\u0159izp\u016fsobivost:<\/strong> Tyto v\u00e1lce lze \u0161iroce pou\u017e\u00edvat v r\u016fzn\u00fdch mechanick\u00fdch za\u0159\u00edzen\u00edch, jako jsou bagry, je\u0159\u00e1by a manipul\u00e1tory, a p\u0159izp\u016fsobit se tak r\u016fzn\u00fdm po\u017eadavk\u016fm na pr\u00e1ci.<\/li>\n<li><strong>Snadn\u00e1 \u00fadr\u017eba:<\/strong> D\u00edky snadn\u00e9 \u00fadr\u017eb\u011b a v\u00fdm\u011bn\u011b jsou pravideln\u00e9 kontroly a \u00fadr\u017eba pohodln\u011bj\u0161\u00ed a zkracuj\u00ed prostoje za\u0159\u00edzen\u00ed.<\/li>\n<\/ul>\n<p>Tento produkt dok\u00e1\u017eeme vyrobit a dokonale nahrad\u00ed tyto hydraulick\u00e9 v\u00e1lce.<\/p>\n<p><img decoding=\"async\" src=\"https:\/\/www.hydraulic-cylinders.net\/wp-content\/uploads\/2025\/01\/songte-oil-pipes-and-spare-parts.webp\" \/><\/p>\n<h3>Aplikace<\/h3>\n<p>V\u00e1lec ramene se \u0161iroce pou\u017e\u00edv\u00e1 v r\u016fzn\u00fdch pr\u016fmyslov\u00fdch odv\u011btv\u00edch, v\u010detn\u011b:<\/p>\n<ul>\n<li><strong>Konstrukce:<\/strong> U bagr\u016f a je\u0159\u00e1b\u016f se v\u00e1lec ramene pou\u017e\u00edv\u00e1 k ovl\u00e1d\u00e1n\u00ed pohybu l\u017e\u00edce nebo v\u00fdlo\u017en\u00edku pro zemn\u00ed pr\u00e1ce, manipulaci s materi\u00e1lem a mont\u00e1\u017e konstrukc\u00ed.<\/li>\n<li><strong>V\u00fdrobn\u00ed:<\/strong> V automatizovan\u00fdch v\u00fdrobn\u00edch link\u00e1ch se v\u00e1lec ramene pou\u017e\u00edv\u00e1 k pohybu manipul\u00e1tor\u016f v procesech, jako je mont\u00e1\u017e, sva\u0159ov\u00e1n\u00ed a manipulace s materi\u00e1lem, co\u017e zlep\u0161uje efektivitu a p\u0159esnost v\u00fdroby.<\/li>\n<li><strong>Zem\u011bd\u011blsk\u00e9 stroje:<\/strong> V zem\u011bd\u011blsk\u00fdch stroj\u00edch, jako jsou skl\u00edzec\u00ed a s\u00e1zec\u00ed stroje, v\u00e1lec ramene ovl\u00e1d\u00e1 pohyb ovl\u00e1dac\u00edho ramene pro prov\u00e1d\u011bn\u00ed \u00fakol\u016f, jako je set\u00ed, hnojen\u00ed a sklize\u0148.<\/li>\n<li><strong>Hornictv\u00ed:<\/strong> V t\u011b\u017eebn\u00edm za\u0159\u00edzen\u00ed se v\u00e1lec ramene pou\u017e\u00edv\u00e1 k ovl\u00e1d\u00e1n\u00ed pohybu ramene t\u011b\u017eebn\u00edho za\u0159\u00edzen\u00ed pro t\u011b\u017ebu a p\u0159epravu rudy.<\/li>\n<li><strong>Logistika a doprava:<\/strong> U vysokozdvi\u017en\u00fdch voz\u00edk\u016f a manipula\u010dn\u00edch robot\u016f se v\u00e1lec ramene pou\u017e\u00edv\u00e1 k ovl\u00e1d\u00e1n\u00ed zved\u00e1n\u00ed a pohybu vidlice, \u010d\u00edm\u017e se realizuje manipulace a stohov\u00e1n\u00ed materi\u00e1l\u016f.<\/li>\n<\/ul>\n<h3>Konstruk\u010dn\u00ed aspekty a krit\u00e9ria v\u00fdb\u011bru<\/h3>\n<p>Z konstruk\u010dn\u00edho hlediska by m\u011bl v\u00e1lec ramene zohled\u0148ovat n\u00e1sleduj\u00edc\u00ed faktory:<\/p>\n<ul>\n<li><strong>Nosnost:<\/strong> V\u00e1lec ramene by m\u011bl m\u00edt dostate\u010dnou nosnost, aby zajistil stabiln\u00ed provoz stroje za r\u016fzn\u00fdch pracovn\u00edch podm\u00ednek.<\/li>\n<li><strong>T\u011bsn\u011bn\u00ed:<\/strong> K zabr\u00e1n\u011bn\u00ed \u00faniku kapaliny a udr\u017een\u00ed tlaku v syst\u00e9mu se pou\u017e\u00edvaj\u00ed r\u016fzn\u00e9 t\u011bsnic\u00ed prvky, jako jsou t\u011bsn\u011bn\u00ed p\u00edst\u016f a t\u011bsn\u011bn\u00ed p\u00edstnic.<\/li>\n<li><strong>Trvanlivost:<\/strong> V\u00e1lec ramene by m\u011bl b\u00fdt vyroben z vysoce pevn\u00fdch materi\u00e1l\u016f, kter\u00e9 zaji\u0161\u0165uj\u00ed jeho dobrou odolnost proti opot\u0159eben\u00ed a korozi a jsou vhodn\u00e9 pro pou\u017eit\u00ed v n\u00e1ro\u010dn\u00fdch podm\u00ednk\u00e1ch.<\/li>\n<li><strong>Bezpe\u010dnost:<\/strong> V\u00e1lec ramene by m\u011bl b\u00fdt navr\u017een s bezpe\u010dnostn\u00edmi prvky, aby se zabr\u00e1nilo nehod\u00e1m zp\u016fsoben\u00fdm poruchou za\u0159\u00edzen\u00ed.<\/li>\n<li><strong>\u00dadr\u017eba:<\/strong> V\u00e1lec ramene by m\u011bl b\u00fdt navr\u017een pro snadnou \u00fadr\u017ebu a v\u00fdm\u011bnu, aby se zkr\u00e1tily prostoje a zajistil efektivn\u00ed provoz.<\/li>\n<\/ul>\n<p><img decoding=\"async\" src=\"https:\/\/www.hydraulic-cylinders.net\/wp-content\/uploads\/2025\/01\/songte-cylinder-head-with-all-kinds-excavator-models.webp\" \/><\/p>\n<h3>T\u011bsn\u011bn\u00ed a maz\u00e1n\u00ed<\/h3>\n<p>V\u00e1lec ramene pou\u017e\u00edv\u00e1 r\u016fzn\u00e9 t\u011bsnic\u00ed komponenty, jako jsou t\u011bsn\u011bn\u00ed p\u00edstu a t\u011bsn\u011bn\u00ed p\u00edstnice, aby se zabr\u00e1nilo \u00faniku kapaliny a udr\u017eel tlak v syst\u00e9mu. Tato t\u011bsn\u011bn\u00ed jsou vyrobena z materi\u00e1l\u016f odoln\u00fdch proti opot\u0159eben\u00ed, jako je polyuretan a nitrilov\u00e1 pry\u017e. T\u011bleso v\u00e1lce a z\u00e1vitov\u00fd konec jsou jemn\u011b opracov\u00e1ny pro zlep\u0161en\u00ed odolnosti proti opot\u0159eben\u00ed. Pro zaji\u0161t\u011bn\u00ed plynul\u00e9ho provozu je nutn\u00e9 pravideln\u00e9 maz\u00e1n\u00ed vhodn\u00fdm hydraulick\u00fdm olejem.<\/p>\n<h3>\u00dadr\u017eba a prevence<\/h3>\n<p>Pravideln\u00e1 kontrola a \u00fadr\u017eba jsou nezbytn\u00e9 pro zaji\u0161t\u011bn\u00ed efektivn\u00edho provozu v\u00e1lce ramene a zkr\u00e1cen\u00ed prostoj\u016f. Pro prevenci potenci\u00e1ln\u00edch probl\u00e9m\u016f lze p\u0159ijmout n\u00e1sleduj\u00edc\u00ed opat\u0159en\u00ed:<\/p>\n<ul>\n<li>Pravideln\u011b kontrolujte hydraulick\u00fd syst\u00e9m a vym\u011b\u0148ujte hydraulick\u00fd olej, abyste zajistili, \u017ee je syst\u00e9m \u010dist\u00fd a bez ne\u010distot.<\/li>\n<li>Pravideln\u011b kontrolujte t\u011bsnic\u00ed prvky a v p\u0159\u00edpad\u011b pot\u0159eby je vym\u011b\u0148te.<\/li>\n<li>Zkontrolujte sva\u0159ovan\u00e9 \u010d\u00e1sti t\u011blesa v\u00e1lce, zda nevykazuj\u00ed praskliny nebo deformace.<\/li>\n<li>Ujist\u011bte se, \u017ee bezpe\u010dnostn\u00ed prvky v\u00e1lce ramene jsou neporu\u0161en\u00e9 a spr\u00e1vn\u011b funguj\u00ed.<\/li>\n<li>B\u011bhem mont\u00e1\u017ee a demont\u00e1\u017ee nepo\u0161kozujte t\u011bsnic\u00ed sou\u010d\u00e1sti ani t\u011bleso v\u00e1lce.<\/li>\n<\/ul>\n<p><img decoding=\"async\" src=\"https:\/\/www.hydraulic-cylinders.net\/wp-content\/uploads\/2025\/01\/songte-chushion-collar.webp\" \/><\/p>\n<h3>Pr\u016fvodce instalac\u00ed produktu<\/h3>\n<p>P\u0159i instalaci v\u00e1lce ramene postupujte takto:<\/p>\n<ol>\n<li>Vyjm\u011bte star\u00fd v\u00e1lec a o\u010dist\u011bte mont\u00e1\u017en\u00ed povrch stroje.<\/li>\n<li>Zkontrolujte nov\u00fd v\u00e1lec, abyste se ujistili, \u017ee se jedn\u00e1 o spr\u00e1vn\u00fd model a je v dobr\u00e9m stavu.<\/li>\n<li>Nainstalujte nov\u00fd v\u00e1lec na stroj a ujist\u011bte se, \u017ee v\u0161echna spojen\u00ed jsou pevn\u00e1 a bezpe\u010dn\u00e1.<\/li>\n<li>Napl\u0148te v\u00e1lec hydraulick\u00fdm olejem a zkontrolujte, zda nedoch\u00e1z\u00ed k \u00fanik\u016fm nebo poruch\u00e1m.<\/li>\n<li>Prove\u010fte zku\u0161ebn\u00ed provoz, abyste se ujistili, \u017ee v\u00e1lec funguje spr\u00e1vn\u011b a je kompatibiln\u00ed se strojem.<\/li>\n<\/ol>\n<p><img decoding=\"async\" src=\"https:\/\/www.hydraulic-cylinders.net\/wp-content\/uploads\/2025\/01\/songte-bushings-with-all-kinds-of-excavator-models.webp\" \/><\/p>\n<h3>Bezpe\u010dnostn\u00ed aspekty a faktory prost\u0159ed\u00ed<\/h3>\n<p>P\u0159i pou\u017e\u00edv\u00e1n\u00ed v\u00e1lce ramene je nezbytn\u00e9 dodr\u017eovat p\u0159\u00edslu\u0161n\u00e9 bezpe\u010dnostn\u00ed p\u0159edpisy a pou\u017e\u00edvat vhodn\u00e9 ochrann\u00e9 prost\u0159edky, aby se p\u0159ede\u0161lo nehod\u00e1m. Vyt\u00e9kaj\u00edc\u00ed hydraulick\u00fd olej m\u016f\u017ee zp\u016fsobit zne\u010di\u0161t\u011bn\u00ed \u017eivotn\u00edho prost\u0159ed\u00ed, proto je nutn\u00e9 s hydraulick\u00fdm olejem spr\u00e1vn\u011b zach\u00e1zet a likvidovat ho.<\/p>\n<h3>Odstra\u0148ov\u00e1n\u00ed probl\u00e9m\u016f a b\u011b\u017en\u00e9 probl\u00e9my<\/h3>\n<p>Mezi b\u011b\u017en\u00e9 probl\u00e9my s v\u00e1lcem ramene pat\u0159\u00ed \u00fanik kapaliny, nedostate\u010dn\u00fd v\u00fdkon a abnorm\u00e1ln\u00ed hluk. Pro diagnostiku a \u0159e\u0161en\u00ed t\u011bchto probl\u00e9m\u016f postupujte podle t\u011bchto pokyn\u016f:<\/p>\n<ul>\n<li>Zkontrolujte t\u011bsnic\u00ed komponenty, zda nejsou opot\u0159ebovan\u00e9 nebo po\u0161kozen\u00e9, a v p\u0159\u00edpad\u011b pot\u0159eby je vym\u011b\u0148te.<\/li>\n<li>Zkontrolujte hladinu a kvalitu hydraulick\u00e9ho oleje a v p\u0159\u00edpad\u011b pot\u0159eby jej vym\u011b\u0148te.<\/li>\n<li>Zkontrolujte t\u011bleso v\u00e1lce a z\u00e1vitov\u00fd konec, zda nejsou po\u0161kozen\u00e9 nebo deformovan\u00e9.<\/li>\n<li>Zkontrolujte bezpe\u010dnostn\u00ed prvky v\u00e1lce a ujist\u011bte se, \u017ee funguj\u00ed spr\u00e1vn\u011b.<\/li>\n<li>Pro dal\u0161\u00ed pomoc si p\u0159e\u010dt\u011bte n\u00e1vod k obsluze od v\u00fdrobce nebo se obra\u0165te na z\u00e1kaznick\u00fd servis.<\/li>\n<\/ul>\n<p>Preventivn\u00ed opat\u0159en\u00ed, jako je pravideln\u00e1 kontrola a \u00fadr\u017eba, mohou sn\u00ed\u017eit pravd\u011bpodobnost vzniku probl\u00e9m\u016f.<\/p>\n<p><img decoding=\"async\" src=\"https:\/\/www.hydraulic-cylinders.net\/wp-content\/uploads\/2025\/01\/songte-company-4.webp\" \/><br \/>\n<img decoding=\"async\" src=\"https:\/\/www.hydraulic-cylinders.net\/wp-content\/uploads\/2025\/01\/songte-company-3.webp\" \/><\/p>\n<h3>O n\u00e1s<\/h3>\n<p>Jsme profesion\u00e1ln\u00ed v\u00fdrobce n\u00e1hradn\u00edch hydraulick\u00fdch v\u00e1lc\u016f s \u0161irokou \u0161k\u00e1lou produkt\u016f. Stali jsme se jedn\u00edm z p\u0159edn\u00edch v\u00fdrobc\u016f a velkoobchodn\u00edch distributor\u016f hydraulick\u00fdch v\u00e1lc\u016f na dom\u00e1c\u00edm i mezin\u00e1rodn\u00edm trhu. V\u017edy se dr\u017e\u00edme principu vynikaj\u00edc\u00ed kvality a spol\u00e9h\u00e1me se na strategii \u0159\u00edzen\u00ed pr\u016fmyslov\u00e9 v\u00fdroby na\u0161\u00ed vyt\u0159\u00edben\u00e9 v\u00fdrobn\u00ed d\u00edlny, abychom neust\u00e1le zlep\u0161ovali na\u0161i technickou \u00farove\u0148 a efektivitu v\u00fdroby. Zav\u00e1d\u011bn\u00edm \u0161pi\u010dkov\u00e9ho digit\u00e1ln\u00edho v\u00fdrobn\u00edho za\u0159\u00edzen\u00ed a profesion\u00e1ln\u00edch testovac\u00edch syst\u00e9m\u016f neust\u00e1le optimalizujeme na\u0161i v\u00fdrobn\u00ed platformu a zlep\u0161ujeme proces kontroly kvality na\u0161ich v\u00fdrobk\u016f se siln\u00fdmi inova\u010dn\u00edmi schopnostmi. Na\u0161\u00edm c\u00edlem je uspokojovat rozmanit\u00e9 pot\u0159eby z\u00e1kazn\u00edk\u016f s principy vysok\u00e9 efektivity, p\u0159esnosti a vysok\u00e9 kvality.<\/p>\n<p>Poskytujeme profesion\u00e1ln\u00ed, mezin\u00e1rodn\u011b certifikovan\u00e9, zak\u00e1zkov\u00e9 slu\u017eby, v\u00fdrobn\u00ed za\u0159\u00edzen\u00ed a poprodejn\u00ed servis.<\/p>\n<p><em>Autor: lyl.<\/em><\/p>","protected":false},"excerpt":{"rendered":"<p>Arm Cylinder for Kobelco Small Excavator SK60-C Introduction The arm cylinder is a specially designed hydraulic cylinder that provides linear motion and power to the arm of various types of machinery, such as excavators, cranes, and manipulators. The arm cylinder plays a crucial role in the hydraulic system, allowing additional tools or attachments to move [&hellip;]<\/p>","protected":false},"featured_media":14770,"comment_status":"open","ping_status":"closed","template":"","meta":{"_et_pb_use_builder":"","_et_pb_old_content":"","_et_gb_content_width":""},"product_brand":[],"product_cat":[1497],"product_tag":[1498,1496],"class_list":{"0":"post-16271","1":"product","2":"type-product","3":"status-publish","4":"has-post-thumbnail","6":"product_cat-arm-cylinders","7":"product_tag-arm-cylinders","8":"product_tag-hydraulic-cylinders","10":"first","11":"instock","12":"shipping-taxable","13":"product-type-simple"},"amp_enabled":true,"_links":{"self":[{"href":"https:\/\/www.hydraulic-cylinders.net\/cs\/wp-json\/wp\/v2\/product\/16271","targetHints":{"allow":["GET"]}}],"collection":[{"href":"https:\/\/www.hydraulic-cylinders.net\/cs\/wp-json\/wp\/v2\/product"}],"about":[{"href":"https:\/\/www.hydraulic-cylinders.net\/cs\/wp-json\/wp\/v2\/types\/product"}],"replies":[{"embeddable":true,"href":"https:\/\/www.hydraulic-cylinders.net\/cs\/wp-json\/wp\/v2\/comments?post=16271"}],"wp:featuredmedia":[{"embeddable":true,"href":"https:\/\/www.hydraulic-cylinders.net\/cs\/wp-json\/wp\/v2\/media\/14770"}],"wp:attachment":[{"href":"https:\/\/www.hydraulic-cylinders.net\/cs\/wp-json\/wp\/v2\/media?parent=16271"}],"wp:term":[{"taxonomy":"product_brand","embeddable":true,"href":"https:\/\/www.hydraulic-cylinders.net\/cs\/wp-json\/wp\/v2\/product_brand?post=16271"},{"taxonomy":"product_cat","embeddable":true,"href":"https:\/\/www.hydraulic-cylinders.net\/cs\/wp-json\/wp\/v2\/product_cat?post=16271"},{"taxonomy":"product_tag","embeddable":true,"href":"https:\/\/www.hydraulic-cylinders.net\/cs\/wp-json\/wp\/v2\/product_tag?post=16271"}],"curies":[{"name":"wp","href":"https:\/\/api.w.org\/{rel}","templated":true}]}}